{"id":14035,"date":"2025-10-27T15:42:24","date_gmt":"2025-10-27T15:42:24","guid":{"rendered":"https:\/\/zytho.ca\/product\/ultrafiltration-membrane-solventum-liqui-flux\/"},"modified":"2025-10-30T12:52:01","modified_gmt":"2025-10-30T12:52:01","slug":"ultrafiltration-membrane-solventum-liqui-flux","status":"publish","type":"product","link":"https:\/\/www.zytho.ca\/fr\/produit\/ultrafiltration-membrane-solventum-liqui-flux\/","title":{"rendered":"Ultrafiltration &#8211; Membrane Solventum liqui-flux"},"content":{"rendered":"<p data-start=\"162\" data-end=\"498\">La membrane d&#8217;ultrafiltration Solventum Liqui-Flux\u2122 offre une s\u00e9paration des liquides haute performance pour les applications industrielles et sanitaires. Con\u00e7us avec une technologie avanc\u00e9e de membrane \u00e0 fibres creuses, les modules Liqui-Flux assurent une \u00e9limination fiable des solides en suspension, des bact\u00e9ries et des virus tout en maintenant des d\u00e9bits \u00e9lev\u00e9s et une faible consommation d&#8217;\u00e9nergie. <\/p>\n<p data-start=\"500\" data-end=\"845\">Con\u00e7u avec des membranes hydrophiles en poly\u00e9thersulfone (PES), le syst\u00e8me Liqui-Flux offre une r\u00e9sistance chimique sup\u00e9rieure, une dur\u00e9e de vie prolong\u00e9e des membranes et une qualit\u00e9 constante du filtrat. Sa conception compacte et modulaire prend en charge les configurations de d\u00e9bit int\u00e9rieur-ext\u00e9rieur et ext\u00e9rieur-int\u00e9rieur, avec une capacit\u00e9 de r\u00e9tro-rin\u00e7age pour un nettoyage simplifi\u00e9 et une efficacit\u00e9 \u00e0 long terme. <\/p>\n","protected":false},"excerpt":{"rendered":"<p><strong>La membrane Solventum Liqui-Flux est une solution adaptable, parfaite pour le traitement des eaux de process, la production de boissons, les applications pharmaceutiques, etc. Elle offre des performances, une fiabilit\u00e9 et une rentabilit\u00e9 exceptionnelles dans les processus de filtration essentiels. <\/strong><\/p>\n<p><strong>Avantages<\/strong><\/p>\n<ul>\n<li data-start=\"1114\" data-end=\"1165\">Type de membrane : Fibre creuse hydrophile PES<\/li>\n<li data-start=\"1166\" data-end=\"1200\">Taille des pores : Environ 0,02 \u00b5m <\/li>\n<li data-start=\"1201\" data-end=\"1264\">Conception \u00e0 grande surface pour une int\u00e9gration compacte du syst\u00e8me<\/li>\n<li data-start=\"1265\" data-end=\"1328\">Faible pression de fonctionnement et efficacit\u00e9 \u00e9nerg\u00e9tique<\/li>\n<li data-start=\"1329\" data-end=\"1383\">R\u00e9tro-rin\u00e7age pour un nettoyage et un temps de fonctionnement am\u00e9lior\u00e9s<\/li>\n<\/ul>\n","protected":false},"featured_media":14037,"template":"","meta":{"_acf_changed":false,"inline_featured_image":false},"product_brand":[1000],"product_cat":[736,1001,1024],"product_tag":[],"class_list":{"0":"post-14035","1":"product","2":"type-product","3":"status-publish","4":"has-post-thumbnail","6":"product_brand-solventum","7":"product_cat-distribution","8":"product_cat-filtration","9":"product_cat-membranes-de-filtration","11":"first","12":"instock","13":"taxable","14":"shipping-taxable","15":"product-type-simple"},"acf":[],"yoast_head":"<!-- This site is optimized with the Yoast SEO plugin v27.6 - https:\/\/yoast.com\/product\/yoast-seo-wordpress\/ -->\n<title>Ultrafiltration - Membrane Solventum liqui-flux - Zytho<\/title>\n<meta name=\"robots\" content=\"index, follow, max-snippet:-1, max-image-preview:large, max-video-preview:-1\" \/>\n<link rel=\"canonical\" href=\"https:\/\/www.zytho.ca\/fr\/produit\/ultrafiltration-membrane-solventum-liqui-flux\/\" \/>\n<meta property=\"og:locale\" content=\"fr_FR\" \/>\n<meta property=\"og:type\" content=\"article\" \/>\n<meta property=\"og:title\" content=\"Ultrafiltration - Membrane Solventum liqui-flux - Zytho\" \/>\n<meta property=\"og:description\" content=\"La membrane Solventum Liqui-Flux est une solution adaptable, parfaite pour le traitement des eaux de process, la production de boissons, les applications pharmaceutiques, etc. Elle offre des performances, une fiabilit\u00e9 et une rentabilit\u00e9 exceptionnelles dans les processus de filtration essentiels.   Avantages   Type de membrane : Fibre creuse hydrophile PES  Taille des pores : Environ 0,02 \u00b5m   Conception \u00e0 grande surface pour une int\u00e9gration compacte du syst\u00e8me  Faible pression de fonctionnement et efficacit\u00e9 \u00e9nerg\u00e9tique  R\u00e9tro-rin\u00e7age pour un nettoyage et un temps de fonctionnement am\u00e9lior\u00e9s\" \/>\n<meta property=\"og:url\" content=\"https:\/\/www.zytho.ca\/fr\/produit\/ultrafiltration-membrane-solventum-liqui-flux\/\" \/>\n<meta property=\"og:site_name\" content=\"Zytho\" \/>\n<meta property=\"article:modified_time\" content=\"2025-10-30T12:52:01+00:00\" \/>\n<meta property=\"og:image\" content=\"https:\/\/www.zytho.ca\/wp-content\/uploads\/2025\/10\/screen-shot-2020-11-18-at-3-35-52-pm.png\" \/>\n\t<meta property=\"og:image:width\" content=\"718\" \/>\n\t<meta property=\"og:image:height\" content=\"865\" \/>\n\t<meta property=\"og:image:type\" content=\"image\/png\" \/>\n<meta name=\"twitter:card\" content=\"summary_large_image\" \/>\n<meta name=\"twitter:label1\" content=\"Dur\u00e9e de lecture estim\u00e9e\" \/>\n\t<meta name=\"twitter:data1\" content=\"1 minute\" \/>\n<script type=\"application\/ld+json\" class=\"yoast-schema-graph\">{\"@context\":\"https:\\\/\\\/schema.org\",\"@graph\":[{\"@type\":\"WebPage\",\"@id\":\"https:\\\/\\\/www.zytho.ca\\\/fr\\\/produit\\\/ultrafiltration-membrane-solventum-liqui-flux\\\/\",\"url\":\"https:\\\/\\\/www.zytho.ca\\\/fr\\\/produit\\\/ultrafiltration-membrane-solventum-liqui-flux\\\/\",\"name\":\"Ultrafiltration - Membrane Solventum liqui-flux - Zytho\",\"isPartOf\":{\"@id\":\"https:\\\/\\\/www.zytho.ca\\\/fr\\\/#website\"},\"primaryImageOfPage\":{\"@id\":\"https:\\\/\\\/www.zytho.ca\\\/fr\\\/produit\\\/ultrafiltration-membrane-solventum-liqui-flux\\\/#primaryimage\"},\"image\":{\"@id\":\"https:\\\/\\\/www.zytho.ca\\\/fr\\\/produit\\\/ultrafiltration-membrane-solventum-liqui-flux\\\/#primaryimage\"},\"thumbnailUrl\":\"https:\\\/\\\/www.zytho.ca\\\/wp-content\\\/uploads\\\/2025\\\/10\\\/screen-shot-2020-11-18-at-3-35-52-pm.png\",\"datePublished\":\"2025-10-27T15:42:24+00:00\",\"dateModified\":\"2025-10-30T12:52:01+00:00\",\"breadcrumb\":{\"@id\":\"https:\\\/\\\/www.zytho.ca\\\/fr\\\/produit\\\/ultrafiltration-membrane-solventum-liqui-flux\\\/#breadcrumb\"},\"inLanguage\":\"fr-FR\",\"potentialAction\":[{\"@type\":\"ReadAction\",\"target\":[\"https:\\\/\\\/www.zytho.ca\\\/fr\\\/produit\\\/ultrafiltration-membrane-solventum-liqui-flux\\\/\"]}]},{\"@type\":\"ImageObject\",\"inLanguage\":\"fr-FR\",\"@id\":\"https:\\\/\\\/www.zytho.ca\\\/fr\\\/produit\\\/ultrafiltration-membrane-solventum-liqui-flux\\\/#primaryimage\",\"url\":\"https:\\\/\\\/www.zytho.ca\\\/wp-content\\\/uploads\\\/2025\\\/10\\\/screen-shot-2020-11-18-at-3-35-52-pm.png\",\"contentUrl\":\"https:\\\/\\\/www.zytho.ca\\\/wp-content\\\/uploads\\\/2025\\\/10\\\/screen-shot-2020-11-18-at-3-35-52-pm.png\",\"width\":718,\"height\":865},{\"@type\":\"BreadcrumbList\",\"@id\":\"https:\\\/\\\/www.zytho.ca\\\/fr\\\/produit\\\/ultrafiltration-membrane-solventum-liqui-flux\\\/#breadcrumb\",\"itemListElement\":[{\"@type\":\"ListItem\",\"position\":1,\"name\":\"Accueil\",\"item\":\"https:\\\/\\\/www.zytho.ca\\\/fr\\\/\"},{\"@type\":\"ListItem\",\"position\":2,\"name\":\"Shop\",\"item\":\"https:\\\/\\\/www.zytho.ca\\\/fr\\\/shop\\\/\"},{\"@type\":\"ListItem\",\"position\":3,\"name\":\"Ultrafiltration &#8211; Membrane Solventum liqui-flux\"}]},{\"@type\":\"WebSite\",\"@id\":\"https:\\\/\\\/www.zytho.ca\\\/fr\\\/#website\",\"url\":\"https:\\\/\\\/www.zytho.ca\\\/fr\\\/\",\"name\":\"Zytho\",\"description\":\"\",\"publisher\":{\"@id\":\"https:\\\/\\\/www.zytho.ca\\\/fr\\\/#organization\"},\"potentialAction\":[{\"@type\":\"SearchAction\",\"target\":{\"@type\":\"EntryPoint\",\"urlTemplate\":\"https:\\\/\\\/www.zytho.ca\\\/fr\\\/?s={search_term_string}\"},\"query-input\":{\"@type\":\"PropertyValueSpecification\",\"valueRequired\":true,\"valueName\":\"search_term_string\"}}],\"inLanguage\":\"fr-FR\"},{\"@type\":\"Organization\",\"@id\":\"https:\\\/\\\/www.zytho.ca\\\/fr\\\/#organization\",\"name\":\"Zytho\",\"url\":\"https:\\\/\\\/www.zytho.ca\\\/fr\\\/\",\"logo\":{\"@type\":\"ImageObject\",\"inLanguage\":\"fr-FR\",\"@id\":\"https:\\\/\\\/www.zytho.ca\\\/fr\\\/#\\\/schema\\\/logo\\\/image\\\/\",\"url\":\"https:\\\/\\\/www.zytho.ca\\\/wp-content\\\/uploads\\\/2024\\\/05\\\/Zytho_reversed_horizontal.svg\",\"contentUrl\":\"https:\\\/\\\/www.zytho.ca\\\/wp-content\\\/uploads\\\/2024\\\/05\\\/Zytho_reversed_horizontal.svg\",\"width\":1582,\"height\":490,\"caption\":\"Zytho\"},\"image\":{\"@id\":\"https:\\\/\\\/www.zytho.ca\\\/fr\\\/#\\\/schema\\\/logo\\\/image\\\/\"}}]}<\/script>\n<!-- \/ Yoast SEO plugin. -->","yoast_head_json":{"title":"Ultrafiltration - Membrane Solventum liqui-flux - Zytho","robots":{"index":"index","follow":"follow","max-snippet":"max-snippet:-1","max-image-preview":"max-image-preview:large","max-video-preview":"max-video-preview:-1"},"canonical":"https:\/\/www.zytho.ca\/fr\/produit\/ultrafiltration-membrane-solventum-liqui-flux\/","og_locale":"fr_FR","og_type":"article","og_title":"Ultrafiltration - Membrane Solventum liqui-flux - Zytho","og_description":"La membrane Solventum Liqui-Flux est une solution adaptable, parfaite pour le traitement des eaux de process, la production de boissons, les applications pharmaceutiques, etc. Elle offre des performances, une fiabilit\u00e9 et une rentabilit\u00e9 exceptionnelles dans les processus de filtration essentiels.   Avantages   Type de membrane : Fibre creuse hydrophile PES  Taille des pores : Environ 0,02 \u00b5m   Conception \u00e0 grande surface pour une int\u00e9gration compacte du syst\u00e8me  Faible pression de fonctionnement et efficacit\u00e9 \u00e9nerg\u00e9tique  R\u00e9tro-rin\u00e7age pour un nettoyage et un temps de fonctionnement am\u00e9lior\u00e9s","og_url":"https:\/\/www.zytho.ca\/fr\/produit\/ultrafiltration-membrane-solventum-liqui-flux\/","og_site_name":"Zytho","article_modified_time":"2025-10-30T12:52:01+00:00","og_image":[{"width":718,"height":865,"url":"https:\/\/www.zytho.ca\/wp-content\/uploads\/2025\/10\/screen-shot-2020-11-18-at-3-35-52-pm.png","type":"image\/png"}],"twitter_card":"summary_large_image","twitter_misc":{"Dur\u00e9e de lecture estim\u00e9e":"1 minute"},"schema":{"@context":"https:\/\/schema.org","@graph":[{"@type":"WebPage","@id":"https:\/\/www.zytho.ca\/fr\/produit\/ultrafiltration-membrane-solventum-liqui-flux\/","url":"https:\/\/www.zytho.ca\/fr\/produit\/ultrafiltration-membrane-solventum-liqui-flux\/","name":"Ultrafiltration - Membrane Solventum liqui-flux - Zytho","isPartOf":{"@id":"https:\/\/www.zytho.ca\/fr\/#website"},"primaryImageOfPage":{"@id":"https:\/\/www.zytho.ca\/fr\/produit\/ultrafiltration-membrane-solventum-liqui-flux\/#primaryimage"},"image":{"@id":"https:\/\/www.zytho.ca\/fr\/produit\/ultrafiltration-membrane-solventum-liqui-flux\/#primaryimage"},"thumbnailUrl":"https:\/\/www.zytho.ca\/wp-content\/uploads\/2025\/10\/screen-shot-2020-11-18-at-3-35-52-pm.png","datePublished":"2025-10-27T15:42:24+00:00","dateModified":"2025-10-30T12:52:01+00:00","breadcrumb":{"@id":"https:\/\/www.zytho.ca\/fr\/produit\/ultrafiltration-membrane-solventum-liqui-flux\/#breadcrumb"},"inLanguage":"fr-FR","potentialAction":[{"@type":"ReadAction","target":["https:\/\/www.zytho.ca\/fr\/produit\/ultrafiltration-membrane-solventum-liqui-flux\/"]}]},{"@type":"ImageObject","inLanguage":"fr-FR","@id":"https:\/\/www.zytho.ca\/fr\/produit\/ultrafiltration-membrane-solventum-liqui-flux\/#primaryimage","url":"https:\/\/www.zytho.ca\/wp-content\/uploads\/2025\/10\/screen-shot-2020-11-18-at-3-35-52-pm.png","contentUrl":"https:\/\/www.zytho.ca\/wp-content\/uploads\/2025\/10\/screen-shot-2020-11-18-at-3-35-52-pm.png","width":718,"height":865},{"@type":"BreadcrumbList","@id":"https:\/\/www.zytho.ca\/fr\/produit\/ultrafiltration-membrane-solventum-liqui-flux\/#breadcrumb","itemListElement":[{"@type":"ListItem","position":1,"name":"Accueil","item":"https:\/\/www.zytho.ca\/fr\/"},{"@type":"ListItem","position":2,"name":"Shop","item":"https:\/\/www.zytho.ca\/fr\/shop\/"},{"@type":"ListItem","position":3,"name":"Ultrafiltration &#8211; Membrane Solventum liqui-flux"}]},{"@type":"WebSite","@id":"https:\/\/www.zytho.ca\/fr\/#website","url":"https:\/\/www.zytho.ca\/fr\/","name":"Zytho","description":"","publisher":{"@id":"https:\/\/www.zytho.ca\/fr\/#organization"},"potentialAction":[{"@type":"SearchAction","target":{"@type":"EntryPoint","urlTemplate":"https:\/\/www.zytho.ca\/fr\/?s={search_term_string}"},"query-input":{"@type":"PropertyValueSpecification","valueRequired":true,"valueName":"search_term_string"}}],"inLanguage":"fr-FR"},{"@type":"Organization","@id":"https:\/\/www.zytho.ca\/fr\/#organization","name":"Zytho","url":"https:\/\/www.zytho.ca\/fr\/","logo":{"@type":"ImageObject","inLanguage":"fr-FR","@id":"https:\/\/www.zytho.ca\/fr\/#\/schema\/logo\/image\/","url":"https:\/\/www.zytho.ca\/wp-content\/uploads\/2024\/05\/Zytho_reversed_horizontal.svg","contentUrl":"https:\/\/www.zytho.ca\/wp-content\/uploads\/2024\/05\/Zytho_reversed_horizontal.svg","width":1582,"height":490,"caption":"Zytho"},"image":{"@id":"https:\/\/www.zytho.ca\/fr\/#\/schema\/logo\/image\/"}}]}},"_links":{"self":[{"href":"https:\/\/www.zytho.ca\/fr\/wp-json\/wp\/v2\/product\/14035","targetHints":{"allow":["GET"]}}],"collection":[{"href":"https:\/\/www.zytho.ca\/fr\/wp-json\/wp\/v2\/product"}],"about":[{"href":"https:\/\/www.zytho.ca\/fr\/wp-json\/wp\/v2\/types\/product"}],"wp:featuredmedia":[{"embeddable":true,"href":"https:\/\/www.zytho.ca\/fr\/wp-json\/wp\/v2\/media\/14037"}],"wp:attachment":[{"href":"https:\/\/www.zytho.ca\/fr\/wp-json\/wp\/v2\/media?parent=14035"}],"wp:term":[{"taxonomy":"product_brand","embeddable":true,"href":"https:\/\/www.zytho.ca\/fr\/wp-json\/wp\/v2\/product_brand?post=14035"},{"taxonomy":"product_cat","embeddable":true,"href":"https:\/\/www.zytho.ca\/fr\/wp-json\/wp\/v2\/product_cat?post=14035"},{"taxonomy":"product_tag","embeddable":true,"href":"https:\/\/www.zytho.ca\/fr\/wp-json\/wp\/v2\/product_tag?post=14035"}],"curies":[{"name":"wp","href":"https:\/\/api.w.org\/{rel}","templated":true}]}}