{"id":14034,"date":"2025-10-27T15:42:12","date_gmt":"2025-10-27T15:42:12","guid":{"rendered":"https:\/\/zytho.ca\/product\/thermaline\/"},"modified":"2025-10-30T12:51:53","modified_gmt":"2025-10-30T12:51:53","slug":"thermaline","status":"publish","type":"product","link":"https:\/\/www.zytho.ca\/fr\/produit\/thermaline\/","title":{"rendered":"Thermaline"},"content":{"rendered":"<p>Les \u00e9changeurs de chaleur \u00e0 plaques Thermaline sont con\u00e7us pour offrir une efficacit\u00e9 thermique, une fiabilit\u00e9 et une facilit\u00e9 d&#8217;entretien sup\u00e9rieures. Con\u00e7us avec des plaques en acier inoxydable form\u00e9es avec pr\u00e9cision, ces \u00e9changeurs de chaleur assurent un transfert de chaleur optimal dans un encombrement r\u00e9duit, ce qui est id\u00e9al pour les industries o\u00f9 l&#8217;espace, les performances et la propret\u00e9 sont importants. <\/p>\n<p>Disponibles en configurations avec joints, semi-soud\u00e9es et enti\u00e8rement soud\u00e9es, les \u00e9changeurs de chaleur \u00e0 plaques de Thermaline sont con\u00e7us pour r\u00e9pondre \u00e0 une large gamme d&#8217;applications, des aliments et boissons aux proc\u00e9d\u00e9s pharmaceutiques, chimiques et industriels. Avec des mod\u00e8les de plaques et des arrangements de flux personnalisables, ils sont con\u00e7us pour r\u00e9pondre \u00e0 vos exigences sp\u00e9cifiques en mati\u00e8re de transfert de chaleur. <\/p>\n","protected":false},"excerpt":{"rendered":"<h4>Qu&#8217;il s&#8217;agisse d&#8217;am\u00e9liorer une ligne de traitement sanitaire ou de moderniser vos syst\u00e8mes d&#8217;alimentation, Thermaline fournit des solutions de transfert de chaleur fiables, adapt\u00e9es \u00e0 vos processus et \u00e0 vos normes.<\/h4>\n<p><strong>Avantages<\/strong><\/p>\n<p>Plaques de transfert de chaleur en acier inoxydable \u00e0 haut rendement<\/p>\n<ul>\n<li>Disponible en version hygi\u00e9nique et sanitaire (conforme aux normes 3-A et FDA)<\/li>\n<li>Les mod\u00e8les \u00e0 joints d&#8217;\u00e9tanch\u00e9it\u00e9 permettent un d\u00e9montage et un nettoyage faciles.<\/li>\n<li>Offre une large gamme de tailles, de d\u00e9bits et de tol\u00e9rances de temp\u00e9rature<\/li>\n<li>Compatible avec le NEP et con\u00e7u pour des pertes de charge minimales<\/li>\n<\/ul>\n","protected":false},"featured_media":14036,"template":"","meta":{"_acf_changed":false,"inline_featured_image":false},"product_brand":[1020],"product_cat":[736,1021,1023],"product_tag":[],"class_list":{"0":"post-14034","1":"product","2":"type-product","3":"status-publish","4":"has-post-thumbnail","6":"product_brand-therma-line","7":"product_cat-distribution","8":"product_cat-echangeurs-de-chaleur","9":"product_cat-echangeurs-de-chaleur-a-plaques","11":"first","12":"instock","13":"taxable","14":"shipping-taxable","15":"product-type-simple"},"acf":[],"yoast_head":"<!-- This site is optimized with the Yoast SEO plugin v27.6 - https:\/\/yoast.com\/product\/yoast-seo-wordpress\/ -->\n<title>Thermaline - Zytho<\/title>\n<meta name=\"robots\" content=\"index, follow, max-snippet:-1, max-image-preview:large, max-video-preview:-1\" \/>\n<link rel=\"canonical\" href=\"https:\/\/www.zytho.ca\/fr\/produit\/thermaline\/\" \/>\n<meta property=\"og:locale\" content=\"fr_FR\" \/>\n<meta property=\"og:type\" content=\"article\" \/>\n<meta property=\"og:title\" content=\"Thermaline - Zytho\" \/>\n<meta property=\"og:description\" content=\"Qu&#039;il s&#039;agisse d&#039;am\u00e9liorer une ligne de traitement sanitaire ou de moderniser vos syst\u00e8mes d&#039;alimentation, Thermaline fournit des solutions de transfert de chaleur fiables, adapt\u00e9es \u00e0 vos processus et \u00e0 vos normes. Avantages Plaques de transfert de chaleur en acier inoxydable \u00e0 haut rendement   Disponible en version hygi\u00e9nique et sanitaire (conforme aux normes 3-A et FDA)  Les mod\u00e8les \u00e0 joints d&#039;\u00e9tanch\u00e9it\u00e9 permettent un d\u00e9montage et un nettoyage faciles.  Offre une large gamme de tailles, de d\u00e9bits et de tol\u00e9rances de temp\u00e9rature  Compatible avec le NEP et con\u00e7u pour des pertes de charge minimales\" \/>\n<meta property=\"og:url\" content=\"https:\/\/www.zytho.ca\/fr\/produit\/thermaline\/\" \/>\n<meta property=\"og:site_name\" content=\"Zytho\" \/>\n<meta property=\"article:modified_time\" content=\"2025-10-30T12:51:53+00:00\" \/>\n<meta property=\"og:image\" content=\"https:\/\/www.zytho.ca\/wp-content\/uploads\/2025\/10\/photo_1-original_2.png\" \/>\n\t<meta property=\"og:image:width\" content=\"2000\" \/>\n\t<meta property=\"og:image:height\" content=\"1842\" \/>\n\t<meta property=\"og:image:type\" content=\"image\/png\" \/>\n<meta name=\"twitter:card\" content=\"summary_large_image\" \/>\n<meta name=\"twitter:label1\" content=\"Dur\u00e9e de lecture estim\u00e9e\" \/>\n\t<meta name=\"twitter:data1\" content=\"1 minute\" \/>\n<script type=\"application\/ld+json\" class=\"yoast-schema-graph\">{\"@context\":\"https:\\\/\\\/schema.org\",\"@graph\":[{\"@type\":\"WebPage\",\"@id\":\"https:\\\/\\\/www.zytho.ca\\\/fr\\\/produit\\\/thermaline\\\/\",\"url\":\"https:\\\/\\\/www.zytho.ca\\\/fr\\\/produit\\\/thermaline\\\/\",\"name\":\"Thermaline - Zytho\",\"isPartOf\":{\"@id\":\"https:\\\/\\\/www.zytho.ca\\\/fr\\\/#website\"},\"primaryImageOfPage\":{\"@id\":\"https:\\\/\\\/www.zytho.ca\\\/fr\\\/produit\\\/thermaline\\\/#primaryimage\"},\"image\":{\"@id\":\"https:\\\/\\\/www.zytho.ca\\\/fr\\\/produit\\\/thermaline\\\/#primaryimage\"},\"thumbnailUrl\":\"https:\\\/\\\/www.zytho.ca\\\/wp-content\\\/uploads\\\/2025\\\/10\\\/photo_1-original_2.png\",\"datePublished\":\"2025-10-27T15:42:12+00:00\",\"dateModified\":\"2025-10-30T12:51:53+00:00\",\"breadcrumb\":{\"@id\":\"https:\\\/\\\/www.zytho.ca\\\/fr\\\/produit\\\/thermaline\\\/#breadcrumb\"},\"inLanguage\":\"fr-FR\",\"potentialAction\":[{\"@type\":\"ReadAction\",\"target\":[\"https:\\\/\\\/www.zytho.ca\\\/fr\\\/produit\\\/thermaline\\\/\"]}]},{\"@type\":\"ImageObject\",\"inLanguage\":\"fr-FR\",\"@id\":\"https:\\\/\\\/www.zytho.ca\\\/fr\\\/produit\\\/thermaline\\\/#primaryimage\",\"url\":\"https:\\\/\\\/www.zytho.ca\\\/wp-content\\\/uploads\\\/2025\\\/10\\\/photo_1-original_2.png\",\"contentUrl\":\"https:\\\/\\\/www.zytho.ca\\\/wp-content\\\/uploads\\\/2025\\\/10\\\/photo_1-original_2.png\",\"width\":2000,\"height\":1842},{\"@type\":\"BreadcrumbList\",\"@id\":\"https:\\\/\\\/www.zytho.ca\\\/fr\\\/produit\\\/thermaline\\\/#breadcrumb\",\"itemListElement\":[{\"@type\":\"ListItem\",\"position\":1,\"name\":\"Accueil\",\"item\":\"https:\\\/\\\/www.zytho.ca\\\/fr\\\/\"},{\"@type\":\"ListItem\",\"position\":2,\"name\":\"Shop\",\"item\":\"https:\\\/\\\/www.zytho.ca\\\/fr\\\/shop\\\/\"},{\"@type\":\"ListItem\",\"position\":3,\"name\":\"Thermaline\"}]},{\"@type\":\"WebSite\",\"@id\":\"https:\\\/\\\/www.zytho.ca\\\/fr\\\/#website\",\"url\":\"https:\\\/\\\/www.zytho.ca\\\/fr\\\/\",\"name\":\"Zytho\",\"description\":\"\",\"publisher\":{\"@id\":\"https:\\\/\\\/www.zytho.ca\\\/fr\\\/#organization\"},\"potentialAction\":[{\"@type\":\"SearchAction\",\"target\":{\"@type\":\"EntryPoint\",\"urlTemplate\":\"https:\\\/\\\/www.zytho.ca\\\/fr\\\/?s={search_term_string}\"},\"query-input\":{\"@type\":\"PropertyValueSpecification\",\"valueRequired\":true,\"valueName\":\"search_term_string\"}}],\"inLanguage\":\"fr-FR\"},{\"@type\":\"Organization\",\"@id\":\"https:\\\/\\\/www.zytho.ca\\\/fr\\\/#organization\",\"name\":\"Zytho\",\"url\":\"https:\\\/\\\/www.zytho.ca\\\/fr\\\/\",\"logo\":{\"@type\":\"ImageObject\",\"inLanguage\":\"fr-FR\",\"@id\":\"https:\\\/\\\/www.zytho.ca\\\/fr\\\/#\\\/schema\\\/logo\\\/image\\\/\",\"url\":\"https:\\\/\\\/www.zytho.ca\\\/wp-content\\\/uploads\\\/2024\\\/05\\\/Zytho_reversed_horizontal.svg\",\"contentUrl\":\"https:\\\/\\\/www.zytho.ca\\\/wp-content\\\/uploads\\\/2024\\\/05\\\/Zytho_reversed_horizontal.svg\",\"width\":1582,\"height\":490,\"caption\":\"Zytho\"},\"image\":{\"@id\":\"https:\\\/\\\/www.zytho.ca\\\/fr\\\/#\\\/schema\\\/logo\\\/image\\\/\"}}]}<\/script>\n<!-- \/ Yoast SEO plugin. -->","yoast_head_json":{"title":"Thermaline - Zytho","robots":{"index":"index","follow":"follow","max-snippet":"max-snippet:-1","max-image-preview":"max-image-preview:large","max-video-preview":"max-video-preview:-1"},"canonical":"https:\/\/www.zytho.ca\/fr\/produit\/thermaline\/","og_locale":"fr_FR","og_type":"article","og_title":"Thermaline - Zytho","og_description":"Qu'il s'agisse d'am\u00e9liorer une ligne de traitement sanitaire ou de moderniser vos syst\u00e8mes d'alimentation, Thermaline fournit des solutions de transfert de chaleur fiables, adapt\u00e9es \u00e0 vos processus et \u00e0 vos normes. Avantages Plaques de transfert de chaleur en acier inoxydable \u00e0 haut rendement   Disponible en version hygi\u00e9nique et sanitaire (conforme aux normes 3-A et FDA)  Les mod\u00e8les \u00e0 joints d'\u00e9tanch\u00e9it\u00e9 permettent un d\u00e9montage et un nettoyage faciles.  Offre une large gamme de tailles, de d\u00e9bits et de tol\u00e9rances de temp\u00e9rature  Compatible avec le NEP et con\u00e7u pour des pertes de charge minimales","og_url":"https:\/\/www.zytho.ca\/fr\/produit\/thermaline\/","og_site_name":"Zytho","article_modified_time":"2025-10-30T12:51:53+00:00","og_image":[{"width":2000,"height":1842,"url":"https:\/\/www.zytho.ca\/wp-content\/uploads\/2025\/10\/photo_1-original_2.png","type":"image\/png"}],"twitter_card":"summary_large_image","twitter_misc":{"Dur\u00e9e de lecture estim\u00e9e":"1 minute"},"schema":{"@context":"https:\/\/schema.org","@graph":[{"@type":"WebPage","@id":"https:\/\/www.zytho.ca\/fr\/produit\/thermaline\/","url":"https:\/\/www.zytho.ca\/fr\/produit\/thermaline\/","name":"Thermaline - Zytho","isPartOf":{"@id":"https:\/\/www.zytho.ca\/fr\/#website"},"primaryImageOfPage":{"@id":"https:\/\/www.zytho.ca\/fr\/produit\/thermaline\/#primaryimage"},"image":{"@id":"https:\/\/www.zytho.ca\/fr\/produit\/thermaline\/#primaryimage"},"thumbnailUrl":"https:\/\/www.zytho.ca\/wp-content\/uploads\/2025\/10\/photo_1-original_2.png","datePublished":"2025-10-27T15:42:12+00:00","dateModified":"2025-10-30T12:51:53+00:00","breadcrumb":{"@id":"https:\/\/www.zytho.ca\/fr\/produit\/thermaline\/#breadcrumb"},"inLanguage":"fr-FR","potentialAction":[{"@type":"ReadAction","target":["https:\/\/www.zytho.ca\/fr\/produit\/thermaline\/"]}]},{"@type":"ImageObject","inLanguage":"fr-FR","@id":"https:\/\/www.zytho.ca\/fr\/produit\/thermaline\/#primaryimage","url":"https:\/\/www.zytho.ca\/wp-content\/uploads\/2025\/10\/photo_1-original_2.png","contentUrl":"https:\/\/www.zytho.ca\/wp-content\/uploads\/2025\/10\/photo_1-original_2.png","width":2000,"height":1842},{"@type":"BreadcrumbList","@id":"https:\/\/www.zytho.ca\/fr\/produit\/thermaline\/#breadcrumb","itemListElement":[{"@type":"ListItem","position":1,"name":"Accueil","item":"https:\/\/www.zytho.ca\/fr\/"},{"@type":"ListItem","position":2,"name":"Shop","item":"https:\/\/www.zytho.ca\/fr\/shop\/"},{"@type":"ListItem","position":3,"name":"Thermaline"}]},{"@type":"WebSite","@id":"https:\/\/www.zytho.ca\/fr\/#website","url":"https:\/\/www.zytho.ca\/fr\/","name":"Zytho","description":"","publisher":{"@id":"https:\/\/www.zytho.ca\/fr\/#organization"},"potentialAction":[{"@type":"SearchAction","target":{"@type":"EntryPoint","urlTemplate":"https:\/\/www.zytho.ca\/fr\/?s={search_term_string}"},"query-input":{"@type":"PropertyValueSpecification","valueRequired":true,"valueName":"search_term_string"}}],"inLanguage":"fr-FR"},{"@type":"Organization","@id":"https:\/\/www.zytho.ca\/fr\/#organization","name":"Zytho","url":"https:\/\/www.zytho.ca\/fr\/","logo":{"@type":"ImageObject","inLanguage":"fr-FR","@id":"https:\/\/www.zytho.ca\/fr\/#\/schema\/logo\/image\/","url":"https:\/\/www.zytho.ca\/wp-content\/uploads\/2024\/05\/Zytho_reversed_horizontal.svg","contentUrl":"https:\/\/www.zytho.ca\/wp-content\/uploads\/2024\/05\/Zytho_reversed_horizontal.svg","width":1582,"height":490,"caption":"Zytho"},"image":{"@id":"https:\/\/www.zytho.ca\/fr\/#\/schema\/logo\/image\/"}}]}},"_links":{"self":[{"href":"https:\/\/www.zytho.ca\/fr\/wp-json\/wp\/v2\/product\/14034","targetHints":{"allow":["GET"]}}],"collection":[{"href":"https:\/\/www.zytho.ca\/fr\/wp-json\/wp\/v2\/product"}],"about":[{"href":"https:\/\/www.zytho.ca\/fr\/wp-json\/wp\/v2\/types\/product"}],"wp:featuredmedia":[{"embeddable":true,"href":"https:\/\/www.zytho.ca\/fr\/wp-json\/wp\/v2\/media\/14036"}],"wp:attachment":[{"href":"https:\/\/www.zytho.ca\/fr\/wp-json\/wp\/v2\/media?parent=14034"}],"wp:term":[{"taxonomy":"product_brand","embeddable":true,"href":"https:\/\/www.zytho.ca\/fr\/wp-json\/wp\/v2\/product_brand?post=14034"},{"taxonomy":"product_cat","embeddable":true,"href":"https:\/\/www.zytho.ca\/fr\/wp-json\/wp\/v2\/product_cat?post=14034"},{"taxonomy":"product_tag","embeddable":true,"href":"https:\/\/www.zytho.ca\/fr\/wp-json\/wp\/v2\/product_tag?post=14034"}],"curies":[{"name":"wp","href":"https:\/\/api.w.org\/{rel}","templated":true}]}}