{"id":14027,"date":"2025-10-27T15:42:20","date_gmt":"2025-10-27T15:42:20","guid":{"rendered":"https:\/\/zytho.ca\/product\/transmetteur-de-temperature-ifm-ifm\/"},"modified":"2025-11-14T13:59:49","modified_gmt":"2025-11-14T13:59:49","slug":"transmetteur-de-temperature-ifm-ifm","status":"publish","type":"product","link":"https:\/\/www.zytho.ca\/fr\/produit\/transmetteur-de-temperature-ifm-ifm\/","title":{"rendered":"Transmetteur de temp\u00e9rature IFM &#8211; Ifm"},"content":{"rendered":"<p>Les transmetteurs de temp\u00e9rature ifm fournissent des mesures de temp\u00e9rature rapides, pr\u00e9cises et stables pour une large gamme d&#8217;applications industrielles. Con\u00e7us pour \u00eatre durables et faciles \u00e0 int\u00e9grer, ces transmetteurs convertissent les relev\u00e9s de temp\u00e9rature en signaux de sortie analogiques ou num\u00e9riques normalis\u00e9s, ce qui les rend id\u00e9aux pour les syst\u00e8mes de contr\u00f4le dans les secteurs de la fabrication, de l&#8217;automatisation des processus et des services publics. <\/p>\n<p class=\"\" data-start=\"648\" data-end=\"849\">Que vous surveilliez des circuits de refroidissement, des syst\u00e8mes hydrauliques ou des lignes de traitement des aliments, les conceptions compactes et hygi\u00e9niques d&#8217;ifm offrent un fonctionnement fiable m\u00eame dans des temp\u00e9ratures extr\u00eames et des environnements difficiles.<\/p>\n","protected":false},"excerpt":{"rendered":"<h4>Surveillance fiable et durable de la temp\u00e9rature pour la stabilit\u00e9 des processus<\/h4>\n<p><strong>Avantages<\/strong><\/p>\n<ul>\n<li>Une pr\u00e9cision de mesure exceptionnelle avec une r\u00e9ponse rapide<\/li>\n<li>IO-Link pour une communication num\u00e9rique et des diagnostics am\u00e9lior\u00e9s<\/li>\n<li>Construction durable en acier inoxydable avec une protection sup\u00e9rieure contre les agressions (jusqu&#8217;\u00e0 IP69K)<\/li>\n<li>Compatibilit\u00e9 avec une large gamme de temp\u00e9ratures pour des applications industrielles polyvalentes<\/li>\n<\/ul>\n","protected":false},"featured_media":14029,"template":"","meta":{"_acf_changed":false,"inline_featured_image":false},"product_brand":[1004],"product_cat":[736,1005,1009],"product_tag":[],"class_list":{"0":"post-14027","1":"product","2":"type-product","3":"status-publish","4":"has-post-thumbnail","6":"product_brand-ifm","7":"product_cat-distribution","8":"product_cat-instruments","9":"product_cat-transmetteurs-de-temperature","11":"first","12":"instock","13":"taxable","14":"shipping-taxable","15":"product-type-simple"},"acf":[],"yoast_head":"<!-- This site is optimized with the Yoast SEO plugin v27.6 - https:\/\/yoast.com\/product\/yoast-seo-wordpress\/ -->\n<title>Transmetteur de temp\u00e9rature IFM - Ifm - Zytho<\/title>\n<meta name=\"robots\" content=\"index, follow, max-snippet:-1, max-image-preview:large, max-video-preview:-1\" \/>\n<link rel=\"canonical\" href=\"https:\/\/www.zytho.ca\/fr\/produit\/transmetteur-de-temperature-ifm-ifm\/\" \/>\n<meta property=\"og:locale\" content=\"fr_FR\" \/>\n<meta property=\"og:type\" content=\"article\" \/>\n<meta property=\"og:title\" content=\"Transmetteur de temp\u00e9rature IFM - Ifm - Zytho\" \/>\n<meta property=\"og:description\" content=\"Surveillance fiable et durable de la temp\u00e9rature pour la stabilit\u00e9 des processus Avantages  Une pr\u00e9cision de mesure exceptionnelle avec une r\u00e9ponse rapide  IO-Link pour une communication num\u00e9rique et des diagnostics am\u00e9lior\u00e9s  Construction durable en acier inoxydable avec une protection sup\u00e9rieure contre les agressions (jusqu&#039;\u00e0 IP69K)  Compatibilit\u00e9 avec une large gamme de temp\u00e9ratures pour des applications industrielles polyvalentes\" \/>\n<meta property=\"og:url\" content=\"https:\/\/www.zytho.ca\/fr\/produit\/transmetteur-de-temperature-ifm-ifm\/\" \/>\n<meta property=\"og:site_name\" content=\"Zytho\" \/>\n<meta property=\"article:modified_time\" content=\"2025-11-14T13:59:49+00:00\" \/>\n<meta property=\"og:image\" content=\"https:\/\/www.zytho.ca\/wp-content\/uploads\/2025\/10\/wika-temperaturetransmitter.png\" \/>\n\t<meta property=\"og:image:width\" content=\"700\" \/>\n\t<meta property=\"og:image:height\" content=\"700\" \/>\n\t<meta property=\"og:image:type\" content=\"image\/png\" \/>\n<meta name=\"twitter:card\" content=\"summary_large_image\" \/>\n<meta name=\"twitter:label1\" content=\"Dur\u00e9e de lecture estim\u00e9e\" \/>\n\t<meta name=\"twitter:data1\" content=\"1 minute\" \/>\n<script type=\"application\/ld+json\" class=\"yoast-schema-graph\">{\"@context\":\"https:\\\/\\\/schema.org\",\"@graph\":[{\"@type\":\"WebPage\",\"@id\":\"https:\\\/\\\/www.zytho.ca\\\/fr\\\/produit\\\/transmetteur-de-temperature-ifm-ifm\\\/\",\"url\":\"https:\\\/\\\/www.zytho.ca\\\/fr\\\/produit\\\/transmetteur-de-temperature-ifm-ifm\\\/\",\"name\":\"Transmetteur de temp\u00e9rature IFM - Ifm - Zytho\",\"isPartOf\":{\"@id\":\"https:\\\/\\\/www.zytho.ca\\\/fr\\\/#website\"},\"primaryImageOfPage\":{\"@id\":\"https:\\\/\\\/www.zytho.ca\\\/fr\\\/produit\\\/transmetteur-de-temperature-ifm-ifm\\\/#primaryimage\"},\"image\":{\"@id\":\"https:\\\/\\\/www.zytho.ca\\\/fr\\\/produit\\\/transmetteur-de-temperature-ifm-ifm\\\/#primaryimage\"},\"thumbnailUrl\":\"https:\\\/\\\/www.zytho.ca\\\/wp-content\\\/uploads\\\/2025\\\/10\\\/wika-temperaturetransmitter.png\",\"datePublished\":\"2025-10-27T15:42:20+00:00\",\"dateModified\":\"2025-11-14T13:59:49+00:00\",\"breadcrumb\":{\"@id\":\"https:\\\/\\\/www.zytho.ca\\\/fr\\\/produit\\\/transmetteur-de-temperature-ifm-ifm\\\/#breadcrumb\"},\"inLanguage\":\"fr-FR\",\"potentialAction\":[{\"@type\":\"ReadAction\",\"target\":[\"https:\\\/\\\/www.zytho.ca\\\/fr\\\/produit\\\/transmetteur-de-temperature-ifm-ifm\\\/\"]}]},{\"@type\":\"ImageObject\",\"inLanguage\":\"fr-FR\",\"@id\":\"https:\\\/\\\/www.zytho.ca\\\/fr\\\/produit\\\/transmetteur-de-temperature-ifm-ifm\\\/#primaryimage\",\"url\":\"https:\\\/\\\/www.zytho.ca\\\/wp-content\\\/uploads\\\/2025\\\/10\\\/wika-temperaturetransmitter.png\",\"contentUrl\":\"https:\\\/\\\/www.zytho.ca\\\/wp-content\\\/uploads\\\/2025\\\/10\\\/wika-temperaturetransmitter.png\",\"width\":700,\"height\":700},{\"@type\":\"BreadcrumbList\",\"@id\":\"https:\\\/\\\/www.zytho.ca\\\/fr\\\/produit\\\/transmetteur-de-temperature-ifm-ifm\\\/#breadcrumb\",\"itemListElement\":[{\"@type\":\"ListItem\",\"position\":1,\"name\":\"Accueil\",\"item\":\"https:\\\/\\\/www.zytho.ca\\\/fr\\\/\"},{\"@type\":\"ListItem\",\"position\":2,\"name\":\"Shop\",\"item\":\"https:\\\/\\\/www.zytho.ca\\\/fr\\\/shop\\\/\"},{\"@type\":\"ListItem\",\"position\":3,\"name\":\"Transmetteur de temp\u00e9rature IFM &#8211; Ifm\"}]},{\"@type\":\"WebSite\",\"@id\":\"https:\\\/\\\/www.zytho.ca\\\/fr\\\/#website\",\"url\":\"https:\\\/\\\/www.zytho.ca\\\/fr\\\/\",\"name\":\"Zytho\",\"description\":\"\",\"publisher\":{\"@id\":\"https:\\\/\\\/www.zytho.ca\\\/fr\\\/#organization\"},\"potentialAction\":[{\"@type\":\"SearchAction\",\"target\":{\"@type\":\"EntryPoint\",\"urlTemplate\":\"https:\\\/\\\/www.zytho.ca\\\/fr\\\/?s={search_term_string}\"},\"query-input\":{\"@type\":\"PropertyValueSpecification\",\"valueRequired\":true,\"valueName\":\"search_term_string\"}}],\"inLanguage\":\"fr-FR\"},{\"@type\":\"Organization\",\"@id\":\"https:\\\/\\\/www.zytho.ca\\\/fr\\\/#organization\",\"name\":\"Zytho\",\"url\":\"https:\\\/\\\/www.zytho.ca\\\/fr\\\/\",\"logo\":{\"@type\":\"ImageObject\",\"inLanguage\":\"fr-FR\",\"@id\":\"https:\\\/\\\/www.zytho.ca\\\/fr\\\/#\\\/schema\\\/logo\\\/image\\\/\",\"url\":\"https:\\\/\\\/www.zytho.ca\\\/wp-content\\\/uploads\\\/2024\\\/05\\\/Zytho_reversed_horizontal.svg\",\"contentUrl\":\"https:\\\/\\\/www.zytho.ca\\\/wp-content\\\/uploads\\\/2024\\\/05\\\/Zytho_reversed_horizontal.svg\",\"width\":1582,\"height\":490,\"caption\":\"Zytho\"},\"image\":{\"@id\":\"https:\\\/\\\/www.zytho.ca\\\/fr\\\/#\\\/schema\\\/logo\\\/image\\\/\"}}]}<\/script>\n<!-- \/ Yoast SEO plugin. -->","yoast_head_json":{"title":"Transmetteur de temp\u00e9rature IFM - Ifm - Zytho","robots":{"index":"index","follow":"follow","max-snippet":"max-snippet:-1","max-image-preview":"max-image-preview:large","max-video-preview":"max-video-preview:-1"},"canonical":"https:\/\/www.zytho.ca\/fr\/produit\/transmetteur-de-temperature-ifm-ifm\/","og_locale":"fr_FR","og_type":"article","og_title":"Transmetteur de temp\u00e9rature IFM - Ifm - Zytho","og_description":"Surveillance fiable et durable de la temp\u00e9rature pour la stabilit\u00e9 des processus Avantages  Une pr\u00e9cision de mesure exceptionnelle avec une r\u00e9ponse rapide  IO-Link pour une communication num\u00e9rique et des diagnostics am\u00e9lior\u00e9s  Construction durable en acier inoxydable avec une protection sup\u00e9rieure contre les agressions (jusqu'\u00e0 IP69K)  Compatibilit\u00e9 avec une large gamme de temp\u00e9ratures pour des applications industrielles polyvalentes","og_url":"https:\/\/www.zytho.ca\/fr\/produit\/transmetteur-de-temperature-ifm-ifm\/","og_site_name":"Zytho","article_modified_time":"2025-11-14T13:59:49+00:00","og_image":[{"width":700,"height":700,"url":"https:\/\/www.zytho.ca\/wp-content\/uploads\/2025\/10\/wika-temperaturetransmitter.png","type":"image\/png"}],"twitter_card":"summary_large_image","twitter_misc":{"Dur\u00e9e de lecture estim\u00e9e":"1 minute"},"schema":{"@context":"https:\/\/schema.org","@graph":[{"@type":"WebPage","@id":"https:\/\/www.zytho.ca\/fr\/produit\/transmetteur-de-temperature-ifm-ifm\/","url":"https:\/\/www.zytho.ca\/fr\/produit\/transmetteur-de-temperature-ifm-ifm\/","name":"Transmetteur de temp\u00e9rature IFM - Ifm - Zytho","isPartOf":{"@id":"https:\/\/www.zytho.ca\/fr\/#website"},"primaryImageOfPage":{"@id":"https:\/\/www.zytho.ca\/fr\/produit\/transmetteur-de-temperature-ifm-ifm\/#primaryimage"},"image":{"@id":"https:\/\/www.zytho.ca\/fr\/produit\/transmetteur-de-temperature-ifm-ifm\/#primaryimage"},"thumbnailUrl":"https:\/\/www.zytho.ca\/wp-content\/uploads\/2025\/10\/wika-temperaturetransmitter.png","datePublished":"2025-10-27T15:42:20+00:00","dateModified":"2025-11-14T13:59:49+00:00","breadcrumb":{"@id":"https:\/\/www.zytho.ca\/fr\/produit\/transmetteur-de-temperature-ifm-ifm\/#breadcrumb"},"inLanguage":"fr-FR","potentialAction":[{"@type":"ReadAction","target":["https:\/\/www.zytho.ca\/fr\/produit\/transmetteur-de-temperature-ifm-ifm\/"]}]},{"@type":"ImageObject","inLanguage":"fr-FR","@id":"https:\/\/www.zytho.ca\/fr\/produit\/transmetteur-de-temperature-ifm-ifm\/#primaryimage","url":"https:\/\/www.zytho.ca\/wp-content\/uploads\/2025\/10\/wika-temperaturetransmitter.png","contentUrl":"https:\/\/www.zytho.ca\/wp-content\/uploads\/2025\/10\/wika-temperaturetransmitter.png","width":700,"height":700},{"@type":"BreadcrumbList","@id":"https:\/\/www.zytho.ca\/fr\/produit\/transmetteur-de-temperature-ifm-ifm\/#breadcrumb","itemListElement":[{"@type":"ListItem","position":1,"name":"Accueil","item":"https:\/\/www.zytho.ca\/fr\/"},{"@type":"ListItem","position":2,"name":"Shop","item":"https:\/\/www.zytho.ca\/fr\/shop\/"},{"@type":"ListItem","position":3,"name":"Transmetteur de temp\u00e9rature IFM &#8211; Ifm"}]},{"@type":"WebSite","@id":"https:\/\/www.zytho.ca\/fr\/#website","url":"https:\/\/www.zytho.ca\/fr\/","name":"Zytho","description":"","publisher":{"@id":"https:\/\/www.zytho.ca\/fr\/#organization"},"potentialAction":[{"@type":"SearchAction","target":{"@type":"EntryPoint","urlTemplate":"https:\/\/www.zytho.ca\/fr\/?s={search_term_string}"},"query-input":{"@type":"PropertyValueSpecification","valueRequired":true,"valueName":"search_term_string"}}],"inLanguage":"fr-FR"},{"@type":"Organization","@id":"https:\/\/www.zytho.ca\/fr\/#organization","name":"Zytho","url":"https:\/\/www.zytho.ca\/fr\/","logo":{"@type":"ImageObject","inLanguage":"fr-FR","@id":"https:\/\/www.zytho.ca\/fr\/#\/schema\/logo\/image\/","url":"https:\/\/www.zytho.ca\/wp-content\/uploads\/2024\/05\/Zytho_reversed_horizontal.svg","contentUrl":"https:\/\/www.zytho.ca\/wp-content\/uploads\/2024\/05\/Zytho_reversed_horizontal.svg","width":1582,"height":490,"caption":"Zytho"},"image":{"@id":"https:\/\/www.zytho.ca\/fr\/#\/schema\/logo\/image\/"}}]}},"_links":{"self":[{"href":"https:\/\/www.zytho.ca\/fr\/wp-json\/wp\/v2\/product\/14027","targetHints":{"allow":["GET"]}}],"collection":[{"href":"https:\/\/www.zytho.ca\/fr\/wp-json\/wp\/v2\/product"}],"about":[{"href":"https:\/\/www.zytho.ca\/fr\/wp-json\/wp\/v2\/types\/product"}],"wp:featuredmedia":[{"embeddable":true,"href":"https:\/\/www.zytho.ca\/fr\/wp-json\/wp\/v2\/media\/14029"}],"wp:attachment":[{"href":"https:\/\/www.zytho.ca\/fr\/wp-json\/wp\/v2\/media?parent=14027"}],"wp:term":[{"taxonomy":"product_brand","embeddable":true,"href":"https:\/\/www.zytho.ca\/fr\/wp-json\/wp\/v2\/product_brand?post=14027"},{"taxonomy":"product_cat","embeddable":true,"href":"https:\/\/www.zytho.ca\/fr\/wp-json\/wp\/v2\/product_cat?post=14027"},{"taxonomy":"product_tag","embeddable":true,"href":"https:\/\/www.zytho.ca\/fr\/wp-json\/wp\/v2\/product_tag?post=14027"}],"curies":[{"name":"wp","href":"https:\/\/api.w.org\/{rel}","templated":true}]}}