{"id":14026,"date":"2026-03-17T06:43:43","date_gmt":"2026-03-17T06:43:43","guid":{"rendered":"https:\/\/zytho.ca\/product\/serie-ampco-zp\/"},"modified":"2026-03-17T07:28:29","modified_gmt":"2026-03-17T07:28:29","slug":"serie-ampco-zp","status":"publish","type":"product","link":"https:\/\/www.zytho.ca\/fr\/produit\/serie-ampco-zp\/","title":{"rendered":"S\u00e9rie Ampco ZP"},"content":{"rendered":"<p data-start=\"295\" data-end=\"645\">La s\u00e9rie ZP d&#8217;Ampco est une pompe \u00e0 piston circonf\u00e9rentiel robuste et \u00e0 haut rendement con\u00e7ue pour traiter des produits \u00e9pais, sensibles au cisaillement et abrasifs dans les industries alimentaires, laiti\u00e8res, des boissons et pharmaceutiques. Avec une construction robuste et une conception enti\u00e8rement compatible avec le NEP, la s\u00e9rie ZP fournit un d\u00e9bit r\u00e9gulier et \u00e0 faible pulsation tout en r\u00e9pondant aux exigences sanitaires les plus strictes. <\/p>\n<p data-start=\"647\" data-end=\"871\">Propos\u00e9e en plusieurs mod\u00e8les (ZP1, ZP2 et ZP3), la s\u00e9rie prend en charge tous les types d&#8217;applications, des lignes de traitement standard aux environnements de lavage \u00e0 haute pression, avec une maintenance sans outil et une fiabilit\u00e9 \u00e0 toute \u00e9preuve.<\/p>\n","protected":false},"excerpt":{"rendered":"<h4>Pompe \u00e0 piston circonf\u00e9rentielle sanitaire pour les applications \u00e0 haute viscosit\u00e9<\/h4>\n<p><strong>Avantages<\/strong><\/p>\n<ul>\n<li data-start=\"897\" data-end=\"969\">Certifi\u00e9 par l&#8217;EHEDG et 3-A &#8211; adh\u00e8re aux normes internationales de conception hygi\u00e9nique<\/li>\n<li data-start=\"970\" data-end=\"1038\">Con\u00e7u pour le NEP &#8211; \u00e9limine le besoin de d\u00e9montage pendant le nettoyage (ZP3)<\/li>\n<li data-start=\"1039\" data-end=\"1112\">Pompes \u00e0 faible cisaillement &#8211; parfaites pour les fluides \u00e0 haute viscosit\u00e9 ou contenant des particules<\/li>\n<li data-start=\"1113\" data-end=\"1183\">Les joints d&#8217;\u00e9tanch\u00e9it\u00e9 \u00e0 chargement frontal minimisent les temps d&#8217;arr\u00eat et facilitent l&#8217;entretien.<\/li>\n<li data-start=\"1184\" data-end=\"1282\">\u00c9quip\u00e9 d&#8217;un carter d&#8217;engrenages en acier inoxydable (ZP3) &#8211; offre une r\u00e9sistance \u00e0 la corrosion et une compatibilit\u00e9 avec les syst\u00e8mes de nettoyage en place.<\/li>\n<li data-start=\"1283\" data-end=\"1368\">Compatible avec d&#8217;autres grandes marques &#8211; facilite l&#8217;adaptation et le remplacement<\/li>\n<\/ul>\n","protected":false},"featured_media":14028,"template":"","meta":{"_acf_changed":false,"inline_featured_image":false},"product_brand":[735],"product_cat":[736,1008,31],"product_tag":[],"class_list":{"0":"post-14026","1":"product","2":"type-product","3":"status-publish","4":"has-post-thumbnail","6":"product_brand-ampco","7":"product_cat-distribution","8":"product_cat-pompes-circonferentielles-hygieniques","9":"product_cat-pump","11":"first","12":"instock","13":"taxable","14":"shipping-taxable","15":"purchasable","16":"product-type-simple"},"acf":[],"yoast_head":"<!-- This site is optimized with the Yoast SEO plugin v27.6 - https:\/\/yoast.com\/product\/yoast-seo-wordpress\/ -->\n<title>S\u00e9rie Ampco ZP - Zytho<\/title>\n<meta name=\"robots\" content=\"index, follow, max-snippet:-1, max-image-preview:large, max-video-preview:-1\" \/>\n<link rel=\"canonical\" href=\"https:\/\/www.zytho.ca\/fr\/produit\/serie-ampco-zp\/\" \/>\n<meta property=\"og:locale\" content=\"fr_FR\" \/>\n<meta property=\"og:type\" content=\"article\" \/>\n<meta property=\"og:title\" content=\"S\u00e9rie Ampco ZP - Zytho\" \/>\n<meta property=\"og:description\" content=\"Pompe \u00e0 piston circonf\u00e9rentielle sanitaire pour les applications \u00e0 haute viscosit\u00e9 Avantages   Certifi\u00e9 par l&#039;EHEDG et 3-A - adh\u00e8re aux normes internationales de conception hygi\u00e9nique   Con\u00e7u pour le NEP - \u00e9limine le besoin de d\u00e9montage pendant le nettoyage (ZP3)   Pompes \u00e0 faible cisaillement - parfaites pour les fluides \u00e0 haute viscosit\u00e9 ou contenant des particules   Les joints d&#039;\u00e9tanch\u00e9it\u00e9 \u00e0 chargement frontal minimisent les temps d&#039;arr\u00eat et facilitent l&#039;entretien.   \u00c9quip\u00e9 d&#039;un carter d&#039;engrenages en acier inoxydable (ZP3) - offre une r\u00e9sistance \u00e0 la corrosion et une compatibilit\u00e9 avec les syst\u00e8mes de nettoyage en place.   Compatible avec d&#039;autres grandes marques - facilite l&#039;adaptation et le remplacement\" \/>\n<meta property=\"og:url\" content=\"https:\/\/www.zytho.ca\/fr\/produit\/serie-ampco-zp\/\" \/>\n<meta property=\"og:site_name\" content=\"Zytho\" \/>\n<meta property=\"article:modified_time\" content=\"2026-03-17T07:28:29+00:00\" \/>\n<meta property=\"og:image\" content=\"https:\/\/www.zytho.ca\/wp-content\/uploads\/2025\/10\/zp1_zp1_v2-1.png\" \/>\n\t<meta property=\"og:image:width\" content=\"807\" \/>\n\t<meta property=\"og:image:height\" content=\"608\" \/>\n\t<meta property=\"og:image:type\" content=\"image\/png\" \/>\n<meta name=\"twitter:card\" content=\"summary_large_image\" \/>\n<meta name=\"twitter:label1\" content=\"Dur\u00e9e de lecture estim\u00e9e\" \/>\n\t<meta name=\"twitter:data1\" content=\"1 minute\" \/>\n<script type=\"application\/ld+json\" class=\"yoast-schema-graph\">{\"@context\":\"https:\\\/\\\/schema.org\",\"@graph\":[{\"@type\":\"WebPage\",\"@id\":\"https:\\\/\\\/www.zytho.ca\\\/fr\\\/produit\\\/serie-ampco-zp\\\/\",\"url\":\"https:\\\/\\\/www.zytho.ca\\\/fr\\\/produit\\\/serie-ampco-zp\\\/\",\"name\":\"S\u00e9rie Ampco ZP - Zytho\",\"isPartOf\":{\"@id\":\"https:\\\/\\\/www.zytho.ca\\\/fr\\\/#website\"},\"primaryImageOfPage\":{\"@id\":\"https:\\\/\\\/www.zytho.ca\\\/fr\\\/produit\\\/serie-ampco-zp\\\/#primaryimage\"},\"image\":{\"@id\":\"https:\\\/\\\/www.zytho.ca\\\/fr\\\/produit\\\/serie-ampco-zp\\\/#primaryimage\"},\"thumbnailUrl\":\"https:\\\/\\\/www.zytho.ca\\\/wp-content\\\/uploads\\\/2025\\\/10\\\/zp1_zp1_v2-1.png\",\"datePublished\":\"2026-03-17T06:43:43+00:00\",\"dateModified\":\"2026-03-17T07:28:29+00:00\",\"breadcrumb\":{\"@id\":\"https:\\\/\\\/www.zytho.ca\\\/fr\\\/produit\\\/serie-ampco-zp\\\/#breadcrumb\"},\"inLanguage\":\"fr-FR\",\"potentialAction\":[{\"@type\":\"ReadAction\",\"target\":[\"https:\\\/\\\/www.zytho.ca\\\/fr\\\/produit\\\/serie-ampco-zp\\\/\"]}]},{\"@type\":\"ImageObject\",\"inLanguage\":\"fr-FR\",\"@id\":\"https:\\\/\\\/www.zytho.ca\\\/fr\\\/produit\\\/serie-ampco-zp\\\/#primaryimage\",\"url\":\"https:\\\/\\\/www.zytho.ca\\\/wp-content\\\/uploads\\\/2025\\\/10\\\/zp1_zp1_v2-1.png\",\"contentUrl\":\"https:\\\/\\\/www.zytho.ca\\\/wp-content\\\/uploads\\\/2025\\\/10\\\/zp1_zp1_v2-1.png\",\"width\":807,\"height\":608},{\"@type\":\"BreadcrumbList\",\"@id\":\"https:\\\/\\\/www.zytho.ca\\\/fr\\\/produit\\\/serie-ampco-zp\\\/#breadcrumb\",\"itemListElement\":[{\"@type\":\"ListItem\",\"position\":1,\"name\":\"Accueil\",\"item\":\"https:\\\/\\\/www.zytho.ca\\\/fr\\\/\"},{\"@type\":\"ListItem\",\"position\":2,\"name\":\"Shop\",\"item\":\"https:\\\/\\\/www.zytho.ca\\\/fr\\\/shop\\\/\"},{\"@type\":\"ListItem\",\"position\":3,\"name\":\"S\u00e9rie Ampco ZP\"}]},{\"@type\":\"WebSite\",\"@id\":\"https:\\\/\\\/www.zytho.ca\\\/fr\\\/#website\",\"url\":\"https:\\\/\\\/www.zytho.ca\\\/fr\\\/\",\"name\":\"Zytho\",\"description\":\"\",\"publisher\":{\"@id\":\"https:\\\/\\\/www.zytho.ca\\\/fr\\\/#organization\"},\"potentialAction\":[{\"@type\":\"SearchAction\",\"target\":{\"@type\":\"EntryPoint\",\"urlTemplate\":\"https:\\\/\\\/www.zytho.ca\\\/fr\\\/?s={search_term_string}\"},\"query-input\":{\"@type\":\"PropertyValueSpecification\",\"valueRequired\":true,\"valueName\":\"search_term_string\"}}],\"inLanguage\":\"fr-FR\"},{\"@type\":\"Organization\",\"@id\":\"https:\\\/\\\/www.zytho.ca\\\/fr\\\/#organization\",\"name\":\"Zytho\",\"url\":\"https:\\\/\\\/www.zytho.ca\\\/fr\\\/\",\"logo\":{\"@type\":\"ImageObject\",\"inLanguage\":\"fr-FR\",\"@id\":\"https:\\\/\\\/www.zytho.ca\\\/fr\\\/#\\\/schema\\\/logo\\\/image\\\/\",\"url\":\"https:\\\/\\\/www.zytho.ca\\\/wp-content\\\/uploads\\\/2024\\\/05\\\/Zytho_reversed_horizontal.svg\",\"contentUrl\":\"https:\\\/\\\/www.zytho.ca\\\/wp-content\\\/uploads\\\/2024\\\/05\\\/Zytho_reversed_horizontal.svg\",\"width\":1582,\"height\":490,\"caption\":\"Zytho\"},\"image\":{\"@id\":\"https:\\\/\\\/www.zytho.ca\\\/fr\\\/#\\\/schema\\\/logo\\\/image\\\/\"}}]}<\/script>\n<!-- \/ Yoast SEO plugin. -->","yoast_head_json":{"title":"S\u00e9rie Ampco ZP - Zytho","robots":{"index":"index","follow":"follow","max-snippet":"max-snippet:-1","max-image-preview":"max-image-preview:large","max-video-preview":"max-video-preview:-1"},"canonical":"https:\/\/www.zytho.ca\/fr\/produit\/serie-ampco-zp\/","og_locale":"fr_FR","og_type":"article","og_title":"S\u00e9rie Ampco ZP - Zytho","og_description":"Pompe \u00e0 piston circonf\u00e9rentielle sanitaire pour les applications \u00e0 haute viscosit\u00e9 Avantages   Certifi\u00e9 par l'EHEDG et 3-A - adh\u00e8re aux normes internationales de conception hygi\u00e9nique   Con\u00e7u pour le NEP - \u00e9limine le besoin de d\u00e9montage pendant le nettoyage (ZP3)   Pompes \u00e0 faible cisaillement - parfaites pour les fluides \u00e0 haute viscosit\u00e9 ou contenant des particules   Les joints d'\u00e9tanch\u00e9it\u00e9 \u00e0 chargement frontal minimisent les temps d'arr\u00eat et facilitent l'entretien.   \u00c9quip\u00e9 d'un carter d'engrenages en acier inoxydable (ZP3) - offre une r\u00e9sistance \u00e0 la corrosion et une compatibilit\u00e9 avec les syst\u00e8mes de nettoyage en place.   Compatible avec d'autres grandes marques - facilite l'adaptation et le remplacement","og_url":"https:\/\/www.zytho.ca\/fr\/produit\/serie-ampco-zp\/","og_site_name":"Zytho","article_modified_time":"2026-03-17T07:28:29+00:00","og_image":[{"width":807,"height":608,"url":"https:\/\/www.zytho.ca\/wp-content\/uploads\/2025\/10\/zp1_zp1_v2-1.png","type":"image\/png"}],"twitter_card":"summary_large_image","twitter_misc":{"Dur\u00e9e de lecture estim\u00e9e":"1 minute"},"schema":{"@context":"https:\/\/schema.org","@graph":[{"@type":"WebPage","@id":"https:\/\/www.zytho.ca\/fr\/produit\/serie-ampco-zp\/","url":"https:\/\/www.zytho.ca\/fr\/produit\/serie-ampco-zp\/","name":"S\u00e9rie Ampco ZP - Zytho","isPartOf":{"@id":"https:\/\/www.zytho.ca\/fr\/#website"},"primaryImageOfPage":{"@id":"https:\/\/www.zytho.ca\/fr\/produit\/serie-ampco-zp\/#primaryimage"},"image":{"@id":"https:\/\/www.zytho.ca\/fr\/produit\/serie-ampco-zp\/#primaryimage"},"thumbnailUrl":"https:\/\/www.zytho.ca\/wp-content\/uploads\/2025\/10\/zp1_zp1_v2-1.png","datePublished":"2026-03-17T06:43:43+00:00","dateModified":"2026-03-17T07:28:29+00:00","breadcrumb":{"@id":"https:\/\/www.zytho.ca\/fr\/produit\/serie-ampco-zp\/#breadcrumb"},"inLanguage":"fr-FR","potentialAction":[{"@type":"ReadAction","target":["https:\/\/www.zytho.ca\/fr\/produit\/serie-ampco-zp\/"]}]},{"@type":"ImageObject","inLanguage":"fr-FR","@id":"https:\/\/www.zytho.ca\/fr\/produit\/serie-ampco-zp\/#primaryimage","url":"https:\/\/www.zytho.ca\/wp-content\/uploads\/2025\/10\/zp1_zp1_v2-1.png","contentUrl":"https:\/\/www.zytho.ca\/wp-content\/uploads\/2025\/10\/zp1_zp1_v2-1.png","width":807,"height":608},{"@type":"BreadcrumbList","@id":"https:\/\/www.zytho.ca\/fr\/produit\/serie-ampco-zp\/#breadcrumb","itemListElement":[{"@type":"ListItem","position":1,"name":"Accueil","item":"https:\/\/www.zytho.ca\/fr\/"},{"@type":"ListItem","position":2,"name":"Shop","item":"https:\/\/www.zytho.ca\/fr\/shop\/"},{"@type":"ListItem","position":3,"name":"S\u00e9rie Ampco ZP"}]},{"@type":"WebSite","@id":"https:\/\/www.zytho.ca\/fr\/#website","url":"https:\/\/www.zytho.ca\/fr\/","name":"Zytho","description":"","publisher":{"@id":"https:\/\/www.zytho.ca\/fr\/#organization"},"potentialAction":[{"@type":"SearchAction","target":{"@type":"EntryPoint","urlTemplate":"https:\/\/www.zytho.ca\/fr\/?s={search_term_string}"},"query-input":{"@type":"PropertyValueSpecification","valueRequired":true,"valueName":"search_term_string"}}],"inLanguage":"fr-FR"},{"@type":"Organization","@id":"https:\/\/www.zytho.ca\/fr\/#organization","name":"Zytho","url":"https:\/\/www.zytho.ca\/fr\/","logo":{"@type":"ImageObject","inLanguage":"fr-FR","@id":"https:\/\/www.zytho.ca\/fr\/#\/schema\/logo\/image\/","url":"https:\/\/www.zytho.ca\/wp-content\/uploads\/2024\/05\/Zytho_reversed_horizontal.svg","contentUrl":"https:\/\/www.zytho.ca\/wp-content\/uploads\/2024\/05\/Zytho_reversed_horizontal.svg","width":1582,"height":490,"caption":"Zytho"},"image":{"@id":"https:\/\/www.zytho.ca\/fr\/#\/schema\/logo\/image\/"}}]}},"_links":{"self":[{"href":"https:\/\/www.zytho.ca\/fr\/wp-json\/wp\/v2\/product\/14026","targetHints":{"allow":["GET"]}}],"collection":[{"href":"https:\/\/www.zytho.ca\/fr\/wp-json\/wp\/v2\/product"}],"about":[{"href":"https:\/\/www.zytho.ca\/fr\/wp-json\/wp\/v2\/types\/product"}],"wp:featuredmedia":[{"embeddable":true,"href":"https:\/\/www.zytho.ca\/fr\/wp-json\/wp\/v2\/media\/14028"}],"wp:attachment":[{"href":"https:\/\/www.zytho.ca\/fr\/wp-json\/wp\/v2\/media?parent=14026"}],"wp:term":[{"taxonomy":"product_brand","embeddable":true,"href":"https:\/\/www.zytho.ca\/fr\/wp-json\/wp\/v2\/product_brand?post=14026"},{"taxonomy":"product_cat","embeddable":true,"href":"https:\/\/www.zytho.ca\/fr\/wp-json\/wp\/v2\/product_cat?post=14026"},{"taxonomy":"product_tag","embeddable":true,"href":"https:\/\/www.zytho.ca\/fr\/wp-json\/wp\/v2\/product_tag?post=14026"}],"curies":[{"name":"wp","href":"https:\/\/api.w.org\/{rel}","templated":true}]}}