{"id":14023,"date":"2025-10-27T15:42:21","date_gmt":"2025-10-27T15:42:21","guid":{"rendered":"https:\/\/zytho.ca\/product\/capteurs-de-position-ifm-ifm\/"},"modified":"2025-11-14T13:59:35","modified_gmt":"2025-11-14T13:59:35","slug":"capteurs-de-position-ifm-ifm","status":"publish","type":"product","link":"https:\/\/www.zytho.ca\/fr\/produit\/capteurs-de-position-ifm-ifm\/","title":{"rendered":"Capteurs de position IFM &#8211; Ifm"},"content":{"rendered":"<p class=\"\" data-start=\"203\" data-end=\"520\">Les capteurs de position ifm assurent une d\u00e9tection pr\u00e9cise et sans contact de la position, de la pr\u00e9sence et des but\u00e9es dans les syst\u00e8mes d&#8217;automatisation industrielle. Construits pour durer et \u00eatre performants, ces capteurs sont con\u00e7us pour r\u00e9pondre aux exigences des environnements difficiles, y compris l&#8217;exposition aux vibrations, \u00e0 l&#8217;humidit\u00e9, aux huiles et aux temp\u00e9ratures extr\u00eames. <\/p>\n<p class=\"\" data-start=\"522\" data-end=\"735\">Avec un large \u00e9ventail de technologies &#8211; inductives, capacitives, magn\u00e9tiques et photo\u00e9lectriques &#8211; les capteurs IFM sont pr\u00eats \u00e0 r\u00e9pondre \u00e0 une large gamme d&#8217;applications dans les domaines de la fabrication, de l&#8217;emballage, de la robotique et bien plus encore.<\/p>\n","protected":false},"excerpt":{"rendered":"<h4>D\u00e9tection pr\u00e9cise de la position pour une meilleure automatisation.<\/h4>\n<p><strong>Avantages<\/strong><\/p>\n<ul>\n<li>Une pr\u00e9cision et une coh\u00e9rence de commutation exceptionnelles<\/li>\n<li>Bo\u00eetiers durables conformes \u00e0 la norme IP69K pour les conditions difficiles<\/li>\n<li>Diverses options de montage et types de connexion disponibles<\/li>\n<li>Compatibilit\u00e9 IO-Link pour des diagnostics en temps r\u00e9el et une configuration simple des param\u00e8tres<\/li>\n<li>Dur\u00e9e de vie prolong\u00e9e avec une usure m\u00e9canique nulle<\/li>\n<\/ul>\n","protected":false},"featured_media":14025,"template":"","meta":{"_acf_changed":false,"inline_featured_image":false},"product_brand":[1004],"product_cat":[1007,1006,736,1005],"product_tag":[],"class_list":{"0":"post-14023","1":"product","2":"type-product","3":"status-publish","4":"has-post-thumbnail","6":"product_brand-ifm","7":"product_cat-capteur-de-position","8":"product_cat-capteurs-de-position","9":"product_cat-distribution","10":"product_cat-instruments","12":"first","13":"instock","14":"taxable","15":"shipping-taxable","16":"product-type-simple"},"acf":[],"yoast_head":"<!-- This site is optimized with the Yoast SEO plugin v27.6 - https:\/\/yoast.com\/product\/yoast-seo-wordpress\/ -->\n<title>Capteurs de position IFM - Ifm - Zytho<\/title>\n<meta name=\"robots\" content=\"index, follow, max-snippet:-1, max-image-preview:large, max-video-preview:-1\" \/>\n<link rel=\"canonical\" href=\"https:\/\/www.zytho.ca\/fr\/produit\/capteurs-de-position-ifm-ifm\/\" \/>\n<meta property=\"og:locale\" content=\"fr_FR\" \/>\n<meta property=\"og:type\" content=\"article\" \/>\n<meta property=\"og:title\" content=\"Capteurs de position IFM - Ifm - Zytho\" \/>\n<meta property=\"og:description\" content=\"D\u00e9tection pr\u00e9cise de la position pour une meilleure automatisation. Avantages   Une pr\u00e9cision et une coh\u00e9rence de commutation exceptionnelles  Bo\u00eetiers durables conformes \u00e0 la norme IP69K pour les conditions difficiles  Diverses options de montage et types de connexion disponibles  Compatibilit\u00e9 IO-Link pour des diagnostics en temps r\u00e9el et une configuration simple des param\u00e8tres  Dur\u00e9e de vie prolong\u00e9e avec une usure m\u00e9canique nulle\" \/>\n<meta property=\"og:url\" content=\"https:\/\/www.zytho.ca\/fr\/produit\/capteurs-de-position-ifm-ifm\/\" \/>\n<meta property=\"og:site_name\" content=\"Zytho\" \/>\n<meta property=\"article:modified_time\" content=\"2025-11-14T13:59:35+00:00\" \/>\n<meta property=\"og:image\" content=\"https:\/\/www.zytho.ca\/wp-content\/uploads\/2025\/10\/ifm-prox-v3.png\" \/>\n\t<meta property=\"og:image:width\" content=\"405\" \/>\n\t<meta property=\"og:image:height\" content=\"405\" \/>\n\t<meta property=\"og:image:type\" content=\"image\/png\" \/>\n<meta name=\"twitter:card\" content=\"summary_large_image\" \/>\n<meta name=\"twitter:label1\" content=\"Dur\u00e9e de lecture estim\u00e9e\" \/>\n\t<meta name=\"twitter:data1\" content=\"1 minute\" \/>\n<script type=\"application\/ld+json\" class=\"yoast-schema-graph\">{\"@context\":\"https:\\\/\\\/schema.org\",\"@graph\":[{\"@type\":\"WebPage\",\"@id\":\"https:\\\/\\\/www.zytho.ca\\\/fr\\\/produit\\\/capteurs-de-position-ifm-ifm\\\/\",\"url\":\"https:\\\/\\\/www.zytho.ca\\\/fr\\\/produit\\\/capteurs-de-position-ifm-ifm\\\/\",\"name\":\"Capteurs de position IFM - Ifm - Zytho\",\"isPartOf\":{\"@id\":\"https:\\\/\\\/www.zytho.ca\\\/fr\\\/#website\"},\"primaryImageOfPage\":{\"@id\":\"https:\\\/\\\/www.zytho.ca\\\/fr\\\/produit\\\/capteurs-de-position-ifm-ifm\\\/#primaryimage\"},\"image\":{\"@id\":\"https:\\\/\\\/www.zytho.ca\\\/fr\\\/produit\\\/capteurs-de-position-ifm-ifm\\\/#primaryimage\"},\"thumbnailUrl\":\"https:\\\/\\\/www.zytho.ca\\\/wp-content\\\/uploads\\\/2025\\\/10\\\/ifm-prox-v3.png\",\"datePublished\":\"2025-10-27T15:42:21+00:00\",\"dateModified\":\"2025-11-14T13:59:35+00:00\",\"breadcrumb\":{\"@id\":\"https:\\\/\\\/www.zytho.ca\\\/fr\\\/produit\\\/capteurs-de-position-ifm-ifm\\\/#breadcrumb\"},\"inLanguage\":\"fr-FR\",\"potentialAction\":[{\"@type\":\"ReadAction\",\"target\":[\"https:\\\/\\\/www.zytho.ca\\\/fr\\\/produit\\\/capteurs-de-position-ifm-ifm\\\/\"]}]},{\"@type\":\"ImageObject\",\"inLanguage\":\"fr-FR\",\"@id\":\"https:\\\/\\\/www.zytho.ca\\\/fr\\\/produit\\\/capteurs-de-position-ifm-ifm\\\/#primaryimage\",\"url\":\"https:\\\/\\\/www.zytho.ca\\\/wp-content\\\/uploads\\\/2025\\\/10\\\/ifm-prox-v3.png\",\"contentUrl\":\"https:\\\/\\\/www.zytho.ca\\\/wp-content\\\/uploads\\\/2025\\\/10\\\/ifm-prox-v3.png\",\"width\":405,\"height\":405},{\"@type\":\"BreadcrumbList\",\"@id\":\"https:\\\/\\\/www.zytho.ca\\\/fr\\\/produit\\\/capteurs-de-position-ifm-ifm\\\/#breadcrumb\",\"itemListElement\":[{\"@type\":\"ListItem\",\"position\":1,\"name\":\"Accueil\",\"item\":\"https:\\\/\\\/www.zytho.ca\\\/fr\\\/\"},{\"@type\":\"ListItem\",\"position\":2,\"name\":\"Shop\",\"item\":\"https:\\\/\\\/www.zytho.ca\\\/fr\\\/shop\\\/\"},{\"@type\":\"ListItem\",\"position\":3,\"name\":\"Capteurs de position IFM &#8211; Ifm\"}]},{\"@type\":\"WebSite\",\"@id\":\"https:\\\/\\\/www.zytho.ca\\\/fr\\\/#website\",\"url\":\"https:\\\/\\\/www.zytho.ca\\\/fr\\\/\",\"name\":\"Zytho\",\"description\":\"\",\"publisher\":{\"@id\":\"https:\\\/\\\/www.zytho.ca\\\/fr\\\/#organization\"},\"potentialAction\":[{\"@type\":\"SearchAction\",\"target\":{\"@type\":\"EntryPoint\",\"urlTemplate\":\"https:\\\/\\\/www.zytho.ca\\\/fr\\\/?s={search_term_string}\"},\"query-input\":{\"@type\":\"PropertyValueSpecification\",\"valueRequired\":true,\"valueName\":\"search_term_string\"}}],\"inLanguage\":\"fr-FR\"},{\"@type\":\"Organization\",\"@id\":\"https:\\\/\\\/www.zytho.ca\\\/fr\\\/#organization\",\"name\":\"Zytho\",\"url\":\"https:\\\/\\\/www.zytho.ca\\\/fr\\\/\",\"logo\":{\"@type\":\"ImageObject\",\"inLanguage\":\"fr-FR\",\"@id\":\"https:\\\/\\\/www.zytho.ca\\\/fr\\\/#\\\/schema\\\/logo\\\/image\\\/\",\"url\":\"https:\\\/\\\/www.zytho.ca\\\/wp-content\\\/uploads\\\/2024\\\/05\\\/Zytho_reversed_horizontal.svg\",\"contentUrl\":\"https:\\\/\\\/www.zytho.ca\\\/wp-content\\\/uploads\\\/2024\\\/05\\\/Zytho_reversed_horizontal.svg\",\"width\":1582,\"height\":490,\"caption\":\"Zytho\"},\"image\":{\"@id\":\"https:\\\/\\\/www.zytho.ca\\\/fr\\\/#\\\/schema\\\/logo\\\/image\\\/\"}}]}<\/script>\n<!-- \/ Yoast SEO plugin. -->","yoast_head_json":{"title":"Capteurs de position IFM - Ifm - Zytho","robots":{"index":"index","follow":"follow","max-snippet":"max-snippet:-1","max-image-preview":"max-image-preview:large","max-video-preview":"max-video-preview:-1"},"canonical":"https:\/\/www.zytho.ca\/fr\/produit\/capteurs-de-position-ifm-ifm\/","og_locale":"fr_FR","og_type":"article","og_title":"Capteurs de position IFM - Ifm - Zytho","og_description":"D\u00e9tection pr\u00e9cise de la position pour une meilleure automatisation. Avantages   Une pr\u00e9cision et une coh\u00e9rence de commutation exceptionnelles  Bo\u00eetiers durables conformes \u00e0 la norme IP69K pour les conditions difficiles  Diverses options de montage et types de connexion disponibles  Compatibilit\u00e9 IO-Link pour des diagnostics en temps r\u00e9el et une configuration simple des param\u00e8tres  Dur\u00e9e de vie prolong\u00e9e avec une usure m\u00e9canique nulle","og_url":"https:\/\/www.zytho.ca\/fr\/produit\/capteurs-de-position-ifm-ifm\/","og_site_name":"Zytho","article_modified_time":"2025-11-14T13:59:35+00:00","og_image":[{"width":405,"height":405,"url":"https:\/\/www.zytho.ca\/wp-content\/uploads\/2025\/10\/ifm-prox-v3.png","type":"image\/png"}],"twitter_card":"summary_large_image","twitter_misc":{"Dur\u00e9e de lecture estim\u00e9e":"1 minute"},"schema":{"@context":"https:\/\/schema.org","@graph":[{"@type":"WebPage","@id":"https:\/\/www.zytho.ca\/fr\/produit\/capteurs-de-position-ifm-ifm\/","url":"https:\/\/www.zytho.ca\/fr\/produit\/capteurs-de-position-ifm-ifm\/","name":"Capteurs de position IFM - Ifm - Zytho","isPartOf":{"@id":"https:\/\/www.zytho.ca\/fr\/#website"},"primaryImageOfPage":{"@id":"https:\/\/www.zytho.ca\/fr\/produit\/capteurs-de-position-ifm-ifm\/#primaryimage"},"image":{"@id":"https:\/\/www.zytho.ca\/fr\/produit\/capteurs-de-position-ifm-ifm\/#primaryimage"},"thumbnailUrl":"https:\/\/www.zytho.ca\/wp-content\/uploads\/2025\/10\/ifm-prox-v3.png","datePublished":"2025-10-27T15:42:21+00:00","dateModified":"2025-11-14T13:59:35+00:00","breadcrumb":{"@id":"https:\/\/www.zytho.ca\/fr\/produit\/capteurs-de-position-ifm-ifm\/#breadcrumb"},"inLanguage":"fr-FR","potentialAction":[{"@type":"ReadAction","target":["https:\/\/www.zytho.ca\/fr\/produit\/capteurs-de-position-ifm-ifm\/"]}]},{"@type":"ImageObject","inLanguage":"fr-FR","@id":"https:\/\/www.zytho.ca\/fr\/produit\/capteurs-de-position-ifm-ifm\/#primaryimage","url":"https:\/\/www.zytho.ca\/wp-content\/uploads\/2025\/10\/ifm-prox-v3.png","contentUrl":"https:\/\/www.zytho.ca\/wp-content\/uploads\/2025\/10\/ifm-prox-v3.png","width":405,"height":405},{"@type":"BreadcrumbList","@id":"https:\/\/www.zytho.ca\/fr\/produit\/capteurs-de-position-ifm-ifm\/#breadcrumb","itemListElement":[{"@type":"ListItem","position":1,"name":"Accueil","item":"https:\/\/www.zytho.ca\/fr\/"},{"@type":"ListItem","position":2,"name":"Shop","item":"https:\/\/www.zytho.ca\/fr\/shop\/"},{"@type":"ListItem","position":3,"name":"Capteurs de position IFM &#8211; Ifm"}]},{"@type":"WebSite","@id":"https:\/\/www.zytho.ca\/fr\/#website","url":"https:\/\/www.zytho.ca\/fr\/","name":"Zytho","description":"","publisher":{"@id":"https:\/\/www.zytho.ca\/fr\/#organization"},"potentialAction":[{"@type":"SearchAction","target":{"@type":"EntryPoint","urlTemplate":"https:\/\/www.zytho.ca\/fr\/?s={search_term_string}"},"query-input":{"@type":"PropertyValueSpecification","valueRequired":true,"valueName":"search_term_string"}}],"inLanguage":"fr-FR"},{"@type":"Organization","@id":"https:\/\/www.zytho.ca\/fr\/#organization","name":"Zytho","url":"https:\/\/www.zytho.ca\/fr\/","logo":{"@type":"ImageObject","inLanguage":"fr-FR","@id":"https:\/\/www.zytho.ca\/fr\/#\/schema\/logo\/image\/","url":"https:\/\/www.zytho.ca\/wp-content\/uploads\/2024\/05\/Zytho_reversed_horizontal.svg","contentUrl":"https:\/\/www.zytho.ca\/wp-content\/uploads\/2024\/05\/Zytho_reversed_horizontal.svg","width":1582,"height":490,"caption":"Zytho"},"image":{"@id":"https:\/\/www.zytho.ca\/fr\/#\/schema\/logo\/image\/"}}]}},"_links":{"self":[{"href":"https:\/\/www.zytho.ca\/fr\/wp-json\/wp\/v2\/product\/14023","targetHints":{"allow":["GET"]}}],"collection":[{"href":"https:\/\/www.zytho.ca\/fr\/wp-json\/wp\/v2\/product"}],"about":[{"href":"https:\/\/www.zytho.ca\/fr\/wp-json\/wp\/v2\/types\/product"}],"wp:featuredmedia":[{"embeddable":true,"href":"https:\/\/www.zytho.ca\/fr\/wp-json\/wp\/v2\/media\/14025"}],"wp:attachment":[{"href":"https:\/\/www.zytho.ca\/fr\/wp-json\/wp\/v2\/media?parent=14023"}],"wp:term":[{"taxonomy":"product_brand","embeddable":true,"href":"https:\/\/www.zytho.ca\/fr\/wp-json\/wp\/v2\/product_brand?post=14023"},{"taxonomy":"product_cat","embeddable":true,"href":"https:\/\/www.zytho.ca\/fr\/wp-json\/wp\/v2\/product_cat?post=14023"},{"taxonomy":"product_tag","embeddable":true,"href":"https:\/\/www.zytho.ca\/fr\/wp-json\/wp\/v2\/product_tag?post=14023"}],"curies":[{"name":"wp","href":"https:\/\/api.w.org\/{rel}","templated":true}]}}