{"id":14022,"date":"2026-03-17T06:43:43","date_gmt":"2026-03-17T06:43:43","guid":{"rendered":"https:\/\/zytho.ca\/product\/serie-ampco-al\/"},"modified":"2026-03-17T07:56:09","modified_gmt":"2026-03-17T07:56:09","slug":"serie-ampco-al","status":"publish","type":"product","link":"https:\/\/www.zytho.ca\/fr\/produit\/serie-ampco-al\/","title":{"rendered":"S\u00e9rie Ampco AL"},"content":{"rendered":"<p data-start=\"290\" data-end=\"661\">La s\u00e9rie AL d&#8217;Ampco est une pompe \u00e0 lobes rotatifs en acier inoxydable de premi\u00e8re qualit\u00e9 con\u00e7ue pour les applications de traitement sanitaire n\u00e9cessitant une manipulation douce et fiable des produits. Con\u00e7ue pour les syst\u00e8mes CIP (clean-in-place) et SIP (steam-in-place), la s\u00e9rie AL r\u00e9pond aux normes d&#8217;hygi\u00e8ne 3-A et EHEDG et est id\u00e9ale pour la manipulation de tous les produits, des liquides fins aux produits visqueux et charg\u00e9s de particules. <\/p>\n<p data-start=\"663\" data-end=\"898\">Sa construction compacte et robuste et ses joints d&#8217;\u00e9tanch\u00e9it\u00e9 \u00e0 chargement frontal facilitent son entretien, tandis que ses rotors usin\u00e9s avec pr\u00e9cision assurent un d\u00e9bit constant avec un minimum de pulsations &#8211; parfait pour les ingr\u00e9dients sensibles au cisaillement et les environnements de salle blanche.<\/p>\n","protected":false},"excerpt":{"rendered":"<h4>Pompe \u00e0 lobes rotative sanitaire pour un transfert s\u00fbr dans les industries alimentaires, pharmaceutiques et des boissons<\/h4>\n<p><strong>Avantages<\/strong><\/p>\n<ul>\n<li data-start=\"924\" data-end=\"997\">Certifi\u00e9 3-A et EHEDG &#8211; garantit une conformit\u00e9 totale avec les normes d&#8217;hygi\u00e8ne<\/li>\n<li data-start=\"998\" data-end=\"1068\">Joints \u00e0 chargement frontal &#8211; facilitent l&#8217;entretien et minimisent les temps d&#8217;arr\u00eat<\/li>\n<li data-start=\"1069\" data-end=\"1130\">Faible cisaillement, faible pulsation &#8211; maintien de la qualit\u00e9 du produit<\/li>\n<li data-start=\"1131\" data-end=\"1199\">Enti\u00e8rement CIP\/SIP &#8211; permet le nettoyage sans d\u00e9montage<\/li>\n<li data-start=\"1200\" data-end=\"1293\">Manipule les solides sans les endommager &#8211; parfait pour les particules dans les sauces, les cr\u00e8mes ou les boues.<\/li>\n<li data-start=\"1294\" data-end=\"1356\">Flux r\u00e9versible &#8211; rationalise la conception des tuyauteries et des processus<\/li>\n<\/ul>\n","protected":false},"featured_media":14024,"template":"","meta":{"_acf_changed":false,"inline_featured_image":false},"product_brand":[735],"product_cat":[736,1003,31],"product_tag":[],"class_list":{"0":"post-14022","1":"product","2":"type-product","3":"status-publish","4":"has-post-thumbnail","6":"product_brand-ampco","7":"product_cat-distribution","8":"product_cat-pompes-a-lobes-hygieniques","9":"product_cat-pump","11":"first","12":"instock","13":"taxable","14":"shipping-taxable","15":"product-type-simple"},"acf":[],"yoast_head":"<!-- This site is optimized with the Yoast SEO plugin v27.6 - https:\/\/yoast.com\/product\/yoast-seo-wordpress\/ -->\n<title>S\u00e9rie Ampco AL - Zytho<\/title>\n<meta name=\"robots\" content=\"index, follow, max-snippet:-1, max-image-preview:large, max-video-preview:-1\" \/>\n<link rel=\"canonical\" href=\"https:\/\/www.zytho.ca\/fr\/produit\/serie-ampco-al\/\" \/>\n<meta property=\"og:locale\" content=\"fr_FR\" \/>\n<meta property=\"og:type\" content=\"article\" \/>\n<meta property=\"og:title\" content=\"S\u00e9rie Ampco AL - Zytho\" \/>\n<meta property=\"og:description\" content=\"Pompe \u00e0 lobes rotative sanitaire pour un transfert s\u00fbr dans les industries alimentaires, pharmaceutiques et des boissons Avantages    Certifi\u00e9 3-A et EHEDG - garantit une conformit\u00e9 totale avec les normes d&#039;hygi\u00e8ne   Joints \u00e0 chargement frontal - facilitent l&#039;entretien et minimisent les temps d&#039;arr\u00eat   Faible cisaillement, faible pulsation - maintien de la qualit\u00e9 du produit   Enti\u00e8rement CIP\/SIP - permet le nettoyage sans d\u00e9montage   Manipule les solides sans les endommager - parfait pour les particules dans les sauces, les cr\u00e8mes ou les boues.   Flux r\u00e9versible - rationalise la conception des tuyauteries et des processus\" \/>\n<meta property=\"og:url\" content=\"https:\/\/www.zytho.ca\/fr\/produit\/serie-ampco-al\/\" \/>\n<meta property=\"og:site_name\" content=\"Zytho\" \/>\n<meta property=\"article:modified_time\" content=\"2026-03-17T07:56:09+00:00\" \/>\n<meta property=\"og:image\" content=\"https:\/\/www.zytho.ca\/wp-content\/uploads\/2025\/10\/alpumpv2.png\" \/>\n\t<meta property=\"og:image:width\" content=\"562\" \/>\n\t<meta property=\"og:image:height\" content=\"450\" \/>\n\t<meta property=\"og:image:type\" content=\"image\/png\" \/>\n<meta name=\"twitter:card\" content=\"summary_large_image\" \/>\n<meta name=\"twitter:label1\" content=\"Dur\u00e9e de lecture estim\u00e9e\" \/>\n\t<meta name=\"twitter:data1\" content=\"1 minute\" \/>\n<script type=\"application\/ld+json\" class=\"yoast-schema-graph\">{\"@context\":\"https:\\\/\\\/schema.org\",\"@graph\":[{\"@type\":\"WebPage\",\"@id\":\"https:\\\/\\\/www.zytho.ca\\\/fr\\\/produit\\\/serie-ampco-al\\\/\",\"url\":\"https:\\\/\\\/www.zytho.ca\\\/fr\\\/produit\\\/serie-ampco-al\\\/\",\"name\":\"S\u00e9rie Ampco AL - Zytho\",\"isPartOf\":{\"@id\":\"https:\\\/\\\/www.zytho.ca\\\/fr\\\/#website\"},\"primaryImageOfPage\":{\"@id\":\"https:\\\/\\\/www.zytho.ca\\\/fr\\\/produit\\\/serie-ampco-al\\\/#primaryimage\"},\"image\":{\"@id\":\"https:\\\/\\\/www.zytho.ca\\\/fr\\\/produit\\\/serie-ampco-al\\\/#primaryimage\"},\"thumbnailUrl\":\"https:\\\/\\\/www.zytho.ca\\\/wp-content\\\/uploads\\\/2025\\\/10\\\/alpumpv2.png\",\"datePublished\":\"2026-03-17T06:43:43+00:00\",\"dateModified\":\"2026-03-17T07:56:09+00:00\",\"breadcrumb\":{\"@id\":\"https:\\\/\\\/www.zytho.ca\\\/fr\\\/produit\\\/serie-ampco-al\\\/#breadcrumb\"},\"inLanguage\":\"fr-FR\",\"potentialAction\":[{\"@type\":\"ReadAction\",\"target\":[\"https:\\\/\\\/www.zytho.ca\\\/fr\\\/produit\\\/serie-ampco-al\\\/\"]}]},{\"@type\":\"ImageObject\",\"inLanguage\":\"fr-FR\",\"@id\":\"https:\\\/\\\/www.zytho.ca\\\/fr\\\/produit\\\/serie-ampco-al\\\/#primaryimage\",\"url\":\"https:\\\/\\\/www.zytho.ca\\\/wp-content\\\/uploads\\\/2025\\\/10\\\/alpumpv2.png\",\"contentUrl\":\"https:\\\/\\\/www.zytho.ca\\\/wp-content\\\/uploads\\\/2025\\\/10\\\/alpumpv2.png\",\"width\":562,\"height\":450},{\"@type\":\"BreadcrumbList\",\"@id\":\"https:\\\/\\\/www.zytho.ca\\\/fr\\\/produit\\\/serie-ampco-al\\\/#breadcrumb\",\"itemListElement\":[{\"@type\":\"ListItem\",\"position\":1,\"name\":\"Accueil\",\"item\":\"https:\\\/\\\/www.zytho.ca\\\/fr\\\/\"},{\"@type\":\"ListItem\",\"position\":2,\"name\":\"Shop\",\"item\":\"https:\\\/\\\/www.zytho.ca\\\/fr\\\/shop\\\/\"},{\"@type\":\"ListItem\",\"position\":3,\"name\":\"S\u00e9rie Ampco AL\"}]},{\"@type\":\"WebSite\",\"@id\":\"https:\\\/\\\/www.zytho.ca\\\/fr\\\/#website\",\"url\":\"https:\\\/\\\/www.zytho.ca\\\/fr\\\/\",\"name\":\"Zytho\",\"description\":\"\",\"publisher\":{\"@id\":\"https:\\\/\\\/www.zytho.ca\\\/fr\\\/#organization\"},\"potentialAction\":[{\"@type\":\"SearchAction\",\"target\":{\"@type\":\"EntryPoint\",\"urlTemplate\":\"https:\\\/\\\/www.zytho.ca\\\/fr\\\/?s={search_term_string}\"},\"query-input\":{\"@type\":\"PropertyValueSpecification\",\"valueRequired\":true,\"valueName\":\"search_term_string\"}}],\"inLanguage\":\"fr-FR\"},{\"@type\":\"Organization\",\"@id\":\"https:\\\/\\\/www.zytho.ca\\\/fr\\\/#organization\",\"name\":\"Zytho\",\"url\":\"https:\\\/\\\/www.zytho.ca\\\/fr\\\/\",\"logo\":{\"@type\":\"ImageObject\",\"inLanguage\":\"fr-FR\",\"@id\":\"https:\\\/\\\/www.zytho.ca\\\/fr\\\/#\\\/schema\\\/logo\\\/image\\\/\",\"url\":\"https:\\\/\\\/www.zytho.ca\\\/wp-content\\\/uploads\\\/2024\\\/05\\\/Zytho_reversed_horizontal.svg\",\"contentUrl\":\"https:\\\/\\\/www.zytho.ca\\\/wp-content\\\/uploads\\\/2024\\\/05\\\/Zytho_reversed_horizontal.svg\",\"width\":1582,\"height\":490,\"caption\":\"Zytho\"},\"image\":{\"@id\":\"https:\\\/\\\/www.zytho.ca\\\/fr\\\/#\\\/schema\\\/logo\\\/image\\\/\"}}]}<\/script>\n<!-- \/ Yoast SEO plugin. -->","yoast_head_json":{"title":"S\u00e9rie Ampco AL - Zytho","robots":{"index":"index","follow":"follow","max-snippet":"max-snippet:-1","max-image-preview":"max-image-preview:large","max-video-preview":"max-video-preview:-1"},"canonical":"https:\/\/www.zytho.ca\/fr\/produit\/serie-ampco-al\/","og_locale":"fr_FR","og_type":"article","og_title":"S\u00e9rie Ampco AL - Zytho","og_description":"Pompe \u00e0 lobes rotative sanitaire pour un transfert s\u00fbr dans les industries alimentaires, pharmaceutiques et des boissons Avantages    Certifi\u00e9 3-A et EHEDG - garantit une conformit\u00e9 totale avec les normes d'hygi\u00e8ne   Joints \u00e0 chargement frontal - facilitent l'entretien et minimisent les temps d'arr\u00eat   Faible cisaillement, faible pulsation - maintien de la qualit\u00e9 du produit   Enti\u00e8rement CIP\/SIP - permet le nettoyage sans d\u00e9montage   Manipule les solides sans les endommager - parfait pour les particules dans les sauces, les cr\u00e8mes ou les boues.   Flux r\u00e9versible - rationalise la conception des tuyauteries et des processus","og_url":"https:\/\/www.zytho.ca\/fr\/produit\/serie-ampco-al\/","og_site_name":"Zytho","article_modified_time":"2026-03-17T07:56:09+00:00","og_image":[{"width":562,"height":450,"url":"https:\/\/www.zytho.ca\/wp-content\/uploads\/2025\/10\/alpumpv2.png","type":"image\/png"}],"twitter_card":"summary_large_image","twitter_misc":{"Dur\u00e9e de lecture estim\u00e9e":"1 minute"},"schema":{"@context":"https:\/\/schema.org","@graph":[{"@type":"WebPage","@id":"https:\/\/www.zytho.ca\/fr\/produit\/serie-ampco-al\/","url":"https:\/\/www.zytho.ca\/fr\/produit\/serie-ampco-al\/","name":"S\u00e9rie Ampco AL - Zytho","isPartOf":{"@id":"https:\/\/www.zytho.ca\/fr\/#website"},"primaryImageOfPage":{"@id":"https:\/\/www.zytho.ca\/fr\/produit\/serie-ampco-al\/#primaryimage"},"image":{"@id":"https:\/\/www.zytho.ca\/fr\/produit\/serie-ampco-al\/#primaryimage"},"thumbnailUrl":"https:\/\/www.zytho.ca\/wp-content\/uploads\/2025\/10\/alpumpv2.png","datePublished":"2026-03-17T06:43:43+00:00","dateModified":"2026-03-17T07:56:09+00:00","breadcrumb":{"@id":"https:\/\/www.zytho.ca\/fr\/produit\/serie-ampco-al\/#breadcrumb"},"inLanguage":"fr-FR","potentialAction":[{"@type":"ReadAction","target":["https:\/\/www.zytho.ca\/fr\/produit\/serie-ampco-al\/"]}]},{"@type":"ImageObject","inLanguage":"fr-FR","@id":"https:\/\/www.zytho.ca\/fr\/produit\/serie-ampco-al\/#primaryimage","url":"https:\/\/www.zytho.ca\/wp-content\/uploads\/2025\/10\/alpumpv2.png","contentUrl":"https:\/\/www.zytho.ca\/wp-content\/uploads\/2025\/10\/alpumpv2.png","width":562,"height":450},{"@type":"BreadcrumbList","@id":"https:\/\/www.zytho.ca\/fr\/produit\/serie-ampco-al\/#breadcrumb","itemListElement":[{"@type":"ListItem","position":1,"name":"Accueil","item":"https:\/\/www.zytho.ca\/fr\/"},{"@type":"ListItem","position":2,"name":"Shop","item":"https:\/\/www.zytho.ca\/fr\/shop\/"},{"@type":"ListItem","position":3,"name":"S\u00e9rie Ampco AL"}]},{"@type":"WebSite","@id":"https:\/\/www.zytho.ca\/fr\/#website","url":"https:\/\/www.zytho.ca\/fr\/","name":"Zytho","description":"","publisher":{"@id":"https:\/\/www.zytho.ca\/fr\/#organization"},"potentialAction":[{"@type":"SearchAction","target":{"@type":"EntryPoint","urlTemplate":"https:\/\/www.zytho.ca\/fr\/?s={search_term_string}"},"query-input":{"@type":"PropertyValueSpecification","valueRequired":true,"valueName":"search_term_string"}}],"inLanguage":"fr-FR"},{"@type":"Organization","@id":"https:\/\/www.zytho.ca\/fr\/#organization","name":"Zytho","url":"https:\/\/www.zytho.ca\/fr\/","logo":{"@type":"ImageObject","inLanguage":"fr-FR","@id":"https:\/\/www.zytho.ca\/fr\/#\/schema\/logo\/image\/","url":"https:\/\/www.zytho.ca\/wp-content\/uploads\/2024\/05\/Zytho_reversed_horizontal.svg","contentUrl":"https:\/\/www.zytho.ca\/wp-content\/uploads\/2024\/05\/Zytho_reversed_horizontal.svg","width":1582,"height":490,"caption":"Zytho"},"image":{"@id":"https:\/\/www.zytho.ca\/fr\/#\/schema\/logo\/image\/"}}]}},"_links":{"self":[{"href":"https:\/\/www.zytho.ca\/fr\/wp-json\/wp\/v2\/product\/14022","targetHints":{"allow":["GET"]}}],"collection":[{"href":"https:\/\/www.zytho.ca\/fr\/wp-json\/wp\/v2\/product"}],"about":[{"href":"https:\/\/www.zytho.ca\/fr\/wp-json\/wp\/v2\/types\/product"}],"wp:featuredmedia":[{"embeddable":true,"href":"https:\/\/www.zytho.ca\/fr\/wp-json\/wp\/v2\/media\/14024"}],"wp:attachment":[{"href":"https:\/\/www.zytho.ca\/fr\/wp-json\/wp\/v2\/media?parent=14022"}],"wp:term":[{"taxonomy":"product_brand","embeddable":true,"href":"https:\/\/www.zytho.ca\/fr\/wp-json\/wp\/v2\/product_brand?post=14022"},{"taxonomy":"product_cat","embeddable":true,"href":"https:\/\/www.zytho.ca\/fr\/wp-json\/wp\/v2\/product_cat?post=14022"},{"taxonomy":"product_tag","embeddable":true,"href":"https:\/\/www.zytho.ca\/fr\/wp-json\/wp\/v2\/product_tag?post=14022"}],"curies":[{"name":"wp","href":"https:\/\/api.w.org\/{rel}","templated":true}]}}