{"id":14018,"date":"2026-03-17T06:43:43","date_gmt":"2026-03-17T06:43:43","guid":{"rendered":"https:\/\/zytho.ca\/product\/ampco-serie-h\/"},"modified":"2026-03-17T06:43:43","modified_gmt":"2026-03-17T06:43:43","slug":"ampco-serie-h","status":"publish","type":"product","link":"https:\/\/www.zytho.ca\/fr\/produit\/ampco-serie-h\/","title":{"rendered":"Ampco S\u00e9rie H"},"content":{"rendered":"<p data-start=\"41\" data-end=\"391\">Les pompes Ampco de la s\u00e9rie H offrent des performances \u00e9lev\u00e9es dans une large gamme de d\u00e9bits et de pressions, le tout dans une conception durable et facile \u00e0 entretenir. Dot\u00e9es d&#8217;un joint \u00e0 taille unique pour tous les mod\u00e8les et d&#8217;une roue et d&#8217;un arbre \u00e0 accouplement direct, elles offrent une r\u00e9duction des vibrations, une plus longue dur\u00e9e de vie des roulements et une plus grande flexibilit\u00e9. <\/p>\n<h4 data-start=\"393\" data-end=\"416\"><strong data-start=\"397\" data-end=\"414\">Caract\u00e9ristiques principales :<\/strong><\/h4>\n<ul>\n<li>Convient aux applications \u00e0 faible NPSH (Net Positive Suction Head)<\/li>\n<li>Conception unifi\u00e9e des joints, compatible avec tous les mod\u00e8les<\/li>\n<li>Disponible dans des configurations \u00e0 faible volume, standard et \u00e0 volume \u00e9lev\u00e9<\/li>\n<li>Con\u00e7u pour faciliter l&#8217;assemblage et l&#8217;entretien<\/li>\n<li>Fabriqu\u00e9 en acier inoxydable 316L durable<\/li>\n<li>Roues \u00e9quilibr\u00e9es pour un fonctionnement en douceur<\/li>\n<li>Offre de multiples options de connexion et de montage<\/li>\n<li>Couplage \u00e9troit avec les moteurs du cadre JM<\/li>\n<li>Compatible avec les syst\u00e8mes CIP (Clean-in-Place)<\/li>\n<li>Con\u00e7u pour une grande efficacit\u00e9 op\u00e9rationnelle<\/li>\n<\/ul>\n","protected":false},"excerpt":{"rendered":"<h4 class=\"fusion-title-heading title-heading-left fusion-responsive-typography-calculated\">D\u00e9couvrez la puissance, la pr\u00e9cision et la flexibilit\u00e9 de nos pi\u00e8ces<\/h4>\n<p><strong><span class=\"OYPEnA\">Avantages<\/span><\/strong><\/p>\n<ul>\n<li class=\"Xp24Nw _bsDhw cgHgbA nxe3IQ _4c44Ng\">Enti\u00e8rement compatibles hydrauliquement et dimensionnellement avec les autres pompes de la s\u00e9rie 200, les mises \u00e0 niveau se font sans effort.<\/li>\n<li class=\"Xp24Nw _bsDhw cgHgbA nxe3IQ _4c44Ng\">Propos\u00e9 en 8 mod\u00e8les diff\u00e9rents, allant d&#8217;un volume faible \u00e0 un volume \u00e9lev\u00e9.<\/li>\n<li>Conception uniforme des joints applicable \u00e0 tous les mod\u00e8les.<\/li>\n<\/ul>\n","protected":false},"featured_media":14019,"template":"","meta":{"_acf_changed":false,"inline_featured_image":false},"product_brand":[735],"product_cat":[736,995,999,738,31],"product_tag":[739],"class_list":{"0":"post-14018","1":"product","2":"type-product","3":"status-publish","4":"has-post-thumbnail","6":"product_brand-ampco","7":"product_cat-distribution","8":"product_cat-pompe-centrifuge","9":"product_cat-pompes-centrifuges-de-grande-capacite","10":"product_cat-pompes-centrifuges-hygieniques","11":"product_cat-pump","12":"product_tag-pas-de-prix","14":"first","15":"instock","16":"taxable","17":"shipping-taxable","18":"product-type-simple"},"acf":[],"yoast_head":"<!-- This site is optimized with the Yoast SEO plugin v27.6 - https:\/\/yoast.com\/product\/yoast-seo-wordpress\/ -->\n<title>Ampco S\u00e9rie H - Zytho<\/title>\n<meta name=\"robots\" content=\"index, follow, max-snippet:-1, max-image-preview:large, max-video-preview:-1\" \/>\n<link rel=\"canonical\" href=\"https:\/\/www.zytho.ca\/fr\/produit\/ampco-serie-h\/\" \/>\n<meta property=\"og:locale\" content=\"fr_FR\" \/>\n<meta property=\"og:type\" content=\"article\" \/>\n<meta property=\"og:title\" content=\"Ampco S\u00e9rie H - Zytho\" \/>\n<meta property=\"og:description\" content=\"D\u00e9couvrez la puissance, la pr\u00e9cision et la flexibilit\u00e9 de nos pi\u00e8ces Avantages  Enti\u00e8rement compatibles hydrauliquement et dimensionnellement avec les autres pompes de la s\u00e9rie 200, les mises \u00e0 niveau se font sans effort.  Propos\u00e9 en 8 mod\u00e8les diff\u00e9rents, allant d&#039;un volume faible \u00e0 un volume \u00e9lev\u00e9.  Conception uniforme des joints applicable \u00e0 tous les mod\u00e8les.\" \/>\n<meta property=\"og:url\" content=\"https:\/\/www.zytho.ca\/fr\/produit\/ampco-serie-h\/\" \/>\n<meta property=\"og:site_name\" content=\"Zytho\" \/>\n<meta property=\"og:image\" content=\"https:\/\/www.zytho.ca\/wp-content\/uploads\/2025\/10\/H-Series.png\" \/>\n\t<meta property=\"og:image:width\" content=\"700\" \/>\n\t<meta property=\"og:image:height\" content=\"350\" \/>\n\t<meta property=\"og:image:type\" content=\"image\/png\" \/>\n<meta name=\"twitter:card\" content=\"summary_large_image\" \/>\n<meta name=\"twitter:label1\" content=\"Dur\u00e9e de lecture estim\u00e9e\" \/>\n\t<meta name=\"twitter:data1\" content=\"1 minute\" \/>\n<script type=\"application\/ld+json\" class=\"yoast-schema-graph\">{\"@context\":\"https:\\\/\\\/schema.org\",\"@graph\":[{\"@type\":\"WebPage\",\"@id\":\"https:\\\/\\\/www.zytho.ca\\\/fr\\\/produit\\\/ampco-serie-h\\\/\",\"url\":\"https:\\\/\\\/www.zytho.ca\\\/fr\\\/produit\\\/ampco-serie-h\\\/\",\"name\":\"Ampco S\u00e9rie H - Zytho\",\"isPartOf\":{\"@id\":\"https:\\\/\\\/www.zytho.ca\\\/fr\\\/#website\"},\"primaryImageOfPage\":{\"@id\":\"https:\\\/\\\/www.zytho.ca\\\/fr\\\/produit\\\/ampco-serie-h\\\/#primaryimage\"},\"image\":{\"@id\":\"https:\\\/\\\/www.zytho.ca\\\/fr\\\/produit\\\/ampco-serie-h\\\/#primaryimage\"},\"thumbnailUrl\":\"https:\\\/\\\/www.zytho.ca\\\/wp-content\\\/uploads\\\/2025\\\/10\\\/H-Series.png\",\"datePublished\":\"2026-03-17T06:43:43+00:00\",\"breadcrumb\":{\"@id\":\"https:\\\/\\\/www.zytho.ca\\\/fr\\\/produit\\\/ampco-serie-h\\\/#breadcrumb\"},\"inLanguage\":\"fr-FR\",\"potentialAction\":[{\"@type\":\"ReadAction\",\"target\":[\"https:\\\/\\\/www.zytho.ca\\\/fr\\\/produit\\\/ampco-serie-h\\\/\"]}]},{\"@type\":\"ImageObject\",\"inLanguage\":\"fr-FR\",\"@id\":\"https:\\\/\\\/www.zytho.ca\\\/fr\\\/produit\\\/ampco-serie-h\\\/#primaryimage\",\"url\":\"https:\\\/\\\/www.zytho.ca\\\/wp-content\\\/uploads\\\/2025\\\/10\\\/H-Series.png\",\"contentUrl\":\"https:\\\/\\\/www.zytho.ca\\\/wp-content\\\/uploads\\\/2025\\\/10\\\/H-Series.png\",\"width\":700,\"height\":350},{\"@type\":\"BreadcrumbList\",\"@id\":\"https:\\\/\\\/www.zytho.ca\\\/fr\\\/produit\\\/ampco-serie-h\\\/#breadcrumb\",\"itemListElement\":[{\"@type\":\"ListItem\",\"position\":1,\"name\":\"Accueil\",\"item\":\"https:\\\/\\\/www.zytho.ca\\\/fr\\\/\"},{\"@type\":\"ListItem\",\"position\":2,\"name\":\"Shop\",\"item\":\"https:\\\/\\\/www.zytho.ca\\\/fr\\\/shop\\\/\"},{\"@type\":\"ListItem\",\"position\":3,\"name\":\"Ampco S\u00e9rie H\"}]},{\"@type\":\"WebSite\",\"@id\":\"https:\\\/\\\/www.zytho.ca\\\/fr\\\/#website\",\"url\":\"https:\\\/\\\/www.zytho.ca\\\/fr\\\/\",\"name\":\"Zytho\",\"description\":\"\",\"publisher\":{\"@id\":\"https:\\\/\\\/www.zytho.ca\\\/fr\\\/#organization\"},\"potentialAction\":[{\"@type\":\"SearchAction\",\"target\":{\"@type\":\"EntryPoint\",\"urlTemplate\":\"https:\\\/\\\/www.zytho.ca\\\/fr\\\/?s={search_term_string}\"},\"query-input\":{\"@type\":\"PropertyValueSpecification\",\"valueRequired\":true,\"valueName\":\"search_term_string\"}}],\"inLanguage\":\"fr-FR\"},{\"@type\":\"Organization\",\"@id\":\"https:\\\/\\\/www.zytho.ca\\\/fr\\\/#organization\",\"name\":\"Zytho\",\"url\":\"https:\\\/\\\/www.zytho.ca\\\/fr\\\/\",\"logo\":{\"@type\":\"ImageObject\",\"inLanguage\":\"fr-FR\",\"@id\":\"https:\\\/\\\/www.zytho.ca\\\/fr\\\/#\\\/schema\\\/logo\\\/image\\\/\",\"url\":\"https:\\\/\\\/www.zytho.ca\\\/wp-content\\\/uploads\\\/2024\\\/05\\\/Zytho_reversed_horizontal.svg\",\"contentUrl\":\"https:\\\/\\\/www.zytho.ca\\\/wp-content\\\/uploads\\\/2024\\\/05\\\/Zytho_reversed_horizontal.svg\",\"width\":1582,\"height\":490,\"caption\":\"Zytho\"},\"image\":{\"@id\":\"https:\\\/\\\/www.zytho.ca\\\/fr\\\/#\\\/schema\\\/logo\\\/image\\\/\"}}]}<\/script>\n<!-- \/ Yoast SEO plugin. -->","yoast_head_json":{"title":"Ampco S\u00e9rie H - Zytho","robots":{"index":"index","follow":"follow","max-snippet":"max-snippet:-1","max-image-preview":"max-image-preview:large","max-video-preview":"max-video-preview:-1"},"canonical":"https:\/\/www.zytho.ca\/fr\/produit\/ampco-serie-h\/","og_locale":"fr_FR","og_type":"article","og_title":"Ampco S\u00e9rie H - Zytho","og_description":"D\u00e9couvrez la puissance, la pr\u00e9cision et la flexibilit\u00e9 de nos pi\u00e8ces Avantages  Enti\u00e8rement compatibles hydrauliquement et dimensionnellement avec les autres pompes de la s\u00e9rie 200, les mises \u00e0 niveau se font sans effort.  Propos\u00e9 en 8 mod\u00e8les diff\u00e9rents, allant d'un volume faible \u00e0 un volume \u00e9lev\u00e9.  Conception uniforme des joints applicable \u00e0 tous les mod\u00e8les.","og_url":"https:\/\/www.zytho.ca\/fr\/produit\/ampco-serie-h\/","og_site_name":"Zytho","og_image":[{"width":700,"height":350,"url":"https:\/\/www.zytho.ca\/wp-content\/uploads\/2025\/10\/H-Series.png","type":"image\/png"}],"twitter_card":"summary_large_image","twitter_misc":{"Dur\u00e9e de lecture estim\u00e9e":"1 minute"},"schema":{"@context":"https:\/\/schema.org","@graph":[{"@type":"WebPage","@id":"https:\/\/www.zytho.ca\/fr\/produit\/ampco-serie-h\/","url":"https:\/\/www.zytho.ca\/fr\/produit\/ampco-serie-h\/","name":"Ampco S\u00e9rie H - Zytho","isPartOf":{"@id":"https:\/\/www.zytho.ca\/fr\/#website"},"primaryImageOfPage":{"@id":"https:\/\/www.zytho.ca\/fr\/produit\/ampco-serie-h\/#primaryimage"},"image":{"@id":"https:\/\/www.zytho.ca\/fr\/produit\/ampco-serie-h\/#primaryimage"},"thumbnailUrl":"https:\/\/www.zytho.ca\/wp-content\/uploads\/2025\/10\/H-Series.png","datePublished":"2026-03-17T06:43:43+00:00","breadcrumb":{"@id":"https:\/\/www.zytho.ca\/fr\/produit\/ampco-serie-h\/#breadcrumb"},"inLanguage":"fr-FR","potentialAction":[{"@type":"ReadAction","target":["https:\/\/www.zytho.ca\/fr\/produit\/ampco-serie-h\/"]}]},{"@type":"ImageObject","inLanguage":"fr-FR","@id":"https:\/\/www.zytho.ca\/fr\/produit\/ampco-serie-h\/#primaryimage","url":"https:\/\/www.zytho.ca\/wp-content\/uploads\/2025\/10\/H-Series.png","contentUrl":"https:\/\/www.zytho.ca\/wp-content\/uploads\/2025\/10\/H-Series.png","width":700,"height":350},{"@type":"BreadcrumbList","@id":"https:\/\/www.zytho.ca\/fr\/produit\/ampco-serie-h\/#breadcrumb","itemListElement":[{"@type":"ListItem","position":1,"name":"Accueil","item":"https:\/\/www.zytho.ca\/fr\/"},{"@type":"ListItem","position":2,"name":"Shop","item":"https:\/\/www.zytho.ca\/fr\/shop\/"},{"@type":"ListItem","position":3,"name":"Ampco S\u00e9rie H"}]},{"@type":"WebSite","@id":"https:\/\/www.zytho.ca\/fr\/#website","url":"https:\/\/www.zytho.ca\/fr\/","name":"Zytho","description":"","publisher":{"@id":"https:\/\/www.zytho.ca\/fr\/#organization"},"potentialAction":[{"@type":"SearchAction","target":{"@type":"EntryPoint","urlTemplate":"https:\/\/www.zytho.ca\/fr\/?s={search_term_string}"},"query-input":{"@type":"PropertyValueSpecification","valueRequired":true,"valueName":"search_term_string"}}],"inLanguage":"fr-FR"},{"@type":"Organization","@id":"https:\/\/www.zytho.ca\/fr\/#organization","name":"Zytho","url":"https:\/\/www.zytho.ca\/fr\/","logo":{"@type":"ImageObject","inLanguage":"fr-FR","@id":"https:\/\/www.zytho.ca\/fr\/#\/schema\/logo\/image\/","url":"https:\/\/www.zytho.ca\/wp-content\/uploads\/2024\/05\/Zytho_reversed_horizontal.svg","contentUrl":"https:\/\/www.zytho.ca\/wp-content\/uploads\/2024\/05\/Zytho_reversed_horizontal.svg","width":1582,"height":490,"caption":"Zytho"},"image":{"@id":"https:\/\/www.zytho.ca\/fr\/#\/schema\/logo\/image\/"}}]}},"_links":{"self":[{"href":"https:\/\/www.zytho.ca\/fr\/wp-json\/wp\/v2\/product\/14018","targetHints":{"allow":["GET"]}}],"collection":[{"href":"https:\/\/www.zytho.ca\/fr\/wp-json\/wp\/v2\/product"}],"about":[{"href":"https:\/\/www.zytho.ca\/fr\/wp-json\/wp\/v2\/types\/product"}],"wp:featuredmedia":[{"embeddable":true,"href":"https:\/\/www.zytho.ca\/fr\/wp-json\/wp\/v2\/media\/14019"}],"wp:attachment":[{"href":"https:\/\/www.zytho.ca\/fr\/wp-json\/wp\/v2\/media?parent=14018"}],"wp:term":[{"taxonomy":"product_brand","embeddable":true,"href":"https:\/\/www.zytho.ca\/fr\/wp-json\/wp\/v2\/product_brand?post=14018"},{"taxonomy":"product_cat","embeddable":true,"href":"https:\/\/www.zytho.ca\/fr\/wp-json\/wp\/v2\/product_cat?post=14018"},{"taxonomy":"product_tag","embeddable":true,"href":"https:\/\/www.zytho.ca\/fr\/wp-json\/wp\/v2\/product_tag?post=14018"}],"curies":[{"name":"wp","href":"https:\/\/api.w.org\/{rel}","templated":true}]}}