{"id":14015,"date":"2026-03-17T06:43:43","date_gmt":"2026-03-17T06:43:43","guid":{"rendered":"https:\/\/zytho.ca\/product\/ampco-serie-l\/"},"modified":"2026-03-17T06:43:43","modified_gmt":"2026-03-17T06:43:43","slug":"ampco-serie-l","status":"publish","type":"product","link":"https:\/\/www.zytho.ca\/fr\/produit\/ampco-serie-l\/","title":{"rendered":"Ampco S\u00e9rie L"},"content":{"rendered":"<p data-start=\"290\" data-end=\"661\">Les pompes centrifuges de la s\u00e9rie L sont con\u00e7ues pour traiter efficacement et en douceur des produits d&#8217;une viscosit\u00e9 allant jusqu&#8217;\u00e0 1200 cP. Tous les mod\u00e8les sont compatibles avec le nettoyage en place (NEP) et les variantes LC, LD, LF et LH sont certifi\u00e9es 3A pour les applications sanitaires. <\/p>\n<p>Les s\u00e9ries de mod\u00e8les sont incluses dans la s\u00e9rie L :<\/p>\n<ul>\n<li><a href=\"https:\/\/www.Zythoprocess.com\/product\/ampco-lc-series\/\">LC<\/a> \u00e0 joint unique<\/li>\n<li><a href=\"https:\/\/www.Zythoprocess.com\/product\/ampco-ld\/\">LD<\/a> avec double joint<\/li>\n<li><a href=\"https:\/\/www.Zythoprocess.com\/product\/ampco-lf\/\">LF<\/a> avec joint d&#8217;\u00e9tanch\u00e9it\u00e9 \u00e0 chargement frontal<\/li>\n<li><a href=\"https:\/\/www.Zythoprocess.com\/product\/ampco-lm\/\">LM<\/a> avec joint \u00e0 chargement frontal<\/li>\n<li><a href=\"https:\/\/www.Zythoprocess.com\/product\/ampco-lh\/\">LH<\/a> avec traitement de la haute pression<\/li>\n<\/ul>\n<p data-start=\"0\" data-end=\"32\"><strong data-start=\"0\" data-end=\"30\">Caract\u00e9ristiques standard de la s\u00e9rie L<\/strong><\/p>\n<ul>\n<li>Extr\u00e9mit\u00e9 du fluide en acier inoxydable 316L pour la r\u00e9sistance \u00e0 la corrosion et la durabilit\u00e9<\/li>\n<li>Adaptateurs en acier inoxydable 304<\/li>\n<li>Roues \u00e9quilibr\u00e9es avec pr\u00e9cision pour un fonctionnement en douceur<\/li>\n<li>Construction \u00e0 parois \u00e9paisses, moul\u00e9es et usin\u00e9es pour plus de solidit\u00e9<\/li>\n<li>Connexions Tri-Clamp pour un assemblage rapide et hygi\u00e9nique<\/li>\n<\/ul>\n<p data-start=\"311\" data-end=\"343\"><strong data-start=\"311\" data-end=\"341\">Caract\u00e9ristiques de la s\u00e9rie L<\/strong><\/p>\n<ul>\n<li>Disponible en 64 mod\u00e8les<\/li>\n<li>Pression d&#8217;entr\u00e9e maximale : 600 PSI (41 BAR)<\/li>\n<li>D\u00e9bit maximum : 1800 GPM (409 m\u00b3\/h)<\/li>\n<li>Traitement des viscosit\u00e9s jusqu&#8217;\u00e0 1200 cP<\/li>\n<li>Trois options de garnitures m\u00e9caniques disponibles pour des applications vari\u00e9es<\/li>\n<\/ul>\n<p>&nbsp;<\/p>\n","protected":false},"excerpt":{"rendered":"<h4>Pompes centrifuges \u00e0 haut rendement et \u00e0 faible NPSH<\/h4>\n<p><strong>Avantages<\/strong><\/p>\n<ul>\n<li data-start=\"924\" data-end=\"997\">Performance optimis\u00e9e pour les faibles NPSH : Con\u00e7u pour des conditions d&#8217;aspiration difficiles.<\/li>\n<li data-start=\"924\" data-end=\"997\">Fabriqu\u00e9 en acier inoxydable 316L : Offre une durabilit\u00e9 et une r\u00e9sistance \u00e0 la corrosion, convenant aux applications sanitaires et industrielles.<\/li>\n<li data-start=\"924\" data-end=\"997\">Conception de l&#8217;extraction par l&#8217;arri\u00e8re : Facilite la maintenance en permettant l&#8217;entretien sans interrompre le syst\u00e8me de tuyauterie.<\/li>\n<li data-start=\"924\" data-end=\"997\">Roue \u00e9quilibr\u00e9e en une seule pi\u00e8ce : Favorise un fonctionnement en douceur et minimise les vibrations.<\/li>\n<li data-start=\"924\" data-end=\"997\">Options d&#8217;\u00e9tanch\u00e9it\u00e9 polyvalentes : Disponible avec des garnitures m\u00e9caniques dans diverses configurations pour r\u00e9pondre aux exigences de diff\u00e9rents fluides et pressions.<\/li>\n<li data-start=\"924\" data-end=\"997\">Compatibilit\u00e9 CIP : Con\u00e7u pour supporter les processus de nettoyage en place dans les environnements sanitaires.<\/li>\n<\/ul>\n","protected":false},"featured_media":14017,"template":"","meta":{"_acf_changed":false,"inline_featured_image":false},"product_brand":[735],"product_cat":[736,738,31],"product_tag":[739,996],"class_list":{"0":"post-14015","1":"product","2":"type-product","3":"status-publish","4":"has-post-thumbnail","6":"product_brand-ampco","7":"product_cat-distribution","8":"product_cat-pompes-centrifuges-hygieniques","9":"product_cat-pump","10":"product_tag-pas-de-prix","11":"product_tag-serie-l","13":"first","14":"instock","15":"taxable","16":"shipping-taxable","17":"product-type-simple"},"acf":[],"yoast_head":"<!-- This site is optimized with the Yoast SEO plugin v27.6 - https:\/\/yoast.com\/product\/yoast-seo-wordpress\/ -->\n<title>Ampco S\u00e9rie L - Zytho<\/title>\n<meta name=\"robots\" content=\"index, follow, max-snippet:-1, max-image-preview:large, max-video-preview:-1\" \/>\n<link rel=\"canonical\" href=\"https:\/\/www.zytho.ca\/fr\/produit\/ampco-serie-l\/\" \/>\n<meta property=\"og:locale\" content=\"fr_FR\" \/>\n<meta property=\"og:type\" content=\"article\" \/>\n<meta property=\"og:title\" content=\"Ampco S\u00e9rie L - Zytho\" \/>\n<meta property=\"og:description\" content=\"Pompes centrifuges \u00e0 haut rendement et \u00e0 faible NPSH Avantages    Performance optimis\u00e9e pour les faibles NPSH : Con\u00e7u pour des conditions d&#039;aspiration difficiles.   Fabriqu\u00e9 en acier inoxydable 316L : Offre une durabilit\u00e9 et une r\u00e9sistance \u00e0 la corrosion, convenant aux applications sanitaires et industrielles.   Conception de l&#039;extraction par l&#039;arri\u00e8re : Facilite la maintenance en permettant l&#039;entretien sans interrompre le syst\u00e8me de tuyauterie.   Roue \u00e9quilibr\u00e9e en une seule pi\u00e8ce : Favorise un fonctionnement en douceur et minimise les vibrations.   Options d&#039;\u00e9tanch\u00e9it\u00e9 polyvalentes : Disponible avec des garnitures m\u00e9caniques dans diverses configurations pour r\u00e9pondre aux exigences de diff\u00e9rents fluides et pressions.   Compatibilit\u00e9 CIP : Con\u00e7u pour supporter les processus de nettoyage en place dans les environnements sanitaires.\" \/>\n<meta property=\"og:url\" content=\"https:\/\/www.zytho.ca\/fr\/produit\/ampco-serie-l\/\" \/>\n<meta property=\"og:site_name\" content=\"Zytho\" \/>\n<meta property=\"og:image\" content=\"https:\/\/www.zytho.ca\/wp-content\/uploads\/2025\/10\/1737042145643.jpg\" \/>\n\t<meta property=\"og:image:width\" content=\"800\" \/>\n\t<meta property=\"og:image:height\" content=\"571\" \/>\n\t<meta property=\"og:image:type\" content=\"image\/jpeg\" \/>\n<meta name=\"twitter:card\" content=\"summary_large_image\" \/>\n<meta name=\"twitter:label1\" content=\"Dur\u00e9e de lecture estim\u00e9e\" \/>\n\t<meta name=\"twitter:data1\" content=\"1 minute\" \/>\n<script type=\"application\/ld+json\" class=\"yoast-schema-graph\">{\"@context\":\"https:\\\/\\\/schema.org\",\"@graph\":[{\"@type\":\"WebPage\",\"@id\":\"https:\\\/\\\/www.zytho.ca\\\/fr\\\/produit\\\/ampco-serie-l\\\/\",\"url\":\"https:\\\/\\\/www.zytho.ca\\\/fr\\\/produit\\\/ampco-serie-l\\\/\",\"name\":\"Ampco S\u00e9rie L - Zytho\",\"isPartOf\":{\"@id\":\"https:\\\/\\\/www.zytho.ca\\\/fr\\\/#website\"},\"primaryImageOfPage\":{\"@id\":\"https:\\\/\\\/www.zytho.ca\\\/fr\\\/produit\\\/ampco-serie-l\\\/#primaryimage\"},\"image\":{\"@id\":\"https:\\\/\\\/www.zytho.ca\\\/fr\\\/produit\\\/ampco-serie-l\\\/#primaryimage\"},\"thumbnailUrl\":\"https:\\\/\\\/www.zytho.ca\\\/wp-content\\\/uploads\\\/2025\\\/10\\\/1737042145643.jpg\",\"datePublished\":\"2026-03-17T06:43:43+00:00\",\"breadcrumb\":{\"@id\":\"https:\\\/\\\/www.zytho.ca\\\/fr\\\/produit\\\/ampco-serie-l\\\/#breadcrumb\"},\"inLanguage\":\"fr-FR\",\"potentialAction\":[{\"@type\":\"ReadAction\",\"target\":[\"https:\\\/\\\/www.zytho.ca\\\/fr\\\/produit\\\/ampco-serie-l\\\/\"]}]},{\"@type\":\"ImageObject\",\"inLanguage\":\"fr-FR\",\"@id\":\"https:\\\/\\\/www.zytho.ca\\\/fr\\\/produit\\\/ampco-serie-l\\\/#primaryimage\",\"url\":\"https:\\\/\\\/www.zytho.ca\\\/wp-content\\\/uploads\\\/2025\\\/10\\\/1737042145643.jpg\",\"contentUrl\":\"https:\\\/\\\/www.zytho.ca\\\/wp-content\\\/uploads\\\/2025\\\/10\\\/1737042145643.jpg\",\"width\":800,\"height\":571},{\"@type\":\"BreadcrumbList\",\"@id\":\"https:\\\/\\\/www.zytho.ca\\\/fr\\\/produit\\\/ampco-serie-l\\\/#breadcrumb\",\"itemListElement\":[{\"@type\":\"ListItem\",\"position\":1,\"name\":\"Accueil\",\"item\":\"https:\\\/\\\/www.zytho.ca\\\/fr\\\/\"},{\"@type\":\"ListItem\",\"position\":2,\"name\":\"Shop\",\"item\":\"https:\\\/\\\/www.zytho.ca\\\/fr\\\/shop\\\/\"},{\"@type\":\"ListItem\",\"position\":3,\"name\":\"Ampco S\u00e9rie L\"}]},{\"@type\":\"WebSite\",\"@id\":\"https:\\\/\\\/www.zytho.ca\\\/fr\\\/#website\",\"url\":\"https:\\\/\\\/www.zytho.ca\\\/fr\\\/\",\"name\":\"Zytho\",\"description\":\"\",\"publisher\":{\"@id\":\"https:\\\/\\\/www.zytho.ca\\\/fr\\\/#organization\"},\"potentialAction\":[{\"@type\":\"SearchAction\",\"target\":{\"@type\":\"EntryPoint\",\"urlTemplate\":\"https:\\\/\\\/www.zytho.ca\\\/fr\\\/?s={search_term_string}\"},\"query-input\":{\"@type\":\"PropertyValueSpecification\",\"valueRequired\":true,\"valueName\":\"search_term_string\"}}],\"inLanguage\":\"fr-FR\"},{\"@type\":\"Organization\",\"@id\":\"https:\\\/\\\/www.zytho.ca\\\/fr\\\/#organization\",\"name\":\"Zytho\",\"url\":\"https:\\\/\\\/www.zytho.ca\\\/fr\\\/\",\"logo\":{\"@type\":\"ImageObject\",\"inLanguage\":\"fr-FR\",\"@id\":\"https:\\\/\\\/www.zytho.ca\\\/fr\\\/#\\\/schema\\\/logo\\\/image\\\/\",\"url\":\"https:\\\/\\\/www.zytho.ca\\\/wp-content\\\/uploads\\\/2024\\\/05\\\/Zytho_reversed_horizontal.svg\",\"contentUrl\":\"https:\\\/\\\/www.zytho.ca\\\/wp-content\\\/uploads\\\/2024\\\/05\\\/Zytho_reversed_horizontal.svg\",\"width\":1582,\"height\":490,\"caption\":\"Zytho\"},\"image\":{\"@id\":\"https:\\\/\\\/www.zytho.ca\\\/fr\\\/#\\\/schema\\\/logo\\\/image\\\/\"}}]}<\/script>\n<!-- \/ Yoast SEO plugin. -->","yoast_head_json":{"title":"Ampco S\u00e9rie L - Zytho","robots":{"index":"index","follow":"follow","max-snippet":"max-snippet:-1","max-image-preview":"max-image-preview:large","max-video-preview":"max-video-preview:-1"},"canonical":"https:\/\/www.zytho.ca\/fr\/produit\/ampco-serie-l\/","og_locale":"fr_FR","og_type":"article","og_title":"Ampco S\u00e9rie L - Zytho","og_description":"Pompes centrifuges \u00e0 haut rendement et \u00e0 faible NPSH Avantages    Performance optimis\u00e9e pour les faibles NPSH : Con\u00e7u pour des conditions d'aspiration difficiles.   Fabriqu\u00e9 en acier inoxydable 316L : Offre une durabilit\u00e9 et une r\u00e9sistance \u00e0 la corrosion, convenant aux applications sanitaires et industrielles.   Conception de l'extraction par l'arri\u00e8re : Facilite la maintenance en permettant l'entretien sans interrompre le syst\u00e8me de tuyauterie.   Roue \u00e9quilibr\u00e9e en une seule pi\u00e8ce : Favorise un fonctionnement en douceur et minimise les vibrations.   Options d'\u00e9tanch\u00e9it\u00e9 polyvalentes : Disponible avec des garnitures m\u00e9caniques dans diverses configurations pour r\u00e9pondre aux exigences de diff\u00e9rents fluides et pressions.   Compatibilit\u00e9 CIP : Con\u00e7u pour supporter les processus de nettoyage en place dans les environnements sanitaires.","og_url":"https:\/\/www.zytho.ca\/fr\/produit\/ampco-serie-l\/","og_site_name":"Zytho","og_image":[{"width":800,"height":571,"url":"https:\/\/www.zytho.ca\/wp-content\/uploads\/2025\/10\/1737042145643.jpg","type":"image\/jpeg"}],"twitter_card":"summary_large_image","twitter_misc":{"Dur\u00e9e de lecture estim\u00e9e":"1 minute"},"schema":{"@context":"https:\/\/schema.org","@graph":[{"@type":"WebPage","@id":"https:\/\/www.zytho.ca\/fr\/produit\/ampco-serie-l\/","url":"https:\/\/www.zytho.ca\/fr\/produit\/ampco-serie-l\/","name":"Ampco S\u00e9rie L - Zytho","isPartOf":{"@id":"https:\/\/www.zytho.ca\/fr\/#website"},"primaryImageOfPage":{"@id":"https:\/\/www.zytho.ca\/fr\/produit\/ampco-serie-l\/#primaryimage"},"image":{"@id":"https:\/\/www.zytho.ca\/fr\/produit\/ampco-serie-l\/#primaryimage"},"thumbnailUrl":"https:\/\/www.zytho.ca\/wp-content\/uploads\/2025\/10\/1737042145643.jpg","datePublished":"2026-03-17T06:43:43+00:00","breadcrumb":{"@id":"https:\/\/www.zytho.ca\/fr\/produit\/ampco-serie-l\/#breadcrumb"},"inLanguage":"fr-FR","potentialAction":[{"@type":"ReadAction","target":["https:\/\/www.zytho.ca\/fr\/produit\/ampco-serie-l\/"]}]},{"@type":"ImageObject","inLanguage":"fr-FR","@id":"https:\/\/www.zytho.ca\/fr\/produit\/ampco-serie-l\/#primaryimage","url":"https:\/\/www.zytho.ca\/wp-content\/uploads\/2025\/10\/1737042145643.jpg","contentUrl":"https:\/\/www.zytho.ca\/wp-content\/uploads\/2025\/10\/1737042145643.jpg","width":800,"height":571},{"@type":"BreadcrumbList","@id":"https:\/\/www.zytho.ca\/fr\/produit\/ampco-serie-l\/#breadcrumb","itemListElement":[{"@type":"ListItem","position":1,"name":"Accueil","item":"https:\/\/www.zytho.ca\/fr\/"},{"@type":"ListItem","position":2,"name":"Shop","item":"https:\/\/www.zytho.ca\/fr\/shop\/"},{"@type":"ListItem","position":3,"name":"Ampco S\u00e9rie L"}]},{"@type":"WebSite","@id":"https:\/\/www.zytho.ca\/fr\/#website","url":"https:\/\/www.zytho.ca\/fr\/","name":"Zytho","description":"","publisher":{"@id":"https:\/\/www.zytho.ca\/fr\/#organization"},"potentialAction":[{"@type":"SearchAction","target":{"@type":"EntryPoint","urlTemplate":"https:\/\/www.zytho.ca\/fr\/?s={search_term_string}"},"query-input":{"@type":"PropertyValueSpecification","valueRequired":true,"valueName":"search_term_string"}}],"inLanguage":"fr-FR"},{"@type":"Organization","@id":"https:\/\/www.zytho.ca\/fr\/#organization","name":"Zytho","url":"https:\/\/www.zytho.ca\/fr\/","logo":{"@type":"ImageObject","inLanguage":"fr-FR","@id":"https:\/\/www.zytho.ca\/fr\/#\/schema\/logo\/image\/","url":"https:\/\/www.zytho.ca\/wp-content\/uploads\/2024\/05\/Zytho_reversed_horizontal.svg","contentUrl":"https:\/\/www.zytho.ca\/wp-content\/uploads\/2024\/05\/Zytho_reversed_horizontal.svg","width":1582,"height":490,"caption":"Zytho"},"image":{"@id":"https:\/\/www.zytho.ca\/fr\/#\/schema\/logo\/image\/"}}]}},"_links":{"self":[{"href":"https:\/\/www.zytho.ca\/fr\/wp-json\/wp\/v2\/product\/14015","targetHints":{"allow":["GET"]}}],"collection":[{"href":"https:\/\/www.zytho.ca\/fr\/wp-json\/wp\/v2\/product"}],"about":[{"href":"https:\/\/www.zytho.ca\/fr\/wp-json\/wp\/v2\/types\/product"}],"wp:featuredmedia":[{"embeddable":true,"href":"https:\/\/www.zytho.ca\/fr\/wp-json\/wp\/v2\/media\/14017"}],"wp:attachment":[{"href":"https:\/\/www.zytho.ca\/fr\/wp-json\/wp\/v2\/media?parent=14015"}],"wp:term":[{"taxonomy":"product_brand","embeddable":true,"href":"https:\/\/www.zytho.ca\/fr\/wp-json\/wp\/v2\/product_brand?post=14015"},{"taxonomy":"product_cat","embeddable":true,"href":"https:\/\/www.zytho.ca\/fr\/wp-json\/wp\/v2\/product_cat?post=14015"},{"taxonomy":"product_tag","embeddable":true,"href":"https:\/\/www.zytho.ca\/fr\/wp-json\/wp\/v2\/product_tag?post=14015"}],"curies":[{"name":"wp","href":"https:\/\/api.w.org\/{rel}","templated":true}]}}