{"id":14010,"date":"2026-03-17T06:43:43","date_gmt":"2026-03-17T06:43:43","guid":{"rendered":"https:\/\/zytho.ca\/product\/serie-ampco-lc\/"},"modified":"2026-03-17T06:43:43","modified_gmt":"2026-03-17T06:43:43","slug":"serie-ampco-lc","status":"publish","type":"product","link":"https:\/\/www.zytho.ca\/fr\/produit\/serie-ampco-lc\/","title":{"rendered":"S\u00e9rie Ampco LC"},"content":{"rendered":"<p><strong>Ampco LC Series &#8211; Pompe \u00e0 faible NPSH avec certification 3A pour applications sanitaires<\/strong><\/p>\n<p>La <strong>s\u00e9rie LC d&#8217;Ampco<\/strong> est une pompe centrifuge con\u00e7ue pour des performances <strong>NPSH<\/strong> (Net Positive Suction Head) <strong>faibles<\/strong>, ce qui la rend id\u00e9ale pour les applications avec de mauvaises conditions d&#8217;entr\u00e9e ou lorsque la cavitation est un probl\u00e8me. Faisant partie de la s\u00e9rie L, le mod\u00e8le LC combine une construction robuste avec une <strong>manipulation douce et efficace du produit &#8211; parfaite<\/strong>pour le traitement des <strong>produits laitiers, des boissons, des aliments et d&#8217;autres produits sanitaires.<\/strong> <\/p>\n<p>Construite avec une <strong>extr\u00e9mit\u00e9 fluide en acier inoxydable 316L<\/strong> et des <strong>adaptateurs en acier inoxydable 304<\/strong>, la s\u00e9rie LC est enti\u00e8rement <strong>compatible CIP<\/strong> et <strong>certifi\u00e9e 3A<\/strong>, ce qui garantit la conformit\u00e9 avec les normes sanitaires strictes. Sa <strong>roue \u00e9quilibr\u00e9e<\/strong>, sa conception \u00e0 paroi \u00e9paisse et ses raccords Tri-Clamp garantissent une grande fiabilit\u00e9, une facilit\u00e9 de nettoyage et d&#8217;entretien. <\/p>\n<p><strong>Caract\u00e9ristiques principales :<\/strong><\/p>\n<ul>\n<li>Conception \u00e0 faible NPSH pour \u00e9viter la cavitation<\/li>\n<li>Certifi\u00e9 3A pour les applications hygi\u00e9niques<\/li>\n<li>Parcours du fluide en acier inoxydable 316L et adaptateurs en acier inoxydable 304<\/li>\n<li>Roues \u00e9quilibr\u00e9es et construction robuste<\/li>\n<li>Possibilit\u00e9 de nettoyage en place (CIP)<\/li>\n<li>Raccords Tri-Clamp pour des connexions rapides et s\u00fbres<\/li>\n<\/ul>\n<p><strong>Capacit\u00e9s de performance :<\/strong><\/p>\n<ul>\n<li>D\u00e9bit jusqu&#8217;\u00e0 409 m\u00b3\/h (1800 GPM)<\/li>\n<li>Pression d&#8217;entr\u00e9e jusqu&#8217;\u00e0 600 PSI (41 BAR)<\/li>\n<li>Traitement des viscosit\u00e9s jusqu&#8217;\u00e0 1200 cP<\/li>\n<li>Plusieurs options de garnitures m\u00e9caniques<\/li>\n<\/ul>\n<p>La s\u00e9rie LC assure un pompage coh\u00e9rent, hygi\u00e9nique et efficace, que vous traitiez du lait, du jus, du mo\u00fbt ou des liquides de nettoyage. C&#8217;est le choix id\u00e9al pour les transformateurs qui exigent des performances dans des conditions d&#8217;aspiration difficiles. <\/p>\n","protected":false},"excerpt":{"rendered":"<h4>Pompe sanitaire \u00e0 simple joint<\/h4>\n<p><strong>Avantages<\/strong><\/p>\n<ul>\n<li data-start=\"924\" data-end=\"997\">Conception \u00e9prouv\u00e9e d&#8217;une seule garniture m\u00e9canique<\/li>\n<li data-start=\"924\" data-end=\"997\">Conception \u00e0 faible NPSH : Minimise la cavitation et garantit un d\u00e9bit r\u00e9gulier m\u00eame dans des conditions d&#8217;entr\u00e9e difficiles.<\/li>\n<li data-start=\"924\" data-end=\"997\">Sanitaire et certifi\u00e9 : Certifi\u00e9 3A et enti\u00e8rement compatible CIP, id\u00e9al pour le traitement hygi\u00e9nique dans les industries alimentaires, laiti\u00e8res et des boissons.<\/li>\n<li data-start=\"924\" data-end=\"997\">Construction robuste : Fabriqu\u00e9 avec de l&#8217;acier inoxydable 316L et des roues \u00e9quilibr\u00e9es pour une durabilit\u00e9 \u00e0 long terme et des performances efficaces.<\/li>\n<\/ul>\n","protected":false},"featured_media":14012,"template":"","meta":{"_acf_changed":false,"inline_featured_image":false},"product_brand":[735],"product_cat":[736,995,31],"product_tag":[996],"class_list":{"0":"post-14010","1":"product","2":"type-product","3":"status-publish","4":"has-post-thumbnail","6":"product_brand-ampco","7":"product_cat-distribution","8":"product_cat-pompe-centrifuge","9":"product_cat-pump","10":"product_tag-serie-l","12":"first","13":"instock","14":"taxable","15":"shipping-taxable","16":"product-type-simple"},"acf":[],"yoast_head":"<!-- This site is optimized with the Yoast SEO plugin v27.6 - https:\/\/yoast.com\/product\/yoast-seo-wordpress\/ -->\n<title>S\u00e9rie Ampco LC - Zytho<\/title>\n<meta name=\"robots\" content=\"index, follow, max-snippet:-1, max-image-preview:large, max-video-preview:-1\" \/>\n<link rel=\"canonical\" href=\"https:\/\/www.zytho.ca\/fr\/produit\/serie-ampco-lc\/\" \/>\n<meta property=\"og:locale\" content=\"fr_FR\" \/>\n<meta property=\"og:type\" content=\"article\" \/>\n<meta property=\"og:title\" content=\"S\u00e9rie Ampco LC - Zytho\" \/>\n<meta property=\"og:description\" content=\"Pompe sanitaire \u00e0 simple joint Avantages    Conception \u00e9prouv\u00e9e d&#039;une seule garniture m\u00e9canique   Conception \u00e0 faible NPSH : Minimise la cavitation et garantit un d\u00e9bit r\u00e9gulier m\u00eame dans des conditions d&#039;entr\u00e9e difficiles.   Sanitaire et certifi\u00e9 : Certifi\u00e9 3A et enti\u00e8rement compatible CIP, id\u00e9al pour le traitement hygi\u00e9nique dans les industries alimentaires, laiti\u00e8res et des boissons.   Construction robuste : Fabriqu\u00e9 avec de l&#039;acier inoxydable 316L et des roues \u00e9quilibr\u00e9es pour une durabilit\u00e9 \u00e0 long terme et des performances efficaces.\" \/>\n<meta property=\"og:url\" content=\"https:\/\/www.zytho.ca\/fr\/produit\/serie-ampco-lc\/\" \/>\n<meta property=\"og:site_name\" content=\"Zytho\" \/>\n<meta property=\"og:image\" content=\"https:\/\/www.zytho.ca\/wp-content\/uploads\/2025\/10\/LC-Single-Mechanical-1.jpg\" \/>\n\t<meta property=\"og:image:width\" content=\"600\" \/>\n\t<meta property=\"og:image:height\" content=\"306\" \/>\n\t<meta property=\"og:image:type\" content=\"image\/jpeg\" \/>\n<meta name=\"twitter:card\" content=\"summary_large_image\" \/>\n<meta name=\"twitter:label1\" content=\"Dur\u00e9e de lecture estim\u00e9e\" \/>\n\t<meta name=\"twitter:data1\" content=\"1 minute\" \/>\n<script type=\"application\/ld+json\" class=\"yoast-schema-graph\">{\"@context\":\"https:\\\/\\\/schema.org\",\"@graph\":[{\"@type\":\"WebPage\",\"@id\":\"https:\\\/\\\/www.zytho.ca\\\/fr\\\/produit\\\/serie-ampco-lc\\\/\",\"url\":\"https:\\\/\\\/www.zytho.ca\\\/fr\\\/produit\\\/serie-ampco-lc\\\/\",\"name\":\"S\u00e9rie Ampco LC - Zytho\",\"isPartOf\":{\"@id\":\"https:\\\/\\\/www.zytho.ca\\\/fr\\\/#website\"},\"primaryImageOfPage\":{\"@id\":\"https:\\\/\\\/www.zytho.ca\\\/fr\\\/produit\\\/serie-ampco-lc\\\/#primaryimage\"},\"image\":{\"@id\":\"https:\\\/\\\/www.zytho.ca\\\/fr\\\/produit\\\/serie-ampco-lc\\\/#primaryimage\"},\"thumbnailUrl\":\"https:\\\/\\\/www.zytho.ca\\\/wp-content\\\/uploads\\\/2025\\\/10\\\/LC-Single-Mechanical-1.jpg\",\"datePublished\":\"2026-03-17T06:43:43+00:00\",\"breadcrumb\":{\"@id\":\"https:\\\/\\\/www.zytho.ca\\\/fr\\\/produit\\\/serie-ampco-lc\\\/#breadcrumb\"},\"inLanguage\":\"fr-FR\",\"potentialAction\":[{\"@type\":\"ReadAction\",\"target\":[\"https:\\\/\\\/www.zytho.ca\\\/fr\\\/produit\\\/serie-ampco-lc\\\/\"]}]},{\"@type\":\"ImageObject\",\"inLanguage\":\"fr-FR\",\"@id\":\"https:\\\/\\\/www.zytho.ca\\\/fr\\\/produit\\\/serie-ampco-lc\\\/#primaryimage\",\"url\":\"https:\\\/\\\/www.zytho.ca\\\/wp-content\\\/uploads\\\/2025\\\/10\\\/LC-Single-Mechanical-1.jpg\",\"contentUrl\":\"https:\\\/\\\/www.zytho.ca\\\/wp-content\\\/uploads\\\/2025\\\/10\\\/LC-Single-Mechanical-1.jpg\",\"width\":600,\"height\":306},{\"@type\":\"BreadcrumbList\",\"@id\":\"https:\\\/\\\/www.zytho.ca\\\/fr\\\/produit\\\/serie-ampco-lc\\\/#breadcrumb\",\"itemListElement\":[{\"@type\":\"ListItem\",\"position\":1,\"name\":\"Accueil\",\"item\":\"https:\\\/\\\/www.zytho.ca\\\/fr\\\/\"},{\"@type\":\"ListItem\",\"position\":2,\"name\":\"Shop\",\"item\":\"https:\\\/\\\/www.zytho.ca\\\/fr\\\/shop\\\/\"},{\"@type\":\"ListItem\",\"position\":3,\"name\":\"S\u00e9rie Ampco LC\"}]},{\"@type\":\"WebSite\",\"@id\":\"https:\\\/\\\/www.zytho.ca\\\/fr\\\/#website\",\"url\":\"https:\\\/\\\/www.zytho.ca\\\/fr\\\/\",\"name\":\"Zytho\",\"description\":\"\",\"publisher\":{\"@id\":\"https:\\\/\\\/www.zytho.ca\\\/fr\\\/#organization\"},\"potentialAction\":[{\"@type\":\"SearchAction\",\"target\":{\"@type\":\"EntryPoint\",\"urlTemplate\":\"https:\\\/\\\/www.zytho.ca\\\/fr\\\/?s={search_term_string}\"},\"query-input\":{\"@type\":\"PropertyValueSpecification\",\"valueRequired\":true,\"valueName\":\"search_term_string\"}}],\"inLanguage\":\"fr-FR\"},{\"@type\":\"Organization\",\"@id\":\"https:\\\/\\\/www.zytho.ca\\\/fr\\\/#organization\",\"name\":\"Zytho\",\"url\":\"https:\\\/\\\/www.zytho.ca\\\/fr\\\/\",\"logo\":{\"@type\":\"ImageObject\",\"inLanguage\":\"fr-FR\",\"@id\":\"https:\\\/\\\/www.zytho.ca\\\/fr\\\/#\\\/schema\\\/logo\\\/image\\\/\",\"url\":\"https:\\\/\\\/www.zytho.ca\\\/wp-content\\\/uploads\\\/2024\\\/05\\\/Zytho_reversed_horizontal.svg\",\"contentUrl\":\"https:\\\/\\\/www.zytho.ca\\\/wp-content\\\/uploads\\\/2024\\\/05\\\/Zytho_reversed_horizontal.svg\",\"width\":1582,\"height\":490,\"caption\":\"Zytho\"},\"image\":{\"@id\":\"https:\\\/\\\/www.zytho.ca\\\/fr\\\/#\\\/schema\\\/logo\\\/image\\\/\"}}]}<\/script>\n<!-- \/ Yoast SEO plugin. -->","yoast_head_json":{"title":"S\u00e9rie Ampco LC - Zytho","robots":{"index":"index","follow":"follow","max-snippet":"max-snippet:-1","max-image-preview":"max-image-preview:large","max-video-preview":"max-video-preview:-1"},"canonical":"https:\/\/www.zytho.ca\/fr\/produit\/serie-ampco-lc\/","og_locale":"fr_FR","og_type":"article","og_title":"S\u00e9rie Ampco LC - Zytho","og_description":"Pompe sanitaire \u00e0 simple joint Avantages    Conception \u00e9prouv\u00e9e d'une seule garniture m\u00e9canique   Conception \u00e0 faible NPSH : Minimise la cavitation et garantit un d\u00e9bit r\u00e9gulier m\u00eame dans des conditions d'entr\u00e9e difficiles.   Sanitaire et certifi\u00e9 : Certifi\u00e9 3A et enti\u00e8rement compatible CIP, id\u00e9al pour le traitement hygi\u00e9nique dans les industries alimentaires, laiti\u00e8res et des boissons.   Construction robuste : Fabriqu\u00e9 avec de l'acier inoxydable 316L et des roues \u00e9quilibr\u00e9es pour une durabilit\u00e9 \u00e0 long terme et des performances efficaces.","og_url":"https:\/\/www.zytho.ca\/fr\/produit\/serie-ampco-lc\/","og_site_name":"Zytho","og_image":[{"width":600,"height":306,"url":"https:\/\/www.zytho.ca\/wp-content\/uploads\/2025\/10\/LC-Single-Mechanical-1.jpg","type":"image\/jpeg"}],"twitter_card":"summary_large_image","twitter_misc":{"Dur\u00e9e de lecture estim\u00e9e":"1 minute"},"schema":{"@context":"https:\/\/schema.org","@graph":[{"@type":"WebPage","@id":"https:\/\/www.zytho.ca\/fr\/produit\/serie-ampco-lc\/","url":"https:\/\/www.zytho.ca\/fr\/produit\/serie-ampco-lc\/","name":"S\u00e9rie Ampco LC - Zytho","isPartOf":{"@id":"https:\/\/www.zytho.ca\/fr\/#website"},"primaryImageOfPage":{"@id":"https:\/\/www.zytho.ca\/fr\/produit\/serie-ampco-lc\/#primaryimage"},"image":{"@id":"https:\/\/www.zytho.ca\/fr\/produit\/serie-ampco-lc\/#primaryimage"},"thumbnailUrl":"https:\/\/www.zytho.ca\/wp-content\/uploads\/2025\/10\/LC-Single-Mechanical-1.jpg","datePublished":"2026-03-17T06:43:43+00:00","breadcrumb":{"@id":"https:\/\/www.zytho.ca\/fr\/produit\/serie-ampco-lc\/#breadcrumb"},"inLanguage":"fr-FR","potentialAction":[{"@type":"ReadAction","target":["https:\/\/www.zytho.ca\/fr\/produit\/serie-ampco-lc\/"]}]},{"@type":"ImageObject","inLanguage":"fr-FR","@id":"https:\/\/www.zytho.ca\/fr\/produit\/serie-ampco-lc\/#primaryimage","url":"https:\/\/www.zytho.ca\/wp-content\/uploads\/2025\/10\/LC-Single-Mechanical-1.jpg","contentUrl":"https:\/\/www.zytho.ca\/wp-content\/uploads\/2025\/10\/LC-Single-Mechanical-1.jpg","width":600,"height":306},{"@type":"BreadcrumbList","@id":"https:\/\/www.zytho.ca\/fr\/produit\/serie-ampco-lc\/#breadcrumb","itemListElement":[{"@type":"ListItem","position":1,"name":"Accueil","item":"https:\/\/www.zytho.ca\/fr\/"},{"@type":"ListItem","position":2,"name":"Shop","item":"https:\/\/www.zytho.ca\/fr\/shop\/"},{"@type":"ListItem","position":3,"name":"S\u00e9rie Ampco LC"}]},{"@type":"WebSite","@id":"https:\/\/www.zytho.ca\/fr\/#website","url":"https:\/\/www.zytho.ca\/fr\/","name":"Zytho","description":"","publisher":{"@id":"https:\/\/www.zytho.ca\/fr\/#organization"},"potentialAction":[{"@type":"SearchAction","target":{"@type":"EntryPoint","urlTemplate":"https:\/\/www.zytho.ca\/fr\/?s={search_term_string}"},"query-input":{"@type":"PropertyValueSpecification","valueRequired":true,"valueName":"search_term_string"}}],"inLanguage":"fr-FR"},{"@type":"Organization","@id":"https:\/\/www.zytho.ca\/fr\/#organization","name":"Zytho","url":"https:\/\/www.zytho.ca\/fr\/","logo":{"@type":"ImageObject","inLanguage":"fr-FR","@id":"https:\/\/www.zytho.ca\/fr\/#\/schema\/logo\/image\/","url":"https:\/\/www.zytho.ca\/wp-content\/uploads\/2024\/05\/Zytho_reversed_horizontal.svg","contentUrl":"https:\/\/www.zytho.ca\/wp-content\/uploads\/2024\/05\/Zytho_reversed_horizontal.svg","width":1582,"height":490,"caption":"Zytho"},"image":{"@id":"https:\/\/www.zytho.ca\/fr\/#\/schema\/logo\/image\/"}}]}},"_links":{"self":[{"href":"https:\/\/www.zytho.ca\/fr\/wp-json\/wp\/v2\/product\/14010","targetHints":{"allow":["GET"]}}],"collection":[{"href":"https:\/\/www.zytho.ca\/fr\/wp-json\/wp\/v2\/product"}],"about":[{"href":"https:\/\/www.zytho.ca\/fr\/wp-json\/wp\/v2\/types\/product"}],"wp:featuredmedia":[{"embeddable":true,"href":"https:\/\/www.zytho.ca\/fr\/wp-json\/wp\/v2\/media\/14012"}],"wp:attachment":[{"href":"https:\/\/www.zytho.ca\/fr\/wp-json\/wp\/v2\/media?parent=14010"}],"wp:term":[{"taxonomy":"product_brand","embeddable":true,"href":"https:\/\/www.zytho.ca\/fr\/wp-json\/wp\/v2\/product_brand?post=14010"},{"taxonomy":"product_cat","embeddable":true,"href":"https:\/\/www.zytho.ca\/fr\/wp-json\/wp\/v2\/product_cat?post=14010"},{"taxonomy":"product_tag","embeddable":true,"href":"https:\/\/www.zytho.ca\/fr\/wp-json\/wp\/v2\/product_tag?post=14010"}],"curies":[{"name":"wp","href":"https:\/\/api.w.org\/{rel}","templated":true}]}}