{"id":13995,"date":"2025-10-27T15:42:49","date_gmt":"2025-10-27T15:42:49","guid":{"rendered":"https:\/\/zytho.ca\/product\/ampco-serie-ld\/"},"modified":"2026-03-17T06:38:32","modified_gmt":"2026-03-17T06:38:32","slug":"ampco-serie-ld","status":"publish","type":"product","link":"https:\/\/www.zytho.ca\/fr\/produit\/ampco-serie-ld\/","title":{"rendered":"Ampco S\u00e9rie LD"},"content":{"rendered":"<p><strong>Ampco LD Series &#8211; Pompe haute performance \u00e0 faible NPSH pour les applications sanitaires exigeantes<\/strong><\/p>\n<p data-start=\"90\" data-end=\"393\">La <strong data-start=\"94\" data-end=\"113\">s\u00e9rie LD d&#8217;Ampco<\/strong> est une pompe centrifuge haut de gamme con\u00e7ue pour les <strong data-start=\"157\" data-end=\"182\">exigences de faible NPSH<\/strong> et les <strong data-start=\"187\" data-end=\"222\">applications sanitaires \u00e0 haut d\u00e9bit<\/strong>. Elle offre des performances hydrauliques exceptionnelles dans des conditions d&#8217;aspiration difficiles, ce qui la rend id\u00e9ale pour les processus \u00e0 grande \u00e9chelle dans les secteurs de l <strong data-start=\"337\" data-end=\"382\">&#8216;alimentation, des boissons, des produits laitiers et des produits pharmaceutiques<\/strong>. <\/p>\n<p data-start=\"395\" data-end=\"744\">Dot\u00e9e d&#8217;une <strong data-start=\"407\" data-end=\"452\">extr\u00e9mit\u00e9 en acier inoxydable 316L<\/strong>, d&#8217;un <strong data-start=\"454\" data-end=\"485\">adaptateur en acier inoxydable 304<\/strong> et d&#8217;une <strong data-start=\"491\" data-end=\"522\">roue \u00e9quilibr\u00e9e avec pr\u00e9cision<\/strong>, la s\u00e9rie LD est con\u00e7ue pour \u00eatre durable, efficace et hygi\u00e9nique. Elle est <strong data-start=\"612\" data-end=\"628\">certifi\u00e9e 3A<\/strong> et <strong data-start=\"633\" data-end=\"646\">pr\u00eate pour le NEP<\/strong>, ce qui permet une int\u00e9gration transparente dans les syst\u00e8mes sanitaires qui exigent \u00e0 la fois fiabilit\u00e9 et conformit\u00e9. <\/p>\n<p data-start=\"746\" data-end=\"763\"><strong data-start=\"746\" data-end=\"763\">Caract\u00e9ristiques principales :<\/strong><\/p>\n<ul>\n<li data-start=\"746\" data-end=\"763\">Conception \u00e0 faible NPSH pour des conditions d&#8217;entr\u00e9e difficiles<\/li>\n<li data-start=\"746\" data-end=\"763\">Certifi\u00e9 3A et enti\u00e8rement compatible avec le nettoyage en place (CIP)<\/li>\n<li data-start=\"746\" data-end=\"763\">Capacit\u00e9 de d\u00e9bit \u00e9lev\u00e9e &#8211; id\u00e9ale pour le traitement sanitaire de grands volumes<\/li>\n<li data-start=\"746\" data-end=\"763\">Trajet du fluide en acier inoxydable 316L avec une construction \u00e0 parois \u00e9paisses<\/li>\n<li data-start=\"746\" data-end=\"763\">Roue \u00e9quilibr\u00e9e et conception extractible par l&#8217;arri\u00e8re pour un entretien facile<\/li>\n<li data-start=\"746\" data-end=\"763\">Connexions Tri-Clamp pour un assemblage sanitaire sans outil<\/li>\n<\/ul>\n<p data-start=\"1133\" data-end=\"1162\"><strong data-start=\"1133\" data-end=\"1162\">Capacit\u00e9s de performance :<\/strong><\/p>\n<ul>\n<li data-start=\"1133\" data-end=\"1162\">D\u00e9bit jusqu&#8217;\u00e0 409 m\u00b3\/h (1800 GPM)<\/li>\n<li data-start=\"1133\" data-end=\"1162\">Pression d&#8217;entr\u00e9e jusqu&#8217;\u00e0 600 PSI (41 BAR)<\/li>\n<li data-start=\"1133\" data-end=\"1162\">Supporte des viscosit\u00e9s jusqu&#8217;\u00e0 1200 cP<\/li>\n<li data-start=\"1133\" data-end=\"1162\">Plusieurs configurations de joints disponibles<\/li>\n<\/ul>\n<p data-start=\"1327\" data-end=\"1530\" data-is-last-node=\"\" data-is-only-node=\"\">Qu&#8217;il s&#8217;agisse de cycles de lavage de produits laitiers, de transfert de mo\u00fbt ou de lignes de retour CIP \u00e0 grand volume, la <strong data-start=\"1423\" data-end=\"1436\">s\u00e9rie LD<\/strong> offre la r\u00e9sistance, l&#8217;hygi\u00e8ne et l&#8217;efficacit\u00e9 dont vous avez besoin pour que vos op\u00e9rations se poursuivent \u00e0 grande \u00e9chelle.<\/p>\n","protected":false},"excerpt":{"rendered":"<h4>Pompe sanitaire \u00e0 double garniture m\u00e9canique<\/h4>\n<p><strong>Avantages<\/strong><\/p>\n<ul>\n<li data-start=\"924\" data-end=\"997\">Double garniture m\u00e9canique robuste<\/li>\n<li data-start=\"924\" data-end=\"997\">Con\u00e7ue pour un d\u00e9bit \u00e9lev\u00e9 et un faible NPSH : g\u00e8re efficacement de grands volumes m\u00eame dans des conditions de faible pression d&#8217;entr\u00e9e.<\/li>\n<li data-start=\"924\" data-end=\"997\">Sanitaire et compatible CIP : Certifi\u00e9 3A et con\u00e7u pour les op\u00e9rations de nettoyage en place, garantissant un traitement hygi\u00e9nique.<\/li>\n<li data-start=\"924\" data-end=\"997\">Longue dur\u00e9e de vie et facilit\u00e9 d&#8217;entretien : Fabriqu\u00e9 en acier inoxydable tr\u00e8s r\u00e9sistant, il est dot\u00e9 d&#8217;un syst\u00e8me d&#8217;extraction par l&#8217;arri\u00e8re pour faciliter l&#8217;entretien.<\/li>\n<\/ul>\n","protected":false},"featured_media":14009,"template":"","meta":{"_acf_changed":false,"inline_featured_image":false},"product_brand":[735],"product_cat":[736,995,31],"product_tag":[739,996],"class_list":{"0":"post-13995","1":"product","2":"type-product","3":"status-publish","4":"has-post-thumbnail","6":"product_brand-ampco","7":"product_cat-distribution","8":"product_cat-pompe-centrifuge","9":"product_cat-pump","10":"product_tag-pas-de-prix","11":"product_tag-serie-l","13":"first","14":"instock","15":"taxable","16":"shipping-taxable","17":"product-type-simple"},"acf":[],"yoast_head":"<!-- This site is optimized with the Yoast SEO plugin v27.6 - https:\/\/yoast.com\/product\/yoast-seo-wordpress\/ -->\n<title>Ampco S\u00e9rie LD - Zytho<\/title>\n<meta name=\"robots\" content=\"index, follow, max-snippet:-1, max-image-preview:large, max-video-preview:-1\" \/>\n<link rel=\"canonical\" href=\"https:\/\/www.zytho.ca\/fr\/produit\/ampco-serie-ld\/\" \/>\n<meta property=\"og:locale\" content=\"fr_FR\" \/>\n<meta property=\"og:type\" content=\"article\" \/>\n<meta property=\"og:title\" content=\"Ampco S\u00e9rie LD - Zytho\" \/>\n<meta property=\"og:description\" content=\"Pompe sanitaire \u00e0 double garniture m\u00e9canique Avantages  Double garniture m\u00e9canique robuste  Con\u00e7ue pour un d\u00e9bit \u00e9lev\u00e9 et un faible NPSH : g\u00e8re efficacement de grands volumes m\u00eame dans des conditions de faible pression d&#039;entr\u00e9e.  Sanitaire et compatible CIP : Certifi\u00e9 3A et con\u00e7u pour les op\u00e9rations de nettoyage en place, garantissant un traitement hygi\u00e9nique.  Longue dur\u00e9e de vie et facilit\u00e9 d&#039;entretien : Fabriqu\u00e9 en acier inoxydable tr\u00e8s r\u00e9sistant, il est dot\u00e9 d&#039;un syst\u00e8me d&#039;extraction par l&#039;arri\u00e8re pour faciliter l&#039;entretien.\" \/>\n<meta property=\"og:url\" content=\"https:\/\/www.zytho.ca\/fr\/produit\/ampco-serie-ld\/\" \/>\n<meta property=\"og:site_name\" content=\"Zytho\" \/>\n<meta property=\"article:modified_time\" content=\"2026-03-17T06:38:32+00:00\" \/>\n<meta property=\"og:image\" content=\"https:\/\/www.zytho.ca\/wp-content\/uploads\/2025\/10\/LD-1.jpg\" \/>\n\t<meta property=\"og:image:width\" content=\"700\" \/>\n\t<meta property=\"og:image:height\" content=\"350\" \/>\n\t<meta property=\"og:image:type\" content=\"image\/jpeg\" \/>\n<meta name=\"twitter:card\" content=\"summary_large_image\" \/>\n<meta name=\"twitter:label1\" content=\"Dur\u00e9e de lecture estim\u00e9e\" \/>\n\t<meta name=\"twitter:data1\" content=\"1 minute\" \/>\n<script type=\"application\/ld+json\" class=\"yoast-schema-graph\">{\"@context\":\"https:\\\/\\\/schema.org\",\"@graph\":[{\"@type\":\"WebPage\",\"@id\":\"https:\\\/\\\/www.zytho.ca\\\/fr\\\/produit\\\/ampco-serie-ld\\\/\",\"url\":\"https:\\\/\\\/www.zytho.ca\\\/fr\\\/produit\\\/ampco-serie-ld\\\/\",\"name\":\"Ampco S\u00e9rie LD - Zytho\",\"isPartOf\":{\"@id\":\"https:\\\/\\\/www.zytho.ca\\\/fr\\\/#website\"},\"primaryImageOfPage\":{\"@id\":\"https:\\\/\\\/www.zytho.ca\\\/fr\\\/produit\\\/ampco-serie-ld\\\/#primaryimage\"},\"image\":{\"@id\":\"https:\\\/\\\/www.zytho.ca\\\/fr\\\/produit\\\/ampco-serie-ld\\\/#primaryimage\"},\"thumbnailUrl\":\"https:\\\/\\\/www.zytho.ca\\\/wp-content\\\/uploads\\\/2025\\\/10\\\/LD-1.jpg\",\"datePublished\":\"2025-10-27T15:42:49+00:00\",\"dateModified\":\"2026-03-17T06:38:32+00:00\",\"breadcrumb\":{\"@id\":\"https:\\\/\\\/www.zytho.ca\\\/fr\\\/produit\\\/ampco-serie-ld\\\/#breadcrumb\"},\"inLanguage\":\"fr-FR\",\"potentialAction\":[{\"@type\":\"ReadAction\",\"target\":[\"https:\\\/\\\/www.zytho.ca\\\/fr\\\/produit\\\/ampco-serie-ld\\\/\"]}]},{\"@type\":\"ImageObject\",\"inLanguage\":\"fr-FR\",\"@id\":\"https:\\\/\\\/www.zytho.ca\\\/fr\\\/produit\\\/ampco-serie-ld\\\/#primaryimage\",\"url\":\"https:\\\/\\\/www.zytho.ca\\\/wp-content\\\/uploads\\\/2025\\\/10\\\/LD-1.jpg\",\"contentUrl\":\"https:\\\/\\\/www.zytho.ca\\\/wp-content\\\/uploads\\\/2025\\\/10\\\/LD-1.jpg\",\"width\":700,\"height\":350},{\"@type\":\"BreadcrumbList\",\"@id\":\"https:\\\/\\\/www.zytho.ca\\\/fr\\\/produit\\\/ampco-serie-ld\\\/#breadcrumb\",\"itemListElement\":[{\"@type\":\"ListItem\",\"position\":1,\"name\":\"Accueil\",\"item\":\"https:\\\/\\\/www.zytho.ca\\\/fr\\\/\"},{\"@type\":\"ListItem\",\"position\":2,\"name\":\"Shop\",\"item\":\"https:\\\/\\\/www.zytho.ca\\\/fr\\\/shop\\\/\"},{\"@type\":\"ListItem\",\"position\":3,\"name\":\"Ampco S\u00e9rie LD\"}]},{\"@type\":\"WebSite\",\"@id\":\"https:\\\/\\\/www.zytho.ca\\\/fr\\\/#website\",\"url\":\"https:\\\/\\\/www.zytho.ca\\\/fr\\\/\",\"name\":\"Zytho\",\"description\":\"\",\"publisher\":{\"@id\":\"https:\\\/\\\/www.zytho.ca\\\/fr\\\/#organization\"},\"potentialAction\":[{\"@type\":\"SearchAction\",\"target\":{\"@type\":\"EntryPoint\",\"urlTemplate\":\"https:\\\/\\\/www.zytho.ca\\\/fr\\\/?s={search_term_string}\"},\"query-input\":{\"@type\":\"PropertyValueSpecification\",\"valueRequired\":true,\"valueName\":\"search_term_string\"}}],\"inLanguage\":\"fr-FR\"},{\"@type\":\"Organization\",\"@id\":\"https:\\\/\\\/www.zytho.ca\\\/fr\\\/#organization\",\"name\":\"Zytho\",\"url\":\"https:\\\/\\\/www.zytho.ca\\\/fr\\\/\",\"logo\":{\"@type\":\"ImageObject\",\"inLanguage\":\"fr-FR\",\"@id\":\"https:\\\/\\\/www.zytho.ca\\\/fr\\\/#\\\/schema\\\/logo\\\/image\\\/\",\"url\":\"https:\\\/\\\/www.zytho.ca\\\/wp-content\\\/uploads\\\/2024\\\/05\\\/Zytho_reversed_horizontal.svg\",\"contentUrl\":\"https:\\\/\\\/www.zytho.ca\\\/wp-content\\\/uploads\\\/2024\\\/05\\\/Zytho_reversed_horizontal.svg\",\"width\":1582,\"height\":490,\"caption\":\"Zytho\"},\"image\":{\"@id\":\"https:\\\/\\\/www.zytho.ca\\\/fr\\\/#\\\/schema\\\/logo\\\/image\\\/\"}}]}<\/script>\n<!-- \/ Yoast SEO plugin. -->","yoast_head_json":{"title":"Ampco S\u00e9rie LD - Zytho","robots":{"index":"index","follow":"follow","max-snippet":"max-snippet:-1","max-image-preview":"max-image-preview:large","max-video-preview":"max-video-preview:-1"},"canonical":"https:\/\/www.zytho.ca\/fr\/produit\/ampco-serie-ld\/","og_locale":"fr_FR","og_type":"article","og_title":"Ampco S\u00e9rie LD - Zytho","og_description":"Pompe sanitaire \u00e0 double garniture m\u00e9canique Avantages  Double garniture m\u00e9canique robuste  Con\u00e7ue pour un d\u00e9bit \u00e9lev\u00e9 et un faible NPSH : g\u00e8re efficacement de grands volumes m\u00eame dans des conditions de faible pression d'entr\u00e9e.  Sanitaire et compatible CIP : Certifi\u00e9 3A et con\u00e7u pour les op\u00e9rations de nettoyage en place, garantissant un traitement hygi\u00e9nique.  Longue dur\u00e9e de vie et facilit\u00e9 d'entretien : Fabriqu\u00e9 en acier inoxydable tr\u00e8s r\u00e9sistant, il est dot\u00e9 d'un syst\u00e8me d'extraction par l'arri\u00e8re pour faciliter l'entretien.","og_url":"https:\/\/www.zytho.ca\/fr\/produit\/ampco-serie-ld\/","og_site_name":"Zytho","article_modified_time":"2026-03-17T06:38:32+00:00","og_image":[{"width":700,"height":350,"url":"https:\/\/www.zytho.ca\/wp-content\/uploads\/2025\/10\/LD-1.jpg","type":"image\/jpeg"}],"twitter_card":"summary_large_image","twitter_misc":{"Dur\u00e9e de lecture estim\u00e9e":"1 minute"},"schema":{"@context":"https:\/\/schema.org","@graph":[{"@type":"WebPage","@id":"https:\/\/www.zytho.ca\/fr\/produit\/ampco-serie-ld\/","url":"https:\/\/www.zytho.ca\/fr\/produit\/ampco-serie-ld\/","name":"Ampco S\u00e9rie LD - Zytho","isPartOf":{"@id":"https:\/\/www.zytho.ca\/fr\/#website"},"primaryImageOfPage":{"@id":"https:\/\/www.zytho.ca\/fr\/produit\/ampco-serie-ld\/#primaryimage"},"image":{"@id":"https:\/\/www.zytho.ca\/fr\/produit\/ampco-serie-ld\/#primaryimage"},"thumbnailUrl":"https:\/\/www.zytho.ca\/wp-content\/uploads\/2025\/10\/LD-1.jpg","datePublished":"2025-10-27T15:42:49+00:00","dateModified":"2026-03-17T06:38:32+00:00","breadcrumb":{"@id":"https:\/\/www.zytho.ca\/fr\/produit\/ampco-serie-ld\/#breadcrumb"},"inLanguage":"fr-FR","potentialAction":[{"@type":"ReadAction","target":["https:\/\/www.zytho.ca\/fr\/produit\/ampco-serie-ld\/"]}]},{"@type":"ImageObject","inLanguage":"fr-FR","@id":"https:\/\/www.zytho.ca\/fr\/produit\/ampco-serie-ld\/#primaryimage","url":"https:\/\/www.zytho.ca\/wp-content\/uploads\/2025\/10\/LD-1.jpg","contentUrl":"https:\/\/www.zytho.ca\/wp-content\/uploads\/2025\/10\/LD-1.jpg","width":700,"height":350},{"@type":"BreadcrumbList","@id":"https:\/\/www.zytho.ca\/fr\/produit\/ampco-serie-ld\/#breadcrumb","itemListElement":[{"@type":"ListItem","position":1,"name":"Accueil","item":"https:\/\/www.zytho.ca\/fr\/"},{"@type":"ListItem","position":2,"name":"Shop","item":"https:\/\/www.zytho.ca\/fr\/shop\/"},{"@type":"ListItem","position":3,"name":"Ampco S\u00e9rie LD"}]},{"@type":"WebSite","@id":"https:\/\/www.zytho.ca\/fr\/#website","url":"https:\/\/www.zytho.ca\/fr\/","name":"Zytho","description":"","publisher":{"@id":"https:\/\/www.zytho.ca\/fr\/#organization"},"potentialAction":[{"@type":"SearchAction","target":{"@type":"EntryPoint","urlTemplate":"https:\/\/www.zytho.ca\/fr\/?s={search_term_string}"},"query-input":{"@type":"PropertyValueSpecification","valueRequired":true,"valueName":"search_term_string"}}],"inLanguage":"fr-FR"},{"@type":"Organization","@id":"https:\/\/www.zytho.ca\/fr\/#organization","name":"Zytho","url":"https:\/\/www.zytho.ca\/fr\/","logo":{"@type":"ImageObject","inLanguage":"fr-FR","@id":"https:\/\/www.zytho.ca\/fr\/#\/schema\/logo\/image\/","url":"https:\/\/www.zytho.ca\/wp-content\/uploads\/2024\/05\/Zytho_reversed_horizontal.svg","contentUrl":"https:\/\/www.zytho.ca\/wp-content\/uploads\/2024\/05\/Zytho_reversed_horizontal.svg","width":1582,"height":490,"caption":"Zytho"},"image":{"@id":"https:\/\/www.zytho.ca\/fr\/#\/schema\/logo\/image\/"}}]}},"_links":{"self":[{"href":"https:\/\/www.zytho.ca\/fr\/wp-json\/wp\/v2\/product\/13995","targetHints":{"allow":["GET"]}}],"collection":[{"href":"https:\/\/www.zytho.ca\/fr\/wp-json\/wp\/v2\/product"}],"about":[{"href":"https:\/\/www.zytho.ca\/fr\/wp-json\/wp\/v2\/types\/product"}],"wp:featuredmedia":[{"embeddable":true,"href":"https:\/\/www.zytho.ca\/fr\/wp-json\/wp\/v2\/media\/14009"}],"wp:attachment":[{"href":"https:\/\/www.zytho.ca\/fr\/wp-json\/wp\/v2\/media?parent=13995"}],"wp:term":[{"taxonomy":"product_brand","embeddable":true,"href":"https:\/\/www.zytho.ca\/fr\/wp-json\/wp\/v2\/product_brand?post=13995"},{"taxonomy":"product_cat","embeddable":true,"href":"https:\/\/www.zytho.ca\/fr\/wp-json\/wp\/v2\/product_cat?post=13995"},{"taxonomy":"product_tag","embeddable":true,"href":"https:\/\/www.zytho.ca\/fr\/wp-json\/wp\/v2\/product_tag?post=13995"}],"curies":[{"name":"wp","href":"https:\/\/api.w.org\/{rel}","templated":true}]}}