{"id":13993,"date":"2025-10-27T15:42:47","date_gmt":"2025-10-27T15:42:47","guid":{"rendered":"https:\/\/zytho.ca\/product\/13mhhm-tri-clamp-avec-ecrou-a-ailettes-en-croix-dixon\/"},"modified":"2025-10-27T15:42:47","modified_gmt":"2025-10-27T15:42:47","slug":"13mhhm-tri-clamp-avec-ecrou-a-ailettes-en-croix-dixon","status":"publish","type":"product","link":"https:\/\/www.zytho.ca\/fr\/produit\/13mhhm-tri-clamp-avec-ecrou-a-ailettes-en-croix-dixon\/","title":{"rendered":"13MHHM Tri-Clamp avec \u00e9crou \u00e0 ailettes en croix &#8211; Dixon"},"content":{"rendered":"<h6><strong>Tri-Clamp \u00e0 broche unique pour service intensif &#8211; Acier inoxydable pour tuyauterie sanitaire<\/strong><\/h6>\n<p>Le <strong>Tri-Clamp \u00e0 broche unique pour usage intensif<\/strong> offre une solution robuste et fiable pour r\u00e9aliser des connexions sanitaires s\u00fbres dans les industries telles que l&#8217;alimentation, les boissons, la biotechnologie et les produits pharmaceutiques. Fabriqu\u00e9 en acier inoxydable de premi\u00e8re qualit\u00e9, ce collier garantit un ajustement \u00e9tanche et hygi\u00e9nique entre les bagues du collier, facilitant ainsi des op\u00e9rations efficaces et sans contamination. <\/p>\n<h6><strong>Avantages :<\/strong><\/h6>\n<ul>\n<li>Fabriqu\u00e9 en <strong>acier inoxydable<\/strong> durable pour une dur\u00e9e de vie prolong\u00e9e.<\/li>\n<li>Con\u00e7us pour les <strong>environnements \u00e0 haute pression<\/strong>, ils garantissent une \u00e9tanch\u00e9it\u00e9 fiable et hygi\u00e9nique.<\/li>\n<li>Il est dot\u00e9 d&#8217;une <strong>seule broche<\/strong> et d&#8217;un \u00e9crou papillon \u00e0 trous transversaux pour un serrage sans effort et sans outil.<\/li>\n<li>Conforme aux <strong>normes<\/strong> <strong>ASME A270<\/strong> et <strong>3A<\/strong> pour l&#8217;assurance sanitaire et la s\u00e9curit\u00e9.<\/li>\n<\/ul>\n<h6><strong>D\u00e9tails du produit :<\/strong><\/h6>\n<ul>\n<li><strong>Couple de l&#8217;\u00e9crou :<\/strong> Optimis\u00e9 \u00e0 25 in. lb. pour des performances optimales.  <\/li>\n<li><strong>Pression nominale de service :<\/strong> En fonction de l&#8217;alignement pr\u00e9cis, du serrage du joint en \u00e9lastom\u00e8re et de l&#8217;int\u00e9grit\u00e9 de la virole soud\u00e9e.<\/li>\n<li><strong>Essai hydrostatique :<\/strong> Effectu\u00e9 pour \u00e9viter les coups de b\u00e9lier ou les chocs.<\/li>\n<li><strong>Page du catalogue :<\/strong> <a href=\"https:\/\/www.dixonvalve.com\/sites\/default\/files\/product\/pages\/us\/DPL418%20-%20564.pdf\">DPL418 &#8211; 564<\/a><\/li>\n<li><strong>Dimensions :<\/strong> <a href=\"https:\/\/www.dixonvalve.com\/sites\/default\/files\/product\/files\/dimensional-specs\/13MHHM400.pdf\">Sp\u00e9cifications dimensionnelles<\/a><\/li>\n<\/ul>\n<h6><strong>Notes de s\u00e9curit\u00e9 :<\/strong><\/h6>\n<p>Les pressions nominales de service d\u00e9pendent de la compatibilit\u00e9 des joints en \u00e9lastom\u00e8re et d&#8217;un montage correct. Pour garantir des performances optimales, le collier doit \u00eatre serr\u00e9 \u00e0 la main aux niveaux de couple sp\u00e9cifi\u00e9s. Notez que les pressions nominales peuvent d\u00e9passer les pressions de fonctionnement recommand\u00e9es pour les canalisations.  <\/p>\n<table style=\"width: 90.7835%; height: 325px;\" width=\"100%\">\n<tbody>\n<tr style=\"height: 39.2045px;\">\n<td style=\"width: 24.792%; height: 39.2045px;\">Diam\u00e8tre ext\u00e9rieur du tube<\/td>\n<td style=\"width: 24.792%; height: 39.2045px;\">Pression nominale de service \u00e0 70\u00b0F<\/td>\n<td style=\"width: 24.792%; height: 39.2045px;\">Pression nominale de service \u00e0 250\u00b0F<\/td>\n<td style=\"width: 24.792%; height: 39.2045px;\">&#8220;Mesure &#8220;A<\/td>\n<\/tr>\n<tr style=\"height: 19.6023px;\">\n<td style=\"width: 24.792%; height: 19.6023px;\">1\/2&#8243; &amp; 3\/4&#8243;<\/td>\n<td style=\"width: 24.792%; height: 19.6023px;\">1500<\/td>\n<td style=\"width: 24.792%; height: 19.6023px;\">1200<\/td>\n<td style=\"width: 24.792%; height: 19.6023px;\">1.06&#8243;<\/td>\n<\/tr>\n<tr style=\"height: 19.6023px;\">\n<td style=\"width: 24.792%; height: 19.6023px;\">1&#8243; &amp; 1 1\/2&#8243;<\/td>\n<td style=\"width: 24.792%; height: 19.6023px;\">500<\/td>\n<td style=\"width: 24.792%; height: 19.6023px;\">300<\/td>\n<td style=\"width: 24.792%; height: 19.6023px;\">2.12&#8243;<\/td>\n<\/tr>\n<tr>\n<td style=\"width: 24.792%;\">2&#8243;<\/td>\n<td style=\"width: 24.792%;\">450<\/td>\n<td style=\"width: 24.792%;\">250<\/td>\n<td style=\"width: 24.792%;\">2.65&#8243;<\/td>\n<\/tr>\n<tr style=\"height: 19.6023px;\">\n<td style=\"width: 24.792%; height: 19.6023px;\">2 1\/2&#8243;<\/td>\n<td style=\"width: 24.792%; height: 19.6023px;\">400<\/td>\n<td style=\"width: 24.792%; height: 19.6023px;\">200<\/td>\n<td style=\"width: 24.792%; height: 19.6023px;\">3.18&#8243;<\/td>\n<\/tr>\n<tr style=\"height: 19.6023px;\">\n<td style=\"width: 24.792%; height: 19.6023px;\">3&#8243;<\/td>\n<td style=\"width: 24.792%; height: 19.6023px;\">350<\/td>\n<td style=\"width: 24.792%; height: 19.6023px;\">175<\/td>\n<td style=\"width: 24.792%; height: 19.6023px;\">3.72&#8243;<\/td>\n<\/tr>\n<tr style=\"height: 19.6023px;\">\n<td style=\"width: 24.792%; height: 19.6023px;\">4&#8243;<\/td>\n<td style=\"width: 24.792%; height: 19.6023px;\">300<\/td>\n<td style=\"width: 24.792%; height: 19.6023px;\">150<\/td>\n<td style=\"width: 24.792%; height: 19.6023px;\">4.82&#8243;<\/td>\n<\/tr>\n<tr style=\"height: 19.6023px;\">\n<td style=\"width: 24.792%; height: 19.6023px;\">5&#8243;<\/td>\n<td style=\"width: 24.792%; height: 19.6023px;\">225<\/td>\n<td style=\"width: 24.792%; height: 19.6023px;\">100<\/td>\n<td style=\"width: 24.792%; height: 19.6023px;\">5.82&#8243;<\/td>\n<\/tr>\n<tr style=\"height: 19.6023px;\">\n<td style=\"width: 24.792%; height: 19.6023px;\">6&#8243;<\/td>\n<td style=\"width: 24.792%; height: 19.6023px;\">150<\/td>\n<td style=\"width: 24.792%; height: 19.6023px;\">75<\/td>\n<td style=\"width: 24.792%; height: 19.6023px;\">6.69&#8243;<\/td>\n<\/tr>\n<tr style=\"height: 19.6023px;\">\n<td style=\"width: 24.792%; height: 19.6023px;\">8&#8243;<\/td>\n<td style=\"width: 24.792%; height: 19.6023px;\">100<\/td>\n<td style=\"width: 24.792%; height: 19.6023px;\">50<\/td>\n<td style=\"width: 24.792%; height: 19.6023px;\">8.69&#8243;<\/td>\n<\/tr>\n<tr style=\"height: 19.6023px;\">\n<td style=\"width: 24.792%; height: 19.6023px;\">10&#8243;<\/td>\n<td style=\"width: 24.792%; height: 19.6023px;\">75<\/td>\n<td style=\"width: 24.792%; height: 19.6023px;\">40<\/td>\n<td style=\"width: 24.792%; height: 19.6023px;\">10.74&#8243;<\/td>\n<\/tr>\n<tr style=\"height: 19.6023px;\">\n<td style=\"width: 24.792%; height: 19.6023px;\">12&#8243;<\/td>\n<td style=\"width: 24.792%; height: 19.6023px;\">50<\/td>\n<td style=\"width: 24.792%; height: 19.6023px;\">25<\/td>\n<td style=\"width: 24.792%; height: 19.6023px;\">12.74&#8243;<\/td>\n<\/tr>\n<\/tbody>\n<\/table>\n","protected":false},"excerpt":{"rendered":"<h4>Assurez des connexions s\u00fbres et hygi\u00e9niques dans les op\u00e9rations de brassage avec le Tri-Clamp 13MHHM \u00e0 broche unique et \u00e0 usage intensif.<\/h4>\n<ul>\n<li>Construction en acier inoxydable durable pour des performances durables dans les environnements de brassage \u00e0 haute pression.<\/li>\n<li>Serrage facile, sans outil, avec une conception \u00e0 goupille unique et un \u00e9crou \u00e0 ailettes \u00e0 trous transversaux pour une installation et une maintenance efficaces.<\/li>\n<li>Conforme aux normes ASME A270 et 3A, garantissant la s\u00e9curit\u00e9 et l&#8217;hygi\u00e8ne dans les processus de brassage.<\/li>\n<\/ul>\n","protected":false},"featured_media":13996,"template":"","meta":{"_acf_changed":false,"inline_featured_image":false},"product_brand":[740],"product_cat":[736,741],"product_tag":[754,762,755,756,760,759,800,758,757,761],"class_list":{"0":"post-13993","1":"product","2":"type-product","3":"status-publish","4":"has-post-thumbnail","6":"product_brand-dixon","7":"product_cat-distribution","8":"product_cat-materiel","9":"product_tag-brasserie","10":"product_tag-cave","11":"product_tag-distillerie","12":"product_tag-inoxydable","13":"product_tag-raccord-tri-clamp","14":"product_tag-raccords-tri-clamp","15":"product_tag-soda","16":"product_tag-tri-clamp","17":"product_tag-tri-clamp-en-acier-inoxydable","18":"product_tag-triclamp","20":"first","21":"instock","22":"taxable","23":"shipping-taxable","24":"purchasable","25":"product-type-variable"},"acf":[],"yoast_head":"<!-- This site is optimized with the Yoast SEO plugin v27.6 - https:\/\/yoast.com\/product\/yoast-seo-wordpress\/ -->\n<title>13MHHM Tri-Clamp avec \u00e9crou \u00e0 ailettes en croix - Dixon - Zytho<\/title>\n<meta name=\"robots\" content=\"index, follow, max-snippet:-1, max-image-preview:large, max-video-preview:-1\" \/>\n<link rel=\"canonical\" href=\"https:\/\/www.zytho.ca\/fr\/produit\/13mhhm-tri-clamp-avec-ecrou-a-ailettes-en-croix-dixon\/\" \/>\n<meta property=\"og:locale\" content=\"fr_FR\" \/>\n<meta property=\"og:type\" content=\"article\" \/>\n<meta property=\"og:title\" content=\"13MHHM Tri-Clamp avec \u00e9crou \u00e0 ailettes en croix - Dixon - Zytho\" \/>\n<meta property=\"og:description\" content=\"Assurez des connexions s\u00fbres et hygi\u00e9niques dans les op\u00e9rations de brassage avec le Tri-Clamp 13MHHM \u00e0 broche unique et \u00e0 usage intensif.   Construction en acier inoxydable durable pour des performances durables dans les environnements de brassage \u00e0 haute pression.  Serrage facile, sans outil, avec une conception \u00e0 goupille unique et un \u00e9crou \u00e0 ailettes \u00e0 trous transversaux pour une installation et une maintenance efficaces.  Conforme aux normes ASME A270 et 3A, garantissant la s\u00e9curit\u00e9 et l&#039;hygi\u00e8ne dans les processus de brassage.\" \/>\n<meta property=\"og:url\" content=\"https:\/\/www.zytho.ca\/fr\/produit\/13mhhm-tri-clamp-avec-ecrou-a-ailettes-en-croix-dixon\/\" \/>\n<meta property=\"og:site_name\" content=\"Zytho\" \/>\n<meta property=\"og:image\" content=\"https:\/\/www.zytho.ca\/wp-content\/uploads\/2025\/10\/13MHHM-Single-Pin-Heavy-Duty-Tri-Clamp-with-Cross-Hole-Wing-Nut-Dixon.jpg\" \/>\n\t<meta property=\"og:image:width\" content=\"671\" \/>\n\t<meta property=\"og:image:height\" content=\"671\" \/>\n\t<meta property=\"og:image:type\" content=\"image\/jpeg\" \/>\n<meta name=\"twitter:card\" content=\"summary_large_image\" \/>\n<meta name=\"twitter:label1\" content=\"Dur\u00e9e de lecture estim\u00e9e\" \/>\n\t<meta name=\"twitter:data1\" content=\"1 minute\" \/>\n<script type=\"application\/ld+json\" class=\"yoast-schema-graph\">{\"@context\":\"https:\\\/\\\/schema.org\",\"@graph\":[{\"@type\":\"WebPage\",\"@id\":\"https:\\\/\\\/www.zytho.ca\\\/fr\\\/produit\\\/13mhhm-tri-clamp-avec-ecrou-a-ailettes-en-croix-dixon\\\/\",\"url\":\"https:\\\/\\\/www.zytho.ca\\\/fr\\\/produit\\\/13mhhm-tri-clamp-avec-ecrou-a-ailettes-en-croix-dixon\\\/\",\"name\":\"13MHHM Tri-Clamp avec \u00e9crou \u00e0 ailettes en croix - Dixon - Zytho\",\"isPartOf\":{\"@id\":\"https:\\\/\\\/www.zytho.ca\\\/fr\\\/#website\"},\"primaryImageOfPage\":{\"@id\":\"https:\\\/\\\/www.zytho.ca\\\/fr\\\/produit\\\/13mhhm-tri-clamp-avec-ecrou-a-ailettes-en-croix-dixon\\\/#primaryimage\"},\"image\":{\"@id\":\"https:\\\/\\\/www.zytho.ca\\\/fr\\\/produit\\\/13mhhm-tri-clamp-avec-ecrou-a-ailettes-en-croix-dixon\\\/#primaryimage\"},\"thumbnailUrl\":\"https:\\\/\\\/www.zytho.ca\\\/wp-content\\\/uploads\\\/2025\\\/10\\\/13MHHM-Single-Pin-Heavy-Duty-Tri-Clamp-with-Cross-Hole-Wing-Nut-Dixon.jpg\",\"datePublished\":\"2025-10-27T15:42:47+00:00\",\"breadcrumb\":{\"@id\":\"https:\\\/\\\/www.zytho.ca\\\/fr\\\/produit\\\/13mhhm-tri-clamp-avec-ecrou-a-ailettes-en-croix-dixon\\\/#breadcrumb\"},\"inLanguage\":\"fr-FR\",\"potentialAction\":[{\"@type\":\"ReadAction\",\"target\":[\"https:\\\/\\\/www.zytho.ca\\\/fr\\\/produit\\\/13mhhm-tri-clamp-avec-ecrou-a-ailettes-en-croix-dixon\\\/\"]}]},{\"@type\":\"ImageObject\",\"inLanguage\":\"fr-FR\",\"@id\":\"https:\\\/\\\/www.zytho.ca\\\/fr\\\/produit\\\/13mhhm-tri-clamp-avec-ecrou-a-ailettes-en-croix-dixon\\\/#primaryimage\",\"url\":\"https:\\\/\\\/www.zytho.ca\\\/wp-content\\\/uploads\\\/2025\\\/10\\\/13MHHM-Single-Pin-Heavy-Duty-Tri-Clamp-with-Cross-Hole-Wing-Nut-Dixon.jpg\",\"contentUrl\":\"https:\\\/\\\/www.zytho.ca\\\/wp-content\\\/uploads\\\/2025\\\/10\\\/13MHHM-Single-Pin-Heavy-Duty-Tri-Clamp-with-Cross-Hole-Wing-Nut-Dixon.jpg\",\"width\":671,\"height\":671},{\"@type\":\"BreadcrumbList\",\"@id\":\"https:\\\/\\\/www.zytho.ca\\\/fr\\\/produit\\\/13mhhm-tri-clamp-avec-ecrou-a-ailettes-en-croix-dixon\\\/#breadcrumb\",\"itemListElement\":[{\"@type\":\"ListItem\",\"position\":1,\"name\":\"Accueil\",\"item\":\"https:\\\/\\\/www.zytho.ca\\\/fr\\\/\"},{\"@type\":\"ListItem\",\"position\":2,\"name\":\"Shop\",\"item\":\"https:\\\/\\\/www.zytho.ca\\\/fr\\\/shop\\\/\"},{\"@type\":\"ListItem\",\"position\":3,\"name\":\"13MHHM Tri-Clamp avec \u00e9crou \u00e0 ailettes en croix &#8211; Dixon\"}]},{\"@type\":\"WebSite\",\"@id\":\"https:\\\/\\\/www.zytho.ca\\\/fr\\\/#website\",\"url\":\"https:\\\/\\\/www.zytho.ca\\\/fr\\\/\",\"name\":\"Zytho\",\"description\":\"\",\"publisher\":{\"@id\":\"https:\\\/\\\/www.zytho.ca\\\/fr\\\/#organization\"},\"potentialAction\":[{\"@type\":\"SearchAction\",\"target\":{\"@type\":\"EntryPoint\",\"urlTemplate\":\"https:\\\/\\\/www.zytho.ca\\\/fr\\\/?s={search_term_string}\"},\"query-input\":{\"@type\":\"PropertyValueSpecification\",\"valueRequired\":true,\"valueName\":\"search_term_string\"}}],\"inLanguage\":\"fr-FR\"},{\"@type\":\"Organization\",\"@id\":\"https:\\\/\\\/www.zytho.ca\\\/fr\\\/#organization\",\"name\":\"Zytho\",\"url\":\"https:\\\/\\\/www.zytho.ca\\\/fr\\\/\",\"logo\":{\"@type\":\"ImageObject\",\"inLanguage\":\"fr-FR\",\"@id\":\"https:\\\/\\\/www.zytho.ca\\\/fr\\\/#\\\/schema\\\/logo\\\/image\\\/\",\"url\":\"https:\\\/\\\/www.zytho.ca\\\/wp-content\\\/uploads\\\/2024\\\/05\\\/Zytho_reversed_horizontal.svg\",\"contentUrl\":\"https:\\\/\\\/www.zytho.ca\\\/wp-content\\\/uploads\\\/2024\\\/05\\\/Zytho_reversed_horizontal.svg\",\"width\":1582,\"height\":490,\"caption\":\"Zytho\"},\"image\":{\"@id\":\"https:\\\/\\\/www.zytho.ca\\\/fr\\\/#\\\/schema\\\/logo\\\/image\\\/\"}}]}<\/script>\n<!-- \/ Yoast SEO plugin. -->","yoast_head_json":{"title":"13MHHM Tri-Clamp avec \u00e9crou \u00e0 ailettes en croix - Dixon - Zytho","robots":{"index":"index","follow":"follow","max-snippet":"max-snippet:-1","max-image-preview":"max-image-preview:large","max-video-preview":"max-video-preview:-1"},"canonical":"https:\/\/www.zytho.ca\/fr\/produit\/13mhhm-tri-clamp-avec-ecrou-a-ailettes-en-croix-dixon\/","og_locale":"fr_FR","og_type":"article","og_title":"13MHHM Tri-Clamp avec \u00e9crou \u00e0 ailettes en croix - Dixon - Zytho","og_description":"Assurez des connexions s\u00fbres et hygi\u00e9niques dans les op\u00e9rations de brassage avec le Tri-Clamp 13MHHM \u00e0 broche unique et \u00e0 usage intensif.   Construction en acier inoxydable durable pour des performances durables dans les environnements de brassage \u00e0 haute pression.  Serrage facile, sans outil, avec une conception \u00e0 goupille unique et un \u00e9crou \u00e0 ailettes \u00e0 trous transversaux pour une installation et une maintenance efficaces.  Conforme aux normes ASME A270 et 3A, garantissant la s\u00e9curit\u00e9 et l'hygi\u00e8ne dans les processus de brassage.","og_url":"https:\/\/www.zytho.ca\/fr\/produit\/13mhhm-tri-clamp-avec-ecrou-a-ailettes-en-croix-dixon\/","og_site_name":"Zytho","og_image":[{"width":671,"height":671,"url":"https:\/\/www.zytho.ca\/wp-content\/uploads\/2025\/10\/13MHHM-Single-Pin-Heavy-Duty-Tri-Clamp-with-Cross-Hole-Wing-Nut-Dixon.jpg","type":"image\/jpeg"}],"twitter_card":"summary_large_image","twitter_misc":{"Dur\u00e9e de lecture estim\u00e9e":"1 minute"},"schema":{"@context":"https:\/\/schema.org","@graph":[{"@type":"WebPage","@id":"https:\/\/www.zytho.ca\/fr\/produit\/13mhhm-tri-clamp-avec-ecrou-a-ailettes-en-croix-dixon\/","url":"https:\/\/www.zytho.ca\/fr\/produit\/13mhhm-tri-clamp-avec-ecrou-a-ailettes-en-croix-dixon\/","name":"13MHHM Tri-Clamp avec \u00e9crou \u00e0 ailettes en croix - Dixon - Zytho","isPartOf":{"@id":"https:\/\/www.zytho.ca\/fr\/#website"},"primaryImageOfPage":{"@id":"https:\/\/www.zytho.ca\/fr\/produit\/13mhhm-tri-clamp-avec-ecrou-a-ailettes-en-croix-dixon\/#primaryimage"},"image":{"@id":"https:\/\/www.zytho.ca\/fr\/produit\/13mhhm-tri-clamp-avec-ecrou-a-ailettes-en-croix-dixon\/#primaryimage"},"thumbnailUrl":"https:\/\/www.zytho.ca\/wp-content\/uploads\/2025\/10\/13MHHM-Single-Pin-Heavy-Duty-Tri-Clamp-with-Cross-Hole-Wing-Nut-Dixon.jpg","datePublished":"2025-10-27T15:42:47+00:00","breadcrumb":{"@id":"https:\/\/www.zytho.ca\/fr\/produit\/13mhhm-tri-clamp-avec-ecrou-a-ailettes-en-croix-dixon\/#breadcrumb"},"inLanguage":"fr-FR","potentialAction":[{"@type":"ReadAction","target":["https:\/\/www.zytho.ca\/fr\/produit\/13mhhm-tri-clamp-avec-ecrou-a-ailettes-en-croix-dixon\/"]}]},{"@type":"ImageObject","inLanguage":"fr-FR","@id":"https:\/\/www.zytho.ca\/fr\/produit\/13mhhm-tri-clamp-avec-ecrou-a-ailettes-en-croix-dixon\/#primaryimage","url":"https:\/\/www.zytho.ca\/wp-content\/uploads\/2025\/10\/13MHHM-Single-Pin-Heavy-Duty-Tri-Clamp-with-Cross-Hole-Wing-Nut-Dixon.jpg","contentUrl":"https:\/\/www.zytho.ca\/wp-content\/uploads\/2025\/10\/13MHHM-Single-Pin-Heavy-Duty-Tri-Clamp-with-Cross-Hole-Wing-Nut-Dixon.jpg","width":671,"height":671},{"@type":"BreadcrumbList","@id":"https:\/\/www.zytho.ca\/fr\/produit\/13mhhm-tri-clamp-avec-ecrou-a-ailettes-en-croix-dixon\/#breadcrumb","itemListElement":[{"@type":"ListItem","position":1,"name":"Accueil","item":"https:\/\/www.zytho.ca\/fr\/"},{"@type":"ListItem","position":2,"name":"Shop","item":"https:\/\/www.zytho.ca\/fr\/shop\/"},{"@type":"ListItem","position":3,"name":"13MHHM Tri-Clamp avec \u00e9crou \u00e0 ailettes en croix &#8211; Dixon"}]},{"@type":"WebSite","@id":"https:\/\/www.zytho.ca\/fr\/#website","url":"https:\/\/www.zytho.ca\/fr\/","name":"Zytho","description":"","publisher":{"@id":"https:\/\/www.zytho.ca\/fr\/#organization"},"potentialAction":[{"@type":"SearchAction","target":{"@type":"EntryPoint","urlTemplate":"https:\/\/www.zytho.ca\/fr\/?s={search_term_string}"},"query-input":{"@type":"PropertyValueSpecification","valueRequired":true,"valueName":"search_term_string"}}],"inLanguage":"fr-FR"},{"@type":"Organization","@id":"https:\/\/www.zytho.ca\/fr\/#organization","name":"Zytho","url":"https:\/\/www.zytho.ca\/fr\/","logo":{"@type":"ImageObject","inLanguage":"fr-FR","@id":"https:\/\/www.zytho.ca\/fr\/#\/schema\/logo\/image\/","url":"https:\/\/www.zytho.ca\/wp-content\/uploads\/2024\/05\/Zytho_reversed_horizontal.svg","contentUrl":"https:\/\/www.zytho.ca\/wp-content\/uploads\/2024\/05\/Zytho_reversed_horizontal.svg","width":1582,"height":490,"caption":"Zytho"},"image":{"@id":"https:\/\/www.zytho.ca\/fr\/#\/schema\/logo\/image\/"}}]}},"_links":{"self":[{"href":"https:\/\/www.zytho.ca\/fr\/wp-json\/wp\/v2\/product\/13993","targetHints":{"allow":["GET"]}}],"collection":[{"href":"https:\/\/www.zytho.ca\/fr\/wp-json\/wp\/v2\/product"}],"about":[{"href":"https:\/\/www.zytho.ca\/fr\/wp-json\/wp\/v2\/types\/product"}],"wp:featuredmedia":[{"embeddable":true,"href":"https:\/\/www.zytho.ca\/fr\/wp-json\/wp\/v2\/media\/13996"}],"wp:attachment":[{"href":"https:\/\/www.zytho.ca\/fr\/wp-json\/wp\/v2\/media?parent=13993"}],"wp:term":[{"taxonomy":"product_brand","embeddable":true,"href":"https:\/\/www.zytho.ca\/fr\/wp-json\/wp\/v2\/product_brand?post=13993"},{"taxonomy":"product_cat","embeddable":true,"href":"https:\/\/www.zytho.ca\/fr\/wp-json\/wp\/v2\/product_cat?post=13993"},{"taxonomy":"product_tag","embeddable":true,"href":"https:\/\/www.zytho.ca\/fr\/wp-json\/wp\/v2\/product_tag?post=13993"}],"curies":[{"name":"wp","href":"https:\/\/api.w.org\/{rel}","templated":true}]}}