{"id":13992,"date":"2026-03-17T06:43:42","date_gmt":"2026-03-17T06:43:42","guid":{"rendered":"https:\/\/zytho.ca\/product\/ampco-lf\/"},"modified":"2026-03-17T06:43:42","modified_gmt":"2026-03-17T06:43:42","slug":"ampco-lf","status":"publish","type":"product","link":"https:\/\/www.zytho.ca\/fr\/produit\/ampco-lf\/","title":{"rendered":"Ampco LF"},"content":{"rendered":"<p><strong>Ampco LF Series &#8211; pompe centrifuge sanitaire \u00e0 faible NPSH pour les applications \u00e0 d\u00e9bit moyen<\/strong><\/p>\n<p>La s\u00e9rie LF d&#8217;Ampco est une pompe centrifuge con\u00e7ue pour des performances NPSH faibles dans des applications \u00e0 d\u00e9bit moyen o\u00f9 les conditions d&#8217;aspiration sont loin d&#8217;\u00eatre id\u00e9ales. Situ\u00e9e entre les mod\u00e8les LC et LD, la LF est l&#8217;\u00e9quilibre id\u00e9al entre la capacit\u00e9 de d\u00e9bit, l&#8217;efficacit\u00e9 et la conception sanitaire. <\/p>\n<p>Construite avec une extr\u00e9mit\u00e9 produit en acier inoxydable 316L, un adaptateur en acier inoxydable 304 et une roue \u00e9quilibr\u00e9e, la LF permet de manipuler les fluides sensibles en douceur et sans \u00e0-coups. Elle est certifi\u00e9e 3A et enti\u00e8rement compatible avec le nettoyage en place (NEP), ce qui en fait un excellent choix pour les transformateurs de produits alimentaires, de boissons et de produits laitiers qui ont besoin d&#8217;un fonctionnement fiable et hygi\u00e9nique sans surdimensionner la pompe. <\/p>\n<p>Caract\u00e9ristiques principales :<\/p>\n<ul>\n<li>Optimis\u00e9 pour un faible NPSH et des d\u00e9bits moyens<\/li>\n<li>Certifi\u00e9 3A pour les applications sanitaires<\/li>\n<li>Compatible CIP pour un nettoyage efficace<\/li>\n<li>Construction robuste en acier inoxydable 316L<\/li>\n<li>Roue \u00e9quilibr\u00e9e pour r\u00e9duire les vibrations et l&#8217;usure<\/li>\n<li>Connexions Tri-Clamp pour une installation rapide et hygi\u00e9nique<\/li>\n<li>Conception extractible par l&#8217;arri\u00e8re pour une maintenance simplifi\u00e9e<\/li>\n<\/ul>\n<p>Capacit\u00e9s de performance :<\/p>\n<ul>\n<li>D\u00e9bit jusqu&#8217;\u00e0 409 m\u00b3\/h (1800 GPM)<\/li>\n<li>Pression d&#8217;entr\u00e9e maximale : 600 PSI (41 BAR)<\/li>\n<li>Viscosit\u00e9s jusqu&#8217;\u00e0 1200 cP<\/li>\n<li>Trois options de garnitures m\u00e9caniques<\/li>\n<\/ul>\n<p>La s\u00e9rie LF est le choix intelligent et efficace lorsque vous avez besoin de plus de puissance que la s\u00e9rie <a href=\"https:\/\/www.Zythoprocess.com\/product\/ampco-lc-series\/\">LC<\/a>, mais que vous n&#8217;avez pas besoin de la pleine capacit\u00e9 de la s\u00e9rie <a href=\"https:\/\/www.Zythoprocess.com\/product\/ampco-ld\/\">LD &#8211; offrant<\/a>la m\u00eame construction robuste et la m\u00eame conformit\u00e9 sanitaire.<\/p>\n<p data-start=\"1327\" data-end=\"1530\" data-is-last-node=\"\" data-is-only-node=\"\">\n","protected":false},"excerpt":{"rendered":"<h4>Maintenance ais\u00e9e Pompe sanitaire \u00e0 joint d&#8217;\u00e9tanch\u00e9it\u00e9 \u00e0 chargement frontal<\/h4>\n<p><strong>Avantages<\/strong><\/p>\n<ul>\n<li data-start=\"924\" data-end=\"997\">Les performances exceptionnelles de faible NPSH garantissent un d\u00e9bit r\u00e9gulier, m\u00eame dans des conditions d&#8217;entr\u00e9e difficiles.<\/li>\n<li data-start=\"924\" data-end=\"997\">Certifi\u00e9 3A et pr\u00eat pour le nettoyage en place (CIP), id\u00e9al pour les besoins de traitement hygi\u00e9nique<\/li>\n<li data-start=\"924\" data-end=\"997\">Solution durable de milieu de gamme fabriqu\u00e9e en acier inoxydable 316L, avec une conception qui simplifie l&#8217;entretien.<\/li>\n<\/ul>\n","protected":false},"featured_media":13994,"template":"","meta":{"_acf_changed":false,"inline_featured_image":false},"product_brand":[735],"product_cat":[736,995,31],"product_tag":[739,996],"class_list":{"0":"post-13992","1":"product","2":"type-product","3":"status-publish","4":"has-post-thumbnail","6":"product_brand-ampco","7":"product_cat-distribution","8":"product_cat-pompe-centrifuge","9":"product_cat-pump","10":"product_tag-pas-de-prix","11":"product_tag-serie-l","13":"first","14":"instock","15":"taxable","16":"shipping-taxable","17":"product-type-simple"},"acf":[],"yoast_head":"<!-- This site is optimized with the Yoast SEO plugin v27.6 - https:\/\/yoast.com\/product\/yoast-seo-wordpress\/ -->\n<title>Ampco LF - Zytho<\/title>\n<meta name=\"robots\" content=\"index, follow, max-snippet:-1, max-image-preview:large, max-video-preview:-1\" \/>\n<link rel=\"canonical\" href=\"https:\/\/www.zytho.ca\/fr\/produit\/ampco-lf\/\" \/>\n<meta property=\"og:locale\" content=\"fr_FR\" \/>\n<meta property=\"og:type\" content=\"article\" \/>\n<meta property=\"og:title\" content=\"Ampco LF - Zytho\" \/>\n<meta property=\"og:description\" content=\"Maintenance ais\u00e9e Pompe sanitaire \u00e0 joint d&#039;\u00e9tanch\u00e9it\u00e9 \u00e0 chargement frontal Avantages    Les performances exceptionnelles de faible NPSH garantissent un d\u00e9bit r\u00e9gulier, m\u00eame dans des conditions d&#039;entr\u00e9e difficiles.   Certifi\u00e9 3A et pr\u00eat pour le nettoyage en place (CIP), id\u00e9al pour les besoins de traitement hygi\u00e9nique   Solution durable de milieu de gamme fabriqu\u00e9e en acier inoxydable 316L, avec une conception qui simplifie l&#039;entretien.\" \/>\n<meta property=\"og:url\" content=\"https:\/\/www.zytho.ca\/fr\/produit\/ampco-lf\/\" \/>\n<meta property=\"og:site_name\" content=\"Zytho\" \/>\n<meta property=\"og:image\" content=\"https:\/\/www.zytho.ca\/wp-content\/uploads\/2025\/10\/LF-Assembly-Exploded-View-Render-2-1.jpg\" \/>\n\t<meta property=\"og:image:width\" content=\"700\" \/>\n\t<meta property=\"og:image:height\" content=\"350\" \/>\n\t<meta property=\"og:image:type\" content=\"image\/jpeg\" \/>\n<meta name=\"twitter:card\" content=\"summary_large_image\" \/>\n<meta name=\"twitter:label1\" content=\"Dur\u00e9e de lecture estim\u00e9e\" \/>\n\t<meta name=\"twitter:data1\" content=\"1 minute\" \/>\n<script type=\"application\/ld+json\" class=\"yoast-schema-graph\">{\"@context\":\"https:\\\/\\\/schema.org\",\"@graph\":[{\"@type\":\"WebPage\",\"@id\":\"https:\\\/\\\/www.zytho.ca\\\/fr\\\/produit\\\/ampco-lf\\\/\",\"url\":\"https:\\\/\\\/www.zytho.ca\\\/fr\\\/produit\\\/ampco-lf\\\/\",\"name\":\"Ampco LF - Zytho\",\"isPartOf\":{\"@id\":\"https:\\\/\\\/www.zytho.ca\\\/fr\\\/#website\"},\"primaryImageOfPage\":{\"@id\":\"https:\\\/\\\/www.zytho.ca\\\/fr\\\/produit\\\/ampco-lf\\\/#primaryimage\"},\"image\":{\"@id\":\"https:\\\/\\\/www.zytho.ca\\\/fr\\\/produit\\\/ampco-lf\\\/#primaryimage\"},\"thumbnailUrl\":\"https:\\\/\\\/www.zytho.ca\\\/wp-content\\\/uploads\\\/2025\\\/10\\\/LF-Assembly-Exploded-View-Render-2-1.jpg\",\"datePublished\":\"2026-03-17T06:43:42+00:00\",\"breadcrumb\":{\"@id\":\"https:\\\/\\\/www.zytho.ca\\\/fr\\\/produit\\\/ampco-lf\\\/#breadcrumb\"},\"inLanguage\":\"fr-FR\",\"potentialAction\":[{\"@type\":\"ReadAction\",\"target\":[\"https:\\\/\\\/www.zytho.ca\\\/fr\\\/produit\\\/ampco-lf\\\/\"]}]},{\"@type\":\"ImageObject\",\"inLanguage\":\"fr-FR\",\"@id\":\"https:\\\/\\\/www.zytho.ca\\\/fr\\\/produit\\\/ampco-lf\\\/#primaryimage\",\"url\":\"https:\\\/\\\/www.zytho.ca\\\/wp-content\\\/uploads\\\/2025\\\/10\\\/LF-Assembly-Exploded-View-Render-2-1.jpg\",\"contentUrl\":\"https:\\\/\\\/www.zytho.ca\\\/wp-content\\\/uploads\\\/2025\\\/10\\\/LF-Assembly-Exploded-View-Render-2-1.jpg\",\"width\":700,\"height\":350},{\"@type\":\"BreadcrumbList\",\"@id\":\"https:\\\/\\\/www.zytho.ca\\\/fr\\\/produit\\\/ampco-lf\\\/#breadcrumb\",\"itemListElement\":[{\"@type\":\"ListItem\",\"position\":1,\"name\":\"Accueil\",\"item\":\"https:\\\/\\\/www.zytho.ca\\\/fr\\\/\"},{\"@type\":\"ListItem\",\"position\":2,\"name\":\"Shop\",\"item\":\"https:\\\/\\\/www.zytho.ca\\\/fr\\\/shop\\\/\"},{\"@type\":\"ListItem\",\"position\":3,\"name\":\"Ampco LF\"}]},{\"@type\":\"WebSite\",\"@id\":\"https:\\\/\\\/www.zytho.ca\\\/fr\\\/#website\",\"url\":\"https:\\\/\\\/www.zytho.ca\\\/fr\\\/\",\"name\":\"Zytho\",\"description\":\"\",\"publisher\":{\"@id\":\"https:\\\/\\\/www.zytho.ca\\\/fr\\\/#organization\"},\"potentialAction\":[{\"@type\":\"SearchAction\",\"target\":{\"@type\":\"EntryPoint\",\"urlTemplate\":\"https:\\\/\\\/www.zytho.ca\\\/fr\\\/?s={search_term_string}\"},\"query-input\":{\"@type\":\"PropertyValueSpecification\",\"valueRequired\":true,\"valueName\":\"search_term_string\"}}],\"inLanguage\":\"fr-FR\"},{\"@type\":\"Organization\",\"@id\":\"https:\\\/\\\/www.zytho.ca\\\/fr\\\/#organization\",\"name\":\"Zytho\",\"url\":\"https:\\\/\\\/www.zytho.ca\\\/fr\\\/\",\"logo\":{\"@type\":\"ImageObject\",\"inLanguage\":\"fr-FR\",\"@id\":\"https:\\\/\\\/www.zytho.ca\\\/fr\\\/#\\\/schema\\\/logo\\\/image\\\/\",\"url\":\"https:\\\/\\\/www.zytho.ca\\\/wp-content\\\/uploads\\\/2024\\\/05\\\/Zytho_reversed_horizontal.svg\",\"contentUrl\":\"https:\\\/\\\/www.zytho.ca\\\/wp-content\\\/uploads\\\/2024\\\/05\\\/Zytho_reversed_horizontal.svg\",\"width\":1582,\"height\":490,\"caption\":\"Zytho\"},\"image\":{\"@id\":\"https:\\\/\\\/www.zytho.ca\\\/fr\\\/#\\\/schema\\\/logo\\\/image\\\/\"}}]}<\/script>\n<!-- \/ Yoast SEO plugin. -->","yoast_head_json":{"title":"Ampco LF - Zytho","robots":{"index":"index","follow":"follow","max-snippet":"max-snippet:-1","max-image-preview":"max-image-preview:large","max-video-preview":"max-video-preview:-1"},"canonical":"https:\/\/www.zytho.ca\/fr\/produit\/ampco-lf\/","og_locale":"fr_FR","og_type":"article","og_title":"Ampco LF - Zytho","og_description":"Maintenance ais\u00e9e Pompe sanitaire \u00e0 joint d'\u00e9tanch\u00e9it\u00e9 \u00e0 chargement frontal Avantages    Les performances exceptionnelles de faible NPSH garantissent un d\u00e9bit r\u00e9gulier, m\u00eame dans des conditions d'entr\u00e9e difficiles.   Certifi\u00e9 3A et pr\u00eat pour le nettoyage en place (CIP), id\u00e9al pour les besoins de traitement hygi\u00e9nique   Solution durable de milieu de gamme fabriqu\u00e9e en acier inoxydable 316L, avec une conception qui simplifie l'entretien.","og_url":"https:\/\/www.zytho.ca\/fr\/produit\/ampco-lf\/","og_site_name":"Zytho","og_image":[{"width":700,"height":350,"url":"https:\/\/www.zytho.ca\/wp-content\/uploads\/2025\/10\/LF-Assembly-Exploded-View-Render-2-1.jpg","type":"image\/jpeg"}],"twitter_card":"summary_large_image","twitter_misc":{"Dur\u00e9e de lecture estim\u00e9e":"1 minute"},"schema":{"@context":"https:\/\/schema.org","@graph":[{"@type":"WebPage","@id":"https:\/\/www.zytho.ca\/fr\/produit\/ampco-lf\/","url":"https:\/\/www.zytho.ca\/fr\/produit\/ampco-lf\/","name":"Ampco LF - Zytho","isPartOf":{"@id":"https:\/\/www.zytho.ca\/fr\/#website"},"primaryImageOfPage":{"@id":"https:\/\/www.zytho.ca\/fr\/produit\/ampco-lf\/#primaryimage"},"image":{"@id":"https:\/\/www.zytho.ca\/fr\/produit\/ampco-lf\/#primaryimage"},"thumbnailUrl":"https:\/\/www.zytho.ca\/wp-content\/uploads\/2025\/10\/LF-Assembly-Exploded-View-Render-2-1.jpg","datePublished":"2026-03-17T06:43:42+00:00","breadcrumb":{"@id":"https:\/\/www.zytho.ca\/fr\/produit\/ampco-lf\/#breadcrumb"},"inLanguage":"fr-FR","potentialAction":[{"@type":"ReadAction","target":["https:\/\/www.zytho.ca\/fr\/produit\/ampco-lf\/"]}]},{"@type":"ImageObject","inLanguage":"fr-FR","@id":"https:\/\/www.zytho.ca\/fr\/produit\/ampco-lf\/#primaryimage","url":"https:\/\/www.zytho.ca\/wp-content\/uploads\/2025\/10\/LF-Assembly-Exploded-View-Render-2-1.jpg","contentUrl":"https:\/\/www.zytho.ca\/wp-content\/uploads\/2025\/10\/LF-Assembly-Exploded-View-Render-2-1.jpg","width":700,"height":350},{"@type":"BreadcrumbList","@id":"https:\/\/www.zytho.ca\/fr\/produit\/ampco-lf\/#breadcrumb","itemListElement":[{"@type":"ListItem","position":1,"name":"Accueil","item":"https:\/\/www.zytho.ca\/fr\/"},{"@type":"ListItem","position":2,"name":"Shop","item":"https:\/\/www.zytho.ca\/fr\/shop\/"},{"@type":"ListItem","position":3,"name":"Ampco LF"}]},{"@type":"WebSite","@id":"https:\/\/www.zytho.ca\/fr\/#website","url":"https:\/\/www.zytho.ca\/fr\/","name":"Zytho","description":"","publisher":{"@id":"https:\/\/www.zytho.ca\/fr\/#organization"},"potentialAction":[{"@type":"SearchAction","target":{"@type":"EntryPoint","urlTemplate":"https:\/\/www.zytho.ca\/fr\/?s={search_term_string}"},"query-input":{"@type":"PropertyValueSpecification","valueRequired":true,"valueName":"search_term_string"}}],"inLanguage":"fr-FR"},{"@type":"Organization","@id":"https:\/\/www.zytho.ca\/fr\/#organization","name":"Zytho","url":"https:\/\/www.zytho.ca\/fr\/","logo":{"@type":"ImageObject","inLanguage":"fr-FR","@id":"https:\/\/www.zytho.ca\/fr\/#\/schema\/logo\/image\/","url":"https:\/\/www.zytho.ca\/wp-content\/uploads\/2024\/05\/Zytho_reversed_horizontal.svg","contentUrl":"https:\/\/www.zytho.ca\/wp-content\/uploads\/2024\/05\/Zytho_reversed_horizontal.svg","width":1582,"height":490,"caption":"Zytho"},"image":{"@id":"https:\/\/www.zytho.ca\/fr\/#\/schema\/logo\/image\/"}}]}},"_links":{"self":[{"href":"https:\/\/www.zytho.ca\/fr\/wp-json\/wp\/v2\/product\/13992","targetHints":{"allow":["GET"]}}],"collection":[{"href":"https:\/\/www.zytho.ca\/fr\/wp-json\/wp\/v2\/product"}],"about":[{"href":"https:\/\/www.zytho.ca\/fr\/wp-json\/wp\/v2\/types\/product"}],"wp:featuredmedia":[{"embeddable":true,"href":"https:\/\/www.zytho.ca\/fr\/wp-json\/wp\/v2\/media\/13994"}],"wp:attachment":[{"href":"https:\/\/www.zytho.ca\/fr\/wp-json\/wp\/v2\/media?parent=13992"}],"wp:term":[{"taxonomy":"product_brand","embeddable":true,"href":"https:\/\/www.zytho.ca\/fr\/wp-json\/wp\/v2\/product_brand?post=13992"},{"taxonomy":"product_cat","embeddable":true,"href":"https:\/\/www.zytho.ca\/fr\/wp-json\/wp\/v2\/product_cat?post=13992"},{"taxonomy":"product_tag","embeddable":true,"href":"https:\/\/www.zytho.ca\/fr\/wp-json\/wp\/v2\/product_tag?post=13992"}],"curies":[{"name":"wp","href":"https:\/\/api.w.org\/{rel}","templated":true}]}}