{"id":13987,"date":"2026-03-17T06:43:42","date_gmt":"2026-03-17T06:43:42","guid":{"rendered":"https:\/\/zytho.ca\/product\/ampco-lm\/"},"modified":"2026-03-17T06:43:42","modified_gmt":"2026-03-17T06:43:42","slug":"ampco-lm","status":"publish","type":"product","link":"https:\/\/www.zytho.ca\/fr\/produit\/ampco-lm\/","title":{"rendered":"Ampco LM"},"content":{"rendered":"<p><strong>Ampco LM Series &#8211; Pompe centrifuge compacte \u00e0 faible NPSH pour environnements sanitaires<\/strong><\/p>\n<p data-start=\"83\" data-end=\"458\">La <strong data-start=\"87\" data-end=\"106\">s\u00e9rie LM d&#8217;Ampco<\/strong> est la plus compacte de la famille des pompes de la s\u00e9rie L. Elle est con\u00e7ue pour offrir un <strong data-start=\"185\" data-end=\"209\">faible NPSH<\/strong> dans les <strong data-start=\"213\" data-end=\"229\">espaces restreints<\/strong>. Con\u00e7u pour les applications o\u00f9 les conditions d&#8217;aspiration sont difficiles et l&#8217;espace d&#8217;installation limit\u00e9, le LM offre les m\u00eames caract\u00e9ristiques hygi\u00e9niques et la m\u00eame construction durable que ses homologues plus grands, sans sacrifier les performances.<\/p>\n<p data-start=\"460\" data-end=\"845\">Fabriqu\u00e9 avec une <strong data-start=\"472\" data-end=\"506\">extr\u00e9mit\u00e9 fluide en acier inoxydable 316L<\/strong>, un <strong data-start=\"508\" data-end=\"539\">adaptateur en acier inoxydable 304<\/strong> et une <strong data-start=\"545\" data-end=\"566\">roue \u00e9quilibr\u00e9e<\/strong>, le LM est enti\u00e8rement <strong data-start=\"584\" data-end=\"602\">compatible avec le NEP<\/strong> et <strong data-start=\"607\" data-end=\"623\">certifi\u00e9 3A<\/strong>, ce qui le rend id\u00e9al pour les applications sanitaires telles que les lignes de retour NEP, le transfert de boissons ou le traitement de petits lots. Sa <strong data-start=\"743\" data-end=\"767\">conception extractible par l&#8217;arri\u00e8re<\/strong> et ses <strong data-start=\"772\" data-end=\"797\">connexions Tri-Clamp<\/strong> garantissent un entretien facile et un assemblage sans outil.<\/p>\n<p>Caract\u00e9ristiques principales :<\/p>\n<ul>\n<li>Conception peu encombrante avec des capacit\u00e9s NPSH faibles<\/li>\n<li>Certifi\u00e9 3A et pr\u00eat pour le nettoyage en place (CIP)<\/li>\n<li>Construction durable en acier inoxydable 316L<\/li>\n<li>Roue \u00e9quilibr\u00e9e pour un d\u00e9bit r\u00e9gulier et efficace<\/li>\n<li>Le dos est extractible pour faciliter l&#8217;entretien<\/li>\n<li>Raccords Tri-Clamp pour une installation rapide et hygi\u00e9nique<\/li>\n<\/ul>\n<p>Capacit\u00e9s de performance :<\/p>\n<ul>\n<li>D\u00e9bit jusqu&#8217;\u00e0 409 m\u00b3\/h (1800 GPM)<\/li>\n<li>Pression d&#8217;entr\u00e9e jusqu&#8217;\u00e0 600 PSI (41 BAR)<\/li>\n<li>Traitement des viscosit\u00e9s jusqu&#8217;\u00e0 1200 cP<\/li>\n<li>Disponible avec plusieurs options de garnitures m\u00e9caniques<\/li>\n<\/ul>\n<p>La s\u00e9rie LM est la pompe de choix pour les processeurs qui ont besoin de performances fiables et hygi\u00e9niques dans des espaces limit\u00e9s. Elle offre une conformit\u00e9 sanitaire totale et l&#8217;efficacit\u00e9 reconnue d&#8217;Ampco dans un format compact.<\/p>\n<p data-start=\"1327\" data-end=\"1530\" data-is-last-node=\"\" data-is-only-node=\"\">\n","protected":false},"excerpt":{"rendered":"<h4>Pompe sanitaire \u00e0 joint d&#8217;\u00e9tanch\u00e9it\u00e9 \u00e0 chargement frontal n\u00e9cessitant peu d&#8217;entretien &#8211; M\u00e9trique<\/h4>\n<p><strong>Avantages<\/strong><\/p>\n<ul>\n<li data-start=\"924\" data-end=\"997\">Similaire au <a href=\"https:\/\/www.Zythoprocess.com\/product\/ampco-lf\/\">LF<\/a>, mais disponible en m\u00e9trique<\/li>\n<li data-start=\"924\" data-end=\"997\">Certifi\u00e9 3A et pr\u00eat pour le nettoyage en place (CIP) pour un traitement hygi\u00e9nique<\/li>\n<li data-start=\"924\" data-end=\"997\">Option durable de milieu de gamme fabriqu\u00e9e en acier inoxydable 316L et facile \u00e0 entretenir.<\/li>\n<\/ul>\n","protected":false},"featured_media":13989,"template":"","meta":{"_acf_changed":false,"inline_featured_image":false},"product_brand":[735],"product_cat":[736,995,31],"product_tag":[739,996],"class_list":{"0":"post-13987","1":"product","2":"type-product","3":"status-publish","4":"has-post-thumbnail","6":"product_brand-ampco","7":"product_cat-distribution","8":"product_cat-pompe-centrifuge","9":"product_cat-pump","10":"product_tag-pas-de-prix","11":"product_tag-serie-l","13":"first","14":"instock","15":"taxable","16":"shipping-taxable","17":"product-type-simple"},"acf":[],"yoast_head":"<!-- This site is optimized with the Yoast SEO plugin v27.6 - https:\/\/yoast.com\/product\/yoast-seo-wordpress\/ -->\n<title>Ampco LM - Zytho<\/title>\n<meta name=\"robots\" content=\"index, follow, max-snippet:-1, max-image-preview:large, max-video-preview:-1\" \/>\n<link rel=\"canonical\" href=\"https:\/\/www.zytho.ca\/fr\/produit\/ampco-lm\/\" \/>\n<meta property=\"og:locale\" content=\"fr_FR\" \/>\n<meta property=\"og:type\" content=\"article\" \/>\n<meta property=\"og:title\" content=\"Ampco LM - Zytho\" \/>\n<meta property=\"og:description\" content=\"Pompe sanitaire \u00e0 joint d&#039;\u00e9tanch\u00e9it\u00e9 \u00e0 chargement frontal n\u00e9cessitant peu d&#039;entretien - M\u00e9trique Avantages    Similaire au LF, mais disponible en m\u00e9trique   Certifi\u00e9 3A et pr\u00eat pour le nettoyage en place (CIP) pour un traitement hygi\u00e9nique   Option durable de milieu de gamme fabriqu\u00e9e en acier inoxydable 316L et facile \u00e0 entretenir.\" \/>\n<meta property=\"og:url\" content=\"https:\/\/www.zytho.ca\/fr\/produit\/ampco-lm\/\" \/>\n<meta property=\"og:site_name\" content=\"Zytho\" \/>\n<meta property=\"og:image\" content=\"https:\/\/www.zytho.ca\/wp-content\/uploads\/2025\/10\/LM-Assembly-Exploded-View-Render.jpg\" \/>\n\t<meta property=\"og:image:width\" content=\"700\" \/>\n\t<meta property=\"og:image:height\" content=\"350\" \/>\n\t<meta property=\"og:image:type\" content=\"image\/jpeg\" \/>\n<meta name=\"twitter:card\" content=\"summary_large_image\" \/>\n<meta name=\"twitter:label1\" content=\"Dur\u00e9e de lecture estim\u00e9e\" \/>\n\t<meta name=\"twitter:data1\" content=\"1 minute\" \/>\n<script type=\"application\/ld+json\" class=\"yoast-schema-graph\">{\"@context\":\"https:\\\/\\\/schema.org\",\"@graph\":[{\"@type\":\"WebPage\",\"@id\":\"https:\\\/\\\/www.zytho.ca\\\/fr\\\/produit\\\/ampco-lm\\\/\",\"url\":\"https:\\\/\\\/www.zytho.ca\\\/fr\\\/produit\\\/ampco-lm\\\/\",\"name\":\"Ampco LM - Zytho\",\"isPartOf\":{\"@id\":\"https:\\\/\\\/www.zytho.ca\\\/fr\\\/#website\"},\"primaryImageOfPage\":{\"@id\":\"https:\\\/\\\/www.zytho.ca\\\/fr\\\/produit\\\/ampco-lm\\\/#primaryimage\"},\"image\":{\"@id\":\"https:\\\/\\\/www.zytho.ca\\\/fr\\\/produit\\\/ampco-lm\\\/#primaryimage\"},\"thumbnailUrl\":\"https:\\\/\\\/www.zytho.ca\\\/wp-content\\\/uploads\\\/2025\\\/10\\\/LM-Assembly-Exploded-View-Render.jpg\",\"datePublished\":\"2026-03-17T06:43:42+00:00\",\"breadcrumb\":{\"@id\":\"https:\\\/\\\/www.zytho.ca\\\/fr\\\/produit\\\/ampco-lm\\\/#breadcrumb\"},\"inLanguage\":\"fr-FR\",\"potentialAction\":[{\"@type\":\"ReadAction\",\"target\":[\"https:\\\/\\\/www.zytho.ca\\\/fr\\\/produit\\\/ampco-lm\\\/\"]}]},{\"@type\":\"ImageObject\",\"inLanguage\":\"fr-FR\",\"@id\":\"https:\\\/\\\/www.zytho.ca\\\/fr\\\/produit\\\/ampco-lm\\\/#primaryimage\",\"url\":\"https:\\\/\\\/www.zytho.ca\\\/wp-content\\\/uploads\\\/2025\\\/10\\\/LM-Assembly-Exploded-View-Render.jpg\",\"contentUrl\":\"https:\\\/\\\/www.zytho.ca\\\/wp-content\\\/uploads\\\/2025\\\/10\\\/LM-Assembly-Exploded-View-Render.jpg\",\"width\":700,\"height\":350},{\"@type\":\"BreadcrumbList\",\"@id\":\"https:\\\/\\\/www.zytho.ca\\\/fr\\\/produit\\\/ampco-lm\\\/#breadcrumb\",\"itemListElement\":[{\"@type\":\"ListItem\",\"position\":1,\"name\":\"Accueil\",\"item\":\"https:\\\/\\\/www.zytho.ca\\\/fr\\\/\"},{\"@type\":\"ListItem\",\"position\":2,\"name\":\"Shop\",\"item\":\"https:\\\/\\\/www.zytho.ca\\\/fr\\\/shop\\\/\"},{\"@type\":\"ListItem\",\"position\":3,\"name\":\"Ampco LM\"}]},{\"@type\":\"WebSite\",\"@id\":\"https:\\\/\\\/www.zytho.ca\\\/fr\\\/#website\",\"url\":\"https:\\\/\\\/www.zytho.ca\\\/fr\\\/\",\"name\":\"Zytho\",\"description\":\"\",\"publisher\":{\"@id\":\"https:\\\/\\\/www.zytho.ca\\\/fr\\\/#organization\"},\"potentialAction\":[{\"@type\":\"SearchAction\",\"target\":{\"@type\":\"EntryPoint\",\"urlTemplate\":\"https:\\\/\\\/www.zytho.ca\\\/fr\\\/?s={search_term_string}\"},\"query-input\":{\"@type\":\"PropertyValueSpecification\",\"valueRequired\":true,\"valueName\":\"search_term_string\"}}],\"inLanguage\":\"fr-FR\"},{\"@type\":\"Organization\",\"@id\":\"https:\\\/\\\/www.zytho.ca\\\/fr\\\/#organization\",\"name\":\"Zytho\",\"url\":\"https:\\\/\\\/www.zytho.ca\\\/fr\\\/\",\"logo\":{\"@type\":\"ImageObject\",\"inLanguage\":\"fr-FR\",\"@id\":\"https:\\\/\\\/www.zytho.ca\\\/fr\\\/#\\\/schema\\\/logo\\\/image\\\/\",\"url\":\"https:\\\/\\\/www.zytho.ca\\\/wp-content\\\/uploads\\\/2024\\\/05\\\/Zytho_reversed_horizontal.svg\",\"contentUrl\":\"https:\\\/\\\/www.zytho.ca\\\/wp-content\\\/uploads\\\/2024\\\/05\\\/Zytho_reversed_horizontal.svg\",\"width\":1582,\"height\":490,\"caption\":\"Zytho\"},\"image\":{\"@id\":\"https:\\\/\\\/www.zytho.ca\\\/fr\\\/#\\\/schema\\\/logo\\\/image\\\/\"}}]}<\/script>\n<!-- \/ Yoast SEO plugin. -->","yoast_head_json":{"title":"Ampco LM - Zytho","robots":{"index":"index","follow":"follow","max-snippet":"max-snippet:-1","max-image-preview":"max-image-preview:large","max-video-preview":"max-video-preview:-1"},"canonical":"https:\/\/www.zytho.ca\/fr\/produit\/ampco-lm\/","og_locale":"fr_FR","og_type":"article","og_title":"Ampco LM - Zytho","og_description":"Pompe sanitaire \u00e0 joint d'\u00e9tanch\u00e9it\u00e9 \u00e0 chargement frontal n\u00e9cessitant peu d'entretien - M\u00e9trique Avantages    Similaire au LF, mais disponible en m\u00e9trique   Certifi\u00e9 3A et pr\u00eat pour le nettoyage en place (CIP) pour un traitement hygi\u00e9nique   Option durable de milieu de gamme fabriqu\u00e9e en acier inoxydable 316L et facile \u00e0 entretenir.","og_url":"https:\/\/www.zytho.ca\/fr\/produit\/ampco-lm\/","og_site_name":"Zytho","og_image":[{"width":700,"height":350,"url":"https:\/\/www.zytho.ca\/wp-content\/uploads\/2025\/10\/LM-Assembly-Exploded-View-Render.jpg","type":"image\/jpeg"}],"twitter_card":"summary_large_image","twitter_misc":{"Dur\u00e9e de lecture estim\u00e9e":"1 minute"},"schema":{"@context":"https:\/\/schema.org","@graph":[{"@type":"WebPage","@id":"https:\/\/www.zytho.ca\/fr\/produit\/ampco-lm\/","url":"https:\/\/www.zytho.ca\/fr\/produit\/ampco-lm\/","name":"Ampco LM - Zytho","isPartOf":{"@id":"https:\/\/www.zytho.ca\/fr\/#website"},"primaryImageOfPage":{"@id":"https:\/\/www.zytho.ca\/fr\/produit\/ampco-lm\/#primaryimage"},"image":{"@id":"https:\/\/www.zytho.ca\/fr\/produit\/ampco-lm\/#primaryimage"},"thumbnailUrl":"https:\/\/www.zytho.ca\/wp-content\/uploads\/2025\/10\/LM-Assembly-Exploded-View-Render.jpg","datePublished":"2026-03-17T06:43:42+00:00","breadcrumb":{"@id":"https:\/\/www.zytho.ca\/fr\/produit\/ampco-lm\/#breadcrumb"},"inLanguage":"fr-FR","potentialAction":[{"@type":"ReadAction","target":["https:\/\/www.zytho.ca\/fr\/produit\/ampco-lm\/"]}]},{"@type":"ImageObject","inLanguage":"fr-FR","@id":"https:\/\/www.zytho.ca\/fr\/produit\/ampco-lm\/#primaryimage","url":"https:\/\/www.zytho.ca\/wp-content\/uploads\/2025\/10\/LM-Assembly-Exploded-View-Render.jpg","contentUrl":"https:\/\/www.zytho.ca\/wp-content\/uploads\/2025\/10\/LM-Assembly-Exploded-View-Render.jpg","width":700,"height":350},{"@type":"BreadcrumbList","@id":"https:\/\/www.zytho.ca\/fr\/produit\/ampco-lm\/#breadcrumb","itemListElement":[{"@type":"ListItem","position":1,"name":"Accueil","item":"https:\/\/www.zytho.ca\/fr\/"},{"@type":"ListItem","position":2,"name":"Shop","item":"https:\/\/www.zytho.ca\/fr\/shop\/"},{"@type":"ListItem","position":3,"name":"Ampco LM"}]},{"@type":"WebSite","@id":"https:\/\/www.zytho.ca\/fr\/#website","url":"https:\/\/www.zytho.ca\/fr\/","name":"Zytho","description":"","publisher":{"@id":"https:\/\/www.zytho.ca\/fr\/#organization"},"potentialAction":[{"@type":"SearchAction","target":{"@type":"EntryPoint","urlTemplate":"https:\/\/www.zytho.ca\/fr\/?s={search_term_string}"},"query-input":{"@type":"PropertyValueSpecification","valueRequired":true,"valueName":"search_term_string"}}],"inLanguage":"fr-FR"},{"@type":"Organization","@id":"https:\/\/www.zytho.ca\/fr\/#organization","name":"Zytho","url":"https:\/\/www.zytho.ca\/fr\/","logo":{"@type":"ImageObject","inLanguage":"fr-FR","@id":"https:\/\/www.zytho.ca\/fr\/#\/schema\/logo\/image\/","url":"https:\/\/www.zytho.ca\/wp-content\/uploads\/2024\/05\/Zytho_reversed_horizontal.svg","contentUrl":"https:\/\/www.zytho.ca\/wp-content\/uploads\/2024\/05\/Zytho_reversed_horizontal.svg","width":1582,"height":490,"caption":"Zytho"},"image":{"@id":"https:\/\/www.zytho.ca\/fr\/#\/schema\/logo\/image\/"}}]}},"_links":{"self":[{"href":"https:\/\/www.zytho.ca\/fr\/wp-json\/wp\/v2\/product\/13987","targetHints":{"allow":["GET"]}}],"collection":[{"href":"https:\/\/www.zytho.ca\/fr\/wp-json\/wp\/v2\/product"}],"about":[{"href":"https:\/\/www.zytho.ca\/fr\/wp-json\/wp\/v2\/types\/product"}],"wp:featuredmedia":[{"embeddable":true,"href":"https:\/\/www.zytho.ca\/fr\/wp-json\/wp\/v2\/media\/13989"}],"wp:attachment":[{"href":"https:\/\/www.zytho.ca\/fr\/wp-json\/wp\/v2\/media?parent=13987"}],"wp:term":[{"taxonomy":"product_brand","embeddable":true,"href":"https:\/\/www.zytho.ca\/fr\/wp-json\/wp\/v2\/product_brand?post=13987"},{"taxonomy":"product_cat","embeddable":true,"href":"https:\/\/www.zytho.ca\/fr\/wp-json\/wp\/v2\/product_cat?post=13987"},{"taxonomy":"product_tag","embeddable":true,"href":"https:\/\/www.zytho.ca\/fr\/wp-json\/wp\/v2\/product_tag?post=13987"}],"curies":[{"name":"wp","href":"https:\/\/api.w.org\/{rel}","templated":true}]}}