{"id":13804,"date":"2025-10-27T15:42:57","date_gmt":"2025-10-27T15:42:57","guid":{"rendered":"https:\/\/zytho.ca\/product\/16amp-solid-end-tri-clamp-cap-dixon\/"},"modified":"2025-10-27T15:42:57","modified_gmt":"2025-10-27T15:42:57","slug":"16amp-solid-end-tri-clamp-cap-dixon","status":"publish","type":"product","link":"https:\/\/www.zytho.ca\/fr\/produit\/16amp-solid-end-tri-clamp-cap-dixon\/","title":{"rendered":"16AMP Solid End Tri-Clamp Cap &#8211; Dixon"},"content":{"rendered":"<h6><strong>Capuchon Tri-Clamp \u00e0 extr\u00e9mit\u00e9 solide &#8211; Acier inoxydable<\/strong><\/h6>\n<p>Maintenez une hygi\u00e8ne et une efficacit\u00e9 op\u00e9rationnelle optimales avec le <strong>bouchon Solid End Tri-Clamp<\/strong>, con\u00e7u pour assurer une \u00e9tanch\u00e9it\u00e9 s\u00fbre dans des environnements sanitaires rigoureux. Con\u00e7u pour les fermetures temporaires pendant la maintenance ou les transitions de processus, ce bouchon garantit l&#8217;int\u00e9grit\u00e9 des connexions sanitaires inutilis\u00e9es dans les syst\u00e8mes de tuyauterie des secteurs de l&#8217;alimentation, des boissons, de la biotechnologie et de la pharmacie. <\/p>\n<h6><strong>Avantages :<\/strong><\/h6>\n<ul>\n<li>Fabriqu\u00e9 en <strong>acier inoxydable<\/strong> robuste pour une performance durable.<\/li>\n<li>Certifi\u00e9 conforme aux <strong>normes sanitaires<\/strong> <strong>ASME A270<\/strong> et <strong>3A<\/strong>, garantissant la conformit\u00e9 et la s\u00e9curit\u00e9.<\/li>\n<li>Offre un joint fiable pour les raccords de tuyauterie non utilis\u00e9s.<\/li>\n<li>Id\u00e9al pour les fermetures temporaires pendant la maintenance ou les modifications de processus.<\/li>\n<\/ul>\n<p>Fabriqu\u00e9 en acier inoxydable de premi\u00e8re qualit\u00e9, ce bouchon \u00e0 trois pinces est conforme aux <strong>normes sanitaires<\/strong> rigoureuses <strong>ASME A270<\/strong> et <strong>3A<\/strong>, ce qui lui conf\u00e8re une durabilit\u00e9 in\u00e9gal\u00e9e et le rend conforme aux r\u00e9glementations de l&#8217;industrie. Qu&#8217;il soit utilis\u00e9 dans les secteurs de la brasserie, des produits laitiers, de la biotechnologie ou des produits pharmaceutiques, ce bouchon garantit un ajustement s\u00fbr et pr\u00e9cis afin de respecter les normes d&#8217;hygi\u00e8ne. <\/p>\n<h6><strong>D\u00e9tails du produit :<\/strong><\/h6>\n<ul>\n<li><strong>3-A Normes sanitaires<\/strong>: Num\u00e9ro 63-03 (Autorisation num\u00e9ro 621)<\/li>\n<li><strong>Page du catalogue<\/strong>: <a href=\"https:\/\/www.dixonvalve.com\/sites\/default\/files\/product\/pages\/us\/DPL418%20-%20569.pdf\">DPL418 &#8211; 569<\/a><\/li>\n<li><strong>Certifications<\/strong>: <a href=\"https:\/\/dixonvalve.com\/sites\/default\/files\/documents\/63-04_%20621_Sanitary-Fittings.pdf\">Certificat 3A<\/a><\/li>\n<li><strong>Dimensions : <\/strong><a href=\"https:\/\/dixonvalve.com\/sites\/default\/files\/dixon_dim_spec\/16AMP-G50-75.PDF\">Sp\u00e9cifications dimensionnelles<\/a><\/li>\n<\/ul>\n<p>Le <strong>bouchon Tri-Clamp \u00e0 extr\u00e9mit\u00e9 solide<\/strong> est votre solution pour maintenir la propret\u00e9 et assurer des op\u00e9rations efficaces dans les applications exigeantes.<\/p>\n","protected":false},"excerpt":{"rendered":"<h4>Am\u00e9liorez vos op\u00e9rations de brassage avec le bouchon Tri-Clamp \u00e0 extr\u00e9mit\u00e9 solide 16AMP, con\u00e7u pour une fermeture s\u00fbre et hygi\u00e9nique dans des environnements exigeants.<\/h4>\n<ul>\n<li>Fabriqu\u00e9 en acier inoxydable durable pour une performance de longue dur\u00e9e.<\/li>\n<li>Conforme aux normes sanitaires ASME A270 et 3A pour la s\u00e9curit\u00e9 et la conformit\u00e9.<\/li>\n<li>Id\u00e9al pour les fermetures temporaires pendant la maintenance ou les transitions de processus.<\/li>\n<\/ul>\n","protected":false},"featured_media":13845,"template":"","meta":{"_acf_changed":false,"inline_featured_image":false},"product_brand":[740],"product_cat":[736,741,753],"product_tag":[763,754,762,755,756,760,759,758,757,761],"class_list":{"0":"post-13804","1":"product","2":"type-product","3":"status-publish","4":"has-post-thumbnail","6":"product_brand-dixon","7":"product_cat-distribution","8":"product_cat-materiel","9":"product_cat-raccords-tri-clamp","10":"product_tag-acier-inoxydable","11":"product_tag-brasserie","12":"product_tag-cave","13":"product_tag-distillerie","14":"product_tag-inoxydable","15":"product_tag-raccord-tri-clamp","16":"product_tag-raccords-tri-clamp","17":"product_tag-tri-clamp","18":"product_tag-tri-clamp-en-acier-inoxydable","19":"product_tag-triclamp","21":"first","22":"instock","23":"taxable","24":"shipping-taxable","25":"purchasable","26":"product-type-variable"},"acf":[],"yoast_head":"<!-- This site is optimized with the Yoast SEO plugin v27.6 - https:\/\/yoast.com\/product\/yoast-seo-wordpress\/ -->\n<title>16AMP Solid End Tri-Clamp Cap - Dixon - Pour brasseries professionnelles | Zytho<\/title>\n<meta name=\"description\" content=\"Assurez une hygi\u00e8ne et une efficacit\u00e9 optimales avec le bouchon Tri-Clamp \u00e0 extr\u00e9mit\u00e9 solide 16AMP de Dixon. Fabriqu\u00e9 en acier inoxydable durable, ce bouchon est parfait pour une fermeture s\u00fbre dans les environnements sanitaires, tels que les syst\u00e8mes alimentaires, de boissons, biotechnologiques et pharmaceutiques. Certifi\u00e9 conforme aux normes sanitaires ASME A270 et 3A, il offre des fermetures temporaires fiables pendant la maintenance ou les transitions de processus. Id\u00e9al pour maintenir la propret\u00e9 et l&#039;int\u00e9grit\u00e9 op\u00e9rationnelle, ce bouchon \u00e0 trois pinces est indispensable pour toute application sanitaire rigoureuse.\" \/>\n<meta name=\"robots\" content=\"index, follow, max-snippet:-1, max-image-preview:large, max-video-preview:-1\" \/>\n<link rel=\"canonical\" href=\"https:\/\/www.zytho.ca\/fr\/produit\/16amp-solid-end-tri-clamp-cap-dixon\/\" \/>\n<meta property=\"og:locale\" content=\"fr_FR\" \/>\n<meta property=\"og:type\" content=\"article\" \/>\n<meta property=\"og:title\" content=\"16AMP Solid End Tri-Clamp Cap - Dixon - Pour brasseries professionnelles | Zytho\" \/>\n<meta property=\"og:description\" content=\"Assurez une hygi\u00e8ne et une efficacit\u00e9 optimales avec le bouchon Tri-Clamp \u00e0 extr\u00e9mit\u00e9 solide 16AMP de Dixon. Fabriqu\u00e9 en acier inoxydable durable, ce bouchon est parfait pour une fermeture s\u00fbre dans les environnements sanitaires, tels que les syst\u00e8mes alimentaires, de boissons, biotechnologiques et pharmaceutiques. Certifi\u00e9 conforme aux normes sanitaires ASME A270 et 3A, il offre des fermetures temporaires fiables pendant la maintenance ou les transitions de processus. Id\u00e9al pour maintenir la propret\u00e9 et l&#039;int\u00e9grit\u00e9 op\u00e9rationnelle, ce bouchon \u00e0 trois pinces est indispensable pour toute application sanitaire rigoureuse.\" \/>\n<meta property=\"og:url\" content=\"https:\/\/www.zytho.ca\/fr\/produit\/16amp-solid-end-tri-clamp-cap-dixon\/\" \/>\n<meta property=\"og:site_name\" content=\"Zytho\" \/>\n<meta property=\"og:image\" content=\"https:\/\/www.zytho.ca\/wp-content\/uploads\/2025\/10\/16AMP-Solid-End-Tri-Clamp-Cap-Dixon.jpg\" \/>\n\t<meta property=\"og:image:width\" content=\"496\" \/>\n\t<meta property=\"og:image:height\" content=\"496\" \/>\n\t<meta property=\"og:image:type\" content=\"image\/jpeg\" \/>\n<meta name=\"twitter:card\" content=\"summary_large_image\" \/>\n<meta name=\"twitter:label1\" content=\"Dur\u00e9e de lecture estim\u00e9e\" \/>\n\t<meta name=\"twitter:data1\" content=\"1 minute\" \/>\n<script type=\"application\/ld+json\" class=\"yoast-schema-graph\">{\"@context\":\"https:\\\/\\\/schema.org\",\"@graph\":[{\"@type\":\"WebPage\",\"@id\":\"https:\\\/\\\/www.zytho.ca\\\/fr\\\/produit\\\/16amp-solid-end-tri-clamp-cap-dixon\\\/\",\"url\":\"https:\\\/\\\/www.zytho.ca\\\/fr\\\/produit\\\/16amp-solid-end-tri-clamp-cap-dixon\\\/\",\"name\":\"16AMP Solid End Tri-Clamp Cap - Dixon - Pour brasseries professionnelles | Zytho\",\"isPartOf\":{\"@id\":\"https:\\\/\\\/www.zytho.ca\\\/fr\\\/#website\"},\"primaryImageOfPage\":{\"@id\":\"https:\\\/\\\/www.zytho.ca\\\/fr\\\/produit\\\/16amp-solid-end-tri-clamp-cap-dixon\\\/#primaryimage\"},\"image\":{\"@id\":\"https:\\\/\\\/www.zytho.ca\\\/fr\\\/produit\\\/16amp-solid-end-tri-clamp-cap-dixon\\\/#primaryimage\"},\"thumbnailUrl\":\"https:\\\/\\\/www.zytho.ca\\\/wp-content\\\/uploads\\\/2025\\\/10\\\/16AMP-Solid-End-Tri-Clamp-Cap-Dixon.jpg\",\"datePublished\":\"2025-10-27T15:42:57+00:00\",\"description\":\"Assurez une hygi\u00e8ne et une efficacit\u00e9 optimales avec le bouchon Tri-Clamp \u00e0 extr\u00e9mit\u00e9 solide 16AMP de Dixon. Fabriqu\u00e9 en acier inoxydable durable, ce bouchon est parfait pour une fermeture s\u00fbre dans les environnements sanitaires, tels que les syst\u00e8mes alimentaires, de boissons, biotechnologiques et pharmaceutiques. Certifi\u00e9 conforme aux normes sanitaires ASME A270 et 3A, il offre des fermetures temporaires fiables pendant la maintenance ou les transitions de processus. Id\u00e9al pour maintenir la propret\u00e9 et l'int\u00e9grit\u00e9 op\u00e9rationnelle, ce bouchon \u00e0 trois pinces est indispensable pour toute application sanitaire rigoureuse.\",\"breadcrumb\":{\"@id\":\"https:\\\/\\\/www.zytho.ca\\\/fr\\\/produit\\\/16amp-solid-end-tri-clamp-cap-dixon\\\/#breadcrumb\"},\"inLanguage\":\"fr-FR\",\"potentialAction\":[{\"@type\":\"ReadAction\",\"target\":[\"https:\\\/\\\/www.zytho.ca\\\/fr\\\/produit\\\/16amp-solid-end-tri-clamp-cap-dixon\\\/\"]}]},{\"@type\":\"ImageObject\",\"inLanguage\":\"fr-FR\",\"@id\":\"https:\\\/\\\/www.zytho.ca\\\/fr\\\/produit\\\/16amp-solid-end-tri-clamp-cap-dixon\\\/#primaryimage\",\"url\":\"https:\\\/\\\/www.zytho.ca\\\/wp-content\\\/uploads\\\/2025\\\/10\\\/16AMP-Solid-End-Tri-Clamp-Cap-Dixon.jpg\",\"contentUrl\":\"https:\\\/\\\/www.zytho.ca\\\/wp-content\\\/uploads\\\/2025\\\/10\\\/16AMP-Solid-End-Tri-Clamp-Cap-Dixon.jpg\",\"width\":496,\"height\":496},{\"@type\":\"BreadcrumbList\",\"@id\":\"https:\\\/\\\/www.zytho.ca\\\/fr\\\/produit\\\/16amp-solid-end-tri-clamp-cap-dixon\\\/#breadcrumb\",\"itemListElement\":[{\"@type\":\"ListItem\",\"position\":1,\"name\":\"Accueil\",\"item\":\"https:\\\/\\\/www.zytho.ca\\\/fr\\\/\"},{\"@type\":\"ListItem\",\"position\":2,\"name\":\"Shop\",\"item\":\"https:\\\/\\\/www.zytho.ca\\\/fr\\\/shop\\\/\"},{\"@type\":\"ListItem\",\"position\":3,\"name\":\"16AMP Solid End Tri-Clamp Cap &#8211; Dixon\"}]},{\"@type\":\"WebSite\",\"@id\":\"https:\\\/\\\/www.zytho.ca\\\/fr\\\/#website\",\"url\":\"https:\\\/\\\/www.zytho.ca\\\/fr\\\/\",\"name\":\"Zytho\",\"description\":\"\",\"publisher\":{\"@id\":\"https:\\\/\\\/www.zytho.ca\\\/fr\\\/#organization\"},\"potentialAction\":[{\"@type\":\"SearchAction\",\"target\":{\"@type\":\"EntryPoint\",\"urlTemplate\":\"https:\\\/\\\/www.zytho.ca\\\/fr\\\/?s={search_term_string}\"},\"query-input\":{\"@type\":\"PropertyValueSpecification\",\"valueRequired\":true,\"valueName\":\"search_term_string\"}}],\"inLanguage\":\"fr-FR\"},{\"@type\":\"Organization\",\"@id\":\"https:\\\/\\\/www.zytho.ca\\\/fr\\\/#organization\",\"name\":\"Zytho\",\"url\":\"https:\\\/\\\/www.zytho.ca\\\/fr\\\/\",\"logo\":{\"@type\":\"ImageObject\",\"inLanguage\":\"fr-FR\",\"@id\":\"https:\\\/\\\/www.zytho.ca\\\/fr\\\/#\\\/schema\\\/logo\\\/image\\\/\",\"url\":\"https:\\\/\\\/www.zytho.ca\\\/wp-content\\\/uploads\\\/2024\\\/05\\\/Zytho_reversed_horizontal.svg\",\"contentUrl\":\"https:\\\/\\\/www.zytho.ca\\\/wp-content\\\/uploads\\\/2024\\\/05\\\/Zytho_reversed_horizontal.svg\",\"width\":1582,\"height\":490,\"caption\":\"Zytho\"},\"image\":{\"@id\":\"https:\\\/\\\/www.zytho.ca\\\/fr\\\/#\\\/schema\\\/logo\\\/image\\\/\"}}]}<\/script>\n<!-- \/ Yoast SEO plugin. -->","yoast_head_json":{"title":"16AMP Solid End Tri-Clamp Cap - Dixon - Pour brasseries professionnelles | Zytho","description":"Assurez une hygi\u00e8ne et une efficacit\u00e9 optimales avec le bouchon Tri-Clamp \u00e0 extr\u00e9mit\u00e9 solide 16AMP de Dixon. Fabriqu\u00e9 en acier inoxydable durable, ce bouchon est parfait pour une fermeture s\u00fbre dans les environnements sanitaires, tels que les syst\u00e8mes alimentaires, de boissons, biotechnologiques et pharmaceutiques. Certifi\u00e9 conforme aux normes sanitaires ASME A270 et 3A, il offre des fermetures temporaires fiables pendant la maintenance ou les transitions de processus. Id\u00e9al pour maintenir la propret\u00e9 et l'int\u00e9grit\u00e9 op\u00e9rationnelle, ce bouchon \u00e0 trois pinces est indispensable pour toute application sanitaire rigoureuse.","robots":{"index":"index","follow":"follow","max-snippet":"max-snippet:-1","max-image-preview":"max-image-preview:large","max-video-preview":"max-video-preview:-1"},"canonical":"https:\/\/www.zytho.ca\/fr\/produit\/16amp-solid-end-tri-clamp-cap-dixon\/","og_locale":"fr_FR","og_type":"article","og_title":"16AMP Solid End Tri-Clamp Cap - Dixon - Pour brasseries professionnelles | Zytho","og_description":"Assurez une hygi\u00e8ne et une efficacit\u00e9 optimales avec le bouchon Tri-Clamp \u00e0 extr\u00e9mit\u00e9 solide 16AMP de Dixon. Fabriqu\u00e9 en acier inoxydable durable, ce bouchon est parfait pour une fermeture s\u00fbre dans les environnements sanitaires, tels que les syst\u00e8mes alimentaires, de boissons, biotechnologiques et pharmaceutiques. Certifi\u00e9 conforme aux normes sanitaires ASME A270 et 3A, il offre des fermetures temporaires fiables pendant la maintenance ou les transitions de processus. Id\u00e9al pour maintenir la propret\u00e9 et l'int\u00e9grit\u00e9 op\u00e9rationnelle, ce bouchon \u00e0 trois pinces est indispensable pour toute application sanitaire rigoureuse.","og_url":"https:\/\/www.zytho.ca\/fr\/produit\/16amp-solid-end-tri-clamp-cap-dixon\/","og_site_name":"Zytho","og_image":[{"width":496,"height":496,"url":"https:\/\/www.zytho.ca\/wp-content\/uploads\/2025\/10\/16AMP-Solid-End-Tri-Clamp-Cap-Dixon.jpg","type":"image\/jpeg"}],"twitter_card":"summary_large_image","twitter_misc":{"Dur\u00e9e de lecture estim\u00e9e":"1 minute"},"schema":{"@context":"https:\/\/schema.org","@graph":[{"@type":"WebPage","@id":"https:\/\/www.zytho.ca\/fr\/produit\/16amp-solid-end-tri-clamp-cap-dixon\/","url":"https:\/\/www.zytho.ca\/fr\/produit\/16amp-solid-end-tri-clamp-cap-dixon\/","name":"16AMP Solid End Tri-Clamp Cap - Dixon - Pour brasseries professionnelles | Zytho","isPartOf":{"@id":"https:\/\/www.zytho.ca\/fr\/#website"},"primaryImageOfPage":{"@id":"https:\/\/www.zytho.ca\/fr\/produit\/16amp-solid-end-tri-clamp-cap-dixon\/#primaryimage"},"image":{"@id":"https:\/\/www.zytho.ca\/fr\/produit\/16amp-solid-end-tri-clamp-cap-dixon\/#primaryimage"},"thumbnailUrl":"https:\/\/www.zytho.ca\/wp-content\/uploads\/2025\/10\/16AMP-Solid-End-Tri-Clamp-Cap-Dixon.jpg","datePublished":"2025-10-27T15:42:57+00:00","description":"Assurez une hygi\u00e8ne et une efficacit\u00e9 optimales avec le bouchon Tri-Clamp \u00e0 extr\u00e9mit\u00e9 solide 16AMP de Dixon. Fabriqu\u00e9 en acier inoxydable durable, ce bouchon est parfait pour une fermeture s\u00fbre dans les environnements sanitaires, tels que les syst\u00e8mes alimentaires, de boissons, biotechnologiques et pharmaceutiques. Certifi\u00e9 conforme aux normes sanitaires ASME A270 et 3A, il offre des fermetures temporaires fiables pendant la maintenance ou les transitions de processus. Id\u00e9al pour maintenir la propret\u00e9 et l'int\u00e9grit\u00e9 op\u00e9rationnelle, ce bouchon \u00e0 trois pinces est indispensable pour toute application sanitaire rigoureuse.","breadcrumb":{"@id":"https:\/\/www.zytho.ca\/fr\/produit\/16amp-solid-end-tri-clamp-cap-dixon\/#breadcrumb"},"inLanguage":"fr-FR","potentialAction":[{"@type":"ReadAction","target":["https:\/\/www.zytho.ca\/fr\/produit\/16amp-solid-end-tri-clamp-cap-dixon\/"]}]},{"@type":"ImageObject","inLanguage":"fr-FR","@id":"https:\/\/www.zytho.ca\/fr\/produit\/16amp-solid-end-tri-clamp-cap-dixon\/#primaryimage","url":"https:\/\/www.zytho.ca\/wp-content\/uploads\/2025\/10\/16AMP-Solid-End-Tri-Clamp-Cap-Dixon.jpg","contentUrl":"https:\/\/www.zytho.ca\/wp-content\/uploads\/2025\/10\/16AMP-Solid-End-Tri-Clamp-Cap-Dixon.jpg","width":496,"height":496},{"@type":"BreadcrumbList","@id":"https:\/\/www.zytho.ca\/fr\/produit\/16amp-solid-end-tri-clamp-cap-dixon\/#breadcrumb","itemListElement":[{"@type":"ListItem","position":1,"name":"Accueil","item":"https:\/\/www.zytho.ca\/fr\/"},{"@type":"ListItem","position":2,"name":"Shop","item":"https:\/\/www.zytho.ca\/fr\/shop\/"},{"@type":"ListItem","position":3,"name":"16AMP Solid End Tri-Clamp Cap &#8211; Dixon"}]},{"@type":"WebSite","@id":"https:\/\/www.zytho.ca\/fr\/#website","url":"https:\/\/www.zytho.ca\/fr\/","name":"Zytho","description":"","publisher":{"@id":"https:\/\/www.zytho.ca\/fr\/#organization"},"potentialAction":[{"@type":"SearchAction","target":{"@type":"EntryPoint","urlTemplate":"https:\/\/www.zytho.ca\/fr\/?s={search_term_string}"},"query-input":{"@type":"PropertyValueSpecification","valueRequired":true,"valueName":"search_term_string"}}],"inLanguage":"fr-FR"},{"@type":"Organization","@id":"https:\/\/www.zytho.ca\/fr\/#organization","name":"Zytho","url":"https:\/\/www.zytho.ca\/fr\/","logo":{"@type":"ImageObject","inLanguage":"fr-FR","@id":"https:\/\/www.zytho.ca\/fr\/#\/schema\/logo\/image\/","url":"https:\/\/www.zytho.ca\/wp-content\/uploads\/2024\/05\/Zytho_reversed_horizontal.svg","contentUrl":"https:\/\/www.zytho.ca\/wp-content\/uploads\/2024\/05\/Zytho_reversed_horizontal.svg","width":1582,"height":490,"caption":"Zytho"},"image":{"@id":"https:\/\/www.zytho.ca\/fr\/#\/schema\/logo\/image\/"}}]}},"_links":{"self":[{"href":"https:\/\/www.zytho.ca\/fr\/wp-json\/wp\/v2\/product\/13804","targetHints":{"allow":["GET"]}}],"collection":[{"href":"https:\/\/www.zytho.ca\/fr\/wp-json\/wp\/v2\/product"}],"about":[{"href":"https:\/\/www.zytho.ca\/fr\/wp-json\/wp\/v2\/types\/product"}],"wp:featuredmedia":[{"embeddable":true,"href":"https:\/\/www.zytho.ca\/fr\/wp-json\/wp\/v2\/media\/13845"}],"wp:attachment":[{"href":"https:\/\/www.zytho.ca\/fr\/wp-json\/wp\/v2\/media?parent=13804"}],"wp:term":[{"taxonomy":"product_brand","embeddable":true,"href":"https:\/\/www.zytho.ca\/fr\/wp-json\/wp\/v2\/product_brand?post=13804"},{"taxonomy":"product_cat","embeddable":true,"href":"https:\/\/www.zytho.ca\/fr\/wp-json\/wp\/v2\/product_cat?post=13804"},{"taxonomy":"product_tag","embeddable":true,"href":"https:\/\/www.zytho.ca\/fr\/wp-json\/wp\/v2\/product_tag?post=13804"}],"curies":[{"name":"wp","href":"https:\/\/api.w.org\/{rel}","templated":true}]}}