{"id":13772,"date":"2025-10-27T15:42:57","date_gmt":"2025-10-27T15:42:57","guid":{"rendered":"https:\/\/zytho.ca\/product\/joints-tri-clamp-a-code-couleur-dixon\/"},"modified":"2025-10-27T15:42:57","modified_gmt":"2025-10-27T15:42:57","slug":"joints-tri-clamp-a-code-couleur-dixon","status":"publish","type":"product","link":"https:\/\/www.zytho.ca\/fr\/produit\/joints-tri-clamp-a-code-couleur-dixon\/","title":{"rendered":"Joints Tri-Clamp \u00e0 code couleur &#8211; Dixon"},"content":{"rendered":"<h6><strong>Syst\u00e8me de tra\u00e7abilit\u00e9 des joints \u00e0 trois pinces avec code couleur &#8211; une premi\u00e8re dans l&#8217;industrie !<\/strong><\/h6>\n<p>Am\u00e9liorez votre efficacit\u00e9 op\u00e9rationnelle et garantissez la qualit\u00e9 sup\u00e9rieure de vos produits gr\u00e2ce au <strong>syst\u00e8me de tra\u00e7abilit\u00e9 des joints Tri-Clamp \u00e0 code couleur<\/strong>. Cette solution innovante est con\u00e7ue pour rationaliser la gestion des joints et r\u00e9duire consid\u00e9rablement les risques de contamination dans les environnements de fabrication d&#8217;aliments et de boissons. En utilisant un code couleur, ce syst\u00e8me facilite un placement organis\u00e9 et un suivi efficace, optimisant ainsi les op\u00e9rations de l&#8217;usine.  <\/p>\n<h6><strong>Avantages :<\/strong><\/h6>\n<ul>\n<li>Fabriqu\u00e9 \u00e0 partir de <strong>mat\u00e9riaux approuv\u00e9s par la FDA<\/strong>, il garantit un contact s\u00fbr avec les aliments et les boissons.<\/li>\n<li>Conforme aux normes <strong>3A<\/strong> et <strong>ASME A270<\/strong> pour la s\u00e9curit\u00e9 alimentaire.<\/li>\n<li>Fabriqu\u00e9 \u00e0 partir d&#8217;un mat\u00e9riau durable, l <strong>&#8216;EPDM<\/strong>, connu pour sa flexibilit\u00e9 et sa r\u00e9silience.<\/li>\n<li>Id\u00e9al pour les programmes <strong>HACCP<\/strong> (analyse des risques et ma\u00eetrise des points critiques).<\/li>\n<li>Convient pour des temp\u00e9ratures allant jusqu&#8217;\u00e0 <strong>135\u00b0C (275\u00b0F)<\/strong>.<\/li>\n<\/ul>\n<p>D\u00e9velopp\u00e9 en six mois pour r\u00e9pondre aux demandes de l&#8217;industrie, en particulier des brasseurs de bi\u00e8res acides et funky, ce syst\u00e8me r\u00e9volutionne la gestion des joints. L&#8217;utilisation correcte et le remplacement en temps voulu des joints sont essentiels au maintien des <strong>bonnes pratiques de fabrication (BPF)<\/strong>, et ce syst\u00e8me garantit des op\u00e9rations plus propres gr\u00e2ce \u00e0 une meilleure visibilit\u00e9 et \u00e0 un suivi simplifi\u00e9. <\/p>\n<p>Disponibles en <strong>1&#8243;, 1,5&#8243; et 2&#8243;<\/strong>, ces joints sont propos\u00e9s dans une vari\u00e9t\u00e9 de couleurs pour faciliter un placement organis\u00e9 en fonction de l&#8217;emplacement ou de l&#8217;application. Par exemple, les zones \u00e0 haut risque peuvent utiliser des joints rouges, tandis que les joints verts peuvent \u00eatre utilis\u00e9s pour les zones \u00e0 faible risque, garantissant ainsi le fonctionnement optimal de votre installation. <\/p>\n<h6><strong>D\u00e9tails du produit :<\/strong><\/h6>\n<ul>\n<li>Poids : <strong>0.005 lb.<\/strong><\/li>\n<li>Tailles disponibles : <strong>1&#8243;, 1,5&#8243; et 2&#8243;.<\/strong><\/li>\n<li>Mat\u00e9riau : <strong>EPDM<\/strong> (Ethyl\u00e8ne Propyl\u00e8ne Di\u00e8ne Monom\u00e8re)<\/li>\n<li><strong style=\"font-size: 0.875rem;\">Dimensions : <\/strong><a href=\"https:\/\/www.dixonvalve.com\/sites\/default\/files\/product\/files\/dimensional-specs\/40MP-E200.PDF\">Sp\u00e9cifications dimensionnelles<\/a><\/li>\n<\/ul>\n<p>Optimisez la tra\u00e7abilit\u00e9 de vos joints et am\u00e9liorez vos normes op\u00e9rationnelles gr\u00e2ce au <strong>syst\u00e8me de tra\u00e7abilit\u00e9 des joints Tri-Clamp \u00e0 code couleur.<\/strong><\/p>\n","protected":false},"excerpt":{"rendered":"<h4>Am\u00e9liorez vos op\u00e9rations de brassage avec le syst\u00e8me de tra\u00e7abilit\u00e9 des joints Tri-Clamp \u00e0 code couleur, con\u00e7u pour optimiser l&#8217;efficacit\u00e9 et garantir une qualit\u00e9 de produit sup\u00e9rieure.<\/h4>\n<ul>\n<li>Minimise les risques de contamination gr\u00e2ce \u00e0 un syst\u00e8me de code couleur pour une gestion organis\u00e9e des joints.<\/li>\n<li>Fabriqu\u00e9 \u00e0 partir d&#8217;un mat\u00e9riau EPDM approuv\u00e9 par la FDA, il garantit la s\u00e9curit\u00e9 et la durabilit\u00e9 dans les environnements \u00e0 haute temp\u00e9rature.<\/li>\n<li>Conforme aux normes 3A et ASME A270, parfait pour les programmes HACCP et le maintien des BPF.<\/li>\n<\/ul>\n","protected":false},"featured_media":13780,"template":"","meta":{"_acf_changed":false,"inline_featured_image":false},"product_brand":[740],"product_cat":[736,741,753],"product_tag":[763,754,762,755,756,760,759,758,757,761],"class_list":{"0":"post-13772","1":"product","2":"type-product","3":"status-publish","4":"has-post-thumbnail","6":"product_brand-dixon","7":"product_cat-distribution","8":"product_cat-materiel","9":"product_cat-raccords-tri-clamp","10":"product_tag-acier-inoxydable","11":"product_tag-brasserie","12":"product_tag-cave","13":"product_tag-distillerie","14":"product_tag-inoxydable","15":"product_tag-raccord-tri-clamp","16":"product_tag-raccords-tri-clamp","17":"product_tag-tri-clamp","18":"product_tag-tri-clamp-en-acier-inoxydable","19":"product_tag-triclamp","20":"pa_color-black","21":"pa_color-blue","22":"pa_color-green","23":"pa_color-red","24":"pa_color-white","25":"pa_color-yellow","27":"first","28":"instock","29":"taxable","30":"shipping-taxable","31":"purchasable","32":"product-type-variable"},"acf":[],"yoast_head":"<!-- This site is optimized with the Yoast SEO plugin v27.6 - https:\/\/yoast.com\/product\/yoast-seo-wordpress\/ -->\n<title>Joints Tri-Clamp \u00e0 code couleur - Dixon - Pour brasseries professionnelles | Zytho<\/title>\n<meta name=\"description\" content=\"Am\u00e9liorez l&#039;efficacit\u00e9 de votre production d&#039;aliments et de boissons gr\u00e2ce aux joints Tri-Clamp \u00e0 code couleur de Dixon. Ce syst\u00e8me de tra\u00e7abilit\u00e9 innovant r\u00e9duit les risques de contamination et rationalise la gestion des joints. Fabriqu\u00e9s \u00e0 partir d&#039;un mat\u00e9riau EPDM approuv\u00e9 par la FDA, ces joints sont conformes aux normes 3A et ASME A270, ce qui les rend id\u00e9aux pour les programmes HACCP. Disponibles en plusieurs tailles et couleurs, ils permettent un placement et un suivi organis\u00e9s, garantissant une qualit\u00e9 de produit sup\u00e9rieure et des normes op\u00e9rationnelles. Adapt\u00e9s \u00e0 des temp\u00e9ratures allant jusqu&#039;\u00e0 135\u00b0C (275\u00b0F), ces joints sont essentiels au maintien des bonnes pratiques de fabrication.\" \/>\n<meta name=\"robots\" content=\"index, follow, max-snippet:-1, max-image-preview:large, max-video-preview:-1\" \/>\n<link rel=\"canonical\" href=\"https:\/\/www.zytho.ca\/fr\/produit\/joints-tri-clamp-a-code-couleur-dixon\/\" \/>\n<meta property=\"og:locale\" content=\"fr_FR\" \/>\n<meta property=\"og:type\" content=\"article\" \/>\n<meta property=\"og:title\" content=\"Joints Tri-Clamp \u00e0 code couleur - Dixon - Pour brasseries professionnelles | Zytho\" \/>\n<meta property=\"og:description\" content=\"Am\u00e9liorez l&#039;efficacit\u00e9 de votre production d&#039;aliments et de boissons gr\u00e2ce aux joints Tri-Clamp \u00e0 code couleur de Dixon. Ce syst\u00e8me de tra\u00e7abilit\u00e9 innovant r\u00e9duit les risques de contamination et rationalise la gestion des joints. Fabriqu\u00e9s \u00e0 partir d&#039;un mat\u00e9riau EPDM approuv\u00e9 par la FDA, ces joints sont conformes aux normes 3A et ASME A270, ce qui les rend id\u00e9aux pour les programmes HACCP. Disponibles en plusieurs tailles et couleurs, ils permettent un placement et un suivi organis\u00e9s, garantissant une qualit\u00e9 de produit sup\u00e9rieure et des normes op\u00e9rationnelles. Adapt\u00e9s \u00e0 des temp\u00e9ratures allant jusqu&#039;\u00e0 135\u00b0C (275\u00b0F), ces joints sont essentiels au maintien des bonnes pratiques de fabrication.\" \/>\n<meta property=\"og:url\" content=\"https:\/\/www.zytho.ca\/fr\/produit\/joints-tri-clamp-a-code-couleur-dixon\/\" \/>\n<meta property=\"og:site_name\" content=\"Zytho\" \/>\n<meta property=\"og:image\" content=\"https:\/\/www.zytho.ca\/wp-content\/uploads\/2025\/10\/Colour-Coded-Tri-Clamp-Gaskets-Dixon.jpg\" \/>\n\t<meta property=\"og:image:width\" content=\"992\" \/>\n\t<meta property=\"og:image:height\" content=\"992\" \/>\n\t<meta property=\"og:image:type\" content=\"image\/jpeg\" \/>\n<meta name=\"twitter:card\" content=\"summary_large_image\" \/>\n<meta name=\"twitter:label1\" content=\"Dur\u00e9e de lecture estim\u00e9e\" \/>\n\t<meta name=\"twitter:data1\" content=\"2 minutes\" \/>\n<script type=\"application\/ld+json\" class=\"yoast-schema-graph\">{\"@context\":\"https:\\\/\\\/schema.org\",\"@graph\":[{\"@type\":\"WebPage\",\"@id\":\"https:\\\/\\\/www.zytho.ca\\\/fr\\\/produit\\\/joints-tri-clamp-a-code-couleur-dixon\\\/\",\"url\":\"https:\\\/\\\/www.zytho.ca\\\/fr\\\/produit\\\/joints-tri-clamp-a-code-couleur-dixon\\\/\",\"name\":\"Joints Tri-Clamp \u00e0 code couleur - Dixon - Pour brasseries professionnelles | Zytho\",\"isPartOf\":{\"@id\":\"https:\\\/\\\/www.zytho.ca\\\/fr\\\/#website\"},\"primaryImageOfPage\":{\"@id\":\"https:\\\/\\\/www.zytho.ca\\\/fr\\\/produit\\\/joints-tri-clamp-a-code-couleur-dixon\\\/#primaryimage\"},\"image\":{\"@id\":\"https:\\\/\\\/www.zytho.ca\\\/fr\\\/produit\\\/joints-tri-clamp-a-code-couleur-dixon\\\/#primaryimage\"},\"thumbnailUrl\":\"https:\\\/\\\/www.zytho.ca\\\/wp-content\\\/uploads\\\/2025\\\/10\\\/Colour-Coded-Tri-Clamp-Gaskets-Dixon.jpg\",\"datePublished\":\"2025-10-27T15:42:57+00:00\",\"description\":\"Am\u00e9liorez l'efficacit\u00e9 de votre production d'aliments et de boissons gr\u00e2ce aux joints Tri-Clamp \u00e0 code couleur de Dixon. Ce syst\u00e8me de tra\u00e7abilit\u00e9 innovant r\u00e9duit les risques de contamination et rationalise la gestion des joints. Fabriqu\u00e9s \u00e0 partir d'un mat\u00e9riau EPDM approuv\u00e9 par la FDA, ces joints sont conformes aux normes 3A et ASME A270, ce qui les rend id\u00e9aux pour les programmes HACCP. Disponibles en plusieurs tailles et couleurs, ils permettent un placement et un suivi organis\u00e9s, garantissant une qualit\u00e9 de produit sup\u00e9rieure et des normes op\u00e9rationnelles. Adapt\u00e9s \u00e0 des temp\u00e9ratures allant jusqu'\u00e0 135\u00b0C (275\u00b0F), ces joints sont essentiels au maintien des bonnes pratiques de fabrication.\",\"breadcrumb\":{\"@id\":\"https:\\\/\\\/www.zytho.ca\\\/fr\\\/produit\\\/joints-tri-clamp-a-code-couleur-dixon\\\/#breadcrumb\"},\"inLanguage\":\"fr-FR\",\"potentialAction\":[{\"@type\":\"ReadAction\",\"target\":[\"https:\\\/\\\/www.zytho.ca\\\/fr\\\/produit\\\/joints-tri-clamp-a-code-couleur-dixon\\\/\"]}]},{\"@type\":\"ImageObject\",\"inLanguage\":\"fr-FR\",\"@id\":\"https:\\\/\\\/www.zytho.ca\\\/fr\\\/produit\\\/joints-tri-clamp-a-code-couleur-dixon\\\/#primaryimage\",\"url\":\"https:\\\/\\\/www.zytho.ca\\\/wp-content\\\/uploads\\\/2025\\\/10\\\/Colour-Coded-Tri-Clamp-Gaskets-Dixon.jpg\",\"contentUrl\":\"https:\\\/\\\/www.zytho.ca\\\/wp-content\\\/uploads\\\/2025\\\/10\\\/Colour-Coded-Tri-Clamp-Gaskets-Dixon.jpg\",\"width\":992,\"height\":992},{\"@type\":\"BreadcrumbList\",\"@id\":\"https:\\\/\\\/www.zytho.ca\\\/fr\\\/produit\\\/joints-tri-clamp-a-code-couleur-dixon\\\/#breadcrumb\",\"itemListElement\":[{\"@type\":\"ListItem\",\"position\":1,\"name\":\"Accueil\",\"item\":\"https:\\\/\\\/www.zytho.ca\\\/fr\\\/\"},{\"@type\":\"ListItem\",\"position\":2,\"name\":\"Shop\",\"item\":\"https:\\\/\\\/www.zytho.ca\\\/fr\\\/shop\\\/\"},{\"@type\":\"ListItem\",\"position\":3,\"name\":\"Joints Tri-Clamp \u00e0 code couleur &#8211; Dixon\"}]},{\"@type\":\"WebSite\",\"@id\":\"https:\\\/\\\/www.zytho.ca\\\/fr\\\/#website\",\"url\":\"https:\\\/\\\/www.zytho.ca\\\/fr\\\/\",\"name\":\"Zytho\",\"description\":\"\",\"publisher\":{\"@id\":\"https:\\\/\\\/www.zytho.ca\\\/fr\\\/#organization\"},\"potentialAction\":[{\"@type\":\"SearchAction\",\"target\":{\"@type\":\"EntryPoint\",\"urlTemplate\":\"https:\\\/\\\/www.zytho.ca\\\/fr\\\/?s={search_term_string}\"},\"query-input\":{\"@type\":\"PropertyValueSpecification\",\"valueRequired\":true,\"valueName\":\"search_term_string\"}}],\"inLanguage\":\"fr-FR\"},{\"@type\":\"Organization\",\"@id\":\"https:\\\/\\\/www.zytho.ca\\\/fr\\\/#organization\",\"name\":\"Zytho\",\"url\":\"https:\\\/\\\/www.zytho.ca\\\/fr\\\/\",\"logo\":{\"@type\":\"ImageObject\",\"inLanguage\":\"fr-FR\",\"@id\":\"https:\\\/\\\/www.zytho.ca\\\/fr\\\/#\\\/schema\\\/logo\\\/image\\\/\",\"url\":\"https:\\\/\\\/www.zytho.ca\\\/wp-content\\\/uploads\\\/2024\\\/05\\\/Zytho_reversed_horizontal.svg\",\"contentUrl\":\"https:\\\/\\\/www.zytho.ca\\\/wp-content\\\/uploads\\\/2024\\\/05\\\/Zytho_reversed_horizontal.svg\",\"width\":1582,\"height\":490,\"caption\":\"Zytho\"},\"image\":{\"@id\":\"https:\\\/\\\/www.zytho.ca\\\/fr\\\/#\\\/schema\\\/logo\\\/image\\\/\"}}]}<\/script>\n<!-- \/ Yoast SEO plugin. -->","yoast_head_json":{"title":"Joints Tri-Clamp \u00e0 code couleur - Dixon - Pour brasseries professionnelles | Zytho","description":"Am\u00e9liorez l'efficacit\u00e9 de votre production d'aliments et de boissons gr\u00e2ce aux joints Tri-Clamp \u00e0 code couleur de Dixon. Ce syst\u00e8me de tra\u00e7abilit\u00e9 innovant r\u00e9duit les risques de contamination et rationalise la gestion des joints. Fabriqu\u00e9s \u00e0 partir d'un mat\u00e9riau EPDM approuv\u00e9 par la FDA, ces joints sont conformes aux normes 3A et ASME A270, ce qui les rend id\u00e9aux pour les programmes HACCP. Disponibles en plusieurs tailles et couleurs, ils permettent un placement et un suivi organis\u00e9s, garantissant une qualit\u00e9 de produit sup\u00e9rieure et des normes op\u00e9rationnelles. Adapt\u00e9s \u00e0 des temp\u00e9ratures allant jusqu'\u00e0 135\u00b0C (275\u00b0F), ces joints sont essentiels au maintien des bonnes pratiques de fabrication.","robots":{"index":"index","follow":"follow","max-snippet":"max-snippet:-1","max-image-preview":"max-image-preview:large","max-video-preview":"max-video-preview:-1"},"canonical":"https:\/\/www.zytho.ca\/fr\/produit\/joints-tri-clamp-a-code-couleur-dixon\/","og_locale":"fr_FR","og_type":"article","og_title":"Joints Tri-Clamp \u00e0 code couleur - Dixon - Pour brasseries professionnelles | Zytho","og_description":"Am\u00e9liorez l'efficacit\u00e9 de votre production d'aliments et de boissons gr\u00e2ce aux joints Tri-Clamp \u00e0 code couleur de Dixon. Ce syst\u00e8me de tra\u00e7abilit\u00e9 innovant r\u00e9duit les risques de contamination et rationalise la gestion des joints. Fabriqu\u00e9s \u00e0 partir d'un mat\u00e9riau EPDM approuv\u00e9 par la FDA, ces joints sont conformes aux normes 3A et ASME A270, ce qui les rend id\u00e9aux pour les programmes HACCP. Disponibles en plusieurs tailles et couleurs, ils permettent un placement et un suivi organis\u00e9s, garantissant une qualit\u00e9 de produit sup\u00e9rieure et des normes op\u00e9rationnelles. Adapt\u00e9s \u00e0 des temp\u00e9ratures allant jusqu'\u00e0 135\u00b0C (275\u00b0F), ces joints sont essentiels au maintien des bonnes pratiques de fabrication.","og_url":"https:\/\/www.zytho.ca\/fr\/produit\/joints-tri-clamp-a-code-couleur-dixon\/","og_site_name":"Zytho","og_image":[{"width":992,"height":992,"url":"https:\/\/www.zytho.ca\/wp-content\/uploads\/2025\/10\/Colour-Coded-Tri-Clamp-Gaskets-Dixon.jpg","type":"image\/jpeg"}],"twitter_card":"summary_large_image","twitter_misc":{"Dur\u00e9e de lecture estim\u00e9e":"2 minutes"},"schema":{"@context":"https:\/\/schema.org","@graph":[{"@type":"WebPage","@id":"https:\/\/www.zytho.ca\/fr\/produit\/joints-tri-clamp-a-code-couleur-dixon\/","url":"https:\/\/www.zytho.ca\/fr\/produit\/joints-tri-clamp-a-code-couleur-dixon\/","name":"Joints Tri-Clamp \u00e0 code couleur - Dixon - Pour brasseries professionnelles | Zytho","isPartOf":{"@id":"https:\/\/www.zytho.ca\/fr\/#website"},"primaryImageOfPage":{"@id":"https:\/\/www.zytho.ca\/fr\/produit\/joints-tri-clamp-a-code-couleur-dixon\/#primaryimage"},"image":{"@id":"https:\/\/www.zytho.ca\/fr\/produit\/joints-tri-clamp-a-code-couleur-dixon\/#primaryimage"},"thumbnailUrl":"https:\/\/www.zytho.ca\/wp-content\/uploads\/2025\/10\/Colour-Coded-Tri-Clamp-Gaskets-Dixon.jpg","datePublished":"2025-10-27T15:42:57+00:00","description":"Am\u00e9liorez l'efficacit\u00e9 de votre production d'aliments et de boissons gr\u00e2ce aux joints Tri-Clamp \u00e0 code couleur de Dixon. Ce syst\u00e8me de tra\u00e7abilit\u00e9 innovant r\u00e9duit les risques de contamination et rationalise la gestion des joints. Fabriqu\u00e9s \u00e0 partir d'un mat\u00e9riau EPDM approuv\u00e9 par la FDA, ces joints sont conformes aux normes 3A et ASME A270, ce qui les rend id\u00e9aux pour les programmes HACCP. Disponibles en plusieurs tailles et couleurs, ils permettent un placement et un suivi organis\u00e9s, garantissant une qualit\u00e9 de produit sup\u00e9rieure et des normes op\u00e9rationnelles. Adapt\u00e9s \u00e0 des temp\u00e9ratures allant jusqu'\u00e0 135\u00b0C (275\u00b0F), ces joints sont essentiels au maintien des bonnes pratiques de fabrication.","breadcrumb":{"@id":"https:\/\/www.zytho.ca\/fr\/produit\/joints-tri-clamp-a-code-couleur-dixon\/#breadcrumb"},"inLanguage":"fr-FR","potentialAction":[{"@type":"ReadAction","target":["https:\/\/www.zytho.ca\/fr\/produit\/joints-tri-clamp-a-code-couleur-dixon\/"]}]},{"@type":"ImageObject","inLanguage":"fr-FR","@id":"https:\/\/www.zytho.ca\/fr\/produit\/joints-tri-clamp-a-code-couleur-dixon\/#primaryimage","url":"https:\/\/www.zytho.ca\/wp-content\/uploads\/2025\/10\/Colour-Coded-Tri-Clamp-Gaskets-Dixon.jpg","contentUrl":"https:\/\/www.zytho.ca\/wp-content\/uploads\/2025\/10\/Colour-Coded-Tri-Clamp-Gaskets-Dixon.jpg","width":992,"height":992},{"@type":"BreadcrumbList","@id":"https:\/\/www.zytho.ca\/fr\/produit\/joints-tri-clamp-a-code-couleur-dixon\/#breadcrumb","itemListElement":[{"@type":"ListItem","position":1,"name":"Accueil","item":"https:\/\/www.zytho.ca\/fr\/"},{"@type":"ListItem","position":2,"name":"Shop","item":"https:\/\/www.zytho.ca\/fr\/shop\/"},{"@type":"ListItem","position":3,"name":"Joints Tri-Clamp \u00e0 code couleur &#8211; Dixon"}]},{"@type":"WebSite","@id":"https:\/\/www.zytho.ca\/fr\/#website","url":"https:\/\/www.zytho.ca\/fr\/","name":"Zytho","description":"","publisher":{"@id":"https:\/\/www.zytho.ca\/fr\/#organization"},"potentialAction":[{"@type":"SearchAction","target":{"@type":"EntryPoint","urlTemplate":"https:\/\/www.zytho.ca\/fr\/?s={search_term_string}"},"query-input":{"@type":"PropertyValueSpecification","valueRequired":true,"valueName":"search_term_string"}}],"inLanguage":"fr-FR"},{"@type":"Organization","@id":"https:\/\/www.zytho.ca\/fr\/#organization","name":"Zytho","url":"https:\/\/www.zytho.ca\/fr\/","logo":{"@type":"ImageObject","inLanguage":"fr-FR","@id":"https:\/\/www.zytho.ca\/fr\/#\/schema\/logo\/image\/","url":"https:\/\/www.zytho.ca\/wp-content\/uploads\/2024\/05\/Zytho_reversed_horizontal.svg","contentUrl":"https:\/\/www.zytho.ca\/wp-content\/uploads\/2024\/05\/Zytho_reversed_horizontal.svg","width":1582,"height":490,"caption":"Zytho"},"image":{"@id":"https:\/\/www.zytho.ca\/fr\/#\/schema\/logo\/image\/"}}]}},"_links":{"self":[{"href":"https:\/\/www.zytho.ca\/fr\/wp-json\/wp\/v2\/product\/13772","targetHints":{"allow":["GET"]}}],"collection":[{"href":"https:\/\/www.zytho.ca\/fr\/wp-json\/wp\/v2\/product"}],"about":[{"href":"https:\/\/www.zytho.ca\/fr\/wp-json\/wp\/v2\/types\/product"}],"wp:featuredmedia":[{"embeddable":true,"href":"https:\/\/www.zytho.ca\/fr\/wp-json\/wp\/v2\/media\/13780"}],"wp:attachment":[{"href":"https:\/\/www.zytho.ca\/fr\/wp-json\/wp\/v2\/media?parent=13772"}],"wp:term":[{"taxonomy":"product_brand","embeddable":true,"href":"https:\/\/www.zytho.ca\/fr\/wp-json\/wp\/v2\/product_brand?post=13772"},{"taxonomy":"product_cat","embeddable":true,"href":"https:\/\/www.zytho.ca\/fr\/wp-json\/wp\/v2\/product_cat?post=13772"},{"taxonomy":"product_tag","embeddable":true,"href":"https:\/\/www.zytho.ca\/fr\/wp-json\/wp\/v2\/product_tag?post=13772"}],"curies":[{"name":"wp","href":"https:\/\/api.w.org\/{rel}","templated":true}]}}