{"id":13682,"date":"2025-10-27T15:43:07","date_gmt":"2025-10-27T15:43:07","guid":{"rendered":"https:\/\/zytho.ca\/product\/couvercle-de-protection-dextremite-bcc-tri-clamp-dixon\/"},"modified":"2025-11-10T10:15:31","modified_gmt":"2025-11-10T10:15:31","slug":"couvercle-de-protection-dextremite-bcc-tri-clamp-dixon","status":"publish","type":"product","link":"https:\/\/www.zytho.ca\/fr\/produit\/couvercle-de-protection-dextremite-bcc-tri-clamp-dixon\/","title":{"rendered":"Couvercle de protection d&#8217;extr\u00e9mit\u00e9 BCC Tri-Clamp &#8211; Dixon"},"content":{"rendered":"<h6><strong>Couvercle de protection d&#8217;extr\u00e9mit\u00e9 Tri-Clamp &#8211; Vinyle Plastique<\/strong><\/h6>\n<p>Le <strong>couvercle de protection d&#8217;extr\u00e9mit\u00e9 Tri-Clamp<\/strong> offre une solution fiable pour maintenir la propret\u00e9 et l&#8217;int\u00e9grit\u00e9 de vos connexions sanitaires, garantissant que votre \u00e9quipement est toujours pr\u00eat \u00e0 fonctionner.<\/p>\n<h6><strong>Avantages :<\/strong><\/h6>\n<ul>\n<li>Fabriqu\u00e9 en <strong>plastique vinyle<\/strong> robuste pour une protection durable.<\/li>\n<li>Veiller au respect des <strong>normes sanitaires<\/strong> <strong>ASME A270<\/strong> et <strong>3A<\/strong>.<\/li>\n<li>Se fixe solidement sur les <strong>raccords, les vannes, les filtres et les pompes<\/strong> afin d&#8217;\u00e9viter toute contamination et tout dommage.<\/li>\n<li>Essentiel pour le maintien de l&#8217;hygi\u00e8ne dans les secteurs de l&#8217;<strong>alimentation, des boissons, de la biotechnologie et de la pharmacie<\/strong>.<\/li>\n<li>Prot\u00e8ge efficacement les extr\u00e9mit\u00e9s non utilis\u00e9es des pinces triples.<\/li>\n<\/ul>\n<p>Con\u00e7ue pour couvrir et prot\u00e9ger les extr\u00e9mit\u00e9s inutilis\u00e9es des pinces triples, cette housse en plastique vinyle durable est id\u00e9ale pour pr\u00e9venir la contamination et les dommages dans diverses applications r\u00e9glement\u00e9es.<\/p>\n<p>Ces couvercles de protection garantissent que les raccords, les vannes, les filtres et les pompes restent propres et s\u00fbrs lorsqu&#8217;ils ne sont pas utilis\u00e9s.<\/p>\n<h6><strong>D\u00e9tails du produit :<\/strong><\/h6>\n<ul>\n<li><strong>Page du catalogue<\/strong>: <a href=\"https:\/\/www.dixonvalve.com\/sites\/default\/files\/product\/pages\/us\/DPL418%20-%20576.pdf\">DPL418 &#8211; 576<\/a><\/li>\n<\/ul>\n<p>Certifi\u00e9 conforme aux <strong>normes sanitaires<\/strong> <strong>ASME A270<\/strong> et <strong>3A<\/strong>, ce couvercle est indispensable pour maintenir des conditions hygi\u00e9niques dans votre environnement de traitement.<\/p>\n<p>Le <strong>couvercle de protection d&#8217;extr\u00e9mit\u00e9 Tri-Clamp<\/strong> offre une solution fiable pour garder vos connexions sanitaires propres et prot\u00e9g\u00e9es, garantissant que votre \u00e9quipement est toujours pr\u00eat \u00e0 fonctionner.<\/p>\n","protected":false},"excerpt":{"rendered":"<h4>Garantissez la propret\u00e9 et l&#8217;int\u00e9grit\u00e9 de votre \u00e9quipement de brassage avec le couvercle de protection d&#8217;extr\u00e9mit\u00e9 Tri-Clamp, durable et conforme.<\/h4>\n<ul>\n<li>Fabriqu\u00e9 en plastique vinyle robuste pour une protection durable.<\/li>\n<li>Conforme aux normes sanitaires ASME A270 et 3A pour l&#8217;assurance de l&#8217;industrie.<\/li>\n<li>Emp\u00eache la contamination et l&#8217;endommagement des raccords, des vannes et des pompes.<\/li>\n<\/ul>\n","protected":false},"featured_media":13683,"template":"","meta":{"_acf_changed":false,"inline_featured_image":false},"product_brand":[740],"product_cat":[736,741,753],"product_tag":[763,754,762,755,756,760,759,758,757,761],"class_list":{"0":"post-13682","1":"product","2":"type-product","3":"status-publish","4":"has-post-thumbnail","6":"product_brand-dixon","7":"product_cat-distribution","8":"product_cat-materiel","9":"product_cat-raccords-tri-clamp","10":"product_tag-acier-inoxydable","11":"product_tag-brasserie","12":"product_tag-cave","13":"product_tag-distillerie","14":"product_tag-inoxydable","15":"product_tag-raccord-tri-clamp","16":"product_tag-raccords-tri-clamp","17":"product_tag-tri-clamp","18":"product_tag-tri-clamp-en-acier-inoxydable","19":"product_tag-triclamp","21":"first","22":"instock","23":"taxable","24":"shipping-taxable","25":"purchasable","26":"product-type-variable"},"acf":[],"yoast_head":"<!-- This site is optimized with the Yoast SEO plugin v27.6 - https:\/\/yoast.com\/product\/yoast-seo-wordpress\/ -->\n<title>BCC Tri-Clamp End Protection Cover - Dixon - Pour brasseries professionnelles | Zytho<\/title>\n<meta name=\"description\" content=\"Prot\u00e9gez vos connexions sanitaires avec le couvercle de protection d&#039;extr\u00e9mit\u00e9 BCC Tri-Clamp de Dixon. Fabriqu\u00e9 en plastique vinyle durable, ce couvercle assure la conformit\u00e9 avec les normes sanitaires ASME A270 et 3A, prot\u00e9geant les raccords, les vannes, les filtres et les pompes de la contamination. Essentielle au maintien de l&#039;hygi\u00e8ne dans les secteurs de l&#039;alimentation, des boissons, de la biotechnologie et de la pharmacie, elle est indispensable aux brasseurs professionnels. Cette solution fiable permet \u00e0 votre \u00e9quipement de rester op\u00e9rationnel.\" \/>\n<meta name=\"robots\" content=\"index, follow, max-snippet:-1, max-image-preview:large, max-video-preview:-1\" \/>\n<link rel=\"canonical\" href=\"https:\/\/www.zytho.ca\/fr\/produit\/couvercle-de-protection-dextremite-bcc-tri-clamp-dixon\/\" \/>\n<meta property=\"og:locale\" content=\"fr_FR\" \/>\n<meta property=\"og:type\" content=\"article\" \/>\n<meta property=\"og:title\" content=\"BCC Tri-Clamp End Protection Cover - Dixon - Pour brasseries professionnelles | Zytho\" \/>\n<meta property=\"og:description\" content=\"Prot\u00e9gez vos connexions sanitaires avec le couvercle de protection d&#039;extr\u00e9mit\u00e9 BCC Tri-Clamp de Dixon. Fabriqu\u00e9 en plastique vinyle durable, ce couvercle assure la conformit\u00e9 avec les normes sanitaires ASME A270 et 3A, prot\u00e9geant les raccords, les vannes, les filtres et les pompes de la contamination. Essentielle au maintien de l&#039;hygi\u00e8ne dans les secteurs de l&#039;alimentation, des boissons, de la biotechnologie et de la pharmacie, elle est indispensable aux brasseurs professionnels. Cette solution fiable permet \u00e0 votre \u00e9quipement de rester op\u00e9rationnel.\" \/>\n<meta property=\"og:url\" content=\"https:\/\/www.zytho.ca\/fr\/produit\/couvercle-de-protection-dextremite-bcc-tri-clamp-dixon\/\" \/>\n<meta property=\"og:site_name\" content=\"Zytho\" \/>\n<meta property=\"article:modified_time\" content=\"2025-11-10T10:15:31+00:00\" \/>\n<meta property=\"og:image\" content=\"https:\/\/www.zytho.ca\/wp-content\/uploads\/2025\/10\/BCC-Tri-Clamp-End-Protection-Cover-Dixon.jpg\" \/>\n\t<meta property=\"og:image:width\" content=\"416\" \/>\n\t<meta property=\"og:image:height\" content=\"416\" \/>\n\t<meta property=\"og:image:type\" content=\"image\/jpeg\" \/>\n<meta name=\"twitter:card\" content=\"summary_large_image\" \/>\n<meta name=\"twitter:label1\" content=\"Dur\u00e9e de lecture estim\u00e9e\" \/>\n\t<meta name=\"twitter:data1\" content=\"1 minute\" \/>\n<script type=\"application\/ld+json\" class=\"yoast-schema-graph\">{\"@context\":\"https:\\\/\\\/schema.org\",\"@graph\":[{\"@type\":\"WebPage\",\"@id\":\"https:\\\/\\\/www.zytho.ca\\\/fr\\\/produit\\\/couvercle-de-protection-dextremite-bcc-tri-clamp-dixon\\\/\",\"url\":\"https:\\\/\\\/www.zytho.ca\\\/fr\\\/produit\\\/couvercle-de-protection-dextremite-bcc-tri-clamp-dixon\\\/\",\"name\":\"BCC Tri-Clamp End Protection Cover - Dixon - Pour brasseries professionnelles | Zytho\",\"isPartOf\":{\"@id\":\"https:\\\/\\\/www.zytho.ca\\\/fr\\\/#website\"},\"primaryImageOfPage\":{\"@id\":\"https:\\\/\\\/www.zytho.ca\\\/fr\\\/produit\\\/couvercle-de-protection-dextremite-bcc-tri-clamp-dixon\\\/#primaryimage\"},\"image\":{\"@id\":\"https:\\\/\\\/www.zytho.ca\\\/fr\\\/produit\\\/couvercle-de-protection-dextremite-bcc-tri-clamp-dixon\\\/#primaryimage\"},\"thumbnailUrl\":\"https:\\\/\\\/www.zytho.ca\\\/wp-content\\\/uploads\\\/2025\\\/10\\\/BCC-Tri-Clamp-End-Protection-Cover-Dixon.jpg\",\"datePublished\":\"2025-10-27T15:43:07+00:00\",\"dateModified\":\"2025-11-10T10:15:31+00:00\",\"description\":\"Prot\u00e9gez vos connexions sanitaires avec le couvercle de protection d'extr\u00e9mit\u00e9 BCC Tri-Clamp de Dixon. Fabriqu\u00e9 en plastique vinyle durable, ce couvercle assure la conformit\u00e9 avec les normes sanitaires ASME A270 et 3A, prot\u00e9geant les raccords, les vannes, les filtres et les pompes de la contamination. Essentielle au maintien de l'hygi\u00e8ne dans les secteurs de l'alimentation, des boissons, de la biotechnologie et de la pharmacie, elle est indispensable aux brasseurs professionnels. Cette solution fiable permet \u00e0 votre \u00e9quipement de rester op\u00e9rationnel.\",\"breadcrumb\":{\"@id\":\"https:\\\/\\\/www.zytho.ca\\\/fr\\\/produit\\\/couvercle-de-protection-dextremite-bcc-tri-clamp-dixon\\\/#breadcrumb\"},\"inLanguage\":\"fr-FR\",\"potentialAction\":[{\"@type\":\"ReadAction\",\"target\":[\"https:\\\/\\\/www.zytho.ca\\\/fr\\\/produit\\\/couvercle-de-protection-dextremite-bcc-tri-clamp-dixon\\\/\"]}]},{\"@type\":\"ImageObject\",\"inLanguage\":\"fr-FR\",\"@id\":\"https:\\\/\\\/www.zytho.ca\\\/fr\\\/produit\\\/couvercle-de-protection-dextremite-bcc-tri-clamp-dixon\\\/#primaryimage\",\"url\":\"https:\\\/\\\/www.zytho.ca\\\/wp-content\\\/uploads\\\/2025\\\/10\\\/BCC-Tri-Clamp-End-Protection-Cover-Dixon.jpg\",\"contentUrl\":\"https:\\\/\\\/www.zytho.ca\\\/wp-content\\\/uploads\\\/2025\\\/10\\\/BCC-Tri-Clamp-End-Protection-Cover-Dixon.jpg\",\"width\":416,\"height\":416},{\"@type\":\"BreadcrumbList\",\"@id\":\"https:\\\/\\\/www.zytho.ca\\\/fr\\\/produit\\\/couvercle-de-protection-dextremite-bcc-tri-clamp-dixon\\\/#breadcrumb\",\"itemListElement\":[{\"@type\":\"ListItem\",\"position\":1,\"name\":\"Accueil\",\"item\":\"https:\\\/\\\/www.zytho.ca\\\/fr\\\/\"},{\"@type\":\"ListItem\",\"position\":2,\"name\":\"Shop\",\"item\":\"https:\\\/\\\/www.zytho.ca\\\/fr\\\/shop\\\/\"},{\"@type\":\"ListItem\",\"position\":3,\"name\":\"Couvercle de protection d&#8217;extr\u00e9mit\u00e9 BCC Tri-Clamp &#8211; Dixon\"}]},{\"@type\":\"WebSite\",\"@id\":\"https:\\\/\\\/www.zytho.ca\\\/fr\\\/#website\",\"url\":\"https:\\\/\\\/www.zytho.ca\\\/fr\\\/\",\"name\":\"Zytho\",\"description\":\"\",\"publisher\":{\"@id\":\"https:\\\/\\\/www.zytho.ca\\\/fr\\\/#organization\"},\"potentialAction\":[{\"@type\":\"SearchAction\",\"target\":{\"@type\":\"EntryPoint\",\"urlTemplate\":\"https:\\\/\\\/www.zytho.ca\\\/fr\\\/?s={search_term_string}\"},\"query-input\":{\"@type\":\"PropertyValueSpecification\",\"valueRequired\":true,\"valueName\":\"search_term_string\"}}],\"inLanguage\":\"fr-FR\"},{\"@type\":\"Organization\",\"@id\":\"https:\\\/\\\/www.zytho.ca\\\/fr\\\/#organization\",\"name\":\"Zytho\",\"url\":\"https:\\\/\\\/www.zytho.ca\\\/fr\\\/\",\"logo\":{\"@type\":\"ImageObject\",\"inLanguage\":\"fr-FR\",\"@id\":\"https:\\\/\\\/www.zytho.ca\\\/fr\\\/#\\\/schema\\\/logo\\\/image\\\/\",\"url\":\"https:\\\/\\\/www.zytho.ca\\\/wp-content\\\/uploads\\\/2024\\\/05\\\/Zytho_reversed_horizontal.svg\",\"contentUrl\":\"https:\\\/\\\/www.zytho.ca\\\/wp-content\\\/uploads\\\/2024\\\/05\\\/Zytho_reversed_horizontal.svg\",\"width\":1582,\"height\":490,\"caption\":\"Zytho\"},\"image\":{\"@id\":\"https:\\\/\\\/www.zytho.ca\\\/fr\\\/#\\\/schema\\\/logo\\\/image\\\/\"}}]}<\/script>\n<!-- \/ Yoast SEO plugin. -->","yoast_head_json":{"title":"BCC Tri-Clamp End Protection Cover - Dixon - Pour brasseries professionnelles | Zytho","description":"Prot\u00e9gez vos connexions sanitaires avec le couvercle de protection d'extr\u00e9mit\u00e9 BCC Tri-Clamp de Dixon. Fabriqu\u00e9 en plastique vinyle durable, ce couvercle assure la conformit\u00e9 avec les normes sanitaires ASME A270 et 3A, prot\u00e9geant les raccords, les vannes, les filtres et les pompes de la contamination. Essentielle au maintien de l'hygi\u00e8ne dans les secteurs de l'alimentation, des boissons, de la biotechnologie et de la pharmacie, elle est indispensable aux brasseurs professionnels. Cette solution fiable permet \u00e0 votre \u00e9quipement de rester op\u00e9rationnel.","robots":{"index":"index","follow":"follow","max-snippet":"max-snippet:-1","max-image-preview":"max-image-preview:large","max-video-preview":"max-video-preview:-1"},"canonical":"https:\/\/www.zytho.ca\/fr\/produit\/couvercle-de-protection-dextremite-bcc-tri-clamp-dixon\/","og_locale":"fr_FR","og_type":"article","og_title":"BCC Tri-Clamp End Protection Cover - Dixon - Pour brasseries professionnelles | Zytho","og_description":"Prot\u00e9gez vos connexions sanitaires avec le couvercle de protection d'extr\u00e9mit\u00e9 BCC Tri-Clamp de Dixon. Fabriqu\u00e9 en plastique vinyle durable, ce couvercle assure la conformit\u00e9 avec les normes sanitaires ASME A270 et 3A, prot\u00e9geant les raccords, les vannes, les filtres et les pompes de la contamination. Essentielle au maintien de l'hygi\u00e8ne dans les secteurs de l'alimentation, des boissons, de la biotechnologie et de la pharmacie, elle est indispensable aux brasseurs professionnels. Cette solution fiable permet \u00e0 votre \u00e9quipement de rester op\u00e9rationnel.","og_url":"https:\/\/www.zytho.ca\/fr\/produit\/couvercle-de-protection-dextremite-bcc-tri-clamp-dixon\/","og_site_name":"Zytho","article_modified_time":"2025-11-10T10:15:31+00:00","og_image":[{"width":416,"height":416,"url":"https:\/\/www.zytho.ca\/wp-content\/uploads\/2025\/10\/BCC-Tri-Clamp-End-Protection-Cover-Dixon.jpg","type":"image\/jpeg"}],"twitter_card":"summary_large_image","twitter_misc":{"Dur\u00e9e de lecture estim\u00e9e":"1 minute"},"schema":{"@context":"https:\/\/schema.org","@graph":[{"@type":"WebPage","@id":"https:\/\/www.zytho.ca\/fr\/produit\/couvercle-de-protection-dextremite-bcc-tri-clamp-dixon\/","url":"https:\/\/www.zytho.ca\/fr\/produit\/couvercle-de-protection-dextremite-bcc-tri-clamp-dixon\/","name":"BCC Tri-Clamp End Protection Cover - Dixon - Pour brasseries professionnelles | Zytho","isPartOf":{"@id":"https:\/\/www.zytho.ca\/fr\/#website"},"primaryImageOfPage":{"@id":"https:\/\/www.zytho.ca\/fr\/produit\/couvercle-de-protection-dextremite-bcc-tri-clamp-dixon\/#primaryimage"},"image":{"@id":"https:\/\/www.zytho.ca\/fr\/produit\/couvercle-de-protection-dextremite-bcc-tri-clamp-dixon\/#primaryimage"},"thumbnailUrl":"https:\/\/www.zytho.ca\/wp-content\/uploads\/2025\/10\/BCC-Tri-Clamp-End-Protection-Cover-Dixon.jpg","datePublished":"2025-10-27T15:43:07+00:00","dateModified":"2025-11-10T10:15:31+00:00","description":"Prot\u00e9gez vos connexions sanitaires avec le couvercle de protection d'extr\u00e9mit\u00e9 BCC Tri-Clamp de Dixon. Fabriqu\u00e9 en plastique vinyle durable, ce couvercle assure la conformit\u00e9 avec les normes sanitaires ASME A270 et 3A, prot\u00e9geant les raccords, les vannes, les filtres et les pompes de la contamination. Essentielle au maintien de l'hygi\u00e8ne dans les secteurs de l'alimentation, des boissons, de la biotechnologie et de la pharmacie, elle est indispensable aux brasseurs professionnels. Cette solution fiable permet \u00e0 votre \u00e9quipement de rester op\u00e9rationnel.","breadcrumb":{"@id":"https:\/\/www.zytho.ca\/fr\/produit\/couvercle-de-protection-dextremite-bcc-tri-clamp-dixon\/#breadcrumb"},"inLanguage":"fr-FR","potentialAction":[{"@type":"ReadAction","target":["https:\/\/www.zytho.ca\/fr\/produit\/couvercle-de-protection-dextremite-bcc-tri-clamp-dixon\/"]}]},{"@type":"ImageObject","inLanguage":"fr-FR","@id":"https:\/\/www.zytho.ca\/fr\/produit\/couvercle-de-protection-dextremite-bcc-tri-clamp-dixon\/#primaryimage","url":"https:\/\/www.zytho.ca\/wp-content\/uploads\/2025\/10\/BCC-Tri-Clamp-End-Protection-Cover-Dixon.jpg","contentUrl":"https:\/\/www.zytho.ca\/wp-content\/uploads\/2025\/10\/BCC-Tri-Clamp-End-Protection-Cover-Dixon.jpg","width":416,"height":416},{"@type":"BreadcrumbList","@id":"https:\/\/www.zytho.ca\/fr\/produit\/couvercle-de-protection-dextremite-bcc-tri-clamp-dixon\/#breadcrumb","itemListElement":[{"@type":"ListItem","position":1,"name":"Accueil","item":"https:\/\/www.zytho.ca\/fr\/"},{"@type":"ListItem","position":2,"name":"Shop","item":"https:\/\/www.zytho.ca\/fr\/shop\/"},{"@type":"ListItem","position":3,"name":"Couvercle de protection d&#8217;extr\u00e9mit\u00e9 BCC Tri-Clamp &#8211; Dixon"}]},{"@type":"WebSite","@id":"https:\/\/www.zytho.ca\/fr\/#website","url":"https:\/\/www.zytho.ca\/fr\/","name":"Zytho","description":"","publisher":{"@id":"https:\/\/www.zytho.ca\/fr\/#organization"},"potentialAction":[{"@type":"SearchAction","target":{"@type":"EntryPoint","urlTemplate":"https:\/\/www.zytho.ca\/fr\/?s={search_term_string}"},"query-input":{"@type":"PropertyValueSpecification","valueRequired":true,"valueName":"search_term_string"}}],"inLanguage":"fr-FR"},{"@type":"Organization","@id":"https:\/\/www.zytho.ca\/fr\/#organization","name":"Zytho","url":"https:\/\/www.zytho.ca\/fr\/","logo":{"@type":"ImageObject","inLanguage":"fr-FR","@id":"https:\/\/www.zytho.ca\/fr\/#\/schema\/logo\/image\/","url":"https:\/\/www.zytho.ca\/wp-content\/uploads\/2024\/05\/Zytho_reversed_horizontal.svg","contentUrl":"https:\/\/www.zytho.ca\/wp-content\/uploads\/2024\/05\/Zytho_reversed_horizontal.svg","width":1582,"height":490,"caption":"Zytho"},"image":{"@id":"https:\/\/www.zytho.ca\/fr\/#\/schema\/logo\/image\/"}}]}},"_links":{"self":[{"href":"https:\/\/www.zytho.ca\/fr\/wp-json\/wp\/v2\/product\/13682","targetHints":{"allow":["GET"]}}],"collection":[{"href":"https:\/\/www.zytho.ca\/fr\/wp-json\/wp\/v2\/product"}],"about":[{"href":"https:\/\/www.zytho.ca\/fr\/wp-json\/wp\/v2\/types\/product"}],"wp:featuredmedia":[{"embeddable":true,"href":"https:\/\/www.zytho.ca\/fr\/wp-json\/wp\/v2\/media\/13683"}],"wp:attachment":[{"href":"https:\/\/www.zytho.ca\/fr\/wp-json\/wp\/v2\/media?parent=13682"}],"wp:term":[{"taxonomy":"product_brand","embeddable":true,"href":"https:\/\/www.zytho.ca\/fr\/wp-json\/wp\/v2\/product_brand?post=13682"},{"taxonomy":"product_cat","embeddable":true,"href":"https:\/\/www.zytho.ca\/fr\/wp-json\/wp\/v2\/product_cat?post=13682"},{"taxonomy":"product_tag","embeddable":true,"href":"https:\/\/www.zytho.ca\/fr\/wp-json\/wp\/v2\/product_tag?post=13682"}],"curies":[{"name":"wp","href":"https:\/\/api.w.org\/{rel}","templated":true}]}}