{"id":13437,"date":"2025-10-27T15:43:59","date_gmt":"2025-10-27T15:43:59","guid":{"rendered":"https:\/\/zytho.ca\/product\/13mhp-tri-clamp-boulonne-haute-pression-dixon\/"},"modified":"2025-10-27T15:43:59","modified_gmt":"2025-10-27T15:43:59","slug":"13mhp-tri-clamp-boulonne-haute-pression-dixon","status":"publish","type":"product","link":"https:\/\/www.zytho.ca\/fr\/produit\/13mhp-tri-clamp-boulonne-haute-pression-dixon\/","title":{"rendered":"13MHP Tri-Clamp boulonn\u00e9 haute pression &#8211; Dixon"},"content":{"rendered":"<h6><strong>13MHP Tri-Clamp boulonn\u00e9 haute pression &#8211; Acier inoxydable pour raccordements sanitaires<\/strong><\/h6>\n<p>Le <strong>collier triple haute pression boulonn\u00e9 13MHP<\/strong> est con\u00e7u pour offrir des performances robustes dans les syst\u00e8mes de tuyauterie sanitaire soumis \u00e0 des pressions \u00e9lev\u00e9es et \u00e0 des vibrations importantes. Ce collier est un \u00e9l\u00e9ment essentiel dans les industries nord-am\u00e9ricaines telles que l&#8217;<g id=\"gid_1\">alimentation, les boissons, la biotechnologie et les produits pharmaceutiques<\/g>, car il offre un joint fiable et \u00e9tanche. Sa conception int\u00e8gre deux boulons et des attaches en laiton, ce qui maintient une pression constante et le rend id\u00e9al pour une utilisation avec des <strong>joints en PTFE<\/strong> dans des environnements soumis \u00e0 de fortes vibrations.  <\/p>\n<h6><strong>Avantages :<\/strong><\/h6>\n<ul>\n<li>Certifi\u00e9 selon les <strong>normes sanitaires<\/strong> <strong>ASME A270<\/strong> et <strong>3A<\/strong>, garantissant la conformit\u00e9 aux exigences des applications hygi\u00e9niques.<\/li>\n<li>Fabriqu\u00e9 en <strong>acier inoxydable<\/strong> durable pour une meilleure r\u00e9sistance \u00e0 la corrosion et une fiabilit\u00e9 \u00e0 long terme.<\/li>\n<li>Configuration haute pression avec <strong>deux boulons<\/strong> et des <strong>attaches en laiton<\/strong> pour des connexions s\u00fbres et stables.<\/li>\n<li>Optimis\u00e9 pour les <strong>joints en PTFE<\/strong>, il convient aux syst\u00e8mes \u00e0 haute pression et aux environnements soumis \u00e0 de fortes vibrations.<\/li>\n<\/ul>\n<p>Fabriqu\u00e9 en <strong>acier inoxydable<\/strong> r\u00e9sistant, le <strong>Tri-Clamp haute pression boulonn\u00e9 13MHP<\/strong> est con\u00e7u pour durer dans les applications exigeantes. Il est conforme aux certifications ASME A270 et 3A, ce qui garantit le respect des normes industrielles en mati\u00e8re de traitement sanitaire. <\/p>\n<h6><strong>D\u00e9tails du produit :<\/strong><\/h6>\n<ul>\n<li><strong>Couple de serrage<\/strong>: L&#8217;\u00e9crou est serr\u00e9 \u00e0 20 in. lb. <\/li>\n<li><strong>Page du catalogue<\/strong>: <a href=\"https:\/\/dixonvalve.com\/sites\/default\/files\/catalog\/dixonvalve_com\/2022_45\/2022%20DPL%20Book%20597.pdf\">DPL418 &#8211; 565<\/a><\/li>\n<li><strong>Dimensions<\/strong>: <a href=\"https:\/\/dixonvalve.com\/sites\/default\/files\/dixon_dim_spec\/13MHP400.PDF\">Sp\u00e9cifications dimensionnelles<\/a><\/li>\n<\/ul>\n<p>Le <strong>Tri-Clamp boulonn\u00e9 haute pression 13MHP<\/strong> est con\u00e7u pour offrir la r\u00e9sistance et la fiabilit\u00e9 n\u00e9cessaires aux syst\u00e8mes sanitaires \u00e0 haute pression et \u00e0 fortes vibrations, en garantissant une connexion s\u00fbre et sanitaire.<\/p>\n","protected":false},"excerpt":{"rendered":"<h4>Principaux avantages du Tri-Clamp haute pression boulonn\u00e9 13MHP pour les brasseurs professionnels<\/h4>\n<ul>\n<li>Garantit un joint fiable et \u00e9tanche dans les environnements de brassage \u00e0 haute pression, pr\u00e9servant ainsi l&#8217;int\u00e9grit\u00e9 du produit.<\/li>\n<li>Fabriqu\u00e9 en acier inoxydable robuste, il offre une r\u00e9sistance sup\u00e9rieure \u00e0 la corrosion et une grande long\u00e9vit\u00e9 dans des conditions de brassage exigeantes.<\/li>\n<li>Certifi\u00e9 selon les normes sanitaires ASME A270 et 3A, garantissant la conformit\u00e9 avec les exigences hygi\u00e9niques en mati\u00e8re de brassage.<\/li>\n<\/ul>\n","protected":false},"featured_media":13445,"template":"","meta":{"_acf_changed":false,"inline_featured_image":false},"product_brand":[740],"product_cat":[736,741,753],"product_tag":[763,754,762,755,756,760,759,758,757,761],"class_list":{"0":"post-13437","1":"product","2":"type-product","3":"status-publish","4":"has-post-thumbnail","6":"product_brand-dixon","7":"product_cat-distribution","8":"product_cat-materiel","9":"product_cat-raccords-tri-clamp","10":"product_tag-acier-inoxydable","11":"product_tag-brasserie","12":"product_tag-cave","13":"product_tag-distillerie","14":"product_tag-inoxydable","15":"product_tag-raccord-tri-clamp","16":"product_tag-raccords-tri-clamp","17":"product_tag-tri-clamp","18":"product_tag-tri-clamp-en-acier-inoxydable","19":"product_tag-triclamp","21":"first","22":"instock","23":"taxable","24":"shipping-taxable","25":"purchasable","26":"product-type-variable"},"acf":[],"yoast_head":"<!-- This site is optimized with the Yoast SEO plugin v27.6 - https:\/\/yoast.com\/product\/yoast-seo-wordpress\/ -->\n<title>13MHP Tri-Clamp boulonn\u00e9 haute pression - Dixon - Pour brasseries professionnelles | Zytho<\/title>\n<meta name=\"description\" content=\"Garantissez des connexions \u00e9tanches et sanitaires dans les syst\u00e8mes de brassage \u00e0 haute pression avec le Tri-Clamp boulonn\u00e9 \u00e0 haute pression 13MHP. Certifi\u00e9, durable et optimis\u00e9 pour les joints en PTFE.\" \/>\n<meta name=\"robots\" content=\"index, follow, max-snippet:-1, max-image-preview:large, max-video-preview:-1\" \/>\n<link rel=\"canonical\" href=\"https:\/\/www.zytho.ca\/fr\/produit\/13mhp-tri-clamp-boulonne-haute-pression-dixon\/\" \/>\n<meta property=\"og:locale\" content=\"fr_FR\" \/>\n<meta property=\"og:type\" content=\"article\" \/>\n<meta property=\"og:title\" content=\"13MHP Tri-Clamp boulonn\u00e9 haute pression - Dixon - Pour brasseries professionnelles | Zytho\" \/>\n<meta property=\"og:description\" content=\"Garantissez des connexions \u00e9tanches et sanitaires dans les syst\u00e8mes de brassage \u00e0 haute pression avec le Tri-Clamp boulonn\u00e9 \u00e0 haute pression 13MHP. Certifi\u00e9, durable et optimis\u00e9 pour les joints en PTFE.\" \/>\n<meta property=\"og:url\" content=\"https:\/\/www.zytho.ca\/fr\/produit\/13mhp-tri-clamp-boulonne-haute-pression-dixon\/\" \/>\n<meta property=\"og:site_name\" content=\"Zytho\" \/>\n<meta property=\"og:image\" content=\"https:\/\/www.zytho.ca\/wp-content\/uploads\/2025\/10\/13MHP-Bolted-High-Pressure-Tri-Clamp-Dixon.jpg\" \/>\n\t<meta property=\"og:image:width\" content=\"683\" \/>\n\t<meta property=\"og:image:height\" content=\"683\" \/>\n\t<meta property=\"og:image:type\" content=\"image\/jpeg\" \/>\n<meta name=\"twitter:card\" content=\"summary_large_image\" \/>\n<meta name=\"twitter:label1\" content=\"Dur\u00e9e de lecture estim\u00e9e\" \/>\n\t<meta name=\"twitter:data1\" content=\"1 minute\" \/>\n<script type=\"application\/ld+json\" class=\"yoast-schema-graph\">{\"@context\":\"https:\\\/\\\/schema.org\",\"@graph\":[{\"@type\":\"WebPage\",\"@id\":\"https:\\\/\\\/www.zytho.ca\\\/fr\\\/produit\\\/13mhp-tri-clamp-boulonne-haute-pression-dixon\\\/\",\"url\":\"https:\\\/\\\/www.zytho.ca\\\/fr\\\/produit\\\/13mhp-tri-clamp-boulonne-haute-pression-dixon\\\/\",\"name\":\"13MHP Tri-Clamp boulonn\u00e9 haute pression - Dixon - Pour brasseries professionnelles | Zytho\",\"isPartOf\":{\"@id\":\"https:\\\/\\\/www.zytho.ca\\\/fr\\\/#website\"},\"primaryImageOfPage\":{\"@id\":\"https:\\\/\\\/www.zytho.ca\\\/fr\\\/produit\\\/13mhp-tri-clamp-boulonne-haute-pression-dixon\\\/#primaryimage\"},\"image\":{\"@id\":\"https:\\\/\\\/www.zytho.ca\\\/fr\\\/produit\\\/13mhp-tri-clamp-boulonne-haute-pression-dixon\\\/#primaryimage\"},\"thumbnailUrl\":\"https:\\\/\\\/www.zytho.ca\\\/wp-content\\\/uploads\\\/2025\\\/10\\\/13MHP-Bolted-High-Pressure-Tri-Clamp-Dixon.jpg\",\"datePublished\":\"2025-10-27T15:43:59+00:00\",\"description\":\"Garantissez des connexions \u00e9tanches et sanitaires dans les syst\u00e8mes de brassage \u00e0 haute pression avec le Tri-Clamp boulonn\u00e9 \u00e0 haute pression 13MHP. Certifi\u00e9, durable et optimis\u00e9 pour les joints en PTFE.\",\"breadcrumb\":{\"@id\":\"https:\\\/\\\/www.zytho.ca\\\/fr\\\/produit\\\/13mhp-tri-clamp-boulonne-haute-pression-dixon\\\/#breadcrumb\"},\"inLanguage\":\"fr-FR\",\"potentialAction\":[{\"@type\":\"ReadAction\",\"target\":[\"https:\\\/\\\/www.zytho.ca\\\/fr\\\/produit\\\/13mhp-tri-clamp-boulonne-haute-pression-dixon\\\/\"]}]},{\"@type\":\"ImageObject\",\"inLanguage\":\"fr-FR\",\"@id\":\"https:\\\/\\\/www.zytho.ca\\\/fr\\\/produit\\\/13mhp-tri-clamp-boulonne-haute-pression-dixon\\\/#primaryimage\",\"url\":\"https:\\\/\\\/www.zytho.ca\\\/wp-content\\\/uploads\\\/2025\\\/10\\\/13MHP-Bolted-High-Pressure-Tri-Clamp-Dixon.jpg\",\"contentUrl\":\"https:\\\/\\\/www.zytho.ca\\\/wp-content\\\/uploads\\\/2025\\\/10\\\/13MHP-Bolted-High-Pressure-Tri-Clamp-Dixon.jpg\",\"width\":683,\"height\":683},{\"@type\":\"BreadcrumbList\",\"@id\":\"https:\\\/\\\/www.zytho.ca\\\/fr\\\/produit\\\/13mhp-tri-clamp-boulonne-haute-pression-dixon\\\/#breadcrumb\",\"itemListElement\":[{\"@type\":\"ListItem\",\"position\":1,\"name\":\"Accueil\",\"item\":\"https:\\\/\\\/www.zytho.ca\\\/fr\\\/\"},{\"@type\":\"ListItem\",\"position\":2,\"name\":\"Shop\",\"item\":\"https:\\\/\\\/www.zytho.ca\\\/fr\\\/shop\\\/\"},{\"@type\":\"ListItem\",\"position\":3,\"name\":\"13MHP Tri-Clamp boulonn\u00e9 haute pression &#8211; Dixon\"}]},{\"@type\":\"WebSite\",\"@id\":\"https:\\\/\\\/www.zytho.ca\\\/fr\\\/#website\",\"url\":\"https:\\\/\\\/www.zytho.ca\\\/fr\\\/\",\"name\":\"Zytho\",\"description\":\"\",\"publisher\":{\"@id\":\"https:\\\/\\\/www.zytho.ca\\\/fr\\\/#organization\"},\"potentialAction\":[{\"@type\":\"SearchAction\",\"target\":{\"@type\":\"EntryPoint\",\"urlTemplate\":\"https:\\\/\\\/www.zytho.ca\\\/fr\\\/?s={search_term_string}\"},\"query-input\":{\"@type\":\"PropertyValueSpecification\",\"valueRequired\":true,\"valueName\":\"search_term_string\"}}],\"inLanguage\":\"fr-FR\"},{\"@type\":\"Organization\",\"@id\":\"https:\\\/\\\/www.zytho.ca\\\/fr\\\/#organization\",\"name\":\"Zytho\",\"url\":\"https:\\\/\\\/www.zytho.ca\\\/fr\\\/\",\"logo\":{\"@type\":\"ImageObject\",\"inLanguage\":\"fr-FR\",\"@id\":\"https:\\\/\\\/www.zytho.ca\\\/fr\\\/#\\\/schema\\\/logo\\\/image\\\/\",\"url\":\"https:\\\/\\\/www.zytho.ca\\\/wp-content\\\/uploads\\\/2024\\\/05\\\/Zytho_reversed_horizontal.svg\",\"contentUrl\":\"https:\\\/\\\/www.zytho.ca\\\/wp-content\\\/uploads\\\/2024\\\/05\\\/Zytho_reversed_horizontal.svg\",\"width\":1582,\"height\":490,\"caption\":\"Zytho\"},\"image\":{\"@id\":\"https:\\\/\\\/www.zytho.ca\\\/fr\\\/#\\\/schema\\\/logo\\\/image\\\/\"}}]}<\/script>\n<!-- \/ Yoast SEO plugin. -->","yoast_head_json":{"title":"13MHP Tri-Clamp boulonn\u00e9 haute pression - Dixon - Pour brasseries professionnelles | Zytho","description":"Garantissez des connexions \u00e9tanches et sanitaires dans les syst\u00e8mes de brassage \u00e0 haute pression avec le Tri-Clamp boulonn\u00e9 \u00e0 haute pression 13MHP. Certifi\u00e9, durable et optimis\u00e9 pour les joints en PTFE.","robots":{"index":"index","follow":"follow","max-snippet":"max-snippet:-1","max-image-preview":"max-image-preview:large","max-video-preview":"max-video-preview:-1"},"canonical":"https:\/\/www.zytho.ca\/fr\/produit\/13mhp-tri-clamp-boulonne-haute-pression-dixon\/","og_locale":"fr_FR","og_type":"article","og_title":"13MHP Tri-Clamp boulonn\u00e9 haute pression - Dixon - Pour brasseries professionnelles | Zytho","og_description":"Garantissez des connexions \u00e9tanches et sanitaires dans les syst\u00e8mes de brassage \u00e0 haute pression avec le Tri-Clamp boulonn\u00e9 \u00e0 haute pression 13MHP. Certifi\u00e9, durable et optimis\u00e9 pour les joints en PTFE.","og_url":"https:\/\/www.zytho.ca\/fr\/produit\/13mhp-tri-clamp-boulonne-haute-pression-dixon\/","og_site_name":"Zytho","og_image":[{"width":683,"height":683,"url":"https:\/\/www.zytho.ca\/wp-content\/uploads\/2025\/10\/13MHP-Bolted-High-Pressure-Tri-Clamp-Dixon.jpg","type":"image\/jpeg"}],"twitter_card":"summary_large_image","twitter_misc":{"Dur\u00e9e de lecture estim\u00e9e":"1 minute"},"schema":{"@context":"https:\/\/schema.org","@graph":[{"@type":"WebPage","@id":"https:\/\/www.zytho.ca\/fr\/produit\/13mhp-tri-clamp-boulonne-haute-pression-dixon\/","url":"https:\/\/www.zytho.ca\/fr\/produit\/13mhp-tri-clamp-boulonne-haute-pression-dixon\/","name":"13MHP Tri-Clamp boulonn\u00e9 haute pression - Dixon - Pour brasseries professionnelles | Zytho","isPartOf":{"@id":"https:\/\/www.zytho.ca\/fr\/#website"},"primaryImageOfPage":{"@id":"https:\/\/www.zytho.ca\/fr\/produit\/13mhp-tri-clamp-boulonne-haute-pression-dixon\/#primaryimage"},"image":{"@id":"https:\/\/www.zytho.ca\/fr\/produit\/13mhp-tri-clamp-boulonne-haute-pression-dixon\/#primaryimage"},"thumbnailUrl":"https:\/\/www.zytho.ca\/wp-content\/uploads\/2025\/10\/13MHP-Bolted-High-Pressure-Tri-Clamp-Dixon.jpg","datePublished":"2025-10-27T15:43:59+00:00","description":"Garantissez des connexions \u00e9tanches et sanitaires dans les syst\u00e8mes de brassage \u00e0 haute pression avec le Tri-Clamp boulonn\u00e9 \u00e0 haute pression 13MHP. Certifi\u00e9, durable et optimis\u00e9 pour les joints en PTFE.","breadcrumb":{"@id":"https:\/\/www.zytho.ca\/fr\/produit\/13mhp-tri-clamp-boulonne-haute-pression-dixon\/#breadcrumb"},"inLanguage":"fr-FR","potentialAction":[{"@type":"ReadAction","target":["https:\/\/www.zytho.ca\/fr\/produit\/13mhp-tri-clamp-boulonne-haute-pression-dixon\/"]}]},{"@type":"ImageObject","inLanguage":"fr-FR","@id":"https:\/\/www.zytho.ca\/fr\/produit\/13mhp-tri-clamp-boulonne-haute-pression-dixon\/#primaryimage","url":"https:\/\/www.zytho.ca\/wp-content\/uploads\/2025\/10\/13MHP-Bolted-High-Pressure-Tri-Clamp-Dixon.jpg","contentUrl":"https:\/\/www.zytho.ca\/wp-content\/uploads\/2025\/10\/13MHP-Bolted-High-Pressure-Tri-Clamp-Dixon.jpg","width":683,"height":683},{"@type":"BreadcrumbList","@id":"https:\/\/www.zytho.ca\/fr\/produit\/13mhp-tri-clamp-boulonne-haute-pression-dixon\/#breadcrumb","itemListElement":[{"@type":"ListItem","position":1,"name":"Accueil","item":"https:\/\/www.zytho.ca\/fr\/"},{"@type":"ListItem","position":2,"name":"Shop","item":"https:\/\/www.zytho.ca\/fr\/shop\/"},{"@type":"ListItem","position":3,"name":"13MHP Tri-Clamp boulonn\u00e9 haute pression &#8211; Dixon"}]},{"@type":"WebSite","@id":"https:\/\/www.zytho.ca\/fr\/#website","url":"https:\/\/www.zytho.ca\/fr\/","name":"Zytho","description":"","publisher":{"@id":"https:\/\/www.zytho.ca\/fr\/#organization"},"potentialAction":[{"@type":"SearchAction","target":{"@type":"EntryPoint","urlTemplate":"https:\/\/www.zytho.ca\/fr\/?s={search_term_string}"},"query-input":{"@type":"PropertyValueSpecification","valueRequired":true,"valueName":"search_term_string"}}],"inLanguage":"fr-FR"},{"@type":"Organization","@id":"https:\/\/www.zytho.ca\/fr\/#organization","name":"Zytho","url":"https:\/\/www.zytho.ca\/fr\/","logo":{"@type":"ImageObject","inLanguage":"fr-FR","@id":"https:\/\/www.zytho.ca\/fr\/#\/schema\/logo\/image\/","url":"https:\/\/www.zytho.ca\/wp-content\/uploads\/2024\/05\/Zytho_reversed_horizontal.svg","contentUrl":"https:\/\/www.zytho.ca\/wp-content\/uploads\/2024\/05\/Zytho_reversed_horizontal.svg","width":1582,"height":490,"caption":"Zytho"},"image":{"@id":"https:\/\/www.zytho.ca\/fr\/#\/schema\/logo\/image\/"}}]}},"_links":{"self":[{"href":"https:\/\/www.zytho.ca\/fr\/wp-json\/wp\/v2\/product\/13437","targetHints":{"allow":["GET"]}}],"collection":[{"href":"https:\/\/www.zytho.ca\/fr\/wp-json\/wp\/v2\/product"}],"about":[{"href":"https:\/\/www.zytho.ca\/fr\/wp-json\/wp\/v2\/types\/product"}],"wp:featuredmedia":[{"embeddable":true,"href":"https:\/\/www.zytho.ca\/fr\/wp-json\/wp\/v2\/media\/13445"}],"wp:attachment":[{"href":"https:\/\/www.zytho.ca\/fr\/wp-json\/wp\/v2\/media?parent=13437"}],"wp:term":[{"taxonomy":"product_brand","embeddable":true,"href":"https:\/\/www.zytho.ca\/fr\/wp-json\/wp\/v2\/product_brand?post=13437"},{"taxonomy":"product_cat","embeddable":true,"href":"https:\/\/www.zytho.ca\/fr\/wp-json\/wp\/v2\/product_cat?post=13437"},{"taxonomy":"product_tag","embeddable":true,"href":"https:\/\/www.zytho.ca\/fr\/wp-json\/wp\/v2\/product_tag?post=13437"}],"curies":[{"name":"wp","href":"https:\/\/api.w.org\/{rel}","templated":true}]}}