{"id":13397,"date":"2025-10-27T15:44:23","date_gmt":"2025-10-27T15:44:23","guid":{"rendered":"https:\/\/zytho.ca\/product\/adaptateur-tri-clamp-pour-prise-dair-industrielle-de-type-d-dixon\/"},"modified":"2025-10-27T15:44:23","modified_gmt":"2025-10-27T15:44:23","slug":"adaptateur-tri-clamp-pour-prise-dair-industrielle-de-type-d-dixon","status":"publish","type":"product","link":"https:\/\/www.zytho.ca\/fr\/produit\/adaptateur-tri-clamp-pour-prise-dair-industrielle-de-type-d-dixon\/","title":{"rendered":"Adaptateur tri-clamp pour prise d&#8217;air industrielle de type D &#8211; Dixon"},"content":{"rendered":"<h6><strong>Adaptateur tri-clamp pour prise d&#8217;air industrielle de type D &#8211; Optimisez la pressurisation de la ligne pour un nettoyage efficace<\/strong><\/h6>\n<p>L&#8217;<strong>adaptateur tri-clamp pour prise d&#8217;air industrielle de type D<\/strong> est un outil essentiel pour les ing\u00e9nieurs et les prescripteurs des industries r\u00e9glement\u00e9es. Il est con\u00e7u pour pressuriser efficacement les lignes de traitement sanitaires avec de l&#8217;air. Cette capacit\u00e9 garantit une \u00e9limination compl\u00e8te des r\u00e9sidus de produits et des solutions de nettoyage, am\u00e9liorant ainsi l&#8217;hygi\u00e8ne op\u00e9rationnelle. Largement utilis\u00e9es en <g id=\"gid_1\">Am\u00e9rique du Nord<\/g>, les pinces triples offrent une \u00e9tanch\u00e9it\u00e9 fiable et hygi\u00e9nique, ce qui les rend indispensables dans des secteurs tels que l&#8217;<g id=\"gid_2\">alimentation, les boissons, la biotechnologie et les produits pharmaceutiques<\/g>. Dot\u00e9 d&#8217;un <strong>bouchon pneumatique m\u00e2le de type D \u00e0 passage int\u00e9gral<\/strong>, cet adaptateur facilite la connexion des gaz de process dans les syst\u00e8mes sanitaires.   <\/p>\n<h6><strong>Avantages :<\/strong><\/h6>\n<ul>\n<li>Fabriqu\u00e9 en <strong>acier inoxydable<\/strong>, il garantit la durabilit\u00e9 et la r\u00e9sistance \u00e0 la corrosion dans les environnements exigeants.<\/li>\n<li>Certifi\u00e9 conforme aux <strong>normes sanitaires<\/strong> <strong>ASME A270<\/strong> et <strong>3A<\/strong>, r\u00e9pondant aux exigences rigoureuses de l&#8217;industrie en mati\u00e8re de pressurisation et de nettoyage des lignes.<\/li>\n<li>Comprend un <strong>bouchon pneumatique m\u00e2le de type D \u00e0 passage int\u00e9gral<\/strong> pour des raccordements efficaces au gaz de process.<\/li>\n<li>Con\u00e7u pour <strong>pressuriser les lignes<\/strong> avec de l&#8217;air afin d&#8217;\u00e9vacuer efficacement les produits ou les agents de nettoyage.<\/li>\n<li>Fait partie du syst\u00e8me de clapet <strong>anti-retour B45 Air Blow Tri-Clamp<\/strong>, id\u00e9al pour les applications n\u00e9cessitant un clapet anti-retour pour \u00e9viter les retours d&#8217;eau.<\/li>\n<li>Comprend un raccord tri-clamp pour une installation s\u00fbre et hygi\u00e9nique dans les <strong>syst\u00e8mes de tuyauterie sanitaire<\/strong>.<\/li>\n<\/ul>\n<h6><strong>D\u00e9tails du produit :<\/strong><\/h6>\n<ul>\n<li><strong>Application<\/strong>: Pressurise les conduites pour \u00e9liminer les r\u00e9sidus de produits ou les solutions de nettoyage.<\/li>\n<li><strong>Raccordement<\/strong>: Embout m\u00e2le industriel, connexion Tri-Clamp 1.0&#8243;\/1.5&#8243;.<\/li>\n<li><strong>Compatibilit\u00e9<\/strong>: Compatible avec les s\u00e9ries Foster 3, 4, 5, 6 ; Parker 30-Series Automatic &amp; 20-Series Manual ; Hansen 3000, 4000, 5000, 6000 &amp; Hansen 1000, 400, 500.<\/li>\n<li><strong>Certifications<\/strong>: <a href=\"https:\/\/www.dixonvalve.com\/sites\/default\/files\/product\/certifications\/1447%2058-01.pdf\">Certification 3A<\/a><\/li>\n<li><strong>Page du catalogue<\/strong>: <a href=\"https:\/\/www.dixonvalve.com\/sites\/default\/files\/product\/pages\/us\/DPL418%20-%20639.pdf\">DPL418 &#8211; 639<\/a><\/li>\n<\/ul>\n<p>L&#8217;<strong>adaptateur tri-clamp pour prise d&#8217;air industrielle de type D<\/strong> est con\u00e7u pour une pressurisation optimale de la ligne. Pour les applications n\u00e9cessitant un clapet anti-retour, le <a href=\"https:\/\/www.gormansmith.com\/products\/air-blow-tri-clamp-check-valve\"><strong>Clapet anti-retour \u00e0 trois pinces pour soufflage d&#8217;air B45<\/strong><\/a> offre une pr\u00e9vention des retours d&#8217;eau et un contr\u00f4le des processus de qualit\u00e9 sup\u00e9rieure. <\/p>\n","protected":false},"excerpt":{"rendered":"<h4>Am\u00e9liorez votre processus de brassage avec l&#8217;adaptateur \u00e0 trois pinces de la prise d&#8217;air industrielle de type D, garantissant une pressurisation et une hygi\u00e8ne sup\u00e9rieures de la ligne.<\/h4>\n<ul>\n<li>Fabriqu\u00e9 en acier inoxydable pour une durabilit\u00e9 et une r\u00e9sistance \u00e0 la corrosion dans les environnements de brassage.<\/li>\n<li>Certifi\u00e9 selon les normes sanitaires ASME A270 et 3A, garantissant la conformit\u00e9 avec les exigences d&#8217;hygi\u00e8ne de l&#8217;industrie.<\/li>\n<li>Comprend un bouchon pneumatique m\u00e2le de type D \u00e0 passage int\u00e9gral pour des raccordements efficaces de gaz de process dans les syst\u00e8mes sanitaires.<\/li>\n<\/ul>\n","protected":false},"featured_media":13398,"template":"","meta":{"_acf_changed":false,"inline_featured_image":false},"product_brand":[740],"product_cat":[736,741,753],"product_tag":[763,754,762,755,756,760,759,758,757,761],"class_list":{"0":"post-13397","1":"product","2":"type-product","3":"status-publish","4":"has-post-thumbnail","6":"product_brand-dixon","7":"product_cat-distribution","8":"product_cat-materiel","9":"product_cat-raccords-tri-clamp","10":"product_tag-acier-inoxydable","11":"product_tag-brasserie","12":"product_tag-cave","13":"product_tag-distillerie","14":"product_tag-inoxydable","15":"product_tag-raccord-tri-clamp","16":"product_tag-raccords-tri-clamp","17":"product_tag-tri-clamp","18":"product_tag-tri-clamp-en-acier-inoxydable","19":"product_tag-triclamp","21":"first","22":"instock","23":"taxable","24":"shipping-taxable","25":"purchasable","26":"product-type-variable"},"acf":[],"yoast_head":"<!-- This site is optimized with the Yoast SEO plugin v27.6 - https:\/\/yoast.com\/product\/yoast-seo-wordpress\/ -->\n<title>D-Type Industrial Air Plug Tri-Clamp Adapter - Dixon - For Pro Breweries | Zytho<\/title>\n<meta name=\"description\" content=\"Optimisez le processus de nettoyage de votre brasserie avec l&#039;adaptateur Tri-Clamp pour prise d&#039;air industrielle de type D de Dixon. Cette solution durable en acier inoxydable, certifi\u00e9e conforme aux normes sanitaires les plus strictes, assure une pressurisation et une hygi\u00e8ne compl\u00e8tes de la ligne. Id\u00e9al pour les brasseurs professionnels qui recherchent des op\u00e9rations de nettoyage fiables et efficaces.\" \/>\n<meta name=\"robots\" content=\"index, follow, max-snippet:-1, max-image-preview:large, max-video-preview:-1\" \/>\n<link rel=\"canonical\" href=\"https:\/\/www.zytho.ca\/fr\/produit\/adaptateur-tri-clamp-pour-prise-dair-industrielle-de-type-d-dixon\/\" \/>\n<meta property=\"og:locale\" content=\"fr_FR\" \/>\n<meta property=\"og:type\" content=\"article\" \/>\n<meta property=\"og:title\" content=\"D-Type Industrial Air Plug Tri-Clamp Adapter - Dixon - For Pro Breweries | Zytho\" \/>\n<meta property=\"og:description\" content=\"Optimisez le processus de nettoyage de votre brasserie avec l&#039;adaptateur Tri-Clamp pour prise d&#039;air industrielle de type D de Dixon. Cette solution durable en acier inoxydable, certifi\u00e9e conforme aux normes sanitaires les plus strictes, assure une pressurisation et une hygi\u00e8ne compl\u00e8tes de la ligne. Id\u00e9al pour les brasseurs professionnels qui recherchent des op\u00e9rations de nettoyage fiables et efficaces.\" \/>\n<meta property=\"og:url\" content=\"https:\/\/www.zytho.ca\/fr\/produit\/adaptateur-tri-clamp-pour-prise-dair-industrielle-de-type-d-dixon\/\" \/>\n<meta property=\"og:site_name\" content=\"Zytho\" \/>\n<meta property=\"og:image\" content=\"https:\/\/www.zytho.ca\/wp-content\/uploads\/2025\/10\/D-Type-Industrial-Air-Plug-Tri-Clamp-Adapter-Dixon.jpg\" \/>\n\t<meta property=\"og:image:width\" content=\"224\" \/>\n\t<meta property=\"og:image:height\" content=\"224\" \/>\n\t<meta property=\"og:image:type\" content=\"image\/jpeg\" \/>\n<meta name=\"twitter:card\" content=\"summary_large_image\" \/>\n<meta name=\"twitter:label1\" content=\"Dur\u00e9e de lecture estim\u00e9e\" \/>\n\t<meta name=\"twitter:data1\" content=\"2 minutes\" \/>\n<script type=\"application\/ld+json\" class=\"yoast-schema-graph\">{\"@context\":\"https:\\\/\\\/schema.org\",\"@graph\":[{\"@type\":\"WebPage\",\"@id\":\"https:\\\/\\\/www.zytho.ca\\\/fr\\\/produit\\\/adaptateur-tri-clamp-pour-prise-dair-industrielle-de-type-d-dixon\\\/\",\"url\":\"https:\\\/\\\/www.zytho.ca\\\/fr\\\/produit\\\/adaptateur-tri-clamp-pour-prise-dair-industrielle-de-type-d-dixon\\\/\",\"name\":\"D-Type Industrial Air Plug Tri-Clamp Adapter - Dixon - For Pro Breweries | Zytho\",\"isPartOf\":{\"@id\":\"https:\\\/\\\/www.zytho.ca\\\/fr\\\/#website\"},\"primaryImageOfPage\":{\"@id\":\"https:\\\/\\\/www.zytho.ca\\\/fr\\\/produit\\\/adaptateur-tri-clamp-pour-prise-dair-industrielle-de-type-d-dixon\\\/#primaryimage\"},\"image\":{\"@id\":\"https:\\\/\\\/www.zytho.ca\\\/fr\\\/produit\\\/adaptateur-tri-clamp-pour-prise-dair-industrielle-de-type-d-dixon\\\/#primaryimage\"},\"thumbnailUrl\":\"https:\\\/\\\/www.zytho.ca\\\/wp-content\\\/uploads\\\/2025\\\/10\\\/D-Type-Industrial-Air-Plug-Tri-Clamp-Adapter-Dixon.jpg\",\"datePublished\":\"2025-10-27T15:44:23+00:00\",\"description\":\"Optimisez le processus de nettoyage de votre brasserie avec l'adaptateur Tri-Clamp pour prise d'air industrielle de type D de Dixon. Cette solution durable en acier inoxydable, certifi\u00e9e conforme aux normes sanitaires les plus strictes, assure une pressurisation et une hygi\u00e8ne compl\u00e8tes de la ligne. Id\u00e9al pour les brasseurs professionnels qui recherchent des op\u00e9rations de nettoyage fiables et efficaces.\",\"breadcrumb\":{\"@id\":\"https:\\\/\\\/www.zytho.ca\\\/fr\\\/produit\\\/adaptateur-tri-clamp-pour-prise-dair-industrielle-de-type-d-dixon\\\/#breadcrumb\"},\"inLanguage\":\"fr-FR\",\"potentialAction\":[{\"@type\":\"ReadAction\",\"target\":[\"https:\\\/\\\/www.zytho.ca\\\/fr\\\/produit\\\/adaptateur-tri-clamp-pour-prise-dair-industrielle-de-type-d-dixon\\\/\"]}]},{\"@type\":\"ImageObject\",\"inLanguage\":\"fr-FR\",\"@id\":\"https:\\\/\\\/www.zytho.ca\\\/fr\\\/produit\\\/adaptateur-tri-clamp-pour-prise-dair-industrielle-de-type-d-dixon\\\/#primaryimage\",\"url\":\"https:\\\/\\\/www.zytho.ca\\\/wp-content\\\/uploads\\\/2025\\\/10\\\/D-Type-Industrial-Air-Plug-Tri-Clamp-Adapter-Dixon.jpg\",\"contentUrl\":\"https:\\\/\\\/www.zytho.ca\\\/wp-content\\\/uploads\\\/2025\\\/10\\\/D-Type-Industrial-Air-Plug-Tri-Clamp-Adapter-Dixon.jpg\",\"width\":224,\"height\":224},{\"@type\":\"BreadcrumbList\",\"@id\":\"https:\\\/\\\/www.zytho.ca\\\/fr\\\/produit\\\/adaptateur-tri-clamp-pour-prise-dair-industrielle-de-type-d-dixon\\\/#breadcrumb\",\"itemListElement\":[{\"@type\":\"ListItem\",\"position\":1,\"name\":\"Accueil\",\"item\":\"https:\\\/\\\/www.zytho.ca\\\/fr\\\/\"},{\"@type\":\"ListItem\",\"position\":2,\"name\":\"Shop\",\"item\":\"https:\\\/\\\/www.zytho.ca\\\/fr\\\/shop\\\/\"},{\"@type\":\"ListItem\",\"position\":3,\"name\":\"Adaptateur tri-clamp pour prise d&#8217;air industrielle de type D &#8211; Dixon\"}]},{\"@type\":\"WebSite\",\"@id\":\"https:\\\/\\\/www.zytho.ca\\\/fr\\\/#website\",\"url\":\"https:\\\/\\\/www.zytho.ca\\\/fr\\\/\",\"name\":\"Zytho\",\"description\":\"\",\"publisher\":{\"@id\":\"https:\\\/\\\/www.zytho.ca\\\/fr\\\/#organization\"},\"potentialAction\":[{\"@type\":\"SearchAction\",\"target\":{\"@type\":\"EntryPoint\",\"urlTemplate\":\"https:\\\/\\\/www.zytho.ca\\\/fr\\\/?s={search_term_string}\"},\"query-input\":{\"@type\":\"PropertyValueSpecification\",\"valueRequired\":true,\"valueName\":\"search_term_string\"}}],\"inLanguage\":\"fr-FR\"},{\"@type\":\"Organization\",\"@id\":\"https:\\\/\\\/www.zytho.ca\\\/fr\\\/#organization\",\"name\":\"Zytho\",\"url\":\"https:\\\/\\\/www.zytho.ca\\\/fr\\\/\",\"logo\":{\"@type\":\"ImageObject\",\"inLanguage\":\"fr-FR\",\"@id\":\"https:\\\/\\\/www.zytho.ca\\\/fr\\\/#\\\/schema\\\/logo\\\/image\\\/\",\"url\":\"https:\\\/\\\/www.zytho.ca\\\/wp-content\\\/uploads\\\/2024\\\/05\\\/Zytho_reversed_horizontal.svg\",\"contentUrl\":\"https:\\\/\\\/www.zytho.ca\\\/wp-content\\\/uploads\\\/2024\\\/05\\\/Zytho_reversed_horizontal.svg\",\"width\":1582,\"height\":490,\"caption\":\"Zytho\"},\"image\":{\"@id\":\"https:\\\/\\\/www.zytho.ca\\\/fr\\\/#\\\/schema\\\/logo\\\/image\\\/\"}}]}<\/script>\n<!-- \/ Yoast SEO plugin. -->","yoast_head_json":{"title":"D-Type Industrial Air Plug Tri-Clamp Adapter - Dixon - For Pro Breweries | Zytho","description":"Optimisez le processus de nettoyage de votre brasserie avec l'adaptateur Tri-Clamp pour prise d'air industrielle de type D de Dixon. Cette solution durable en acier inoxydable, certifi\u00e9e conforme aux normes sanitaires les plus strictes, assure une pressurisation et une hygi\u00e8ne compl\u00e8tes de la ligne. Id\u00e9al pour les brasseurs professionnels qui recherchent des op\u00e9rations de nettoyage fiables et efficaces.","robots":{"index":"index","follow":"follow","max-snippet":"max-snippet:-1","max-image-preview":"max-image-preview:large","max-video-preview":"max-video-preview:-1"},"canonical":"https:\/\/www.zytho.ca\/fr\/produit\/adaptateur-tri-clamp-pour-prise-dair-industrielle-de-type-d-dixon\/","og_locale":"fr_FR","og_type":"article","og_title":"D-Type Industrial Air Plug Tri-Clamp Adapter - Dixon - For Pro Breweries | Zytho","og_description":"Optimisez le processus de nettoyage de votre brasserie avec l'adaptateur Tri-Clamp pour prise d'air industrielle de type D de Dixon. Cette solution durable en acier inoxydable, certifi\u00e9e conforme aux normes sanitaires les plus strictes, assure une pressurisation et une hygi\u00e8ne compl\u00e8tes de la ligne. Id\u00e9al pour les brasseurs professionnels qui recherchent des op\u00e9rations de nettoyage fiables et efficaces.","og_url":"https:\/\/www.zytho.ca\/fr\/produit\/adaptateur-tri-clamp-pour-prise-dair-industrielle-de-type-d-dixon\/","og_site_name":"Zytho","og_image":[{"width":224,"height":224,"url":"https:\/\/www.zytho.ca\/wp-content\/uploads\/2025\/10\/D-Type-Industrial-Air-Plug-Tri-Clamp-Adapter-Dixon.jpg","type":"image\/jpeg"}],"twitter_card":"summary_large_image","twitter_misc":{"Dur\u00e9e de lecture estim\u00e9e":"2 minutes"},"schema":{"@context":"https:\/\/schema.org","@graph":[{"@type":"WebPage","@id":"https:\/\/www.zytho.ca\/fr\/produit\/adaptateur-tri-clamp-pour-prise-dair-industrielle-de-type-d-dixon\/","url":"https:\/\/www.zytho.ca\/fr\/produit\/adaptateur-tri-clamp-pour-prise-dair-industrielle-de-type-d-dixon\/","name":"D-Type Industrial Air Plug Tri-Clamp Adapter - Dixon - For Pro Breweries | Zytho","isPartOf":{"@id":"https:\/\/www.zytho.ca\/fr\/#website"},"primaryImageOfPage":{"@id":"https:\/\/www.zytho.ca\/fr\/produit\/adaptateur-tri-clamp-pour-prise-dair-industrielle-de-type-d-dixon\/#primaryimage"},"image":{"@id":"https:\/\/www.zytho.ca\/fr\/produit\/adaptateur-tri-clamp-pour-prise-dair-industrielle-de-type-d-dixon\/#primaryimage"},"thumbnailUrl":"https:\/\/www.zytho.ca\/wp-content\/uploads\/2025\/10\/D-Type-Industrial-Air-Plug-Tri-Clamp-Adapter-Dixon.jpg","datePublished":"2025-10-27T15:44:23+00:00","description":"Optimisez le processus de nettoyage de votre brasserie avec l'adaptateur Tri-Clamp pour prise d'air industrielle de type D de Dixon. Cette solution durable en acier inoxydable, certifi\u00e9e conforme aux normes sanitaires les plus strictes, assure une pressurisation et une hygi\u00e8ne compl\u00e8tes de la ligne. Id\u00e9al pour les brasseurs professionnels qui recherchent des op\u00e9rations de nettoyage fiables et efficaces.","breadcrumb":{"@id":"https:\/\/www.zytho.ca\/fr\/produit\/adaptateur-tri-clamp-pour-prise-dair-industrielle-de-type-d-dixon\/#breadcrumb"},"inLanguage":"fr-FR","potentialAction":[{"@type":"ReadAction","target":["https:\/\/www.zytho.ca\/fr\/produit\/adaptateur-tri-clamp-pour-prise-dair-industrielle-de-type-d-dixon\/"]}]},{"@type":"ImageObject","inLanguage":"fr-FR","@id":"https:\/\/www.zytho.ca\/fr\/produit\/adaptateur-tri-clamp-pour-prise-dair-industrielle-de-type-d-dixon\/#primaryimage","url":"https:\/\/www.zytho.ca\/wp-content\/uploads\/2025\/10\/D-Type-Industrial-Air-Plug-Tri-Clamp-Adapter-Dixon.jpg","contentUrl":"https:\/\/www.zytho.ca\/wp-content\/uploads\/2025\/10\/D-Type-Industrial-Air-Plug-Tri-Clamp-Adapter-Dixon.jpg","width":224,"height":224},{"@type":"BreadcrumbList","@id":"https:\/\/www.zytho.ca\/fr\/produit\/adaptateur-tri-clamp-pour-prise-dair-industrielle-de-type-d-dixon\/#breadcrumb","itemListElement":[{"@type":"ListItem","position":1,"name":"Accueil","item":"https:\/\/www.zytho.ca\/fr\/"},{"@type":"ListItem","position":2,"name":"Shop","item":"https:\/\/www.zytho.ca\/fr\/shop\/"},{"@type":"ListItem","position":3,"name":"Adaptateur tri-clamp pour prise d&#8217;air industrielle de type D &#8211; Dixon"}]},{"@type":"WebSite","@id":"https:\/\/www.zytho.ca\/fr\/#website","url":"https:\/\/www.zytho.ca\/fr\/","name":"Zytho","description":"","publisher":{"@id":"https:\/\/www.zytho.ca\/fr\/#organization"},"potentialAction":[{"@type":"SearchAction","target":{"@type":"EntryPoint","urlTemplate":"https:\/\/www.zytho.ca\/fr\/?s={search_term_string}"},"query-input":{"@type":"PropertyValueSpecification","valueRequired":true,"valueName":"search_term_string"}}],"inLanguage":"fr-FR"},{"@type":"Organization","@id":"https:\/\/www.zytho.ca\/fr\/#organization","name":"Zytho","url":"https:\/\/www.zytho.ca\/fr\/","logo":{"@type":"ImageObject","inLanguage":"fr-FR","@id":"https:\/\/www.zytho.ca\/fr\/#\/schema\/logo\/image\/","url":"https:\/\/www.zytho.ca\/wp-content\/uploads\/2024\/05\/Zytho_reversed_horizontal.svg","contentUrl":"https:\/\/www.zytho.ca\/wp-content\/uploads\/2024\/05\/Zytho_reversed_horizontal.svg","width":1582,"height":490,"caption":"Zytho"},"image":{"@id":"https:\/\/www.zytho.ca\/fr\/#\/schema\/logo\/image\/"}}]}},"_links":{"self":[{"href":"https:\/\/www.zytho.ca\/fr\/wp-json\/wp\/v2\/product\/13397","targetHints":{"allow":["GET"]}}],"collection":[{"href":"https:\/\/www.zytho.ca\/fr\/wp-json\/wp\/v2\/product"}],"about":[{"href":"https:\/\/www.zytho.ca\/fr\/wp-json\/wp\/v2\/types\/product"}],"wp:featuredmedia":[{"embeddable":true,"href":"https:\/\/www.zytho.ca\/fr\/wp-json\/wp\/v2\/media\/13398"}],"wp:attachment":[{"href":"https:\/\/www.zytho.ca\/fr\/wp-json\/wp\/v2\/media?parent=13397"}],"wp:term":[{"taxonomy":"product_brand","embeddable":true,"href":"https:\/\/www.zytho.ca\/fr\/wp-json\/wp\/v2\/product_brand?post=13397"},{"taxonomy":"product_cat","embeddable":true,"href":"https:\/\/www.zytho.ca\/fr\/wp-json\/wp\/v2\/product_cat?post=13397"},{"taxonomy":"product_tag","embeddable":true,"href":"https:\/\/www.zytho.ca\/fr\/wp-json\/wp\/v2\/product_tag?post=13397"}],"curies":[{"name":"wp","href":"https:\/\/api.w.org\/{rel}","templated":true}]}}