{"id":13364,"date":"2025-10-27T15:44:22","date_gmt":"2025-10-27T15:44:22","guid":{"rendered":"https:\/\/zytho.ca\/product\/vanne-papillon-serie-b5116-avec-poignee-de-declenchement-dixon\/"},"modified":"2025-10-27T15:44:22","modified_gmt":"2025-10-27T15:44:22","slug":"vanne-papillon-serie-b5116-avec-poignee-de-declenchement-dixon","status":"publish","type":"product","link":"https:\/\/www.zytho.ca\/fr\/produit\/vanne-papillon-serie-b5116-avec-poignee-de-declenchement-dixon\/","title":{"rendered":"Vanne papillon s\u00e9rie B5116 avec poign\u00e9e de d\u00e9clenchement &#8211; Dixon"},"content":{"rendered":"<h6><strong>Vanne papillon s\u00e9rie B5116 avec poign\u00e9e de d\u00e9clenchement &#8211; \u00e9conomique et durable pour les environnements corrosifs<\/strong><\/h6>\n<p>La <strong>vanne papillon avec poign\u00e9e de d\u00e9clenchement de la s\u00e9rie B5116<\/strong> constitue une solution robuste et rentable pour la gestion des flux dans les environnements sanitaires. Con\u00e7ue pour la long\u00e9vit\u00e9 et la pr\u00e9cision, elle est id\u00e9ale pour les applications dans l&#8217;<strong>industrie alimentaire et des boissons<\/strong>, garantissant des performances fiables dans les environnements corrosifs. <\/p>\n<h6><strong>Avantages :<\/strong><\/h6>\n<ul>\n<li>La conception de l&#8217;appareil, qui peut \u00eatre r\u00e9par\u00e9 sur le terrain, minimise les temps d&#8217;arr\u00eat pour la maintenance.<\/li>\n<li>Fabriqu\u00e9 en <strong>acier inoxydable 304<\/strong> pour une meilleure r\u00e9sistance \u00e0 la corrosion.<\/li>\n<li>\u00c9quip\u00e9 d&#8217;une <strong>poign\u00e9e de d\u00e9clenchement \u00e0 13 points<\/strong> offrant une plage de 180 degr\u00e9s pour un contr\u00f4le manuel pr\u00e9cis.<\/li>\n<li>La finition sanitaire des surfaces de contact garantit le respect des normes d&#8217;hygi\u00e8ne.<\/li>\n<li>Disponible dans les tailles <strong>Tri-Clamp<\/strong>: 1\/2&#8243;, 3\/4&#8243;, 1&#8243;, 1-1\/2&#8243;, 2&#8243;, 2-1\/2&#8243;, 3&#8243;, 4&#8243;.<\/li>\n<li>Optimis\u00e9 pour les applications \u00e0 basse pression, basse temp\u00e9rature et basse viscosit\u00e9.<\/li>\n<\/ul>\n<p>Cette vanne est fabriqu\u00e9e en <strong>acier inoxydable 304<\/strong> et constitue une solution durable et rentable pour la gestion des applications \u00e0 basse pression, basse temp\u00e9rature et faible viscosit\u00e9. La <strong>poign\u00e9e de d\u00e9clenchement \u00e0 13 points<\/strong> permet un contr\u00f4le manuel pr\u00e9cis, avec 13 positions pr\u00e9r\u00e9gl\u00e9es sur une plage de 180 degr\u00e9s, ce qui facilite le r\u00e9glage des d\u00e9bits. <\/p>\n<p>Cette vanne est \u00e9quip\u00e9e de <strong>surfaces de contact \u00e0 finition sanitaire<\/strong> pour garantir la propret\u00e9 et la conformit\u00e9 aux normes industrielles. Elle peut \u00eatre entretenue directement sur le terrain, ce qui accro\u00eet la commodit\u00e9 et r\u00e9duit les temps d&#8217;arr\u00eat. La <strong>vanne papillon de la s\u00e9rie B5116<\/strong> est disponible en plusieurs tailles, ce qui la rend adaptable aux projets n\u00e9cessitant un contr\u00f4le de d\u00e9bit fiable et rentable.  <\/p>\n<h6><strong>D\u00e9tails du produit :<\/strong><\/h6>\n<ul>\n<li><strong>Mat\u00e9riaux<\/strong>: Acier inoxydable 304 avec si\u00e8ges en silicone ou EPDM<\/li>\n<li><strong>Temp\u00e9rature de fonctionnement<\/strong>: 15\u00b0F \u00e0 200\u00b0F (-9\u00b0C \u00e0 93\u00b0C)<\/li>\n<li><strong>Pression maximale<\/strong>: 110 PSI<\/li>\n<li><strong>Page du catalogue :<\/strong> DPL424-755<\/li>\n<\/ul>\n<p>La <strong>vanne papillon avec poign\u00e9e de d\u00e9clenchement de la s\u00e9rie B5116<\/strong> offre une solution robuste et \u00e9conomique pour la gestion des flux dans les environnements sanitaires. Elle garantit des performances durables et un contr\u00f4le pr\u00e9cis. <\/p>\n","protected":false},"excerpt":{"rendered":"<h4>Principaux avantages de la vanne papillon de la s\u00e9rie B5116 pour les brasseurs professionnels<\/h4>\n<ul>\n<li>Assure un contr\u00f4le pr\u00e9cis du d\u00e9bit gr\u00e2ce \u00e0 une poign\u00e9e de d\u00e9clenchement \u00e0 13 points, id\u00e9ale pour les processus de brassage.<\/li>\n<li>Fabriqu\u00e9 en acier inoxydable 304 pour une r\u00e9sistance sup\u00e9rieure \u00e0 la corrosion dans les environnements de brassage sanitaires.<\/li>\n<li>La conception de l&#8217;appareil, qui peut \u00eatre r\u00e9par\u00e9 sur le terrain, minimise les temps d&#8217;arr\u00eat, ce qui am\u00e9liore l&#8217;efficacit\u00e9 op\u00e9rationnelle.<\/li>\n<\/ul>\n","protected":false},"featured_media":13366,"template":"","meta":{"_acf_changed":false,"inline_featured_image":false},"product_brand":[740],"product_cat":[736,741,826],"product_tag":[754,762,755,800],"class_list":{"0":"post-13364","1":"product","2":"type-product","3":"status-publish","4":"has-post-thumbnail","6":"product_brand-dixon","7":"product_cat-distribution","8":"product_cat-materiel","9":"product_cat-vannes-sanitaires","10":"product_tag-brasserie","11":"product_tag-cave","12":"product_tag-distillerie","13":"product_tag-soda","15":"first","16":"instock","17":"taxable","18":"shipping-taxable","19":"purchasable","20":"product-type-variable"},"acf":[],"yoast_head":"<!-- This site is optimized with the Yoast SEO plugin v27.6 - https:\/\/yoast.com\/product\/yoast-seo-wordpress\/ -->\n<title>Vanne papillon s\u00e9rie B5116 avec poign\u00e9e de d\u00e9clenchement - Dixon - Pour brasseries professionnelles | Zytho<\/title>\n<meta name=\"description\" content=\"D\u00e9couvrez la vanne papillon s\u00e9rie B5116 avec poign\u00e9e de d\u00e9clenchement de Dixon - une solution \u00e9conomique et durable pour les brasseries. Con\u00e7ue pour la pr\u00e9cision et la r\u00e9sistance \u00e0 la corrosion, elle assure une gestion fiable du d\u00e9bit dans les environnements sanitaires et corrosifs.\" \/>\n<meta name=\"robots\" content=\"index, follow, max-snippet:-1, max-image-preview:large, max-video-preview:-1\" \/>\n<link rel=\"canonical\" href=\"https:\/\/www.zytho.ca\/fr\/produit\/vanne-papillon-serie-b5116-avec-poignee-de-declenchement-dixon\/\" \/>\n<meta property=\"og:locale\" content=\"fr_FR\" \/>\n<meta property=\"og:type\" content=\"article\" \/>\n<meta property=\"og:title\" content=\"Vanne papillon s\u00e9rie B5116 avec poign\u00e9e de d\u00e9clenchement - Dixon - Pour brasseries professionnelles | Zytho\" \/>\n<meta property=\"og:description\" content=\"D\u00e9couvrez la vanne papillon s\u00e9rie B5116 avec poign\u00e9e de d\u00e9clenchement de Dixon - une solution \u00e9conomique et durable pour les brasseries. Con\u00e7ue pour la pr\u00e9cision et la r\u00e9sistance \u00e0 la corrosion, elle assure une gestion fiable du d\u00e9bit dans les environnements sanitaires et corrosifs.\" \/>\n<meta property=\"og:url\" content=\"https:\/\/www.zytho.ca\/fr\/produit\/vanne-papillon-serie-b5116-avec-poignee-de-declenchement-dixon\/\" \/>\n<meta property=\"og:site_name\" content=\"Zytho\" \/>\n<meta property=\"og:image\" content=\"https:\/\/www.zytho.ca\/wp-content\/uploads\/2025\/10\/B5116-Series-Butterfly-Valve-with-Trigger-Handle-Dixon.jpg\" \/>\n\t<meta property=\"og:image:width\" content=\"472\" \/>\n\t<meta property=\"og:image:height\" content=\"472\" \/>\n\t<meta property=\"og:image:type\" content=\"image\/jpeg\" \/>\n<meta name=\"twitter:card\" content=\"summary_large_image\" \/>\n<meta name=\"twitter:label1\" content=\"Dur\u00e9e de lecture estim\u00e9e\" \/>\n\t<meta name=\"twitter:data1\" content=\"2 minutes\" \/>\n<script type=\"application\/ld+json\" class=\"yoast-schema-graph\">{\"@context\":\"https:\\\/\\\/schema.org\",\"@graph\":[{\"@type\":\"WebPage\",\"@id\":\"https:\\\/\\\/www.zytho.ca\\\/fr\\\/produit\\\/vanne-papillon-serie-b5116-avec-poignee-de-declenchement-dixon\\\/\",\"url\":\"https:\\\/\\\/www.zytho.ca\\\/fr\\\/produit\\\/vanne-papillon-serie-b5116-avec-poignee-de-declenchement-dixon\\\/\",\"name\":\"Vanne papillon s\u00e9rie B5116 avec poign\u00e9e de d\u00e9clenchement - Dixon - Pour brasseries professionnelles | Zytho\",\"isPartOf\":{\"@id\":\"https:\\\/\\\/www.zytho.ca\\\/fr\\\/#website\"},\"primaryImageOfPage\":{\"@id\":\"https:\\\/\\\/www.zytho.ca\\\/fr\\\/produit\\\/vanne-papillon-serie-b5116-avec-poignee-de-declenchement-dixon\\\/#primaryimage\"},\"image\":{\"@id\":\"https:\\\/\\\/www.zytho.ca\\\/fr\\\/produit\\\/vanne-papillon-serie-b5116-avec-poignee-de-declenchement-dixon\\\/#primaryimage\"},\"thumbnailUrl\":\"https:\\\/\\\/www.zytho.ca\\\/wp-content\\\/uploads\\\/2025\\\/10\\\/B5116-Series-Butterfly-Valve-with-Trigger-Handle-Dixon.jpg\",\"datePublished\":\"2025-10-27T15:44:22+00:00\",\"description\":\"D\u00e9couvrez la vanne papillon s\u00e9rie B5116 avec poign\u00e9e de d\u00e9clenchement de Dixon - une solution \u00e9conomique et durable pour les brasseries. Con\u00e7ue pour la pr\u00e9cision et la r\u00e9sistance \u00e0 la corrosion, elle assure une gestion fiable du d\u00e9bit dans les environnements sanitaires et corrosifs.\",\"breadcrumb\":{\"@id\":\"https:\\\/\\\/www.zytho.ca\\\/fr\\\/produit\\\/vanne-papillon-serie-b5116-avec-poignee-de-declenchement-dixon\\\/#breadcrumb\"},\"inLanguage\":\"fr-FR\",\"potentialAction\":[{\"@type\":\"ReadAction\",\"target\":[\"https:\\\/\\\/www.zytho.ca\\\/fr\\\/produit\\\/vanne-papillon-serie-b5116-avec-poignee-de-declenchement-dixon\\\/\"]}]},{\"@type\":\"ImageObject\",\"inLanguage\":\"fr-FR\",\"@id\":\"https:\\\/\\\/www.zytho.ca\\\/fr\\\/produit\\\/vanne-papillon-serie-b5116-avec-poignee-de-declenchement-dixon\\\/#primaryimage\",\"url\":\"https:\\\/\\\/www.zytho.ca\\\/wp-content\\\/uploads\\\/2025\\\/10\\\/B5116-Series-Butterfly-Valve-with-Trigger-Handle-Dixon.jpg\",\"contentUrl\":\"https:\\\/\\\/www.zytho.ca\\\/wp-content\\\/uploads\\\/2025\\\/10\\\/B5116-Series-Butterfly-Valve-with-Trigger-Handle-Dixon.jpg\",\"width\":472,\"height\":472},{\"@type\":\"BreadcrumbList\",\"@id\":\"https:\\\/\\\/www.zytho.ca\\\/fr\\\/produit\\\/vanne-papillon-serie-b5116-avec-poignee-de-declenchement-dixon\\\/#breadcrumb\",\"itemListElement\":[{\"@type\":\"ListItem\",\"position\":1,\"name\":\"Accueil\",\"item\":\"https:\\\/\\\/www.zytho.ca\\\/fr\\\/\"},{\"@type\":\"ListItem\",\"position\":2,\"name\":\"Shop\",\"item\":\"https:\\\/\\\/www.zytho.ca\\\/fr\\\/shop\\\/\"},{\"@type\":\"ListItem\",\"position\":3,\"name\":\"Vanne papillon s\u00e9rie B5116 avec poign\u00e9e de d\u00e9clenchement &#8211; Dixon\"}]},{\"@type\":\"WebSite\",\"@id\":\"https:\\\/\\\/www.zytho.ca\\\/fr\\\/#website\",\"url\":\"https:\\\/\\\/www.zytho.ca\\\/fr\\\/\",\"name\":\"Zytho\",\"description\":\"\",\"publisher\":{\"@id\":\"https:\\\/\\\/www.zytho.ca\\\/fr\\\/#organization\"},\"potentialAction\":[{\"@type\":\"SearchAction\",\"target\":{\"@type\":\"EntryPoint\",\"urlTemplate\":\"https:\\\/\\\/www.zytho.ca\\\/fr\\\/?s={search_term_string}\"},\"query-input\":{\"@type\":\"PropertyValueSpecification\",\"valueRequired\":true,\"valueName\":\"search_term_string\"}}],\"inLanguage\":\"fr-FR\"},{\"@type\":\"Organization\",\"@id\":\"https:\\\/\\\/www.zytho.ca\\\/fr\\\/#organization\",\"name\":\"Zytho\",\"url\":\"https:\\\/\\\/www.zytho.ca\\\/fr\\\/\",\"logo\":{\"@type\":\"ImageObject\",\"inLanguage\":\"fr-FR\",\"@id\":\"https:\\\/\\\/www.zytho.ca\\\/fr\\\/#\\\/schema\\\/logo\\\/image\\\/\",\"url\":\"https:\\\/\\\/www.zytho.ca\\\/wp-content\\\/uploads\\\/2024\\\/05\\\/Zytho_reversed_horizontal.svg\",\"contentUrl\":\"https:\\\/\\\/www.zytho.ca\\\/wp-content\\\/uploads\\\/2024\\\/05\\\/Zytho_reversed_horizontal.svg\",\"width\":1582,\"height\":490,\"caption\":\"Zytho\"},\"image\":{\"@id\":\"https:\\\/\\\/www.zytho.ca\\\/fr\\\/#\\\/schema\\\/logo\\\/image\\\/\"}}]}<\/script>\n<!-- \/ Yoast SEO plugin. -->","yoast_head_json":{"title":"Vanne papillon s\u00e9rie B5116 avec poign\u00e9e de d\u00e9clenchement - Dixon - Pour brasseries professionnelles | Zytho","description":"D\u00e9couvrez la vanne papillon s\u00e9rie B5116 avec poign\u00e9e de d\u00e9clenchement de Dixon - une solution \u00e9conomique et durable pour les brasseries. Con\u00e7ue pour la pr\u00e9cision et la r\u00e9sistance \u00e0 la corrosion, elle assure une gestion fiable du d\u00e9bit dans les environnements sanitaires et corrosifs.","robots":{"index":"index","follow":"follow","max-snippet":"max-snippet:-1","max-image-preview":"max-image-preview:large","max-video-preview":"max-video-preview:-1"},"canonical":"https:\/\/www.zytho.ca\/fr\/produit\/vanne-papillon-serie-b5116-avec-poignee-de-declenchement-dixon\/","og_locale":"fr_FR","og_type":"article","og_title":"Vanne papillon s\u00e9rie B5116 avec poign\u00e9e de d\u00e9clenchement - Dixon - Pour brasseries professionnelles | Zytho","og_description":"D\u00e9couvrez la vanne papillon s\u00e9rie B5116 avec poign\u00e9e de d\u00e9clenchement de Dixon - une solution \u00e9conomique et durable pour les brasseries. Con\u00e7ue pour la pr\u00e9cision et la r\u00e9sistance \u00e0 la corrosion, elle assure une gestion fiable du d\u00e9bit dans les environnements sanitaires et corrosifs.","og_url":"https:\/\/www.zytho.ca\/fr\/produit\/vanne-papillon-serie-b5116-avec-poignee-de-declenchement-dixon\/","og_site_name":"Zytho","og_image":[{"width":472,"height":472,"url":"https:\/\/www.zytho.ca\/wp-content\/uploads\/2025\/10\/B5116-Series-Butterfly-Valve-with-Trigger-Handle-Dixon.jpg","type":"image\/jpeg"}],"twitter_card":"summary_large_image","twitter_misc":{"Dur\u00e9e de lecture estim\u00e9e":"2 minutes"},"schema":{"@context":"https:\/\/schema.org","@graph":[{"@type":"WebPage","@id":"https:\/\/www.zytho.ca\/fr\/produit\/vanne-papillon-serie-b5116-avec-poignee-de-declenchement-dixon\/","url":"https:\/\/www.zytho.ca\/fr\/produit\/vanne-papillon-serie-b5116-avec-poignee-de-declenchement-dixon\/","name":"Vanne papillon s\u00e9rie B5116 avec poign\u00e9e de d\u00e9clenchement - Dixon - Pour brasseries professionnelles | Zytho","isPartOf":{"@id":"https:\/\/www.zytho.ca\/fr\/#website"},"primaryImageOfPage":{"@id":"https:\/\/www.zytho.ca\/fr\/produit\/vanne-papillon-serie-b5116-avec-poignee-de-declenchement-dixon\/#primaryimage"},"image":{"@id":"https:\/\/www.zytho.ca\/fr\/produit\/vanne-papillon-serie-b5116-avec-poignee-de-declenchement-dixon\/#primaryimage"},"thumbnailUrl":"https:\/\/www.zytho.ca\/wp-content\/uploads\/2025\/10\/B5116-Series-Butterfly-Valve-with-Trigger-Handle-Dixon.jpg","datePublished":"2025-10-27T15:44:22+00:00","description":"D\u00e9couvrez la vanne papillon s\u00e9rie B5116 avec poign\u00e9e de d\u00e9clenchement de Dixon - une solution \u00e9conomique et durable pour les brasseries. Con\u00e7ue pour la pr\u00e9cision et la r\u00e9sistance \u00e0 la corrosion, elle assure une gestion fiable du d\u00e9bit dans les environnements sanitaires et corrosifs.","breadcrumb":{"@id":"https:\/\/www.zytho.ca\/fr\/produit\/vanne-papillon-serie-b5116-avec-poignee-de-declenchement-dixon\/#breadcrumb"},"inLanguage":"fr-FR","potentialAction":[{"@type":"ReadAction","target":["https:\/\/www.zytho.ca\/fr\/produit\/vanne-papillon-serie-b5116-avec-poignee-de-declenchement-dixon\/"]}]},{"@type":"ImageObject","inLanguage":"fr-FR","@id":"https:\/\/www.zytho.ca\/fr\/produit\/vanne-papillon-serie-b5116-avec-poignee-de-declenchement-dixon\/#primaryimage","url":"https:\/\/www.zytho.ca\/wp-content\/uploads\/2025\/10\/B5116-Series-Butterfly-Valve-with-Trigger-Handle-Dixon.jpg","contentUrl":"https:\/\/www.zytho.ca\/wp-content\/uploads\/2025\/10\/B5116-Series-Butterfly-Valve-with-Trigger-Handle-Dixon.jpg","width":472,"height":472},{"@type":"BreadcrumbList","@id":"https:\/\/www.zytho.ca\/fr\/produit\/vanne-papillon-serie-b5116-avec-poignee-de-declenchement-dixon\/#breadcrumb","itemListElement":[{"@type":"ListItem","position":1,"name":"Accueil","item":"https:\/\/www.zytho.ca\/fr\/"},{"@type":"ListItem","position":2,"name":"Shop","item":"https:\/\/www.zytho.ca\/fr\/shop\/"},{"@type":"ListItem","position":3,"name":"Vanne papillon s\u00e9rie B5116 avec poign\u00e9e de d\u00e9clenchement &#8211; Dixon"}]},{"@type":"WebSite","@id":"https:\/\/www.zytho.ca\/fr\/#website","url":"https:\/\/www.zytho.ca\/fr\/","name":"Zytho","description":"","publisher":{"@id":"https:\/\/www.zytho.ca\/fr\/#organization"},"potentialAction":[{"@type":"SearchAction","target":{"@type":"EntryPoint","urlTemplate":"https:\/\/www.zytho.ca\/fr\/?s={search_term_string}"},"query-input":{"@type":"PropertyValueSpecification","valueRequired":true,"valueName":"search_term_string"}}],"inLanguage":"fr-FR"},{"@type":"Organization","@id":"https:\/\/www.zytho.ca\/fr\/#organization","name":"Zytho","url":"https:\/\/www.zytho.ca\/fr\/","logo":{"@type":"ImageObject","inLanguage":"fr-FR","@id":"https:\/\/www.zytho.ca\/fr\/#\/schema\/logo\/image\/","url":"https:\/\/www.zytho.ca\/wp-content\/uploads\/2024\/05\/Zytho_reversed_horizontal.svg","contentUrl":"https:\/\/www.zytho.ca\/wp-content\/uploads\/2024\/05\/Zytho_reversed_horizontal.svg","width":1582,"height":490,"caption":"Zytho"},"image":{"@id":"https:\/\/www.zytho.ca\/fr\/#\/schema\/logo\/image\/"}}]}},"_links":{"self":[{"href":"https:\/\/www.zytho.ca\/fr\/wp-json\/wp\/v2\/product\/13364","targetHints":{"allow":["GET"]}}],"collection":[{"href":"https:\/\/www.zytho.ca\/fr\/wp-json\/wp\/v2\/product"}],"about":[{"href":"https:\/\/www.zytho.ca\/fr\/wp-json\/wp\/v2\/types\/product"}],"wp:featuredmedia":[{"embeddable":true,"href":"https:\/\/www.zytho.ca\/fr\/wp-json\/wp\/v2\/media\/13366"}],"wp:attachment":[{"href":"https:\/\/www.zytho.ca\/fr\/wp-json\/wp\/v2\/media?parent=13364"}],"wp:term":[{"taxonomy":"product_brand","embeddable":true,"href":"https:\/\/www.zytho.ca\/fr\/wp-json\/wp\/v2\/product_brand?post=13364"},{"taxonomy":"product_cat","embeddable":true,"href":"https:\/\/www.zytho.ca\/fr\/wp-json\/wp\/v2\/product_cat?post=13364"},{"taxonomy":"product_tag","embeddable":true,"href":"https:\/\/www.zytho.ca\/fr\/wp-json\/wp\/v2\/product_tag?post=13364"}],"curies":[{"name":"wp","href":"https:\/\/api.w.org\/{rel}","templated":true}]}}