{"id":13321,"date":"2025-10-27T15:44:22","date_gmt":"2025-10-27T15:44:22","guid":{"rendered":"https:\/\/zytho.ca\/product\/soupape-de-surete-a-trois-clapets-de-la-serie-hav-dixon\/"},"modified":"2025-10-27T15:44:22","modified_gmt":"2025-10-27T15:44:22","slug":"soupape-de-surete-a-trois-clapets-de-la-serie-hav-dixon","status":"publish","type":"product","link":"https:\/\/www.zytho.ca\/fr\/produit\/soupape-de-surete-a-trois-clapets-de-la-serie-hav-dixon\/","title":{"rendered":"Soupape de s\u00fbret\u00e9 \u00e0 trois clapets de la s\u00e9rie HAV &#8211; Dixon"},"content":{"rendered":"<h6><strong>Soupape de s\u00fbret\u00e9 \u00e0 trois clapets de la s\u00e9rie HAV &#8211; Extraction d&#8217;air efficace sans perte de produit<\/strong><\/h6>\n<h6><strong>Avantages :<\/strong><\/h6>\n<ul>\n<li>Fabriqu\u00e9 \u00e0 partir d&#8217;une bille en <strong>polypropyl\u00e8ne approuv\u00e9e par la FDA, 3A<\/strong> (bille en PTFE disponible).<\/li>\n<li>Disponible dans les <strong>tailles 1-1\/2&#8243; \u00e0 2&#8243;.<\/strong><\/li>\n<li>Certifi\u00e9 3A lorsqu&#8217;il est utilis\u00e9 avec un coude de 180\u00b0.<\/li>\n<li><strong>Aucun outil sp\u00e9cial n&#8217;est n\u00e9cessaire<\/strong> pour l&#8217;installation ou l&#8217;entretien.<\/li>\n<li><strong>Bille et joints rempla\u00e7ables<\/strong> pour une utilisation prolong\u00e9e.<\/li>\n<li>Les <strong>joints de vannes<\/strong> sont fiables pour les applications sous pression et sous vide.<\/li>\n<\/ul>\n<p>La <strong>soupape de d\u00e9charge d&#8217;air \u00e0 trois colliers de la s\u00e9rie HAV<\/strong> est con\u00e7ue pour les sc\u00e9narios o\u00f9 l&#8217;air doit \u00eatre extrait d&#8217;un pipeline sans compromettre la qualit\u00e9 du produit. Utilisant une <g id=\"gid_1\">virole<\/g>, un <g id=\"gid_2\">bo\u00eetier avec une bille en polym\u00e8re<\/g> et un <g id=\"gid_3\">tuyau d&#8217;\u00e9vent<\/g>, tous interconnect\u00e9s par des colliers triples standard, cette vanne est con\u00e7ue pour maintenir l&#8217;int\u00e9grit\u00e9 du syst\u00e8me. Sa configuration \u00e0 double si\u00e8ge emp\u00eache la p\u00e9n\u00e9tration d&#8217;air sous pression n\u00e9gative, tout en permettant une l\u00e9g\u00e8re ouverture dans des conditions de vide afin d&#8217;\u00e9viter un drainage rapide de la conduite.  <\/p>\n<p>Parfaite pour les syst\u00e8mes o\u00f9 <strong>des poches d&#8217;air se d\u00e9veloppent dans les conduites tubulaires<\/strong> ou du <strong>c\u00f4t\u00e9 aspiration des pompes<\/strong>, la <strong>soupape de d\u00e9charge d&#8217;air de la s\u00e9rie HAV<\/strong> purge l&#8217;air de mani\u00e8re autonome avant l&#8217;activation de la pompe, r\u00e9duisant ainsi la formation de bulles d&#8217;air et la cavitation. Remarque : Cette soupape ne convient pas aux liquides dont la densit\u00e9 est inf\u00e9rieure \u00e0 1,0. <\/p>\n<h6><strong>Mat\u00e9riaux :<\/strong><\/h6>\n<ul>\n<li><strong>Produit Contact Composants<\/strong>: Acier inoxydable 304.<\/li>\n<li><strong>Boule<\/strong>: polypropyl\u00e8ne (standard) ou PTFE (en option).<\/li>\n<li><strong>Joint<\/strong>: EPDM (standard), autres mat\u00e9riaux disponibles sur demande.<\/li>\n<\/ul>\n<h6><strong>D\u00e9tails du produit :<\/strong><\/h6>\n<ul>\n<li><strong>Pression de fonctionnement maximale<\/strong>: 145 PSI.<\/li>\n<li><strong>Temp\u00e9rature maximale de fonctionnement<\/strong>: 100\u00b0C (212\u00b0F).<\/li>\n<li><strong>Finition de la<\/strong> surface : Finition de la surface de contact interne du produit \u2264 32 Ra, avec d&#8217;autres finitions disponibles sur demande.<\/li>\n<li><strong>Litt\u00e9rature sur les produits : <\/strong> <a href=\"https:\/\/dixonvalve.com\/sites\/default\/files\/documents\/DSEPRG2023_HAV_Final_1.pdf\">Guide de r\u00e9f\u00e9rence des produits<\/a><\/li>\n<li><strong>Certifications<\/strong>: <a href=\"https:\/\/www.dixonvalve.com\/sites\/default\/files\/product\/certifications\/1447%2058-01.pdf\">Certification 3A<\/a> (coude 180\u00b0 uniquement)<\/li>\n<li><strong>Page du catalogue : <\/strong><a href=\"https:\/\/dixonvalve.com\/sites\/default\/files\/catalog\/dixonvalve_com\/2024_14\/DPL%202024%20catalog%20fixed\/DPL424%20page%20759.pdf\">DPL424-759<\/a><\/li>\n<\/ul>\n<h6><strong>Applications :<\/strong><\/h6>\n<ul>\n<li><strong>Purge d&#8217;air des conduites de tubes<\/strong> o\u00f9 se forment des poches d&#8217;air, g\u00e9n\u00e9ralement install\u00e9e en haut de la conduite.<\/li>\n<li><strong>Purger le c\u00f4t\u00e9 aspiration des pompes<\/strong>, en s&#8217;assurant qu&#8217;un vide est \u00e9tabli et en emp\u00eachant la cavitation avant que la pompe ne d\u00e9marre.<\/li>\n<\/ul>\n<p><strong>Comment \u00e7a marche :<\/strong> La <strong>soupape de s\u00fbret\u00e9 \u00e0 trois clapets de la s\u00e9rie HAV<\/strong> extrait efficacement l&#8217;air d&#8217;une conduite ou d&#8217;un conteneur tout en emp\u00eachant le d\u00e9versement de liquide. La soupape \u00e0 double si\u00e8ge, dot\u00e9e d&#8217;une bille en polypropyl\u00e8ne se d\u00e9pla\u00e7ant librement, r\u00e9agit aux variations de pression en s&#8217;ouvrant ou en se fermant. M\u00eame en cas de pression n\u00e9gative, la conception garantit qu&#8217;aucun air ne p\u00e9n\u00e8tre dans la ligne ou le conteneur, pr\u00e9servant ainsi l&#8217;int\u00e9grit\u00e9 du syst\u00e8me.  <\/p>\n","protected":false},"excerpt":{"rendered":"<h4>Principaux avantages de la soupape de s\u00fbret\u00e9 \u00e0 trois colliers de la s\u00e9rie HAV pour les brasseurs professionnels<\/h4>\n<ul>\n<li>Assure une \u00e9limination efficace de l&#8217;air des lignes de brassage sans perte de produit, pr\u00e9servant ainsi l&#8217;int\u00e9grit\u00e9 de votre brassage.<\/li>\n<li>L&#8217;installation et la maintenance sont faciles et ne n\u00e9cessitent pas d&#8217;outils sp\u00e9ciaux, ce qui permet d&#8217;\u00e9conomiser du temps et des efforts dans les environnements de brassage tr\u00e8s actifs.<\/li>\n<li>Performance fiable dans des conditions de pression et de vide, emp\u00eachant la formation de bulles d&#8217;air et la cavitation dans les syst\u00e8mes de brassage.<\/li>\n<\/ul>\n","protected":false},"featured_media":13335,"template":"","meta":{"_acf_changed":false,"inline_featured_image":false},"product_brand":[740],"product_cat":[736,741,826],"product_tag":[],"class_list":{"0":"post-13321","1":"product","2":"type-product","3":"status-publish","4":"has-post-thumbnail","6":"product_brand-dixon","7":"product_cat-distribution","8":"product_cat-materiel","9":"product_cat-vannes-sanitaires","11":"first","12":"instock","13":"taxable","14":"shipping-taxable","15":"purchasable","16":"product-type-variable"},"acf":[],"yoast_head":"<!-- This site is optimized with the Yoast SEO plugin v27.6 - https:\/\/yoast.com\/product\/yoast-seo-wordpress\/ -->\n<title>Soupape de s\u00fbret\u00e9 \u00e0 trois colliers s\u00e9rie HAV - Dixon - Pour brasseries professionnelles | Zytho<\/title>\n<meta name=\"description\" content=\"Extrayez efficacement l&#039;air sans perte de produit gr\u00e2ce \u00e0 la soupape de d\u00e9charge \u00e0 trois clamps de la s\u00e9rie HAV de Dixon. Id\u00e9ale pour les brasseries, elle assure l&#039;int\u00e9grit\u00e9 du syst\u00e8me et pr\u00e9vient la cavitation.\" \/>\n<meta name=\"robots\" content=\"index, follow, max-snippet:-1, max-image-preview:large, max-video-preview:-1\" \/>\n<link rel=\"canonical\" href=\"https:\/\/www.zytho.ca\/fr\/produit\/soupape-de-surete-a-trois-clapets-de-la-serie-hav-dixon\/\" \/>\n<meta property=\"og:locale\" content=\"fr_FR\" \/>\n<meta property=\"og:type\" content=\"article\" \/>\n<meta property=\"og:title\" content=\"Soupape de s\u00fbret\u00e9 \u00e0 trois colliers s\u00e9rie HAV - Dixon - Pour brasseries professionnelles | Zytho\" \/>\n<meta property=\"og:description\" content=\"Extrayez efficacement l&#039;air sans perte de produit gr\u00e2ce \u00e0 la soupape de d\u00e9charge \u00e0 trois clamps de la s\u00e9rie HAV de Dixon. Id\u00e9ale pour les brasseries, elle assure l&#039;int\u00e9grit\u00e9 du syst\u00e8me et pr\u00e9vient la cavitation.\" \/>\n<meta property=\"og:url\" content=\"https:\/\/www.zytho.ca\/fr\/produit\/soupape-de-surete-a-trois-clapets-de-la-serie-hav-dixon\/\" \/>\n<meta property=\"og:site_name\" content=\"Zytho\" \/>\n<meta property=\"og:image\" content=\"https:\/\/www.zytho.ca\/wp-content\/uploads\/2025\/10\/HAV-Series-Tri-Clamp-Air-Relief-Valve-Dixon.jpg\" \/>\n\t<meta property=\"og:image:width\" content=\"505\" \/>\n\t<meta property=\"og:image:height\" content=\"505\" \/>\n\t<meta property=\"og:image:type\" content=\"image\/jpeg\" \/>\n<meta name=\"twitter:card\" content=\"summary_large_image\" \/>\n<meta name=\"twitter:label1\" content=\"Dur\u00e9e de lecture estim\u00e9e\" \/>\n\t<meta name=\"twitter:data1\" content=\"2 minutes\" \/>\n<script type=\"application\/ld+json\" class=\"yoast-schema-graph\">{\"@context\":\"https:\\\/\\\/schema.org\",\"@graph\":[{\"@type\":\"WebPage\",\"@id\":\"https:\\\/\\\/www.zytho.ca\\\/fr\\\/produit\\\/soupape-de-surete-a-trois-clapets-de-la-serie-hav-dixon\\\/\",\"url\":\"https:\\\/\\\/www.zytho.ca\\\/fr\\\/produit\\\/soupape-de-surete-a-trois-clapets-de-la-serie-hav-dixon\\\/\",\"name\":\"Soupape de s\u00fbret\u00e9 \u00e0 trois colliers s\u00e9rie HAV - Dixon - Pour brasseries professionnelles | Zytho\",\"isPartOf\":{\"@id\":\"https:\\\/\\\/www.zytho.ca\\\/fr\\\/#website\"},\"primaryImageOfPage\":{\"@id\":\"https:\\\/\\\/www.zytho.ca\\\/fr\\\/produit\\\/soupape-de-surete-a-trois-clapets-de-la-serie-hav-dixon\\\/#primaryimage\"},\"image\":{\"@id\":\"https:\\\/\\\/www.zytho.ca\\\/fr\\\/produit\\\/soupape-de-surete-a-trois-clapets-de-la-serie-hav-dixon\\\/#primaryimage\"},\"thumbnailUrl\":\"https:\\\/\\\/www.zytho.ca\\\/wp-content\\\/uploads\\\/2025\\\/10\\\/HAV-Series-Tri-Clamp-Air-Relief-Valve-Dixon.jpg\",\"datePublished\":\"2025-10-27T15:44:22+00:00\",\"description\":\"Extrayez efficacement l'air sans perte de produit gr\u00e2ce \u00e0 la soupape de d\u00e9charge \u00e0 trois clamps de la s\u00e9rie HAV de Dixon. Id\u00e9ale pour les brasseries, elle assure l'int\u00e9grit\u00e9 du syst\u00e8me et pr\u00e9vient la cavitation.\",\"breadcrumb\":{\"@id\":\"https:\\\/\\\/www.zytho.ca\\\/fr\\\/produit\\\/soupape-de-surete-a-trois-clapets-de-la-serie-hav-dixon\\\/#breadcrumb\"},\"inLanguage\":\"fr-FR\",\"potentialAction\":[{\"@type\":\"ReadAction\",\"target\":[\"https:\\\/\\\/www.zytho.ca\\\/fr\\\/produit\\\/soupape-de-surete-a-trois-clapets-de-la-serie-hav-dixon\\\/\"]}]},{\"@type\":\"ImageObject\",\"inLanguage\":\"fr-FR\",\"@id\":\"https:\\\/\\\/www.zytho.ca\\\/fr\\\/produit\\\/soupape-de-surete-a-trois-clapets-de-la-serie-hav-dixon\\\/#primaryimage\",\"url\":\"https:\\\/\\\/www.zytho.ca\\\/wp-content\\\/uploads\\\/2025\\\/10\\\/HAV-Series-Tri-Clamp-Air-Relief-Valve-Dixon.jpg\",\"contentUrl\":\"https:\\\/\\\/www.zytho.ca\\\/wp-content\\\/uploads\\\/2025\\\/10\\\/HAV-Series-Tri-Clamp-Air-Relief-Valve-Dixon.jpg\",\"width\":505,\"height\":505},{\"@type\":\"BreadcrumbList\",\"@id\":\"https:\\\/\\\/www.zytho.ca\\\/fr\\\/produit\\\/soupape-de-surete-a-trois-clapets-de-la-serie-hav-dixon\\\/#breadcrumb\",\"itemListElement\":[{\"@type\":\"ListItem\",\"position\":1,\"name\":\"Accueil\",\"item\":\"https:\\\/\\\/www.zytho.ca\\\/fr\\\/\"},{\"@type\":\"ListItem\",\"position\":2,\"name\":\"Shop\",\"item\":\"https:\\\/\\\/www.zytho.ca\\\/fr\\\/shop\\\/\"},{\"@type\":\"ListItem\",\"position\":3,\"name\":\"Soupape de s\u00fbret\u00e9 \u00e0 trois clapets de la s\u00e9rie HAV &#8211; Dixon\"}]},{\"@type\":\"WebSite\",\"@id\":\"https:\\\/\\\/www.zytho.ca\\\/fr\\\/#website\",\"url\":\"https:\\\/\\\/www.zytho.ca\\\/fr\\\/\",\"name\":\"Zytho\",\"description\":\"\",\"publisher\":{\"@id\":\"https:\\\/\\\/www.zytho.ca\\\/fr\\\/#organization\"},\"potentialAction\":[{\"@type\":\"SearchAction\",\"target\":{\"@type\":\"EntryPoint\",\"urlTemplate\":\"https:\\\/\\\/www.zytho.ca\\\/fr\\\/?s={search_term_string}\"},\"query-input\":{\"@type\":\"PropertyValueSpecification\",\"valueRequired\":true,\"valueName\":\"search_term_string\"}}],\"inLanguage\":\"fr-FR\"},{\"@type\":\"Organization\",\"@id\":\"https:\\\/\\\/www.zytho.ca\\\/fr\\\/#organization\",\"name\":\"Zytho\",\"url\":\"https:\\\/\\\/www.zytho.ca\\\/fr\\\/\",\"logo\":{\"@type\":\"ImageObject\",\"inLanguage\":\"fr-FR\",\"@id\":\"https:\\\/\\\/www.zytho.ca\\\/fr\\\/#\\\/schema\\\/logo\\\/image\\\/\",\"url\":\"https:\\\/\\\/www.zytho.ca\\\/wp-content\\\/uploads\\\/2024\\\/05\\\/Zytho_reversed_horizontal.svg\",\"contentUrl\":\"https:\\\/\\\/www.zytho.ca\\\/wp-content\\\/uploads\\\/2024\\\/05\\\/Zytho_reversed_horizontal.svg\",\"width\":1582,\"height\":490,\"caption\":\"Zytho\"},\"image\":{\"@id\":\"https:\\\/\\\/www.zytho.ca\\\/fr\\\/#\\\/schema\\\/logo\\\/image\\\/\"}}]}<\/script>\n<!-- \/ Yoast SEO plugin. -->","yoast_head_json":{"title":"Soupape de s\u00fbret\u00e9 \u00e0 trois colliers s\u00e9rie HAV - Dixon - Pour brasseries professionnelles | Zytho","description":"Extrayez efficacement l'air sans perte de produit gr\u00e2ce \u00e0 la soupape de d\u00e9charge \u00e0 trois clamps de la s\u00e9rie HAV de Dixon. Id\u00e9ale pour les brasseries, elle assure l'int\u00e9grit\u00e9 du syst\u00e8me et pr\u00e9vient la cavitation.","robots":{"index":"index","follow":"follow","max-snippet":"max-snippet:-1","max-image-preview":"max-image-preview:large","max-video-preview":"max-video-preview:-1"},"canonical":"https:\/\/www.zytho.ca\/fr\/produit\/soupape-de-surete-a-trois-clapets-de-la-serie-hav-dixon\/","og_locale":"fr_FR","og_type":"article","og_title":"Soupape de s\u00fbret\u00e9 \u00e0 trois colliers s\u00e9rie HAV - Dixon - Pour brasseries professionnelles | Zytho","og_description":"Extrayez efficacement l'air sans perte de produit gr\u00e2ce \u00e0 la soupape de d\u00e9charge \u00e0 trois clamps de la s\u00e9rie HAV de Dixon. Id\u00e9ale pour les brasseries, elle assure l'int\u00e9grit\u00e9 du syst\u00e8me et pr\u00e9vient la cavitation.","og_url":"https:\/\/www.zytho.ca\/fr\/produit\/soupape-de-surete-a-trois-clapets-de-la-serie-hav-dixon\/","og_site_name":"Zytho","og_image":[{"width":505,"height":505,"url":"https:\/\/www.zytho.ca\/wp-content\/uploads\/2025\/10\/HAV-Series-Tri-Clamp-Air-Relief-Valve-Dixon.jpg","type":"image\/jpeg"}],"twitter_card":"summary_large_image","twitter_misc":{"Dur\u00e9e de lecture estim\u00e9e":"2 minutes"},"schema":{"@context":"https:\/\/schema.org","@graph":[{"@type":"WebPage","@id":"https:\/\/www.zytho.ca\/fr\/produit\/soupape-de-surete-a-trois-clapets-de-la-serie-hav-dixon\/","url":"https:\/\/www.zytho.ca\/fr\/produit\/soupape-de-surete-a-trois-clapets-de-la-serie-hav-dixon\/","name":"Soupape de s\u00fbret\u00e9 \u00e0 trois colliers s\u00e9rie HAV - Dixon - Pour brasseries professionnelles | Zytho","isPartOf":{"@id":"https:\/\/www.zytho.ca\/fr\/#website"},"primaryImageOfPage":{"@id":"https:\/\/www.zytho.ca\/fr\/produit\/soupape-de-surete-a-trois-clapets-de-la-serie-hav-dixon\/#primaryimage"},"image":{"@id":"https:\/\/www.zytho.ca\/fr\/produit\/soupape-de-surete-a-trois-clapets-de-la-serie-hav-dixon\/#primaryimage"},"thumbnailUrl":"https:\/\/www.zytho.ca\/wp-content\/uploads\/2025\/10\/HAV-Series-Tri-Clamp-Air-Relief-Valve-Dixon.jpg","datePublished":"2025-10-27T15:44:22+00:00","description":"Extrayez efficacement l'air sans perte de produit gr\u00e2ce \u00e0 la soupape de d\u00e9charge \u00e0 trois clamps de la s\u00e9rie HAV de Dixon. Id\u00e9ale pour les brasseries, elle assure l'int\u00e9grit\u00e9 du syst\u00e8me et pr\u00e9vient la cavitation.","breadcrumb":{"@id":"https:\/\/www.zytho.ca\/fr\/produit\/soupape-de-surete-a-trois-clapets-de-la-serie-hav-dixon\/#breadcrumb"},"inLanguage":"fr-FR","potentialAction":[{"@type":"ReadAction","target":["https:\/\/www.zytho.ca\/fr\/produit\/soupape-de-surete-a-trois-clapets-de-la-serie-hav-dixon\/"]}]},{"@type":"ImageObject","inLanguage":"fr-FR","@id":"https:\/\/www.zytho.ca\/fr\/produit\/soupape-de-surete-a-trois-clapets-de-la-serie-hav-dixon\/#primaryimage","url":"https:\/\/www.zytho.ca\/wp-content\/uploads\/2025\/10\/HAV-Series-Tri-Clamp-Air-Relief-Valve-Dixon.jpg","contentUrl":"https:\/\/www.zytho.ca\/wp-content\/uploads\/2025\/10\/HAV-Series-Tri-Clamp-Air-Relief-Valve-Dixon.jpg","width":505,"height":505},{"@type":"BreadcrumbList","@id":"https:\/\/www.zytho.ca\/fr\/produit\/soupape-de-surete-a-trois-clapets-de-la-serie-hav-dixon\/#breadcrumb","itemListElement":[{"@type":"ListItem","position":1,"name":"Accueil","item":"https:\/\/www.zytho.ca\/fr\/"},{"@type":"ListItem","position":2,"name":"Shop","item":"https:\/\/www.zytho.ca\/fr\/shop\/"},{"@type":"ListItem","position":3,"name":"Soupape de s\u00fbret\u00e9 \u00e0 trois clapets de la s\u00e9rie HAV &#8211; Dixon"}]},{"@type":"WebSite","@id":"https:\/\/www.zytho.ca\/fr\/#website","url":"https:\/\/www.zytho.ca\/fr\/","name":"Zytho","description":"","publisher":{"@id":"https:\/\/www.zytho.ca\/fr\/#organization"},"potentialAction":[{"@type":"SearchAction","target":{"@type":"EntryPoint","urlTemplate":"https:\/\/www.zytho.ca\/fr\/?s={search_term_string}"},"query-input":{"@type":"PropertyValueSpecification","valueRequired":true,"valueName":"search_term_string"}}],"inLanguage":"fr-FR"},{"@type":"Organization","@id":"https:\/\/www.zytho.ca\/fr\/#organization","name":"Zytho","url":"https:\/\/www.zytho.ca\/fr\/","logo":{"@type":"ImageObject","inLanguage":"fr-FR","@id":"https:\/\/www.zytho.ca\/fr\/#\/schema\/logo\/image\/","url":"https:\/\/www.zytho.ca\/wp-content\/uploads\/2024\/05\/Zytho_reversed_horizontal.svg","contentUrl":"https:\/\/www.zytho.ca\/wp-content\/uploads\/2024\/05\/Zytho_reversed_horizontal.svg","width":1582,"height":490,"caption":"Zytho"},"image":{"@id":"https:\/\/www.zytho.ca\/fr\/#\/schema\/logo\/image\/"}}]}},"_links":{"self":[{"href":"https:\/\/www.zytho.ca\/fr\/wp-json\/wp\/v2\/product\/13321","targetHints":{"allow":["GET"]}}],"collection":[{"href":"https:\/\/www.zytho.ca\/fr\/wp-json\/wp\/v2\/product"}],"about":[{"href":"https:\/\/www.zytho.ca\/fr\/wp-json\/wp\/v2\/types\/product"}],"wp:featuredmedia":[{"embeddable":true,"href":"https:\/\/www.zytho.ca\/fr\/wp-json\/wp\/v2\/media\/13335"}],"wp:attachment":[{"href":"https:\/\/www.zytho.ca\/fr\/wp-json\/wp\/v2\/media?parent=13321"}],"wp:term":[{"taxonomy":"product_brand","embeddable":true,"href":"https:\/\/www.zytho.ca\/fr\/wp-json\/wp\/v2\/product_brand?post=13321"},{"taxonomy":"product_cat","embeddable":true,"href":"https:\/\/www.zytho.ca\/fr\/wp-json\/wp\/v2\/product_cat?post=13321"},{"taxonomy":"product_tag","embeddable":true,"href":"https:\/\/www.zytho.ca\/fr\/wp-json\/wp\/v2\/product_tag?post=13321"}],"curies":[{"name":"wp","href":"https:\/\/api.w.org\/{rel}","templated":true}]}}