{"id":13286,"date":"2025-10-27T15:44:22","date_gmt":"2025-10-27T15:44:22","guid":{"rendered":"https:\/\/zytho.ca\/product\/joints-europeens-40mp-dixon\/"},"modified":"2025-11-07T12:13:06","modified_gmt":"2025-11-07T12:13:06","slug":"joints-europeens-40mp-dixon","status":"publish","type":"product","link":"https:\/\/www.zytho.ca\/fr\/produit\/joints-europeens-40mp-dixon\/","title":{"rendered":"Joints europ\u00e9ens 40MP &#8211; Dixon"},"content":{"rendered":"<h6><strong>European Gaskets &#8211; DIN, SMS, et RJT Joints en Buna-N pour raccords sanitaires<\/strong><\/h6>\n<p>La collection <strong>European Gaskets<\/strong> est con\u00e7ue pour offrir des performances d&#8217;\u00e9tanch\u00e9it\u00e9 exceptionnelles pour les syst\u00e8mes de tuyauterie sanitaire dans divers secteurs, notamment l&#8217;<strong>alimentation, les boissons et les produits pharmaceutiques<\/strong>. Fabriqu\u00e9s \u00e0 partir d&#8217;un mat\u00e9riau <strong>Buna-N<\/strong> de premi\u00e8re qualit\u00e9, ces joints assurent des connexions robustes et flexibles, \u00e0 la fois s\u00fbres et sans fuites. Con\u00e7us pour r\u00e9pondre aux normes rigoureuses de l&#8217;industrie, ils sont disponibles en configurations <strong>DIN<\/strong>, <strong>SMS<\/strong> et <strong>RJT<\/strong>, garantissant des solutions d&#8217;\u00e9tanch\u00e9it\u00e9 fiables pour toutes les applications.  <\/p>\n<h6><strong>Avantages :<\/strong><\/h6>\n<ul>\n<li>Fabriqu\u00e9 en <strong>Buna-N<\/strong> de haute qualit\u00e9 pour une durabilit\u00e9 et une adaptabilit\u00e9 accrues.<\/li>\n<li>Conforme aux normes <strong>21 CFR 177.2600<\/strong>, garantissant l&#8217;ad\u00e9quation aux applications de s\u00e9curit\u00e9 alimentaire.<\/li>\n<li>Con\u00e7us pour assurer un joint s\u00fbr et \u00e9tanche dans les syst\u00e8mes de tuyauterie sanitaire.<\/li>\n<li>Disponibles en styles <strong>DIN<\/strong>, <strong>SMS<\/strong> et <strong>RJT<\/strong> pour s&#8217;adapter \u00e0 diverses exigences en mati\u00e8re de tuyauterie.<\/li>\n<li>Id\u00e9al pour une utilisation dans les industries <strong>alimentaires, des boissons et pharmaceutiques<\/strong>.<\/li>\n<\/ul>\n<p>Chaque joint est m\u00e9ticuleusement fabriqu\u00e9 pour r\u00e9pondre aux exigences sanitaires les plus strictes, garantissant ainsi la compatibilit\u00e9 avec les environnements exigeants. Ces joints sont conformes \u00e0 la <g id=\"gid_0\">norme 21 CFR 177.2600<\/g>, ce qui permet de les utiliser en toute s\u00e9curit\u00e9 dans l&#8217;industrie alimentaire et dans d&#8217;autres applications sanitaires. Que votre syst\u00e8me utilise des raccords <strong>DIN 11851<\/strong>, <strong>SMS (style L)<\/strong> ou <strong>RJT<\/strong>, ces joints assurent une \u00e9tanch\u00e9it\u00e9 fiable et hygi\u00e9nique.  <\/p>\n<h6><strong>D\u00e9tails du produit :<\/strong><\/h6>\n<ul>\n<li>Joint <strong>DIN<\/strong>: Conforme aux sp\u00e9cifications de <strong>la norme DIN 11851<\/strong> <\/li>\n<li>Joint <strong>SMS<\/strong>: <strong>Style L<\/strong><\/li>\n<li>Joint <strong>RJT<\/strong>: Conforme aux normes 21CFR 177.2600<\/li>\n<li><strong>Page du catalogue<\/strong>: DPL418 &#8211; 588<\/li>\n<\/ul>\n<p>La gamme de <strong>joints europ\u00e9ens<\/strong> offre des solutions d&#8217;\u00e9tanch\u00e9it\u00e9 fiables pour divers syst\u00e8mes de tuyauterie sanitaire, garantissant le respect des normes de s\u00e9curit\u00e9 et de performance.<\/p>\n<p>&nbsp;<\/p>\n","protected":false},"excerpt":{"rendered":"<h4>Principaux avantages des joints europ\u00e9ens 40MP &#8211; Dixon pour les brasseurs professionnels<\/h4>\n<ul>\n<li>Fabriqu\u00e9 en Buna-N de premi\u00e8re qualit\u00e9 pour une durabilit\u00e9 et une flexibilit\u00e9 exceptionnelles, il garantit des performances durables dans les syst\u00e8mes de brassage.<\/li>\n<li>Conformes aux normes 21 CFR 177.2600, ils sont id\u00e9aux pour maintenir la s\u00e9curit\u00e9 alimentaire dans les op\u00e9rations de brassage.<\/li>\n<li>Disponibles dans les styles DIN, SMS et RJT, ils offrent des solutions d&#8217;\u00e9tanch\u00e9it\u00e9 polyvalentes et fiables pour diverses configurations de tuyauterie de brasserie.<\/li>\n<\/ul>\n","protected":false},"featured_media":13288,"template":"","meta":{"_acf_changed":false,"inline_featured_image":false},"product_brand":[740],"product_cat":[736,741,765],"product_tag":[],"class_list":{"0":"post-13286","1":"product","2":"type-product","3":"status-publish","4":"has-post-thumbnail","6":"product_brand-dixon","7":"product_cat-distribution","8":"product_cat-materiel","9":"product_cat-raccords-sanitaires","11":"first","12":"instock","13":"taxable","14":"shipping-taxable","15":"purchasable","16":"product-type-variable"},"acf":[],"yoast_head":"<!-- This site is optimized with the Yoast SEO plugin v27.6 - https:\/\/yoast.com\/product\/yoast-seo-wordpress\/ -->\n<title>40MP Joints Europ\u00e9ens - Dixon - Pour Brasseries Pro | Zytho<\/title>\n<meta name=\"description\" content=\"D\u00e9couvrez les joints europ\u00e9ens 40MP de Dixon, fabriqu\u00e9s en Buna-N durable pour assurer l&#039;\u00e9tanch\u00e9it\u00e9 des tuyauteries sanitaires. Id\u00e9aux pour les brasseries, ces joints sont conformes aux normes DIN, SMS et RJT.\" \/>\n<meta name=\"robots\" content=\"index, follow, max-snippet:-1, max-image-preview:large, max-video-preview:-1\" \/>\n<link rel=\"canonical\" href=\"https:\/\/www.zytho.ca\/fr\/produit\/joints-europeens-40mp-dixon\/\" \/>\n<meta property=\"og:locale\" content=\"fr_FR\" \/>\n<meta property=\"og:type\" content=\"article\" \/>\n<meta property=\"og:title\" content=\"40MP Joints Europ\u00e9ens - Dixon - Pour Brasseries Pro | Zytho\" \/>\n<meta property=\"og:description\" content=\"D\u00e9couvrez les joints europ\u00e9ens 40MP de Dixon, fabriqu\u00e9s en Buna-N durable pour assurer l&#039;\u00e9tanch\u00e9it\u00e9 des tuyauteries sanitaires. Id\u00e9aux pour les brasseries, ces joints sont conformes aux normes DIN, SMS et RJT.\" \/>\n<meta property=\"og:url\" content=\"https:\/\/www.zytho.ca\/fr\/produit\/joints-europeens-40mp-dixon\/\" \/>\n<meta property=\"og:site_name\" content=\"Zytho\" \/>\n<meta property=\"article:modified_time\" content=\"2025-11-07T12:13:06+00:00\" \/>\n<meta property=\"og:image\" content=\"https:\/\/www.zytho.ca\/wp-content\/uploads\/2025\/10\/40MP-European-Gaskets-Dixon.jpg\" \/>\n\t<meta property=\"og:image:width\" content=\"272\" \/>\n\t<meta property=\"og:image:height\" content=\"272\" \/>\n\t<meta property=\"og:image:type\" content=\"image\/jpeg\" \/>\n<meta name=\"twitter:card\" content=\"summary_large_image\" \/>\n<meta name=\"twitter:label1\" content=\"Dur\u00e9e de lecture estim\u00e9e\" \/>\n\t<meta name=\"twitter:data1\" content=\"2 minutes\" \/>\n<script type=\"application\/ld+json\" class=\"yoast-schema-graph\">{\"@context\":\"https:\\\/\\\/schema.org\",\"@graph\":[{\"@type\":\"WebPage\",\"@id\":\"https:\\\/\\\/www.zytho.ca\\\/fr\\\/produit\\\/joints-europeens-40mp-dixon\\\/\",\"url\":\"https:\\\/\\\/www.zytho.ca\\\/fr\\\/produit\\\/joints-europeens-40mp-dixon\\\/\",\"name\":\"40MP Joints Europ\u00e9ens - Dixon - Pour Brasseries Pro | Zytho\",\"isPartOf\":{\"@id\":\"https:\\\/\\\/www.zytho.ca\\\/fr\\\/#website\"},\"primaryImageOfPage\":{\"@id\":\"https:\\\/\\\/www.zytho.ca\\\/fr\\\/produit\\\/joints-europeens-40mp-dixon\\\/#primaryimage\"},\"image\":{\"@id\":\"https:\\\/\\\/www.zytho.ca\\\/fr\\\/produit\\\/joints-europeens-40mp-dixon\\\/#primaryimage\"},\"thumbnailUrl\":\"https:\\\/\\\/www.zytho.ca\\\/wp-content\\\/uploads\\\/2025\\\/10\\\/40MP-European-Gaskets-Dixon.jpg\",\"datePublished\":\"2025-10-27T15:44:22+00:00\",\"dateModified\":\"2025-11-07T12:13:06+00:00\",\"description\":\"D\u00e9couvrez les joints europ\u00e9ens 40MP de Dixon, fabriqu\u00e9s en Buna-N durable pour assurer l'\u00e9tanch\u00e9it\u00e9 des tuyauteries sanitaires. Id\u00e9aux pour les brasseries, ces joints sont conformes aux normes DIN, SMS et RJT.\",\"breadcrumb\":{\"@id\":\"https:\\\/\\\/www.zytho.ca\\\/fr\\\/produit\\\/joints-europeens-40mp-dixon\\\/#breadcrumb\"},\"inLanguage\":\"fr-FR\",\"potentialAction\":[{\"@type\":\"ReadAction\",\"target\":[\"https:\\\/\\\/www.zytho.ca\\\/fr\\\/produit\\\/joints-europeens-40mp-dixon\\\/\"]}]},{\"@type\":\"ImageObject\",\"inLanguage\":\"fr-FR\",\"@id\":\"https:\\\/\\\/www.zytho.ca\\\/fr\\\/produit\\\/joints-europeens-40mp-dixon\\\/#primaryimage\",\"url\":\"https:\\\/\\\/www.zytho.ca\\\/wp-content\\\/uploads\\\/2025\\\/10\\\/40MP-European-Gaskets-Dixon.jpg\",\"contentUrl\":\"https:\\\/\\\/www.zytho.ca\\\/wp-content\\\/uploads\\\/2025\\\/10\\\/40MP-European-Gaskets-Dixon.jpg\",\"width\":272,\"height\":272},{\"@type\":\"BreadcrumbList\",\"@id\":\"https:\\\/\\\/www.zytho.ca\\\/fr\\\/produit\\\/joints-europeens-40mp-dixon\\\/#breadcrumb\",\"itemListElement\":[{\"@type\":\"ListItem\",\"position\":1,\"name\":\"Accueil\",\"item\":\"https:\\\/\\\/www.zytho.ca\\\/fr\\\/\"},{\"@type\":\"ListItem\",\"position\":2,\"name\":\"Shop\",\"item\":\"https:\\\/\\\/www.zytho.ca\\\/fr\\\/shop\\\/\"},{\"@type\":\"ListItem\",\"position\":3,\"name\":\"Joints europ\u00e9ens 40MP &#8211; Dixon\"}]},{\"@type\":\"WebSite\",\"@id\":\"https:\\\/\\\/www.zytho.ca\\\/fr\\\/#website\",\"url\":\"https:\\\/\\\/www.zytho.ca\\\/fr\\\/\",\"name\":\"Zytho\",\"description\":\"\",\"publisher\":{\"@id\":\"https:\\\/\\\/www.zytho.ca\\\/fr\\\/#organization\"},\"potentialAction\":[{\"@type\":\"SearchAction\",\"target\":{\"@type\":\"EntryPoint\",\"urlTemplate\":\"https:\\\/\\\/www.zytho.ca\\\/fr\\\/?s={search_term_string}\"},\"query-input\":{\"@type\":\"PropertyValueSpecification\",\"valueRequired\":true,\"valueName\":\"search_term_string\"}}],\"inLanguage\":\"fr-FR\"},{\"@type\":\"Organization\",\"@id\":\"https:\\\/\\\/www.zytho.ca\\\/fr\\\/#organization\",\"name\":\"Zytho\",\"url\":\"https:\\\/\\\/www.zytho.ca\\\/fr\\\/\",\"logo\":{\"@type\":\"ImageObject\",\"inLanguage\":\"fr-FR\",\"@id\":\"https:\\\/\\\/www.zytho.ca\\\/fr\\\/#\\\/schema\\\/logo\\\/image\\\/\",\"url\":\"https:\\\/\\\/www.zytho.ca\\\/wp-content\\\/uploads\\\/2024\\\/05\\\/Zytho_reversed_horizontal.svg\",\"contentUrl\":\"https:\\\/\\\/www.zytho.ca\\\/wp-content\\\/uploads\\\/2024\\\/05\\\/Zytho_reversed_horizontal.svg\",\"width\":1582,\"height\":490,\"caption\":\"Zytho\"},\"image\":{\"@id\":\"https:\\\/\\\/www.zytho.ca\\\/fr\\\/#\\\/schema\\\/logo\\\/image\\\/\"}}]}<\/script>\n<!-- \/ Yoast SEO plugin. -->","yoast_head_json":{"title":"40MP Joints Europ\u00e9ens - Dixon - Pour Brasseries Pro | Zytho","description":"D\u00e9couvrez les joints europ\u00e9ens 40MP de Dixon, fabriqu\u00e9s en Buna-N durable pour assurer l'\u00e9tanch\u00e9it\u00e9 des tuyauteries sanitaires. Id\u00e9aux pour les brasseries, ces joints sont conformes aux normes DIN, SMS et RJT.","robots":{"index":"index","follow":"follow","max-snippet":"max-snippet:-1","max-image-preview":"max-image-preview:large","max-video-preview":"max-video-preview:-1"},"canonical":"https:\/\/www.zytho.ca\/fr\/produit\/joints-europeens-40mp-dixon\/","og_locale":"fr_FR","og_type":"article","og_title":"40MP Joints Europ\u00e9ens - Dixon - Pour Brasseries Pro | Zytho","og_description":"D\u00e9couvrez les joints europ\u00e9ens 40MP de Dixon, fabriqu\u00e9s en Buna-N durable pour assurer l'\u00e9tanch\u00e9it\u00e9 des tuyauteries sanitaires. Id\u00e9aux pour les brasseries, ces joints sont conformes aux normes DIN, SMS et RJT.","og_url":"https:\/\/www.zytho.ca\/fr\/produit\/joints-europeens-40mp-dixon\/","og_site_name":"Zytho","article_modified_time":"2025-11-07T12:13:06+00:00","og_image":[{"width":272,"height":272,"url":"https:\/\/www.zytho.ca\/wp-content\/uploads\/2025\/10\/40MP-European-Gaskets-Dixon.jpg","type":"image\/jpeg"}],"twitter_card":"summary_large_image","twitter_misc":{"Dur\u00e9e de lecture estim\u00e9e":"2 minutes"},"schema":{"@context":"https:\/\/schema.org","@graph":[{"@type":"WebPage","@id":"https:\/\/www.zytho.ca\/fr\/produit\/joints-europeens-40mp-dixon\/","url":"https:\/\/www.zytho.ca\/fr\/produit\/joints-europeens-40mp-dixon\/","name":"40MP Joints Europ\u00e9ens - Dixon - Pour Brasseries Pro | Zytho","isPartOf":{"@id":"https:\/\/www.zytho.ca\/fr\/#website"},"primaryImageOfPage":{"@id":"https:\/\/www.zytho.ca\/fr\/produit\/joints-europeens-40mp-dixon\/#primaryimage"},"image":{"@id":"https:\/\/www.zytho.ca\/fr\/produit\/joints-europeens-40mp-dixon\/#primaryimage"},"thumbnailUrl":"https:\/\/www.zytho.ca\/wp-content\/uploads\/2025\/10\/40MP-European-Gaskets-Dixon.jpg","datePublished":"2025-10-27T15:44:22+00:00","dateModified":"2025-11-07T12:13:06+00:00","description":"D\u00e9couvrez les joints europ\u00e9ens 40MP de Dixon, fabriqu\u00e9s en Buna-N durable pour assurer l'\u00e9tanch\u00e9it\u00e9 des tuyauteries sanitaires. Id\u00e9aux pour les brasseries, ces joints sont conformes aux normes DIN, SMS et RJT.","breadcrumb":{"@id":"https:\/\/www.zytho.ca\/fr\/produit\/joints-europeens-40mp-dixon\/#breadcrumb"},"inLanguage":"fr-FR","potentialAction":[{"@type":"ReadAction","target":["https:\/\/www.zytho.ca\/fr\/produit\/joints-europeens-40mp-dixon\/"]}]},{"@type":"ImageObject","inLanguage":"fr-FR","@id":"https:\/\/www.zytho.ca\/fr\/produit\/joints-europeens-40mp-dixon\/#primaryimage","url":"https:\/\/www.zytho.ca\/wp-content\/uploads\/2025\/10\/40MP-European-Gaskets-Dixon.jpg","contentUrl":"https:\/\/www.zytho.ca\/wp-content\/uploads\/2025\/10\/40MP-European-Gaskets-Dixon.jpg","width":272,"height":272},{"@type":"BreadcrumbList","@id":"https:\/\/www.zytho.ca\/fr\/produit\/joints-europeens-40mp-dixon\/#breadcrumb","itemListElement":[{"@type":"ListItem","position":1,"name":"Accueil","item":"https:\/\/www.zytho.ca\/fr\/"},{"@type":"ListItem","position":2,"name":"Shop","item":"https:\/\/www.zytho.ca\/fr\/shop\/"},{"@type":"ListItem","position":3,"name":"Joints europ\u00e9ens 40MP &#8211; Dixon"}]},{"@type":"WebSite","@id":"https:\/\/www.zytho.ca\/fr\/#website","url":"https:\/\/www.zytho.ca\/fr\/","name":"Zytho","description":"","publisher":{"@id":"https:\/\/www.zytho.ca\/fr\/#organization"},"potentialAction":[{"@type":"SearchAction","target":{"@type":"EntryPoint","urlTemplate":"https:\/\/www.zytho.ca\/fr\/?s={search_term_string}"},"query-input":{"@type":"PropertyValueSpecification","valueRequired":true,"valueName":"search_term_string"}}],"inLanguage":"fr-FR"},{"@type":"Organization","@id":"https:\/\/www.zytho.ca\/fr\/#organization","name":"Zytho","url":"https:\/\/www.zytho.ca\/fr\/","logo":{"@type":"ImageObject","inLanguage":"fr-FR","@id":"https:\/\/www.zytho.ca\/fr\/#\/schema\/logo\/image\/","url":"https:\/\/www.zytho.ca\/wp-content\/uploads\/2024\/05\/Zytho_reversed_horizontal.svg","contentUrl":"https:\/\/www.zytho.ca\/wp-content\/uploads\/2024\/05\/Zytho_reversed_horizontal.svg","width":1582,"height":490,"caption":"Zytho"},"image":{"@id":"https:\/\/www.zytho.ca\/fr\/#\/schema\/logo\/image\/"}}]}},"_links":{"self":[{"href":"https:\/\/www.zytho.ca\/fr\/wp-json\/wp\/v2\/product\/13286","targetHints":{"allow":["GET"]}}],"collection":[{"href":"https:\/\/www.zytho.ca\/fr\/wp-json\/wp\/v2\/product"}],"about":[{"href":"https:\/\/www.zytho.ca\/fr\/wp-json\/wp\/v2\/types\/product"}],"wp:featuredmedia":[{"embeddable":true,"href":"https:\/\/www.zytho.ca\/fr\/wp-json\/wp\/v2\/media\/13288"}],"wp:attachment":[{"href":"https:\/\/www.zytho.ca\/fr\/wp-json\/wp\/v2\/media?parent=13286"}],"wp:term":[{"taxonomy":"product_brand","embeddable":true,"href":"https:\/\/www.zytho.ca\/fr\/wp-json\/wp\/v2\/product_brand?post=13286"},{"taxonomy":"product_cat","embeddable":true,"href":"https:\/\/www.zytho.ca\/fr\/wp-json\/wp\/v2\/product_cat?post=13286"},{"taxonomy":"product_tag","embeddable":true,"href":"https:\/\/www.zytho.ca\/fr\/wp-json\/wp\/v2\/product_tag?post=13286"}],"curies":[{"name":"wp","href":"https:\/\/api.w.org\/{rel}","templated":true}]}}