{"id":13261,"date":"2025-10-27T15:44:56","date_gmt":"2025-10-27T15:44:56","guid":{"rendered":"https:\/\/zytho.ca\/product\/t2s-high-purity-biopharm-90-weld-elows-dixon\/"},"modified":"2025-10-27T15:44:56","modified_gmt":"2025-10-27T15:44:56","slug":"t2s-high-purity-biopharm-90-weld-elows-dixon","status":"publish","type":"product","link":"https:\/\/www.zytho.ca\/fr\/produit\/t2s-high-purity-biopharm-90-weld-elows-dixon\/","title":{"rendered":"T2S High Purity BioPharm 90\u00b0 Weld Elows &#8211; Dixon"},"content":{"rendered":"<h6><strong>T2S High Purity BioPharm 90\u00b0 Weld Elows &#8211; Pr\u00e9cision et conformit\u00e9 pour les traitements critiques<\/strong><\/h6>\n<h6><strong>Avantages :<\/strong><\/h6>\n<ul>\n<li>Fabriqu\u00e9 en <strong>acier inoxydable 316L<\/strong> pour une durabilit\u00e9 et une r\u00e9sistance \u00e0 la corrosion exceptionnelles.<\/li>\n<li>Con\u00e7u pour \u00eatre conforme \u00e0 la derni\u00e8re <strong>norme internationale ASME BPE<\/strong> pour les \u00e9quipements de bioproc\u00e9d\u00e9s.<\/li>\n<li>Offre deux options de finition de surface : <strong>PL Finish SF1<\/strong> et <strong>PM Finish SF4<\/strong> pour des applications sur mesure.<\/li>\n<li>Parfaitement adapt\u00e9 aux industries telles que l&#8217;<strong>industrie pharmaceutique, les bioproc\u00e9d\u00e9s, les semi-conducteurs, l&#8217;industrie alimentaire<\/strong> et les <strong>boissons<\/strong>.<\/li>\n<li>Les raccords sont solidement bouch\u00e9s pour \u00e9viter tout <strong>dommage et toute contamination<\/strong> pendant le stockage et le transport.<\/li>\n<\/ul>\n<p>Les <strong>coudes \u00e0 souder \u00e0 90\u00b0 T2S High Purity BioPharm<\/strong> sont con\u00e7us pour les <strong>environnements de traitement de haute puret\u00e9<\/strong> dans divers secteurs, notamment les <strong>march\u00e9s des produits pharmaceutiques, des bioproc\u00e9d\u00e9s, des semi-conducteurs, des cosm\u00e9tiques, de la transformation des aliments et des boissons<\/strong>. Fabriqu\u00e9s en <strong>acier inoxydable 316L<\/strong>, ces composants sont conformes aux <strong>normes internationales<\/strong> rigoureuses <strong>ASME BPE<\/strong> pour les \u00e9quipements de bioproc\u00e9d\u00e9s, ce qui garantit une puret\u00e9, une pr\u00e9cision et une long\u00e9vit\u00e9 in\u00e9gal\u00e9es. <\/p>\n<p>Chaque coude est con\u00e7u pour r\u00e9pondre \u00e0 toutes les <strong>sp\u00e9cifications de soudage orbital<\/strong> avec une teneur en soufre contr\u00f4l\u00e9e, ce qui les rend optimaux pour les t\u00e2ches de soudage critiques. Les raccords sont disponibles en deux finitions : <strong>PL Finish SF1<\/strong> (OD=32Ra, ID=20Ra) ou <strong>PM Finish SF4<\/strong> (OD=32Ra, ID=15Ra), offrant ainsi la flexibilit\u00e9 n\u00e9cessaire pour r\u00e9pondre aux demandes d&#8217;applications sp\u00e9cifiques. <\/p>\n<h6><strong>D\u00e9tails du produit :<\/strong><\/h6>\n<ul>\n<li><strong>Mat\u00e9riau<\/strong>: Acier inoxydable 316L<\/li>\n<li><strong>3-A Normes sanitaires<\/strong>: Num\u00e9ro 63-03 (Autorisation num\u00e9ro 621)<\/li>\n<li><strong>Options de finition de surface<\/strong>: PL Finition SF1 (OD=32Ra, ID=20Ra), PM Finition SF4 (OD=32Ra, ID=15Ra)<\/li>\n<li><strong>Certifications : <\/strong>Certificat 3A<\/li>\n<li><strong>Dimensions : <\/strong>Sp\u00e9cifications dimensionnelles<\/li>\n<\/ul>\n<h6><strong>Note :<\/strong><\/h6>\n<ul>\n<li>Le <strong>marquage des produits<\/strong> conform\u00e9ment \u00e0 l&#8217;ASME BPE 2012 DT-10.1 comprend le num\u00e9ro de commande, 316L, le num\u00e9ro de pi\u00e8ce, le num\u00e9ro de chaleur, le code de finition de surface et la conformit\u00e9 \u00e0 l&#8217;ASME BPE.<\/li>\n<li>Les certifications <strong>MTR (Material Test Report)<\/strong> accompagnent chaque raccord, et tous les raccords sont <strong>bouch\u00e9s pour \u00e9viter toute contamination.<\/strong><\/li>\n<\/ul>\n<p>Les <strong>coudes \u00e0 souder \u00e0 90\u00b0 T2S High Purity BioPharm<\/strong> offrent la <strong>pr\u00e9cision, la puret\u00e9 et la conformit\u00e9<\/strong> essentielles pour les environnements de traitement critiques, garantissant une performance et une s\u00e9curit\u00e9 sup\u00e9rieures.<\/p>\n","protected":false},"excerpt":{"rendered":"<h4>Faites l&#8217;exp\u00e9rience d&#8217;une durabilit\u00e9 et d&#8217;une conformit\u00e9 in\u00e9gal\u00e9es avec les coudes \u00e0 souder \u00e0 90\u00b0 de T2S High Purity BioPharm, parfaits pour les environnements de brassage professionnels.<\/h4>\n<ul>\n<li>Fabriqu\u00e9 en acier inoxydable 316L pour une durabilit\u00e9 et une r\u00e9sistance \u00e0 la corrosion exceptionnelles.<\/li>\n<li>Conforme aux normes internationales ASME BPE, garantissant une puret\u00e9 et une pr\u00e9cision \u00e9lev\u00e9es.<\/li>\n<li>Disponible en deux finitions de surface pour r\u00e9pondre aux besoins sp\u00e9cifiques des applications de brassage.<\/li>\n<\/ul>\n","protected":false},"featured_media":13268,"template":"","meta":{"_acf_changed":false,"inline_featured_image":false},"product_brand":[740],"product_cat":[736,741,765],"product_tag":[796],"class_list":{"0":"post-13261","1":"product","2":"type-product","3":"status-publish","4":"has-post-thumbnail","6":"product_brand-dixon","7":"product_cat-distribution","8":"product_cat-materiel","9":"product_cat-raccords-sanitaires","10":"product_tag-pharmacie","12":"first","13":"instock","14":"taxable","15":"shipping-taxable","16":"purchasable","17":"product-type-variable"},"acf":[],"yoast_head":"<!-- This site is optimized with the Yoast SEO plugin v27.6 - https:\/\/yoast.com\/product\/yoast-seo-wordpress\/ -->\n<title>T2S High Purity BioPharm 90\u00b0 Weld Elbows - Dixon - For Pro Breweries | Zytho<\/title>\n<meta name=\"description\" content=\"Am\u00e9liorez la pr\u00e9cision et la puret\u00e9 de votre brasserie avec les coudes \u00e0 souder \u00e0 90\u00b0 T2S High Purity BioPharm de Dixon. Fabriqu\u00e9s en acier inoxydable 316L, ces coudes r\u00e9pondent aux normes ASME BPE, assurant la durabilit\u00e9 et la conformit\u00e9 des processus de brassage critiques. Choisissez parmi deux finitions de surface pour des besoins d&#039;application adapt\u00e9s. Parfait pour les brasseurs professionnels qui recherchent des performances et une s\u00e9curit\u00e9 sup\u00e9rieures.\" \/>\n<meta name=\"robots\" content=\"index, follow, max-snippet:-1, max-image-preview:large, max-video-preview:-1\" \/>\n<link rel=\"canonical\" href=\"https:\/\/www.zytho.ca\/fr\/produit\/t2s-high-purity-biopharm-90-weld-elows-dixon\/\" \/>\n<meta property=\"og:locale\" content=\"fr_FR\" \/>\n<meta property=\"og:type\" content=\"article\" \/>\n<meta property=\"og:title\" content=\"T2S High Purity BioPharm 90\u00b0 Weld Elbows - Dixon - For Pro Breweries | Zytho\" \/>\n<meta property=\"og:description\" content=\"Am\u00e9liorez la pr\u00e9cision et la puret\u00e9 de votre brasserie avec les coudes \u00e0 souder \u00e0 90\u00b0 T2S High Purity BioPharm de Dixon. Fabriqu\u00e9s en acier inoxydable 316L, ces coudes r\u00e9pondent aux normes ASME BPE, assurant la durabilit\u00e9 et la conformit\u00e9 des processus de brassage critiques. Choisissez parmi deux finitions de surface pour des besoins d&#039;application adapt\u00e9s. Parfait pour les brasseurs professionnels qui recherchent des performances et une s\u00e9curit\u00e9 sup\u00e9rieures.\" \/>\n<meta property=\"og:url\" content=\"https:\/\/www.zytho.ca\/fr\/produit\/t2s-high-purity-biopharm-90-weld-elows-dixon\/\" \/>\n<meta property=\"og:site_name\" content=\"Zytho\" \/>\n<meta property=\"og:image\" content=\"https:\/\/www.zytho.ca\/wp-content\/uploads\/2025\/10\/T2S-High-Purity-BioPharm-90deg-Weld-Elbows-Dixon.jpg\" \/>\n\t<meta property=\"og:image:width\" content=\"440\" \/>\n\t<meta property=\"og:image:height\" content=\"440\" \/>\n\t<meta property=\"og:image:type\" content=\"image\/jpeg\" \/>\n<meta name=\"twitter:card\" content=\"summary_large_image\" \/>\n<meta name=\"twitter:label1\" content=\"Dur\u00e9e de lecture estim\u00e9e\" \/>\n\t<meta name=\"twitter:data1\" content=\"2 minutes\" \/>\n<script type=\"application\/ld+json\" class=\"yoast-schema-graph\">{\"@context\":\"https:\\\/\\\/schema.org\",\"@graph\":[{\"@type\":\"WebPage\",\"@id\":\"https:\\\/\\\/www.zytho.ca\\\/fr\\\/produit\\\/t2s-high-purity-biopharm-90-weld-elows-dixon\\\/\",\"url\":\"https:\\\/\\\/www.zytho.ca\\\/fr\\\/produit\\\/t2s-high-purity-biopharm-90-weld-elows-dixon\\\/\",\"name\":\"T2S High Purity BioPharm 90\u00b0 Weld Elbows - Dixon - For Pro Breweries | Zytho\",\"isPartOf\":{\"@id\":\"https:\\\/\\\/www.zytho.ca\\\/fr\\\/#website\"},\"primaryImageOfPage\":{\"@id\":\"https:\\\/\\\/www.zytho.ca\\\/fr\\\/produit\\\/t2s-high-purity-biopharm-90-weld-elows-dixon\\\/#primaryimage\"},\"image\":{\"@id\":\"https:\\\/\\\/www.zytho.ca\\\/fr\\\/produit\\\/t2s-high-purity-biopharm-90-weld-elows-dixon\\\/#primaryimage\"},\"thumbnailUrl\":\"https:\\\/\\\/www.zytho.ca\\\/wp-content\\\/uploads\\\/2025\\\/10\\\/T2S-High-Purity-BioPharm-90deg-Weld-Elbows-Dixon.jpg\",\"datePublished\":\"2025-10-27T15:44:56+00:00\",\"description\":\"Am\u00e9liorez la pr\u00e9cision et la puret\u00e9 de votre brasserie avec les coudes \u00e0 souder \u00e0 90\u00b0 T2S High Purity BioPharm de Dixon. Fabriqu\u00e9s en acier inoxydable 316L, ces coudes r\u00e9pondent aux normes ASME BPE, assurant la durabilit\u00e9 et la conformit\u00e9 des processus de brassage critiques. Choisissez parmi deux finitions de surface pour des besoins d'application adapt\u00e9s. Parfait pour les brasseurs professionnels qui recherchent des performances et une s\u00e9curit\u00e9 sup\u00e9rieures.\",\"breadcrumb\":{\"@id\":\"https:\\\/\\\/www.zytho.ca\\\/fr\\\/produit\\\/t2s-high-purity-biopharm-90-weld-elows-dixon\\\/#breadcrumb\"},\"inLanguage\":\"fr-FR\",\"potentialAction\":[{\"@type\":\"ReadAction\",\"target\":[\"https:\\\/\\\/www.zytho.ca\\\/fr\\\/produit\\\/t2s-high-purity-biopharm-90-weld-elows-dixon\\\/\"]}]},{\"@type\":\"ImageObject\",\"inLanguage\":\"fr-FR\",\"@id\":\"https:\\\/\\\/www.zytho.ca\\\/fr\\\/produit\\\/t2s-high-purity-biopharm-90-weld-elows-dixon\\\/#primaryimage\",\"url\":\"https:\\\/\\\/www.zytho.ca\\\/wp-content\\\/uploads\\\/2025\\\/10\\\/T2S-High-Purity-BioPharm-90deg-Weld-Elbows-Dixon.jpg\",\"contentUrl\":\"https:\\\/\\\/www.zytho.ca\\\/wp-content\\\/uploads\\\/2025\\\/10\\\/T2S-High-Purity-BioPharm-90deg-Weld-Elbows-Dixon.jpg\",\"width\":440,\"height\":440},{\"@type\":\"BreadcrumbList\",\"@id\":\"https:\\\/\\\/www.zytho.ca\\\/fr\\\/produit\\\/t2s-high-purity-biopharm-90-weld-elows-dixon\\\/#breadcrumb\",\"itemListElement\":[{\"@type\":\"ListItem\",\"position\":1,\"name\":\"Accueil\",\"item\":\"https:\\\/\\\/www.zytho.ca\\\/fr\\\/\"},{\"@type\":\"ListItem\",\"position\":2,\"name\":\"Shop\",\"item\":\"https:\\\/\\\/www.zytho.ca\\\/fr\\\/shop\\\/\"},{\"@type\":\"ListItem\",\"position\":3,\"name\":\"T2S High Purity BioPharm 90\u00b0 Weld Elows &#8211; Dixon\"}]},{\"@type\":\"WebSite\",\"@id\":\"https:\\\/\\\/www.zytho.ca\\\/fr\\\/#website\",\"url\":\"https:\\\/\\\/www.zytho.ca\\\/fr\\\/\",\"name\":\"Zytho\",\"description\":\"\",\"publisher\":{\"@id\":\"https:\\\/\\\/www.zytho.ca\\\/fr\\\/#organization\"},\"potentialAction\":[{\"@type\":\"SearchAction\",\"target\":{\"@type\":\"EntryPoint\",\"urlTemplate\":\"https:\\\/\\\/www.zytho.ca\\\/fr\\\/?s={search_term_string}\"},\"query-input\":{\"@type\":\"PropertyValueSpecification\",\"valueRequired\":true,\"valueName\":\"search_term_string\"}}],\"inLanguage\":\"fr-FR\"},{\"@type\":\"Organization\",\"@id\":\"https:\\\/\\\/www.zytho.ca\\\/fr\\\/#organization\",\"name\":\"Zytho\",\"url\":\"https:\\\/\\\/www.zytho.ca\\\/fr\\\/\",\"logo\":{\"@type\":\"ImageObject\",\"inLanguage\":\"fr-FR\",\"@id\":\"https:\\\/\\\/www.zytho.ca\\\/fr\\\/#\\\/schema\\\/logo\\\/image\\\/\",\"url\":\"https:\\\/\\\/www.zytho.ca\\\/wp-content\\\/uploads\\\/2024\\\/05\\\/Zytho_reversed_horizontal.svg\",\"contentUrl\":\"https:\\\/\\\/www.zytho.ca\\\/wp-content\\\/uploads\\\/2024\\\/05\\\/Zytho_reversed_horizontal.svg\",\"width\":1582,\"height\":490,\"caption\":\"Zytho\"},\"image\":{\"@id\":\"https:\\\/\\\/www.zytho.ca\\\/fr\\\/#\\\/schema\\\/logo\\\/image\\\/\"}}]}<\/script>\n<!-- \/ Yoast SEO plugin. -->","yoast_head_json":{"title":"T2S High Purity BioPharm 90\u00b0 Weld Elbows - Dixon - For Pro Breweries | Zytho","description":"Am\u00e9liorez la pr\u00e9cision et la puret\u00e9 de votre brasserie avec les coudes \u00e0 souder \u00e0 90\u00b0 T2S High Purity BioPharm de Dixon. Fabriqu\u00e9s en acier inoxydable 316L, ces coudes r\u00e9pondent aux normes ASME BPE, assurant la durabilit\u00e9 et la conformit\u00e9 des processus de brassage critiques. Choisissez parmi deux finitions de surface pour des besoins d'application adapt\u00e9s. Parfait pour les brasseurs professionnels qui recherchent des performances et une s\u00e9curit\u00e9 sup\u00e9rieures.","robots":{"index":"index","follow":"follow","max-snippet":"max-snippet:-1","max-image-preview":"max-image-preview:large","max-video-preview":"max-video-preview:-1"},"canonical":"https:\/\/www.zytho.ca\/fr\/produit\/t2s-high-purity-biopharm-90-weld-elows-dixon\/","og_locale":"fr_FR","og_type":"article","og_title":"T2S High Purity BioPharm 90\u00b0 Weld Elbows - Dixon - For Pro Breweries | Zytho","og_description":"Am\u00e9liorez la pr\u00e9cision et la puret\u00e9 de votre brasserie avec les coudes \u00e0 souder \u00e0 90\u00b0 T2S High Purity BioPharm de Dixon. Fabriqu\u00e9s en acier inoxydable 316L, ces coudes r\u00e9pondent aux normes ASME BPE, assurant la durabilit\u00e9 et la conformit\u00e9 des processus de brassage critiques. Choisissez parmi deux finitions de surface pour des besoins d'application adapt\u00e9s. Parfait pour les brasseurs professionnels qui recherchent des performances et une s\u00e9curit\u00e9 sup\u00e9rieures.","og_url":"https:\/\/www.zytho.ca\/fr\/produit\/t2s-high-purity-biopharm-90-weld-elows-dixon\/","og_site_name":"Zytho","og_image":[{"width":440,"height":440,"url":"https:\/\/www.zytho.ca\/wp-content\/uploads\/2025\/10\/T2S-High-Purity-BioPharm-90deg-Weld-Elbows-Dixon.jpg","type":"image\/jpeg"}],"twitter_card":"summary_large_image","twitter_misc":{"Dur\u00e9e de lecture estim\u00e9e":"2 minutes"},"schema":{"@context":"https:\/\/schema.org","@graph":[{"@type":"WebPage","@id":"https:\/\/www.zytho.ca\/fr\/produit\/t2s-high-purity-biopharm-90-weld-elows-dixon\/","url":"https:\/\/www.zytho.ca\/fr\/produit\/t2s-high-purity-biopharm-90-weld-elows-dixon\/","name":"T2S High Purity BioPharm 90\u00b0 Weld Elbows - Dixon - For Pro Breweries | Zytho","isPartOf":{"@id":"https:\/\/www.zytho.ca\/fr\/#website"},"primaryImageOfPage":{"@id":"https:\/\/www.zytho.ca\/fr\/produit\/t2s-high-purity-biopharm-90-weld-elows-dixon\/#primaryimage"},"image":{"@id":"https:\/\/www.zytho.ca\/fr\/produit\/t2s-high-purity-biopharm-90-weld-elows-dixon\/#primaryimage"},"thumbnailUrl":"https:\/\/www.zytho.ca\/wp-content\/uploads\/2025\/10\/T2S-High-Purity-BioPharm-90deg-Weld-Elbows-Dixon.jpg","datePublished":"2025-10-27T15:44:56+00:00","description":"Am\u00e9liorez la pr\u00e9cision et la puret\u00e9 de votre brasserie avec les coudes \u00e0 souder \u00e0 90\u00b0 T2S High Purity BioPharm de Dixon. Fabriqu\u00e9s en acier inoxydable 316L, ces coudes r\u00e9pondent aux normes ASME BPE, assurant la durabilit\u00e9 et la conformit\u00e9 des processus de brassage critiques. Choisissez parmi deux finitions de surface pour des besoins d'application adapt\u00e9s. Parfait pour les brasseurs professionnels qui recherchent des performances et une s\u00e9curit\u00e9 sup\u00e9rieures.","breadcrumb":{"@id":"https:\/\/www.zytho.ca\/fr\/produit\/t2s-high-purity-biopharm-90-weld-elows-dixon\/#breadcrumb"},"inLanguage":"fr-FR","potentialAction":[{"@type":"ReadAction","target":["https:\/\/www.zytho.ca\/fr\/produit\/t2s-high-purity-biopharm-90-weld-elows-dixon\/"]}]},{"@type":"ImageObject","inLanguage":"fr-FR","@id":"https:\/\/www.zytho.ca\/fr\/produit\/t2s-high-purity-biopharm-90-weld-elows-dixon\/#primaryimage","url":"https:\/\/www.zytho.ca\/wp-content\/uploads\/2025\/10\/T2S-High-Purity-BioPharm-90deg-Weld-Elbows-Dixon.jpg","contentUrl":"https:\/\/www.zytho.ca\/wp-content\/uploads\/2025\/10\/T2S-High-Purity-BioPharm-90deg-Weld-Elbows-Dixon.jpg","width":440,"height":440},{"@type":"BreadcrumbList","@id":"https:\/\/www.zytho.ca\/fr\/produit\/t2s-high-purity-biopharm-90-weld-elows-dixon\/#breadcrumb","itemListElement":[{"@type":"ListItem","position":1,"name":"Accueil","item":"https:\/\/www.zytho.ca\/fr\/"},{"@type":"ListItem","position":2,"name":"Shop","item":"https:\/\/www.zytho.ca\/fr\/shop\/"},{"@type":"ListItem","position":3,"name":"T2S High Purity BioPharm 90\u00b0 Weld Elows &#8211; Dixon"}]},{"@type":"WebSite","@id":"https:\/\/www.zytho.ca\/fr\/#website","url":"https:\/\/www.zytho.ca\/fr\/","name":"Zytho","description":"","publisher":{"@id":"https:\/\/www.zytho.ca\/fr\/#organization"},"potentialAction":[{"@type":"SearchAction","target":{"@type":"EntryPoint","urlTemplate":"https:\/\/www.zytho.ca\/fr\/?s={search_term_string}"},"query-input":{"@type":"PropertyValueSpecification","valueRequired":true,"valueName":"search_term_string"}}],"inLanguage":"fr-FR"},{"@type":"Organization","@id":"https:\/\/www.zytho.ca\/fr\/#organization","name":"Zytho","url":"https:\/\/www.zytho.ca\/fr\/","logo":{"@type":"ImageObject","inLanguage":"fr-FR","@id":"https:\/\/www.zytho.ca\/fr\/#\/schema\/logo\/image\/","url":"https:\/\/www.zytho.ca\/wp-content\/uploads\/2024\/05\/Zytho_reversed_horizontal.svg","contentUrl":"https:\/\/www.zytho.ca\/wp-content\/uploads\/2024\/05\/Zytho_reversed_horizontal.svg","width":1582,"height":490,"caption":"Zytho"},"image":{"@id":"https:\/\/www.zytho.ca\/fr\/#\/schema\/logo\/image\/"}}]}},"_links":{"self":[{"href":"https:\/\/www.zytho.ca\/fr\/wp-json\/wp\/v2\/product\/13261","targetHints":{"allow":["GET"]}}],"collection":[{"href":"https:\/\/www.zytho.ca\/fr\/wp-json\/wp\/v2\/product"}],"about":[{"href":"https:\/\/www.zytho.ca\/fr\/wp-json\/wp\/v2\/types\/product"}],"wp:featuredmedia":[{"embeddable":true,"href":"https:\/\/www.zytho.ca\/fr\/wp-json\/wp\/v2\/media\/13268"}],"wp:attachment":[{"href":"https:\/\/www.zytho.ca\/fr\/wp-json\/wp\/v2\/media?parent=13261"}],"wp:term":[{"taxonomy":"product_brand","embeddable":true,"href":"https:\/\/www.zytho.ca\/fr\/wp-json\/wp\/v2\/product_brand?post=13261"},{"taxonomy":"product_cat","embeddable":true,"href":"https:\/\/www.zytho.ca\/fr\/wp-json\/wp\/v2\/product_cat?post=13261"},{"taxonomy":"product_tag","embeddable":true,"href":"https:\/\/www.zytho.ca\/fr\/wp-json\/wp\/v2\/product_tag?post=13261"}],"curies":[{"name":"wp","href":"https:\/\/api.w.org\/{rel}","templated":true}]}}