{"id":13152,"date":"2025-10-27T15:44:45","date_gmt":"2025-10-27T15:44:45","guid":{"rendered":"https:\/\/zytho.ca\/product\/sn75-buse-a-eau-isolee-dixon\/"},"modified":"2025-10-30T12:54:31","modified_gmt":"2025-10-30T12:54:31","slug":"sn75-buse-a-eau-isolee-dixon","status":"publish","type":"product","link":"https:\/\/www.zytho.ca\/fr\/produit\/sn75-buse-a-eau-isolee-dixon\/","title":{"rendered":"SN75 Buse \u00e0 eau isol\u00e9e &#8211; Dixon"},"content":{"rendered":"<h6><strong>Buse \u00e0 eau isol\u00e9e SN75 &#8211; Con\u00e7ue pour l&#8217;excellence industrielle<\/strong><\/h6>\n<h6><strong>Avantages<\/strong><\/h6>\n<ul>\n<li>Construit pour les applications industrielles lourdes.<\/li>\n<li>Compatible avec les tuyaux d&#8217;arrosage standard gr\u00e2ce au <strong>filetage GHT<\/strong> sur la t\u00eate.<\/li>\n<li>Confort et protection gr\u00e2ce \u00e0 un <strong>prot\u00e8ge-manche en caoutchouc isol\u00e9.<\/strong><\/li>\n<li>Le m\u00e9canisme de <strong>verrouillage du clip<\/strong> permet de maintenir n&#8217;importe quelle forme de pulv\u00e9risation.<\/li>\n<\/ul>\n<p>La <strong>buse d&#8217;eau isol\u00e9e SN75<\/strong> est m\u00e9ticuleusement con\u00e7ue pour des performances \u00e9lev\u00e9es dans des environnements industriels exigeants, o\u00f9 la robustesse et la fiabilit\u00e9 ne sont pas n\u00e9gociables. Son syst\u00e8me innovant de <g id=\"gid_1\">verrouillage par clip<\/g> permet aux utilisateurs d&#8217;ajuster et de s\u00e9curiser sans effort n&#8217;importe quel mod\u00e8le de pulv\u00e9risation, offrant ainsi pr\u00e9cision et contr\u00f4le tout au long de son fonctionnement. Le <strong>filetage GHT<\/strong> de la buse garantit une int\u00e9gration parfaite avec les tuyaux d&#8217;arrosage standard, am\u00e9liorant ainsi sa polyvalence dans de nombreuses applications.  <\/p>\n<p>Fabriqu\u00e9 en <strong>zinc chrom\u00e9<\/strong>, ce <strong>pistolet \u00e0 eau<\/strong> est dot\u00e9 d&#8217;une <strong>poign\u00e9e en nylon de r\u00e9sistance industrielle<\/strong> et d&#8217;une <strong>protection en caoutchouc<\/strong> pour un confort et une s\u00e9curit\u00e9 d&#8217;utilisation optimaux. L&#8217;incorporation d&#8217;une <strong>valve en laiton robuste<\/strong> et d&#8217;un <strong>\u00e9crou de r\u00e9glage<\/strong> garantit des performances durables, m\u00eame dans les conditions les plus difficiles. <\/p>\n<h6><strong>D\u00e9tails du produit<\/strong><\/h6>\n<ul>\n<li><strong>Mat\u00e9riau<\/strong>: Corps en zinc chrom\u00e9, poign\u00e9e en nylon \u00e0 r\u00e9sistance industrielle, valve en laiton et \u00e9crou de r\u00e9glage.<\/li>\n<li><strong>Page du catalogue<\/strong>: DPL418 &#8211; 862<\/li>\n<\/ul>\n<p>Con\u00e7ue pour r\u00e9sister aux environnements industriels les plus difficiles, la <strong>buse d&#8217;eau isol\u00e9e SN75<\/strong> offre une fiabilit\u00e9 in\u00e9gal\u00e9e et un fonctionnement convivial pour toutes les applications.<\/p>\n","protected":false},"excerpt":{"rendered":"<h4>Principaux avantages de la buse \u00e0 eau isol\u00e9e SN75 pour les brasseurs professionnels<\/h4>\n<ul>\n<li>Con\u00e7us pour une utilisation industrielle exigeante, ils garantissent la durabilit\u00e9 et la fiabilit\u00e9 des op\u00e9rations de brassage.<\/li>\n<li>Comprend un prot\u00e8ge-poign\u00e9e en caoutchouc isol\u00e9 pour un confort et une s\u00e9curit\u00e9 accrus lors d&#8217;une utilisation prolong\u00e9e.<\/li>\n<li>\u00c9quip\u00e9 d&#8217;un m\u00e9canisme de verrouillage \u00e0 clip pour un contr\u00f4le pr\u00e9cis et s\u00fbr de la forme du jet, essentiel pour les processus de brassage.<\/li>\n<\/ul>\n","protected":false},"featured_media":13163,"template":"","meta":{"_acf_changed":false,"inline_featured_image":false},"product_brand":[740],"product_cat":[736,799,741],"product_tag":[],"class_list":{"0":"post-13152","1":"product","2":"type-product","3":"status-publish","4":"has-post-thumbnail","6":"product_brand-dixon","7":"product_cat-distribution","8":"product_cat-lavage-et-nettoyage-en-place","9":"product_cat-materiel","11":"first","12":"instock","13":"taxable","14":"shipping-taxable","15":"purchasable","16":"product-type-simple"},"acf":[],"yoast_head":"<!-- This site is optimized with the Yoast SEO plugin v27.6 - https:\/\/yoast.com\/product\/yoast-seo-wordpress\/ -->\n<title>SN75 Buse \u00e0 eau isol\u00e9e - Dixon - Zytho<\/title>\n<meta name=\"robots\" content=\"index, follow, max-snippet:-1, max-image-preview:large, max-video-preview:-1\" \/>\n<link rel=\"canonical\" href=\"https:\/\/www.zytho.ca\/fr\/produit\/sn75-buse-a-eau-isolee-dixon\/\" \/>\n<meta property=\"og:locale\" content=\"fr_FR\" \/>\n<meta property=\"og:type\" content=\"article\" \/>\n<meta property=\"og:title\" content=\"SN75 Buse \u00e0 eau isol\u00e9e - Dixon - Zytho\" \/>\n<meta property=\"og:description\" content=\"Principaux avantages de la buse \u00e0 eau isol\u00e9e SN75 pour les brasseurs professionnels   Con\u00e7us pour une utilisation industrielle exigeante, ils garantissent la durabilit\u00e9 et la fiabilit\u00e9 des op\u00e9rations de brassage.  Comprend un prot\u00e8ge-poign\u00e9e en caoutchouc isol\u00e9 pour un confort et une s\u00e9curit\u00e9 accrus lors d&#039;une utilisation prolong\u00e9e.  \u00c9quip\u00e9 d&#039;un m\u00e9canisme de verrouillage \u00e0 clip pour un contr\u00f4le pr\u00e9cis et s\u00fbr de la forme du jet, essentiel pour les processus de brassage.\" \/>\n<meta property=\"og:url\" content=\"https:\/\/www.zytho.ca\/fr\/produit\/sn75-buse-a-eau-isolee-dixon\/\" \/>\n<meta property=\"og:site_name\" content=\"Zytho\" \/>\n<meta property=\"article:modified_time\" content=\"2025-10-30T12:54:31+00:00\" \/>\n<meta property=\"og:image\" content=\"https:\/\/www.zytho.ca\/wp-content\/uploads\/2025\/10\/SN75-Insulated-Water-Nozzle-Dixon.jpg\" \/>\n\t<meta property=\"og:image:width\" content=\"1472\" \/>\n\t<meta property=\"og:image:height\" content=\"1472\" \/>\n\t<meta property=\"og:image:type\" content=\"image\/jpeg\" \/>\n<meta name=\"twitter:card\" content=\"summary_large_image\" \/>\n<meta name=\"twitter:label1\" content=\"Dur\u00e9e de lecture estim\u00e9e\" \/>\n\t<meta name=\"twitter:data1\" content=\"1 minute\" \/>\n<script type=\"application\/ld+json\" class=\"yoast-schema-graph\">{\"@context\":\"https:\\\/\\\/schema.org\",\"@graph\":[{\"@type\":\"WebPage\",\"@id\":\"https:\\\/\\\/www.zytho.ca\\\/fr\\\/produit\\\/sn75-buse-a-eau-isolee-dixon\\\/\",\"url\":\"https:\\\/\\\/www.zytho.ca\\\/fr\\\/produit\\\/sn75-buse-a-eau-isolee-dixon\\\/\",\"name\":\"SN75 Buse \u00e0 eau isol\u00e9e - Dixon - Zytho\",\"isPartOf\":{\"@id\":\"https:\\\/\\\/www.zytho.ca\\\/fr\\\/#website\"},\"primaryImageOfPage\":{\"@id\":\"https:\\\/\\\/www.zytho.ca\\\/fr\\\/produit\\\/sn75-buse-a-eau-isolee-dixon\\\/#primaryimage\"},\"image\":{\"@id\":\"https:\\\/\\\/www.zytho.ca\\\/fr\\\/produit\\\/sn75-buse-a-eau-isolee-dixon\\\/#primaryimage\"},\"thumbnailUrl\":\"https:\\\/\\\/www.zytho.ca\\\/wp-content\\\/uploads\\\/2025\\\/10\\\/SN75-Insulated-Water-Nozzle-Dixon.jpg\",\"datePublished\":\"2025-10-27T15:44:45+00:00\",\"dateModified\":\"2025-10-30T12:54:31+00:00\",\"breadcrumb\":{\"@id\":\"https:\\\/\\\/www.zytho.ca\\\/fr\\\/produit\\\/sn75-buse-a-eau-isolee-dixon\\\/#breadcrumb\"},\"inLanguage\":\"fr-FR\",\"potentialAction\":[{\"@type\":\"ReadAction\",\"target\":[\"https:\\\/\\\/www.zytho.ca\\\/fr\\\/produit\\\/sn75-buse-a-eau-isolee-dixon\\\/\"]}]},{\"@type\":\"ImageObject\",\"inLanguage\":\"fr-FR\",\"@id\":\"https:\\\/\\\/www.zytho.ca\\\/fr\\\/produit\\\/sn75-buse-a-eau-isolee-dixon\\\/#primaryimage\",\"url\":\"https:\\\/\\\/www.zytho.ca\\\/wp-content\\\/uploads\\\/2025\\\/10\\\/SN75-Insulated-Water-Nozzle-Dixon.jpg\",\"contentUrl\":\"https:\\\/\\\/www.zytho.ca\\\/wp-content\\\/uploads\\\/2025\\\/10\\\/SN75-Insulated-Water-Nozzle-Dixon.jpg\",\"width\":1472,\"height\":1472},{\"@type\":\"BreadcrumbList\",\"@id\":\"https:\\\/\\\/www.zytho.ca\\\/fr\\\/produit\\\/sn75-buse-a-eau-isolee-dixon\\\/#breadcrumb\",\"itemListElement\":[{\"@type\":\"ListItem\",\"position\":1,\"name\":\"Accueil\",\"item\":\"https:\\\/\\\/www.zytho.ca\\\/fr\\\/\"},{\"@type\":\"ListItem\",\"position\":2,\"name\":\"Shop\",\"item\":\"https:\\\/\\\/www.zytho.ca\\\/fr\\\/shop\\\/\"},{\"@type\":\"ListItem\",\"position\":3,\"name\":\"SN75 Buse \u00e0 eau isol\u00e9e &#8211; Dixon\"}]},{\"@type\":\"WebSite\",\"@id\":\"https:\\\/\\\/www.zytho.ca\\\/fr\\\/#website\",\"url\":\"https:\\\/\\\/www.zytho.ca\\\/fr\\\/\",\"name\":\"Zytho\",\"description\":\"\",\"publisher\":{\"@id\":\"https:\\\/\\\/www.zytho.ca\\\/fr\\\/#organization\"},\"potentialAction\":[{\"@type\":\"SearchAction\",\"target\":{\"@type\":\"EntryPoint\",\"urlTemplate\":\"https:\\\/\\\/www.zytho.ca\\\/fr\\\/?s={search_term_string}\"},\"query-input\":{\"@type\":\"PropertyValueSpecification\",\"valueRequired\":true,\"valueName\":\"search_term_string\"}}],\"inLanguage\":\"fr-FR\"},{\"@type\":\"Organization\",\"@id\":\"https:\\\/\\\/www.zytho.ca\\\/fr\\\/#organization\",\"name\":\"Zytho\",\"url\":\"https:\\\/\\\/www.zytho.ca\\\/fr\\\/\",\"logo\":{\"@type\":\"ImageObject\",\"inLanguage\":\"fr-FR\",\"@id\":\"https:\\\/\\\/www.zytho.ca\\\/fr\\\/#\\\/schema\\\/logo\\\/image\\\/\",\"url\":\"https:\\\/\\\/www.zytho.ca\\\/wp-content\\\/uploads\\\/2024\\\/05\\\/Zytho_reversed_horizontal.svg\",\"contentUrl\":\"https:\\\/\\\/www.zytho.ca\\\/wp-content\\\/uploads\\\/2024\\\/05\\\/Zytho_reversed_horizontal.svg\",\"width\":1582,\"height\":490,\"caption\":\"Zytho\"},\"image\":{\"@id\":\"https:\\\/\\\/www.zytho.ca\\\/fr\\\/#\\\/schema\\\/logo\\\/image\\\/\"}}]}<\/script>\n<!-- \/ Yoast SEO plugin. -->","yoast_head_json":{"title":"SN75 Buse \u00e0 eau isol\u00e9e - Dixon - Zytho","robots":{"index":"index","follow":"follow","max-snippet":"max-snippet:-1","max-image-preview":"max-image-preview:large","max-video-preview":"max-video-preview:-1"},"canonical":"https:\/\/www.zytho.ca\/fr\/produit\/sn75-buse-a-eau-isolee-dixon\/","og_locale":"fr_FR","og_type":"article","og_title":"SN75 Buse \u00e0 eau isol\u00e9e - Dixon - Zytho","og_description":"Principaux avantages de la buse \u00e0 eau isol\u00e9e SN75 pour les brasseurs professionnels   Con\u00e7us pour une utilisation industrielle exigeante, ils garantissent la durabilit\u00e9 et la fiabilit\u00e9 des op\u00e9rations de brassage.  Comprend un prot\u00e8ge-poign\u00e9e en caoutchouc isol\u00e9 pour un confort et une s\u00e9curit\u00e9 accrus lors d'une utilisation prolong\u00e9e.  \u00c9quip\u00e9 d'un m\u00e9canisme de verrouillage \u00e0 clip pour un contr\u00f4le pr\u00e9cis et s\u00fbr de la forme du jet, essentiel pour les processus de brassage.","og_url":"https:\/\/www.zytho.ca\/fr\/produit\/sn75-buse-a-eau-isolee-dixon\/","og_site_name":"Zytho","article_modified_time":"2025-10-30T12:54:31+00:00","og_image":[{"width":1472,"height":1472,"url":"https:\/\/www.zytho.ca\/wp-content\/uploads\/2025\/10\/SN75-Insulated-Water-Nozzle-Dixon.jpg","type":"image\/jpeg"}],"twitter_card":"summary_large_image","twitter_misc":{"Dur\u00e9e de lecture estim\u00e9e":"1 minute"},"schema":{"@context":"https:\/\/schema.org","@graph":[{"@type":"WebPage","@id":"https:\/\/www.zytho.ca\/fr\/produit\/sn75-buse-a-eau-isolee-dixon\/","url":"https:\/\/www.zytho.ca\/fr\/produit\/sn75-buse-a-eau-isolee-dixon\/","name":"SN75 Buse \u00e0 eau isol\u00e9e - Dixon - Zytho","isPartOf":{"@id":"https:\/\/www.zytho.ca\/fr\/#website"},"primaryImageOfPage":{"@id":"https:\/\/www.zytho.ca\/fr\/produit\/sn75-buse-a-eau-isolee-dixon\/#primaryimage"},"image":{"@id":"https:\/\/www.zytho.ca\/fr\/produit\/sn75-buse-a-eau-isolee-dixon\/#primaryimage"},"thumbnailUrl":"https:\/\/www.zytho.ca\/wp-content\/uploads\/2025\/10\/SN75-Insulated-Water-Nozzle-Dixon.jpg","datePublished":"2025-10-27T15:44:45+00:00","dateModified":"2025-10-30T12:54:31+00:00","breadcrumb":{"@id":"https:\/\/www.zytho.ca\/fr\/produit\/sn75-buse-a-eau-isolee-dixon\/#breadcrumb"},"inLanguage":"fr-FR","potentialAction":[{"@type":"ReadAction","target":["https:\/\/www.zytho.ca\/fr\/produit\/sn75-buse-a-eau-isolee-dixon\/"]}]},{"@type":"ImageObject","inLanguage":"fr-FR","@id":"https:\/\/www.zytho.ca\/fr\/produit\/sn75-buse-a-eau-isolee-dixon\/#primaryimage","url":"https:\/\/www.zytho.ca\/wp-content\/uploads\/2025\/10\/SN75-Insulated-Water-Nozzle-Dixon.jpg","contentUrl":"https:\/\/www.zytho.ca\/wp-content\/uploads\/2025\/10\/SN75-Insulated-Water-Nozzle-Dixon.jpg","width":1472,"height":1472},{"@type":"BreadcrumbList","@id":"https:\/\/www.zytho.ca\/fr\/produit\/sn75-buse-a-eau-isolee-dixon\/#breadcrumb","itemListElement":[{"@type":"ListItem","position":1,"name":"Accueil","item":"https:\/\/www.zytho.ca\/fr\/"},{"@type":"ListItem","position":2,"name":"Shop","item":"https:\/\/www.zytho.ca\/fr\/shop\/"},{"@type":"ListItem","position":3,"name":"SN75 Buse \u00e0 eau isol\u00e9e &#8211; Dixon"}]},{"@type":"WebSite","@id":"https:\/\/www.zytho.ca\/fr\/#website","url":"https:\/\/www.zytho.ca\/fr\/","name":"Zytho","description":"","publisher":{"@id":"https:\/\/www.zytho.ca\/fr\/#organization"},"potentialAction":[{"@type":"SearchAction","target":{"@type":"EntryPoint","urlTemplate":"https:\/\/www.zytho.ca\/fr\/?s={search_term_string}"},"query-input":{"@type":"PropertyValueSpecification","valueRequired":true,"valueName":"search_term_string"}}],"inLanguage":"fr-FR"},{"@type":"Organization","@id":"https:\/\/www.zytho.ca\/fr\/#organization","name":"Zytho","url":"https:\/\/www.zytho.ca\/fr\/","logo":{"@type":"ImageObject","inLanguage":"fr-FR","@id":"https:\/\/www.zytho.ca\/fr\/#\/schema\/logo\/image\/","url":"https:\/\/www.zytho.ca\/wp-content\/uploads\/2024\/05\/Zytho_reversed_horizontal.svg","contentUrl":"https:\/\/www.zytho.ca\/wp-content\/uploads\/2024\/05\/Zytho_reversed_horizontal.svg","width":1582,"height":490,"caption":"Zytho"},"image":{"@id":"https:\/\/www.zytho.ca\/fr\/#\/schema\/logo\/image\/"}}]}},"_links":{"self":[{"href":"https:\/\/www.zytho.ca\/fr\/wp-json\/wp\/v2\/product\/13152","targetHints":{"allow":["GET"]}}],"collection":[{"href":"https:\/\/www.zytho.ca\/fr\/wp-json\/wp\/v2\/product"}],"about":[{"href":"https:\/\/www.zytho.ca\/fr\/wp-json\/wp\/v2\/types\/product"}],"wp:featuredmedia":[{"embeddable":true,"href":"https:\/\/www.zytho.ca\/fr\/wp-json\/wp\/v2\/media\/13163"}],"wp:attachment":[{"href":"https:\/\/www.zytho.ca\/fr\/wp-json\/wp\/v2\/media?parent=13152"}],"wp:term":[{"taxonomy":"product_brand","embeddable":true,"href":"https:\/\/www.zytho.ca\/fr\/wp-json\/wp\/v2\/product_brand?post=13152"},{"taxonomy":"product_cat","embeddable":true,"href":"https:\/\/www.zytho.ca\/fr\/wp-json\/wp\/v2\/product_cat?post=13152"},{"taxonomy":"product_tag","embeddable":true,"href":"https:\/\/www.zytho.ca\/fr\/wp-json\/wp\/v2\/product_tag?post=13152"}],"curies":[{"name":"wp","href":"https:\/\/api.w.org\/{rel}","templated":true}]}}