{"id":13101,"date":"2025-10-27T15:45:17","date_gmt":"2025-10-27T15:45:17","guid":{"rendered":"https:\/\/zytho.ca\/product\/joints-perfores-40mp-tri-clamp-dixon\/"},"modified":"2025-10-27T15:45:17","modified_gmt":"2025-10-27T15:45:17","slug":"joints-perfores-40mp-tri-clamp-dixon","status":"publish","type":"product","link":"https:\/\/www.zytho.ca\/fr\/produit\/joints-perfores-40mp-tri-clamp-dixon\/","title":{"rendered":"Joints perfor\u00e9s 40MP Tri-Clamp &#8211; Dixon"},"content":{"rendered":"<p>Les raccords tri-clamp sont largement reconnus comme une norme de connexion sanitaire de premier plan en Am\u00e9rique du Nord, particuli\u00e8rement appr\u00e9ci\u00e9s pour leur application dans les industries r\u00e9glement\u00e9es telles que l&#8217;alimentation, les boissons, la biotechnologie et les produits pharmaceutiques. Ces joints sont con\u00e7us pour assurer une bonne \u00e9tanch\u00e9it\u00e9 des raccords tri-clamp, facilitant ainsi une connexion facilement nettoyable. Le centre perfor\u00e9 est sp\u00e9cialement con\u00e7u pour prot\u00e9ger les composants critiques. La conformit\u00e9 aux certifications ASME A270 et 3A souligne leur fiabilit\u00e9 et leur qualit\u00e9.   <\/p>\n<h6><strong>Avantages :<\/strong><\/h6>\n<ul>\n<li class=\"first\">Disque m\u00e9tallique perfor\u00e9 T\u00f4le d&#8217;acier inoxydable 316<\/li>\n<li class=\"first\">Elastom\u00e8re Buna-N<\/li>\n<li class=\"last\">Trous de 0,033<\/li>\n<li class=\"last\">\u00c9quivalent \u00e0 20 mailles<\/li>\n<\/ul>\n<h6><strong>D\u00e9tails du produit :<\/strong><\/h6>\n<ul>\n<li>Conforme \u00e0 la norme 21CFR 177.2600<\/li>\n<\/ul>\n<p>Fabriqu\u00e9 \u00e0 partir de Buna-N et d&#8217;acier inoxydable de haute qualit\u00e9, le syst\u00e8me tri-clamp comprend un joint positionn\u00e9 entre deux bagues ou brides tri-clamp, fix\u00e9 par un collier m\u00e9canique. Cette conception robuste fait partie int\u00e9grante des syst\u00e8mes de tuyauterie dans des environnements rigoureux. <\/p>\n","protected":false},"excerpt":{"rendered":"<h4>Principaux avantages :<\/h4>\n<p>Les joints perfor\u00e9s 40MP Tri-Clamp de Dixon offrent une \u00e9tanch\u00e9it\u00e9 fiable et facile \u00e0 nettoyer pour les connexions sanitaires, id\u00e9ales pour les brasseurs professionnels qui recherchent la durabilit\u00e9 et la conformit\u00e9 aux normes de l&#8217;industrie.<\/p>\n<ul>\n<li>Fabriqu\u00e9 en acier inoxydable 316 et en Buna-N pour une meilleure durabilit\u00e9.<\/li>\n<li>Conception perfor\u00e9e avec des trous de 0,033&#8243; \u00e9quivalant \u00e0 une maille de 20 pour une protection optimale.<\/li>\n<li>Conforme \u00e0 la norme ASME A270, aux certifications 3A et \u00e0 la norme 21CFR 177.2600 pour une qualit\u00e9 assur\u00e9e.<\/li>\n<\/ul>\n","protected":false},"featured_media":13102,"template":"","meta":{"_acf_changed":false,"inline_featured_image":false},"product_brand":[740],"product_cat":[736,741,753],"product_tag":[763,754,762,755,756,760,759,758,757,761],"class_list":{"0":"post-13101","1":"product","2":"type-product","3":"status-publish","4":"has-post-thumbnail","6":"product_brand-dixon","7":"product_cat-distribution","8":"product_cat-materiel","9":"product_cat-raccords-tri-clamp","10":"product_tag-acier-inoxydable","11":"product_tag-brasserie","12":"product_tag-cave","13":"product_tag-distillerie","14":"product_tag-inoxydable","15":"product_tag-raccord-tri-clamp","16":"product_tag-raccords-tri-clamp","17":"product_tag-tri-clamp","18":"product_tag-tri-clamp-en-acier-inoxydable","19":"product_tag-triclamp","21":"first","22":"instock","23":"taxable","24":"shipping-taxable","25":"purchasable","26":"product-type-variable"},"acf":[],"yoast_head":"<!-- This site is optimized with the Yoast SEO plugin v27.6 - https:\/\/yoast.com\/product\/yoast-seo-wordpress\/ -->\n<title>40MP Tri-Clamp Joints perfor\u00e9s - Dixon - Pour brasseries professionnelles | Zytho<\/title>\n<meta name=\"description\" content=\"Optimisez l&#039;hygi\u00e8ne de votre brasserie avec les joints perfor\u00e9s 40MP Tri-Clamp de Dixon. Con\u00e7us pour assurer une \u00e9tanch\u00e9it\u00e9 parfaite et un nettoyage facile, ils r\u00e9pondent aux normes ASME A270 &amp; 3A.\" \/>\n<meta name=\"robots\" content=\"index, follow, max-snippet:-1, max-image-preview:large, max-video-preview:-1\" \/>\n<link rel=\"canonical\" href=\"https:\/\/www.zytho.ca\/fr\/produit\/joints-perfores-40mp-tri-clamp-dixon\/\" \/>\n<meta property=\"og:locale\" content=\"fr_FR\" \/>\n<meta property=\"og:type\" content=\"article\" \/>\n<meta property=\"og:title\" content=\"40MP Tri-Clamp Joints perfor\u00e9s - Dixon - Pour brasseries professionnelles | Zytho\" \/>\n<meta property=\"og:description\" content=\"Optimisez l&#039;hygi\u00e8ne de votre brasserie avec les joints perfor\u00e9s 40MP Tri-Clamp de Dixon. Con\u00e7us pour assurer une \u00e9tanch\u00e9it\u00e9 parfaite et un nettoyage facile, ils r\u00e9pondent aux normes ASME A270 &amp; 3A.\" \/>\n<meta property=\"og:url\" content=\"https:\/\/www.zytho.ca\/fr\/produit\/joints-perfores-40mp-tri-clamp-dixon\/\" \/>\n<meta property=\"og:site_name\" content=\"Zytho\" \/>\n<meta property=\"og:image\" content=\"https:\/\/www.zytho.ca\/wp-content\/uploads\/2025\/10\/40MP-Tri-Clamp-Perforated-Gaskets-Dixon.jpg\" \/>\n\t<meta property=\"og:image:width\" content=\"314\" \/>\n\t<meta property=\"og:image:height\" content=\"314\" \/>\n\t<meta property=\"og:image:type\" content=\"image\/jpeg\" \/>\n<meta name=\"twitter:card\" content=\"summary_large_image\" \/>\n<meta name=\"twitter:label1\" content=\"Dur\u00e9e de lecture estim\u00e9e\" \/>\n\t<meta name=\"twitter:data1\" content=\"1 minute\" \/>\n<script type=\"application\/ld+json\" class=\"yoast-schema-graph\">{\"@context\":\"https:\\\/\\\/schema.org\",\"@graph\":[{\"@type\":\"WebPage\",\"@id\":\"https:\\\/\\\/www.zytho.ca\\\/fr\\\/produit\\\/joints-perfores-40mp-tri-clamp-dixon\\\/\",\"url\":\"https:\\\/\\\/www.zytho.ca\\\/fr\\\/produit\\\/joints-perfores-40mp-tri-clamp-dixon\\\/\",\"name\":\"40MP Tri-Clamp Joints perfor\u00e9s - Dixon - Pour brasseries professionnelles | Zytho\",\"isPartOf\":{\"@id\":\"https:\\\/\\\/www.zytho.ca\\\/fr\\\/#website\"},\"primaryImageOfPage\":{\"@id\":\"https:\\\/\\\/www.zytho.ca\\\/fr\\\/produit\\\/joints-perfores-40mp-tri-clamp-dixon\\\/#primaryimage\"},\"image\":{\"@id\":\"https:\\\/\\\/www.zytho.ca\\\/fr\\\/produit\\\/joints-perfores-40mp-tri-clamp-dixon\\\/#primaryimage\"},\"thumbnailUrl\":\"https:\\\/\\\/www.zytho.ca\\\/wp-content\\\/uploads\\\/2025\\\/10\\\/40MP-Tri-Clamp-Perforated-Gaskets-Dixon.jpg\",\"datePublished\":\"2025-10-27T15:45:17+00:00\",\"description\":\"Optimisez l'hygi\u00e8ne de votre brasserie avec les joints perfor\u00e9s 40MP Tri-Clamp de Dixon. Con\u00e7us pour assurer une \u00e9tanch\u00e9it\u00e9 parfaite et un nettoyage facile, ils r\u00e9pondent aux normes ASME A270 & 3A.\",\"breadcrumb\":{\"@id\":\"https:\\\/\\\/www.zytho.ca\\\/fr\\\/produit\\\/joints-perfores-40mp-tri-clamp-dixon\\\/#breadcrumb\"},\"inLanguage\":\"fr-FR\",\"potentialAction\":[{\"@type\":\"ReadAction\",\"target\":[\"https:\\\/\\\/www.zytho.ca\\\/fr\\\/produit\\\/joints-perfores-40mp-tri-clamp-dixon\\\/\"]}]},{\"@type\":\"ImageObject\",\"inLanguage\":\"fr-FR\",\"@id\":\"https:\\\/\\\/www.zytho.ca\\\/fr\\\/produit\\\/joints-perfores-40mp-tri-clamp-dixon\\\/#primaryimage\",\"url\":\"https:\\\/\\\/www.zytho.ca\\\/wp-content\\\/uploads\\\/2025\\\/10\\\/40MP-Tri-Clamp-Perforated-Gaskets-Dixon.jpg\",\"contentUrl\":\"https:\\\/\\\/www.zytho.ca\\\/wp-content\\\/uploads\\\/2025\\\/10\\\/40MP-Tri-Clamp-Perforated-Gaskets-Dixon.jpg\",\"width\":314,\"height\":314},{\"@type\":\"BreadcrumbList\",\"@id\":\"https:\\\/\\\/www.zytho.ca\\\/fr\\\/produit\\\/joints-perfores-40mp-tri-clamp-dixon\\\/#breadcrumb\",\"itemListElement\":[{\"@type\":\"ListItem\",\"position\":1,\"name\":\"Accueil\",\"item\":\"https:\\\/\\\/www.zytho.ca\\\/fr\\\/\"},{\"@type\":\"ListItem\",\"position\":2,\"name\":\"Shop\",\"item\":\"https:\\\/\\\/www.zytho.ca\\\/fr\\\/shop\\\/\"},{\"@type\":\"ListItem\",\"position\":3,\"name\":\"Joints perfor\u00e9s 40MP Tri-Clamp &#8211; Dixon\"}]},{\"@type\":\"WebSite\",\"@id\":\"https:\\\/\\\/www.zytho.ca\\\/fr\\\/#website\",\"url\":\"https:\\\/\\\/www.zytho.ca\\\/fr\\\/\",\"name\":\"Zytho\",\"description\":\"\",\"publisher\":{\"@id\":\"https:\\\/\\\/www.zytho.ca\\\/fr\\\/#organization\"},\"potentialAction\":[{\"@type\":\"SearchAction\",\"target\":{\"@type\":\"EntryPoint\",\"urlTemplate\":\"https:\\\/\\\/www.zytho.ca\\\/fr\\\/?s={search_term_string}\"},\"query-input\":{\"@type\":\"PropertyValueSpecification\",\"valueRequired\":true,\"valueName\":\"search_term_string\"}}],\"inLanguage\":\"fr-FR\"},{\"@type\":\"Organization\",\"@id\":\"https:\\\/\\\/www.zytho.ca\\\/fr\\\/#organization\",\"name\":\"Zytho\",\"url\":\"https:\\\/\\\/www.zytho.ca\\\/fr\\\/\",\"logo\":{\"@type\":\"ImageObject\",\"inLanguage\":\"fr-FR\",\"@id\":\"https:\\\/\\\/www.zytho.ca\\\/fr\\\/#\\\/schema\\\/logo\\\/image\\\/\",\"url\":\"https:\\\/\\\/www.zytho.ca\\\/wp-content\\\/uploads\\\/2024\\\/05\\\/Zytho_reversed_horizontal.svg\",\"contentUrl\":\"https:\\\/\\\/www.zytho.ca\\\/wp-content\\\/uploads\\\/2024\\\/05\\\/Zytho_reversed_horizontal.svg\",\"width\":1582,\"height\":490,\"caption\":\"Zytho\"},\"image\":{\"@id\":\"https:\\\/\\\/www.zytho.ca\\\/fr\\\/#\\\/schema\\\/logo\\\/image\\\/\"}}]}<\/script>\n<!-- \/ Yoast SEO plugin. -->","yoast_head_json":{"title":"40MP Tri-Clamp Joints perfor\u00e9s - Dixon - Pour brasseries professionnelles | Zytho","description":"Optimisez l'hygi\u00e8ne de votre brasserie avec les joints perfor\u00e9s 40MP Tri-Clamp de Dixon. Con\u00e7us pour assurer une \u00e9tanch\u00e9it\u00e9 parfaite et un nettoyage facile, ils r\u00e9pondent aux normes ASME A270 & 3A.","robots":{"index":"index","follow":"follow","max-snippet":"max-snippet:-1","max-image-preview":"max-image-preview:large","max-video-preview":"max-video-preview:-1"},"canonical":"https:\/\/www.zytho.ca\/fr\/produit\/joints-perfores-40mp-tri-clamp-dixon\/","og_locale":"fr_FR","og_type":"article","og_title":"40MP Tri-Clamp Joints perfor\u00e9s - Dixon - Pour brasseries professionnelles | Zytho","og_description":"Optimisez l'hygi\u00e8ne de votre brasserie avec les joints perfor\u00e9s 40MP Tri-Clamp de Dixon. Con\u00e7us pour assurer une \u00e9tanch\u00e9it\u00e9 parfaite et un nettoyage facile, ils r\u00e9pondent aux normes ASME A270 & 3A.","og_url":"https:\/\/www.zytho.ca\/fr\/produit\/joints-perfores-40mp-tri-clamp-dixon\/","og_site_name":"Zytho","og_image":[{"width":314,"height":314,"url":"https:\/\/www.zytho.ca\/wp-content\/uploads\/2025\/10\/40MP-Tri-Clamp-Perforated-Gaskets-Dixon.jpg","type":"image\/jpeg"}],"twitter_card":"summary_large_image","twitter_misc":{"Dur\u00e9e de lecture estim\u00e9e":"1 minute"},"schema":{"@context":"https:\/\/schema.org","@graph":[{"@type":"WebPage","@id":"https:\/\/www.zytho.ca\/fr\/produit\/joints-perfores-40mp-tri-clamp-dixon\/","url":"https:\/\/www.zytho.ca\/fr\/produit\/joints-perfores-40mp-tri-clamp-dixon\/","name":"40MP Tri-Clamp Joints perfor\u00e9s - Dixon - Pour brasseries professionnelles | Zytho","isPartOf":{"@id":"https:\/\/www.zytho.ca\/fr\/#website"},"primaryImageOfPage":{"@id":"https:\/\/www.zytho.ca\/fr\/produit\/joints-perfores-40mp-tri-clamp-dixon\/#primaryimage"},"image":{"@id":"https:\/\/www.zytho.ca\/fr\/produit\/joints-perfores-40mp-tri-clamp-dixon\/#primaryimage"},"thumbnailUrl":"https:\/\/www.zytho.ca\/wp-content\/uploads\/2025\/10\/40MP-Tri-Clamp-Perforated-Gaskets-Dixon.jpg","datePublished":"2025-10-27T15:45:17+00:00","description":"Optimisez l'hygi\u00e8ne de votre brasserie avec les joints perfor\u00e9s 40MP Tri-Clamp de Dixon. Con\u00e7us pour assurer une \u00e9tanch\u00e9it\u00e9 parfaite et un nettoyage facile, ils r\u00e9pondent aux normes ASME A270 & 3A.","breadcrumb":{"@id":"https:\/\/www.zytho.ca\/fr\/produit\/joints-perfores-40mp-tri-clamp-dixon\/#breadcrumb"},"inLanguage":"fr-FR","potentialAction":[{"@type":"ReadAction","target":["https:\/\/www.zytho.ca\/fr\/produit\/joints-perfores-40mp-tri-clamp-dixon\/"]}]},{"@type":"ImageObject","inLanguage":"fr-FR","@id":"https:\/\/www.zytho.ca\/fr\/produit\/joints-perfores-40mp-tri-clamp-dixon\/#primaryimage","url":"https:\/\/www.zytho.ca\/wp-content\/uploads\/2025\/10\/40MP-Tri-Clamp-Perforated-Gaskets-Dixon.jpg","contentUrl":"https:\/\/www.zytho.ca\/wp-content\/uploads\/2025\/10\/40MP-Tri-Clamp-Perforated-Gaskets-Dixon.jpg","width":314,"height":314},{"@type":"BreadcrumbList","@id":"https:\/\/www.zytho.ca\/fr\/produit\/joints-perfores-40mp-tri-clamp-dixon\/#breadcrumb","itemListElement":[{"@type":"ListItem","position":1,"name":"Accueil","item":"https:\/\/www.zytho.ca\/fr\/"},{"@type":"ListItem","position":2,"name":"Shop","item":"https:\/\/www.zytho.ca\/fr\/shop\/"},{"@type":"ListItem","position":3,"name":"Joints perfor\u00e9s 40MP Tri-Clamp &#8211; Dixon"}]},{"@type":"WebSite","@id":"https:\/\/www.zytho.ca\/fr\/#website","url":"https:\/\/www.zytho.ca\/fr\/","name":"Zytho","description":"","publisher":{"@id":"https:\/\/www.zytho.ca\/fr\/#organization"},"potentialAction":[{"@type":"SearchAction","target":{"@type":"EntryPoint","urlTemplate":"https:\/\/www.zytho.ca\/fr\/?s={search_term_string}"},"query-input":{"@type":"PropertyValueSpecification","valueRequired":true,"valueName":"search_term_string"}}],"inLanguage":"fr-FR"},{"@type":"Organization","@id":"https:\/\/www.zytho.ca\/fr\/#organization","name":"Zytho","url":"https:\/\/www.zytho.ca\/fr\/","logo":{"@type":"ImageObject","inLanguage":"fr-FR","@id":"https:\/\/www.zytho.ca\/fr\/#\/schema\/logo\/image\/","url":"https:\/\/www.zytho.ca\/wp-content\/uploads\/2024\/05\/Zytho_reversed_horizontal.svg","contentUrl":"https:\/\/www.zytho.ca\/wp-content\/uploads\/2024\/05\/Zytho_reversed_horizontal.svg","width":1582,"height":490,"caption":"Zytho"},"image":{"@id":"https:\/\/www.zytho.ca\/fr\/#\/schema\/logo\/image\/"}}]}},"_links":{"self":[{"href":"https:\/\/www.zytho.ca\/fr\/wp-json\/wp\/v2\/product\/13101","targetHints":{"allow":["GET"]}}],"collection":[{"href":"https:\/\/www.zytho.ca\/fr\/wp-json\/wp\/v2\/product"}],"about":[{"href":"https:\/\/www.zytho.ca\/fr\/wp-json\/wp\/v2\/types\/product"}],"wp:featuredmedia":[{"embeddable":true,"href":"https:\/\/www.zytho.ca\/fr\/wp-json\/wp\/v2\/media\/13102"}],"wp:attachment":[{"href":"https:\/\/www.zytho.ca\/fr\/wp-json\/wp\/v2\/media?parent=13101"}],"wp:term":[{"taxonomy":"product_brand","embeddable":true,"href":"https:\/\/www.zytho.ca\/fr\/wp-json\/wp\/v2\/product_brand?post=13101"},{"taxonomy":"product_cat","embeddable":true,"href":"https:\/\/www.zytho.ca\/fr\/wp-json\/wp\/v2\/product_cat?post=13101"},{"taxonomy":"product_tag","embeddable":true,"href":"https:\/\/www.zytho.ca\/fr\/wp-json\/wp\/v2\/product_tag?post=13101"}],"curies":[{"name":"wp","href":"https:\/\/api.w.org\/{rel}","templated":true}]}}