{"id":13045,"date":"2025-10-27T15:45:35","date_gmt":"2025-10-27T15:45:35","guid":{"rendered":"https:\/\/zytho.ca\/product\/t2cm-high-purity-biopharm-90-clamp-x-weld-elows-dixon\/"},"modified":"2025-10-27T15:45:35","modified_gmt":"2025-10-27T15:45:35","slug":"t2cm-high-purity-biopharm-90-clamp-x-weld-elows-dixon","status":"publish","type":"product","link":"https:\/\/www.zytho.ca\/fr\/produit\/t2cm-high-purity-biopharm-90-clamp-x-weld-elows-dixon\/","title":{"rendered":"T2CM High Purity BioPharm 90\u00b0 Clamp x Weld Elows &#8211; Dixon"},"content":{"rendered":"<h6><strong>T2CM High Purity BioPharm 90\u00b0 Clamp x Weld Elows for Sanitary Applications (coudes \u00e0 souder \u00e0 90\u00b0 pour applications sanitaires)<\/strong><\/h6>\n<h6><strong>Avantages :<\/strong><\/h6>\n<ul>\n<li>Fabriqu\u00e9 en <strong>acier inoxydable 316L<\/strong> avec une teneur en soufre contr\u00f4l\u00e9e, assurant une r\u00e9sistance \u00e0 la corrosion et une soudabilit\u00e9 optimales.<\/li>\n<li>Con\u00e7us pour des <strong>applications de haute puret\u00e9<\/strong> dans les secteurs de la pharmacie, des bioproc\u00e9d\u00e9s, des semi-conducteurs, des cosm\u00e9tiques, de l&#8217;agroalimentaire et des boissons.<\/li>\n<li>Conforme \u00e0 la <strong>norme internationale ASME BPE<\/strong> et aux <strong>normes sanitaires 3-A<\/strong> pour les \u00e9quipements de bioproc\u00e9d\u00e9s, garantissant la conformit\u00e9 avec les r\u00e9glementations industrielles.<\/li>\n<li>Propos\u00e9 en <strong>finition PL SF1<\/strong> (OD=32 Ra, ID=20 Ra) ou <strong>PM SF4<\/strong> (OD=32 Ra, ID=15 Ra) pour r\u00e9pondre \u00e0 diverses sp\u00e9cifications de finition de surface.<\/li>\n<li>Le marquage des produits est conforme \u00e0 la <strong>norme ASME BPE 2012 DT-10.1<\/strong>, y compris le num\u00e9ro de commande, 316L, le num\u00e9ro de pi\u00e8ce, le(s) num\u00e9ro(s) de chauffe, le code de finition de surface et la conformit\u00e9 \u00e0 la norme ASME BPE.<\/li>\n<\/ul>\n<p>Les <strong>coudes \u00e0 90\u00b0 Clamp x Weld T2CM High Purity BioPharm<\/strong> sont m\u00e9ticuleusement con\u00e7us pour les syst\u00e8mes de traitement de haute puret\u00e9 qui font partie int\u00e9grante des industries telles que l&#8217;<strong>industrie pharmaceutique, les bioproc\u00e9d\u00e9s, les semi-conducteurs, les cosm\u00e9tiques, l&#8217;industrie alimentaire et les boissons<\/strong>. Ces coudes facilitent les transitions directionnelles sans rupture dans les syst\u00e8mes de tuyauterie tout en pr\u00e9servant l&#8217;int\u00e9grit\u00e9 et la puret\u00e9 essentielles pour les applications critiques. <\/p>\n<p>Fabriqu\u00e9s en <strong>acier inoxydable 316L<\/strong>, ces raccords sont conformes \u00e0 toutes les <strong>sp\u00e9cifications de soudage orbital<\/strong> et pr\u00e9sentent une teneur en soufre contr\u00f4l\u00e9e, ce qui garantit leur compatibilit\u00e9 avec les syst\u00e8mes de haute puret\u00e9. Disponibles en <strong>finition PL SF1<\/strong> (OD=32 Ra, ID=20 Ra) ou <strong>PM SF4<\/strong> (OD=32 Ra, ID=15 Ra), ils offrent des solutions pour r\u00e9pondre \u00e0 diverses exigences en mati\u00e8re de finition de surface. <\/p>\n<p>Tous les raccords sont conformes \u00e0 la derni\u00e8re <strong>norme internationale ASME BPE pour les \u00e9quipements de bioproc\u00e9d\u00e9s<\/strong> et aux <strong>normes sanitaires 3-A pour les raccords sanitaires, num\u00e9ro 63-03 (autorisation num\u00e9ro 621<\/strong>), ce qui garantit qu&#8217;ils r\u00e9pondent aux normes les plus strictes pour les applications sanitaires.<\/p>\n<h6><strong>D\u00e9tails du produit :<\/strong><\/h6>\n<ul>\n<li><strong>Page de catalogue<\/strong>: <a href=\"https:\/\/www.dixonvalve.com\/sites\/default\/files\/product\/pages\/us\/DPL418%20-%20625.pdf\">DPL418 &#8211; 625<\/a><\/li>\n<li><strong>Certifications<\/strong>: <a href=\"https:\/\/www.dixonvalve.com\/sites\/default\/files\/product\/certifications\/621%2063-04-2020.pdf\">Certificat 3A<\/a><\/li>\n<li><strong>Dimensions<\/strong>: <a href=\"https:\/\/www.dixonvalve.com\/sites\/default\/files\/product\/files\/dimensional-specs\/T2CM-050PL.PDF\">Sp\u00e9cifications dimensionnelles<\/a><\/li>\n<\/ul>\n<h6><strong>Note :<\/strong><\/h6>\n<ul>\n<li>Les <strong>certifications MTR (Material Test Report)<\/strong> sont incluses dans le sachet refermable accompagnant chaque raccord et sont tra\u00e7ables gr\u00e2ce au num\u00e9ro de commande figurant sur chaque raccord.<\/li>\n<li>Tous les raccords sont munis d&#8217;un capuchon pour \u00e9viter les dommages et la contamination ; les raccords de <strong>finition PL<\/strong> ont des capuchons bleus, et les raccords de <strong>finition PM<\/strong> ont des capuchons blancs pour faciliter l&#8217;identification.<\/li>\n<li>Le marquage des produits peut varier en fonction de la taille du raccord en raison de l&#8217;espace disponible.<\/li>\n<\/ul>\n<p>Les <strong>coudes \u00e0 90\u00b0 Clamp x Weld T2CM High Purity BioPharm<\/strong> offrent des solutions fiables et de haute qualit\u00e9 pour les syst\u00e8mes de tuyauterie sanitaire, garantissant le respect des normes industrielles strictes et le maintien de la puret\u00e9 requise dans les environnements de traitement critiques.<\/p>\n","protected":false},"excerpt":{"rendered":"<h4>Principaux avantages des coudes 90\u00b0 Clamp x Weld de T2CM High Purity BioPharm pour les brasseurs professionnels<\/h4>\n<ul>\n<li>Construit en acier inoxydable 316L pour une r\u00e9sistance sup\u00e9rieure \u00e0 la corrosion et \u00e0 la soudure, garantissant des performances durables dans les environnements de brassage.<\/li>\n<li>Conforme aux normes sanitaires ASME BPE et 3-A, garantissant le respect des r\u00e9glementations industrielles pour les applications sanitaires.<\/li>\n<li>Disponible en deux finitions de surface (PL Finish SF1 et PM Finish SF4) pour r\u00e9pondre aux exigences sp\u00e9cifiques du processus de brassage.<\/li>\n<\/ul>\n","protected":false},"featured_media":13075,"template":"","meta":{"_acf_changed":false,"inline_featured_image":false},"product_brand":[740],"product_cat":[736,741,765],"product_tag":[796],"class_list":{"0":"post-13045","1":"product","2":"type-product","3":"status-publish","4":"has-post-thumbnail","6":"product_brand-dixon","7":"product_cat-distribution","8":"product_cat-materiel","9":"product_cat-raccords-sanitaires","10":"product_tag-pharmacie","12":"first","13":"instock","14":"taxable","15":"shipping-taxable","16":"purchasable","17":"product-type-variable"},"acf":[],"yoast_head":"<!-- This site is optimized with the Yoast SEO plugin v27.6 - https:\/\/yoast.com\/product\/yoast-seo-wordpress\/ -->\n<title>T2CM High Purity BioPharm 90\u00b0 Clamp x Weld Elows - Dixon - For Pro Breweries | Zytho<\/title>\n<meta name=\"description\" content=\"Am\u00e9liorez la tuyauterie sanitaire de votre brasserie avec les coudes 90\u00b0 Clamp x Weld T2CM High Purity BioPharm de Dixon. Fabriqu\u00e9s en acier inoxydable 316L, ces coudes garantissent une puret\u00e9 optimale et la conformit\u00e9 aux normes de l&#039;industrie, ce qui est parfait pour maintenir l&#039;int\u00e9grit\u00e9 de votre processus de brassage.\" \/>\n<meta name=\"robots\" content=\"index, follow, max-snippet:-1, max-image-preview:large, max-video-preview:-1\" \/>\n<link rel=\"canonical\" href=\"https:\/\/www.zytho.ca\/fr\/produit\/t2cm-high-purity-biopharm-90-clamp-x-weld-elows-dixon\/\" \/>\n<meta property=\"og:locale\" content=\"fr_FR\" \/>\n<meta property=\"og:type\" content=\"article\" \/>\n<meta property=\"og:title\" content=\"T2CM High Purity BioPharm 90\u00b0 Clamp x Weld Elows - Dixon - For Pro Breweries | Zytho\" \/>\n<meta property=\"og:description\" content=\"Am\u00e9liorez la tuyauterie sanitaire de votre brasserie avec les coudes 90\u00b0 Clamp x Weld T2CM High Purity BioPharm de Dixon. Fabriqu\u00e9s en acier inoxydable 316L, ces coudes garantissent une puret\u00e9 optimale et la conformit\u00e9 aux normes de l&#039;industrie, ce qui est parfait pour maintenir l&#039;int\u00e9grit\u00e9 de votre processus de brassage.\" \/>\n<meta property=\"og:url\" content=\"https:\/\/www.zytho.ca\/fr\/produit\/t2cm-high-purity-biopharm-90-clamp-x-weld-elows-dixon\/\" \/>\n<meta property=\"og:site_name\" content=\"Zytho\" \/>\n<meta property=\"og:image\" content=\"https:\/\/www.zytho.ca\/wp-content\/uploads\/2025\/10\/T2CM-High-Purity-BioPharm-90deg-Clamp-x-Weld-Elbows-Dixon.jpg\" \/>\n\t<meta property=\"og:image:width\" content=\"598\" \/>\n\t<meta property=\"og:image:height\" content=\"598\" \/>\n\t<meta property=\"og:image:type\" content=\"image\/jpeg\" \/>\n<meta name=\"twitter:card\" content=\"summary_large_image\" \/>\n<meta name=\"twitter:label1\" content=\"Dur\u00e9e de lecture estim\u00e9e\" \/>\n\t<meta name=\"twitter:data1\" content=\"3 minutes\" \/>\n<script type=\"application\/ld+json\" class=\"yoast-schema-graph\">{\"@context\":\"https:\\\/\\\/schema.org\",\"@graph\":[{\"@type\":\"WebPage\",\"@id\":\"https:\\\/\\\/www.zytho.ca\\\/fr\\\/produit\\\/t2cm-high-purity-biopharm-90-clamp-x-weld-elows-dixon\\\/\",\"url\":\"https:\\\/\\\/www.zytho.ca\\\/fr\\\/produit\\\/t2cm-high-purity-biopharm-90-clamp-x-weld-elows-dixon\\\/\",\"name\":\"T2CM High Purity BioPharm 90\u00b0 Clamp x Weld Elows - Dixon - For Pro Breweries | Zytho\",\"isPartOf\":{\"@id\":\"https:\\\/\\\/www.zytho.ca\\\/fr\\\/#website\"},\"primaryImageOfPage\":{\"@id\":\"https:\\\/\\\/www.zytho.ca\\\/fr\\\/produit\\\/t2cm-high-purity-biopharm-90-clamp-x-weld-elows-dixon\\\/#primaryimage\"},\"image\":{\"@id\":\"https:\\\/\\\/www.zytho.ca\\\/fr\\\/produit\\\/t2cm-high-purity-biopharm-90-clamp-x-weld-elows-dixon\\\/#primaryimage\"},\"thumbnailUrl\":\"https:\\\/\\\/www.zytho.ca\\\/wp-content\\\/uploads\\\/2025\\\/10\\\/T2CM-High-Purity-BioPharm-90deg-Clamp-x-Weld-Elbows-Dixon.jpg\",\"datePublished\":\"2025-10-27T15:45:35+00:00\",\"description\":\"Am\u00e9liorez la tuyauterie sanitaire de votre brasserie avec les coudes 90\u00b0 Clamp x Weld T2CM High Purity BioPharm de Dixon. Fabriqu\u00e9s en acier inoxydable 316L, ces coudes garantissent une puret\u00e9 optimale et la conformit\u00e9 aux normes de l'industrie, ce qui est parfait pour maintenir l'int\u00e9grit\u00e9 de votre processus de brassage.\",\"breadcrumb\":{\"@id\":\"https:\\\/\\\/www.zytho.ca\\\/fr\\\/produit\\\/t2cm-high-purity-biopharm-90-clamp-x-weld-elows-dixon\\\/#breadcrumb\"},\"inLanguage\":\"fr-FR\",\"potentialAction\":[{\"@type\":\"ReadAction\",\"target\":[\"https:\\\/\\\/www.zytho.ca\\\/fr\\\/produit\\\/t2cm-high-purity-biopharm-90-clamp-x-weld-elows-dixon\\\/\"]}]},{\"@type\":\"ImageObject\",\"inLanguage\":\"fr-FR\",\"@id\":\"https:\\\/\\\/www.zytho.ca\\\/fr\\\/produit\\\/t2cm-high-purity-biopharm-90-clamp-x-weld-elows-dixon\\\/#primaryimage\",\"url\":\"https:\\\/\\\/www.zytho.ca\\\/wp-content\\\/uploads\\\/2025\\\/10\\\/T2CM-High-Purity-BioPharm-90deg-Clamp-x-Weld-Elbows-Dixon.jpg\",\"contentUrl\":\"https:\\\/\\\/www.zytho.ca\\\/wp-content\\\/uploads\\\/2025\\\/10\\\/T2CM-High-Purity-BioPharm-90deg-Clamp-x-Weld-Elbows-Dixon.jpg\",\"width\":598,\"height\":598},{\"@type\":\"BreadcrumbList\",\"@id\":\"https:\\\/\\\/www.zytho.ca\\\/fr\\\/produit\\\/t2cm-high-purity-biopharm-90-clamp-x-weld-elows-dixon\\\/#breadcrumb\",\"itemListElement\":[{\"@type\":\"ListItem\",\"position\":1,\"name\":\"Accueil\",\"item\":\"https:\\\/\\\/www.zytho.ca\\\/fr\\\/\"},{\"@type\":\"ListItem\",\"position\":2,\"name\":\"Shop\",\"item\":\"https:\\\/\\\/www.zytho.ca\\\/fr\\\/shop\\\/\"},{\"@type\":\"ListItem\",\"position\":3,\"name\":\"T2CM High Purity BioPharm 90\u00b0 Clamp x Weld Elows &#8211; Dixon\"}]},{\"@type\":\"WebSite\",\"@id\":\"https:\\\/\\\/www.zytho.ca\\\/fr\\\/#website\",\"url\":\"https:\\\/\\\/www.zytho.ca\\\/fr\\\/\",\"name\":\"Zytho\",\"description\":\"\",\"publisher\":{\"@id\":\"https:\\\/\\\/www.zytho.ca\\\/fr\\\/#organization\"},\"potentialAction\":[{\"@type\":\"SearchAction\",\"target\":{\"@type\":\"EntryPoint\",\"urlTemplate\":\"https:\\\/\\\/www.zytho.ca\\\/fr\\\/?s={search_term_string}\"},\"query-input\":{\"@type\":\"PropertyValueSpecification\",\"valueRequired\":true,\"valueName\":\"search_term_string\"}}],\"inLanguage\":\"fr-FR\"},{\"@type\":\"Organization\",\"@id\":\"https:\\\/\\\/www.zytho.ca\\\/fr\\\/#organization\",\"name\":\"Zytho\",\"url\":\"https:\\\/\\\/www.zytho.ca\\\/fr\\\/\",\"logo\":{\"@type\":\"ImageObject\",\"inLanguage\":\"fr-FR\",\"@id\":\"https:\\\/\\\/www.zytho.ca\\\/fr\\\/#\\\/schema\\\/logo\\\/image\\\/\",\"url\":\"https:\\\/\\\/www.zytho.ca\\\/wp-content\\\/uploads\\\/2024\\\/05\\\/Zytho_reversed_horizontal.svg\",\"contentUrl\":\"https:\\\/\\\/www.zytho.ca\\\/wp-content\\\/uploads\\\/2024\\\/05\\\/Zytho_reversed_horizontal.svg\",\"width\":1582,\"height\":490,\"caption\":\"Zytho\"},\"image\":{\"@id\":\"https:\\\/\\\/www.zytho.ca\\\/fr\\\/#\\\/schema\\\/logo\\\/image\\\/\"}}]}<\/script>\n<!-- \/ Yoast SEO plugin. -->","yoast_head_json":{"title":"T2CM High Purity BioPharm 90\u00b0 Clamp x Weld Elows - Dixon - For Pro Breweries | Zytho","description":"Am\u00e9liorez la tuyauterie sanitaire de votre brasserie avec les coudes 90\u00b0 Clamp x Weld T2CM High Purity BioPharm de Dixon. Fabriqu\u00e9s en acier inoxydable 316L, ces coudes garantissent une puret\u00e9 optimale et la conformit\u00e9 aux normes de l'industrie, ce qui est parfait pour maintenir l'int\u00e9grit\u00e9 de votre processus de brassage.","robots":{"index":"index","follow":"follow","max-snippet":"max-snippet:-1","max-image-preview":"max-image-preview:large","max-video-preview":"max-video-preview:-1"},"canonical":"https:\/\/www.zytho.ca\/fr\/produit\/t2cm-high-purity-biopharm-90-clamp-x-weld-elows-dixon\/","og_locale":"fr_FR","og_type":"article","og_title":"T2CM High Purity BioPharm 90\u00b0 Clamp x Weld Elows - Dixon - For Pro Breweries | Zytho","og_description":"Am\u00e9liorez la tuyauterie sanitaire de votre brasserie avec les coudes 90\u00b0 Clamp x Weld T2CM High Purity BioPharm de Dixon. Fabriqu\u00e9s en acier inoxydable 316L, ces coudes garantissent une puret\u00e9 optimale et la conformit\u00e9 aux normes de l'industrie, ce qui est parfait pour maintenir l'int\u00e9grit\u00e9 de votre processus de brassage.","og_url":"https:\/\/www.zytho.ca\/fr\/produit\/t2cm-high-purity-biopharm-90-clamp-x-weld-elows-dixon\/","og_site_name":"Zytho","og_image":[{"width":598,"height":598,"url":"https:\/\/www.zytho.ca\/wp-content\/uploads\/2025\/10\/T2CM-High-Purity-BioPharm-90deg-Clamp-x-Weld-Elbows-Dixon.jpg","type":"image\/jpeg"}],"twitter_card":"summary_large_image","twitter_misc":{"Dur\u00e9e de lecture estim\u00e9e":"3 minutes"},"schema":{"@context":"https:\/\/schema.org","@graph":[{"@type":"WebPage","@id":"https:\/\/www.zytho.ca\/fr\/produit\/t2cm-high-purity-biopharm-90-clamp-x-weld-elows-dixon\/","url":"https:\/\/www.zytho.ca\/fr\/produit\/t2cm-high-purity-biopharm-90-clamp-x-weld-elows-dixon\/","name":"T2CM High Purity BioPharm 90\u00b0 Clamp x Weld Elows - Dixon - For Pro Breweries | Zytho","isPartOf":{"@id":"https:\/\/www.zytho.ca\/fr\/#website"},"primaryImageOfPage":{"@id":"https:\/\/www.zytho.ca\/fr\/produit\/t2cm-high-purity-biopharm-90-clamp-x-weld-elows-dixon\/#primaryimage"},"image":{"@id":"https:\/\/www.zytho.ca\/fr\/produit\/t2cm-high-purity-biopharm-90-clamp-x-weld-elows-dixon\/#primaryimage"},"thumbnailUrl":"https:\/\/www.zytho.ca\/wp-content\/uploads\/2025\/10\/T2CM-High-Purity-BioPharm-90deg-Clamp-x-Weld-Elbows-Dixon.jpg","datePublished":"2025-10-27T15:45:35+00:00","description":"Am\u00e9liorez la tuyauterie sanitaire de votre brasserie avec les coudes 90\u00b0 Clamp x Weld T2CM High Purity BioPharm de Dixon. Fabriqu\u00e9s en acier inoxydable 316L, ces coudes garantissent une puret\u00e9 optimale et la conformit\u00e9 aux normes de l'industrie, ce qui est parfait pour maintenir l'int\u00e9grit\u00e9 de votre processus de brassage.","breadcrumb":{"@id":"https:\/\/www.zytho.ca\/fr\/produit\/t2cm-high-purity-biopharm-90-clamp-x-weld-elows-dixon\/#breadcrumb"},"inLanguage":"fr-FR","potentialAction":[{"@type":"ReadAction","target":["https:\/\/www.zytho.ca\/fr\/produit\/t2cm-high-purity-biopharm-90-clamp-x-weld-elows-dixon\/"]}]},{"@type":"ImageObject","inLanguage":"fr-FR","@id":"https:\/\/www.zytho.ca\/fr\/produit\/t2cm-high-purity-biopharm-90-clamp-x-weld-elows-dixon\/#primaryimage","url":"https:\/\/www.zytho.ca\/wp-content\/uploads\/2025\/10\/T2CM-High-Purity-BioPharm-90deg-Clamp-x-Weld-Elbows-Dixon.jpg","contentUrl":"https:\/\/www.zytho.ca\/wp-content\/uploads\/2025\/10\/T2CM-High-Purity-BioPharm-90deg-Clamp-x-Weld-Elbows-Dixon.jpg","width":598,"height":598},{"@type":"BreadcrumbList","@id":"https:\/\/www.zytho.ca\/fr\/produit\/t2cm-high-purity-biopharm-90-clamp-x-weld-elows-dixon\/#breadcrumb","itemListElement":[{"@type":"ListItem","position":1,"name":"Accueil","item":"https:\/\/www.zytho.ca\/fr\/"},{"@type":"ListItem","position":2,"name":"Shop","item":"https:\/\/www.zytho.ca\/fr\/shop\/"},{"@type":"ListItem","position":3,"name":"T2CM High Purity BioPharm 90\u00b0 Clamp x Weld Elows &#8211; Dixon"}]},{"@type":"WebSite","@id":"https:\/\/www.zytho.ca\/fr\/#website","url":"https:\/\/www.zytho.ca\/fr\/","name":"Zytho","description":"","publisher":{"@id":"https:\/\/www.zytho.ca\/fr\/#organization"},"potentialAction":[{"@type":"SearchAction","target":{"@type":"EntryPoint","urlTemplate":"https:\/\/www.zytho.ca\/fr\/?s={search_term_string}"},"query-input":{"@type":"PropertyValueSpecification","valueRequired":true,"valueName":"search_term_string"}}],"inLanguage":"fr-FR"},{"@type":"Organization","@id":"https:\/\/www.zytho.ca\/fr\/#organization","name":"Zytho","url":"https:\/\/www.zytho.ca\/fr\/","logo":{"@type":"ImageObject","inLanguage":"fr-FR","@id":"https:\/\/www.zytho.ca\/fr\/#\/schema\/logo\/image\/","url":"https:\/\/www.zytho.ca\/wp-content\/uploads\/2024\/05\/Zytho_reversed_horizontal.svg","contentUrl":"https:\/\/www.zytho.ca\/wp-content\/uploads\/2024\/05\/Zytho_reversed_horizontal.svg","width":1582,"height":490,"caption":"Zytho"},"image":{"@id":"https:\/\/www.zytho.ca\/fr\/#\/schema\/logo\/image\/"}}]}},"_links":{"self":[{"href":"https:\/\/www.zytho.ca\/fr\/wp-json\/wp\/v2\/product\/13045","targetHints":{"allow":["GET"]}}],"collection":[{"href":"https:\/\/www.zytho.ca\/fr\/wp-json\/wp\/v2\/product"}],"about":[{"href":"https:\/\/www.zytho.ca\/fr\/wp-json\/wp\/v2\/types\/product"}],"wp:featuredmedia":[{"embeddable":true,"href":"https:\/\/www.zytho.ca\/fr\/wp-json\/wp\/v2\/media\/13075"}],"wp:attachment":[{"href":"https:\/\/www.zytho.ca\/fr\/wp-json\/wp\/v2\/media?parent=13045"}],"wp:term":[{"taxonomy":"product_brand","embeddable":true,"href":"https:\/\/www.zytho.ca\/fr\/wp-json\/wp\/v2\/product_brand?post=13045"},{"taxonomy":"product_cat","embeddable":true,"href":"https:\/\/www.zytho.ca\/fr\/wp-json\/wp\/v2\/product_cat?post=13045"},{"taxonomy":"product_tag","embeddable":true,"href":"https:\/\/www.zytho.ca\/fr\/wp-json\/wp\/v2\/product_tag?post=13045"}],"curies":[{"name":"wp","href":"https:\/\/api.w.org\/{rel}","templated":true}]}}