{"id":13026,"date":"2025-10-27T15:45:17","date_gmt":"2025-10-27T15:45:17","guid":{"rendered":"https:\/\/zytho.ca\/product\/40mpf-tri-clamp-joints-a-brides-dixon\/"},"modified":"2025-10-27T15:45:17","modified_gmt":"2025-10-27T15:45:17","slug":"40mpf-tri-clamp-joints-a-brides-dixon","status":"publish","type":"product","link":"https:\/\/www.zytho.ca\/fr\/produit\/40mpf-tri-clamp-joints-a-brides-dixon\/","title":{"rendered":"40MPF Tri-Clamp joints \u00e0 brides &#8211; Dixon"},"content":{"rendered":"<h6><strong>40MPF Tri-Clamp Flanged Gaskets &#8211; \u00c9tanch\u00e9it\u00e9 fiable pour les syst\u00e8mes de tuyauterie sanitaire<\/strong><\/h6>\n<p>Les <strong>joints \u00e0 bride Tri-Clamp 40MPF<\/strong> sont con\u00e7us pour assurer une \u00e9tanch\u00e9it\u00e9 fiable et hygi\u00e9nique des <strong>raccords Tri-Clamp<\/strong> dans les <strong>secteurs de l&#8217;alimentation, des boissons, de la biotechnologie et de la pharmacie<\/strong>. Ces joints sont con\u00e7us pour faciliter une connexion propre et efficace, avec une <g id=\"gid_3\">l\u00e8vre (enveloppe)<\/g> qui les s\u00e9curise lors de l&#8217;installation, surpassant ainsi les joints standards. Disponibles en <strong>Buna-N, EPDM, FKM (Viton), PTFE<\/strong> et <strong>silicone<\/strong>, ils offrent des choix de mat\u00e9riaux polyvalents adapt\u00e9s \u00e0 diverses applications.  <\/p>\n<h6><strong>Avantages :<\/strong><\/h6>\n<ul>\n<li>Certifi\u00e9 conforme aux <strong>normes sanitaires<\/strong> <strong>ASME A270<\/strong> et <strong>3A<\/strong> pour les applications sanitaires.<\/li>\n<li>Con\u00e7ue avec une <strong>l\u00e8vre (enveloppe)<\/strong> pour assurer une bonne fixation, en particulier pour les raccords de grande taille.<\/li>\n<li>Id\u00e9al pour une utilisation dans les syst\u00e8mes de tuyauterie pour <strong>l&#8217;alimentation, les boissons, la biotechnologie et les produits pharmaceutiques<\/strong>.<\/li>\n<li>Disponibles en plusieurs mat\u00e9riaux : <strong>Buna-N, EPDM, FKM (Viton), PTFE<\/strong> et <strong>silicone<\/strong>.<\/li>\n<\/ul>\n<p>Les <strong>joints \u00e0 bride Tri-Clamp 40MPF<\/strong> sont fabriqu\u00e9s \u00e0 partir de <strong>mat\u00e9riaux conformes \u00e0 la FDA<\/strong> et respectent des normes industrielles strictes, notamment les <strong>normes sanitaires<\/strong> <strong>ASME A270<\/strong> et <strong>3A<\/strong>. Ces joints sont optimaux pour les <strong>syst\u00e8mes de tuyauterie sanitaire<\/strong>, offrant une connexion facile \u00e0 nettoyer et aidant \u00e0 pr\u00e9venir la contamination dans les environnements critiques. <\/p>\n<h6><strong>D\u00e9tails du produit :<\/strong><\/h6>\n<ul>\n<li><strong>Options de mat\u00e9riaux<\/strong>: Buna-N, EPDM, FKM (Viton), PTFE, Silicone<\/li>\n<li><strong>Conformit\u00e9<\/strong>: Conforme \u00e0 la norme 21CFR 177.2600<\/li>\n<li><strong>Construction<\/strong>: Durci au peroxyde<\/li>\n<li><strong>Test<\/strong>: Test de cytotoxicit\u00e9 U.S.P. classe VI r\u00e9ussi<\/li>\n<li><strong>Remarque<\/strong>: il n&#8217;est pas recommand\u00e9 de l&#8217;utiliser avec des colliers boulonn\u00e9s.<\/li>\n<\/ul>\n<p>Les <strong>joints \u00e0 bride Tri-Clamp 40MPF<\/strong> sont m\u00e9ticuleusement con\u00e7us pour assurer une \u00e9tanch\u00e9it\u00e9 fiable et sanitaire dans les environnements de traitement exigeants, garantissant ainsi le fonctionnement efficace et hygi\u00e9nique de vos syst\u00e8mes de tuyauterie.<\/p>\n","protected":false},"excerpt":{"rendered":"<h4>Scellage fiable et hygi\u00e9nique pour les syst\u00e8mes de brassage professionnels<\/h4>\n<ul>\n<li>Garantit un scellement s\u00fbr et sanitaire, certifi\u00e9 selon les normes sanitaires ASME A270 et 3A.<\/li>\n<li>Disponible dans plusieurs mat\u00e9riaux conformes \u00e0 la FDA, id\u00e9al pour diverses applications de brassage.<\/li>\n<li>La conception de la l\u00e8vre permet un ajustement s\u00fbr, am\u00e9liorant les performances dans les raccords plus importants.<\/li>\n<\/ul>\n","protected":false},"featured_media":13029,"template":"","meta":{"_acf_changed":false,"inline_featured_image":false},"product_brand":[740],"product_cat":[736,741,753],"product_tag":[763,754,762,755,756,760,759,758,757,761],"class_list":{"0":"post-13026","1":"product","2":"type-product","3":"status-publish","4":"has-post-thumbnail","6":"product_brand-dixon","7":"product_cat-distribution","8":"product_cat-materiel","9":"product_cat-raccords-tri-clamp","10":"product_tag-acier-inoxydable","11":"product_tag-brasserie","12":"product_tag-cave","13":"product_tag-distillerie","14":"product_tag-inoxydable","15":"product_tag-raccord-tri-clamp","16":"product_tag-raccords-tri-clamp","17":"product_tag-tri-clamp","18":"product_tag-tri-clamp-en-acier-inoxydable","19":"product_tag-triclamp","20":"pa_colour-blanche","21":"pa_colour-claire","22":"pa_colour-noire","24":"first","25":"instock","26":"taxable","27":"shipping-taxable","28":"purchasable","29":"product-type-variable"},"acf":[],"yoast_head":"<!-- This site is optimized with the Yoast SEO plugin v27.6 - https:\/\/yoast.com\/product\/yoast-seo-wordpress\/ -->\n<title>40MPF Tri-Clamp Flanged Gaskets - Dixon - For Pro Breweries | Zytho<\/title>\n<meta name=\"description\" content=\"Assurez l&#039;\u00e9tanch\u00e9it\u00e9 sanitaire de votre brasserie avec les joints \u00e0 bride Tri-Clamp 40MPF. Certifi\u00e9s pour les normes ASME A270 et 3A, ils sont disponibles en plusieurs mat\u00e9riaux pour une utilisation polyvalente.\" \/>\n<meta name=\"robots\" content=\"index, follow, max-snippet:-1, max-image-preview:large, max-video-preview:-1\" \/>\n<link rel=\"canonical\" href=\"https:\/\/www.zytho.ca\/fr\/produit\/40mpf-tri-clamp-joints-a-brides-dixon\/\" \/>\n<meta property=\"og:locale\" content=\"fr_FR\" \/>\n<meta property=\"og:type\" content=\"article\" \/>\n<meta property=\"og:title\" content=\"40MPF Tri-Clamp Flanged Gaskets - Dixon - For Pro Breweries | Zytho\" \/>\n<meta property=\"og:description\" content=\"Assurez l&#039;\u00e9tanch\u00e9it\u00e9 sanitaire de votre brasserie avec les joints \u00e0 bride Tri-Clamp 40MPF. Certifi\u00e9s pour les normes ASME A270 et 3A, ils sont disponibles en plusieurs mat\u00e9riaux pour une utilisation polyvalente.\" \/>\n<meta property=\"og:url\" content=\"https:\/\/www.zytho.ca\/fr\/produit\/40mpf-tri-clamp-joints-a-brides-dixon\/\" \/>\n<meta property=\"og:site_name\" content=\"Zytho\" \/>\n<meta property=\"og:image\" content=\"https:\/\/www.zytho.ca\/wp-content\/uploads\/2025\/10\/40MPF-Tri-Clamp-Flanged-Gaskets-Dixon.jpg\" \/>\n\t<meta property=\"og:image:width\" content=\"423\" \/>\n\t<meta property=\"og:image:height\" content=\"423\" \/>\n\t<meta property=\"og:image:type\" content=\"image\/jpeg\" \/>\n<meta name=\"twitter:card\" content=\"summary_large_image\" \/>\n<meta name=\"twitter:label1\" content=\"Dur\u00e9e de lecture estim\u00e9e\" \/>\n\t<meta name=\"twitter:data1\" content=\"2 minutes\" \/>\n<script type=\"application\/ld+json\" class=\"yoast-schema-graph\">{\"@context\":\"https:\\\/\\\/schema.org\",\"@graph\":[{\"@type\":\"WebPage\",\"@id\":\"https:\\\/\\\/www.zytho.ca\\\/fr\\\/produit\\\/40mpf-tri-clamp-joints-a-brides-dixon\\\/\",\"url\":\"https:\\\/\\\/www.zytho.ca\\\/fr\\\/produit\\\/40mpf-tri-clamp-joints-a-brides-dixon\\\/\",\"name\":\"40MPF Tri-Clamp Flanged Gaskets - Dixon - For Pro Breweries | Zytho\",\"isPartOf\":{\"@id\":\"https:\\\/\\\/www.zytho.ca\\\/fr\\\/#website\"},\"primaryImageOfPage\":{\"@id\":\"https:\\\/\\\/www.zytho.ca\\\/fr\\\/produit\\\/40mpf-tri-clamp-joints-a-brides-dixon\\\/#primaryimage\"},\"image\":{\"@id\":\"https:\\\/\\\/www.zytho.ca\\\/fr\\\/produit\\\/40mpf-tri-clamp-joints-a-brides-dixon\\\/#primaryimage\"},\"thumbnailUrl\":\"https:\\\/\\\/www.zytho.ca\\\/wp-content\\\/uploads\\\/2025\\\/10\\\/40MPF-Tri-Clamp-Flanged-Gaskets-Dixon.jpg\",\"datePublished\":\"2025-10-27T15:45:17+00:00\",\"description\":\"Assurez l'\u00e9tanch\u00e9it\u00e9 sanitaire de votre brasserie avec les joints \u00e0 bride Tri-Clamp 40MPF. Certifi\u00e9s pour les normes ASME A270 et 3A, ils sont disponibles en plusieurs mat\u00e9riaux pour une utilisation polyvalente.\",\"breadcrumb\":{\"@id\":\"https:\\\/\\\/www.zytho.ca\\\/fr\\\/produit\\\/40mpf-tri-clamp-joints-a-brides-dixon\\\/#breadcrumb\"},\"inLanguage\":\"fr-FR\",\"potentialAction\":[{\"@type\":\"ReadAction\",\"target\":[\"https:\\\/\\\/www.zytho.ca\\\/fr\\\/produit\\\/40mpf-tri-clamp-joints-a-brides-dixon\\\/\"]}]},{\"@type\":\"ImageObject\",\"inLanguage\":\"fr-FR\",\"@id\":\"https:\\\/\\\/www.zytho.ca\\\/fr\\\/produit\\\/40mpf-tri-clamp-joints-a-brides-dixon\\\/#primaryimage\",\"url\":\"https:\\\/\\\/www.zytho.ca\\\/wp-content\\\/uploads\\\/2025\\\/10\\\/40MPF-Tri-Clamp-Flanged-Gaskets-Dixon.jpg\",\"contentUrl\":\"https:\\\/\\\/www.zytho.ca\\\/wp-content\\\/uploads\\\/2025\\\/10\\\/40MPF-Tri-Clamp-Flanged-Gaskets-Dixon.jpg\",\"width\":423,\"height\":423},{\"@type\":\"BreadcrumbList\",\"@id\":\"https:\\\/\\\/www.zytho.ca\\\/fr\\\/produit\\\/40mpf-tri-clamp-joints-a-brides-dixon\\\/#breadcrumb\",\"itemListElement\":[{\"@type\":\"ListItem\",\"position\":1,\"name\":\"Accueil\",\"item\":\"https:\\\/\\\/www.zytho.ca\\\/fr\\\/\"},{\"@type\":\"ListItem\",\"position\":2,\"name\":\"Shop\",\"item\":\"https:\\\/\\\/www.zytho.ca\\\/fr\\\/shop\\\/\"},{\"@type\":\"ListItem\",\"position\":3,\"name\":\"40MPF Tri-Clamp joints \u00e0 brides &#8211; Dixon\"}]},{\"@type\":\"WebSite\",\"@id\":\"https:\\\/\\\/www.zytho.ca\\\/fr\\\/#website\",\"url\":\"https:\\\/\\\/www.zytho.ca\\\/fr\\\/\",\"name\":\"Zytho\",\"description\":\"\",\"publisher\":{\"@id\":\"https:\\\/\\\/www.zytho.ca\\\/fr\\\/#organization\"},\"potentialAction\":[{\"@type\":\"SearchAction\",\"target\":{\"@type\":\"EntryPoint\",\"urlTemplate\":\"https:\\\/\\\/www.zytho.ca\\\/fr\\\/?s={search_term_string}\"},\"query-input\":{\"@type\":\"PropertyValueSpecification\",\"valueRequired\":true,\"valueName\":\"search_term_string\"}}],\"inLanguage\":\"fr-FR\"},{\"@type\":\"Organization\",\"@id\":\"https:\\\/\\\/www.zytho.ca\\\/fr\\\/#organization\",\"name\":\"Zytho\",\"url\":\"https:\\\/\\\/www.zytho.ca\\\/fr\\\/\",\"logo\":{\"@type\":\"ImageObject\",\"inLanguage\":\"fr-FR\",\"@id\":\"https:\\\/\\\/www.zytho.ca\\\/fr\\\/#\\\/schema\\\/logo\\\/image\\\/\",\"url\":\"https:\\\/\\\/www.zytho.ca\\\/wp-content\\\/uploads\\\/2024\\\/05\\\/Zytho_reversed_horizontal.svg\",\"contentUrl\":\"https:\\\/\\\/www.zytho.ca\\\/wp-content\\\/uploads\\\/2024\\\/05\\\/Zytho_reversed_horizontal.svg\",\"width\":1582,\"height\":490,\"caption\":\"Zytho\"},\"image\":{\"@id\":\"https:\\\/\\\/www.zytho.ca\\\/fr\\\/#\\\/schema\\\/logo\\\/image\\\/\"}}]}<\/script>\n<!-- \/ Yoast SEO plugin. -->","yoast_head_json":{"title":"40MPF Tri-Clamp Flanged Gaskets - Dixon - For Pro Breweries | Zytho","description":"Assurez l'\u00e9tanch\u00e9it\u00e9 sanitaire de votre brasserie avec les joints \u00e0 bride Tri-Clamp 40MPF. Certifi\u00e9s pour les normes ASME A270 et 3A, ils sont disponibles en plusieurs mat\u00e9riaux pour une utilisation polyvalente.","robots":{"index":"index","follow":"follow","max-snippet":"max-snippet:-1","max-image-preview":"max-image-preview:large","max-video-preview":"max-video-preview:-1"},"canonical":"https:\/\/www.zytho.ca\/fr\/produit\/40mpf-tri-clamp-joints-a-brides-dixon\/","og_locale":"fr_FR","og_type":"article","og_title":"40MPF Tri-Clamp Flanged Gaskets - Dixon - For Pro Breweries | Zytho","og_description":"Assurez l'\u00e9tanch\u00e9it\u00e9 sanitaire de votre brasserie avec les joints \u00e0 bride Tri-Clamp 40MPF. Certifi\u00e9s pour les normes ASME A270 et 3A, ils sont disponibles en plusieurs mat\u00e9riaux pour une utilisation polyvalente.","og_url":"https:\/\/www.zytho.ca\/fr\/produit\/40mpf-tri-clamp-joints-a-brides-dixon\/","og_site_name":"Zytho","og_image":[{"width":423,"height":423,"url":"https:\/\/www.zytho.ca\/wp-content\/uploads\/2025\/10\/40MPF-Tri-Clamp-Flanged-Gaskets-Dixon.jpg","type":"image\/jpeg"}],"twitter_card":"summary_large_image","twitter_misc":{"Dur\u00e9e de lecture estim\u00e9e":"2 minutes"},"schema":{"@context":"https:\/\/schema.org","@graph":[{"@type":"WebPage","@id":"https:\/\/www.zytho.ca\/fr\/produit\/40mpf-tri-clamp-joints-a-brides-dixon\/","url":"https:\/\/www.zytho.ca\/fr\/produit\/40mpf-tri-clamp-joints-a-brides-dixon\/","name":"40MPF Tri-Clamp Flanged Gaskets - Dixon - For Pro Breweries | Zytho","isPartOf":{"@id":"https:\/\/www.zytho.ca\/fr\/#website"},"primaryImageOfPage":{"@id":"https:\/\/www.zytho.ca\/fr\/produit\/40mpf-tri-clamp-joints-a-brides-dixon\/#primaryimage"},"image":{"@id":"https:\/\/www.zytho.ca\/fr\/produit\/40mpf-tri-clamp-joints-a-brides-dixon\/#primaryimage"},"thumbnailUrl":"https:\/\/www.zytho.ca\/wp-content\/uploads\/2025\/10\/40MPF-Tri-Clamp-Flanged-Gaskets-Dixon.jpg","datePublished":"2025-10-27T15:45:17+00:00","description":"Assurez l'\u00e9tanch\u00e9it\u00e9 sanitaire de votre brasserie avec les joints \u00e0 bride Tri-Clamp 40MPF. Certifi\u00e9s pour les normes ASME A270 et 3A, ils sont disponibles en plusieurs mat\u00e9riaux pour une utilisation polyvalente.","breadcrumb":{"@id":"https:\/\/www.zytho.ca\/fr\/produit\/40mpf-tri-clamp-joints-a-brides-dixon\/#breadcrumb"},"inLanguage":"fr-FR","potentialAction":[{"@type":"ReadAction","target":["https:\/\/www.zytho.ca\/fr\/produit\/40mpf-tri-clamp-joints-a-brides-dixon\/"]}]},{"@type":"ImageObject","inLanguage":"fr-FR","@id":"https:\/\/www.zytho.ca\/fr\/produit\/40mpf-tri-clamp-joints-a-brides-dixon\/#primaryimage","url":"https:\/\/www.zytho.ca\/wp-content\/uploads\/2025\/10\/40MPF-Tri-Clamp-Flanged-Gaskets-Dixon.jpg","contentUrl":"https:\/\/www.zytho.ca\/wp-content\/uploads\/2025\/10\/40MPF-Tri-Clamp-Flanged-Gaskets-Dixon.jpg","width":423,"height":423},{"@type":"BreadcrumbList","@id":"https:\/\/www.zytho.ca\/fr\/produit\/40mpf-tri-clamp-joints-a-brides-dixon\/#breadcrumb","itemListElement":[{"@type":"ListItem","position":1,"name":"Accueil","item":"https:\/\/www.zytho.ca\/fr\/"},{"@type":"ListItem","position":2,"name":"Shop","item":"https:\/\/www.zytho.ca\/fr\/shop\/"},{"@type":"ListItem","position":3,"name":"40MPF Tri-Clamp joints \u00e0 brides &#8211; Dixon"}]},{"@type":"WebSite","@id":"https:\/\/www.zytho.ca\/fr\/#website","url":"https:\/\/www.zytho.ca\/fr\/","name":"Zytho","description":"","publisher":{"@id":"https:\/\/www.zytho.ca\/fr\/#organization"},"potentialAction":[{"@type":"SearchAction","target":{"@type":"EntryPoint","urlTemplate":"https:\/\/www.zytho.ca\/fr\/?s={search_term_string}"},"query-input":{"@type":"PropertyValueSpecification","valueRequired":true,"valueName":"search_term_string"}}],"inLanguage":"fr-FR"},{"@type":"Organization","@id":"https:\/\/www.zytho.ca\/fr\/#organization","name":"Zytho","url":"https:\/\/www.zytho.ca\/fr\/","logo":{"@type":"ImageObject","inLanguage":"fr-FR","@id":"https:\/\/www.zytho.ca\/fr\/#\/schema\/logo\/image\/","url":"https:\/\/www.zytho.ca\/wp-content\/uploads\/2024\/05\/Zytho_reversed_horizontal.svg","contentUrl":"https:\/\/www.zytho.ca\/wp-content\/uploads\/2024\/05\/Zytho_reversed_horizontal.svg","width":1582,"height":490,"caption":"Zytho"},"image":{"@id":"https:\/\/www.zytho.ca\/fr\/#\/schema\/logo\/image\/"}}]}},"_links":{"self":[{"href":"https:\/\/www.zytho.ca\/fr\/wp-json\/wp\/v2\/product\/13026","targetHints":{"allow":["GET"]}}],"collection":[{"href":"https:\/\/www.zytho.ca\/fr\/wp-json\/wp\/v2\/product"}],"about":[{"href":"https:\/\/www.zytho.ca\/fr\/wp-json\/wp\/v2\/types\/product"}],"wp:featuredmedia":[{"embeddable":true,"href":"https:\/\/www.zytho.ca\/fr\/wp-json\/wp\/v2\/media\/13029"}],"wp:attachment":[{"href":"https:\/\/www.zytho.ca\/fr\/wp-json\/wp\/v2\/media?parent=13026"}],"wp:term":[{"taxonomy":"product_brand","embeddable":true,"href":"https:\/\/www.zytho.ca\/fr\/wp-json\/wp\/v2\/product_brand?post=13026"},{"taxonomy":"product_cat","embeddable":true,"href":"https:\/\/www.zytho.ca\/fr\/wp-json\/wp\/v2\/product_cat?post=13026"},{"taxonomy":"product_tag","embeddable":true,"href":"https:\/\/www.zytho.ca\/fr\/wp-json\/wp\/v2\/product_tag?post=13026"}],"curies":[{"name":"wp","href":"https:\/\/api.w.org\/{rel}","templated":true}]}}