{"id":12980,"date":"2025-10-27T15:45:25","date_gmt":"2025-10-27T15:45:25","guid":{"rendered":"https:\/\/zytho.ca\/product\/adaptateur-male-npt-pour-tuyau-darrosage-dixon\/"},"modified":"2025-11-03T07:11:13","modified_gmt":"2025-11-03T07:11:13","slug":"adaptateur-male-npt-pour-tuyau-darrosage-dixon","status":"publish","type":"product","link":"https:\/\/www.zytho.ca\/fr\/produit\/adaptateur-male-npt-pour-tuyau-darrosage-dixon\/","title":{"rendered":"Adaptateur m\u00e2le NPT pour tuyau d&#8217;arrosage &#8211; Dixon"},"content":{"rendered":"<h6><strong>Adaptateur m\u00e2le NPT pour tuyau d&#8217;arrosage &#8211; Ing\u00e9nierie de pr\u00e9cision pour l&#8217;int\u00e9gration des tuyaux et des tubes<\/strong><\/h6>\n<h6><strong>Avantages :<\/strong><\/h6>\n<ul>\n<li>Fabriqu\u00e9 en <strong>acier inoxydable 303<\/strong> pour garantir une grande durabilit\u00e9 et une r\u00e9sistance \u00e0 la corrosion.<\/li>\n<li>Facilite la transition entre le <strong>filetage du tuyau d&#8217;arrosage<\/strong> et le <strong>filetage<\/strong> <strong>NPT<\/strong> pour une large applicabilit\u00e9.<\/li>\n<li>Optimis\u00e9 pour le <strong>jardinage, la plomberie<\/strong> et l&#8217;<strong>industrie<\/strong>.<\/li>\n<li>Permet de modifier le <strong>sexe des<\/strong> extr\u00e9mit\u00e9s de tuyaux ou de tubes filet\u00e9s.<\/li>\n<\/ul>\n<p>L&#8217;<strong>adaptateur m\u00e2le NPT pour tuyau d&#8217;arrosage<\/strong> est con\u00e7u pour assurer une connexion solide entre les tuyaux d&#8217;arrosage et les tubes, en changeant efficacement le genre des extr\u00e9mit\u00e9s filet\u00e9es. Dot\u00e9 d&#8217;un <strong>filetage pour tuyau d&#8217;arrosage<\/strong> d&#8217;un c\u00f4t\u00e9 et d&#8217;un <strong>c\u00f4ne national de tuyauterie (NPT)<\/strong> de l&#8217;autre, cet adaptateur assure une interface fiable et s\u00fbre pour les tuyaux, les tubes et les accessoires associ\u00e9s dans diverses applications. <\/p>\n<p>Fabriqu\u00e9 en <strong>acier inoxydable 303<\/strong>, cet adaptateur est con\u00e7u pour r\u00e9sister \u00e0 la corrosion, ce qui le rend id\u00e9al pour les environnements int\u00e9rieurs et ext\u00e9rieurs. Qu&#8217;il s&#8217;agisse de faciliter les connexions de tuyaux ou d&#8217;adapter les raccords, cet adaptateur garantit une connexion s\u00fbre et \u00e9tanche dans les domaines du <strong>jardinage, de la plomberie et de l&#8217;industrie.<\/strong> <\/p>\n<h6><strong>D\u00e9tails du produit :<\/strong><\/h6>\n<ul>\n<li><strong>Mat\u00e9riau<\/strong>: Acier inoxydable 303<\/li>\n<li><strong>M\u00e2le\/M\u00e2le Page du catalogue<\/strong>: <a href=\"https:\/\/canada.dixonvalve.com\/sites\/default\/files\/product\/pages\/DGCL2018%20text%20page%20235.pdf\">DGCL2018 &#8211; 235<\/a><\/li>\n<li><strong>M\u00e2le\/Femelle Page du catalogue<\/strong>: <a href=\"https:\/\/canada.dixonvalve.com\/sites\/default\/files\/product\/pages\/DGCL2018%20text%20page%20236.pdf\">DGCL2018 &#8211; 236<\/a><\/li>\n<\/ul>\n<p>Cet <strong>adaptateur<\/strong> est un composant essentiel pour la connectivit\u00e9 des tuyaux et des tubes, offrant une solution fiable et durable pour une large gamme d&#8217;applications.<\/p>\n","protected":false},"excerpt":{"rendered":"<h4>Principaux avantages de l&#8217;adaptateur m\u00e2le NPT pour tuyau d&#8217;arrosage destin\u00e9 aux brasseurs professionnels<\/h4>\n<ul>\n<li>Fabriqu\u00e9 en acier inoxydable 303, il garantit une durabilit\u00e9 et une r\u00e9sistance \u00e0 la corrosion exceptionnelles, id\u00e9ales pour les environnements de brasserie.<\/li>\n<li>Facilite la conversion du filetage du tuyau d&#8217;arrosage en filetage NPT, am\u00e9liorant ainsi la polyvalence des installations de brassage.<\/li>\n<li>Fournit une connexion fiable et \u00e9tanche, essentielle pour maintenir l&#8217;int\u00e9grit\u00e9 des processus de brassage.<\/li>\n<\/ul>\n","protected":false},"featured_media":12983,"template":"","meta":{"_acf_changed":false,"inline_featured_image":false},"product_brand":[740],"product_cat":[736,741,749],"product_tag":[763,754,762,755,779,800],"class_list":{"0":"post-12980","1":"product","2":"type-product","3":"status-publish","4":"has-post-thumbnail","6":"product_brand-dixon","7":"product_cat-distribution","8":"product_cat-materiel","9":"product_cat-quincaillerie-industrielle","10":"product_tag-acier-inoxydable","11":"product_tag-brasserie","12":"product_tag-cave","13":"product_tag-distillerie","14":"product_tag-materiel-npt","15":"product_tag-soda","17":"first","18":"instock","19":"taxable","20":"shipping-taxable","21":"purchasable","22":"product-type-variable"},"acf":[],"yoast_head":"<!-- This site is optimized with the Yoast SEO plugin v27.6 - https:\/\/yoast.com\/product\/yoast-seo-wordpress\/ -->\n<title>Adaptateur m\u00e2le NPT pour tuyau d&#039;arrosage - Dixon - Pour brasseries professionnelles | Zytho<\/title>\n<meta name=\"description\" content=\"Am\u00e9liorez l&#039;efficacit\u00e9 de votre brasserie avec l&#039;adaptateur m\u00e2le NPT pour tuyau d&#039;arrosage de Dixon. Fabriqu\u00e9 en acier inoxydable 303 durable, il assure une int\u00e9gration parfaite entre le tuyau et le tube, ce qui est parfait pour les environnements de brassage. R\u00e9sistant \u00e0 la corrosion et polyvalent, cet adaptateur est essentiel pour assurer des connexions s\u00fbres dans les installations de brassage professionnelles.\" \/>\n<meta name=\"robots\" content=\"index, follow, max-snippet:-1, max-image-preview:large, max-video-preview:-1\" \/>\n<link rel=\"canonical\" href=\"https:\/\/www.zytho.ca\/fr\/produit\/adaptateur-male-npt-pour-tuyau-darrosage-dixon\/\" \/>\n<meta property=\"og:locale\" content=\"fr_FR\" \/>\n<meta property=\"og:type\" content=\"article\" \/>\n<meta property=\"og:title\" content=\"Adaptateur m\u00e2le NPT pour tuyau d&#039;arrosage - Dixon - Pour brasseries professionnelles | Zytho\" \/>\n<meta property=\"og:description\" content=\"Am\u00e9liorez l&#039;efficacit\u00e9 de votre brasserie avec l&#039;adaptateur m\u00e2le NPT pour tuyau d&#039;arrosage de Dixon. Fabriqu\u00e9 en acier inoxydable 303 durable, il assure une int\u00e9gration parfaite entre le tuyau et le tube, ce qui est parfait pour les environnements de brassage. R\u00e9sistant \u00e0 la corrosion et polyvalent, cet adaptateur est essentiel pour assurer des connexions s\u00fbres dans les installations de brassage professionnelles.\" \/>\n<meta property=\"og:url\" content=\"https:\/\/www.zytho.ca\/fr\/produit\/adaptateur-male-npt-pour-tuyau-darrosage-dixon\/\" \/>\n<meta property=\"og:site_name\" content=\"Zytho\" \/>\n<meta property=\"article:modified_time\" content=\"2025-11-03T07:11:13+00:00\" \/>\n<meta property=\"og:image\" content=\"https:\/\/www.zytho.ca\/wp-content\/uploads\/2025\/10\/Male-Garden-Hose-Thread-NPT-Adapter-Dixon.jpg\" \/>\n\t<meta property=\"og:image:width\" content=\"1224\" \/>\n\t<meta property=\"og:image:height\" content=\"1224\" \/>\n\t<meta property=\"og:image:type\" content=\"image\/jpeg\" \/>\n<meta name=\"twitter:card\" content=\"summary_large_image\" \/>\n<meta name=\"twitter:label1\" content=\"Dur\u00e9e de lecture estim\u00e9e\" \/>\n\t<meta name=\"twitter:data1\" content=\"1 minute\" \/>\n<script type=\"application\/ld+json\" class=\"yoast-schema-graph\">{\"@context\":\"https:\\\/\\\/schema.org\",\"@graph\":[{\"@type\":\"WebPage\",\"@id\":\"https:\\\/\\\/www.zytho.ca\\\/fr\\\/produit\\\/adaptateur-male-npt-pour-tuyau-darrosage-dixon\\\/\",\"url\":\"https:\\\/\\\/www.zytho.ca\\\/fr\\\/produit\\\/adaptateur-male-npt-pour-tuyau-darrosage-dixon\\\/\",\"name\":\"Adaptateur m\u00e2le NPT pour tuyau d'arrosage - Dixon - Pour brasseries professionnelles | Zytho\",\"isPartOf\":{\"@id\":\"https:\\\/\\\/www.zytho.ca\\\/fr\\\/#website\"},\"primaryImageOfPage\":{\"@id\":\"https:\\\/\\\/www.zytho.ca\\\/fr\\\/produit\\\/adaptateur-male-npt-pour-tuyau-darrosage-dixon\\\/#primaryimage\"},\"image\":{\"@id\":\"https:\\\/\\\/www.zytho.ca\\\/fr\\\/produit\\\/adaptateur-male-npt-pour-tuyau-darrosage-dixon\\\/#primaryimage\"},\"thumbnailUrl\":\"https:\\\/\\\/www.zytho.ca\\\/wp-content\\\/uploads\\\/2025\\\/10\\\/Male-Garden-Hose-Thread-NPT-Adapter-Dixon.jpg\",\"datePublished\":\"2025-10-27T15:45:25+00:00\",\"dateModified\":\"2025-11-03T07:11:13+00:00\",\"description\":\"Am\u00e9liorez l'efficacit\u00e9 de votre brasserie avec l'adaptateur m\u00e2le NPT pour tuyau d'arrosage de Dixon. Fabriqu\u00e9 en acier inoxydable 303 durable, il assure une int\u00e9gration parfaite entre le tuyau et le tube, ce qui est parfait pour les environnements de brassage. R\u00e9sistant \u00e0 la corrosion et polyvalent, cet adaptateur est essentiel pour assurer des connexions s\u00fbres dans les installations de brassage professionnelles.\",\"breadcrumb\":{\"@id\":\"https:\\\/\\\/www.zytho.ca\\\/fr\\\/produit\\\/adaptateur-male-npt-pour-tuyau-darrosage-dixon\\\/#breadcrumb\"},\"inLanguage\":\"fr-FR\",\"potentialAction\":[{\"@type\":\"ReadAction\",\"target\":[\"https:\\\/\\\/www.zytho.ca\\\/fr\\\/produit\\\/adaptateur-male-npt-pour-tuyau-darrosage-dixon\\\/\"]}]},{\"@type\":\"ImageObject\",\"inLanguage\":\"fr-FR\",\"@id\":\"https:\\\/\\\/www.zytho.ca\\\/fr\\\/produit\\\/adaptateur-male-npt-pour-tuyau-darrosage-dixon\\\/#primaryimage\",\"url\":\"https:\\\/\\\/www.zytho.ca\\\/wp-content\\\/uploads\\\/2025\\\/10\\\/Male-Garden-Hose-Thread-NPT-Adapter-Dixon.jpg\",\"contentUrl\":\"https:\\\/\\\/www.zytho.ca\\\/wp-content\\\/uploads\\\/2025\\\/10\\\/Male-Garden-Hose-Thread-NPT-Adapter-Dixon.jpg\",\"width\":1224,\"height\":1224},{\"@type\":\"BreadcrumbList\",\"@id\":\"https:\\\/\\\/www.zytho.ca\\\/fr\\\/produit\\\/adaptateur-male-npt-pour-tuyau-darrosage-dixon\\\/#breadcrumb\",\"itemListElement\":[{\"@type\":\"ListItem\",\"position\":1,\"name\":\"Accueil\",\"item\":\"https:\\\/\\\/www.zytho.ca\\\/fr\\\/\"},{\"@type\":\"ListItem\",\"position\":2,\"name\":\"Shop\",\"item\":\"https:\\\/\\\/www.zytho.ca\\\/fr\\\/shop\\\/\"},{\"@type\":\"ListItem\",\"position\":3,\"name\":\"Adaptateur m\u00e2le NPT pour tuyau d&#8217;arrosage &#8211; Dixon\"}]},{\"@type\":\"WebSite\",\"@id\":\"https:\\\/\\\/www.zytho.ca\\\/fr\\\/#website\",\"url\":\"https:\\\/\\\/www.zytho.ca\\\/fr\\\/\",\"name\":\"Zytho\",\"description\":\"\",\"publisher\":{\"@id\":\"https:\\\/\\\/www.zytho.ca\\\/fr\\\/#organization\"},\"potentialAction\":[{\"@type\":\"SearchAction\",\"target\":{\"@type\":\"EntryPoint\",\"urlTemplate\":\"https:\\\/\\\/www.zytho.ca\\\/fr\\\/?s={search_term_string}\"},\"query-input\":{\"@type\":\"PropertyValueSpecification\",\"valueRequired\":true,\"valueName\":\"search_term_string\"}}],\"inLanguage\":\"fr-FR\"},{\"@type\":\"Organization\",\"@id\":\"https:\\\/\\\/www.zytho.ca\\\/fr\\\/#organization\",\"name\":\"Zytho\",\"url\":\"https:\\\/\\\/www.zytho.ca\\\/fr\\\/\",\"logo\":{\"@type\":\"ImageObject\",\"inLanguage\":\"fr-FR\",\"@id\":\"https:\\\/\\\/www.zytho.ca\\\/fr\\\/#\\\/schema\\\/logo\\\/image\\\/\",\"url\":\"https:\\\/\\\/www.zytho.ca\\\/wp-content\\\/uploads\\\/2024\\\/05\\\/Zytho_reversed_horizontal.svg\",\"contentUrl\":\"https:\\\/\\\/www.zytho.ca\\\/wp-content\\\/uploads\\\/2024\\\/05\\\/Zytho_reversed_horizontal.svg\",\"width\":1582,\"height\":490,\"caption\":\"Zytho\"},\"image\":{\"@id\":\"https:\\\/\\\/www.zytho.ca\\\/fr\\\/#\\\/schema\\\/logo\\\/image\\\/\"}}]}<\/script>\n<!-- \/ Yoast SEO plugin. -->","yoast_head_json":{"title":"Adaptateur m\u00e2le NPT pour tuyau d'arrosage - Dixon - Pour brasseries professionnelles | Zytho","description":"Am\u00e9liorez l'efficacit\u00e9 de votre brasserie avec l'adaptateur m\u00e2le NPT pour tuyau d'arrosage de Dixon. Fabriqu\u00e9 en acier inoxydable 303 durable, il assure une int\u00e9gration parfaite entre le tuyau et le tube, ce qui est parfait pour les environnements de brassage. R\u00e9sistant \u00e0 la corrosion et polyvalent, cet adaptateur est essentiel pour assurer des connexions s\u00fbres dans les installations de brassage professionnelles.","robots":{"index":"index","follow":"follow","max-snippet":"max-snippet:-1","max-image-preview":"max-image-preview:large","max-video-preview":"max-video-preview:-1"},"canonical":"https:\/\/www.zytho.ca\/fr\/produit\/adaptateur-male-npt-pour-tuyau-darrosage-dixon\/","og_locale":"fr_FR","og_type":"article","og_title":"Adaptateur m\u00e2le NPT pour tuyau d'arrosage - Dixon - Pour brasseries professionnelles | Zytho","og_description":"Am\u00e9liorez l'efficacit\u00e9 de votre brasserie avec l'adaptateur m\u00e2le NPT pour tuyau d'arrosage de Dixon. Fabriqu\u00e9 en acier inoxydable 303 durable, il assure une int\u00e9gration parfaite entre le tuyau et le tube, ce qui est parfait pour les environnements de brassage. R\u00e9sistant \u00e0 la corrosion et polyvalent, cet adaptateur est essentiel pour assurer des connexions s\u00fbres dans les installations de brassage professionnelles.","og_url":"https:\/\/www.zytho.ca\/fr\/produit\/adaptateur-male-npt-pour-tuyau-darrosage-dixon\/","og_site_name":"Zytho","article_modified_time":"2025-11-03T07:11:13+00:00","og_image":[{"width":1224,"height":1224,"url":"https:\/\/www.zytho.ca\/wp-content\/uploads\/2025\/10\/Male-Garden-Hose-Thread-NPT-Adapter-Dixon.jpg","type":"image\/jpeg"}],"twitter_card":"summary_large_image","twitter_misc":{"Dur\u00e9e de lecture estim\u00e9e":"1 minute"},"schema":{"@context":"https:\/\/schema.org","@graph":[{"@type":"WebPage","@id":"https:\/\/www.zytho.ca\/fr\/produit\/adaptateur-male-npt-pour-tuyau-darrosage-dixon\/","url":"https:\/\/www.zytho.ca\/fr\/produit\/adaptateur-male-npt-pour-tuyau-darrosage-dixon\/","name":"Adaptateur m\u00e2le NPT pour tuyau d'arrosage - Dixon - Pour brasseries professionnelles | Zytho","isPartOf":{"@id":"https:\/\/www.zytho.ca\/fr\/#website"},"primaryImageOfPage":{"@id":"https:\/\/www.zytho.ca\/fr\/produit\/adaptateur-male-npt-pour-tuyau-darrosage-dixon\/#primaryimage"},"image":{"@id":"https:\/\/www.zytho.ca\/fr\/produit\/adaptateur-male-npt-pour-tuyau-darrosage-dixon\/#primaryimage"},"thumbnailUrl":"https:\/\/www.zytho.ca\/wp-content\/uploads\/2025\/10\/Male-Garden-Hose-Thread-NPT-Adapter-Dixon.jpg","datePublished":"2025-10-27T15:45:25+00:00","dateModified":"2025-11-03T07:11:13+00:00","description":"Am\u00e9liorez l'efficacit\u00e9 de votre brasserie avec l'adaptateur m\u00e2le NPT pour tuyau d'arrosage de Dixon. Fabriqu\u00e9 en acier inoxydable 303 durable, il assure une int\u00e9gration parfaite entre le tuyau et le tube, ce qui est parfait pour les environnements de brassage. R\u00e9sistant \u00e0 la corrosion et polyvalent, cet adaptateur est essentiel pour assurer des connexions s\u00fbres dans les installations de brassage professionnelles.","breadcrumb":{"@id":"https:\/\/www.zytho.ca\/fr\/produit\/adaptateur-male-npt-pour-tuyau-darrosage-dixon\/#breadcrumb"},"inLanguage":"fr-FR","potentialAction":[{"@type":"ReadAction","target":["https:\/\/www.zytho.ca\/fr\/produit\/adaptateur-male-npt-pour-tuyau-darrosage-dixon\/"]}]},{"@type":"ImageObject","inLanguage":"fr-FR","@id":"https:\/\/www.zytho.ca\/fr\/produit\/adaptateur-male-npt-pour-tuyau-darrosage-dixon\/#primaryimage","url":"https:\/\/www.zytho.ca\/wp-content\/uploads\/2025\/10\/Male-Garden-Hose-Thread-NPT-Adapter-Dixon.jpg","contentUrl":"https:\/\/www.zytho.ca\/wp-content\/uploads\/2025\/10\/Male-Garden-Hose-Thread-NPT-Adapter-Dixon.jpg","width":1224,"height":1224},{"@type":"BreadcrumbList","@id":"https:\/\/www.zytho.ca\/fr\/produit\/adaptateur-male-npt-pour-tuyau-darrosage-dixon\/#breadcrumb","itemListElement":[{"@type":"ListItem","position":1,"name":"Accueil","item":"https:\/\/www.zytho.ca\/fr\/"},{"@type":"ListItem","position":2,"name":"Shop","item":"https:\/\/www.zytho.ca\/fr\/shop\/"},{"@type":"ListItem","position":3,"name":"Adaptateur m\u00e2le NPT pour tuyau d&#8217;arrosage &#8211; Dixon"}]},{"@type":"WebSite","@id":"https:\/\/www.zytho.ca\/fr\/#website","url":"https:\/\/www.zytho.ca\/fr\/","name":"Zytho","description":"","publisher":{"@id":"https:\/\/www.zytho.ca\/fr\/#organization"},"potentialAction":[{"@type":"SearchAction","target":{"@type":"EntryPoint","urlTemplate":"https:\/\/www.zytho.ca\/fr\/?s={search_term_string}"},"query-input":{"@type":"PropertyValueSpecification","valueRequired":true,"valueName":"search_term_string"}}],"inLanguage":"fr-FR"},{"@type":"Organization","@id":"https:\/\/www.zytho.ca\/fr\/#organization","name":"Zytho","url":"https:\/\/www.zytho.ca\/fr\/","logo":{"@type":"ImageObject","inLanguage":"fr-FR","@id":"https:\/\/www.zytho.ca\/fr\/#\/schema\/logo\/image\/","url":"https:\/\/www.zytho.ca\/wp-content\/uploads\/2024\/05\/Zytho_reversed_horizontal.svg","contentUrl":"https:\/\/www.zytho.ca\/wp-content\/uploads\/2024\/05\/Zytho_reversed_horizontal.svg","width":1582,"height":490,"caption":"Zytho"},"image":{"@id":"https:\/\/www.zytho.ca\/fr\/#\/schema\/logo\/image\/"}}]}},"_links":{"self":[{"href":"https:\/\/www.zytho.ca\/fr\/wp-json\/wp\/v2\/product\/12980","targetHints":{"allow":["GET"]}}],"collection":[{"href":"https:\/\/www.zytho.ca\/fr\/wp-json\/wp\/v2\/product"}],"about":[{"href":"https:\/\/www.zytho.ca\/fr\/wp-json\/wp\/v2\/types\/product"}],"wp:featuredmedia":[{"embeddable":true,"href":"https:\/\/www.zytho.ca\/fr\/wp-json\/wp\/v2\/media\/12983"}],"wp:attachment":[{"href":"https:\/\/www.zytho.ca\/fr\/wp-json\/wp\/v2\/media?parent=12980"}],"wp:term":[{"taxonomy":"product_brand","embeddable":true,"href":"https:\/\/www.zytho.ca\/fr\/wp-json\/wp\/v2\/product_brand?post=12980"},{"taxonomy":"product_cat","embeddable":true,"href":"https:\/\/www.zytho.ca\/fr\/wp-json\/wp\/v2\/product_cat?post=12980"},{"taxonomy":"product_tag","embeddable":true,"href":"https:\/\/www.zytho.ca\/fr\/wp-json\/wp\/v2\/product_tag?post=12980"}],"curies":[{"name":"wp","href":"https:\/\/api.w.org\/{rel}","templated":true}]}}