{"id":12922,"date":"2025-10-27T15:45:48","date_gmt":"2025-10-27T15:45:48","guid":{"rendered":"https:\/\/zytho.ca\/product\/bouchon-de-type-d-pour-tuyau-pneumatique-industriel-dixon\/"},"modified":"2025-11-03T07:11:16","modified_gmt":"2025-11-03T07:11:16","slug":"bouchon-de-type-d-pour-tuyau-pneumatique-industriel-dixon","status":"publish","type":"product","link":"https:\/\/www.zytho.ca\/fr\/produit\/bouchon-de-type-d-pour-tuyau-pneumatique-industriel-dixon\/","title":{"rendered":"Bouchon de type D pour tuyau pneumatique industriel &#8211; Dixon"},"content":{"rendered":"<p>Les raccords interchangeables industriels sont con\u00e7us pour une connexion et une d\u00e9connexion rapides, ce qui les rend id\u00e9aux pour les applications n\u00e9cessitant un acc\u00e8s fr\u00e9quent \u00e0 la ligne. Un raccord complet se compose d&#8217;un bouchon et d&#8217;une prise, ce qui garantit la compatibilit\u00e9 de toutes les prises et bouchons industriels de la m\u00eame taille de raccord, ind\u00e9pendamment de la taille du tuyau ou du num\u00e9ro d&#8217;identification du tuyau cannel\u00e9. <\/p>\n<h6><strong>Avantages :<\/strong><\/h6>\n<ul>\n<li>Facilite l&#8217;acc\u00e8s rapide et efficace \u00e0 la ligne pour les besoins de maintenance et d&#8217;exploitation.<\/li>\n<li>Assure la compatibilit\u00e9 entre les diff\u00e9rentes tailles d&#8217;accouplement, am\u00e9liorant ainsi la polyvalence dans les applications industrielles.<\/li>\n<\/ul>\n<h6><strong>D\u00e9tails du produit :<\/strong><\/h6>\n<ul>\n<li>Pression de service maximale : 35 bar (500 PSI) avec les coupleurs automatiques de la s\u00e9rie D en acier inoxydable 303.<\/li>\n<li>Pression d&#8217;\u00e9clatement : 1 795 bar (26 000 PSI) avec la s\u00e9rie D et 795 bar (11 500 PSI) avec les coupleurs manuels de la s\u00e9rie F.<\/li>\n<li>Les composants sont usin\u00e9s avec pr\u00e9cision \u00e0 partir de barres massives pour garantir la durabilit\u00e9 et la fiabilit\u00e9.<\/li>\n<li>Les pi\u00e8ces en acier sont rev\u00eatues de chrome trivalent conforme \u00e0 la norme ROHS pour une meilleure r\u00e9sistance \u00e0 la corrosion.<\/li>\n<li>Compatible avec les s\u00e9ries Foster 3, 4, 5 et 6, Parker 30-Series Automatic, Parker 20-Series Manual, Hansen 3000, 4000, 5000, 6000, et Hansen 1000, 400, 500.<\/li>\n<\/ul>\n<h6><strong>Comment cela fonctionne-t-il ?<\/strong><\/h6>\n<ul>\n<li>Pour commencer la d\u00e9connexion, fixez le tuyau du c\u00f4t\u00e9 du mamelon avec trois doigts, en laissant le pouce et l&#8217;index disponibles.<\/li>\n<li>Engagez le manchon \u00e0 l&#8217;aide du pouce et de l&#8217;index, en le tirant vers votre paume.<\/li>\n<li>Au fur et \u00e0 mesure que le manchon se r\u00e9tracte, l&#8217;embout se d\u00e9sengage l\u00e9g\u00e8rement du coupleur. Maintenez votre prise jusqu&#8217;\u00e0 ce que tout l&#8217;air soit expuls\u00e9. <\/li>\n<li>Une fois la conduite enti\u00e8rement d\u00e9pressuris\u00e9e, d\u00e9tachez en toute s\u00e9curit\u00e9 le mamelon du coupleur.<\/li>\n<\/ul>\n<h6><strong>Page de catalogue :<\/strong><\/h6>\n<ul>\n<li><a href=\"https:\/\/www.dixonvalve.com\/sites\/default\/files\/product\/pages\/us\/DPL418%20-%20312.pdf\">DPL418 &#8211; 312<\/a><\/li>\n<\/ul>\n","protected":false},"excerpt":{"rendered":"<h4>Principaux avantages du bouchon de type D pour tuyau pneumatique industriel &#8211; Dixon pour les brasseurs professionnels<\/h4>\n<ul>\n<li>Facilite l&#8217;acc\u00e8s rapide et efficace aux lignes de brassage pour les t\u00e2ches de maintenance et d&#8217;exploitation.<\/li>\n<li>Offre une large compatibilit\u00e9 avec diff\u00e9rentes tailles de raccords, am\u00e9liorant ainsi la flexibilit\u00e9 dans les installations de brassage.<\/li>\n<li>Construit avec des mat\u00e9riaux durables et r\u00e9sistants \u00e0 la corrosion pour supporter des environnements de brassage rigoureux.<\/li>\n<\/ul>\n","protected":false},"featured_media":12924,"template":"","meta":{"_acf_changed":false,"inline_featured_image":false},"product_brand":[740],"product_cat":[736,741,749],"product_tag":[763,754,762,755,838],"class_list":{"0":"post-12922","1":"product","2":"type-product","3":"status-publish","4":"has-post-thumbnail","6":"product_brand-dixon","7":"product_cat-distribution","8":"product_cat-materiel","9":"product_cat-quincaillerie-industrielle","10":"product_tag-acier-inoxydable","11":"product_tag-brasserie","12":"product_tag-cave","13":"product_tag-distillerie","14":"product_tag-raccord-cannele","16":"first","17":"instock","18":"taxable","19":"shipping-taxable","20":"purchasable","21":"product-type-variable"},"acf":[],"yoast_head":"<!-- This site is optimized with the Yoast SEO plugin v27.6 - https:\/\/yoast.com\/product\/yoast-seo-wordpress\/ -->\n<title>Bouchon de type D pour tuyau pneumatique industriel - Dixon - Pour brasseries professionnelles | Zytho<\/title>\n<meta name=\"description\" content=\"Optimisez l&#039;efficacit\u00e9 de votre brasserie avec le bouchon de type D pour tuyau pneumatique industriel de Dixon. Profitez de connexions rapides, d&#039;une durabilit\u00e9 robuste et d&#039;une compatibilit\u00e9 universelle.\" \/>\n<meta name=\"robots\" content=\"index, follow, max-snippet:-1, max-image-preview:large, max-video-preview:-1\" \/>\n<link rel=\"canonical\" href=\"https:\/\/www.zytho.ca\/fr\/produit\/bouchon-de-type-d-pour-tuyau-pneumatique-industriel-dixon\/\" \/>\n<meta property=\"og:locale\" content=\"fr_FR\" \/>\n<meta property=\"og:type\" content=\"article\" \/>\n<meta property=\"og:title\" content=\"Bouchon de type D pour tuyau pneumatique industriel - Dixon - Pour brasseries professionnelles | Zytho\" \/>\n<meta property=\"og:description\" content=\"Optimisez l&#039;efficacit\u00e9 de votre brasserie avec le bouchon de type D pour tuyau pneumatique industriel de Dixon. Profitez de connexions rapides, d&#039;une durabilit\u00e9 robuste et d&#039;une compatibilit\u00e9 universelle.\" \/>\n<meta property=\"og:url\" content=\"https:\/\/www.zytho.ca\/fr\/produit\/bouchon-de-type-d-pour-tuyau-pneumatique-industriel-dixon\/\" \/>\n<meta property=\"og:site_name\" content=\"Zytho\" \/>\n<meta property=\"article:modified_time\" content=\"2025-11-03T07:11:16+00:00\" \/>\n<meta property=\"og:image\" content=\"https:\/\/www.zytho.ca\/wp-content\/uploads\/2025\/10\/D-Type-Industrial-Pneumatic-Hose-Barb-Plug-Dixon.jpg\" \/>\n\t<meta property=\"og:image:width\" content=\"1158\" \/>\n\t<meta property=\"og:image:height\" content=\"1158\" \/>\n\t<meta property=\"og:image:type\" content=\"image\/jpeg\" \/>\n<meta name=\"twitter:card\" content=\"summary_large_image\" \/>\n<meta name=\"twitter:label1\" content=\"Dur\u00e9e de lecture estim\u00e9e\" \/>\n\t<meta name=\"twitter:data1\" content=\"2 minutes\" \/>\n<script type=\"application\/ld+json\" class=\"yoast-schema-graph\">{\"@context\":\"https:\\\/\\\/schema.org\",\"@graph\":[{\"@type\":\"WebPage\",\"@id\":\"https:\\\/\\\/www.zytho.ca\\\/fr\\\/produit\\\/bouchon-de-type-d-pour-tuyau-pneumatique-industriel-dixon\\\/\",\"url\":\"https:\\\/\\\/www.zytho.ca\\\/fr\\\/produit\\\/bouchon-de-type-d-pour-tuyau-pneumatique-industriel-dixon\\\/\",\"name\":\"Bouchon de type D pour tuyau pneumatique industriel - Dixon - Pour brasseries professionnelles | Zytho\",\"isPartOf\":{\"@id\":\"https:\\\/\\\/www.zytho.ca\\\/fr\\\/#website\"},\"primaryImageOfPage\":{\"@id\":\"https:\\\/\\\/www.zytho.ca\\\/fr\\\/produit\\\/bouchon-de-type-d-pour-tuyau-pneumatique-industriel-dixon\\\/#primaryimage\"},\"image\":{\"@id\":\"https:\\\/\\\/www.zytho.ca\\\/fr\\\/produit\\\/bouchon-de-type-d-pour-tuyau-pneumatique-industriel-dixon\\\/#primaryimage\"},\"thumbnailUrl\":\"https:\\\/\\\/www.zytho.ca\\\/wp-content\\\/uploads\\\/2025\\\/10\\\/D-Type-Industrial-Pneumatic-Hose-Barb-Plug-Dixon.jpg\",\"datePublished\":\"2025-10-27T15:45:48+00:00\",\"dateModified\":\"2025-11-03T07:11:16+00:00\",\"description\":\"Optimisez l'efficacit\u00e9 de votre brasserie avec le bouchon de type D pour tuyau pneumatique industriel de Dixon. Profitez de connexions rapides, d'une durabilit\u00e9 robuste et d'une compatibilit\u00e9 universelle.\",\"breadcrumb\":{\"@id\":\"https:\\\/\\\/www.zytho.ca\\\/fr\\\/produit\\\/bouchon-de-type-d-pour-tuyau-pneumatique-industriel-dixon\\\/#breadcrumb\"},\"inLanguage\":\"fr-FR\",\"potentialAction\":[{\"@type\":\"ReadAction\",\"target\":[\"https:\\\/\\\/www.zytho.ca\\\/fr\\\/produit\\\/bouchon-de-type-d-pour-tuyau-pneumatique-industriel-dixon\\\/\"]}]},{\"@type\":\"ImageObject\",\"inLanguage\":\"fr-FR\",\"@id\":\"https:\\\/\\\/www.zytho.ca\\\/fr\\\/produit\\\/bouchon-de-type-d-pour-tuyau-pneumatique-industriel-dixon\\\/#primaryimage\",\"url\":\"https:\\\/\\\/www.zytho.ca\\\/wp-content\\\/uploads\\\/2025\\\/10\\\/D-Type-Industrial-Pneumatic-Hose-Barb-Plug-Dixon.jpg\",\"contentUrl\":\"https:\\\/\\\/www.zytho.ca\\\/wp-content\\\/uploads\\\/2025\\\/10\\\/D-Type-Industrial-Pneumatic-Hose-Barb-Plug-Dixon.jpg\",\"width\":1158,\"height\":1158},{\"@type\":\"BreadcrumbList\",\"@id\":\"https:\\\/\\\/www.zytho.ca\\\/fr\\\/produit\\\/bouchon-de-type-d-pour-tuyau-pneumatique-industriel-dixon\\\/#breadcrumb\",\"itemListElement\":[{\"@type\":\"ListItem\",\"position\":1,\"name\":\"Accueil\",\"item\":\"https:\\\/\\\/www.zytho.ca\\\/fr\\\/\"},{\"@type\":\"ListItem\",\"position\":2,\"name\":\"Shop\",\"item\":\"https:\\\/\\\/www.zytho.ca\\\/fr\\\/shop\\\/\"},{\"@type\":\"ListItem\",\"position\":3,\"name\":\"Bouchon de type D pour tuyau pneumatique industriel &#8211; Dixon\"}]},{\"@type\":\"WebSite\",\"@id\":\"https:\\\/\\\/www.zytho.ca\\\/fr\\\/#website\",\"url\":\"https:\\\/\\\/www.zytho.ca\\\/fr\\\/\",\"name\":\"Zytho\",\"description\":\"\",\"publisher\":{\"@id\":\"https:\\\/\\\/www.zytho.ca\\\/fr\\\/#organization\"},\"potentialAction\":[{\"@type\":\"SearchAction\",\"target\":{\"@type\":\"EntryPoint\",\"urlTemplate\":\"https:\\\/\\\/www.zytho.ca\\\/fr\\\/?s={search_term_string}\"},\"query-input\":{\"@type\":\"PropertyValueSpecification\",\"valueRequired\":true,\"valueName\":\"search_term_string\"}}],\"inLanguage\":\"fr-FR\"},{\"@type\":\"Organization\",\"@id\":\"https:\\\/\\\/www.zytho.ca\\\/fr\\\/#organization\",\"name\":\"Zytho\",\"url\":\"https:\\\/\\\/www.zytho.ca\\\/fr\\\/\",\"logo\":{\"@type\":\"ImageObject\",\"inLanguage\":\"fr-FR\",\"@id\":\"https:\\\/\\\/www.zytho.ca\\\/fr\\\/#\\\/schema\\\/logo\\\/image\\\/\",\"url\":\"https:\\\/\\\/www.zytho.ca\\\/wp-content\\\/uploads\\\/2024\\\/05\\\/Zytho_reversed_horizontal.svg\",\"contentUrl\":\"https:\\\/\\\/www.zytho.ca\\\/wp-content\\\/uploads\\\/2024\\\/05\\\/Zytho_reversed_horizontal.svg\",\"width\":1582,\"height\":490,\"caption\":\"Zytho\"},\"image\":{\"@id\":\"https:\\\/\\\/www.zytho.ca\\\/fr\\\/#\\\/schema\\\/logo\\\/image\\\/\"}}]}<\/script>\n<!-- \/ Yoast SEO plugin. -->","yoast_head_json":{"title":"Bouchon de type D pour tuyau pneumatique industriel - Dixon - Pour brasseries professionnelles | Zytho","description":"Optimisez l'efficacit\u00e9 de votre brasserie avec le bouchon de type D pour tuyau pneumatique industriel de Dixon. Profitez de connexions rapides, d'une durabilit\u00e9 robuste et d'une compatibilit\u00e9 universelle.","robots":{"index":"index","follow":"follow","max-snippet":"max-snippet:-1","max-image-preview":"max-image-preview:large","max-video-preview":"max-video-preview:-1"},"canonical":"https:\/\/www.zytho.ca\/fr\/produit\/bouchon-de-type-d-pour-tuyau-pneumatique-industriel-dixon\/","og_locale":"fr_FR","og_type":"article","og_title":"Bouchon de type D pour tuyau pneumatique industriel - Dixon - Pour brasseries professionnelles | Zytho","og_description":"Optimisez l'efficacit\u00e9 de votre brasserie avec le bouchon de type D pour tuyau pneumatique industriel de Dixon. Profitez de connexions rapides, d'une durabilit\u00e9 robuste et d'une compatibilit\u00e9 universelle.","og_url":"https:\/\/www.zytho.ca\/fr\/produit\/bouchon-de-type-d-pour-tuyau-pneumatique-industriel-dixon\/","og_site_name":"Zytho","article_modified_time":"2025-11-03T07:11:16+00:00","og_image":[{"width":1158,"height":1158,"url":"https:\/\/www.zytho.ca\/wp-content\/uploads\/2025\/10\/D-Type-Industrial-Pneumatic-Hose-Barb-Plug-Dixon.jpg","type":"image\/jpeg"}],"twitter_card":"summary_large_image","twitter_misc":{"Dur\u00e9e de lecture estim\u00e9e":"2 minutes"},"schema":{"@context":"https:\/\/schema.org","@graph":[{"@type":"WebPage","@id":"https:\/\/www.zytho.ca\/fr\/produit\/bouchon-de-type-d-pour-tuyau-pneumatique-industriel-dixon\/","url":"https:\/\/www.zytho.ca\/fr\/produit\/bouchon-de-type-d-pour-tuyau-pneumatique-industriel-dixon\/","name":"Bouchon de type D pour tuyau pneumatique industriel - Dixon - Pour brasseries professionnelles | Zytho","isPartOf":{"@id":"https:\/\/www.zytho.ca\/fr\/#website"},"primaryImageOfPage":{"@id":"https:\/\/www.zytho.ca\/fr\/produit\/bouchon-de-type-d-pour-tuyau-pneumatique-industriel-dixon\/#primaryimage"},"image":{"@id":"https:\/\/www.zytho.ca\/fr\/produit\/bouchon-de-type-d-pour-tuyau-pneumatique-industriel-dixon\/#primaryimage"},"thumbnailUrl":"https:\/\/www.zytho.ca\/wp-content\/uploads\/2025\/10\/D-Type-Industrial-Pneumatic-Hose-Barb-Plug-Dixon.jpg","datePublished":"2025-10-27T15:45:48+00:00","dateModified":"2025-11-03T07:11:16+00:00","description":"Optimisez l'efficacit\u00e9 de votre brasserie avec le bouchon de type D pour tuyau pneumatique industriel de Dixon. Profitez de connexions rapides, d'une durabilit\u00e9 robuste et d'une compatibilit\u00e9 universelle.","breadcrumb":{"@id":"https:\/\/www.zytho.ca\/fr\/produit\/bouchon-de-type-d-pour-tuyau-pneumatique-industriel-dixon\/#breadcrumb"},"inLanguage":"fr-FR","potentialAction":[{"@type":"ReadAction","target":["https:\/\/www.zytho.ca\/fr\/produit\/bouchon-de-type-d-pour-tuyau-pneumatique-industriel-dixon\/"]}]},{"@type":"ImageObject","inLanguage":"fr-FR","@id":"https:\/\/www.zytho.ca\/fr\/produit\/bouchon-de-type-d-pour-tuyau-pneumatique-industriel-dixon\/#primaryimage","url":"https:\/\/www.zytho.ca\/wp-content\/uploads\/2025\/10\/D-Type-Industrial-Pneumatic-Hose-Barb-Plug-Dixon.jpg","contentUrl":"https:\/\/www.zytho.ca\/wp-content\/uploads\/2025\/10\/D-Type-Industrial-Pneumatic-Hose-Barb-Plug-Dixon.jpg","width":1158,"height":1158},{"@type":"BreadcrumbList","@id":"https:\/\/www.zytho.ca\/fr\/produit\/bouchon-de-type-d-pour-tuyau-pneumatique-industriel-dixon\/#breadcrumb","itemListElement":[{"@type":"ListItem","position":1,"name":"Accueil","item":"https:\/\/www.zytho.ca\/fr\/"},{"@type":"ListItem","position":2,"name":"Shop","item":"https:\/\/www.zytho.ca\/fr\/shop\/"},{"@type":"ListItem","position":3,"name":"Bouchon de type D pour tuyau pneumatique industriel &#8211; Dixon"}]},{"@type":"WebSite","@id":"https:\/\/www.zytho.ca\/fr\/#website","url":"https:\/\/www.zytho.ca\/fr\/","name":"Zytho","description":"","publisher":{"@id":"https:\/\/www.zytho.ca\/fr\/#organization"},"potentialAction":[{"@type":"SearchAction","target":{"@type":"EntryPoint","urlTemplate":"https:\/\/www.zytho.ca\/fr\/?s={search_term_string}"},"query-input":{"@type":"PropertyValueSpecification","valueRequired":true,"valueName":"search_term_string"}}],"inLanguage":"fr-FR"},{"@type":"Organization","@id":"https:\/\/www.zytho.ca\/fr\/#organization","name":"Zytho","url":"https:\/\/www.zytho.ca\/fr\/","logo":{"@type":"ImageObject","inLanguage":"fr-FR","@id":"https:\/\/www.zytho.ca\/fr\/#\/schema\/logo\/image\/","url":"https:\/\/www.zytho.ca\/wp-content\/uploads\/2024\/05\/Zytho_reversed_horizontal.svg","contentUrl":"https:\/\/www.zytho.ca\/wp-content\/uploads\/2024\/05\/Zytho_reversed_horizontal.svg","width":1582,"height":490,"caption":"Zytho"},"image":{"@id":"https:\/\/www.zytho.ca\/fr\/#\/schema\/logo\/image\/"}}]}},"_links":{"self":[{"href":"https:\/\/www.zytho.ca\/fr\/wp-json\/wp\/v2\/product\/12922","targetHints":{"allow":["GET"]}}],"collection":[{"href":"https:\/\/www.zytho.ca\/fr\/wp-json\/wp\/v2\/product"}],"about":[{"href":"https:\/\/www.zytho.ca\/fr\/wp-json\/wp\/v2\/types\/product"}],"wp:featuredmedia":[{"embeddable":true,"href":"https:\/\/www.zytho.ca\/fr\/wp-json\/wp\/v2\/media\/12924"}],"wp:attachment":[{"href":"https:\/\/www.zytho.ca\/fr\/wp-json\/wp\/v2\/media?parent=12922"}],"wp:term":[{"taxonomy":"product_brand","embeddable":true,"href":"https:\/\/www.zytho.ca\/fr\/wp-json\/wp\/v2\/product_brand?post=12922"},{"taxonomy":"product_cat","embeddable":true,"href":"https:\/\/www.zytho.ca\/fr\/wp-json\/wp\/v2\/product_cat?post=12922"},{"taxonomy":"product_tag","embeddable":true,"href":"https:\/\/www.zytho.ca\/fr\/wp-json\/wp\/v2\/product_tag?post=12922"}],"curies":[{"name":"wp","href":"https:\/\/api.w.org\/{rel}","templated":true}]}}