{"id":12864,"date":"2025-10-27T15:45:49","date_gmt":"2025-10-27T15:45:49","guid":{"rendered":"https:\/\/zytho.ca\/product\/vanne-papillon-serie-b5107-avec-poignee-de-declenchement-dixon\/"},"modified":"2025-10-27T15:45:49","modified_gmt":"2025-10-27T15:45:49","slug":"vanne-papillon-serie-b5107-avec-poignee-de-declenchement-dixon","status":"publish","type":"product","link":"https:\/\/www.zytho.ca\/fr\/produit\/vanne-papillon-serie-b5107-avec-poignee-de-declenchement-dixon\/","title":{"rendered":"Vanne papillon s\u00e9rie B5107 avec poign\u00e9e de d\u00e9clenchement &#8211; Dixon"},"content":{"rendered":"<p>Les vannes papillon sont largement utilis\u00e9es comme principal type de vanne sanitaire en Am\u00e9rique du Nord. Ces vannes comportent une tranche positionn\u00e9e dans un si\u00e8ge circulaire, avec une poign\u00e9e ou un actionneur facilitant un contr\u00f4le pr\u00e9cis du d\u00e9bit. Fabriqu\u00e9es en acier inoxydable, elles sont id\u00e9ales pour les applications de tuyauterie dans les secteurs de l&#8217;alimentation, des boissons, de la biotechnologie et de la pharmacie. \u00c9quip\u00e9es d&#8217;une poign\u00e9e de d\u00e9clenchement, ces vannes papillon offrent des options de contr\u00f4le du d\u00e9bit am\u00e9lior\u00e9es par rapport \u00e0 la poign\u00e9e de tirage traditionnelle. Elles r\u00e9pondent aux normes rigoureuses des certifications ASME A270 et 3A.    <\/p>\n<h6><strong>Avantages :<\/strong><\/h6>\n<ul>\n<li>Capacit\u00e9 de flux bidirectionnel<\/li>\n<li>Faible r\u00e9sistance \u00e0 l&#8217;\u00e9coulement<\/li>\n<li>Conception auto-drainante<\/li>\n<li>Possibilit\u00e9 d&#8217;entretien sur le terrain<\/li>\n<li>Manipulation d\u00e9licate des m\u00e9dias<\/li>\n<li>Convient aux fluides de faible et moyenne viscosit\u00e9<\/li>\n<\/ul>\n<h6><strong>D\u00e9tails du produit :<\/strong><\/h6>\n<ul>\n<li>Coefficient d&#8217;\u00e9coulement : 7 CV<\/li>\n<li>Couple de rupture : 20 in. lbs. <\/li>\n<\/ul>\n<h6><strong>Construction :<\/strong><\/h6>\n<ul>\n<li>Toutes les surfaces mouill\u00e9es sont finies \u00e0 un niveau sanitaire de &lt; 32R\u2090.<\/li>\n<\/ul>\n<h6><strong>Note :<\/strong><\/h6>\n<ul>\n<li>La pression nominale (PSI), le coefficient de d\u00e9bit (CV) et le couple de rupture (in. lbs.) indiqu\u00e9s sont bas\u00e9s sur de l&#8217;eau \u00e0 20 \u00b0C \/ 68 \u00b0F.<\/li>\n<li>La poign\u00e9e est livr\u00e9e non assembl\u00e9e. Pour recevoir la vanne avec la poign\u00e9e pr\u00e9mont\u00e9e, veuillez le pr\u00e9ciser dans les instructions sp\u00e9ciales de votre commande. <\/li>\n<\/ul>\n<h6><strong>Sp\u00e9cifications dimensionnelles :<\/strong><\/h6>\n<ul>\n<li><a href=\"https:\/\/dixonvalve.com\/sites\/default\/files\/product\/pages\/B5107_Brochure.pdf\">Sp\u00e9cifications dimensionnelles<\/a><\/li>\n<\/ul>\n","protected":false},"excerpt":{"rendered":"<h4>B\u00e9n\u00e9ficiez d&#8217;un contr\u00f4le pr\u00e9cis et hygi\u00e9nique du d\u00e9bit avec la vanne papillon de la s\u00e9rie B5107, id\u00e9ale pour les applications de brassage professionnelles.<\/h4>\n<ul>\n<li>Capacit\u00e9 d&#8217;\u00e9coulement bidirectionnel pour des processus de brassage polyvalents<\/li>\n<li>Faible r\u00e9sistance \u00e0 l&#8217;\u00e9coulement, assurant un transfert efficace des fluides<\/li>\n<li>Conception autovidante pour maintenir l&#8217;hygi\u00e8ne et pr\u00e9venir la contamination<\/li>\n<\/ul>\n","protected":false},"featured_media":12883,"template":"","meta":{"_acf_changed":false,"inline_featured_image":false},"product_brand":[740],"product_cat":[736,741,826],"product_tag":[754,762,755,800],"class_list":{"0":"post-12864","1":"product","2":"type-product","3":"status-publish","4":"has-post-thumbnail","6":"product_brand-dixon","7":"product_cat-distribution","8":"product_cat-materiel","9":"product_cat-vannes-sanitaires","10":"product_tag-brasserie","11":"product_tag-cave","12":"product_tag-distillerie","13":"product_tag-soda","15":"first","16":"instock","17":"taxable","18":"shipping-taxable","19":"purchasable","20":"product-type-variable"},"acf":[],"yoast_head":"<!-- This site is optimized with the Yoast SEO plugin v27.6 - https:\/\/yoast.com\/product\/yoast-seo-wordpress\/ -->\n<title>Vanne papillon s\u00e9rie B5107 avec poign\u00e9e de d\u00e9clenchement - Dixon - Pour brasseries professionnelles | Zytho<\/title>\n<meta name=\"description\" content=\"D\u00e9couvrez la vanne papillon s\u00e9rie B5107 avec poign\u00e9e de d\u00e9clenchement de Dixon, con\u00e7ue pour les brasseries. Profitez d&#039;un contr\u00f4le pr\u00e9cis du d\u00e9bit, d&#039;une capacit\u00e9 bidirectionnelle et d&#039;une construction sanitaire en acier inoxydable. Id\u00e9al pour les applications alimentaires et les boissons.\" \/>\n<meta name=\"robots\" content=\"index, follow, max-snippet:-1, max-image-preview:large, max-video-preview:-1\" \/>\n<link rel=\"canonical\" href=\"https:\/\/www.zytho.ca\/fr\/produit\/vanne-papillon-serie-b5107-avec-poignee-de-declenchement-dixon\/\" \/>\n<meta property=\"og:locale\" content=\"fr_FR\" \/>\n<meta property=\"og:type\" content=\"article\" \/>\n<meta property=\"og:title\" content=\"Vanne papillon s\u00e9rie B5107 avec poign\u00e9e de d\u00e9clenchement - Dixon - Pour brasseries professionnelles | Zytho\" \/>\n<meta property=\"og:description\" content=\"D\u00e9couvrez la vanne papillon s\u00e9rie B5107 avec poign\u00e9e de d\u00e9clenchement de Dixon, con\u00e7ue pour les brasseries. Profitez d&#039;un contr\u00f4le pr\u00e9cis du d\u00e9bit, d&#039;une capacit\u00e9 bidirectionnelle et d&#039;une construction sanitaire en acier inoxydable. Id\u00e9al pour les applications alimentaires et les boissons.\" \/>\n<meta property=\"og:url\" content=\"https:\/\/www.zytho.ca\/fr\/produit\/vanne-papillon-serie-b5107-avec-poignee-de-declenchement-dixon\/\" \/>\n<meta property=\"og:site_name\" content=\"Zytho\" \/>\n<meta property=\"og:image\" content=\"https:\/\/www.zytho.ca\/wp-content\/uploads\/2025\/10\/B5107-Series-Butterfly-Valve-with-Trigger-Handle-Dixon.jpg\" \/>\n\t<meta property=\"og:image:width\" content=\"816\" \/>\n\t<meta property=\"og:image:height\" content=\"816\" \/>\n\t<meta property=\"og:image:type\" content=\"image\/jpeg\" \/>\n<meta name=\"twitter:card\" content=\"summary_large_image\" \/>\n<meta name=\"twitter:label1\" content=\"Dur\u00e9e de lecture estim\u00e9e\" \/>\n\t<meta name=\"twitter:data1\" content=\"1 minute\" \/>\n<script type=\"application\/ld+json\" class=\"yoast-schema-graph\">{\"@context\":\"https:\\\/\\\/schema.org\",\"@graph\":[{\"@type\":\"WebPage\",\"@id\":\"https:\\\/\\\/www.zytho.ca\\\/fr\\\/produit\\\/vanne-papillon-serie-b5107-avec-poignee-de-declenchement-dixon\\\/\",\"url\":\"https:\\\/\\\/www.zytho.ca\\\/fr\\\/produit\\\/vanne-papillon-serie-b5107-avec-poignee-de-declenchement-dixon\\\/\",\"name\":\"Vanne papillon s\u00e9rie B5107 avec poign\u00e9e de d\u00e9clenchement - Dixon - Pour brasseries professionnelles | Zytho\",\"isPartOf\":{\"@id\":\"https:\\\/\\\/www.zytho.ca\\\/fr\\\/#website\"},\"primaryImageOfPage\":{\"@id\":\"https:\\\/\\\/www.zytho.ca\\\/fr\\\/produit\\\/vanne-papillon-serie-b5107-avec-poignee-de-declenchement-dixon\\\/#primaryimage\"},\"image\":{\"@id\":\"https:\\\/\\\/www.zytho.ca\\\/fr\\\/produit\\\/vanne-papillon-serie-b5107-avec-poignee-de-declenchement-dixon\\\/#primaryimage\"},\"thumbnailUrl\":\"https:\\\/\\\/www.zytho.ca\\\/wp-content\\\/uploads\\\/2025\\\/10\\\/B5107-Series-Butterfly-Valve-with-Trigger-Handle-Dixon.jpg\",\"datePublished\":\"2025-10-27T15:45:49+00:00\",\"description\":\"D\u00e9couvrez la vanne papillon s\u00e9rie B5107 avec poign\u00e9e de d\u00e9clenchement de Dixon, con\u00e7ue pour les brasseries. Profitez d'un contr\u00f4le pr\u00e9cis du d\u00e9bit, d'une capacit\u00e9 bidirectionnelle et d'une construction sanitaire en acier inoxydable. Id\u00e9al pour les applications alimentaires et les boissons.\",\"breadcrumb\":{\"@id\":\"https:\\\/\\\/www.zytho.ca\\\/fr\\\/produit\\\/vanne-papillon-serie-b5107-avec-poignee-de-declenchement-dixon\\\/#breadcrumb\"},\"inLanguage\":\"fr-FR\",\"potentialAction\":[{\"@type\":\"ReadAction\",\"target\":[\"https:\\\/\\\/www.zytho.ca\\\/fr\\\/produit\\\/vanne-papillon-serie-b5107-avec-poignee-de-declenchement-dixon\\\/\"]}]},{\"@type\":\"ImageObject\",\"inLanguage\":\"fr-FR\",\"@id\":\"https:\\\/\\\/www.zytho.ca\\\/fr\\\/produit\\\/vanne-papillon-serie-b5107-avec-poignee-de-declenchement-dixon\\\/#primaryimage\",\"url\":\"https:\\\/\\\/www.zytho.ca\\\/wp-content\\\/uploads\\\/2025\\\/10\\\/B5107-Series-Butterfly-Valve-with-Trigger-Handle-Dixon.jpg\",\"contentUrl\":\"https:\\\/\\\/www.zytho.ca\\\/wp-content\\\/uploads\\\/2025\\\/10\\\/B5107-Series-Butterfly-Valve-with-Trigger-Handle-Dixon.jpg\",\"width\":816,\"height\":816},{\"@type\":\"BreadcrumbList\",\"@id\":\"https:\\\/\\\/www.zytho.ca\\\/fr\\\/produit\\\/vanne-papillon-serie-b5107-avec-poignee-de-declenchement-dixon\\\/#breadcrumb\",\"itemListElement\":[{\"@type\":\"ListItem\",\"position\":1,\"name\":\"Accueil\",\"item\":\"https:\\\/\\\/www.zytho.ca\\\/fr\\\/\"},{\"@type\":\"ListItem\",\"position\":2,\"name\":\"Shop\",\"item\":\"https:\\\/\\\/www.zytho.ca\\\/fr\\\/shop\\\/\"},{\"@type\":\"ListItem\",\"position\":3,\"name\":\"Vanne papillon s\u00e9rie B5107 avec poign\u00e9e de d\u00e9clenchement &#8211; Dixon\"}]},{\"@type\":\"WebSite\",\"@id\":\"https:\\\/\\\/www.zytho.ca\\\/fr\\\/#website\",\"url\":\"https:\\\/\\\/www.zytho.ca\\\/fr\\\/\",\"name\":\"Zytho\",\"description\":\"\",\"publisher\":{\"@id\":\"https:\\\/\\\/www.zytho.ca\\\/fr\\\/#organization\"},\"potentialAction\":[{\"@type\":\"SearchAction\",\"target\":{\"@type\":\"EntryPoint\",\"urlTemplate\":\"https:\\\/\\\/www.zytho.ca\\\/fr\\\/?s={search_term_string}\"},\"query-input\":{\"@type\":\"PropertyValueSpecification\",\"valueRequired\":true,\"valueName\":\"search_term_string\"}}],\"inLanguage\":\"fr-FR\"},{\"@type\":\"Organization\",\"@id\":\"https:\\\/\\\/www.zytho.ca\\\/fr\\\/#organization\",\"name\":\"Zytho\",\"url\":\"https:\\\/\\\/www.zytho.ca\\\/fr\\\/\",\"logo\":{\"@type\":\"ImageObject\",\"inLanguage\":\"fr-FR\",\"@id\":\"https:\\\/\\\/www.zytho.ca\\\/fr\\\/#\\\/schema\\\/logo\\\/image\\\/\",\"url\":\"https:\\\/\\\/www.zytho.ca\\\/wp-content\\\/uploads\\\/2024\\\/05\\\/Zytho_reversed_horizontal.svg\",\"contentUrl\":\"https:\\\/\\\/www.zytho.ca\\\/wp-content\\\/uploads\\\/2024\\\/05\\\/Zytho_reversed_horizontal.svg\",\"width\":1582,\"height\":490,\"caption\":\"Zytho\"},\"image\":{\"@id\":\"https:\\\/\\\/www.zytho.ca\\\/fr\\\/#\\\/schema\\\/logo\\\/image\\\/\"}}]}<\/script>\n<!-- \/ Yoast SEO plugin. -->","yoast_head_json":{"title":"Vanne papillon s\u00e9rie B5107 avec poign\u00e9e de d\u00e9clenchement - Dixon - Pour brasseries professionnelles | Zytho","description":"D\u00e9couvrez la vanne papillon s\u00e9rie B5107 avec poign\u00e9e de d\u00e9clenchement de Dixon, con\u00e7ue pour les brasseries. Profitez d'un contr\u00f4le pr\u00e9cis du d\u00e9bit, d'une capacit\u00e9 bidirectionnelle et d'une construction sanitaire en acier inoxydable. Id\u00e9al pour les applications alimentaires et les boissons.","robots":{"index":"index","follow":"follow","max-snippet":"max-snippet:-1","max-image-preview":"max-image-preview:large","max-video-preview":"max-video-preview:-1"},"canonical":"https:\/\/www.zytho.ca\/fr\/produit\/vanne-papillon-serie-b5107-avec-poignee-de-declenchement-dixon\/","og_locale":"fr_FR","og_type":"article","og_title":"Vanne papillon s\u00e9rie B5107 avec poign\u00e9e de d\u00e9clenchement - Dixon - Pour brasseries professionnelles | Zytho","og_description":"D\u00e9couvrez la vanne papillon s\u00e9rie B5107 avec poign\u00e9e de d\u00e9clenchement de Dixon, con\u00e7ue pour les brasseries. Profitez d'un contr\u00f4le pr\u00e9cis du d\u00e9bit, d'une capacit\u00e9 bidirectionnelle et d'une construction sanitaire en acier inoxydable. Id\u00e9al pour les applications alimentaires et les boissons.","og_url":"https:\/\/www.zytho.ca\/fr\/produit\/vanne-papillon-serie-b5107-avec-poignee-de-declenchement-dixon\/","og_site_name":"Zytho","og_image":[{"width":816,"height":816,"url":"https:\/\/www.zytho.ca\/wp-content\/uploads\/2025\/10\/B5107-Series-Butterfly-Valve-with-Trigger-Handle-Dixon.jpg","type":"image\/jpeg"}],"twitter_card":"summary_large_image","twitter_misc":{"Dur\u00e9e de lecture estim\u00e9e":"1 minute"},"schema":{"@context":"https:\/\/schema.org","@graph":[{"@type":"WebPage","@id":"https:\/\/www.zytho.ca\/fr\/produit\/vanne-papillon-serie-b5107-avec-poignee-de-declenchement-dixon\/","url":"https:\/\/www.zytho.ca\/fr\/produit\/vanne-papillon-serie-b5107-avec-poignee-de-declenchement-dixon\/","name":"Vanne papillon s\u00e9rie B5107 avec poign\u00e9e de d\u00e9clenchement - Dixon - Pour brasseries professionnelles | Zytho","isPartOf":{"@id":"https:\/\/www.zytho.ca\/fr\/#website"},"primaryImageOfPage":{"@id":"https:\/\/www.zytho.ca\/fr\/produit\/vanne-papillon-serie-b5107-avec-poignee-de-declenchement-dixon\/#primaryimage"},"image":{"@id":"https:\/\/www.zytho.ca\/fr\/produit\/vanne-papillon-serie-b5107-avec-poignee-de-declenchement-dixon\/#primaryimage"},"thumbnailUrl":"https:\/\/www.zytho.ca\/wp-content\/uploads\/2025\/10\/B5107-Series-Butterfly-Valve-with-Trigger-Handle-Dixon.jpg","datePublished":"2025-10-27T15:45:49+00:00","description":"D\u00e9couvrez la vanne papillon s\u00e9rie B5107 avec poign\u00e9e de d\u00e9clenchement de Dixon, con\u00e7ue pour les brasseries. Profitez d'un contr\u00f4le pr\u00e9cis du d\u00e9bit, d'une capacit\u00e9 bidirectionnelle et d'une construction sanitaire en acier inoxydable. Id\u00e9al pour les applications alimentaires et les boissons.","breadcrumb":{"@id":"https:\/\/www.zytho.ca\/fr\/produit\/vanne-papillon-serie-b5107-avec-poignee-de-declenchement-dixon\/#breadcrumb"},"inLanguage":"fr-FR","potentialAction":[{"@type":"ReadAction","target":["https:\/\/www.zytho.ca\/fr\/produit\/vanne-papillon-serie-b5107-avec-poignee-de-declenchement-dixon\/"]}]},{"@type":"ImageObject","inLanguage":"fr-FR","@id":"https:\/\/www.zytho.ca\/fr\/produit\/vanne-papillon-serie-b5107-avec-poignee-de-declenchement-dixon\/#primaryimage","url":"https:\/\/www.zytho.ca\/wp-content\/uploads\/2025\/10\/B5107-Series-Butterfly-Valve-with-Trigger-Handle-Dixon.jpg","contentUrl":"https:\/\/www.zytho.ca\/wp-content\/uploads\/2025\/10\/B5107-Series-Butterfly-Valve-with-Trigger-Handle-Dixon.jpg","width":816,"height":816},{"@type":"BreadcrumbList","@id":"https:\/\/www.zytho.ca\/fr\/produit\/vanne-papillon-serie-b5107-avec-poignee-de-declenchement-dixon\/#breadcrumb","itemListElement":[{"@type":"ListItem","position":1,"name":"Accueil","item":"https:\/\/www.zytho.ca\/fr\/"},{"@type":"ListItem","position":2,"name":"Shop","item":"https:\/\/www.zytho.ca\/fr\/shop\/"},{"@type":"ListItem","position":3,"name":"Vanne papillon s\u00e9rie B5107 avec poign\u00e9e de d\u00e9clenchement &#8211; Dixon"}]},{"@type":"WebSite","@id":"https:\/\/www.zytho.ca\/fr\/#website","url":"https:\/\/www.zytho.ca\/fr\/","name":"Zytho","description":"","publisher":{"@id":"https:\/\/www.zytho.ca\/fr\/#organization"},"potentialAction":[{"@type":"SearchAction","target":{"@type":"EntryPoint","urlTemplate":"https:\/\/www.zytho.ca\/fr\/?s={search_term_string}"},"query-input":{"@type":"PropertyValueSpecification","valueRequired":true,"valueName":"search_term_string"}}],"inLanguage":"fr-FR"},{"@type":"Organization","@id":"https:\/\/www.zytho.ca\/fr\/#organization","name":"Zytho","url":"https:\/\/www.zytho.ca\/fr\/","logo":{"@type":"ImageObject","inLanguage":"fr-FR","@id":"https:\/\/www.zytho.ca\/fr\/#\/schema\/logo\/image\/","url":"https:\/\/www.zytho.ca\/wp-content\/uploads\/2024\/05\/Zytho_reversed_horizontal.svg","contentUrl":"https:\/\/www.zytho.ca\/wp-content\/uploads\/2024\/05\/Zytho_reversed_horizontal.svg","width":1582,"height":490,"caption":"Zytho"},"image":{"@id":"https:\/\/www.zytho.ca\/fr\/#\/schema\/logo\/image\/"}}]}},"_links":{"self":[{"href":"https:\/\/www.zytho.ca\/fr\/wp-json\/wp\/v2\/product\/12864","targetHints":{"allow":["GET"]}}],"collection":[{"href":"https:\/\/www.zytho.ca\/fr\/wp-json\/wp\/v2\/product"}],"about":[{"href":"https:\/\/www.zytho.ca\/fr\/wp-json\/wp\/v2\/types\/product"}],"wp:featuredmedia":[{"embeddable":true,"href":"https:\/\/www.zytho.ca\/fr\/wp-json\/wp\/v2\/media\/12883"}],"wp:attachment":[{"href":"https:\/\/www.zytho.ca\/fr\/wp-json\/wp\/v2\/media?parent=12864"}],"wp:term":[{"taxonomy":"product_brand","embeddable":true,"href":"https:\/\/www.zytho.ca\/fr\/wp-json\/wp\/v2\/product_brand?post=12864"},{"taxonomy":"product_cat","embeddable":true,"href":"https:\/\/www.zytho.ca\/fr\/wp-json\/wp\/v2\/product_cat?post=12864"},{"taxonomy":"product_tag","embeddable":true,"href":"https:\/\/www.zytho.ca\/fr\/wp-json\/wp\/v2\/product_tag?post=12864"}],"curies":[{"name":"wp","href":"https:\/\/api.w.org\/{rel}","templated":true}]}}