{"id":12847,"date":"2025-10-27T15:46:05","date_gmt":"2025-10-27T15:46:05","guid":{"rendered":"https:\/\/zytho.ca\/product\/raccord-pneumatique-industriel-de-type-d-avec-fermeture-automatique-dixon\/"},"modified":"2025-11-03T07:11:14","modified_gmt":"2025-11-03T07:11:14","slug":"raccord-pneumatique-industriel-de-type-d-avec-fermeture-automatique-dixon","status":"publish","type":"product","link":"https:\/\/www.zytho.ca\/fr\/produit\/raccord-pneumatique-industriel-de-type-d-avec-fermeture-automatique-dixon\/","title":{"rendered":"Raccord pneumatique industriel de type D avec fermeture automatique &#8211; Dixon"},"content":{"rendered":"<h6><strong>Coupleur pneumatique industriel de type D avec fermeture automatique &#8211; Connexions fiables et efficaces<\/strong><\/h6>\n<h6><strong>Avantages :<\/strong><\/h6>\n<ul>\n<li>Assure des <strong>connexions s\u00fbres et rapides<\/strong> pour les syst\u00e8mes pneumatiques.<\/li>\n<li>Fabriqu\u00e9 \u00e0 partir d&#8217;un <strong>stock de barres solides<\/strong> avec des billes, des anneaux de retenue et des ressorts en acier inoxydable pour une <strong>r\u00e9sistance<\/strong> sup\u00e9rieure \u00e0 <strong>la corrosion<\/strong>.<\/li>\n<li>Comprend un <strong>m\u00e9canisme de fermeture automatique<\/strong> qui renforce la s\u00e9curit\u00e9 en \u00e9vitant les fuites.<\/li>\n<li>Compatible avec les raccords industriels interchangeables <strong>Foster<\/strong>, <strong>Parker<\/strong> et <strong>Hansen<\/strong>.<\/li>\n<li>Con\u00e7u pour supporter une <strong>pression de travail maximale de 35 bar (500 PSI)<\/strong> et une <strong>pression d&#8217;\u00e9clatement de 1 795 bar (26 000 PSI)<\/strong>.<\/li>\n<\/ul>\n<p>Le <strong>coupleur pneumatique industriel de type D \u00e0 fermeture automatique<\/strong> est con\u00e7u pour assurer des connexions rapides et fiables dans les <strong>syst\u00e8mes pneumatiques<\/strong>. Ce coupleur int\u00e8gre une conception de type <strong>bouchon et prise<\/strong> qui facilite la connexion et la d\u00e9connexion rapides, ce qui le rend optimal pour un acc\u00e8s fr\u00e9quent aux <strong>conduites d&#8217;air, d&#8217;eau, d&#8217;huile ou de gaz<\/strong>. Faisant partie de la famille des <strong>raccords industriels interchangeables<\/strong>, il garantit la compatibilit\u00e9 de toutes les prises industrielles de la m\u00eame taille, ind\u00e9pendamment de la taille du tuyau ou de l&#8217;ID de l&#8217;embout.  <\/p>\n<p>Fabriqu\u00e9 en <strong>acier inoxydable 303<\/strong> de premi\u00e8re qualit\u00e9, ce coupleur est con\u00e7u pour r\u00e9sister \u00e0 la <strong>corrosion<\/strong> et offrir des performances durables. Le <strong>m\u00e9canisme de fermeture automatique<\/strong> garantit l&#8217;\u00e9tanch\u00e9it\u00e9 de la ligne lors de la d\u00e9connexion, ce qui permet d&#8217;\u00e9viter les fuites et d&#8217;assurer la s\u00e9curit\u00e9 des op\u00e9rations. <\/p>\n<h6><strong>D\u00e9tails du produit<\/strong>:<\/h6>\n<ul>\n<li><strong>Construction<\/strong>: Usin\u00e9 \u00e0 partir d&#8217;un stock de barres solides, incorporant des composants en acier inoxydable.<\/li>\n<li><strong>Mat\u00e9riau des joints<\/strong>: Joints en nitrile (Buna-N).<\/li>\n<li><strong>Compatibilit\u00e9<\/strong>: S\u00e9ries Foster 3, 4, 5 et 6 ; Parker s\u00e9rie 30 ; Hansen 3000, 4000, 5000 et 6000.<\/li>\n<li><strong>Pression nominale<\/strong>: 35 bar (500 PSI) Pression de service maximale : 1 795 bar (26 000 PSI) \u00c9clatement.<\/li>\n<\/ul>\n<p>Ce coupleur est con\u00e7u pour fournir des connexions rapides et s\u00fbres et garantir un fonctionnement s\u00e9curis\u00e9, ce qui en fait un choix fiable pour les <strong>applications<\/strong> <strong>pneumatiques<\/strong> et <strong>industrielles<\/strong>.<\/p>\n","protected":false},"excerpt":{"rendered":"<h4>B\u00e9n\u00e9ficiez de connexions s\u00fbres, efficaces et r\u00e9sistantes \u00e0 la corrosion avec le coupleur pneumatique industriel de type D, id\u00e9al pour les applications de brassage professionnelles.<\/h4>\n<ul>\n<li>Assure des connexions rapides et s\u00fbres pour les syst\u00e8mes pneumatiques, am\u00e9liorant ainsi l&#8217;efficacit\u00e9 op\u00e9rationnelle.<\/li>\n<li>Fabriqu\u00e9 en acier inoxydable r\u00e9sistant \u00e0 la corrosion, il offre durabilit\u00e9 et long\u00e9vit\u00e9.<\/li>\n<li>Comprend un m\u00e9canisme de fermeture automatique pour \u00e9viter les fuites et garantir la s\u00e9curit\u00e9.<\/li>\n<\/ul>\n","protected":false},"featured_media":12852,"template":"","meta":{"_acf_changed":false,"inline_featured_image":false},"product_brand":[740],"product_cat":[736,741,749],"product_tag":[763,754,762,755,838],"class_list":{"0":"post-12847","1":"product","2":"type-product","3":"status-publish","4":"has-post-thumbnail","6":"product_brand-dixon","7":"product_cat-distribution","8":"product_cat-materiel","9":"product_cat-quincaillerie-industrielle","10":"product_tag-acier-inoxydable","11":"product_tag-brasserie","12":"product_tag-cave","13":"product_tag-distillerie","14":"product_tag-raccord-cannele","16":"first","17":"instock","18":"taxable","19":"shipping-taxable","20":"purchasable","21":"product-type-variable"},"acf":[],"yoast_head":"<!-- This site is optimized with the Yoast SEO plugin v27.6 - https:\/\/yoast.com\/product\/yoast-seo-wordpress\/ -->\n<title>Raccord pneumatique industriel de type D avec fermeture automatique - Dixon - Pour brasseries professionnelles | Zytho<\/title>\n<meta name=\"description\" content=\"Assurez des connexions fiables et efficaces dans votre brasserie avec le coupleur pneumatique industriel de type D de Dixon. Dot\u00e9 d&#039;un m\u00e9canisme de fermeture automatique, ce coupleur offre des connexions s\u00fbres et rapides et une r\u00e9sistance sup\u00e9rieure \u00e0 la corrosion, ce qui le rend id\u00e9al pour les syst\u00e8mes pneumatiques. Compatible avec les raccords Foster, Parker et Hansen, il supporte jusqu&#039;\u00e0 500 PSI, garantissant des op\u00e9rations s\u00fbres et fiables. Parfait pour les brasseurs professionnels \u00e0 la recherche de solutions durables et \u00e9tanches.\" \/>\n<meta name=\"robots\" content=\"index, follow, max-snippet:-1, max-image-preview:large, max-video-preview:-1\" \/>\n<link rel=\"canonical\" href=\"https:\/\/www.zytho.ca\/fr\/produit\/raccord-pneumatique-industriel-de-type-d-avec-fermeture-automatique-dixon\/\" \/>\n<meta property=\"og:locale\" content=\"fr_FR\" \/>\n<meta property=\"og:type\" content=\"article\" \/>\n<meta property=\"og:title\" content=\"Raccord pneumatique industriel de type D avec fermeture automatique - Dixon - Pour brasseries professionnelles | Zytho\" \/>\n<meta property=\"og:description\" content=\"Assurez des connexions fiables et efficaces dans votre brasserie avec le coupleur pneumatique industriel de type D de Dixon. Dot\u00e9 d&#039;un m\u00e9canisme de fermeture automatique, ce coupleur offre des connexions s\u00fbres et rapides et une r\u00e9sistance sup\u00e9rieure \u00e0 la corrosion, ce qui le rend id\u00e9al pour les syst\u00e8mes pneumatiques. Compatible avec les raccords Foster, Parker et Hansen, il supporte jusqu&#039;\u00e0 500 PSI, garantissant des op\u00e9rations s\u00fbres et fiables. Parfait pour les brasseurs professionnels \u00e0 la recherche de solutions durables et \u00e9tanches.\" \/>\n<meta property=\"og:url\" content=\"https:\/\/www.zytho.ca\/fr\/produit\/raccord-pneumatique-industriel-de-type-d-avec-fermeture-automatique-dixon\/\" \/>\n<meta property=\"og:site_name\" content=\"Zytho\" \/>\n<meta property=\"article:modified_time\" content=\"2025-11-03T07:11:14+00:00\" \/>\n<meta property=\"og:image\" content=\"https:\/\/www.zytho.ca\/wp-content\/uploads\/2025\/10\/D-Type-Industrial-Pneumatic-Hose-Barb-Coupler-with-Automatic-Close-Dixon.jpg\" \/>\n\t<meta property=\"og:image:width\" content=\"305\" \/>\n\t<meta property=\"og:image:height\" content=\"305\" \/>\n\t<meta property=\"og:image:type\" content=\"image\/jpeg\" \/>\n<meta name=\"twitter:card\" content=\"summary_large_image\" \/>\n<meta name=\"twitter:label1\" content=\"Dur\u00e9e de lecture estim\u00e9e\" \/>\n\t<meta name=\"twitter:data1\" content=\"2 minutes\" \/>\n<script type=\"application\/ld+json\" class=\"yoast-schema-graph\">{\"@context\":\"https:\\\/\\\/schema.org\",\"@graph\":[{\"@type\":\"WebPage\",\"@id\":\"https:\\\/\\\/www.zytho.ca\\\/fr\\\/produit\\\/raccord-pneumatique-industriel-de-type-d-avec-fermeture-automatique-dixon\\\/\",\"url\":\"https:\\\/\\\/www.zytho.ca\\\/fr\\\/produit\\\/raccord-pneumatique-industriel-de-type-d-avec-fermeture-automatique-dixon\\\/\",\"name\":\"Raccord pneumatique industriel de type D avec fermeture automatique - Dixon - Pour brasseries professionnelles | Zytho\",\"isPartOf\":{\"@id\":\"https:\\\/\\\/www.zytho.ca\\\/fr\\\/#website\"},\"primaryImageOfPage\":{\"@id\":\"https:\\\/\\\/www.zytho.ca\\\/fr\\\/produit\\\/raccord-pneumatique-industriel-de-type-d-avec-fermeture-automatique-dixon\\\/#primaryimage\"},\"image\":{\"@id\":\"https:\\\/\\\/www.zytho.ca\\\/fr\\\/produit\\\/raccord-pneumatique-industriel-de-type-d-avec-fermeture-automatique-dixon\\\/#primaryimage\"},\"thumbnailUrl\":\"https:\\\/\\\/www.zytho.ca\\\/wp-content\\\/uploads\\\/2025\\\/10\\\/D-Type-Industrial-Pneumatic-Hose-Barb-Coupler-with-Automatic-Close-Dixon.jpg\",\"datePublished\":\"2025-10-27T15:46:05+00:00\",\"dateModified\":\"2025-11-03T07:11:14+00:00\",\"description\":\"Assurez des connexions fiables et efficaces dans votre brasserie avec le coupleur pneumatique industriel de type D de Dixon. Dot\u00e9 d'un m\u00e9canisme de fermeture automatique, ce coupleur offre des connexions s\u00fbres et rapides et une r\u00e9sistance sup\u00e9rieure \u00e0 la corrosion, ce qui le rend id\u00e9al pour les syst\u00e8mes pneumatiques. Compatible avec les raccords Foster, Parker et Hansen, il supporte jusqu'\u00e0 500 PSI, garantissant des op\u00e9rations s\u00fbres et fiables. Parfait pour les brasseurs professionnels \u00e0 la recherche de solutions durables et \u00e9tanches.\",\"breadcrumb\":{\"@id\":\"https:\\\/\\\/www.zytho.ca\\\/fr\\\/produit\\\/raccord-pneumatique-industriel-de-type-d-avec-fermeture-automatique-dixon\\\/#breadcrumb\"},\"inLanguage\":\"fr-FR\",\"potentialAction\":[{\"@type\":\"ReadAction\",\"target\":[\"https:\\\/\\\/www.zytho.ca\\\/fr\\\/produit\\\/raccord-pneumatique-industriel-de-type-d-avec-fermeture-automatique-dixon\\\/\"]}]},{\"@type\":\"ImageObject\",\"inLanguage\":\"fr-FR\",\"@id\":\"https:\\\/\\\/www.zytho.ca\\\/fr\\\/produit\\\/raccord-pneumatique-industriel-de-type-d-avec-fermeture-automatique-dixon\\\/#primaryimage\",\"url\":\"https:\\\/\\\/www.zytho.ca\\\/wp-content\\\/uploads\\\/2025\\\/10\\\/D-Type-Industrial-Pneumatic-Hose-Barb-Coupler-with-Automatic-Close-Dixon.jpg\",\"contentUrl\":\"https:\\\/\\\/www.zytho.ca\\\/wp-content\\\/uploads\\\/2025\\\/10\\\/D-Type-Industrial-Pneumatic-Hose-Barb-Coupler-with-Automatic-Close-Dixon.jpg\",\"width\":305,\"height\":305},{\"@type\":\"BreadcrumbList\",\"@id\":\"https:\\\/\\\/www.zytho.ca\\\/fr\\\/produit\\\/raccord-pneumatique-industriel-de-type-d-avec-fermeture-automatique-dixon\\\/#breadcrumb\",\"itemListElement\":[{\"@type\":\"ListItem\",\"position\":1,\"name\":\"Accueil\",\"item\":\"https:\\\/\\\/www.zytho.ca\\\/fr\\\/\"},{\"@type\":\"ListItem\",\"position\":2,\"name\":\"Shop\",\"item\":\"https:\\\/\\\/www.zytho.ca\\\/fr\\\/shop\\\/\"},{\"@type\":\"ListItem\",\"position\":3,\"name\":\"Raccord pneumatique industriel de type D avec fermeture automatique &#8211; Dixon\"}]},{\"@type\":\"WebSite\",\"@id\":\"https:\\\/\\\/www.zytho.ca\\\/fr\\\/#website\",\"url\":\"https:\\\/\\\/www.zytho.ca\\\/fr\\\/\",\"name\":\"Zytho\",\"description\":\"\",\"publisher\":{\"@id\":\"https:\\\/\\\/www.zytho.ca\\\/fr\\\/#organization\"},\"potentialAction\":[{\"@type\":\"SearchAction\",\"target\":{\"@type\":\"EntryPoint\",\"urlTemplate\":\"https:\\\/\\\/www.zytho.ca\\\/fr\\\/?s={search_term_string}\"},\"query-input\":{\"@type\":\"PropertyValueSpecification\",\"valueRequired\":true,\"valueName\":\"search_term_string\"}}],\"inLanguage\":\"fr-FR\"},{\"@type\":\"Organization\",\"@id\":\"https:\\\/\\\/www.zytho.ca\\\/fr\\\/#organization\",\"name\":\"Zytho\",\"url\":\"https:\\\/\\\/www.zytho.ca\\\/fr\\\/\",\"logo\":{\"@type\":\"ImageObject\",\"inLanguage\":\"fr-FR\",\"@id\":\"https:\\\/\\\/www.zytho.ca\\\/fr\\\/#\\\/schema\\\/logo\\\/image\\\/\",\"url\":\"https:\\\/\\\/www.zytho.ca\\\/wp-content\\\/uploads\\\/2024\\\/05\\\/Zytho_reversed_horizontal.svg\",\"contentUrl\":\"https:\\\/\\\/www.zytho.ca\\\/wp-content\\\/uploads\\\/2024\\\/05\\\/Zytho_reversed_horizontal.svg\",\"width\":1582,\"height\":490,\"caption\":\"Zytho\"},\"image\":{\"@id\":\"https:\\\/\\\/www.zytho.ca\\\/fr\\\/#\\\/schema\\\/logo\\\/image\\\/\"}}]}<\/script>\n<!-- \/ Yoast SEO plugin. -->","yoast_head_json":{"title":"Raccord pneumatique industriel de type D avec fermeture automatique - Dixon - Pour brasseries professionnelles | Zytho","description":"Assurez des connexions fiables et efficaces dans votre brasserie avec le coupleur pneumatique industriel de type D de Dixon. Dot\u00e9 d'un m\u00e9canisme de fermeture automatique, ce coupleur offre des connexions s\u00fbres et rapides et une r\u00e9sistance sup\u00e9rieure \u00e0 la corrosion, ce qui le rend id\u00e9al pour les syst\u00e8mes pneumatiques. Compatible avec les raccords Foster, Parker et Hansen, il supporte jusqu'\u00e0 500 PSI, garantissant des op\u00e9rations s\u00fbres et fiables. Parfait pour les brasseurs professionnels \u00e0 la recherche de solutions durables et \u00e9tanches.","robots":{"index":"index","follow":"follow","max-snippet":"max-snippet:-1","max-image-preview":"max-image-preview:large","max-video-preview":"max-video-preview:-1"},"canonical":"https:\/\/www.zytho.ca\/fr\/produit\/raccord-pneumatique-industriel-de-type-d-avec-fermeture-automatique-dixon\/","og_locale":"fr_FR","og_type":"article","og_title":"Raccord pneumatique industriel de type D avec fermeture automatique - Dixon - Pour brasseries professionnelles | Zytho","og_description":"Assurez des connexions fiables et efficaces dans votre brasserie avec le coupleur pneumatique industriel de type D de Dixon. Dot\u00e9 d'un m\u00e9canisme de fermeture automatique, ce coupleur offre des connexions s\u00fbres et rapides et une r\u00e9sistance sup\u00e9rieure \u00e0 la corrosion, ce qui le rend id\u00e9al pour les syst\u00e8mes pneumatiques. Compatible avec les raccords Foster, Parker et Hansen, il supporte jusqu'\u00e0 500 PSI, garantissant des op\u00e9rations s\u00fbres et fiables. Parfait pour les brasseurs professionnels \u00e0 la recherche de solutions durables et \u00e9tanches.","og_url":"https:\/\/www.zytho.ca\/fr\/produit\/raccord-pneumatique-industriel-de-type-d-avec-fermeture-automatique-dixon\/","og_site_name":"Zytho","article_modified_time":"2025-11-03T07:11:14+00:00","og_image":[{"width":305,"height":305,"url":"https:\/\/www.zytho.ca\/wp-content\/uploads\/2025\/10\/D-Type-Industrial-Pneumatic-Hose-Barb-Coupler-with-Automatic-Close-Dixon.jpg","type":"image\/jpeg"}],"twitter_card":"summary_large_image","twitter_misc":{"Dur\u00e9e de lecture estim\u00e9e":"2 minutes"},"schema":{"@context":"https:\/\/schema.org","@graph":[{"@type":"WebPage","@id":"https:\/\/www.zytho.ca\/fr\/produit\/raccord-pneumatique-industriel-de-type-d-avec-fermeture-automatique-dixon\/","url":"https:\/\/www.zytho.ca\/fr\/produit\/raccord-pneumatique-industriel-de-type-d-avec-fermeture-automatique-dixon\/","name":"Raccord pneumatique industriel de type D avec fermeture automatique - Dixon - Pour brasseries professionnelles | Zytho","isPartOf":{"@id":"https:\/\/www.zytho.ca\/fr\/#website"},"primaryImageOfPage":{"@id":"https:\/\/www.zytho.ca\/fr\/produit\/raccord-pneumatique-industriel-de-type-d-avec-fermeture-automatique-dixon\/#primaryimage"},"image":{"@id":"https:\/\/www.zytho.ca\/fr\/produit\/raccord-pneumatique-industriel-de-type-d-avec-fermeture-automatique-dixon\/#primaryimage"},"thumbnailUrl":"https:\/\/www.zytho.ca\/wp-content\/uploads\/2025\/10\/D-Type-Industrial-Pneumatic-Hose-Barb-Coupler-with-Automatic-Close-Dixon.jpg","datePublished":"2025-10-27T15:46:05+00:00","dateModified":"2025-11-03T07:11:14+00:00","description":"Assurez des connexions fiables et efficaces dans votre brasserie avec le coupleur pneumatique industriel de type D de Dixon. Dot\u00e9 d'un m\u00e9canisme de fermeture automatique, ce coupleur offre des connexions s\u00fbres et rapides et une r\u00e9sistance sup\u00e9rieure \u00e0 la corrosion, ce qui le rend id\u00e9al pour les syst\u00e8mes pneumatiques. Compatible avec les raccords Foster, Parker et Hansen, il supporte jusqu'\u00e0 500 PSI, garantissant des op\u00e9rations s\u00fbres et fiables. Parfait pour les brasseurs professionnels \u00e0 la recherche de solutions durables et \u00e9tanches.","breadcrumb":{"@id":"https:\/\/www.zytho.ca\/fr\/produit\/raccord-pneumatique-industriel-de-type-d-avec-fermeture-automatique-dixon\/#breadcrumb"},"inLanguage":"fr-FR","potentialAction":[{"@type":"ReadAction","target":["https:\/\/www.zytho.ca\/fr\/produit\/raccord-pneumatique-industriel-de-type-d-avec-fermeture-automatique-dixon\/"]}]},{"@type":"ImageObject","inLanguage":"fr-FR","@id":"https:\/\/www.zytho.ca\/fr\/produit\/raccord-pneumatique-industriel-de-type-d-avec-fermeture-automatique-dixon\/#primaryimage","url":"https:\/\/www.zytho.ca\/wp-content\/uploads\/2025\/10\/D-Type-Industrial-Pneumatic-Hose-Barb-Coupler-with-Automatic-Close-Dixon.jpg","contentUrl":"https:\/\/www.zytho.ca\/wp-content\/uploads\/2025\/10\/D-Type-Industrial-Pneumatic-Hose-Barb-Coupler-with-Automatic-Close-Dixon.jpg","width":305,"height":305},{"@type":"BreadcrumbList","@id":"https:\/\/www.zytho.ca\/fr\/produit\/raccord-pneumatique-industriel-de-type-d-avec-fermeture-automatique-dixon\/#breadcrumb","itemListElement":[{"@type":"ListItem","position":1,"name":"Accueil","item":"https:\/\/www.zytho.ca\/fr\/"},{"@type":"ListItem","position":2,"name":"Shop","item":"https:\/\/www.zytho.ca\/fr\/shop\/"},{"@type":"ListItem","position":3,"name":"Raccord pneumatique industriel de type D avec fermeture automatique &#8211; Dixon"}]},{"@type":"WebSite","@id":"https:\/\/www.zytho.ca\/fr\/#website","url":"https:\/\/www.zytho.ca\/fr\/","name":"Zytho","description":"","publisher":{"@id":"https:\/\/www.zytho.ca\/fr\/#organization"},"potentialAction":[{"@type":"SearchAction","target":{"@type":"EntryPoint","urlTemplate":"https:\/\/www.zytho.ca\/fr\/?s={search_term_string}"},"query-input":{"@type":"PropertyValueSpecification","valueRequired":true,"valueName":"search_term_string"}}],"inLanguage":"fr-FR"},{"@type":"Organization","@id":"https:\/\/www.zytho.ca\/fr\/#organization","name":"Zytho","url":"https:\/\/www.zytho.ca\/fr\/","logo":{"@type":"ImageObject","inLanguage":"fr-FR","@id":"https:\/\/www.zytho.ca\/fr\/#\/schema\/logo\/image\/","url":"https:\/\/www.zytho.ca\/wp-content\/uploads\/2024\/05\/Zytho_reversed_horizontal.svg","contentUrl":"https:\/\/www.zytho.ca\/wp-content\/uploads\/2024\/05\/Zytho_reversed_horizontal.svg","width":1582,"height":490,"caption":"Zytho"},"image":{"@id":"https:\/\/www.zytho.ca\/fr\/#\/schema\/logo\/image\/"}}]}},"_links":{"self":[{"href":"https:\/\/www.zytho.ca\/fr\/wp-json\/wp\/v2\/product\/12847","targetHints":{"allow":["GET"]}}],"collection":[{"href":"https:\/\/www.zytho.ca\/fr\/wp-json\/wp\/v2\/product"}],"about":[{"href":"https:\/\/www.zytho.ca\/fr\/wp-json\/wp\/v2\/types\/product"}],"wp:featuredmedia":[{"embeddable":true,"href":"https:\/\/www.zytho.ca\/fr\/wp-json\/wp\/v2\/media\/12852"}],"wp:attachment":[{"href":"https:\/\/www.zytho.ca\/fr\/wp-json\/wp\/v2\/media?parent=12847"}],"wp:term":[{"taxonomy":"product_brand","embeddable":true,"href":"https:\/\/www.zytho.ca\/fr\/wp-json\/wp\/v2\/product_brand?post=12847"},{"taxonomy":"product_cat","embeddable":true,"href":"https:\/\/www.zytho.ca\/fr\/wp-json\/wp\/v2\/product_cat?post=12847"},{"taxonomy":"product_tag","embeddable":true,"href":"https:\/\/www.zytho.ca\/fr\/wp-json\/wp\/v2\/product_tag?post=12847"}],"curies":[{"name":"wp","href":"https:\/\/api.w.org\/{rel}","templated":true}]}}