{"id":12754,"date":"2025-10-27T15:46:01","date_gmt":"2025-10-27T15:46:01","guid":{"rendered":"https:\/\/zytho.ca\/product\/couvertures-de-protection-bleues-pour-les-extremites-de-soudure-dixon\/"},"modified":"2025-10-27T15:46:01","modified_gmt":"2025-10-27T15:46:01","slug":"couvertures-de-protection-bleues-pour-les-extremites-de-soudure-dixon","status":"publish","type":"product","link":"https:\/\/www.zytho.ca\/fr\/produit\/couvertures-de-protection-bleues-pour-les-extremites-de-soudure-dixon\/","title":{"rendered":"Couvertures de protection bleues pour les extr\u00e9mit\u00e9s de soudure &#8211; Dixon"},"content":{"rendered":"<h6><strong>Couvertures de protection bleues pour extr\u00e9mit\u00e9s soud\u00e9es &#8211; Protection essentielle pour les raccords, les vannes et les pompes.<\/strong><\/h6>\n<p>Ces <strong>housses de protection<\/strong> sont essentielles pour maintenir la propret\u00e9, la s\u00e9curit\u00e9 et la fiabilit\u00e9 de vos environnements de traitement sanitaire. Elles prot\u00e8gent efficacement votre \u00e9quipement en \u00e9vitant la contamination et les dommages pendant le transport ou le stockage. <\/p>\n<h6><strong>  Avantages :  <\/strong><\/h6>\n<ul>\n<li>Assure la protection des <strong>extr\u00e9mit\u00e9s soud\u00e9es<\/strong> sur les raccords, les vannes et les pompes.<\/li>\n<li>Con\u00e7us pour \u00e9viter la <strong>contamination et les dommages<\/strong> pendant le transport ou le stockage.<\/li>\n<li>Con\u00e7u pour une application et un retrait faciles, il facilite l&#8217;utilisation.<\/li>\n<li>Convient parfaitement aux <strong>industries de l&#8217;alimentation, des boissons, de la biotechnologie et des produits pharmaceutiques<\/strong>.<\/li>\n<\/ul>\n<p>Les <strong>couvercles de protection bleus pour extr\u00e9mit\u00e9s soud\u00e9es<\/strong> sont con\u00e7us pour prot\u00e9ger les <strong>extr\u00e9mit\u00e9s<\/strong> des raccords, des vannes et des pompes lorsqu&#8217;ils ne sont pas utilis\u00e9s, pendant le transport ou le stockage. Ces housses constituent une solution efficace pour emp\u00eacher les d\u00e9bris et les contaminants de p\u00e9n\u00e9trer dans les points de connexion critiques, pr\u00e9servant ainsi l&#8217;int\u00e9grit\u00e9 de votre \u00e9quipement de traitement sanitaire. <\/p>\n<h6><strong>  D\u00e9tails du produit :  <\/strong><\/h6>\n<ul>\n<li><strong>Page du catalogue<\/strong>: <a href=\"https:\/\/www.dixonvalve.com\/sites\/default\/files\/product\/pages\/us\/DPL418%20-%20610.pdf\">DPL418 &#8211; 610<\/a><\/li>\n<\/ul>\n","protected":false},"excerpt":{"rendered":"<h4>Les housses de protection bleues Weld End garantissent la propret\u00e9 et l&#8217;int\u00e9grit\u00e9 de votre \u00e9quipement de brassage en \u00e9vitant la contamination et les dommages.<\/h4>\n<ul>\n<li>Prot\u00e8ge les extr\u00e9mit\u00e9s des soudures sur les raccords, les vannes et les pompes contre la contamination.<\/li>\n<li>Facile \u00e0 appliquer et \u00e0 retirer, il am\u00e9liore l&#8217;efficacit\u00e9 op\u00e9rationnelle.<\/li>\n<li>Essentiel pour maintenir des conditions sanitaires dans les environnements de brassage.<\/li>\n<\/ul>\n","protected":false},"featured_media":12759,"template":"","meta":{"_acf_changed":false,"inline_featured_image":false},"product_brand":[740],"product_cat":[736,741,765],"product_tag":[],"class_list":{"0":"post-12754","1":"product","2":"type-product","3":"status-publish","4":"has-post-thumbnail","6":"product_brand-dixon","7":"product_cat-distribution","8":"product_cat-materiel","9":"product_cat-raccords-sanitaires","11":"first","12":"instock","13":"taxable","14":"shipping-taxable","15":"purchasable","16":"product-type-variable"},"acf":[],"yoast_head":"<!-- This site is optimized with the Yoast SEO plugin v27.6 - https:\/\/yoast.com\/product\/yoast-seo-wordpress\/ -->\n<title>Couvertures de protection bleues Weld End - Dixon - Pour brasseries professionnelles | Zytho<\/title>\n<meta name=\"description\" content=\"Prot\u00e9gez l&#039;\u00e9quipement de votre brasserie avec les housses de protection bleues Weld End de Dixon. Emp\u00eachez la contamination et l&#039;endommagement des raccords, des vannes et des pompes pendant le transport ou le stockage.\" \/>\n<meta name=\"robots\" content=\"index, follow, max-snippet:-1, max-image-preview:large, max-video-preview:-1\" \/>\n<link rel=\"canonical\" href=\"https:\/\/www.zytho.ca\/fr\/produit\/couvertures-de-protection-bleues-pour-les-extremites-de-soudure-dixon\/\" \/>\n<meta property=\"og:locale\" content=\"fr_FR\" \/>\n<meta property=\"og:type\" content=\"article\" \/>\n<meta property=\"og:title\" content=\"Couvertures de protection bleues Weld End - Dixon - Pour brasseries professionnelles | Zytho\" \/>\n<meta property=\"og:description\" content=\"Prot\u00e9gez l&#039;\u00e9quipement de votre brasserie avec les housses de protection bleues Weld End de Dixon. Emp\u00eachez la contamination et l&#039;endommagement des raccords, des vannes et des pompes pendant le transport ou le stockage.\" \/>\n<meta property=\"og:url\" content=\"https:\/\/www.zytho.ca\/fr\/produit\/couvertures-de-protection-bleues-pour-les-extremites-de-soudure-dixon\/\" \/>\n<meta property=\"og:site_name\" content=\"Zytho\" \/>\n<meta property=\"og:image\" content=\"https:\/\/www.zytho.ca\/wp-content\/uploads\/2025\/10\/Weld-End-Blue-Protection-Covers-Dixon.jpg\" \/>\n\t<meta property=\"og:image:width\" content=\"528\" \/>\n\t<meta property=\"og:image:height\" content=\"528\" \/>\n\t<meta property=\"og:image:type\" content=\"image\/jpeg\" \/>\n<meta name=\"twitter:card\" content=\"summary_large_image\" \/>\n<meta name=\"twitter:label1\" content=\"Dur\u00e9e de lecture estim\u00e9e\" \/>\n\t<meta name=\"twitter:data1\" content=\"1 minute\" \/>\n<script type=\"application\/ld+json\" class=\"yoast-schema-graph\">{\"@context\":\"https:\\\/\\\/schema.org\",\"@graph\":[{\"@type\":\"WebPage\",\"@id\":\"https:\\\/\\\/www.zytho.ca\\\/fr\\\/produit\\\/couvertures-de-protection-bleues-pour-les-extremites-de-soudure-dixon\\\/\",\"url\":\"https:\\\/\\\/www.zytho.ca\\\/fr\\\/produit\\\/couvertures-de-protection-bleues-pour-les-extremites-de-soudure-dixon\\\/\",\"name\":\"Couvertures de protection bleues Weld End - Dixon - Pour brasseries professionnelles | Zytho\",\"isPartOf\":{\"@id\":\"https:\\\/\\\/www.zytho.ca\\\/fr\\\/#website\"},\"primaryImageOfPage\":{\"@id\":\"https:\\\/\\\/www.zytho.ca\\\/fr\\\/produit\\\/couvertures-de-protection-bleues-pour-les-extremites-de-soudure-dixon\\\/#primaryimage\"},\"image\":{\"@id\":\"https:\\\/\\\/www.zytho.ca\\\/fr\\\/produit\\\/couvertures-de-protection-bleues-pour-les-extremites-de-soudure-dixon\\\/#primaryimage\"},\"thumbnailUrl\":\"https:\\\/\\\/www.zytho.ca\\\/wp-content\\\/uploads\\\/2025\\\/10\\\/Weld-End-Blue-Protection-Covers-Dixon.jpg\",\"datePublished\":\"2025-10-27T15:46:01+00:00\",\"description\":\"Prot\u00e9gez l'\u00e9quipement de votre brasserie avec les housses de protection bleues Weld End de Dixon. Emp\u00eachez la contamination et l'endommagement des raccords, des vannes et des pompes pendant le transport ou le stockage.\",\"breadcrumb\":{\"@id\":\"https:\\\/\\\/www.zytho.ca\\\/fr\\\/produit\\\/couvertures-de-protection-bleues-pour-les-extremites-de-soudure-dixon\\\/#breadcrumb\"},\"inLanguage\":\"fr-FR\",\"potentialAction\":[{\"@type\":\"ReadAction\",\"target\":[\"https:\\\/\\\/www.zytho.ca\\\/fr\\\/produit\\\/couvertures-de-protection-bleues-pour-les-extremites-de-soudure-dixon\\\/\"]}]},{\"@type\":\"ImageObject\",\"inLanguage\":\"fr-FR\",\"@id\":\"https:\\\/\\\/www.zytho.ca\\\/fr\\\/produit\\\/couvertures-de-protection-bleues-pour-les-extremites-de-soudure-dixon\\\/#primaryimage\",\"url\":\"https:\\\/\\\/www.zytho.ca\\\/wp-content\\\/uploads\\\/2025\\\/10\\\/Weld-End-Blue-Protection-Covers-Dixon.jpg\",\"contentUrl\":\"https:\\\/\\\/www.zytho.ca\\\/wp-content\\\/uploads\\\/2025\\\/10\\\/Weld-End-Blue-Protection-Covers-Dixon.jpg\",\"width\":528,\"height\":528},{\"@type\":\"BreadcrumbList\",\"@id\":\"https:\\\/\\\/www.zytho.ca\\\/fr\\\/produit\\\/couvertures-de-protection-bleues-pour-les-extremites-de-soudure-dixon\\\/#breadcrumb\",\"itemListElement\":[{\"@type\":\"ListItem\",\"position\":1,\"name\":\"Accueil\",\"item\":\"https:\\\/\\\/www.zytho.ca\\\/fr\\\/\"},{\"@type\":\"ListItem\",\"position\":2,\"name\":\"Shop\",\"item\":\"https:\\\/\\\/www.zytho.ca\\\/fr\\\/shop\\\/\"},{\"@type\":\"ListItem\",\"position\":3,\"name\":\"Couvertures de protection bleues pour les extr\u00e9mit\u00e9s de soudure &#8211; Dixon\"}]},{\"@type\":\"WebSite\",\"@id\":\"https:\\\/\\\/www.zytho.ca\\\/fr\\\/#website\",\"url\":\"https:\\\/\\\/www.zytho.ca\\\/fr\\\/\",\"name\":\"Zytho\",\"description\":\"\",\"publisher\":{\"@id\":\"https:\\\/\\\/www.zytho.ca\\\/fr\\\/#organization\"},\"potentialAction\":[{\"@type\":\"SearchAction\",\"target\":{\"@type\":\"EntryPoint\",\"urlTemplate\":\"https:\\\/\\\/www.zytho.ca\\\/fr\\\/?s={search_term_string}\"},\"query-input\":{\"@type\":\"PropertyValueSpecification\",\"valueRequired\":true,\"valueName\":\"search_term_string\"}}],\"inLanguage\":\"fr-FR\"},{\"@type\":\"Organization\",\"@id\":\"https:\\\/\\\/www.zytho.ca\\\/fr\\\/#organization\",\"name\":\"Zytho\",\"url\":\"https:\\\/\\\/www.zytho.ca\\\/fr\\\/\",\"logo\":{\"@type\":\"ImageObject\",\"inLanguage\":\"fr-FR\",\"@id\":\"https:\\\/\\\/www.zytho.ca\\\/fr\\\/#\\\/schema\\\/logo\\\/image\\\/\",\"url\":\"https:\\\/\\\/www.zytho.ca\\\/wp-content\\\/uploads\\\/2024\\\/05\\\/Zytho_reversed_horizontal.svg\",\"contentUrl\":\"https:\\\/\\\/www.zytho.ca\\\/wp-content\\\/uploads\\\/2024\\\/05\\\/Zytho_reversed_horizontal.svg\",\"width\":1582,\"height\":490,\"caption\":\"Zytho\"},\"image\":{\"@id\":\"https:\\\/\\\/www.zytho.ca\\\/fr\\\/#\\\/schema\\\/logo\\\/image\\\/\"}}]}<\/script>\n<!-- \/ Yoast SEO plugin. -->","yoast_head_json":{"title":"Couvertures de protection bleues Weld End - Dixon - Pour brasseries professionnelles | Zytho","description":"Prot\u00e9gez l'\u00e9quipement de votre brasserie avec les housses de protection bleues Weld End de Dixon. Emp\u00eachez la contamination et l'endommagement des raccords, des vannes et des pompes pendant le transport ou le stockage.","robots":{"index":"index","follow":"follow","max-snippet":"max-snippet:-1","max-image-preview":"max-image-preview:large","max-video-preview":"max-video-preview:-1"},"canonical":"https:\/\/www.zytho.ca\/fr\/produit\/couvertures-de-protection-bleues-pour-les-extremites-de-soudure-dixon\/","og_locale":"fr_FR","og_type":"article","og_title":"Couvertures de protection bleues Weld End - Dixon - Pour brasseries professionnelles | Zytho","og_description":"Prot\u00e9gez l'\u00e9quipement de votre brasserie avec les housses de protection bleues Weld End de Dixon. Emp\u00eachez la contamination et l'endommagement des raccords, des vannes et des pompes pendant le transport ou le stockage.","og_url":"https:\/\/www.zytho.ca\/fr\/produit\/couvertures-de-protection-bleues-pour-les-extremites-de-soudure-dixon\/","og_site_name":"Zytho","og_image":[{"width":528,"height":528,"url":"https:\/\/www.zytho.ca\/wp-content\/uploads\/2025\/10\/Weld-End-Blue-Protection-Covers-Dixon.jpg","type":"image\/jpeg"}],"twitter_card":"summary_large_image","twitter_misc":{"Dur\u00e9e de lecture estim\u00e9e":"1 minute"},"schema":{"@context":"https:\/\/schema.org","@graph":[{"@type":"WebPage","@id":"https:\/\/www.zytho.ca\/fr\/produit\/couvertures-de-protection-bleues-pour-les-extremites-de-soudure-dixon\/","url":"https:\/\/www.zytho.ca\/fr\/produit\/couvertures-de-protection-bleues-pour-les-extremites-de-soudure-dixon\/","name":"Couvertures de protection bleues Weld End - Dixon - Pour brasseries professionnelles | Zytho","isPartOf":{"@id":"https:\/\/www.zytho.ca\/fr\/#website"},"primaryImageOfPage":{"@id":"https:\/\/www.zytho.ca\/fr\/produit\/couvertures-de-protection-bleues-pour-les-extremites-de-soudure-dixon\/#primaryimage"},"image":{"@id":"https:\/\/www.zytho.ca\/fr\/produit\/couvertures-de-protection-bleues-pour-les-extremites-de-soudure-dixon\/#primaryimage"},"thumbnailUrl":"https:\/\/www.zytho.ca\/wp-content\/uploads\/2025\/10\/Weld-End-Blue-Protection-Covers-Dixon.jpg","datePublished":"2025-10-27T15:46:01+00:00","description":"Prot\u00e9gez l'\u00e9quipement de votre brasserie avec les housses de protection bleues Weld End de Dixon. Emp\u00eachez la contamination et l'endommagement des raccords, des vannes et des pompes pendant le transport ou le stockage.","breadcrumb":{"@id":"https:\/\/www.zytho.ca\/fr\/produit\/couvertures-de-protection-bleues-pour-les-extremites-de-soudure-dixon\/#breadcrumb"},"inLanguage":"fr-FR","potentialAction":[{"@type":"ReadAction","target":["https:\/\/www.zytho.ca\/fr\/produit\/couvertures-de-protection-bleues-pour-les-extremites-de-soudure-dixon\/"]}]},{"@type":"ImageObject","inLanguage":"fr-FR","@id":"https:\/\/www.zytho.ca\/fr\/produit\/couvertures-de-protection-bleues-pour-les-extremites-de-soudure-dixon\/#primaryimage","url":"https:\/\/www.zytho.ca\/wp-content\/uploads\/2025\/10\/Weld-End-Blue-Protection-Covers-Dixon.jpg","contentUrl":"https:\/\/www.zytho.ca\/wp-content\/uploads\/2025\/10\/Weld-End-Blue-Protection-Covers-Dixon.jpg","width":528,"height":528},{"@type":"BreadcrumbList","@id":"https:\/\/www.zytho.ca\/fr\/produit\/couvertures-de-protection-bleues-pour-les-extremites-de-soudure-dixon\/#breadcrumb","itemListElement":[{"@type":"ListItem","position":1,"name":"Accueil","item":"https:\/\/www.zytho.ca\/fr\/"},{"@type":"ListItem","position":2,"name":"Shop","item":"https:\/\/www.zytho.ca\/fr\/shop\/"},{"@type":"ListItem","position":3,"name":"Couvertures de protection bleues pour les extr\u00e9mit\u00e9s de soudure &#8211; Dixon"}]},{"@type":"WebSite","@id":"https:\/\/www.zytho.ca\/fr\/#website","url":"https:\/\/www.zytho.ca\/fr\/","name":"Zytho","description":"","publisher":{"@id":"https:\/\/www.zytho.ca\/fr\/#organization"},"potentialAction":[{"@type":"SearchAction","target":{"@type":"EntryPoint","urlTemplate":"https:\/\/www.zytho.ca\/fr\/?s={search_term_string}"},"query-input":{"@type":"PropertyValueSpecification","valueRequired":true,"valueName":"search_term_string"}}],"inLanguage":"fr-FR"},{"@type":"Organization","@id":"https:\/\/www.zytho.ca\/fr\/#organization","name":"Zytho","url":"https:\/\/www.zytho.ca\/fr\/","logo":{"@type":"ImageObject","inLanguage":"fr-FR","@id":"https:\/\/www.zytho.ca\/fr\/#\/schema\/logo\/image\/","url":"https:\/\/www.zytho.ca\/wp-content\/uploads\/2024\/05\/Zytho_reversed_horizontal.svg","contentUrl":"https:\/\/www.zytho.ca\/wp-content\/uploads\/2024\/05\/Zytho_reversed_horizontal.svg","width":1582,"height":490,"caption":"Zytho"},"image":{"@id":"https:\/\/www.zytho.ca\/fr\/#\/schema\/logo\/image\/"}}]}},"_links":{"self":[{"href":"https:\/\/www.zytho.ca\/fr\/wp-json\/wp\/v2\/product\/12754","targetHints":{"allow":["GET"]}}],"collection":[{"href":"https:\/\/www.zytho.ca\/fr\/wp-json\/wp\/v2\/product"}],"about":[{"href":"https:\/\/www.zytho.ca\/fr\/wp-json\/wp\/v2\/types\/product"}],"wp:featuredmedia":[{"embeddable":true,"href":"https:\/\/www.zytho.ca\/fr\/wp-json\/wp\/v2\/media\/12759"}],"wp:attachment":[{"href":"https:\/\/www.zytho.ca\/fr\/wp-json\/wp\/v2\/media?parent=12754"}],"wp:term":[{"taxonomy":"product_brand","embeddable":true,"href":"https:\/\/www.zytho.ca\/fr\/wp-json\/wp\/v2\/product_brand?post=12754"},{"taxonomy":"product_cat","embeddable":true,"href":"https:\/\/www.zytho.ca\/fr\/wp-json\/wp\/v2\/product_cat?post=12754"},{"taxonomy":"product_tag","embeddable":true,"href":"https:\/\/www.zytho.ca\/fr\/wp-json\/wp\/v2\/product_tag?post=12754"}],"curies":[{"name":"wp","href":"https:\/\/api.w.org\/{rel}","templated":true}]}}