{"id":12696,"date":"2025-10-27T15:46:24","date_gmt":"2025-10-27T15:46:24","guid":{"rendered":"https:\/\/zytho.ca\/product\/pince-a-vis-sans-fin-miniature-en-acier-inoxydable-10-pieces-dixon\/"},"modified":"2025-10-27T15:46:24","modified_gmt":"2025-10-27T15:46:24","slug":"pince-a-vis-sans-fin-miniature-en-acier-inoxydable-10-pieces-dixon","status":"publish","type":"product","link":"https:\/\/www.zytho.ca\/fr\/produit\/pince-a-vis-sans-fin-miniature-en-acier-inoxydable-10-pieces-dixon\/","title":{"rendered":"Pince \u00e0 vis sans fin miniature en acier inoxydable &#8211; 10 pi\u00e8ces &#8211; Dixon"},"content":{"rendered":"<p>Con\u00e7us pour \u00eatre fiables, les colliers de serrage \u00e0 vis sans fin \u00e0 verrouillage sont essentiels pour fixer diff\u00e9rents types de tuyaux, y compris les syst\u00e8mes pneumatiques et d&#8217;\u00e9chappement. Con\u00e7us pour \u00e9viter le cisaillement, ces colliers \u00e0 usage g\u00e9n\u00e9ral sont dot\u00e9s d&#8217;un m\u00e9canisme de verrouillage, tandis que les colliers sp\u00e9cifiques aux syst\u00e8mes d&#8217;\u00e9chappement sont d\u00e9pourvus de trous pour prot\u00e9ger les tuyaux contre les dommages et emp\u00eacher les fuites de fum\u00e9es. Fabriqu\u00e9s en acier inoxydable, ces colliers \u00e0 vis sans fin offrent une r\u00e9sistance exceptionnelle \u00e0 la rouille et \u00e0 la corrosion, ce qui les rend id\u00e9aux pour une utilisation dans des environnements humides ou mouill\u00e9s.  <\/p>\n<h6><strong>Avantages :<\/strong><\/h6>\n<ul>\n<li>\u00c9vite les dommages aux tuyaux et les fuites de fum\u00e9es gr\u00e2ce \u00e0 une conception sans trou pour les applications d&#8217;\u00e9chappement<\/li>\n<li>Le m\u00e9canisme d&#8217;embo\u00eetement garantit la durabilit\u00e9 et emp\u00eache le cisaillement.<\/li>\n<li>La construction en acier inoxydable offre une r\u00e9sistance sup\u00e9rieure \u00e0 la rouille et \u00e0 la corrosion.<\/li>\n<\/ul>\n<h6><strong>D\u00e9tails du produit :<\/strong><\/h6>\n<ul>\n<li>Bande, bo\u00eetier et vis en acier inoxydable de la s\u00e9rie SAE 300<\/li>\n<li>Conforme aux normes SAEJ1508, rempla\u00e7ant la Mil-Spec WW-C-440B<\/li>\n<li>Construction en quatre parties<\/li>\n<li>Couple maximum recommand\u00e9 : 15 in-lbs<\/li>\n<li>Vis : t\u00eate hexagonale fendue 1\/4<\/li>\n<li>Vendu par bo\u00eete de 10<\/li>\n<\/ul>\n<h6><strong>Brochure\/Litt\u00e9rature<\/strong><\/h6>\n<ul>\n<li><a href=\"https:\/\/www.dixonvalve.com\/sites\/default\/files\/product\/files\/brochures-literature\/wormgear_2014.pdf\">Colliers de serrage pour engrenages \u00e0 vis sans fin<\/a><\/li>\n<\/ul>\n<h6><strong>Page de catalogue<\/strong><\/h6>\n<ul>\n<li><a href=\"https:\/\/www.dixonvalve.com\/sites\/default\/files\/product\/pages\/us\/DPL418%20-%20263.pdf\">DPL418 &#8211; 263<\/a><\/li>\n<\/ul>\n","protected":false},"excerpt":{"rendered":"<h4>Assurez la s\u00e9curit\u00e9 et la fiabilit\u00e9 des connexions de tuyaux dans votre installation de brassage avec le collier de serrage \u00e0 vis sans fin miniature en acier inoxydable &#8211; paquet de 10 de Dixon.<\/h4>\n<ul>\n<li>Prot\u00e8ge les tuyaux contre les dommages et emp\u00eache les fuites de fum\u00e9es gr\u00e2ce \u00e0 une conception sans trou.<\/li>\n<li>Le m\u00e9canisme de verrouillage durable emp\u00eache le cisaillement et garantit des performances durables.<\/li>\n<li>R\u00e9sistant \u00e0 la rouille et \u00e0 la corrosion, id\u00e9al pour les environnements de brassage humides.<\/li>\n<\/ul>\n","protected":false},"featured_media":12705,"template":"","meta":{"_acf_changed":false,"inline_featured_image":false},"product_brand":[740],"product_cat":[736,741,749],"product_tag":[763,754,762,755],"class_list":{"0":"post-12696","1":"product","2":"type-product","3":"status-publish","4":"has-post-thumbnail","6":"product_brand-dixon","7":"product_cat-distribution","8":"product_cat-materiel","9":"product_cat-quincaillerie-industrielle","10":"product_tag-acier-inoxydable","11":"product_tag-brasserie","12":"product_tag-cave","13":"product_tag-distillerie","15":"first","16":"instock","17":"taxable","18":"shipping-taxable","19":"purchasable","20":"product-type-variable"},"acf":[],"yoast_head":"<!-- This site is optimized with the Yoast SEO plugin v27.6 - https:\/\/yoast.com\/product\/yoast-seo-wordpress\/ -->\n<title>Collier de serrage \u00e0 vis sans fin miniature en acier inoxydable - 10 pi\u00e8ces - Dixon - Pour brasseries professionnelles | Zytho<\/title>\n<meta name=\"description\" content=\"Fixez les tuyaux de votre brasserie avec les colliers de serrage \u00e0 vis sans fin miniatures en acier inoxydable de Dixon. R\u00e9sistants \u00e0 la rouille et durables, ces colliers emp\u00eachent les fuites et garantissent des performances fiables.\" \/>\n<meta name=\"robots\" content=\"index, follow, max-snippet:-1, max-image-preview:large, max-video-preview:-1\" \/>\n<link rel=\"canonical\" href=\"https:\/\/www.zytho.ca\/fr\/produit\/pince-a-vis-sans-fin-miniature-en-acier-inoxydable-10-pieces-dixon\/\" \/>\n<meta property=\"og:locale\" content=\"fr_FR\" \/>\n<meta property=\"og:type\" content=\"article\" \/>\n<meta property=\"og:title\" content=\"Collier de serrage \u00e0 vis sans fin miniature en acier inoxydable - 10 pi\u00e8ces - Dixon - Pour brasseries professionnelles | Zytho\" \/>\n<meta property=\"og:description\" content=\"Fixez les tuyaux de votre brasserie avec les colliers de serrage \u00e0 vis sans fin miniatures en acier inoxydable de Dixon. R\u00e9sistants \u00e0 la rouille et durables, ces colliers emp\u00eachent les fuites et garantissent des performances fiables.\" \/>\n<meta property=\"og:url\" content=\"https:\/\/www.zytho.ca\/fr\/produit\/pince-a-vis-sans-fin-miniature-en-acier-inoxydable-10-pieces-dixon\/\" \/>\n<meta property=\"og:site_name\" content=\"Zytho\" \/>\n<meta property=\"og:image\" content=\"https:\/\/www.zytho.ca\/wp-content\/uploads\/2025\/10\/Stainless-Steel-Miniature-Worm-Gear-Clamp-10-Pack-Dixon.jpg\" \/>\n\t<meta property=\"og:image:width\" content=\"432\" \/>\n\t<meta property=\"og:image:height\" content=\"432\" \/>\n\t<meta property=\"og:image:type\" content=\"image\/jpeg\" \/>\n<meta name=\"twitter:card\" content=\"summary_large_image\" \/>\n<meta name=\"twitter:label1\" content=\"Dur\u00e9e de lecture estim\u00e9e\" \/>\n\t<meta name=\"twitter:data1\" content=\"1 minute\" \/>\n<script type=\"application\/ld+json\" class=\"yoast-schema-graph\">{\"@context\":\"https:\\\/\\\/schema.org\",\"@graph\":[{\"@type\":\"WebPage\",\"@id\":\"https:\\\/\\\/www.zytho.ca\\\/fr\\\/produit\\\/pince-a-vis-sans-fin-miniature-en-acier-inoxydable-10-pieces-dixon\\\/\",\"url\":\"https:\\\/\\\/www.zytho.ca\\\/fr\\\/produit\\\/pince-a-vis-sans-fin-miniature-en-acier-inoxydable-10-pieces-dixon\\\/\",\"name\":\"Collier de serrage \u00e0 vis sans fin miniature en acier inoxydable - 10 pi\u00e8ces - Dixon - Pour brasseries professionnelles | Zytho\",\"isPartOf\":{\"@id\":\"https:\\\/\\\/www.zytho.ca\\\/fr\\\/#website\"},\"primaryImageOfPage\":{\"@id\":\"https:\\\/\\\/www.zytho.ca\\\/fr\\\/produit\\\/pince-a-vis-sans-fin-miniature-en-acier-inoxydable-10-pieces-dixon\\\/#primaryimage\"},\"image\":{\"@id\":\"https:\\\/\\\/www.zytho.ca\\\/fr\\\/produit\\\/pince-a-vis-sans-fin-miniature-en-acier-inoxydable-10-pieces-dixon\\\/#primaryimage\"},\"thumbnailUrl\":\"https:\\\/\\\/www.zytho.ca\\\/wp-content\\\/uploads\\\/2025\\\/10\\\/Stainless-Steel-Miniature-Worm-Gear-Clamp-10-Pack-Dixon.jpg\",\"datePublished\":\"2025-10-27T15:46:24+00:00\",\"description\":\"Fixez les tuyaux de votre brasserie avec les colliers de serrage \u00e0 vis sans fin miniatures en acier inoxydable de Dixon. R\u00e9sistants \u00e0 la rouille et durables, ces colliers emp\u00eachent les fuites et garantissent des performances fiables.\",\"breadcrumb\":{\"@id\":\"https:\\\/\\\/www.zytho.ca\\\/fr\\\/produit\\\/pince-a-vis-sans-fin-miniature-en-acier-inoxydable-10-pieces-dixon\\\/#breadcrumb\"},\"inLanguage\":\"fr-FR\",\"potentialAction\":[{\"@type\":\"ReadAction\",\"target\":[\"https:\\\/\\\/www.zytho.ca\\\/fr\\\/produit\\\/pince-a-vis-sans-fin-miniature-en-acier-inoxydable-10-pieces-dixon\\\/\"]}]},{\"@type\":\"ImageObject\",\"inLanguage\":\"fr-FR\",\"@id\":\"https:\\\/\\\/www.zytho.ca\\\/fr\\\/produit\\\/pince-a-vis-sans-fin-miniature-en-acier-inoxydable-10-pieces-dixon\\\/#primaryimage\",\"url\":\"https:\\\/\\\/www.zytho.ca\\\/wp-content\\\/uploads\\\/2025\\\/10\\\/Stainless-Steel-Miniature-Worm-Gear-Clamp-10-Pack-Dixon.jpg\",\"contentUrl\":\"https:\\\/\\\/www.zytho.ca\\\/wp-content\\\/uploads\\\/2025\\\/10\\\/Stainless-Steel-Miniature-Worm-Gear-Clamp-10-Pack-Dixon.jpg\",\"width\":432,\"height\":432},{\"@type\":\"BreadcrumbList\",\"@id\":\"https:\\\/\\\/www.zytho.ca\\\/fr\\\/produit\\\/pince-a-vis-sans-fin-miniature-en-acier-inoxydable-10-pieces-dixon\\\/#breadcrumb\",\"itemListElement\":[{\"@type\":\"ListItem\",\"position\":1,\"name\":\"Accueil\",\"item\":\"https:\\\/\\\/www.zytho.ca\\\/fr\\\/\"},{\"@type\":\"ListItem\",\"position\":2,\"name\":\"Shop\",\"item\":\"https:\\\/\\\/www.zytho.ca\\\/fr\\\/shop\\\/\"},{\"@type\":\"ListItem\",\"position\":3,\"name\":\"Pince \u00e0 vis sans fin miniature en acier inoxydable &#8211; 10 pi\u00e8ces &#8211; Dixon\"}]},{\"@type\":\"WebSite\",\"@id\":\"https:\\\/\\\/www.zytho.ca\\\/fr\\\/#website\",\"url\":\"https:\\\/\\\/www.zytho.ca\\\/fr\\\/\",\"name\":\"Zytho\",\"description\":\"\",\"publisher\":{\"@id\":\"https:\\\/\\\/www.zytho.ca\\\/fr\\\/#organization\"},\"potentialAction\":[{\"@type\":\"SearchAction\",\"target\":{\"@type\":\"EntryPoint\",\"urlTemplate\":\"https:\\\/\\\/www.zytho.ca\\\/fr\\\/?s={search_term_string}\"},\"query-input\":{\"@type\":\"PropertyValueSpecification\",\"valueRequired\":true,\"valueName\":\"search_term_string\"}}],\"inLanguage\":\"fr-FR\"},{\"@type\":\"Organization\",\"@id\":\"https:\\\/\\\/www.zytho.ca\\\/fr\\\/#organization\",\"name\":\"Zytho\",\"url\":\"https:\\\/\\\/www.zytho.ca\\\/fr\\\/\",\"logo\":{\"@type\":\"ImageObject\",\"inLanguage\":\"fr-FR\",\"@id\":\"https:\\\/\\\/www.zytho.ca\\\/fr\\\/#\\\/schema\\\/logo\\\/image\\\/\",\"url\":\"https:\\\/\\\/www.zytho.ca\\\/wp-content\\\/uploads\\\/2024\\\/05\\\/Zytho_reversed_horizontal.svg\",\"contentUrl\":\"https:\\\/\\\/www.zytho.ca\\\/wp-content\\\/uploads\\\/2024\\\/05\\\/Zytho_reversed_horizontal.svg\",\"width\":1582,\"height\":490,\"caption\":\"Zytho\"},\"image\":{\"@id\":\"https:\\\/\\\/www.zytho.ca\\\/fr\\\/#\\\/schema\\\/logo\\\/image\\\/\"}}]}<\/script>\n<!-- \/ Yoast SEO plugin. -->","yoast_head_json":{"title":"Collier de serrage \u00e0 vis sans fin miniature en acier inoxydable - 10 pi\u00e8ces - Dixon - Pour brasseries professionnelles | Zytho","description":"Fixez les tuyaux de votre brasserie avec les colliers de serrage \u00e0 vis sans fin miniatures en acier inoxydable de Dixon. R\u00e9sistants \u00e0 la rouille et durables, ces colliers emp\u00eachent les fuites et garantissent des performances fiables.","robots":{"index":"index","follow":"follow","max-snippet":"max-snippet:-1","max-image-preview":"max-image-preview:large","max-video-preview":"max-video-preview:-1"},"canonical":"https:\/\/www.zytho.ca\/fr\/produit\/pince-a-vis-sans-fin-miniature-en-acier-inoxydable-10-pieces-dixon\/","og_locale":"fr_FR","og_type":"article","og_title":"Collier de serrage \u00e0 vis sans fin miniature en acier inoxydable - 10 pi\u00e8ces - Dixon - Pour brasseries professionnelles | Zytho","og_description":"Fixez les tuyaux de votre brasserie avec les colliers de serrage \u00e0 vis sans fin miniatures en acier inoxydable de Dixon. R\u00e9sistants \u00e0 la rouille et durables, ces colliers emp\u00eachent les fuites et garantissent des performances fiables.","og_url":"https:\/\/www.zytho.ca\/fr\/produit\/pince-a-vis-sans-fin-miniature-en-acier-inoxydable-10-pieces-dixon\/","og_site_name":"Zytho","og_image":[{"width":432,"height":432,"url":"https:\/\/www.zytho.ca\/wp-content\/uploads\/2025\/10\/Stainless-Steel-Miniature-Worm-Gear-Clamp-10-Pack-Dixon.jpg","type":"image\/jpeg"}],"twitter_card":"summary_large_image","twitter_misc":{"Dur\u00e9e de lecture estim\u00e9e":"1 minute"},"schema":{"@context":"https:\/\/schema.org","@graph":[{"@type":"WebPage","@id":"https:\/\/www.zytho.ca\/fr\/produit\/pince-a-vis-sans-fin-miniature-en-acier-inoxydable-10-pieces-dixon\/","url":"https:\/\/www.zytho.ca\/fr\/produit\/pince-a-vis-sans-fin-miniature-en-acier-inoxydable-10-pieces-dixon\/","name":"Collier de serrage \u00e0 vis sans fin miniature en acier inoxydable - 10 pi\u00e8ces - Dixon - Pour brasseries professionnelles | Zytho","isPartOf":{"@id":"https:\/\/www.zytho.ca\/fr\/#website"},"primaryImageOfPage":{"@id":"https:\/\/www.zytho.ca\/fr\/produit\/pince-a-vis-sans-fin-miniature-en-acier-inoxydable-10-pieces-dixon\/#primaryimage"},"image":{"@id":"https:\/\/www.zytho.ca\/fr\/produit\/pince-a-vis-sans-fin-miniature-en-acier-inoxydable-10-pieces-dixon\/#primaryimage"},"thumbnailUrl":"https:\/\/www.zytho.ca\/wp-content\/uploads\/2025\/10\/Stainless-Steel-Miniature-Worm-Gear-Clamp-10-Pack-Dixon.jpg","datePublished":"2025-10-27T15:46:24+00:00","description":"Fixez les tuyaux de votre brasserie avec les colliers de serrage \u00e0 vis sans fin miniatures en acier inoxydable de Dixon. R\u00e9sistants \u00e0 la rouille et durables, ces colliers emp\u00eachent les fuites et garantissent des performances fiables.","breadcrumb":{"@id":"https:\/\/www.zytho.ca\/fr\/produit\/pince-a-vis-sans-fin-miniature-en-acier-inoxydable-10-pieces-dixon\/#breadcrumb"},"inLanguage":"fr-FR","potentialAction":[{"@type":"ReadAction","target":["https:\/\/www.zytho.ca\/fr\/produit\/pince-a-vis-sans-fin-miniature-en-acier-inoxydable-10-pieces-dixon\/"]}]},{"@type":"ImageObject","inLanguage":"fr-FR","@id":"https:\/\/www.zytho.ca\/fr\/produit\/pince-a-vis-sans-fin-miniature-en-acier-inoxydable-10-pieces-dixon\/#primaryimage","url":"https:\/\/www.zytho.ca\/wp-content\/uploads\/2025\/10\/Stainless-Steel-Miniature-Worm-Gear-Clamp-10-Pack-Dixon.jpg","contentUrl":"https:\/\/www.zytho.ca\/wp-content\/uploads\/2025\/10\/Stainless-Steel-Miniature-Worm-Gear-Clamp-10-Pack-Dixon.jpg","width":432,"height":432},{"@type":"BreadcrumbList","@id":"https:\/\/www.zytho.ca\/fr\/produit\/pince-a-vis-sans-fin-miniature-en-acier-inoxydable-10-pieces-dixon\/#breadcrumb","itemListElement":[{"@type":"ListItem","position":1,"name":"Accueil","item":"https:\/\/www.zytho.ca\/fr\/"},{"@type":"ListItem","position":2,"name":"Shop","item":"https:\/\/www.zytho.ca\/fr\/shop\/"},{"@type":"ListItem","position":3,"name":"Pince \u00e0 vis sans fin miniature en acier inoxydable &#8211; 10 pi\u00e8ces &#8211; Dixon"}]},{"@type":"WebSite","@id":"https:\/\/www.zytho.ca\/fr\/#website","url":"https:\/\/www.zytho.ca\/fr\/","name":"Zytho","description":"","publisher":{"@id":"https:\/\/www.zytho.ca\/fr\/#organization"},"potentialAction":[{"@type":"SearchAction","target":{"@type":"EntryPoint","urlTemplate":"https:\/\/www.zytho.ca\/fr\/?s={search_term_string}"},"query-input":{"@type":"PropertyValueSpecification","valueRequired":true,"valueName":"search_term_string"}}],"inLanguage":"fr-FR"},{"@type":"Organization","@id":"https:\/\/www.zytho.ca\/fr\/#organization","name":"Zytho","url":"https:\/\/www.zytho.ca\/fr\/","logo":{"@type":"ImageObject","inLanguage":"fr-FR","@id":"https:\/\/www.zytho.ca\/fr\/#\/schema\/logo\/image\/","url":"https:\/\/www.zytho.ca\/wp-content\/uploads\/2024\/05\/Zytho_reversed_horizontal.svg","contentUrl":"https:\/\/www.zytho.ca\/wp-content\/uploads\/2024\/05\/Zytho_reversed_horizontal.svg","width":1582,"height":490,"caption":"Zytho"},"image":{"@id":"https:\/\/www.zytho.ca\/fr\/#\/schema\/logo\/image\/"}}]}},"_links":{"self":[{"href":"https:\/\/www.zytho.ca\/fr\/wp-json\/wp\/v2\/product\/12696","targetHints":{"allow":["GET"]}}],"collection":[{"href":"https:\/\/www.zytho.ca\/fr\/wp-json\/wp\/v2\/product"}],"about":[{"href":"https:\/\/www.zytho.ca\/fr\/wp-json\/wp\/v2\/types\/product"}],"wp:featuredmedia":[{"embeddable":true,"href":"https:\/\/www.zytho.ca\/fr\/wp-json\/wp\/v2\/media\/12705"}],"wp:attachment":[{"href":"https:\/\/www.zytho.ca\/fr\/wp-json\/wp\/v2\/media?parent=12696"}],"wp:term":[{"taxonomy":"product_brand","embeddable":true,"href":"https:\/\/www.zytho.ca\/fr\/wp-json\/wp\/v2\/product_brand?post=12696"},{"taxonomy":"product_cat","embeddable":true,"href":"https:\/\/www.zytho.ca\/fr\/wp-json\/wp\/v2\/product_cat?post=12696"},{"taxonomy":"product_tag","embeddable":true,"href":"https:\/\/www.zytho.ca\/fr\/wp-json\/wp\/v2\/product_tag?post=12696"}],"curies":[{"name":"wp","href":"https:\/\/api.w.org\/{rel}","templated":true}]}}