{"id":12683,"date":"2025-10-27T15:46:13","date_gmt":"2025-10-27T15:46:13","guid":{"rendered":"https:\/\/zytho.ca\/product\/tvp-series-air-vacuum-relief-tri-clamp-tank-vent-valve-dixon\/"},"modified":"2025-11-03T07:05:51","modified_gmt":"2025-11-03T07:05:51","slug":"tvp-series-air-vacuum-relief-tri-clamp-tank-vent-valve-dixon","status":"publish","type":"product","link":"https:\/\/www.zytho.ca\/fr\/produit\/tvp-series-air-vacuum-relief-tri-clamp-tank-vent-valve-dixon\/","title":{"rendered":"TVP Series Air &amp; Vacuum Relief Tri-Clamp Tank Vent Valve &#8211; Dixon"},"content":{"rendered":"<h6><strong>Soupape de purge de r\u00e9servoir \u00e0 trois clapets de d\u00e9charge pour l&#8217;air et le vide de la s\u00e9rie TVP &#8211; Solution efficace et rentable de gestion de la pression<\/strong><\/h6>\n<p>La <strong>soupape de d\u00e9charge \u00e0 trois clapets pour r\u00e9servoir de la s\u00e9rie TVP<\/strong> offre une approche \u00e9conomique et adaptable de la <strong>gestion de la pression<\/strong> dans les syst\u00e8mes de r\u00e9servoirs sanitaires, garantissant des op\u00e9rations s\u00fbres et fiables.<\/p>\n<h6><strong>Avantages :<\/strong><\/h6>\n<ul>\n<li>Assurer la <strong>d\u00e9charge de la pression et du vide<\/strong> lorsque les niveaux de fluides fluctuent dans les r\u00e9servoirs.<\/li>\n<li>Comprend <strong>deux raccords Tri-Clamp de 2&#8243; et 3&#8243;<\/strong> pour une application flexible sur diff\u00e9rents syst\u00e8mes.<\/li>\n<li>Construit avec un <strong>d\u00f4me en acier inoxydable 304<\/strong> pour \u00e9viter toute contamination externe.<\/li>\n<li>Compatible avec n&#8217;importe quel <strong>joint de serrage<\/strong>, ce qui am\u00e9liore la polyvalence.<\/li>\n<li>Con\u00e7u en <strong>PVC l\u00e9ger<\/strong> pour faciliter l&#8217;installation et la durabilit\u00e9.<\/li>\n<\/ul>\n<p>La vanne est con\u00e7ue pour <strong>att\u00e9nuer la pression<\/strong> et le <strong>vide<\/strong> dans les r\u00e9servoirs lors des changements de niveau de fluide, qu&#8217;il s&#8217;agisse d&#8217;un remplissage ou d&#8217;une vidange. Ses deux raccords Tri-Clamp lui permettent de s&#8217;adapter \u00e0 une large gamme d&#8217;<strong>applications sanitaires<\/strong>. La combinaison d&#8217;un <strong>corps en PVC l\u00e9ger<\/strong> et d&#8217;un <strong>d\u00f4me en acier inoxydable 304<\/strong> garantit des performances robustes tout en pr\u00e9servant l&#8217;int\u00e9grit\u00e9 du produit.  <\/p>\n<p>Cette <strong>vanne de mise \u00e0 l&#8217;air libre de r\u00e9servoir \u00e9conomique<\/strong> est particuli\u00e8rement adapt\u00e9e aux <strong>secteurs de l&#8217;alimentation, des boissons, de la biotechnologie et de la pharmacie<\/strong>, o\u00f9 le maintien de niveaux de pression optimaux est crucial pour la s\u00e9curit\u00e9 et l&#8217;efficacit\u00e9 des op\u00e9rations. La vanne de la s\u00e9rie TVP offre des performances constantes dans les environnements difficiles, avec un <strong>d\u00e9bit maximal de 500 GPM<\/strong> et une capacit\u00e9 de d\u00e9charge jusqu&#8217;\u00e0 <strong>1 psi de vide<\/strong> ou de <strong>pression<\/strong>. <\/p>\n<h6><strong>D\u00e9tails du produit :<\/strong><\/h6>\n<ul>\n<li><strong>D\u00e9bit maximum<\/strong>: 500 GPM<\/li>\n<li><strong>Coupure du vide\/soulagement de la pression<\/strong>: 1 psi<\/li>\n<li><strong>Page du catalogue<\/strong>: <a href=\"https:\/\/www.dixonvalve.com\/sites\/default\/files\/product\/pages\/us\/DPL418%20-%20641.pdf\">DPL418 &#8211; 641<\/a><\/li>\n<\/ul>\n","protected":false},"excerpt":{"rendered":"<h4>Gestion efficace et adaptable de la pression pour les op\u00e9rations de brassage professionnelles.<\/h4>\n<ul>\n<li>Assure une d\u00e9charge s\u00fbre de la pression et du vide pendant les changements de niveau de fluide.<\/li>\n<li>Il est dot\u00e9 de deux connexions Tri-Clamp pour une int\u00e9gration polyvalente.<\/li>\n<li>Fabriqu\u00e9 avec des mat\u00e9riaux durables pour \u00e9viter la contamination et garantir la long\u00e9vit\u00e9.<\/li>\n<\/ul>\n","protected":false},"featured_media":12685,"template":"","meta":{"_acf_changed":false,"inline_featured_image":false},"product_brand":[740],"product_cat":[736,741,826],"product_tag":[],"class_list":{"0":"post-12683","1":"product","2":"type-product","3":"status-publish","4":"has-post-thumbnail","6":"product_brand-dixon","7":"product_cat-distribution","8":"product_cat-materiel","9":"product_cat-vannes-sanitaires","11":"first","12":"instock","13":"taxable","14":"shipping-taxable","15":"purchasable","16":"product-type-variable"},"acf":[],"yoast_head":"<!-- This site is optimized with the Yoast SEO plugin v27.6 - https:\/\/yoast.com\/product\/yoast-seo-wordpress\/ -->\n<title>TVP Series Air &amp; Vacuum Relief Tri-Clamp Tank Vent Valve - Dixon - For Pro Breweries | Zytho<\/title>\n<meta name=\"description\" content=\"Optimisez les op\u00e9rations de votre brasserie avec la soupape de purge de r\u00e9servoir \u00e0 trois colliers de la s\u00e9rie TVP. Garantissez une gestion fiable de la pression et pr\u00e9venez efficacement la contamination.\" \/>\n<meta name=\"robots\" content=\"index, follow, max-snippet:-1, max-image-preview:large, max-video-preview:-1\" \/>\n<link rel=\"canonical\" href=\"https:\/\/www.zytho.ca\/fr\/produit\/tvp-series-air-vacuum-relief-tri-clamp-tank-vent-valve-dixon\/\" \/>\n<meta property=\"og:locale\" content=\"fr_FR\" \/>\n<meta property=\"og:type\" content=\"article\" \/>\n<meta property=\"og:title\" content=\"TVP Series Air &amp; Vacuum Relief Tri-Clamp Tank Vent Valve - Dixon - For Pro Breweries | Zytho\" \/>\n<meta property=\"og:description\" content=\"Optimisez les op\u00e9rations de votre brasserie avec la soupape de purge de r\u00e9servoir \u00e0 trois colliers de la s\u00e9rie TVP. Garantissez une gestion fiable de la pression et pr\u00e9venez efficacement la contamination.\" \/>\n<meta property=\"og:url\" content=\"https:\/\/www.zytho.ca\/fr\/produit\/tvp-series-air-vacuum-relief-tri-clamp-tank-vent-valve-dixon\/\" \/>\n<meta property=\"og:site_name\" content=\"Zytho\" \/>\n<meta property=\"article:modified_time\" content=\"2025-11-03T07:05:51+00:00\" \/>\n<meta property=\"og:image\" content=\"https:\/\/www.zytho.ca\/wp-content\/uploads\/2025\/10\/TVP-Series-Air-Vacuum-Relief-Tri-Clamp-Tank-Vent-Valve-Dixon.jpg\" \/>\n\t<meta property=\"og:image:width\" content=\"431\" \/>\n\t<meta property=\"og:image:height\" content=\"431\" \/>\n\t<meta property=\"og:image:type\" content=\"image\/jpeg\" \/>\n<meta name=\"twitter:card\" content=\"summary_large_image\" \/>\n<meta name=\"twitter:label1\" content=\"Dur\u00e9e de lecture estim\u00e9e\" \/>\n\t<meta name=\"twitter:data1\" content=\"2 minutes\" \/>\n<script type=\"application\/ld+json\" class=\"yoast-schema-graph\">{\"@context\":\"https:\\\/\\\/schema.org\",\"@graph\":[{\"@type\":\"WebPage\",\"@id\":\"https:\\\/\\\/www.zytho.ca\\\/fr\\\/produit\\\/tvp-series-air-vacuum-relief-tri-clamp-tank-vent-valve-dixon\\\/\",\"url\":\"https:\\\/\\\/www.zytho.ca\\\/fr\\\/produit\\\/tvp-series-air-vacuum-relief-tri-clamp-tank-vent-valve-dixon\\\/\",\"name\":\"TVP Series Air & Vacuum Relief Tri-Clamp Tank Vent Valve - Dixon - For Pro Breweries | Zytho\",\"isPartOf\":{\"@id\":\"https:\\\/\\\/www.zytho.ca\\\/fr\\\/#website\"},\"primaryImageOfPage\":{\"@id\":\"https:\\\/\\\/www.zytho.ca\\\/fr\\\/produit\\\/tvp-series-air-vacuum-relief-tri-clamp-tank-vent-valve-dixon\\\/#primaryimage\"},\"image\":{\"@id\":\"https:\\\/\\\/www.zytho.ca\\\/fr\\\/produit\\\/tvp-series-air-vacuum-relief-tri-clamp-tank-vent-valve-dixon\\\/#primaryimage\"},\"thumbnailUrl\":\"https:\\\/\\\/www.zytho.ca\\\/wp-content\\\/uploads\\\/2025\\\/10\\\/TVP-Series-Air-Vacuum-Relief-Tri-Clamp-Tank-Vent-Valve-Dixon.jpg\",\"datePublished\":\"2025-10-27T15:46:13+00:00\",\"dateModified\":\"2025-11-03T07:05:51+00:00\",\"description\":\"Optimisez les op\u00e9rations de votre brasserie avec la soupape de purge de r\u00e9servoir \u00e0 trois colliers de la s\u00e9rie TVP. Garantissez une gestion fiable de la pression et pr\u00e9venez efficacement la contamination.\",\"breadcrumb\":{\"@id\":\"https:\\\/\\\/www.zytho.ca\\\/fr\\\/produit\\\/tvp-series-air-vacuum-relief-tri-clamp-tank-vent-valve-dixon\\\/#breadcrumb\"},\"inLanguage\":\"fr-FR\",\"potentialAction\":[{\"@type\":\"ReadAction\",\"target\":[\"https:\\\/\\\/www.zytho.ca\\\/fr\\\/produit\\\/tvp-series-air-vacuum-relief-tri-clamp-tank-vent-valve-dixon\\\/\"]}]},{\"@type\":\"ImageObject\",\"inLanguage\":\"fr-FR\",\"@id\":\"https:\\\/\\\/www.zytho.ca\\\/fr\\\/produit\\\/tvp-series-air-vacuum-relief-tri-clamp-tank-vent-valve-dixon\\\/#primaryimage\",\"url\":\"https:\\\/\\\/www.zytho.ca\\\/wp-content\\\/uploads\\\/2025\\\/10\\\/TVP-Series-Air-Vacuum-Relief-Tri-Clamp-Tank-Vent-Valve-Dixon.jpg\",\"contentUrl\":\"https:\\\/\\\/www.zytho.ca\\\/wp-content\\\/uploads\\\/2025\\\/10\\\/TVP-Series-Air-Vacuum-Relief-Tri-Clamp-Tank-Vent-Valve-Dixon.jpg\",\"width\":431,\"height\":431},{\"@type\":\"BreadcrumbList\",\"@id\":\"https:\\\/\\\/www.zytho.ca\\\/fr\\\/produit\\\/tvp-series-air-vacuum-relief-tri-clamp-tank-vent-valve-dixon\\\/#breadcrumb\",\"itemListElement\":[{\"@type\":\"ListItem\",\"position\":1,\"name\":\"Accueil\",\"item\":\"https:\\\/\\\/www.zytho.ca\\\/fr\\\/\"},{\"@type\":\"ListItem\",\"position\":2,\"name\":\"Shop\",\"item\":\"https:\\\/\\\/www.zytho.ca\\\/fr\\\/shop\\\/\"},{\"@type\":\"ListItem\",\"position\":3,\"name\":\"TVP Series Air &amp; Vacuum Relief Tri-Clamp Tank Vent Valve &#8211; Dixon\"}]},{\"@type\":\"WebSite\",\"@id\":\"https:\\\/\\\/www.zytho.ca\\\/fr\\\/#website\",\"url\":\"https:\\\/\\\/www.zytho.ca\\\/fr\\\/\",\"name\":\"Zytho\",\"description\":\"\",\"publisher\":{\"@id\":\"https:\\\/\\\/www.zytho.ca\\\/fr\\\/#organization\"},\"potentialAction\":[{\"@type\":\"SearchAction\",\"target\":{\"@type\":\"EntryPoint\",\"urlTemplate\":\"https:\\\/\\\/www.zytho.ca\\\/fr\\\/?s={search_term_string}\"},\"query-input\":{\"@type\":\"PropertyValueSpecification\",\"valueRequired\":true,\"valueName\":\"search_term_string\"}}],\"inLanguage\":\"fr-FR\"},{\"@type\":\"Organization\",\"@id\":\"https:\\\/\\\/www.zytho.ca\\\/fr\\\/#organization\",\"name\":\"Zytho\",\"url\":\"https:\\\/\\\/www.zytho.ca\\\/fr\\\/\",\"logo\":{\"@type\":\"ImageObject\",\"inLanguage\":\"fr-FR\",\"@id\":\"https:\\\/\\\/www.zytho.ca\\\/fr\\\/#\\\/schema\\\/logo\\\/image\\\/\",\"url\":\"https:\\\/\\\/www.zytho.ca\\\/wp-content\\\/uploads\\\/2024\\\/05\\\/Zytho_reversed_horizontal.svg\",\"contentUrl\":\"https:\\\/\\\/www.zytho.ca\\\/wp-content\\\/uploads\\\/2024\\\/05\\\/Zytho_reversed_horizontal.svg\",\"width\":1582,\"height\":490,\"caption\":\"Zytho\"},\"image\":{\"@id\":\"https:\\\/\\\/www.zytho.ca\\\/fr\\\/#\\\/schema\\\/logo\\\/image\\\/\"}}]}<\/script>\n<!-- \/ Yoast SEO plugin. -->","yoast_head_json":{"title":"TVP Series Air & Vacuum Relief Tri-Clamp Tank Vent Valve - Dixon - For Pro Breweries | Zytho","description":"Optimisez les op\u00e9rations de votre brasserie avec la soupape de purge de r\u00e9servoir \u00e0 trois colliers de la s\u00e9rie TVP. Garantissez une gestion fiable de la pression et pr\u00e9venez efficacement la contamination.","robots":{"index":"index","follow":"follow","max-snippet":"max-snippet:-1","max-image-preview":"max-image-preview:large","max-video-preview":"max-video-preview:-1"},"canonical":"https:\/\/www.zytho.ca\/fr\/produit\/tvp-series-air-vacuum-relief-tri-clamp-tank-vent-valve-dixon\/","og_locale":"fr_FR","og_type":"article","og_title":"TVP Series Air & Vacuum Relief Tri-Clamp Tank Vent Valve - Dixon - For Pro Breweries | Zytho","og_description":"Optimisez les op\u00e9rations de votre brasserie avec la soupape de purge de r\u00e9servoir \u00e0 trois colliers de la s\u00e9rie TVP. Garantissez une gestion fiable de la pression et pr\u00e9venez efficacement la contamination.","og_url":"https:\/\/www.zytho.ca\/fr\/produit\/tvp-series-air-vacuum-relief-tri-clamp-tank-vent-valve-dixon\/","og_site_name":"Zytho","article_modified_time":"2025-11-03T07:05:51+00:00","og_image":[{"width":431,"height":431,"url":"https:\/\/www.zytho.ca\/wp-content\/uploads\/2025\/10\/TVP-Series-Air-Vacuum-Relief-Tri-Clamp-Tank-Vent-Valve-Dixon.jpg","type":"image\/jpeg"}],"twitter_card":"summary_large_image","twitter_misc":{"Dur\u00e9e de lecture estim\u00e9e":"2 minutes"},"schema":{"@context":"https:\/\/schema.org","@graph":[{"@type":"WebPage","@id":"https:\/\/www.zytho.ca\/fr\/produit\/tvp-series-air-vacuum-relief-tri-clamp-tank-vent-valve-dixon\/","url":"https:\/\/www.zytho.ca\/fr\/produit\/tvp-series-air-vacuum-relief-tri-clamp-tank-vent-valve-dixon\/","name":"TVP Series Air & Vacuum Relief Tri-Clamp Tank Vent Valve - Dixon - For Pro Breweries | Zytho","isPartOf":{"@id":"https:\/\/www.zytho.ca\/fr\/#website"},"primaryImageOfPage":{"@id":"https:\/\/www.zytho.ca\/fr\/produit\/tvp-series-air-vacuum-relief-tri-clamp-tank-vent-valve-dixon\/#primaryimage"},"image":{"@id":"https:\/\/www.zytho.ca\/fr\/produit\/tvp-series-air-vacuum-relief-tri-clamp-tank-vent-valve-dixon\/#primaryimage"},"thumbnailUrl":"https:\/\/www.zytho.ca\/wp-content\/uploads\/2025\/10\/TVP-Series-Air-Vacuum-Relief-Tri-Clamp-Tank-Vent-Valve-Dixon.jpg","datePublished":"2025-10-27T15:46:13+00:00","dateModified":"2025-11-03T07:05:51+00:00","description":"Optimisez les op\u00e9rations de votre brasserie avec la soupape de purge de r\u00e9servoir \u00e0 trois colliers de la s\u00e9rie TVP. Garantissez une gestion fiable de la pression et pr\u00e9venez efficacement la contamination.","breadcrumb":{"@id":"https:\/\/www.zytho.ca\/fr\/produit\/tvp-series-air-vacuum-relief-tri-clamp-tank-vent-valve-dixon\/#breadcrumb"},"inLanguage":"fr-FR","potentialAction":[{"@type":"ReadAction","target":["https:\/\/www.zytho.ca\/fr\/produit\/tvp-series-air-vacuum-relief-tri-clamp-tank-vent-valve-dixon\/"]}]},{"@type":"ImageObject","inLanguage":"fr-FR","@id":"https:\/\/www.zytho.ca\/fr\/produit\/tvp-series-air-vacuum-relief-tri-clamp-tank-vent-valve-dixon\/#primaryimage","url":"https:\/\/www.zytho.ca\/wp-content\/uploads\/2025\/10\/TVP-Series-Air-Vacuum-Relief-Tri-Clamp-Tank-Vent-Valve-Dixon.jpg","contentUrl":"https:\/\/www.zytho.ca\/wp-content\/uploads\/2025\/10\/TVP-Series-Air-Vacuum-Relief-Tri-Clamp-Tank-Vent-Valve-Dixon.jpg","width":431,"height":431},{"@type":"BreadcrumbList","@id":"https:\/\/www.zytho.ca\/fr\/produit\/tvp-series-air-vacuum-relief-tri-clamp-tank-vent-valve-dixon\/#breadcrumb","itemListElement":[{"@type":"ListItem","position":1,"name":"Accueil","item":"https:\/\/www.zytho.ca\/fr\/"},{"@type":"ListItem","position":2,"name":"Shop","item":"https:\/\/www.zytho.ca\/fr\/shop\/"},{"@type":"ListItem","position":3,"name":"TVP Series Air &amp; Vacuum Relief Tri-Clamp Tank Vent Valve &#8211; Dixon"}]},{"@type":"WebSite","@id":"https:\/\/www.zytho.ca\/fr\/#website","url":"https:\/\/www.zytho.ca\/fr\/","name":"Zytho","description":"","publisher":{"@id":"https:\/\/www.zytho.ca\/fr\/#organization"},"potentialAction":[{"@type":"SearchAction","target":{"@type":"EntryPoint","urlTemplate":"https:\/\/www.zytho.ca\/fr\/?s={search_term_string}"},"query-input":{"@type":"PropertyValueSpecification","valueRequired":true,"valueName":"search_term_string"}}],"inLanguage":"fr-FR"},{"@type":"Organization","@id":"https:\/\/www.zytho.ca\/fr\/#organization","name":"Zytho","url":"https:\/\/www.zytho.ca\/fr\/","logo":{"@type":"ImageObject","inLanguage":"fr-FR","@id":"https:\/\/www.zytho.ca\/fr\/#\/schema\/logo\/image\/","url":"https:\/\/www.zytho.ca\/wp-content\/uploads\/2024\/05\/Zytho_reversed_horizontal.svg","contentUrl":"https:\/\/www.zytho.ca\/wp-content\/uploads\/2024\/05\/Zytho_reversed_horizontal.svg","width":1582,"height":490,"caption":"Zytho"},"image":{"@id":"https:\/\/www.zytho.ca\/fr\/#\/schema\/logo\/image\/"}}]}},"_links":{"self":[{"href":"https:\/\/www.zytho.ca\/fr\/wp-json\/wp\/v2\/product\/12683","targetHints":{"allow":["GET"]}}],"collection":[{"href":"https:\/\/www.zytho.ca\/fr\/wp-json\/wp\/v2\/product"}],"about":[{"href":"https:\/\/www.zytho.ca\/fr\/wp-json\/wp\/v2\/types\/product"}],"wp:featuredmedia":[{"embeddable":true,"href":"https:\/\/www.zytho.ca\/fr\/wp-json\/wp\/v2\/media\/12685"}],"wp:attachment":[{"href":"https:\/\/www.zytho.ca\/fr\/wp-json\/wp\/v2\/media?parent=12683"}],"wp:term":[{"taxonomy":"product_brand","embeddable":true,"href":"https:\/\/www.zytho.ca\/fr\/wp-json\/wp\/v2\/product_brand?post=12683"},{"taxonomy":"product_cat","embeddable":true,"href":"https:\/\/www.zytho.ca\/fr\/wp-json\/wp\/v2\/product_cat?post=12683"},{"taxonomy":"product_tag","embeddable":true,"href":"https:\/\/www.zytho.ca\/fr\/wp-json\/wp\/v2\/product_tag?post=12683"}],"curies":[{"name":"wp","href":"https:\/\/api.w.org\/{rel}","templated":true}]}}