{"id":12677,"date":"2025-10-27T15:46:15","date_gmt":"2025-10-27T15:46:15","guid":{"rendered":"https:\/\/zytho.ca\/product\/ruban-ptfe-en-acier-inoxydable-dixon\/"},"modified":"2025-11-10T10:58:14","modified_gmt":"2025-11-10T10:58:14","slug":"ruban-ptfe-en-acier-inoxydable-dixon","status":"publish","type":"product","link":"https:\/\/www.zytho.ca\/fr\/produit\/ruban-ptfe-en-acier-inoxydable-dixon\/","title":{"rendered":"Ruban PTFE en acier inoxydable &#8211; Dixon"},"content":{"rendered":"<h6><strong>Avantages :<\/strong><\/h6>\n<div class=\"item-list row\">\n<div class=\"large-12 columns\">\n<ul class=\"dash-list\">\n<li class=\"first\">Id\u00e9al pour les joints ou raccords filet\u00e9s en acier inoxydable<\/li>\n<li>Le nickel int\u00e9gr\u00e9 fonctionne comme un roulement \u00e0 billes<\/li>\n<li>\u00c9paisseur : 4mil (0.004mm)<\/li>\n<li>Plage de temp\u00e9rature : -450 \u00b0F \u00e0 550 \u00b0F (-268 \u00b0C \u00e0 288 \u00b0C)<\/li>\n<\/ul>\n<div class=\"large-6 columns\">\n<h6 class=\"icon-label icon-pdf-label\"><strong>Page de catalogue :<\/strong><\/h6>\n<div class=\"item-list row\">\n<div class=\"large-12 columns\">\n<ul class=\"inline-list\">\n<li class=\"first last\"><a href=\"https:\/\/www.dixonvalve.com\/sites\/default\/files\/product\/pages\/us\/DPL418%20-%20902.pdf\">DPL418 &#8211; 902<\/a><\/li>\n<\/ul>\n<\/div>\n<\/div>\n<h6><strong>FICHE DE DONN\u00c9ES DE S\u00c9CURIT\u00c9 :<\/strong><\/h6>\n<\/div>\n<div class=\"large-6 columns\">\n<div class=\"item-list row\">\n<div class=\"large-12 columns\">\n<ul class=\"inline-list\">\n<li class=\"first last\"><a href=\"https:\/\/www.dixonvalve.com\/sites\/default\/files\/product\/files\/msds\/SDS%20for%20PTFE%20tape_5.pdf\">Fiche de donn\u00e9es de s\u00e9curit\u00e9 pour le ruban PTFE<\/a><\/li>\n<\/ul>\n<\/div>\n<\/div>\n<\/div>\n<\/div>\n<\/div>\n<h6><strong>D\u00e9tails du produit :<\/strong><\/h6>\n<div class=\"item-list row\">\n<div class=\"large-12 columns\">\n<ul class=\"dash-list\">\n<li>\u00c9paisseur : 4mil (0.004mm)<\/li>\n<li>Plage de temp\u00e9rature : -450 \u00b0F \u00e0 550 \u00b0F (-268 \u00b0C \u00e0 288 \u00b0C)<\/li>\n<li class=\"first\">Utile pour les joints ou raccords filet\u00e9s en acier inoxydable<\/li>\n<li class=\"last\">Le nickel ajout\u00e9 agit comme un roulement \u00e0 billes<\/li>\n<\/ul>\n<div class=\"large-6 columns\">\n<h6 class=\"icon-label icon-pdf-label\"><strong>Page de catalogue :<\/strong><\/h6>\n<div class=\"item-list row\">\n<div class=\"large-12 columns\">\n<ul class=\"inline-list\">\n<li class=\"first last\"><a href=\"https:\/\/www.dixonvalve.com\/sites\/default\/files\/product\/pages\/us\/DPL418%20-%20902.pdf\">DPL418 &#8211; 902<\/a><\/li>\n<\/ul>\n<\/div>\n<\/div>\n<h6><strong>FICHE DE DONN\u00c9ES DE S\u00c9CURIT\u00c9 :<\/strong><\/h6>\n<\/div>\n<div class=\"large-6 columns\">\n<div class=\"item-list row\">\n<div class=\"large-12 columns\">\n<ul class=\"inline-list\">\n<li class=\"first last\"><a href=\"https:\/\/www.dixonvalve.com\/sites\/default\/files\/product\/files\/msds\/SDS%20for%20PTFE%20tape_5.pdf\">Fiche de donn\u00e9es de s\u00e9curit\u00e9 pour le ruban PTFE<\/a><\/li>\n<\/ul>\n<\/div>\n<\/div>\n<\/div>\n<\/div>\n<\/div>\n","protected":false},"excerpt":{"rendered":"<h4>Principaux avantages du ruban PTFE en acier inoxydable &#8211; Dixon pour les brasseurs professionnels<\/h4>\n<ul>\n<li>Id\u00e9al pour assurer l&#8217;\u00e9tanch\u00e9it\u00e9 des raccords filet\u00e9s en acier inoxydable dans les \u00e9quipements de brassage.<\/li>\n<li>Le nickel agit comme un lubrifiant, facilitant le montage et le d\u00e9montage.<\/li>\n<li>Large plage de temp\u00e9ratures allant de -450 \u00b0F \u00e0 550 \u00b0F, convenant \u00e0 divers processus de brassage.<\/li>\n<\/ul>\n","protected":false},"featured_media":12679,"template":"","meta":{"_acf_changed":false,"inline_featured_image":false},"product_brand":[740],"product_cat":[736,741,742],"product_tag":[],"class_list":{"0":"post-12677","1":"product","2":"type-product","3":"status-publish","4":"has-post-thumbnail","6":"product_brand-dixon","7":"product_cat-distribution","8":"product_cat-materiel","9":"product_cat-outils-industriels","11":"first","12":"instock","13":"taxable","14":"shipping-taxable","15":"purchasable","16":"product-type-simple"},"acf":[],"yoast_head":"<!-- This site is optimized with the Yoast SEO plugin v27.6 - https:\/\/yoast.com\/product\/yoast-seo-wordpress\/ -->\n<title>Ruban PTFE en acier inoxydable - Dixon - Zytho<\/title>\n<meta name=\"robots\" content=\"index, follow, max-snippet:-1, max-image-preview:large, max-video-preview:-1\" \/>\n<link rel=\"canonical\" href=\"https:\/\/www.zytho.ca\/fr\/produit\/ruban-ptfe-en-acier-inoxydable-dixon\/\" \/>\n<meta property=\"og:locale\" content=\"fr_FR\" \/>\n<meta property=\"og:type\" content=\"article\" \/>\n<meta property=\"og:title\" content=\"Ruban PTFE en acier inoxydable - Dixon - Zytho\" \/>\n<meta property=\"og:description\" content=\"Principaux avantages du ruban PTFE en acier inoxydable - Dixon pour les brasseurs professionnels  Id\u00e9al pour assurer l&#039;\u00e9tanch\u00e9it\u00e9 des raccords filet\u00e9s en acier inoxydable dans les \u00e9quipements de brassage.  Le nickel agit comme un lubrifiant, facilitant le montage et le d\u00e9montage.  Large plage de temp\u00e9ratures allant de -450 \u00b0F \u00e0 550 \u00b0F, convenant \u00e0 divers processus de brassage.\" \/>\n<meta property=\"og:url\" content=\"https:\/\/www.zytho.ca\/fr\/produit\/ruban-ptfe-en-acier-inoxydable-dixon\/\" \/>\n<meta property=\"og:site_name\" content=\"Zytho\" \/>\n<meta property=\"article:modified_time\" content=\"2025-11-10T10:58:14+00:00\" \/>\n<meta property=\"og:image\" content=\"https:\/\/www.zytho.ca\/wp-content\/uploads\/2025\/10\/Stainless-Steel-PTFE-Tape-Dixon.jpg\" \/>\n\t<meta property=\"og:image:width\" content=\"632\" \/>\n\t<meta property=\"og:image:height\" content=\"632\" \/>\n\t<meta property=\"og:image:type\" content=\"image\/jpeg\" \/>\n<meta name=\"twitter:card\" content=\"summary_large_image\" \/>\n<meta name=\"twitter:label1\" content=\"Dur\u00e9e de lecture estim\u00e9e\" \/>\n\t<meta name=\"twitter:data1\" content=\"1 minute\" \/>\n<script type=\"application\/ld+json\" class=\"yoast-schema-graph\">{\"@context\":\"https:\\\/\\\/schema.org\",\"@graph\":[{\"@type\":\"WebPage\",\"@id\":\"https:\\\/\\\/www.zytho.ca\\\/fr\\\/produit\\\/ruban-ptfe-en-acier-inoxydable-dixon\\\/\",\"url\":\"https:\\\/\\\/www.zytho.ca\\\/fr\\\/produit\\\/ruban-ptfe-en-acier-inoxydable-dixon\\\/\",\"name\":\"Ruban PTFE en acier inoxydable - Dixon - Zytho\",\"isPartOf\":{\"@id\":\"https:\\\/\\\/www.zytho.ca\\\/fr\\\/#website\"},\"primaryImageOfPage\":{\"@id\":\"https:\\\/\\\/www.zytho.ca\\\/fr\\\/produit\\\/ruban-ptfe-en-acier-inoxydable-dixon\\\/#primaryimage\"},\"image\":{\"@id\":\"https:\\\/\\\/www.zytho.ca\\\/fr\\\/produit\\\/ruban-ptfe-en-acier-inoxydable-dixon\\\/#primaryimage\"},\"thumbnailUrl\":\"https:\\\/\\\/www.zytho.ca\\\/wp-content\\\/uploads\\\/2025\\\/10\\\/Stainless-Steel-PTFE-Tape-Dixon.jpg\",\"datePublished\":\"2025-10-27T15:46:15+00:00\",\"dateModified\":\"2025-11-10T10:58:14+00:00\",\"breadcrumb\":{\"@id\":\"https:\\\/\\\/www.zytho.ca\\\/fr\\\/produit\\\/ruban-ptfe-en-acier-inoxydable-dixon\\\/#breadcrumb\"},\"inLanguage\":\"fr-FR\",\"potentialAction\":[{\"@type\":\"ReadAction\",\"target\":[\"https:\\\/\\\/www.zytho.ca\\\/fr\\\/produit\\\/ruban-ptfe-en-acier-inoxydable-dixon\\\/\"]}]},{\"@type\":\"ImageObject\",\"inLanguage\":\"fr-FR\",\"@id\":\"https:\\\/\\\/www.zytho.ca\\\/fr\\\/produit\\\/ruban-ptfe-en-acier-inoxydable-dixon\\\/#primaryimage\",\"url\":\"https:\\\/\\\/www.zytho.ca\\\/wp-content\\\/uploads\\\/2025\\\/10\\\/Stainless-Steel-PTFE-Tape-Dixon.jpg\",\"contentUrl\":\"https:\\\/\\\/www.zytho.ca\\\/wp-content\\\/uploads\\\/2025\\\/10\\\/Stainless-Steel-PTFE-Tape-Dixon.jpg\",\"width\":632,\"height\":632},{\"@type\":\"BreadcrumbList\",\"@id\":\"https:\\\/\\\/www.zytho.ca\\\/fr\\\/produit\\\/ruban-ptfe-en-acier-inoxydable-dixon\\\/#breadcrumb\",\"itemListElement\":[{\"@type\":\"ListItem\",\"position\":1,\"name\":\"Accueil\",\"item\":\"https:\\\/\\\/www.zytho.ca\\\/fr\\\/\"},{\"@type\":\"ListItem\",\"position\":2,\"name\":\"Shop\",\"item\":\"https:\\\/\\\/www.zytho.ca\\\/fr\\\/shop\\\/\"},{\"@type\":\"ListItem\",\"position\":3,\"name\":\"Ruban PTFE en acier inoxydable &#8211; Dixon\"}]},{\"@type\":\"WebSite\",\"@id\":\"https:\\\/\\\/www.zytho.ca\\\/fr\\\/#website\",\"url\":\"https:\\\/\\\/www.zytho.ca\\\/fr\\\/\",\"name\":\"Zytho\",\"description\":\"\",\"publisher\":{\"@id\":\"https:\\\/\\\/www.zytho.ca\\\/fr\\\/#organization\"},\"potentialAction\":[{\"@type\":\"SearchAction\",\"target\":{\"@type\":\"EntryPoint\",\"urlTemplate\":\"https:\\\/\\\/www.zytho.ca\\\/fr\\\/?s={search_term_string}\"},\"query-input\":{\"@type\":\"PropertyValueSpecification\",\"valueRequired\":true,\"valueName\":\"search_term_string\"}}],\"inLanguage\":\"fr-FR\"},{\"@type\":\"Organization\",\"@id\":\"https:\\\/\\\/www.zytho.ca\\\/fr\\\/#organization\",\"name\":\"Zytho\",\"url\":\"https:\\\/\\\/www.zytho.ca\\\/fr\\\/\",\"logo\":{\"@type\":\"ImageObject\",\"inLanguage\":\"fr-FR\",\"@id\":\"https:\\\/\\\/www.zytho.ca\\\/fr\\\/#\\\/schema\\\/logo\\\/image\\\/\",\"url\":\"https:\\\/\\\/www.zytho.ca\\\/wp-content\\\/uploads\\\/2024\\\/05\\\/Zytho_reversed_horizontal.svg\",\"contentUrl\":\"https:\\\/\\\/www.zytho.ca\\\/wp-content\\\/uploads\\\/2024\\\/05\\\/Zytho_reversed_horizontal.svg\",\"width\":1582,\"height\":490,\"caption\":\"Zytho\"},\"image\":{\"@id\":\"https:\\\/\\\/www.zytho.ca\\\/fr\\\/#\\\/schema\\\/logo\\\/image\\\/\"}}]}<\/script>\n<!-- \/ Yoast SEO plugin. -->","yoast_head_json":{"title":"Ruban PTFE en acier inoxydable - Dixon - Zytho","robots":{"index":"index","follow":"follow","max-snippet":"max-snippet:-1","max-image-preview":"max-image-preview:large","max-video-preview":"max-video-preview:-1"},"canonical":"https:\/\/www.zytho.ca\/fr\/produit\/ruban-ptfe-en-acier-inoxydable-dixon\/","og_locale":"fr_FR","og_type":"article","og_title":"Ruban PTFE en acier inoxydable - Dixon - Zytho","og_description":"Principaux avantages du ruban PTFE en acier inoxydable - Dixon pour les brasseurs professionnels  Id\u00e9al pour assurer l'\u00e9tanch\u00e9it\u00e9 des raccords filet\u00e9s en acier inoxydable dans les \u00e9quipements de brassage.  Le nickel agit comme un lubrifiant, facilitant le montage et le d\u00e9montage.  Large plage de temp\u00e9ratures allant de -450 \u00b0F \u00e0 550 \u00b0F, convenant \u00e0 divers processus de brassage.","og_url":"https:\/\/www.zytho.ca\/fr\/produit\/ruban-ptfe-en-acier-inoxydable-dixon\/","og_site_name":"Zytho","article_modified_time":"2025-11-10T10:58:14+00:00","og_image":[{"width":632,"height":632,"url":"https:\/\/www.zytho.ca\/wp-content\/uploads\/2025\/10\/Stainless-Steel-PTFE-Tape-Dixon.jpg","type":"image\/jpeg"}],"twitter_card":"summary_large_image","twitter_misc":{"Dur\u00e9e de lecture estim\u00e9e":"1 minute"},"schema":{"@context":"https:\/\/schema.org","@graph":[{"@type":"WebPage","@id":"https:\/\/www.zytho.ca\/fr\/produit\/ruban-ptfe-en-acier-inoxydable-dixon\/","url":"https:\/\/www.zytho.ca\/fr\/produit\/ruban-ptfe-en-acier-inoxydable-dixon\/","name":"Ruban PTFE en acier inoxydable - Dixon - Zytho","isPartOf":{"@id":"https:\/\/www.zytho.ca\/fr\/#website"},"primaryImageOfPage":{"@id":"https:\/\/www.zytho.ca\/fr\/produit\/ruban-ptfe-en-acier-inoxydable-dixon\/#primaryimage"},"image":{"@id":"https:\/\/www.zytho.ca\/fr\/produit\/ruban-ptfe-en-acier-inoxydable-dixon\/#primaryimage"},"thumbnailUrl":"https:\/\/www.zytho.ca\/wp-content\/uploads\/2025\/10\/Stainless-Steel-PTFE-Tape-Dixon.jpg","datePublished":"2025-10-27T15:46:15+00:00","dateModified":"2025-11-10T10:58:14+00:00","breadcrumb":{"@id":"https:\/\/www.zytho.ca\/fr\/produit\/ruban-ptfe-en-acier-inoxydable-dixon\/#breadcrumb"},"inLanguage":"fr-FR","potentialAction":[{"@type":"ReadAction","target":["https:\/\/www.zytho.ca\/fr\/produit\/ruban-ptfe-en-acier-inoxydable-dixon\/"]}]},{"@type":"ImageObject","inLanguage":"fr-FR","@id":"https:\/\/www.zytho.ca\/fr\/produit\/ruban-ptfe-en-acier-inoxydable-dixon\/#primaryimage","url":"https:\/\/www.zytho.ca\/wp-content\/uploads\/2025\/10\/Stainless-Steel-PTFE-Tape-Dixon.jpg","contentUrl":"https:\/\/www.zytho.ca\/wp-content\/uploads\/2025\/10\/Stainless-Steel-PTFE-Tape-Dixon.jpg","width":632,"height":632},{"@type":"BreadcrumbList","@id":"https:\/\/www.zytho.ca\/fr\/produit\/ruban-ptfe-en-acier-inoxydable-dixon\/#breadcrumb","itemListElement":[{"@type":"ListItem","position":1,"name":"Accueil","item":"https:\/\/www.zytho.ca\/fr\/"},{"@type":"ListItem","position":2,"name":"Shop","item":"https:\/\/www.zytho.ca\/fr\/shop\/"},{"@type":"ListItem","position":3,"name":"Ruban PTFE en acier inoxydable &#8211; Dixon"}]},{"@type":"WebSite","@id":"https:\/\/www.zytho.ca\/fr\/#website","url":"https:\/\/www.zytho.ca\/fr\/","name":"Zytho","description":"","publisher":{"@id":"https:\/\/www.zytho.ca\/fr\/#organization"},"potentialAction":[{"@type":"SearchAction","target":{"@type":"EntryPoint","urlTemplate":"https:\/\/www.zytho.ca\/fr\/?s={search_term_string}"},"query-input":{"@type":"PropertyValueSpecification","valueRequired":true,"valueName":"search_term_string"}}],"inLanguage":"fr-FR"},{"@type":"Organization","@id":"https:\/\/www.zytho.ca\/fr\/#organization","name":"Zytho","url":"https:\/\/www.zytho.ca\/fr\/","logo":{"@type":"ImageObject","inLanguage":"fr-FR","@id":"https:\/\/www.zytho.ca\/fr\/#\/schema\/logo\/image\/","url":"https:\/\/www.zytho.ca\/wp-content\/uploads\/2024\/05\/Zytho_reversed_horizontal.svg","contentUrl":"https:\/\/www.zytho.ca\/wp-content\/uploads\/2024\/05\/Zytho_reversed_horizontal.svg","width":1582,"height":490,"caption":"Zytho"},"image":{"@id":"https:\/\/www.zytho.ca\/fr\/#\/schema\/logo\/image\/"}}]}},"_links":{"self":[{"href":"https:\/\/www.zytho.ca\/fr\/wp-json\/wp\/v2\/product\/12677","targetHints":{"allow":["GET"]}}],"collection":[{"href":"https:\/\/www.zytho.ca\/fr\/wp-json\/wp\/v2\/product"}],"about":[{"href":"https:\/\/www.zytho.ca\/fr\/wp-json\/wp\/v2\/types\/product"}],"wp:featuredmedia":[{"embeddable":true,"href":"https:\/\/www.zytho.ca\/fr\/wp-json\/wp\/v2\/media\/12679"}],"wp:attachment":[{"href":"https:\/\/www.zytho.ca\/fr\/wp-json\/wp\/v2\/media?parent=12677"}],"wp:term":[{"taxonomy":"product_brand","embeddable":true,"href":"https:\/\/www.zytho.ca\/fr\/wp-json\/wp\/v2\/product_brand?post=12677"},{"taxonomy":"product_cat","embeddable":true,"href":"https:\/\/www.zytho.ca\/fr\/wp-json\/wp\/v2\/product_cat?post=12677"},{"taxonomy":"product_tag","embeddable":true,"href":"https:\/\/www.zytho.ca\/fr\/wp-json\/wp\/v2\/product_tag?post=12677"}],"curies":[{"name":"wp","href":"https:\/\/api.w.org\/{rel}","templated":true}]}}