{"id":12626,"date":"2025-10-27T15:46:24","date_gmt":"2025-10-27T15:46:24","guid":{"rendered":"https:\/\/zytho.ca\/product\/mamelon-ferme-npt-dixon\/"},"modified":"2026-03-17T13:24:20","modified_gmt":"2026-03-17T13:24:20","slug":"mamelon-ferme-npt-dixon","status":"publish","type":"product","link":"https:\/\/www.zytho.ca\/fr\/produit\/mamelon-ferme-npt-dixon\/","title":{"rendered":"Mamelon ferm\u00e9 NPT &#8211; Dixon"},"content":{"rendered":"<h6><strong>Avantages<\/strong><\/h6>\n<div class=\"item-list row\" data-mce-fragment=\"1\">\n<div class=\"large-12 columns\" data-mce-fragment=\"1\">\n<ul class=\"dash-list\" data-mce-fragment=\"1\">\n<li class=\"first\" data-mce-fragment=\"1\">Construit \u00e0 partir d&#8217;un tube soud\u00e9 schedule 40, garantissant durabilit\u00e9 et fiabilit\u00e9 dans les applications exigeantes.<\/li>\n<li class=\"last\" data-mce-fragment=\"1\">La configuration NPT m\u00e2le x NPT m\u00e2le facilite l&#8217;int\u00e9gration dans les syst\u00e8mes de tuyauterie existants.<\/li>\n<\/ul>\n<\/div>\n<\/div>\n<p>Dans le domaine de la plomberie et des syst\u00e8mes de tuyauterie, un mamelon sert de connecteur essentiel. Il s&#8217;agit g\u00e9n\u00e9ralement d&#8217;un court segment de tuyau \u00e9quip\u00e9 d&#8217;un filetage m\u00e2le \u00e0 chaque extr\u00e9mit\u00e9 pour relier deux raccords. Un &#8220;mamelon ferm\u00e9&#8221; se distingue par l&#8217;absence de sections non filet\u00e9es, ce qui permet une exposition minimale lorsqu&#8217;il est solidement fix\u00e9 entre deux raccords femelles. Le d\u00e9montage d&#8217;un mamelon ferm\u00e9 peut s&#8217;av\u00e9rer difficile ; il n\u00e9cessite souvent l&#8217;utilisation d&#8217;une cl\u00e9 \u00e0 pipe sur l&#8217;une des extr\u00e9mit\u00e9s filet\u00e9es, ce qui peut endommager les filets et n\u00e9cessiter leur remplacement. Il est \u00e9galement possible d&#8217;utiliser un outil sp\u00e9cialis\u00e9 connu sous le nom de cl\u00e9 \u00e0 mamelon (ou cl\u00e9 \u00e0 pipe interne) pour saisir l&#8217;int\u00e9rieur du tuyau, pr\u00e9servant ainsi l&#8217;int\u00e9grit\u00e9 des filets.   <\/p>\n<h6><strong>D\u00e9tails du produit<\/strong><\/h6>\n<div class=\"item-list row\">\n<div class=\"large-12 columns\">\n<ul class=\"inline-list\">\n<li class=\"first last\"><a href=\"https:\/\/www.dixonvalve.com\/sites\/default\/files\/product\/pages\/us\/DPL418%20-%20662.pdf\">DPL418 &#8211; 662<\/a><\/li>\n<\/ul>\n<\/div>\n<\/div>\n","protected":false},"excerpt":{"rendered":"<h4>Principaux avantages du mamelon ferm\u00e9 NPT &#8211; Dixon pour les brasseurs professionnels<\/h4>\n<ul>\n<li>Construit \u00e0 partir d&#8217;un tube soud\u00e9 schedule 40, garantissant durabilit\u00e9 et fiabilit\u00e9 pour les applications de brassage \u00e0 forte demande.<\/li>\n<li>La conception NPT m\u00e2le x NPT m\u00e2le permet une int\u00e9gration parfaite dans les syst\u00e8mes de tuyauterie existants des brasseries.<\/li>\n<li>La conception du mamelon ferm\u00e9 minimise l&#8217;exposition, maintenant une connexion propre et efficace entre les \u00e9quipements de brassage.<\/li>\n<\/ul>\n","protected":false},"featured_media":12631,"template":"","meta":{"_acf_changed":false,"inline_featured_image":false},"product_brand":[740],"product_cat":[736,741,749],"product_tag":[763,779],"class_list":{"0":"post-12626","1":"product","2":"type-product","3":"status-publish","4":"has-post-thumbnail","6":"product_brand-dixon","7":"product_cat-distribution","8":"product_cat-materiel","9":"product_cat-quincaillerie-industrielle","10":"product_tag-acier-inoxydable","11":"product_tag-materiel-npt","13":"first","14":"instock","15":"taxable","16":"shipping-taxable","17":"purchasable","18":"product-type-variable"},"acf":[],"yoast_head":"<!-- This site is optimized with the Yoast SEO plugin v27.6 - https:\/\/yoast.com\/product\/yoast-seo-wordpress\/ -->\n<title>NPT Close Nipple - Dixon - Pour Brasseries Pro | Zytho<\/title>\n<meta name=\"description\" content=\"D\u00e9couvrez le NPT Close Nipple de Dixon, fabriqu\u00e9 \u00e0 partir d&#039;un tube soud\u00e9 schedule 40 durable pour des performances fiables. Parfait pour une int\u00e9gration parfaite dans les syst\u00e8mes de tuyauterie des brasseries.\" \/>\n<meta name=\"robots\" content=\"index, follow, max-snippet:-1, max-image-preview:large, max-video-preview:-1\" \/>\n<link rel=\"canonical\" href=\"https:\/\/www.zytho.ca\/fr\/produit\/mamelon-ferme-npt-dixon\/\" \/>\n<meta property=\"og:locale\" content=\"fr_FR\" \/>\n<meta property=\"og:type\" content=\"article\" \/>\n<meta property=\"og:title\" content=\"NPT Close Nipple - Dixon - Pour Brasseries Pro | Zytho\" \/>\n<meta property=\"og:description\" content=\"D\u00e9couvrez le NPT Close Nipple de Dixon, fabriqu\u00e9 \u00e0 partir d&#039;un tube soud\u00e9 schedule 40 durable pour des performances fiables. Parfait pour une int\u00e9gration parfaite dans les syst\u00e8mes de tuyauterie des brasseries.\" \/>\n<meta property=\"og:url\" content=\"https:\/\/www.zytho.ca\/fr\/produit\/mamelon-ferme-npt-dixon\/\" \/>\n<meta property=\"og:site_name\" content=\"Zytho\" \/>\n<meta property=\"article:modified_time\" content=\"2026-03-17T13:24:20+00:00\" \/>\n<meta property=\"og:image\" content=\"https:\/\/www.zytho.ca\/wp-content\/uploads\/2025\/10\/NPT-Close-Nipple-Dixon.jpg\" \/>\n\t<meta property=\"og:image:width\" content=\"480\" \/>\n\t<meta property=\"og:image:height\" content=\"480\" \/>\n\t<meta property=\"og:image:type\" content=\"image\/jpeg\" \/>\n<meta name=\"twitter:card\" content=\"summary_large_image\" \/>\n<meta name=\"twitter:label1\" content=\"Dur\u00e9e de lecture estim\u00e9e\" \/>\n\t<meta name=\"twitter:data1\" content=\"1 minute\" \/>\n<script type=\"application\/ld+json\" class=\"yoast-schema-graph\">{\"@context\":\"https:\\\/\\\/schema.org\",\"@graph\":[{\"@type\":\"WebPage\",\"@id\":\"https:\\\/\\\/www.zytho.ca\\\/fr\\\/produit\\\/mamelon-ferme-npt-dixon\\\/\",\"url\":\"https:\\\/\\\/www.zytho.ca\\\/fr\\\/produit\\\/mamelon-ferme-npt-dixon\\\/\",\"name\":\"NPT Close Nipple - Dixon - Pour Brasseries Pro | Zytho\",\"isPartOf\":{\"@id\":\"https:\\\/\\\/www.zytho.ca\\\/fr\\\/#website\"},\"primaryImageOfPage\":{\"@id\":\"https:\\\/\\\/www.zytho.ca\\\/fr\\\/produit\\\/mamelon-ferme-npt-dixon\\\/#primaryimage\"},\"image\":{\"@id\":\"https:\\\/\\\/www.zytho.ca\\\/fr\\\/produit\\\/mamelon-ferme-npt-dixon\\\/#primaryimage\"},\"thumbnailUrl\":\"https:\\\/\\\/www.zytho.ca\\\/wp-content\\\/uploads\\\/2025\\\/10\\\/NPT-Close-Nipple-Dixon.jpg\",\"datePublished\":\"2025-10-27T15:46:24+00:00\",\"dateModified\":\"2026-03-17T13:24:20+00:00\",\"description\":\"D\u00e9couvrez le NPT Close Nipple de Dixon, fabriqu\u00e9 \u00e0 partir d'un tube soud\u00e9 schedule 40 durable pour des performances fiables. Parfait pour une int\u00e9gration parfaite dans les syst\u00e8mes de tuyauterie des brasseries.\",\"breadcrumb\":{\"@id\":\"https:\\\/\\\/www.zytho.ca\\\/fr\\\/produit\\\/mamelon-ferme-npt-dixon\\\/#breadcrumb\"},\"inLanguage\":\"fr-FR\",\"potentialAction\":[{\"@type\":\"ReadAction\",\"target\":[\"https:\\\/\\\/www.zytho.ca\\\/fr\\\/produit\\\/mamelon-ferme-npt-dixon\\\/\"]}]},{\"@type\":\"ImageObject\",\"inLanguage\":\"fr-FR\",\"@id\":\"https:\\\/\\\/www.zytho.ca\\\/fr\\\/produit\\\/mamelon-ferme-npt-dixon\\\/#primaryimage\",\"url\":\"https:\\\/\\\/www.zytho.ca\\\/wp-content\\\/uploads\\\/2025\\\/10\\\/NPT-Close-Nipple-Dixon.jpg\",\"contentUrl\":\"https:\\\/\\\/www.zytho.ca\\\/wp-content\\\/uploads\\\/2025\\\/10\\\/NPT-Close-Nipple-Dixon.jpg\",\"width\":480,\"height\":480},{\"@type\":\"BreadcrumbList\",\"@id\":\"https:\\\/\\\/www.zytho.ca\\\/fr\\\/produit\\\/mamelon-ferme-npt-dixon\\\/#breadcrumb\",\"itemListElement\":[{\"@type\":\"ListItem\",\"position\":1,\"name\":\"Accueil\",\"item\":\"https:\\\/\\\/www.zytho.ca\\\/fr\\\/\"},{\"@type\":\"ListItem\",\"position\":2,\"name\":\"Shop\",\"item\":\"https:\\\/\\\/www.zytho.ca\\\/fr\\\/shop\\\/\"},{\"@type\":\"ListItem\",\"position\":3,\"name\":\"Mamelon ferm\u00e9 NPT &#8211; Dixon\"}]},{\"@type\":\"WebSite\",\"@id\":\"https:\\\/\\\/www.zytho.ca\\\/fr\\\/#website\",\"url\":\"https:\\\/\\\/www.zytho.ca\\\/fr\\\/\",\"name\":\"Zytho\",\"description\":\"\",\"publisher\":{\"@id\":\"https:\\\/\\\/www.zytho.ca\\\/fr\\\/#organization\"},\"potentialAction\":[{\"@type\":\"SearchAction\",\"target\":{\"@type\":\"EntryPoint\",\"urlTemplate\":\"https:\\\/\\\/www.zytho.ca\\\/fr\\\/?s={search_term_string}\"},\"query-input\":{\"@type\":\"PropertyValueSpecification\",\"valueRequired\":true,\"valueName\":\"search_term_string\"}}],\"inLanguage\":\"fr-FR\"},{\"@type\":\"Organization\",\"@id\":\"https:\\\/\\\/www.zytho.ca\\\/fr\\\/#organization\",\"name\":\"Zytho\",\"url\":\"https:\\\/\\\/www.zytho.ca\\\/fr\\\/\",\"logo\":{\"@type\":\"ImageObject\",\"inLanguage\":\"fr-FR\",\"@id\":\"https:\\\/\\\/www.zytho.ca\\\/fr\\\/#\\\/schema\\\/logo\\\/image\\\/\",\"url\":\"https:\\\/\\\/www.zytho.ca\\\/wp-content\\\/uploads\\\/2024\\\/05\\\/Zytho_reversed_horizontal.svg\",\"contentUrl\":\"https:\\\/\\\/www.zytho.ca\\\/wp-content\\\/uploads\\\/2024\\\/05\\\/Zytho_reversed_horizontal.svg\",\"width\":1582,\"height\":490,\"caption\":\"Zytho\"},\"image\":{\"@id\":\"https:\\\/\\\/www.zytho.ca\\\/fr\\\/#\\\/schema\\\/logo\\\/image\\\/\"}}]}<\/script>\n<!-- \/ Yoast SEO plugin. -->","yoast_head_json":{"title":"NPT Close Nipple - Dixon - Pour Brasseries Pro | Zytho","description":"D\u00e9couvrez le NPT Close Nipple de Dixon, fabriqu\u00e9 \u00e0 partir d'un tube soud\u00e9 schedule 40 durable pour des performances fiables. Parfait pour une int\u00e9gration parfaite dans les syst\u00e8mes de tuyauterie des brasseries.","robots":{"index":"index","follow":"follow","max-snippet":"max-snippet:-1","max-image-preview":"max-image-preview:large","max-video-preview":"max-video-preview:-1"},"canonical":"https:\/\/www.zytho.ca\/fr\/produit\/mamelon-ferme-npt-dixon\/","og_locale":"fr_FR","og_type":"article","og_title":"NPT Close Nipple - Dixon - Pour Brasseries Pro | Zytho","og_description":"D\u00e9couvrez le NPT Close Nipple de Dixon, fabriqu\u00e9 \u00e0 partir d'un tube soud\u00e9 schedule 40 durable pour des performances fiables. Parfait pour une int\u00e9gration parfaite dans les syst\u00e8mes de tuyauterie des brasseries.","og_url":"https:\/\/www.zytho.ca\/fr\/produit\/mamelon-ferme-npt-dixon\/","og_site_name":"Zytho","article_modified_time":"2026-03-17T13:24:20+00:00","og_image":[{"width":480,"height":480,"url":"https:\/\/www.zytho.ca\/wp-content\/uploads\/2025\/10\/NPT-Close-Nipple-Dixon.jpg","type":"image\/jpeg"}],"twitter_card":"summary_large_image","twitter_misc":{"Dur\u00e9e de lecture estim\u00e9e":"1 minute"},"schema":{"@context":"https:\/\/schema.org","@graph":[{"@type":"WebPage","@id":"https:\/\/www.zytho.ca\/fr\/produit\/mamelon-ferme-npt-dixon\/","url":"https:\/\/www.zytho.ca\/fr\/produit\/mamelon-ferme-npt-dixon\/","name":"NPT Close Nipple - Dixon - Pour Brasseries Pro | Zytho","isPartOf":{"@id":"https:\/\/www.zytho.ca\/fr\/#website"},"primaryImageOfPage":{"@id":"https:\/\/www.zytho.ca\/fr\/produit\/mamelon-ferme-npt-dixon\/#primaryimage"},"image":{"@id":"https:\/\/www.zytho.ca\/fr\/produit\/mamelon-ferme-npt-dixon\/#primaryimage"},"thumbnailUrl":"https:\/\/www.zytho.ca\/wp-content\/uploads\/2025\/10\/NPT-Close-Nipple-Dixon.jpg","datePublished":"2025-10-27T15:46:24+00:00","dateModified":"2026-03-17T13:24:20+00:00","description":"D\u00e9couvrez le NPT Close Nipple de Dixon, fabriqu\u00e9 \u00e0 partir d'un tube soud\u00e9 schedule 40 durable pour des performances fiables. Parfait pour une int\u00e9gration parfaite dans les syst\u00e8mes de tuyauterie des brasseries.","breadcrumb":{"@id":"https:\/\/www.zytho.ca\/fr\/produit\/mamelon-ferme-npt-dixon\/#breadcrumb"},"inLanguage":"fr-FR","potentialAction":[{"@type":"ReadAction","target":["https:\/\/www.zytho.ca\/fr\/produit\/mamelon-ferme-npt-dixon\/"]}]},{"@type":"ImageObject","inLanguage":"fr-FR","@id":"https:\/\/www.zytho.ca\/fr\/produit\/mamelon-ferme-npt-dixon\/#primaryimage","url":"https:\/\/www.zytho.ca\/wp-content\/uploads\/2025\/10\/NPT-Close-Nipple-Dixon.jpg","contentUrl":"https:\/\/www.zytho.ca\/wp-content\/uploads\/2025\/10\/NPT-Close-Nipple-Dixon.jpg","width":480,"height":480},{"@type":"BreadcrumbList","@id":"https:\/\/www.zytho.ca\/fr\/produit\/mamelon-ferme-npt-dixon\/#breadcrumb","itemListElement":[{"@type":"ListItem","position":1,"name":"Accueil","item":"https:\/\/www.zytho.ca\/fr\/"},{"@type":"ListItem","position":2,"name":"Shop","item":"https:\/\/www.zytho.ca\/fr\/shop\/"},{"@type":"ListItem","position":3,"name":"Mamelon ferm\u00e9 NPT &#8211; Dixon"}]},{"@type":"WebSite","@id":"https:\/\/www.zytho.ca\/fr\/#website","url":"https:\/\/www.zytho.ca\/fr\/","name":"Zytho","description":"","publisher":{"@id":"https:\/\/www.zytho.ca\/fr\/#organization"},"potentialAction":[{"@type":"SearchAction","target":{"@type":"EntryPoint","urlTemplate":"https:\/\/www.zytho.ca\/fr\/?s={search_term_string}"},"query-input":{"@type":"PropertyValueSpecification","valueRequired":true,"valueName":"search_term_string"}}],"inLanguage":"fr-FR"},{"@type":"Organization","@id":"https:\/\/www.zytho.ca\/fr\/#organization","name":"Zytho","url":"https:\/\/www.zytho.ca\/fr\/","logo":{"@type":"ImageObject","inLanguage":"fr-FR","@id":"https:\/\/www.zytho.ca\/fr\/#\/schema\/logo\/image\/","url":"https:\/\/www.zytho.ca\/wp-content\/uploads\/2024\/05\/Zytho_reversed_horizontal.svg","contentUrl":"https:\/\/www.zytho.ca\/wp-content\/uploads\/2024\/05\/Zytho_reversed_horizontal.svg","width":1582,"height":490,"caption":"Zytho"},"image":{"@id":"https:\/\/www.zytho.ca\/fr\/#\/schema\/logo\/image\/"}}]}},"_links":{"self":[{"href":"https:\/\/www.zytho.ca\/fr\/wp-json\/wp\/v2\/product\/12626","targetHints":{"allow":["GET"]}}],"collection":[{"href":"https:\/\/www.zytho.ca\/fr\/wp-json\/wp\/v2\/product"}],"about":[{"href":"https:\/\/www.zytho.ca\/fr\/wp-json\/wp\/v2\/types\/product"}],"wp:featuredmedia":[{"embeddable":true,"href":"https:\/\/www.zytho.ca\/fr\/wp-json\/wp\/v2\/media\/12631"}],"wp:attachment":[{"href":"https:\/\/www.zytho.ca\/fr\/wp-json\/wp\/v2\/media?parent=12626"}],"wp:term":[{"taxonomy":"product_brand","embeddable":true,"href":"https:\/\/www.zytho.ca\/fr\/wp-json\/wp\/v2\/product_brand?post=12626"},{"taxonomy":"product_cat","embeddable":true,"href":"https:\/\/www.zytho.ca\/fr\/wp-json\/wp\/v2\/product_cat?post=12626"},{"taxonomy":"product_tag","embeddable":true,"href":"https:\/\/www.zytho.ca\/fr\/wp-json\/wp\/v2\/product_tag?post=12626"}],"curies":[{"name":"wp","href":"https:\/\/api.w.org\/{rel}","templated":true}]}}