{"id":12625,"date":"2025-10-27T15:46:19","date_gmt":"2025-10-27T15:46:19","guid":{"rendered":"https:\/\/zytho.ca\/product\/sslbv-robinet-a-bille-en-acier-inoxydable-npt-dixon\/"},"modified":"2025-11-10T10:59:03","modified_gmt":"2025-11-10T10:59:03","slug":"sslbv-robinet-a-bille-en-acier-inoxydable-npt-dixon","status":"publish","type":"product","link":"https:\/\/www.zytho.ca\/fr\/produit\/sslbv-robinet-a-bille-en-acier-inoxydable-npt-dixon\/","title":{"rendered":"Valve \u00e0 bille en acier inoxydable SSLBV NPT &#8211; Dixon"},"content":{"rendered":"<h6><strong>Avantages<\/strong><\/h6>\n<ul>\n<li>La s\u00e9curit\u00e9 est assur\u00e9e par la conception d&#8217;une tige anti-\u00e9clatement.<\/li>\n<li>Flexibilit\u00e9 gr\u00e2ce aux options de port r\u00e9duit et de port int\u00e9gral<\/li>\n<\/ul>\n<h6><strong>Applications<\/strong><\/h6>\n<ul>\n<li>Id\u00e9al pour le d\u00e9ploiement dans les secteurs de l&#8217;eau, du p\u00e9trole et du gaz<\/li>\n<\/ul>\n<h6><strong>D\u00e9tails du produit<\/strong><\/h6>\n<ul>\n<li>Le corps, la bille et la tige sont en acier inoxydable 316.<\/li>\n<li>Equip\u00e9 d&#8217;un si\u00e8ge, d&#8217;un joint et d&#8217;une rondelle de but\u00e9e en R-PTFE pour des performances accrues.<\/li>\n<\/ul>\n<h6><strong>Brochure\/Litt\u00e9rature<\/strong><\/h6>\n<ul>\n<li><a href=\"https:\/\/www.dixonvalve.com\/sites\/default\/files\/product\/files\/brochures-literature\/Ball%20Valve%20Checklist.pdf\">Liste de v\u00e9rification valve \u00e0 bille<\/a><\/li>\n<li><a href=\"https:\/\/www.dixonvalve.com\/sites\/default\/files\/product\/files\/brochures-literature\/Inside%20Air%20Applications_2015_0.pdf\">Applications pour l&#8217;air int\u00e9rieur<\/a><\/li>\n<\/ul>\n<h6><strong>Page de catalogue<\/strong><\/h6>\n<ul>\n<li><a href=\"https:\/\/www.dixonvalve.com\/sites\/default\/files\/product\/pages\/us\/DPL418%20-%20539.pdf\">DPL418 &#8211; 539<\/a><\/li>\n<li><a href=\"https:\/\/www.dixonvalve.com\/sites\/default\/files\/product\/pages\/us\/DPL418%20-%20540.pdf\">DPL418 &#8211; 540<\/a><\/li>\n<\/ul>\n<h6><strong>Sp\u00e9cifications dimensionnelles<\/strong><\/h6>\n<ul>\n<li><a href=\"https:\/\/www.dixonvalve.com\/sites\/default\/files\/product\/files\/dimensional-specs\/SSBV25.pdf\">Sp\u00e9cifications dimensionnelles<\/a><\/li>\n<\/ul>\n","protected":false},"excerpt":{"rendered":"<h4>Avantages cl\u00e9s de la valve \u00e0 bille en acier inoxydable SSLBV NPT pour les brasseurs professionnels<\/h4>\n<ul>\n<li>La s\u00e9curit\u00e9 est assur\u00e9e par la conception d&#8217;une tige anti-\u00e9clatement, cruciale pour le maintien d&#8217;op\u00e9rations de brassage s\u00fbres.<\/li>\n<li>Offre une grande polyvalence avec des configurations \u00e0 orifice r\u00e9duit ou complet, s&#8217;adaptant aux diff\u00e9rentes exigences des syst\u00e8mes de brassage.<\/li>\n<li>Construit avec des composants durables en acier inoxydable 316 et en R-PTFE, il offre des performances durables dans des environnements de brassage exigeants.<\/li>\n<\/ul>\n","protected":false},"featured_media":12627,"template":"","meta":{"_acf_changed":false,"inline_featured_image":false},"product_brand":[740],"product_cat":[736,741,749],"product_tag":[],"class_list":{"0":"post-12625","1":"product","2":"type-product","3":"status-publish","4":"has-post-thumbnail","6":"product_brand-dixon","7":"product_cat-distribution","8":"product_cat-materiel","9":"product_cat-quincaillerie-industrielle","11":"first","12":"instock","13":"taxable","14":"shipping-taxable","15":"purchasable","16":"product-type-variable"},"acf":[],"yoast_head":"<!-- This site is optimized with the Yoast SEO plugin v27.6 - https:\/\/yoast.com\/product\/yoast-seo-wordpress\/ -->\n<title>Valve \u00e0 bille en acier inoxydable SSLBV NPT - Dixon - Pour brasseries professionnelles | Zytho<\/title>\n<meta name=\"description\" content=\"D\u00e9couvrez la valve \u00e0 bille en acier inoxydable SSLBV NPT de Dixon, con\u00e7ue pour l&#039;efficacit\u00e9 des brasseries avec une tige anti-\u00e9jection, des options de port flexibles et une construction robuste en acier inoxydable 316.\" \/>\n<meta name=\"robots\" content=\"index, follow, max-snippet:-1, max-image-preview:large, max-video-preview:-1\" \/>\n<link rel=\"canonical\" href=\"https:\/\/www.zytho.ca\/fr\/produit\/sslbv-robinet-a-bille-en-acier-inoxydable-npt-dixon\/\" \/>\n<meta property=\"og:locale\" content=\"fr_FR\" \/>\n<meta property=\"og:type\" content=\"article\" \/>\n<meta property=\"og:title\" content=\"Valve \u00e0 bille en acier inoxydable SSLBV NPT - Dixon - Pour brasseries professionnelles | Zytho\" \/>\n<meta property=\"og:description\" content=\"D\u00e9couvrez la valve \u00e0 bille en acier inoxydable SSLBV NPT de Dixon, con\u00e7ue pour l&#039;efficacit\u00e9 des brasseries avec une tige anti-\u00e9jection, des options de port flexibles et une construction robuste en acier inoxydable 316.\" \/>\n<meta property=\"og:url\" content=\"https:\/\/www.zytho.ca\/fr\/produit\/sslbv-robinet-a-bille-en-acier-inoxydable-npt-dixon\/\" \/>\n<meta property=\"og:site_name\" content=\"Zytho\" \/>\n<meta property=\"article:modified_time\" content=\"2025-11-10T10:59:03+00:00\" \/>\n<meta property=\"og:image\" content=\"https:\/\/www.zytho.ca\/wp-content\/uploads\/2025\/10\/SSLBV-Stainless-Steel-Ball-Valve-NPT-Dixon.jpg\" \/>\n\t<meta property=\"og:image:width\" content=\"300\" \/>\n\t<meta property=\"og:image:height\" content=\"300\" \/>\n\t<meta property=\"og:image:type\" content=\"image\/jpeg\" \/>\n<meta name=\"twitter:card\" content=\"summary_large_image\" \/>\n<meta name=\"twitter:label1\" content=\"Dur\u00e9e de lecture estim\u00e9e\" \/>\n\t<meta name=\"twitter:data1\" content=\"1 minute\" \/>\n<script type=\"application\/ld+json\" class=\"yoast-schema-graph\">{\"@context\":\"https:\\\/\\\/schema.org\",\"@graph\":[{\"@type\":\"WebPage\",\"@id\":\"https:\\\/\\\/www.zytho.ca\\\/fr\\\/produit\\\/sslbv-robinet-a-bille-en-acier-inoxydable-npt-dixon\\\/\",\"url\":\"https:\\\/\\\/www.zytho.ca\\\/fr\\\/produit\\\/sslbv-robinet-a-bille-en-acier-inoxydable-npt-dixon\\\/\",\"name\":\"Valve \u00e0 bille en acier inoxydable SSLBV NPT - Dixon - Pour brasseries professionnelles | Zytho\",\"isPartOf\":{\"@id\":\"https:\\\/\\\/www.zytho.ca\\\/fr\\\/#website\"},\"primaryImageOfPage\":{\"@id\":\"https:\\\/\\\/www.zytho.ca\\\/fr\\\/produit\\\/sslbv-robinet-a-bille-en-acier-inoxydable-npt-dixon\\\/#primaryimage\"},\"image\":{\"@id\":\"https:\\\/\\\/www.zytho.ca\\\/fr\\\/produit\\\/sslbv-robinet-a-bille-en-acier-inoxydable-npt-dixon\\\/#primaryimage\"},\"thumbnailUrl\":\"https:\\\/\\\/www.zytho.ca\\\/wp-content\\\/uploads\\\/2025\\\/10\\\/SSLBV-Stainless-Steel-Ball-Valve-NPT-Dixon.jpg\",\"datePublished\":\"2025-10-27T15:46:19+00:00\",\"dateModified\":\"2025-11-10T10:59:03+00:00\",\"description\":\"D\u00e9couvrez la valve \u00e0 bille en acier inoxydable SSLBV NPT de Dixon, con\u00e7ue pour l'efficacit\u00e9 des brasseries avec une tige anti-\u00e9jection, des options de port flexibles et une construction robuste en acier inoxydable 316.\",\"breadcrumb\":{\"@id\":\"https:\\\/\\\/www.zytho.ca\\\/fr\\\/produit\\\/sslbv-robinet-a-bille-en-acier-inoxydable-npt-dixon\\\/#breadcrumb\"},\"inLanguage\":\"fr-FR\",\"potentialAction\":[{\"@type\":\"ReadAction\",\"target\":[\"https:\\\/\\\/www.zytho.ca\\\/fr\\\/produit\\\/sslbv-robinet-a-bille-en-acier-inoxydable-npt-dixon\\\/\"]}]},{\"@type\":\"ImageObject\",\"inLanguage\":\"fr-FR\",\"@id\":\"https:\\\/\\\/www.zytho.ca\\\/fr\\\/produit\\\/sslbv-robinet-a-bille-en-acier-inoxydable-npt-dixon\\\/#primaryimage\",\"url\":\"https:\\\/\\\/www.zytho.ca\\\/wp-content\\\/uploads\\\/2025\\\/10\\\/SSLBV-Stainless-Steel-Ball-Valve-NPT-Dixon.jpg\",\"contentUrl\":\"https:\\\/\\\/www.zytho.ca\\\/wp-content\\\/uploads\\\/2025\\\/10\\\/SSLBV-Stainless-Steel-Ball-Valve-NPT-Dixon.jpg\",\"width\":300,\"height\":300},{\"@type\":\"BreadcrumbList\",\"@id\":\"https:\\\/\\\/www.zytho.ca\\\/fr\\\/produit\\\/sslbv-robinet-a-bille-en-acier-inoxydable-npt-dixon\\\/#breadcrumb\",\"itemListElement\":[{\"@type\":\"ListItem\",\"position\":1,\"name\":\"Accueil\",\"item\":\"https:\\\/\\\/www.zytho.ca\\\/fr\\\/\"},{\"@type\":\"ListItem\",\"position\":2,\"name\":\"Shop\",\"item\":\"https:\\\/\\\/www.zytho.ca\\\/fr\\\/shop\\\/\"},{\"@type\":\"ListItem\",\"position\":3,\"name\":\"Valve \u00e0 bille en acier inoxydable SSLBV NPT &#8211; Dixon\"}]},{\"@type\":\"WebSite\",\"@id\":\"https:\\\/\\\/www.zytho.ca\\\/fr\\\/#website\",\"url\":\"https:\\\/\\\/www.zytho.ca\\\/fr\\\/\",\"name\":\"Zytho\",\"description\":\"\",\"publisher\":{\"@id\":\"https:\\\/\\\/www.zytho.ca\\\/fr\\\/#organization\"},\"potentialAction\":[{\"@type\":\"SearchAction\",\"target\":{\"@type\":\"EntryPoint\",\"urlTemplate\":\"https:\\\/\\\/www.zytho.ca\\\/fr\\\/?s={search_term_string}\"},\"query-input\":{\"@type\":\"PropertyValueSpecification\",\"valueRequired\":true,\"valueName\":\"search_term_string\"}}],\"inLanguage\":\"fr-FR\"},{\"@type\":\"Organization\",\"@id\":\"https:\\\/\\\/www.zytho.ca\\\/fr\\\/#organization\",\"name\":\"Zytho\",\"url\":\"https:\\\/\\\/www.zytho.ca\\\/fr\\\/\",\"logo\":{\"@type\":\"ImageObject\",\"inLanguage\":\"fr-FR\",\"@id\":\"https:\\\/\\\/www.zytho.ca\\\/fr\\\/#\\\/schema\\\/logo\\\/image\\\/\",\"url\":\"https:\\\/\\\/www.zytho.ca\\\/wp-content\\\/uploads\\\/2024\\\/05\\\/Zytho_reversed_horizontal.svg\",\"contentUrl\":\"https:\\\/\\\/www.zytho.ca\\\/wp-content\\\/uploads\\\/2024\\\/05\\\/Zytho_reversed_horizontal.svg\",\"width\":1582,\"height\":490,\"caption\":\"Zytho\"},\"image\":{\"@id\":\"https:\\\/\\\/www.zytho.ca\\\/fr\\\/#\\\/schema\\\/logo\\\/image\\\/\"}}]}<\/script>\n<!-- \/ Yoast SEO plugin. -->","yoast_head_json":{"title":"Valve \u00e0 bille en acier inoxydable SSLBV NPT - Dixon - Pour brasseries professionnelles | Zytho","description":"D\u00e9couvrez la valve \u00e0 bille en acier inoxydable SSLBV NPT de Dixon, con\u00e7ue pour l'efficacit\u00e9 des brasseries avec une tige anti-\u00e9jection, des options de port flexibles et une construction robuste en acier inoxydable 316.","robots":{"index":"index","follow":"follow","max-snippet":"max-snippet:-1","max-image-preview":"max-image-preview:large","max-video-preview":"max-video-preview:-1"},"canonical":"https:\/\/www.zytho.ca\/fr\/produit\/sslbv-robinet-a-bille-en-acier-inoxydable-npt-dixon\/","og_locale":"fr_FR","og_type":"article","og_title":"Valve \u00e0 bille en acier inoxydable SSLBV NPT - Dixon - Pour brasseries professionnelles | Zytho","og_description":"D\u00e9couvrez la valve \u00e0 bille en acier inoxydable SSLBV NPT de Dixon, con\u00e7ue pour l'efficacit\u00e9 des brasseries avec une tige anti-\u00e9jection, des options de port flexibles et une construction robuste en acier inoxydable 316.","og_url":"https:\/\/www.zytho.ca\/fr\/produit\/sslbv-robinet-a-bille-en-acier-inoxydable-npt-dixon\/","og_site_name":"Zytho","article_modified_time":"2025-11-10T10:59:03+00:00","og_image":[{"width":300,"height":300,"url":"https:\/\/www.zytho.ca\/wp-content\/uploads\/2025\/10\/SSLBV-Stainless-Steel-Ball-Valve-NPT-Dixon.jpg","type":"image\/jpeg"}],"twitter_card":"summary_large_image","twitter_misc":{"Dur\u00e9e de lecture estim\u00e9e":"1 minute"},"schema":{"@context":"https:\/\/schema.org","@graph":[{"@type":"WebPage","@id":"https:\/\/www.zytho.ca\/fr\/produit\/sslbv-robinet-a-bille-en-acier-inoxydable-npt-dixon\/","url":"https:\/\/www.zytho.ca\/fr\/produit\/sslbv-robinet-a-bille-en-acier-inoxydable-npt-dixon\/","name":"Valve \u00e0 bille en acier inoxydable SSLBV NPT - Dixon - Pour brasseries professionnelles | Zytho","isPartOf":{"@id":"https:\/\/www.zytho.ca\/fr\/#website"},"primaryImageOfPage":{"@id":"https:\/\/www.zytho.ca\/fr\/produit\/sslbv-robinet-a-bille-en-acier-inoxydable-npt-dixon\/#primaryimage"},"image":{"@id":"https:\/\/www.zytho.ca\/fr\/produit\/sslbv-robinet-a-bille-en-acier-inoxydable-npt-dixon\/#primaryimage"},"thumbnailUrl":"https:\/\/www.zytho.ca\/wp-content\/uploads\/2025\/10\/SSLBV-Stainless-Steel-Ball-Valve-NPT-Dixon.jpg","datePublished":"2025-10-27T15:46:19+00:00","dateModified":"2025-11-10T10:59:03+00:00","description":"D\u00e9couvrez la valve \u00e0 bille en acier inoxydable SSLBV NPT de Dixon, con\u00e7ue pour l'efficacit\u00e9 des brasseries avec une tige anti-\u00e9jection, des options de port flexibles et une construction robuste en acier inoxydable 316.","breadcrumb":{"@id":"https:\/\/www.zytho.ca\/fr\/produit\/sslbv-robinet-a-bille-en-acier-inoxydable-npt-dixon\/#breadcrumb"},"inLanguage":"fr-FR","potentialAction":[{"@type":"ReadAction","target":["https:\/\/www.zytho.ca\/fr\/produit\/sslbv-robinet-a-bille-en-acier-inoxydable-npt-dixon\/"]}]},{"@type":"ImageObject","inLanguage":"fr-FR","@id":"https:\/\/www.zytho.ca\/fr\/produit\/sslbv-robinet-a-bille-en-acier-inoxydable-npt-dixon\/#primaryimage","url":"https:\/\/www.zytho.ca\/wp-content\/uploads\/2025\/10\/SSLBV-Stainless-Steel-Ball-Valve-NPT-Dixon.jpg","contentUrl":"https:\/\/www.zytho.ca\/wp-content\/uploads\/2025\/10\/SSLBV-Stainless-Steel-Ball-Valve-NPT-Dixon.jpg","width":300,"height":300},{"@type":"BreadcrumbList","@id":"https:\/\/www.zytho.ca\/fr\/produit\/sslbv-robinet-a-bille-en-acier-inoxydable-npt-dixon\/#breadcrumb","itemListElement":[{"@type":"ListItem","position":1,"name":"Accueil","item":"https:\/\/www.zytho.ca\/fr\/"},{"@type":"ListItem","position":2,"name":"Shop","item":"https:\/\/www.zytho.ca\/fr\/shop\/"},{"@type":"ListItem","position":3,"name":"Valve \u00e0 bille en acier inoxydable SSLBV NPT &#8211; Dixon"}]},{"@type":"WebSite","@id":"https:\/\/www.zytho.ca\/fr\/#website","url":"https:\/\/www.zytho.ca\/fr\/","name":"Zytho","description":"","publisher":{"@id":"https:\/\/www.zytho.ca\/fr\/#organization"},"potentialAction":[{"@type":"SearchAction","target":{"@type":"EntryPoint","urlTemplate":"https:\/\/www.zytho.ca\/fr\/?s={search_term_string}"},"query-input":{"@type":"PropertyValueSpecification","valueRequired":true,"valueName":"search_term_string"}}],"inLanguage":"fr-FR"},{"@type":"Organization","@id":"https:\/\/www.zytho.ca\/fr\/#organization","name":"Zytho","url":"https:\/\/www.zytho.ca\/fr\/","logo":{"@type":"ImageObject","inLanguage":"fr-FR","@id":"https:\/\/www.zytho.ca\/fr\/#\/schema\/logo\/image\/","url":"https:\/\/www.zytho.ca\/wp-content\/uploads\/2024\/05\/Zytho_reversed_horizontal.svg","contentUrl":"https:\/\/www.zytho.ca\/wp-content\/uploads\/2024\/05\/Zytho_reversed_horizontal.svg","width":1582,"height":490,"caption":"Zytho"},"image":{"@id":"https:\/\/www.zytho.ca\/fr\/#\/schema\/logo\/image\/"}}]}},"_links":{"self":[{"href":"https:\/\/www.zytho.ca\/fr\/wp-json\/wp\/v2\/product\/12625","targetHints":{"allow":["GET"]}}],"collection":[{"href":"https:\/\/www.zytho.ca\/fr\/wp-json\/wp\/v2\/product"}],"about":[{"href":"https:\/\/www.zytho.ca\/fr\/wp-json\/wp\/v2\/types\/product"}],"wp:featuredmedia":[{"embeddable":true,"href":"https:\/\/www.zytho.ca\/fr\/wp-json\/wp\/v2\/media\/12627"}],"wp:attachment":[{"href":"https:\/\/www.zytho.ca\/fr\/wp-json\/wp\/v2\/media?parent=12625"}],"wp:term":[{"taxonomy":"product_brand","embeddable":true,"href":"https:\/\/www.zytho.ca\/fr\/wp-json\/wp\/v2\/product_brand?post=12625"},{"taxonomy":"product_cat","embeddable":true,"href":"https:\/\/www.zytho.ca\/fr\/wp-json\/wp\/v2\/product_cat?post=12625"},{"taxonomy":"product_tag","embeddable":true,"href":"https:\/\/www.zytho.ca\/fr\/wp-json\/wp\/v2\/product_tag?post=12625"}],"curies":[{"name":"wp","href":"https:\/\/api.w.org\/{rel}","templated":true}]}}