{"id":12540,"date":"2025-10-27T15:46:46","date_gmt":"2025-10-27T15:46:46","guid":{"rendered":"https:\/\/zytho.ca\/product\/embout-de-tuyau-npt-dixon\/"},"modified":"2025-11-10T10:45:50","modified_gmt":"2025-11-10T10:45:50","slug":"embout-de-tuyau-npt-dixon","status":"publish","type":"product","link":"https:\/\/www.zytho.ca\/fr\/produit\/embout-de-tuyau-npt-dixon\/","title":{"rendered":"Embout de tuyau NPT &#8211; Dixon"},"content":{"rendered":"<h6><strong>Avantages :<\/strong><\/h6>\n<ul>\n<li>R\u00e9sistance accrue \u00e0 la corrosion gr\u00e2ce \u00e0 la teneur plus \u00e9lev\u00e9e en nickel de l&#8217;acier inoxydable 316, id\u00e9al pour les environnements exigeants.<\/li>\n<li>Compatible avec les tuyaux en acier inoxydable Schedule 40 ou 80, adapt\u00e9 aux applications air, eau et gaz naturel.<\/li>\n<\/ul>\n<p>Un mamelon est un segment concis de tuyau con\u00e7u pour relier deux raccords de mani\u00e8re transparente. Ce raccord filet\u00e9 NPT de classe 150# est fabriqu\u00e9 en acier inoxydable 316, ce qui lui conf\u00e8re une durabilit\u00e9 et une r\u00e9sistance \u00e0 la corrosion sup\u00e9rieures. <\/p>\n<h6><strong>D\u00e9tails du produit :<\/strong><\/h6>\n<ul>\n<li>Mat\u00e9riau : Acier inoxydable 316<\/li>\n<li>Construction : Fabriqu\u00e9 \u00e0 partir de tubes soud\u00e9s Schedule 40<\/li>\n<li>Conception : Configuration NPT m\u00e2le x NPT m\u00e2le<\/li>\n<\/ul>\n<h6><strong>Page de catalogue :<\/strong><\/h6>\n<ul>\n<li><a href=\"https:\/\/www.dixonvalve.com\/sites\/default\/files\/product\/pages\/us\/DPL418%20-%20661.pdf\">DPL418 &#8211; 661<\/a><\/li>\n<\/ul>\n","protected":false},"excerpt":{"rendered":"<h4>Principaux avantages de l&#8217;embout NPT &#8211; Dixon pour les brasseurs professionnels<\/h4>\n<ul>\n<li>R\u00e9sistance exceptionnelle \u00e0 la corrosion gr\u00e2ce \u00e0 l&#8217;acier inoxydable 316, id\u00e9al pour les environnements de brassage.<\/li>\n<li>Compatibilit\u00e9 polyvalente avec les tuyaux Schedule 40 ou 80, convenant \u00e0 diverses applications de brassage.<\/li>\n<li>Connexion durable et fiable de classe 150# pour une int\u00e9gration parfaite dans les syst\u00e8mes de brassage.<\/li>\n<\/ul>\n","protected":false},"featured_media":12541,"template":"","meta":{"_acf_changed":false,"inline_featured_image":false},"product_brand":[740],"product_cat":[736,741,749],"product_tag":[763,754,762,755,779],"class_list":{"0":"post-12540","1":"product","2":"type-product","3":"status-publish","4":"has-post-thumbnail","6":"product_brand-dixon","7":"product_cat-distribution","8":"product_cat-materiel","9":"product_cat-quincaillerie-industrielle","10":"product_tag-acier-inoxydable","11":"product_tag-brasserie","12":"product_tag-cave","13":"product_tag-distillerie","14":"product_tag-materiel-npt","16":"first","17":"instock","18":"taxable","19":"shipping-taxable","20":"purchasable","21":"product-type-variable"},"acf":[],"yoast_head":"<!-- This site is optimized with the Yoast SEO plugin v27.6 - https:\/\/yoast.com\/product\/yoast-seo-wordpress\/ -->\n<title>NPT Pipe Nipple - Dixon - Pour Brasseries Pro | Zytho<\/title>\n<meta name=\"description\" content=\"D\u00e9couvrez l&#039;embout de tuyau NPT Dixon, fabriqu\u00e9 en acier inoxydable 316 pour une meilleure r\u00e9sistance \u00e0 la corrosion. Parfait pour les brasseries, il assure des connexions sans faille dans les environnements exigeants.\" \/>\n<meta name=\"robots\" content=\"index, follow, max-snippet:-1, max-image-preview:large, max-video-preview:-1\" \/>\n<link rel=\"canonical\" href=\"https:\/\/www.zytho.ca\/fr\/produit\/embout-de-tuyau-npt-dixon\/\" \/>\n<meta property=\"og:locale\" content=\"fr_FR\" \/>\n<meta property=\"og:type\" content=\"article\" \/>\n<meta property=\"og:title\" content=\"NPT Pipe Nipple - Dixon - Pour Brasseries Pro | Zytho\" \/>\n<meta property=\"og:description\" content=\"D\u00e9couvrez l&#039;embout de tuyau NPT Dixon, fabriqu\u00e9 en acier inoxydable 316 pour une meilleure r\u00e9sistance \u00e0 la corrosion. Parfait pour les brasseries, il assure des connexions sans faille dans les environnements exigeants.\" \/>\n<meta property=\"og:url\" content=\"https:\/\/www.zytho.ca\/fr\/produit\/embout-de-tuyau-npt-dixon\/\" \/>\n<meta property=\"og:site_name\" content=\"Zytho\" \/>\n<meta property=\"article:modified_time\" content=\"2025-11-10T10:45:50+00:00\" \/>\n<meta property=\"og:image\" content=\"https:\/\/www.zytho.ca\/wp-content\/uploads\/2025\/10\/NPT-Pipe-Nipple-Dixon.jpg\" \/>\n\t<meta property=\"og:image:width\" content=\"317\" \/>\n\t<meta property=\"og:image:height\" content=\"317\" \/>\n\t<meta property=\"og:image:type\" content=\"image\/jpeg\" \/>\n<meta name=\"twitter:card\" content=\"summary_large_image\" \/>\n<meta name=\"twitter:label1\" content=\"Dur\u00e9e de lecture estim\u00e9e\" \/>\n\t<meta name=\"twitter:data1\" content=\"1 minute\" \/>\n<script type=\"application\/ld+json\" class=\"yoast-schema-graph\">{\"@context\":\"https:\\\/\\\/schema.org\",\"@graph\":[{\"@type\":\"WebPage\",\"@id\":\"https:\\\/\\\/www.zytho.ca\\\/fr\\\/produit\\\/embout-de-tuyau-npt-dixon\\\/\",\"url\":\"https:\\\/\\\/www.zytho.ca\\\/fr\\\/produit\\\/embout-de-tuyau-npt-dixon\\\/\",\"name\":\"NPT Pipe Nipple - Dixon - Pour Brasseries Pro | Zytho\",\"isPartOf\":{\"@id\":\"https:\\\/\\\/www.zytho.ca\\\/fr\\\/#website\"},\"primaryImageOfPage\":{\"@id\":\"https:\\\/\\\/www.zytho.ca\\\/fr\\\/produit\\\/embout-de-tuyau-npt-dixon\\\/#primaryimage\"},\"image\":{\"@id\":\"https:\\\/\\\/www.zytho.ca\\\/fr\\\/produit\\\/embout-de-tuyau-npt-dixon\\\/#primaryimage\"},\"thumbnailUrl\":\"https:\\\/\\\/www.zytho.ca\\\/wp-content\\\/uploads\\\/2025\\\/10\\\/NPT-Pipe-Nipple-Dixon.jpg\",\"datePublished\":\"2025-10-27T15:46:46+00:00\",\"dateModified\":\"2025-11-10T10:45:50+00:00\",\"description\":\"D\u00e9couvrez l'embout de tuyau NPT Dixon, fabriqu\u00e9 en acier inoxydable 316 pour une meilleure r\u00e9sistance \u00e0 la corrosion. Parfait pour les brasseries, il assure des connexions sans faille dans les environnements exigeants.\",\"breadcrumb\":{\"@id\":\"https:\\\/\\\/www.zytho.ca\\\/fr\\\/produit\\\/embout-de-tuyau-npt-dixon\\\/#breadcrumb\"},\"inLanguage\":\"fr-FR\",\"potentialAction\":[{\"@type\":\"ReadAction\",\"target\":[\"https:\\\/\\\/www.zytho.ca\\\/fr\\\/produit\\\/embout-de-tuyau-npt-dixon\\\/\"]}]},{\"@type\":\"ImageObject\",\"inLanguage\":\"fr-FR\",\"@id\":\"https:\\\/\\\/www.zytho.ca\\\/fr\\\/produit\\\/embout-de-tuyau-npt-dixon\\\/#primaryimage\",\"url\":\"https:\\\/\\\/www.zytho.ca\\\/wp-content\\\/uploads\\\/2025\\\/10\\\/NPT-Pipe-Nipple-Dixon.jpg\",\"contentUrl\":\"https:\\\/\\\/www.zytho.ca\\\/wp-content\\\/uploads\\\/2025\\\/10\\\/NPT-Pipe-Nipple-Dixon.jpg\",\"width\":317,\"height\":317},{\"@type\":\"BreadcrumbList\",\"@id\":\"https:\\\/\\\/www.zytho.ca\\\/fr\\\/produit\\\/embout-de-tuyau-npt-dixon\\\/#breadcrumb\",\"itemListElement\":[{\"@type\":\"ListItem\",\"position\":1,\"name\":\"Accueil\",\"item\":\"https:\\\/\\\/www.zytho.ca\\\/fr\\\/\"},{\"@type\":\"ListItem\",\"position\":2,\"name\":\"Shop\",\"item\":\"https:\\\/\\\/www.zytho.ca\\\/fr\\\/shop\\\/\"},{\"@type\":\"ListItem\",\"position\":3,\"name\":\"Embout de tuyau NPT &#8211; Dixon\"}]},{\"@type\":\"WebSite\",\"@id\":\"https:\\\/\\\/www.zytho.ca\\\/fr\\\/#website\",\"url\":\"https:\\\/\\\/www.zytho.ca\\\/fr\\\/\",\"name\":\"Zytho\",\"description\":\"\",\"publisher\":{\"@id\":\"https:\\\/\\\/www.zytho.ca\\\/fr\\\/#organization\"},\"potentialAction\":[{\"@type\":\"SearchAction\",\"target\":{\"@type\":\"EntryPoint\",\"urlTemplate\":\"https:\\\/\\\/www.zytho.ca\\\/fr\\\/?s={search_term_string}\"},\"query-input\":{\"@type\":\"PropertyValueSpecification\",\"valueRequired\":true,\"valueName\":\"search_term_string\"}}],\"inLanguage\":\"fr-FR\"},{\"@type\":\"Organization\",\"@id\":\"https:\\\/\\\/www.zytho.ca\\\/fr\\\/#organization\",\"name\":\"Zytho\",\"url\":\"https:\\\/\\\/www.zytho.ca\\\/fr\\\/\",\"logo\":{\"@type\":\"ImageObject\",\"inLanguage\":\"fr-FR\",\"@id\":\"https:\\\/\\\/www.zytho.ca\\\/fr\\\/#\\\/schema\\\/logo\\\/image\\\/\",\"url\":\"https:\\\/\\\/www.zytho.ca\\\/wp-content\\\/uploads\\\/2024\\\/05\\\/Zytho_reversed_horizontal.svg\",\"contentUrl\":\"https:\\\/\\\/www.zytho.ca\\\/wp-content\\\/uploads\\\/2024\\\/05\\\/Zytho_reversed_horizontal.svg\",\"width\":1582,\"height\":490,\"caption\":\"Zytho\"},\"image\":{\"@id\":\"https:\\\/\\\/www.zytho.ca\\\/fr\\\/#\\\/schema\\\/logo\\\/image\\\/\"}}]}<\/script>\n<!-- \/ Yoast SEO plugin. -->","yoast_head_json":{"title":"NPT Pipe Nipple - Dixon - Pour Brasseries Pro | Zytho","description":"D\u00e9couvrez l'embout de tuyau NPT Dixon, fabriqu\u00e9 en acier inoxydable 316 pour une meilleure r\u00e9sistance \u00e0 la corrosion. Parfait pour les brasseries, il assure des connexions sans faille dans les environnements exigeants.","robots":{"index":"index","follow":"follow","max-snippet":"max-snippet:-1","max-image-preview":"max-image-preview:large","max-video-preview":"max-video-preview:-1"},"canonical":"https:\/\/www.zytho.ca\/fr\/produit\/embout-de-tuyau-npt-dixon\/","og_locale":"fr_FR","og_type":"article","og_title":"NPT Pipe Nipple - Dixon - Pour Brasseries Pro | Zytho","og_description":"D\u00e9couvrez l'embout de tuyau NPT Dixon, fabriqu\u00e9 en acier inoxydable 316 pour une meilleure r\u00e9sistance \u00e0 la corrosion. Parfait pour les brasseries, il assure des connexions sans faille dans les environnements exigeants.","og_url":"https:\/\/www.zytho.ca\/fr\/produit\/embout-de-tuyau-npt-dixon\/","og_site_name":"Zytho","article_modified_time":"2025-11-10T10:45:50+00:00","og_image":[{"width":317,"height":317,"url":"https:\/\/www.zytho.ca\/wp-content\/uploads\/2025\/10\/NPT-Pipe-Nipple-Dixon.jpg","type":"image\/jpeg"}],"twitter_card":"summary_large_image","twitter_misc":{"Dur\u00e9e de lecture estim\u00e9e":"1 minute"},"schema":{"@context":"https:\/\/schema.org","@graph":[{"@type":"WebPage","@id":"https:\/\/www.zytho.ca\/fr\/produit\/embout-de-tuyau-npt-dixon\/","url":"https:\/\/www.zytho.ca\/fr\/produit\/embout-de-tuyau-npt-dixon\/","name":"NPT Pipe Nipple - Dixon - Pour Brasseries Pro | Zytho","isPartOf":{"@id":"https:\/\/www.zytho.ca\/fr\/#website"},"primaryImageOfPage":{"@id":"https:\/\/www.zytho.ca\/fr\/produit\/embout-de-tuyau-npt-dixon\/#primaryimage"},"image":{"@id":"https:\/\/www.zytho.ca\/fr\/produit\/embout-de-tuyau-npt-dixon\/#primaryimage"},"thumbnailUrl":"https:\/\/www.zytho.ca\/wp-content\/uploads\/2025\/10\/NPT-Pipe-Nipple-Dixon.jpg","datePublished":"2025-10-27T15:46:46+00:00","dateModified":"2025-11-10T10:45:50+00:00","description":"D\u00e9couvrez l'embout de tuyau NPT Dixon, fabriqu\u00e9 en acier inoxydable 316 pour une meilleure r\u00e9sistance \u00e0 la corrosion. Parfait pour les brasseries, il assure des connexions sans faille dans les environnements exigeants.","breadcrumb":{"@id":"https:\/\/www.zytho.ca\/fr\/produit\/embout-de-tuyau-npt-dixon\/#breadcrumb"},"inLanguage":"fr-FR","potentialAction":[{"@type":"ReadAction","target":["https:\/\/www.zytho.ca\/fr\/produit\/embout-de-tuyau-npt-dixon\/"]}]},{"@type":"ImageObject","inLanguage":"fr-FR","@id":"https:\/\/www.zytho.ca\/fr\/produit\/embout-de-tuyau-npt-dixon\/#primaryimage","url":"https:\/\/www.zytho.ca\/wp-content\/uploads\/2025\/10\/NPT-Pipe-Nipple-Dixon.jpg","contentUrl":"https:\/\/www.zytho.ca\/wp-content\/uploads\/2025\/10\/NPT-Pipe-Nipple-Dixon.jpg","width":317,"height":317},{"@type":"BreadcrumbList","@id":"https:\/\/www.zytho.ca\/fr\/produit\/embout-de-tuyau-npt-dixon\/#breadcrumb","itemListElement":[{"@type":"ListItem","position":1,"name":"Accueil","item":"https:\/\/www.zytho.ca\/fr\/"},{"@type":"ListItem","position":2,"name":"Shop","item":"https:\/\/www.zytho.ca\/fr\/shop\/"},{"@type":"ListItem","position":3,"name":"Embout de tuyau NPT &#8211; Dixon"}]},{"@type":"WebSite","@id":"https:\/\/www.zytho.ca\/fr\/#website","url":"https:\/\/www.zytho.ca\/fr\/","name":"Zytho","description":"","publisher":{"@id":"https:\/\/www.zytho.ca\/fr\/#organization"},"potentialAction":[{"@type":"SearchAction","target":{"@type":"EntryPoint","urlTemplate":"https:\/\/www.zytho.ca\/fr\/?s={search_term_string}"},"query-input":{"@type":"PropertyValueSpecification","valueRequired":true,"valueName":"search_term_string"}}],"inLanguage":"fr-FR"},{"@type":"Organization","@id":"https:\/\/www.zytho.ca\/fr\/#organization","name":"Zytho","url":"https:\/\/www.zytho.ca\/fr\/","logo":{"@type":"ImageObject","inLanguage":"fr-FR","@id":"https:\/\/www.zytho.ca\/fr\/#\/schema\/logo\/image\/","url":"https:\/\/www.zytho.ca\/wp-content\/uploads\/2024\/05\/Zytho_reversed_horizontal.svg","contentUrl":"https:\/\/www.zytho.ca\/wp-content\/uploads\/2024\/05\/Zytho_reversed_horizontal.svg","width":1582,"height":490,"caption":"Zytho"},"image":{"@id":"https:\/\/www.zytho.ca\/fr\/#\/schema\/logo\/image\/"}}]}},"_links":{"self":[{"href":"https:\/\/www.zytho.ca\/fr\/wp-json\/wp\/v2\/product\/12540","targetHints":{"allow":["GET"]}}],"collection":[{"href":"https:\/\/www.zytho.ca\/fr\/wp-json\/wp\/v2\/product"}],"about":[{"href":"https:\/\/www.zytho.ca\/fr\/wp-json\/wp\/v2\/types\/product"}],"wp:featuredmedia":[{"embeddable":true,"href":"https:\/\/www.zytho.ca\/fr\/wp-json\/wp\/v2\/media\/12541"}],"wp:attachment":[{"href":"https:\/\/www.zytho.ca\/fr\/wp-json\/wp\/v2\/media?parent=12540"}],"wp:term":[{"taxonomy":"product_brand","embeddable":true,"href":"https:\/\/www.zytho.ca\/fr\/wp-json\/wp\/v2\/product_brand?post=12540"},{"taxonomy":"product_cat","embeddable":true,"href":"https:\/\/www.zytho.ca\/fr\/wp-json\/wp\/v2\/product_cat?post=12540"},{"taxonomy":"product_tag","embeddable":true,"href":"https:\/\/www.zytho.ca\/fr\/wp-json\/wp\/v2\/product_tag?post=12540"}],"curies":[{"name":"wp","href":"https:\/\/api.w.org\/{rel}","templated":true}]}}