{"id":12495,"date":"2025-10-27T15:46:52","date_gmt":"2025-10-27T15:46:52","guid":{"rendered":"https:\/\/zytho.ca\/product\/raccords-coudes-90-a-barbillons-dixon\/"},"modified":"2026-03-17T13:24:20","modified_gmt":"2026-03-17T13:24:20","slug":"raccords-coudes-90-a-barbillons-dixon","status":"publish","type":"product","link":"https:\/\/www.zytho.ca\/fr\/produit\/raccords-coudes-90-a-barbillons-dixon\/","title":{"rendered":"Raccords coud\u00e9s 90 \u00b0 \u00e0 barbillons &#8211; Dixon"},"content":{"rendered":"<p>Con\u00e7us pour la pr\u00e9cision et la fiabilit\u00e9, ces raccords coud\u00e9s barbel\u00e9s offrent des avantages significatifs aux professionnels qui utilisent des tubes flexibles dans des applications gazi\u00e8res et liquides. Fabriqu\u00e9s en acier inoxydable 304 robuste, ils offrent une durabilit\u00e9 et une r\u00e9sistance chimique exceptionnelles, ce qui les rend id\u00e9aux pour une utilisation dans des environnements r\u00e9glement\u00e9s. Leur conception est particuli\u00e8rement avantageuse dans les espaces confin\u00e9s o\u00f9 il est essentiel d&#8217;\u00e9viter que les tuyaux ne s&#8217;entortillent.  <\/p>\n<h6><strong>Avantages :<\/strong><\/h6>\n<ul>\n<li>Fabriqu\u00e9 en acier inoxydable 304 pour une durabilit\u00e9 et une r\u00e9sistance chimique accrues.<\/li>\n<li>Optimal pour une utilisation dans des espaces restreints afin d&#8217;\u00e9viter que le tuyau ne s&#8217;entortille.<\/li>\n<li>Compatible avec les colliers de serrage standard ou les embouts sertis pour des connexions s\u00fbres.<\/li>\n<\/ul>\n<h6><strong>D\u00e9tails du produit :<\/strong><\/h6>\n<ul>\n<li>Con\u00e7u pour les applications de tubes flexibles impliquant des gaz ou des liquides.<\/li>\n<\/ul>\n<h6><strong>Page de catalogue :<\/strong><\/h6>\n<ul>\n<li><a href=\"https:\/\/www.dixonvalve.com\/sites\/default\/files\/product\/pages\/us\/DPL418%20-%20215.pdf\">DPL418 &#8211; 215<\/a><\/li>\n<\/ul>\n","protected":false},"excerpt":{"rendered":"<h4>Principaux avantages pour les brasseurs professionnels<\/h4>\n<p>Pour les brasseurs professionnels, ces \u00e9pissures coud\u00e9es \u00e0 90\u00b0 offrent une durabilit\u00e9 exceptionnelle, des connexions s\u00fbres et une gestion efficace de l&#8217;espace dans les syst\u00e8mes de brassage.<\/p>\n<ul>\n<li>Fabriqu\u00e9 en acier inoxydable 304 pour une longue dur\u00e9e de vie et une r\u00e9sistance aux produits chimiques.<\/li>\n<li>Con\u00e7u pour \u00e9viter que le tuyau ne s&#8217;entortille dans les espaces de brassage \u00e9troits.<\/li>\n<li>Assure des connexions s\u00fbres avec des colliers de serrage standard ou des embouts sertis.<\/li>\n<\/ul>\n","protected":false},"featured_media":12499,"template":"","meta":{"_acf_changed":false,"inline_featured_image":false},"product_brand":[740],"product_cat":[736,741,749],"product_tag":[763,754,762,755,838,800],"class_list":{"0":"post-12495","1":"product","2":"type-product","3":"status-publish","4":"has-post-thumbnail","6":"product_brand-dixon","7":"product_cat-distribution","8":"product_cat-materiel","9":"product_cat-quincaillerie-industrielle","10":"product_tag-acier-inoxydable","11":"product_tag-brasserie","12":"product_tag-cave","13":"product_tag-distillerie","14":"product_tag-raccord-cannele","15":"product_tag-soda","17":"first","18":"instock","19":"taxable","20":"shipping-taxable","21":"purchasable","22":"product-type-variable"},"acf":[],"yoast_head":"<!-- This site is optimized with the Yoast SEO plugin v27.6 - https:\/\/yoast.com\/product\/yoast-seo-wordpress\/ -->\n<title>Raccords coud\u00e9s 90 \u00b0 - Dixon - Pour brasseries professionnelles | Zytho<\/title>\n<meta name=\"description\" content=\"D\u00e9couvrez les raccords coud\u00e9s \u00e0 90\u00b0 de Dixon, fabriqu\u00e9s en acier inoxydable 304 durable. Parfaits pour les brasseries, ils garantissent des connexions fiables et sans coudes dans les espaces restreints.\" \/>\n<meta name=\"robots\" content=\"index, follow, max-snippet:-1, max-image-preview:large, max-video-preview:-1\" \/>\n<link rel=\"canonical\" href=\"https:\/\/www.zytho.ca\/fr\/produit\/raccords-coudes-90-a-barbillons-dixon\/\" \/>\n<meta property=\"og:locale\" content=\"fr_FR\" \/>\n<meta property=\"og:type\" content=\"article\" \/>\n<meta property=\"og:title\" content=\"Raccords coud\u00e9s 90 \u00b0 - Dixon - Pour brasseries professionnelles | Zytho\" \/>\n<meta property=\"og:description\" content=\"D\u00e9couvrez les raccords coud\u00e9s \u00e0 90\u00b0 de Dixon, fabriqu\u00e9s en acier inoxydable 304 durable. Parfaits pour les brasseries, ils garantissent des connexions fiables et sans coudes dans les espaces restreints.\" \/>\n<meta property=\"og:url\" content=\"https:\/\/www.zytho.ca\/fr\/produit\/raccords-coudes-90-a-barbillons-dixon\/\" \/>\n<meta property=\"og:site_name\" content=\"Zytho\" \/>\n<meta property=\"article:modified_time\" content=\"2026-03-17T13:24:20+00:00\" \/>\n<meta property=\"og:image\" content=\"https:\/\/www.zytho.ca\/wp-content\/uploads\/2025\/10\/Barbed-90-deg-Elbow-Splicers-Dixon.jpg\" \/>\n\t<meta property=\"og:image:width\" content=\"184\" \/>\n\t<meta property=\"og:image:height\" content=\"184\" \/>\n\t<meta property=\"og:image:type\" content=\"image\/jpeg\" \/>\n<meta name=\"twitter:card\" content=\"summary_large_image\" \/>\n<meta name=\"twitter:label1\" content=\"Dur\u00e9e de lecture estim\u00e9e\" \/>\n\t<meta name=\"twitter:data1\" content=\"1 minute\" \/>\n<script type=\"application\/ld+json\" class=\"yoast-schema-graph\">{\"@context\":\"https:\\\/\\\/schema.org\",\"@graph\":[{\"@type\":\"WebPage\",\"@id\":\"https:\\\/\\\/www.zytho.ca\\\/fr\\\/produit\\\/raccords-coudes-90-a-barbillons-dixon\\\/\",\"url\":\"https:\\\/\\\/www.zytho.ca\\\/fr\\\/produit\\\/raccords-coudes-90-a-barbillons-dixon\\\/\",\"name\":\"Raccords coud\u00e9s 90 \u00b0 - Dixon - Pour brasseries professionnelles | Zytho\",\"isPartOf\":{\"@id\":\"https:\\\/\\\/www.zytho.ca\\\/fr\\\/#website\"},\"primaryImageOfPage\":{\"@id\":\"https:\\\/\\\/www.zytho.ca\\\/fr\\\/produit\\\/raccords-coudes-90-a-barbillons-dixon\\\/#primaryimage\"},\"image\":{\"@id\":\"https:\\\/\\\/www.zytho.ca\\\/fr\\\/produit\\\/raccords-coudes-90-a-barbillons-dixon\\\/#primaryimage\"},\"thumbnailUrl\":\"https:\\\/\\\/www.zytho.ca\\\/wp-content\\\/uploads\\\/2025\\\/10\\\/Barbed-90-deg-Elbow-Splicers-Dixon.jpg\",\"datePublished\":\"2025-10-27T15:46:52+00:00\",\"dateModified\":\"2026-03-17T13:24:20+00:00\",\"description\":\"D\u00e9couvrez les raccords coud\u00e9s \u00e0 90\u00b0 de Dixon, fabriqu\u00e9s en acier inoxydable 304 durable. Parfaits pour les brasseries, ils garantissent des connexions fiables et sans coudes dans les espaces restreints.\",\"breadcrumb\":{\"@id\":\"https:\\\/\\\/www.zytho.ca\\\/fr\\\/produit\\\/raccords-coudes-90-a-barbillons-dixon\\\/#breadcrumb\"},\"inLanguage\":\"fr-FR\",\"potentialAction\":[{\"@type\":\"ReadAction\",\"target\":[\"https:\\\/\\\/www.zytho.ca\\\/fr\\\/produit\\\/raccords-coudes-90-a-barbillons-dixon\\\/\"]}]},{\"@type\":\"ImageObject\",\"inLanguage\":\"fr-FR\",\"@id\":\"https:\\\/\\\/www.zytho.ca\\\/fr\\\/produit\\\/raccords-coudes-90-a-barbillons-dixon\\\/#primaryimage\",\"url\":\"https:\\\/\\\/www.zytho.ca\\\/wp-content\\\/uploads\\\/2025\\\/10\\\/Barbed-90-deg-Elbow-Splicers-Dixon.jpg\",\"contentUrl\":\"https:\\\/\\\/www.zytho.ca\\\/wp-content\\\/uploads\\\/2025\\\/10\\\/Barbed-90-deg-Elbow-Splicers-Dixon.jpg\",\"width\":184,\"height\":184},{\"@type\":\"BreadcrumbList\",\"@id\":\"https:\\\/\\\/www.zytho.ca\\\/fr\\\/produit\\\/raccords-coudes-90-a-barbillons-dixon\\\/#breadcrumb\",\"itemListElement\":[{\"@type\":\"ListItem\",\"position\":1,\"name\":\"Accueil\",\"item\":\"https:\\\/\\\/www.zytho.ca\\\/fr\\\/\"},{\"@type\":\"ListItem\",\"position\":2,\"name\":\"Shop\",\"item\":\"https:\\\/\\\/www.zytho.ca\\\/fr\\\/shop\\\/\"},{\"@type\":\"ListItem\",\"position\":3,\"name\":\"Raccords coud\u00e9s 90 \u00b0 \u00e0 barbillons &#8211; Dixon\"}]},{\"@type\":\"WebSite\",\"@id\":\"https:\\\/\\\/www.zytho.ca\\\/fr\\\/#website\",\"url\":\"https:\\\/\\\/www.zytho.ca\\\/fr\\\/\",\"name\":\"Zytho\",\"description\":\"\",\"publisher\":{\"@id\":\"https:\\\/\\\/www.zytho.ca\\\/fr\\\/#organization\"},\"potentialAction\":[{\"@type\":\"SearchAction\",\"target\":{\"@type\":\"EntryPoint\",\"urlTemplate\":\"https:\\\/\\\/www.zytho.ca\\\/fr\\\/?s={search_term_string}\"},\"query-input\":{\"@type\":\"PropertyValueSpecification\",\"valueRequired\":true,\"valueName\":\"search_term_string\"}}],\"inLanguage\":\"fr-FR\"},{\"@type\":\"Organization\",\"@id\":\"https:\\\/\\\/www.zytho.ca\\\/fr\\\/#organization\",\"name\":\"Zytho\",\"url\":\"https:\\\/\\\/www.zytho.ca\\\/fr\\\/\",\"logo\":{\"@type\":\"ImageObject\",\"inLanguage\":\"fr-FR\",\"@id\":\"https:\\\/\\\/www.zytho.ca\\\/fr\\\/#\\\/schema\\\/logo\\\/image\\\/\",\"url\":\"https:\\\/\\\/www.zytho.ca\\\/wp-content\\\/uploads\\\/2024\\\/05\\\/Zytho_reversed_horizontal.svg\",\"contentUrl\":\"https:\\\/\\\/www.zytho.ca\\\/wp-content\\\/uploads\\\/2024\\\/05\\\/Zytho_reversed_horizontal.svg\",\"width\":1582,\"height\":490,\"caption\":\"Zytho\"},\"image\":{\"@id\":\"https:\\\/\\\/www.zytho.ca\\\/fr\\\/#\\\/schema\\\/logo\\\/image\\\/\"}}]}<\/script>\n<!-- \/ Yoast SEO plugin. -->","yoast_head_json":{"title":"Raccords coud\u00e9s 90 \u00b0 - Dixon - Pour brasseries professionnelles | Zytho","description":"D\u00e9couvrez les raccords coud\u00e9s \u00e0 90\u00b0 de Dixon, fabriqu\u00e9s en acier inoxydable 304 durable. Parfaits pour les brasseries, ils garantissent des connexions fiables et sans coudes dans les espaces restreints.","robots":{"index":"index","follow":"follow","max-snippet":"max-snippet:-1","max-image-preview":"max-image-preview:large","max-video-preview":"max-video-preview:-1"},"canonical":"https:\/\/www.zytho.ca\/fr\/produit\/raccords-coudes-90-a-barbillons-dixon\/","og_locale":"fr_FR","og_type":"article","og_title":"Raccords coud\u00e9s 90 \u00b0 - Dixon - Pour brasseries professionnelles | Zytho","og_description":"D\u00e9couvrez les raccords coud\u00e9s \u00e0 90\u00b0 de Dixon, fabriqu\u00e9s en acier inoxydable 304 durable. Parfaits pour les brasseries, ils garantissent des connexions fiables et sans coudes dans les espaces restreints.","og_url":"https:\/\/www.zytho.ca\/fr\/produit\/raccords-coudes-90-a-barbillons-dixon\/","og_site_name":"Zytho","article_modified_time":"2026-03-17T13:24:20+00:00","og_image":[{"width":184,"height":184,"url":"https:\/\/www.zytho.ca\/wp-content\/uploads\/2025\/10\/Barbed-90-deg-Elbow-Splicers-Dixon.jpg","type":"image\/jpeg"}],"twitter_card":"summary_large_image","twitter_misc":{"Dur\u00e9e de lecture estim\u00e9e":"1 minute"},"schema":{"@context":"https:\/\/schema.org","@graph":[{"@type":"WebPage","@id":"https:\/\/www.zytho.ca\/fr\/produit\/raccords-coudes-90-a-barbillons-dixon\/","url":"https:\/\/www.zytho.ca\/fr\/produit\/raccords-coudes-90-a-barbillons-dixon\/","name":"Raccords coud\u00e9s 90 \u00b0 - Dixon - Pour brasseries professionnelles | Zytho","isPartOf":{"@id":"https:\/\/www.zytho.ca\/fr\/#website"},"primaryImageOfPage":{"@id":"https:\/\/www.zytho.ca\/fr\/produit\/raccords-coudes-90-a-barbillons-dixon\/#primaryimage"},"image":{"@id":"https:\/\/www.zytho.ca\/fr\/produit\/raccords-coudes-90-a-barbillons-dixon\/#primaryimage"},"thumbnailUrl":"https:\/\/www.zytho.ca\/wp-content\/uploads\/2025\/10\/Barbed-90-deg-Elbow-Splicers-Dixon.jpg","datePublished":"2025-10-27T15:46:52+00:00","dateModified":"2026-03-17T13:24:20+00:00","description":"D\u00e9couvrez les raccords coud\u00e9s \u00e0 90\u00b0 de Dixon, fabriqu\u00e9s en acier inoxydable 304 durable. Parfaits pour les brasseries, ils garantissent des connexions fiables et sans coudes dans les espaces restreints.","breadcrumb":{"@id":"https:\/\/www.zytho.ca\/fr\/produit\/raccords-coudes-90-a-barbillons-dixon\/#breadcrumb"},"inLanguage":"fr-FR","potentialAction":[{"@type":"ReadAction","target":["https:\/\/www.zytho.ca\/fr\/produit\/raccords-coudes-90-a-barbillons-dixon\/"]}]},{"@type":"ImageObject","inLanguage":"fr-FR","@id":"https:\/\/www.zytho.ca\/fr\/produit\/raccords-coudes-90-a-barbillons-dixon\/#primaryimage","url":"https:\/\/www.zytho.ca\/wp-content\/uploads\/2025\/10\/Barbed-90-deg-Elbow-Splicers-Dixon.jpg","contentUrl":"https:\/\/www.zytho.ca\/wp-content\/uploads\/2025\/10\/Barbed-90-deg-Elbow-Splicers-Dixon.jpg","width":184,"height":184},{"@type":"BreadcrumbList","@id":"https:\/\/www.zytho.ca\/fr\/produit\/raccords-coudes-90-a-barbillons-dixon\/#breadcrumb","itemListElement":[{"@type":"ListItem","position":1,"name":"Accueil","item":"https:\/\/www.zytho.ca\/fr\/"},{"@type":"ListItem","position":2,"name":"Shop","item":"https:\/\/www.zytho.ca\/fr\/shop\/"},{"@type":"ListItem","position":3,"name":"Raccords coud\u00e9s 90 \u00b0 \u00e0 barbillons &#8211; Dixon"}]},{"@type":"WebSite","@id":"https:\/\/www.zytho.ca\/fr\/#website","url":"https:\/\/www.zytho.ca\/fr\/","name":"Zytho","description":"","publisher":{"@id":"https:\/\/www.zytho.ca\/fr\/#organization"},"potentialAction":[{"@type":"SearchAction","target":{"@type":"EntryPoint","urlTemplate":"https:\/\/www.zytho.ca\/fr\/?s={search_term_string}"},"query-input":{"@type":"PropertyValueSpecification","valueRequired":true,"valueName":"search_term_string"}}],"inLanguage":"fr-FR"},{"@type":"Organization","@id":"https:\/\/www.zytho.ca\/fr\/#organization","name":"Zytho","url":"https:\/\/www.zytho.ca\/fr\/","logo":{"@type":"ImageObject","inLanguage":"fr-FR","@id":"https:\/\/www.zytho.ca\/fr\/#\/schema\/logo\/image\/","url":"https:\/\/www.zytho.ca\/wp-content\/uploads\/2024\/05\/Zytho_reversed_horizontal.svg","contentUrl":"https:\/\/www.zytho.ca\/wp-content\/uploads\/2024\/05\/Zytho_reversed_horizontal.svg","width":1582,"height":490,"caption":"Zytho"},"image":{"@id":"https:\/\/www.zytho.ca\/fr\/#\/schema\/logo\/image\/"}}]}},"_links":{"self":[{"href":"https:\/\/www.zytho.ca\/fr\/wp-json\/wp\/v2\/product\/12495","targetHints":{"allow":["GET"]}}],"collection":[{"href":"https:\/\/www.zytho.ca\/fr\/wp-json\/wp\/v2\/product"}],"about":[{"href":"https:\/\/www.zytho.ca\/fr\/wp-json\/wp\/v2\/types\/product"}],"wp:featuredmedia":[{"embeddable":true,"href":"https:\/\/www.zytho.ca\/fr\/wp-json\/wp\/v2\/media\/12499"}],"wp:attachment":[{"href":"https:\/\/www.zytho.ca\/fr\/wp-json\/wp\/v2\/media?parent=12495"}],"wp:term":[{"taxonomy":"product_brand","embeddable":true,"href":"https:\/\/www.zytho.ca\/fr\/wp-json\/wp\/v2\/product_brand?post=12495"},{"taxonomy":"product_cat","embeddable":true,"href":"https:\/\/www.zytho.ca\/fr\/wp-json\/wp\/v2\/product_cat?post=12495"},{"taxonomy":"product_tag","embeddable":true,"href":"https:\/\/www.zytho.ca\/fr\/wp-json\/wp\/v2\/product_tag?post=12495"}],"curies":[{"name":"wp","href":"https:\/\/api.w.org\/{rel}","templated":true}]}}