{"id":12468,"date":"2025-10-27T15:46:40","date_gmt":"2025-10-27T15:46:40","guid":{"rendered":"https:\/\/zytho.ca\/product\/16amv-schedule-5s-et-10s-embouts-pleins-dixon\/"},"modified":"2025-11-07T12:06:20","modified_gmt":"2025-11-07T12:06:20","slug":"16amv-schedule-5s-et-10s-embouts-pleins-dixon","status":"publish","type":"product","link":"https:\/\/www.zytho.ca\/fr\/produit\/16amv-schedule-5s-et-10s-embouts-pleins-dixon\/","title":{"rendered":"16AMV Schedule 5S et 10S Embouts pleins &#8211; Dixon"},"content":{"rendered":"<h6><strong>Avantages :<\/strong><\/h6>\n<ul>\n<li>Conforme aux normes sanitaires 3-A pour les raccords sanitaires, num\u00e9ro 63-03 (autorisation num\u00e9ro 621), garantissant une performance fiable et de haute qualit\u00e9 dans les environnements r\u00e9glement\u00e9s.<\/li>\n<li>La finition sanitaire 3A des surfaces int\u00e9rieures et ext\u00e9rieures favorise la propret\u00e9 et l&#8217;hygi\u00e8ne dans les applications critiques.<\/li>\n<\/ul>\n<p><strong>Les raccords pour tubes Schedule sont moins r\u00e9pandus que les raccords pour tubes sanitaires. Pour ceux qui sont int\u00e9ress\u00e9s par la version tube sanitaire, veuillez vous r\u00e9f\u00e9rer au lien suivant :   <\/strong><a href=\"https:\/\/www.gormansmith.com\/products\/16amp-solid-end-clamp-cap\">https:\/\/www.gormansmith.com\/products\/16amp-solid-end-clamp-cap<\/a><\/p>\n<p><strong>Note : Lorsque vous passez une commande, veuillez indiquer si vous avez besoin d&#8217;un syst\u00e8me de tuyauterie ou d&#8217;un syst\u00e8me de tubes en nous contactant directement.<\/strong><\/p>\n<h6><strong>D\u00e9tails du produit :<\/strong><\/h6>\n<ul>\n<li>3-A Normes sanitaires pour les raccords sanitaires, num\u00e9ro 63-03 (autorisation num\u00e9ro 621).<\/li>\n<\/ul>\n<h6><strong>Construction :<\/strong><\/h6>\n<ul>\n<li>3A finition sanitaire ID et OD<\/li>\n<\/ul>\n<h6><strong>Page de catalogue :<\/strong><\/h6>\n<ul>\n<li><a href=\"https:\/\/www.dixonvalve.com\/sites\/default\/files\/product\/pages\/us\/DPL418%20-%20600.pdf\">DPL418 &#8211; 600<\/a><\/li>\n<\/ul>\n<h6><strong>Certifications :<\/strong><\/h6>\n<ul>\n<li><a href=\"https:\/\/www.dixonvalve.com\/sites\/default\/files\/product\/certifications\/621%2063-04-2020.pdf\">Certificat 3A<\/a><\/li>\n<\/ul>\n<h6><strong>Sp\u00e9cifications dimensionnelles :<\/strong><\/h6>\n<ul>\n<li><a href=\"https:\/\/www.dixonvalve.com\/sites\/default\/files\/product\/files\/dimensional-specs\/16AMV-R100.PDF\">Sp\u00e9cifications dimensionnelles<\/a><\/li>\n<\/ul>\n","protected":false},"excerpt":{"rendered":"<h4>Principaux avantages des bouchons solides 16AMV Schedule 5S et 10S pour les brasseurs professionnels :<\/h4>\n<ul>\n<li>Garantit la conformit\u00e9 avec les normes sanitaires 3-A, assurant une performance fiable dans les environnements de brassage r\u00e9glement\u00e9s.<\/li>\n<li>La finition sanitaire 3A des surfaces internes et externes permet de maintenir la propret\u00e9 et l&#8217;hygi\u00e8ne dans les processus de brassage.<\/li>\n<li>Offre une conception robuste adapt\u00e9e aux raccords de tuyauterie moins courants, r\u00e9pondant aux exigences sp\u00e9cifiques des syst\u00e8mes de brassage.<\/li>\n<\/ul>\n","protected":false},"featured_media":12486,"template":"","meta":{"_acf_changed":false,"inline_featured_image":false},"product_brand":[740],"product_cat":[736,741,753],"product_tag":[],"class_list":{"0":"post-12468","1":"product","2":"type-product","3":"status-publish","4":"has-post-thumbnail","6":"product_brand-dixon","7":"product_cat-distribution","8":"product_cat-materiel","9":"product_cat-raccords-tri-clamp","11":"first","12":"instock","13":"taxable","14":"shipping-taxable","15":"purchasable","16":"product-type-variable"},"acf":[],"yoast_head":"<!-- This site is optimized with the Yoast SEO plugin v27.6 - https:\/\/yoast.com\/product\/yoast-seo-wordpress\/ -->\n<title>16AMV Schedule 5S et 10S Solid End Caps - Dixon - Pour brasseries professionnelles | Zytho<\/title>\n<meta name=\"description\" content=\"D\u00e9couvrez les bouchons solides 16AMV Schedule 5S &amp; 10S de Dixon, con\u00e7us pour les brasseries. Conformes aux normes sanitaires 3-A, ils garantissent une hygi\u00e8ne et des performances optimales.\" \/>\n<meta name=\"robots\" content=\"index, follow, max-snippet:-1, max-image-preview:large, max-video-preview:-1\" \/>\n<link rel=\"canonical\" href=\"https:\/\/www.zytho.ca\/fr\/produit\/16amv-schedule-5s-et-10s-embouts-pleins-dixon\/\" \/>\n<meta property=\"og:locale\" content=\"fr_FR\" \/>\n<meta property=\"og:type\" content=\"article\" \/>\n<meta property=\"og:title\" content=\"16AMV Schedule 5S et 10S Solid End Caps - Dixon - Pour brasseries professionnelles | Zytho\" \/>\n<meta property=\"og:description\" content=\"D\u00e9couvrez les bouchons solides 16AMV Schedule 5S &amp; 10S de Dixon, con\u00e7us pour les brasseries. Conformes aux normes sanitaires 3-A, ils garantissent une hygi\u00e8ne et des performances optimales.\" \/>\n<meta property=\"og:url\" content=\"https:\/\/www.zytho.ca\/fr\/produit\/16amv-schedule-5s-et-10s-embouts-pleins-dixon\/\" \/>\n<meta property=\"og:site_name\" content=\"Zytho\" \/>\n<meta property=\"article:modified_time\" content=\"2025-11-07T12:06:20+00:00\" \/>\n<meta property=\"og:image\" content=\"https:\/\/www.zytho.ca\/wp-content\/uploads\/2025\/10\/16AMV-Schedule-5S-and-10S-Solid-End-Caps-Dixon.jpg\" \/>\n\t<meta property=\"og:image:width\" content=\"496\" \/>\n\t<meta property=\"og:image:height\" content=\"496\" \/>\n\t<meta property=\"og:image:type\" content=\"image\/jpeg\" \/>\n<meta name=\"twitter:card\" content=\"summary_large_image\" \/>\n<meta name=\"twitter:label1\" content=\"Dur\u00e9e de lecture estim\u00e9e\" \/>\n\t<meta name=\"twitter:data1\" content=\"1 minute\" \/>\n<script type=\"application\/ld+json\" class=\"yoast-schema-graph\">{\"@context\":\"https:\\\/\\\/schema.org\",\"@graph\":[{\"@type\":\"WebPage\",\"@id\":\"https:\\\/\\\/www.zytho.ca\\\/fr\\\/produit\\\/16amv-schedule-5s-et-10s-embouts-pleins-dixon\\\/\",\"url\":\"https:\\\/\\\/www.zytho.ca\\\/fr\\\/produit\\\/16amv-schedule-5s-et-10s-embouts-pleins-dixon\\\/\",\"name\":\"16AMV Schedule 5S et 10S Solid End Caps - Dixon - Pour brasseries professionnelles | Zytho\",\"isPartOf\":{\"@id\":\"https:\\\/\\\/www.zytho.ca\\\/fr\\\/#website\"},\"primaryImageOfPage\":{\"@id\":\"https:\\\/\\\/www.zytho.ca\\\/fr\\\/produit\\\/16amv-schedule-5s-et-10s-embouts-pleins-dixon\\\/#primaryimage\"},\"image\":{\"@id\":\"https:\\\/\\\/www.zytho.ca\\\/fr\\\/produit\\\/16amv-schedule-5s-et-10s-embouts-pleins-dixon\\\/#primaryimage\"},\"thumbnailUrl\":\"https:\\\/\\\/www.zytho.ca\\\/wp-content\\\/uploads\\\/2025\\\/10\\\/16AMV-Schedule-5S-and-10S-Solid-End-Caps-Dixon.jpg\",\"datePublished\":\"2025-10-27T15:46:40+00:00\",\"dateModified\":\"2025-11-07T12:06:20+00:00\",\"description\":\"D\u00e9couvrez les bouchons solides 16AMV Schedule 5S & 10S de Dixon, con\u00e7us pour les brasseries. Conformes aux normes sanitaires 3-A, ils garantissent une hygi\u00e8ne et des performances optimales.\",\"breadcrumb\":{\"@id\":\"https:\\\/\\\/www.zytho.ca\\\/fr\\\/produit\\\/16amv-schedule-5s-et-10s-embouts-pleins-dixon\\\/#breadcrumb\"},\"inLanguage\":\"fr-FR\",\"potentialAction\":[{\"@type\":\"ReadAction\",\"target\":[\"https:\\\/\\\/www.zytho.ca\\\/fr\\\/produit\\\/16amv-schedule-5s-et-10s-embouts-pleins-dixon\\\/\"]}]},{\"@type\":\"ImageObject\",\"inLanguage\":\"fr-FR\",\"@id\":\"https:\\\/\\\/www.zytho.ca\\\/fr\\\/produit\\\/16amv-schedule-5s-et-10s-embouts-pleins-dixon\\\/#primaryimage\",\"url\":\"https:\\\/\\\/www.zytho.ca\\\/wp-content\\\/uploads\\\/2025\\\/10\\\/16AMV-Schedule-5S-and-10S-Solid-End-Caps-Dixon.jpg\",\"contentUrl\":\"https:\\\/\\\/www.zytho.ca\\\/wp-content\\\/uploads\\\/2025\\\/10\\\/16AMV-Schedule-5S-and-10S-Solid-End-Caps-Dixon.jpg\",\"width\":496,\"height\":496},{\"@type\":\"BreadcrumbList\",\"@id\":\"https:\\\/\\\/www.zytho.ca\\\/fr\\\/produit\\\/16amv-schedule-5s-et-10s-embouts-pleins-dixon\\\/#breadcrumb\",\"itemListElement\":[{\"@type\":\"ListItem\",\"position\":1,\"name\":\"Accueil\",\"item\":\"https:\\\/\\\/www.zytho.ca\\\/fr\\\/\"},{\"@type\":\"ListItem\",\"position\":2,\"name\":\"Shop\",\"item\":\"https:\\\/\\\/www.zytho.ca\\\/fr\\\/shop\\\/\"},{\"@type\":\"ListItem\",\"position\":3,\"name\":\"16AMV Schedule 5S et 10S Embouts pleins &#8211; Dixon\"}]},{\"@type\":\"WebSite\",\"@id\":\"https:\\\/\\\/www.zytho.ca\\\/fr\\\/#website\",\"url\":\"https:\\\/\\\/www.zytho.ca\\\/fr\\\/\",\"name\":\"Zytho\",\"description\":\"\",\"publisher\":{\"@id\":\"https:\\\/\\\/www.zytho.ca\\\/fr\\\/#organization\"},\"potentialAction\":[{\"@type\":\"SearchAction\",\"target\":{\"@type\":\"EntryPoint\",\"urlTemplate\":\"https:\\\/\\\/www.zytho.ca\\\/fr\\\/?s={search_term_string}\"},\"query-input\":{\"@type\":\"PropertyValueSpecification\",\"valueRequired\":true,\"valueName\":\"search_term_string\"}}],\"inLanguage\":\"fr-FR\"},{\"@type\":\"Organization\",\"@id\":\"https:\\\/\\\/www.zytho.ca\\\/fr\\\/#organization\",\"name\":\"Zytho\",\"url\":\"https:\\\/\\\/www.zytho.ca\\\/fr\\\/\",\"logo\":{\"@type\":\"ImageObject\",\"inLanguage\":\"fr-FR\",\"@id\":\"https:\\\/\\\/www.zytho.ca\\\/fr\\\/#\\\/schema\\\/logo\\\/image\\\/\",\"url\":\"https:\\\/\\\/www.zytho.ca\\\/wp-content\\\/uploads\\\/2024\\\/05\\\/Zytho_reversed_horizontal.svg\",\"contentUrl\":\"https:\\\/\\\/www.zytho.ca\\\/wp-content\\\/uploads\\\/2024\\\/05\\\/Zytho_reversed_horizontal.svg\",\"width\":1582,\"height\":490,\"caption\":\"Zytho\"},\"image\":{\"@id\":\"https:\\\/\\\/www.zytho.ca\\\/fr\\\/#\\\/schema\\\/logo\\\/image\\\/\"}}]}<\/script>\n<!-- \/ Yoast SEO plugin. -->","yoast_head_json":{"title":"16AMV Schedule 5S et 10S Solid End Caps - Dixon - Pour brasseries professionnelles | Zytho","description":"D\u00e9couvrez les bouchons solides 16AMV Schedule 5S & 10S de Dixon, con\u00e7us pour les brasseries. Conformes aux normes sanitaires 3-A, ils garantissent une hygi\u00e8ne et des performances optimales.","robots":{"index":"index","follow":"follow","max-snippet":"max-snippet:-1","max-image-preview":"max-image-preview:large","max-video-preview":"max-video-preview:-1"},"canonical":"https:\/\/www.zytho.ca\/fr\/produit\/16amv-schedule-5s-et-10s-embouts-pleins-dixon\/","og_locale":"fr_FR","og_type":"article","og_title":"16AMV Schedule 5S et 10S Solid End Caps - Dixon - Pour brasseries professionnelles | Zytho","og_description":"D\u00e9couvrez les bouchons solides 16AMV Schedule 5S & 10S de Dixon, con\u00e7us pour les brasseries. Conformes aux normes sanitaires 3-A, ils garantissent une hygi\u00e8ne et des performances optimales.","og_url":"https:\/\/www.zytho.ca\/fr\/produit\/16amv-schedule-5s-et-10s-embouts-pleins-dixon\/","og_site_name":"Zytho","article_modified_time":"2025-11-07T12:06:20+00:00","og_image":[{"width":496,"height":496,"url":"https:\/\/www.zytho.ca\/wp-content\/uploads\/2025\/10\/16AMV-Schedule-5S-and-10S-Solid-End-Caps-Dixon.jpg","type":"image\/jpeg"}],"twitter_card":"summary_large_image","twitter_misc":{"Dur\u00e9e de lecture estim\u00e9e":"1 minute"},"schema":{"@context":"https:\/\/schema.org","@graph":[{"@type":"WebPage","@id":"https:\/\/www.zytho.ca\/fr\/produit\/16amv-schedule-5s-et-10s-embouts-pleins-dixon\/","url":"https:\/\/www.zytho.ca\/fr\/produit\/16amv-schedule-5s-et-10s-embouts-pleins-dixon\/","name":"16AMV Schedule 5S et 10S Solid End Caps - Dixon - Pour brasseries professionnelles | Zytho","isPartOf":{"@id":"https:\/\/www.zytho.ca\/fr\/#website"},"primaryImageOfPage":{"@id":"https:\/\/www.zytho.ca\/fr\/produit\/16amv-schedule-5s-et-10s-embouts-pleins-dixon\/#primaryimage"},"image":{"@id":"https:\/\/www.zytho.ca\/fr\/produit\/16amv-schedule-5s-et-10s-embouts-pleins-dixon\/#primaryimage"},"thumbnailUrl":"https:\/\/www.zytho.ca\/wp-content\/uploads\/2025\/10\/16AMV-Schedule-5S-and-10S-Solid-End-Caps-Dixon.jpg","datePublished":"2025-10-27T15:46:40+00:00","dateModified":"2025-11-07T12:06:20+00:00","description":"D\u00e9couvrez les bouchons solides 16AMV Schedule 5S & 10S de Dixon, con\u00e7us pour les brasseries. Conformes aux normes sanitaires 3-A, ils garantissent une hygi\u00e8ne et des performances optimales.","breadcrumb":{"@id":"https:\/\/www.zytho.ca\/fr\/produit\/16amv-schedule-5s-et-10s-embouts-pleins-dixon\/#breadcrumb"},"inLanguage":"fr-FR","potentialAction":[{"@type":"ReadAction","target":["https:\/\/www.zytho.ca\/fr\/produit\/16amv-schedule-5s-et-10s-embouts-pleins-dixon\/"]}]},{"@type":"ImageObject","inLanguage":"fr-FR","@id":"https:\/\/www.zytho.ca\/fr\/produit\/16amv-schedule-5s-et-10s-embouts-pleins-dixon\/#primaryimage","url":"https:\/\/www.zytho.ca\/wp-content\/uploads\/2025\/10\/16AMV-Schedule-5S-and-10S-Solid-End-Caps-Dixon.jpg","contentUrl":"https:\/\/www.zytho.ca\/wp-content\/uploads\/2025\/10\/16AMV-Schedule-5S-and-10S-Solid-End-Caps-Dixon.jpg","width":496,"height":496},{"@type":"BreadcrumbList","@id":"https:\/\/www.zytho.ca\/fr\/produit\/16amv-schedule-5s-et-10s-embouts-pleins-dixon\/#breadcrumb","itemListElement":[{"@type":"ListItem","position":1,"name":"Accueil","item":"https:\/\/www.zytho.ca\/fr\/"},{"@type":"ListItem","position":2,"name":"Shop","item":"https:\/\/www.zytho.ca\/fr\/shop\/"},{"@type":"ListItem","position":3,"name":"16AMV Schedule 5S et 10S Embouts pleins &#8211; Dixon"}]},{"@type":"WebSite","@id":"https:\/\/www.zytho.ca\/fr\/#website","url":"https:\/\/www.zytho.ca\/fr\/","name":"Zytho","description":"","publisher":{"@id":"https:\/\/www.zytho.ca\/fr\/#organization"},"potentialAction":[{"@type":"SearchAction","target":{"@type":"EntryPoint","urlTemplate":"https:\/\/www.zytho.ca\/fr\/?s={search_term_string}"},"query-input":{"@type":"PropertyValueSpecification","valueRequired":true,"valueName":"search_term_string"}}],"inLanguage":"fr-FR"},{"@type":"Organization","@id":"https:\/\/www.zytho.ca\/fr\/#organization","name":"Zytho","url":"https:\/\/www.zytho.ca\/fr\/","logo":{"@type":"ImageObject","inLanguage":"fr-FR","@id":"https:\/\/www.zytho.ca\/fr\/#\/schema\/logo\/image\/","url":"https:\/\/www.zytho.ca\/wp-content\/uploads\/2024\/05\/Zytho_reversed_horizontal.svg","contentUrl":"https:\/\/www.zytho.ca\/wp-content\/uploads\/2024\/05\/Zytho_reversed_horizontal.svg","width":1582,"height":490,"caption":"Zytho"},"image":{"@id":"https:\/\/www.zytho.ca\/fr\/#\/schema\/logo\/image\/"}}]}},"_links":{"self":[{"href":"https:\/\/www.zytho.ca\/fr\/wp-json\/wp\/v2\/product\/12468","targetHints":{"allow":["GET"]}}],"collection":[{"href":"https:\/\/www.zytho.ca\/fr\/wp-json\/wp\/v2\/product"}],"about":[{"href":"https:\/\/www.zytho.ca\/fr\/wp-json\/wp\/v2\/types\/product"}],"wp:featuredmedia":[{"embeddable":true,"href":"https:\/\/www.zytho.ca\/fr\/wp-json\/wp\/v2\/media\/12486"}],"wp:attachment":[{"href":"https:\/\/www.zytho.ca\/fr\/wp-json\/wp\/v2\/media?parent=12468"}],"wp:term":[{"taxonomy":"product_brand","embeddable":true,"href":"https:\/\/www.zytho.ca\/fr\/wp-json\/wp\/v2\/product_brand?post=12468"},{"taxonomy":"product_cat","embeddable":true,"href":"https:\/\/www.zytho.ca\/fr\/wp-json\/wp\/v2\/product_cat?post=12468"},{"taxonomy":"product_tag","embeddable":true,"href":"https:\/\/www.zytho.ca\/fr\/wp-json\/wp\/v2\/product_tag?post=12468"}],"curies":[{"name":"wp","href":"https:\/\/api.w.org\/{rel}","templated":true}]}}