{"id":12453,"date":"2025-10-27T15:47:05","date_gmt":"2025-10-27T15:47:05","guid":{"rendered":"https:\/\/zytho.ca\/product\/kit-de-reparation-du-clapet-anti-retour-b46mp-dixon\/"},"modified":"2025-11-07T12:59:30","modified_gmt":"2025-11-07T12:59:30","slug":"kit-de-reparation-du-clapet-anti-retour-b46mp-dixon","status":"publish","type":"product","link":"https:\/\/www.zytho.ca\/fr\/produit\/kit-de-reparation-du-clapet-anti-retour-b46mp-dixon\/","title":{"rendered":"Kit de r\u00e9paration de Valve de contr\u00f4le B46MP &#8211; Dixon"},"content":{"rendered":"<h6><strong>Avantages :<\/strong><\/h6>\n<div>\n<ul>\n<li>Garantit des performances optimales gr\u00e2ce \u00e0 un ressort de haute qualit\u00e9 en 316L<\/li>\n<li>Assure une \u00e9tanch\u00e9it\u00e9 fiable gr\u00e2ce au si\u00e8ge de tige en Viton\u00ae.<\/li>\n<li>Facilite les connexions s\u00e9curis\u00e9es \u00e0 l&#8217;aide du joint Clamp<\/li>\n<\/ul>\n<\/div>\n<h6><strong>D\u00e9tails du produit :<\/strong><\/h6>\n<div>\n<ul>\n<li>(1) Si\u00e8ge de tige en Viton\u00ae.<\/li>\n<li>(1) Ressort 316L<\/li>\n<li>(1) Joint d&#8217;\u00e9tanch\u00e9it\u00e9 de la pince<\/li>\n<\/ul>\n<\/div>\n<h6><strong>Kit de r\u00e9paration Composants :<\/strong><\/h6>\n<div>\n<ul>\n<li>(1) Ressort 316L<\/li>\n<li>(1) Si\u00e8ge de tige en Viton\u00ae.<\/li>\n<li>(1) Joint d&#8217;\u00e9tanch\u00e9it\u00e9 de la pince<\/li>\n<\/ul>\n<\/div>\n<p>Cette description r\u00e9vis\u00e9e du produit met en \u00e9vidence les avantages des composants du kit de r\u00e9paration, en insistant sur leurs sp\u00e9cifications techniques et leurs avantages pour les professionnels des secteurs r\u00e9glement\u00e9s.<\/p>\n","protected":false},"excerpt":{"rendered":"<h4>Principaux avantages du kit de r\u00e9paration de Valve de contr\u00f4le B46MP pour les brasseurs professionnels<\/h4>\n<ul>\n<li>Performance optimale gr\u00e2ce \u00e0 un ressort de haute qualit\u00e9 en 316L.<\/li>\n<li>Assure une \u00e9tanch\u00e9it\u00e9 fiable gr\u00e2ce \u00e0 un si\u00e8ge de tige durable en Viton\u00ae.<\/li>\n<li>Facilite les connexions s\u00fbres et efficaces \u00e0 l&#8217;aide d&#8217;un joint de serrage.<\/li>\n<\/ul>\n","protected":false},"featured_media":12454,"template":"","meta":{"_acf_changed":false,"inline_featured_image":false},"product_brand":[740],"product_cat":[736,741,826],"product_tag":[],"class_list":{"0":"post-12453","1":"product","2":"type-product","3":"status-publish","4":"has-post-thumbnail","6":"product_brand-dixon","7":"product_cat-distribution","8":"product_cat-materiel","9":"product_cat-vannes-sanitaires","11":"first","12":"instock","13":"taxable","14":"shipping-taxable","15":"purchasable","16":"product-type-variable"},"acf":[],"yoast_head":"<!-- This site is optimized with the Yoast SEO plugin v27.6 - https:\/\/yoast.com\/product\/yoast-seo-wordpress\/ -->\n<title>Kit de r\u00e9paration de Valve de contr\u00f4le B46MP - Dixon - Pour les brasseries professionnelles | Zytho<\/title>\n<meta name=\"description\" content=\"Optimisez les performances de votre brasserie avec le kit de r\u00e9paration de Valve de contr\u00f4le B46MP de Dixon. Dot\u00e9 d&#039;un ressort 316L, d&#039;un si\u00e8ge de tige Viton\u00ae et d&#039;un joint de serrage pour une \u00e9tanch\u00e9it\u00e9 fiable et des connexions s\u00e9curis\u00e9es.\" \/>\n<meta name=\"robots\" content=\"index, follow, max-snippet:-1, max-image-preview:large, max-video-preview:-1\" \/>\n<link rel=\"canonical\" href=\"https:\/\/www.zytho.ca\/fr\/produit\/kit-de-reparation-du-clapet-anti-retour-b46mp-dixon\/\" \/>\n<meta property=\"og:locale\" content=\"fr_FR\" \/>\n<meta property=\"og:type\" content=\"article\" \/>\n<meta property=\"og:title\" content=\"Kit de r\u00e9paration de Valve de contr\u00f4le B46MP - Dixon - Pour les brasseries professionnelles | Zytho\" \/>\n<meta property=\"og:description\" content=\"Optimisez les performances de votre brasserie avec le kit de r\u00e9paration de Valve de contr\u00f4le B46MP de Dixon. Dot\u00e9 d&#039;un ressort 316L, d&#039;un si\u00e8ge de tige Viton\u00ae et d&#039;un joint de serrage pour une \u00e9tanch\u00e9it\u00e9 fiable et des connexions s\u00e9curis\u00e9es.\" \/>\n<meta property=\"og:url\" content=\"https:\/\/www.zytho.ca\/fr\/produit\/kit-de-reparation-du-clapet-anti-retour-b46mp-dixon\/\" \/>\n<meta property=\"og:site_name\" content=\"Zytho\" \/>\n<meta property=\"article:modified_time\" content=\"2025-11-07T12:59:30+00:00\" \/>\n<meta property=\"og:image\" content=\"https:\/\/www.zytho.ca\/wp-content\/uploads\/2025\/10\/B46MP-Check-Valve-Repair-Kit-Dixon.jpg\" \/>\n\t<meta property=\"og:image:width\" content=\"607\" \/>\n\t<meta property=\"og:image:height\" content=\"607\" \/>\n\t<meta property=\"og:image:type\" content=\"image\/jpeg\" \/>\n<meta name=\"twitter:card\" content=\"summary_large_image\" \/>\n<meta name=\"twitter:label1\" content=\"Dur\u00e9e de lecture estim\u00e9e\" \/>\n\t<meta name=\"twitter:data1\" content=\"1 minute\" \/>\n<script type=\"application\/ld+json\" class=\"yoast-schema-graph\">{\"@context\":\"https:\\\/\\\/schema.org\",\"@graph\":[{\"@type\":\"WebPage\",\"@id\":\"https:\\\/\\\/www.zytho.ca\\\/fr\\\/produit\\\/kit-de-reparation-du-clapet-anti-retour-b46mp-dixon\\\/\",\"url\":\"https:\\\/\\\/www.zytho.ca\\\/fr\\\/produit\\\/kit-de-reparation-du-clapet-anti-retour-b46mp-dixon\\\/\",\"name\":\"Kit de r\u00e9paration de Valve de contr\u00f4le B46MP - Dixon - Pour les brasseries professionnelles | Zytho\",\"isPartOf\":{\"@id\":\"https:\\\/\\\/www.zytho.ca\\\/fr\\\/#website\"},\"primaryImageOfPage\":{\"@id\":\"https:\\\/\\\/www.zytho.ca\\\/fr\\\/produit\\\/kit-de-reparation-du-clapet-anti-retour-b46mp-dixon\\\/#primaryimage\"},\"image\":{\"@id\":\"https:\\\/\\\/www.zytho.ca\\\/fr\\\/produit\\\/kit-de-reparation-du-clapet-anti-retour-b46mp-dixon\\\/#primaryimage\"},\"thumbnailUrl\":\"https:\\\/\\\/www.zytho.ca\\\/wp-content\\\/uploads\\\/2025\\\/10\\\/B46MP-Check-Valve-Repair-Kit-Dixon.jpg\",\"datePublished\":\"2025-10-27T15:47:05+00:00\",\"dateModified\":\"2025-11-07T12:59:30+00:00\",\"description\":\"Optimisez les performances de votre brasserie avec le kit de r\u00e9paration de Valve de contr\u00f4le B46MP de Dixon. Dot\u00e9 d'un ressort 316L, d'un si\u00e8ge de tige Viton\u00ae et d'un joint de serrage pour une \u00e9tanch\u00e9it\u00e9 fiable et des connexions s\u00e9curis\u00e9es.\",\"breadcrumb\":{\"@id\":\"https:\\\/\\\/www.zytho.ca\\\/fr\\\/produit\\\/kit-de-reparation-du-clapet-anti-retour-b46mp-dixon\\\/#breadcrumb\"},\"inLanguage\":\"fr-FR\",\"potentialAction\":[{\"@type\":\"ReadAction\",\"target\":[\"https:\\\/\\\/www.zytho.ca\\\/fr\\\/produit\\\/kit-de-reparation-du-clapet-anti-retour-b46mp-dixon\\\/\"]}]},{\"@type\":\"ImageObject\",\"inLanguage\":\"fr-FR\",\"@id\":\"https:\\\/\\\/www.zytho.ca\\\/fr\\\/produit\\\/kit-de-reparation-du-clapet-anti-retour-b46mp-dixon\\\/#primaryimage\",\"url\":\"https:\\\/\\\/www.zytho.ca\\\/wp-content\\\/uploads\\\/2025\\\/10\\\/B46MP-Check-Valve-Repair-Kit-Dixon.jpg\",\"contentUrl\":\"https:\\\/\\\/www.zytho.ca\\\/wp-content\\\/uploads\\\/2025\\\/10\\\/B46MP-Check-Valve-Repair-Kit-Dixon.jpg\",\"width\":607,\"height\":607},{\"@type\":\"BreadcrumbList\",\"@id\":\"https:\\\/\\\/www.zytho.ca\\\/fr\\\/produit\\\/kit-de-reparation-du-clapet-anti-retour-b46mp-dixon\\\/#breadcrumb\",\"itemListElement\":[{\"@type\":\"ListItem\",\"position\":1,\"name\":\"Accueil\",\"item\":\"https:\\\/\\\/www.zytho.ca\\\/fr\\\/\"},{\"@type\":\"ListItem\",\"position\":2,\"name\":\"Shop\",\"item\":\"https:\\\/\\\/www.zytho.ca\\\/fr\\\/shop\\\/\"},{\"@type\":\"ListItem\",\"position\":3,\"name\":\"Kit de r\u00e9paration de Valve de contr\u00f4le B46MP &#8211; Dixon\"}]},{\"@type\":\"WebSite\",\"@id\":\"https:\\\/\\\/www.zytho.ca\\\/fr\\\/#website\",\"url\":\"https:\\\/\\\/www.zytho.ca\\\/fr\\\/\",\"name\":\"Zytho\",\"description\":\"\",\"publisher\":{\"@id\":\"https:\\\/\\\/www.zytho.ca\\\/fr\\\/#organization\"},\"potentialAction\":[{\"@type\":\"SearchAction\",\"target\":{\"@type\":\"EntryPoint\",\"urlTemplate\":\"https:\\\/\\\/www.zytho.ca\\\/fr\\\/?s={search_term_string}\"},\"query-input\":{\"@type\":\"PropertyValueSpecification\",\"valueRequired\":true,\"valueName\":\"search_term_string\"}}],\"inLanguage\":\"fr-FR\"},{\"@type\":\"Organization\",\"@id\":\"https:\\\/\\\/www.zytho.ca\\\/fr\\\/#organization\",\"name\":\"Zytho\",\"url\":\"https:\\\/\\\/www.zytho.ca\\\/fr\\\/\",\"logo\":{\"@type\":\"ImageObject\",\"inLanguage\":\"fr-FR\",\"@id\":\"https:\\\/\\\/www.zytho.ca\\\/fr\\\/#\\\/schema\\\/logo\\\/image\\\/\",\"url\":\"https:\\\/\\\/www.zytho.ca\\\/wp-content\\\/uploads\\\/2024\\\/05\\\/Zytho_reversed_horizontal.svg\",\"contentUrl\":\"https:\\\/\\\/www.zytho.ca\\\/wp-content\\\/uploads\\\/2024\\\/05\\\/Zytho_reversed_horizontal.svg\",\"width\":1582,\"height\":490,\"caption\":\"Zytho\"},\"image\":{\"@id\":\"https:\\\/\\\/www.zytho.ca\\\/fr\\\/#\\\/schema\\\/logo\\\/image\\\/\"}}]}<\/script>\n<!-- \/ Yoast SEO plugin. -->","yoast_head_json":{"title":"Kit de r\u00e9paration de Valve de contr\u00f4le B46MP - Dixon - Pour les brasseries professionnelles | Zytho","description":"Optimisez les performances de votre brasserie avec le kit de r\u00e9paration de Valve de contr\u00f4le B46MP de Dixon. Dot\u00e9 d'un ressort 316L, d'un si\u00e8ge de tige Viton\u00ae et d'un joint de serrage pour une \u00e9tanch\u00e9it\u00e9 fiable et des connexions s\u00e9curis\u00e9es.","robots":{"index":"index","follow":"follow","max-snippet":"max-snippet:-1","max-image-preview":"max-image-preview:large","max-video-preview":"max-video-preview:-1"},"canonical":"https:\/\/www.zytho.ca\/fr\/produit\/kit-de-reparation-du-clapet-anti-retour-b46mp-dixon\/","og_locale":"fr_FR","og_type":"article","og_title":"Kit de r\u00e9paration de Valve de contr\u00f4le B46MP - Dixon - Pour les brasseries professionnelles | Zytho","og_description":"Optimisez les performances de votre brasserie avec le kit de r\u00e9paration de Valve de contr\u00f4le B46MP de Dixon. Dot\u00e9 d'un ressort 316L, d'un si\u00e8ge de tige Viton\u00ae et d'un joint de serrage pour une \u00e9tanch\u00e9it\u00e9 fiable et des connexions s\u00e9curis\u00e9es.","og_url":"https:\/\/www.zytho.ca\/fr\/produit\/kit-de-reparation-du-clapet-anti-retour-b46mp-dixon\/","og_site_name":"Zytho","article_modified_time":"2025-11-07T12:59:30+00:00","og_image":[{"width":607,"height":607,"url":"https:\/\/www.zytho.ca\/wp-content\/uploads\/2025\/10\/B46MP-Check-Valve-Repair-Kit-Dixon.jpg","type":"image\/jpeg"}],"twitter_card":"summary_large_image","twitter_misc":{"Dur\u00e9e de lecture estim\u00e9e":"1 minute"},"schema":{"@context":"https:\/\/schema.org","@graph":[{"@type":"WebPage","@id":"https:\/\/www.zytho.ca\/fr\/produit\/kit-de-reparation-du-clapet-anti-retour-b46mp-dixon\/","url":"https:\/\/www.zytho.ca\/fr\/produit\/kit-de-reparation-du-clapet-anti-retour-b46mp-dixon\/","name":"Kit de r\u00e9paration de Valve de contr\u00f4le B46MP - Dixon - Pour les brasseries professionnelles | Zytho","isPartOf":{"@id":"https:\/\/www.zytho.ca\/fr\/#website"},"primaryImageOfPage":{"@id":"https:\/\/www.zytho.ca\/fr\/produit\/kit-de-reparation-du-clapet-anti-retour-b46mp-dixon\/#primaryimage"},"image":{"@id":"https:\/\/www.zytho.ca\/fr\/produit\/kit-de-reparation-du-clapet-anti-retour-b46mp-dixon\/#primaryimage"},"thumbnailUrl":"https:\/\/www.zytho.ca\/wp-content\/uploads\/2025\/10\/B46MP-Check-Valve-Repair-Kit-Dixon.jpg","datePublished":"2025-10-27T15:47:05+00:00","dateModified":"2025-11-07T12:59:30+00:00","description":"Optimisez les performances de votre brasserie avec le kit de r\u00e9paration de Valve de contr\u00f4le B46MP de Dixon. Dot\u00e9 d'un ressort 316L, d'un si\u00e8ge de tige Viton\u00ae et d'un joint de serrage pour une \u00e9tanch\u00e9it\u00e9 fiable et des connexions s\u00e9curis\u00e9es.","breadcrumb":{"@id":"https:\/\/www.zytho.ca\/fr\/produit\/kit-de-reparation-du-clapet-anti-retour-b46mp-dixon\/#breadcrumb"},"inLanguage":"fr-FR","potentialAction":[{"@type":"ReadAction","target":["https:\/\/www.zytho.ca\/fr\/produit\/kit-de-reparation-du-clapet-anti-retour-b46mp-dixon\/"]}]},{"@type":"ImageObject","inLanguage":"fr-FR","@id":"https:\/\/www.zytho.ca\/fr\/produit\/kit-de-reparation-du-clapet-anti-retour-b46mp-dixon\/#primaryimage","url":"https:\/\/www.zytho.ca\/wp-content\/uploads\/2025\/10\/B46MP-Check-Valve-Repair-Kit-Dixon.jpg","contentUrl":"https:\/\/www.zytho.ca\/wp-content\/uploads\/2025\/10\/B46MP-Check-Valve-Repair-Kit-Dixon.jpg","width":607,"height":607},{"@type":"BreadcrumbList","@id":"https:\/\/www.zytho.ca\/fr\/produit\/kit-de-reparation-du-clapet-anti-retour-b46mp-dixon\/#breadcrumb","itemListElement":[{"@type":"ListItem","position":1,"name":"Accueil","item":"https:\/\/www.zytho.ca\/fr\/"},{"@type":"ListItem","position":2,"name":"Shop","item":"https:\/\/www.zytho.ca\/fr\/shop\/"},{"@type":"ListItem","position":3,"name":"Kit de r\u00e9paration de Valve de contr\u00f4le B46MP &#8211; Dixon"}]},{"@type":"WebSite","@id":"https:\/\/www.zytho.ca\/fr\/#website","url":"https:\/\/www.zytho.ca\/fr\/","name":"Zytho","description":"","publisher":{"@id":"https:\/\/www.zytho.ca\/fr\/#organization"},"potentialAction":[{"@type":"SearchAction","target":{"@type":"EntryPoint","urlTemplate":"https:\/\/www.zytho.ca\/fr\/?s={search_term_string}"},"query-input":{"@type":"PropertyValueSpecification","valueRequired":true,"valueName":"search_term_string"}}],"inLanguage":"fr-FR"},{"@type":"Organization","@id":"https:\/\/www.zytho.ca\/fr\/#organization","name":"Zytho","url":"https:\/\/www.zytho.ca\/fr\/","logo":{"@type":"ImageObject","inLanguage":"fr-FR","@id":"https:\/\/www.zytho.ca\/fr\/#\/schema\/logo\/image\/","url":"https:\/\/www.zytho.ca\/wp-content\/uploads\/2024\/05\/Zytho_reversed_horizontal.svg","contentUrl":"https:\/\/www.zytho.ca\/wp-content\/uploads\/2024\/05\/Zytho_reversed_horizontal.svg","width":1582,"height":490,"caption":"Zytho"},"image":{"@id":"https:\/\/www.zytho.ca\/fr\/#\/schema\/logo\/image\/"}}]}},"_links":{"self":[{"href":"https:\/\/www.zytho.ca\/fr\/wp-json\/wp\/v2\/product\/12453","targetHints":{"allow":["GET"]}}],"collection":[{"href":"https:\/\/www.zytho.ca\/fr\/wp-json\/wp\/v2\/product"}],"about":[{"href":"https:\/\/www.zytho.ca\/fr\/wp-json\/wp\/v2\/types\/product"}],"wp:featuredmedia":[{"embeddable":true,"href":"https:\/\/www.zytho.ca\/fr\/wp-json\/wp\/v2\/media\/12454"}],"wp:attachment":[{"href":"https:\/\/www.zytho.ca\/fr\/wp-json\/wp\/v2\/media?parent=12453"}],"wp:term":[{"taxonomy":"product_brand","embeddable":true,"href":"https:\/\/www.zytho.ca\/fr\/wp-json\/wp\/v2\/product_brand?post=12453"},{"taxonomy":"product_cat","embeddable":true,"href":"https:\/\/www.zytho.ca\/fr\/wp-json\/wp\/v2\/product_cat?post=12453"},{"taxonomy":"product_tag","embeddable":true,"href":"https:\/\/www.zytho.ca\/fr\/wp-json\/wp\/v2\/product_tag?post=12453"}],"curies":[{"name":"wp","href":"https:\/\/api.w.org\/{rel}","templated":true}]}}