{"id":12425,"date":"2025-10-27T15:46:58","date_gmt":"2025-10-27T15:46:58","guid":{"rendered":"https:\/\/zytho.ca\/product\/filtres-en-toile-metallique-a-corps-court-dixon\/"},"modified":"2025-10-27T15:46:58","modified_gmt":"2025-10-27T15:46:58","slug":"filtres-en-toile-metallique-a-corps-court-dixon","status":"publish","type":"product","link":"https:\/\/www.zytho.ca\/fr\/produit\/filtres-en-toile-metallique-a-corps-court-dixon\/","title":{"rendered":"Filtres en toile m\u00e9tallique \u00e0 corps court &#8211; Dixon"},"content":{"rendered":"<h6><strong>Page de catalogue :<\/strong><\/h6>\n<ul>\n<li><a href=\"https:\/\/www.dixonvalve.com\/sites\/default\/files\/product\/pages\/us\/DPL418%20-%20622.pdf\">DPL418 &#8211; 622<\/a><\/li>\n<\/ul>\n<h6><strong>Avantages<\/strong><\/h6>\n<ul>\n<li>Des pourcentages de surface ouverte optimis\u00e9s pour am\u00e9liorer l&#8217;\u00e9coulement des fluides et l&#8217;efficacit\u00e9 de la filtration.<\/li>\n<li>Diff\u00e9rents indices microniques pour r\u00e9pondre aux diverses exigences des applications.<\/li>\n<li>Espacement des mailles con\u00e7u avec pr\u00e9cision pour des performances constantes.<\/li>\n<\/ul>\n<h6><strong>D\u00e9tails du produit<\/strong><\/h6>\n<table width=\"100%\">\n<tbody>\n<tr>\n<td style=\"width: 18%;\">Maille carr\u00e9e<\/td>\n<td style=\"width: 17%;\">Cote en microns<\/td>\n<td style=\"width: 25.1664%;\">Espace entre les fils<\/td>\n<td style=\"width: 28.8336%;\">Surface ouverte<\/td>\n<\/tr>\n<tr>\n<td style=\"width: 18%;\">20<\/td>\n<td style=\"width: 17%;\">864<\/td>\n<td style=\"width: 25.1664%;\">0.034<\/td>\n<td style=\"width: 28.8336%;\">46.2%<\/td>\n<\/tr>\n<tr>\n<td style=\"width: 18%;\">40<\/td>\n<td style=\"width: 17%;\">381<\/td>\n<td style=\"width: 25.1664%;\">0.015<\/td>\n<td style=\"width: 28.8336%;\">36.0%<\/td>\n<\/tr>\n<tr>\n<td style=\"width: 18%;\">60<\/td>\n<td style=\"width: 17%;\">229<\/td>\n<td style=\"width: 25.1664%;\">0.009<\/td>\n<td style=\"width: 28.8336%;\">30.3%<\/td>\n<\/tr>\n<tr>\n<td style=\"width: 18%;\">80<\/td>\n<td style=\"width: 17%;\">178<\/td>\n<td style=\"width: 25.1664%;\">0.007<\/td>\n<td style=\"width: 28.8336%;\">31.4%<\/td>\n<\/tr>\n<tr>\n<td style=\"width: 18%;\">100<\/td>\n<td style=\"width: 17%;\">140<\/td>\n<td style=\"width: 25.1664%;\">0.006<\/td>\n<td style=\"width: 28.8336%;\">30.3%<\/td>\n<\/tr>\n<\/tbody>\n<\/table>\n","protected":false},"excerpt":{"rendered":"<h4>Principaux avantages des filtres en tissu m\u00e9tallique \u00e0 corps court pour les brasseurs professionnels<\/h4>\n<ul>\n<li>Augmente le d\u00e9bit du fluide et l&#8217;efficacit\u00e9 de la filtration gr\u00e2ce \u00e0 des pourcentages de surface ouverte optimis\u00e9s, garantissant un brassage propre et constant.<\/li>\n<li>Offre une gamme d&#8217;indices microniques pour r\u00e9pondre aux divers besoins de brassage, de la filtration grossi\u00e8re \u00e0 la filtration fine.<\/li>\n<li>Offre des performances fiables gr\u00e2ce \u00e0 un espacement des mailles con\u00e7u avec pr\u00e9cision, ce qui permet de pr\u00e9server la qualit\u00e9 de votre travail.<\/li>\n<\/ul>\n","protected":false},"featured_media":12427,"template":"","meta":{"_acf_changed":false,"inline_featured_image":false},"product_brand":[740],"product_cat":[736,832,741],"product_tag":[],"class_list":{"0":"post-12425","1":"product","2":"type-product","3":"status-publish","4":"has-post-thumbnail","6":"product_brand-dixon","7":"product_cat-distribution","8":"product_cat-filtres-et-tamis-sanitaires","9":"product_cat-materiel","11":"first","12":"instock","13":"taxable","14":"shipping-taxable","15":"purchasable","16":"product-type-variable"},"acf":[],"yoast_head":"<!-- This site is optimized with the Yoast SEO plugin v27.6 - https:\/\/yoast.com\/product\/yoast-seo-wordpress\/ -->\n<title>Filtres en toile m\u00e9tallique \u00e0 corps court - Dixon - Pour brasseries professionnelles | Zytho<\/title>\n<meta name=\"description\" content=\"Am\u00e9liorez la filtration de votre brasserie avec les filtres en toile m\u00e9tallique \u00e0 corps court de Dixon. Profitez d&#039;un d\u00e9bit de fluide optimis\u00e9, de diff\u00e9rents indices microniques et d&#039;une maille con\u00e7ue avec pr\u00e9cision pour des performances constantes.\" \/>\n<meta name=\"robots\" content=\"index, follow, max-snippet:-1, max-image-preview:large, max-video-preview:-1\" \/>\n<link rel=\"canonical\" href=\"https:\/\/www.zytho.ca\/fr\/produit\/filtres-en-toile-metallique-a-corps-court-dixon\/\" \/>\n<meta property=\"og:locale\" content=\"fr_FR\" \/>\n<meta property=\"og:type\" content=\"article\" \/>\n<meta property=\"og:title\" content=\"Filtres en toile m\u00e9tallique \u00e0 corps court - Dixon - Pour brasseries professionnelles | Zytho\" \/>\n<meta property=\"og:description\" content=\"Am\u00e9liorez la filtration de votre brasserie avec les filtres en toile m\u00e9tallique \u00e0 corps court de Dixon. Profitez d&#039;un d\u00e9bit de fluide optimis\u00e9, de diff\u00e9rents indices microniques et d&#039;une maille con\u00e7ue avec pr\u00e9cision pour des performances constantes.\" \/>\n<meta property=\"og:url\" content=\"https:\/\/www.zytho.ca\/fr\/produit\/filtres-en-toile-metallique-a-corps-court-dixon\/\" \/>\n<meta property=\"og:site_name\" content=\"Zytho\" \/>\n<meta property=\"og:image\" content=\"https:\/\/www.zytho.ca\/wp-content\/uploads\/2025\/10\/Short-Body-Wire-Cloth-Mesh-Filters-Dixon.jpg\" \/>\n\t<meta property=\"og:image:width\" content=\"560\" \/>\n\t<meta property=\"og:image:height\" content=\"560\" \/>\n\t<meta property=\"og:image:type\" content=\"image\/jpeg\" \/>\n<meta name=\"twitter:card\" content=\"summary_large_image\" \/>\n<script type=\"application\/ld+json\" class=\"yoast-schema-graph\">{\"@context\":\"https:\\\/\\\/schema.org\",\"@graph\":[{\"@type\":\"WebPage\",\"@id\":\"https:\\\/\\\/www.zytho.ca\\\/fr\\\/produit\\\/filtres-en-toile-metallique-a-corps-court-dixon\\\/\",\"url\":\"https:\\\/\\\/www.zytho.ca\\\/fr\\\/produit\\\/filtres-en-toile-metallique-a-corps-court-dixon\\\/\",\"name\":\"Filtres en toile m\u00e9tallique \u00e0 corps court - Dixon - Pour brasseries professionnelles | Zytho\",\"isPartOf\":{\"@id\":\"https:\\\/\\\/www.zytho.ca\\\/fr\\\/#website\"},\"primaryImageOfPage\":{\"@id\":\"https:\\\/\\\/www.zytho.ca\\\/fr\\\/produit\\\/filtres-en-toile-metallique-a-corps-court-dixon\\\/#primaryimage\"},\"image\":{\"@id\":\"https:\\\/\\\/www.zytho.ca\\\/fr\\\/produit\\\/filtres-en-toile-metallique-a-corps-court-dixon\\\/#primaryimage\"},\"thumbnailUrl\":\"https:\\\/\\\/www.zytho.ca\\\/wp-content\\\/uploads\\\/2025\\\/10\\\/Short-Body-Wire-Cloth-Mesh-Filters-Dixon.jpg\",\"datePublished\":\"2025-10-27T15:46:58+00:00\",\"description\":\"Am\u00e9liorez la filtration de votre brasserie avec les filtres en toile m\u00e9tallique \u00e0 corps court de Dixon. Profitez d'un d\u00e9bit de fluide optimis\u00e9, de diff\u00e9rents indices microniques et d'une maille con\u00e7ue avec pr\u00e9cision pour des performances constantes.\",\"breadcrumb\":{\"@id\":\"https:\\\/\\\/www.zytho.ca\\\/fr\\\/produit\\\/filtres-en-toile-metallique-a-corps-court-dixon\\\/#breadcrumb\"},\"inLanguage\":\"fr-FR\",\"potentialAction\":[{\"@type\":\"ReadAction\",\"target\":[\"https:\\\/\\\/www.zytho.ca\\\/fr\\\/produit\\\/filtres-en-toile-metallique-a-corps-court-dixon\\\/\"]}]},{\"@type\":\"ImageObject\",\"inLanguage\":\"fr-FR\",\"@id\":\"https:\\\/\\\/www.zytho.ca\\\/fr\\\/produit\\\/filtres-en-toile-metallique-a-corps-court-dixon\\\/#primaryimage\",\"url\":\"https:\\\/\\\/www.zytho.ca\\\/wp-content\\\/uploads\\\/2025\\\/10\\\/Short-Body-Wire-Cloth-Mesh-Filters-Dixon.jpg\",\"contentUrl\":\"https:\\\/\\\/www.zytho.ca\\\/wp-content\\\/uploads\\\/2025\\\/10\\\/Short-Body-Wire-Cloth-Mesh-Filters-Dixon.jpg\",\"width\":560,\"height\":560},{\"@type\":\"BreadcrumbList\",\"@id\":\"https:\\\/\\\/www.zytho.ca\\\/fr\\\/produit\\\/filtres-en-toile-metallique-a-corps-court-dixon\\\/#breadcrumb\",\"itemListElement\":[{\"@type\":\"ListItem\",\"position\":1,\"name\":\"Accueil\",\"item\":\"https:\\\/\\\/www.zytho.ca\\\/fr\\\/\"},{\"@type\":\"ListItem\",\"position\":2,\"name\":\"Shop\",\"item\":\"https:\\\/\\\/www.zytho.ca\\\/fr\\\/shop\\\/\"},{\"@type\":\"ListItem\",\"position\":3,\"name\":\"Filtres en toile m\u00e9tallique \u00e0 corps court &#8211; Dixon\"}]},{\"@type\":\"WebSite\",\"@id\":\"https:\\\/\\\/www.zytho.ca\\\/fr\\\/#website\",\"url\":\"https:\\\/\\\/www.zytho.ca\\\/fr\\\/\",\"name\":\"Zytho\",\"description\":\"\",\"publisher\":{\"@id\":\"https:\\\/\\\/www.zytho.ca\\\/fr\\\/#organization\"},\"potentialAction\":[{\"@type\":\"SearchAction\",\"target\":{\"@type\":\"EntryPoint\",\"urlTemplate\":\"https:\\\/\\\/www.zytho.ca\\\/fr\\\/?s={search_term_string}\"},\"query-input\":{\"@type\":\"PropertyValueSpecification\",\"valueRequired\":true,\"valueName\":\"search_term_string\"}}],\"inLanguage\":\"fr-FR\"},{\"@type\":\"Organization\",\"@id\":\"https:\\\/\\\/www.zytho.ca\\\/fr\\\/#organization\",\"name\":\"Zytho\",\"url\":\"https:\\\/\\\/www.zytho.ca\\\/fr\\\/\",\"logo\":{\"@type\":\"ImageObject\",\"inLanguage\":\"fr-FR\",\"@id\":\"https:\\\/\\\/www.zytho.ca\\\/fr\\\/#\\\/schema\\\/logo\\\/image\\\/\",\"url\":\"https:\\\/\\\/www.zytho.ca\\\/wp-content\\\/uploads\\\/2024\\\/05\\\/Zytho_reversed_horizontal.svg\",\"contentUrl\":\"https:\\\/\\\/www.zytho.ca\\\/wp-content\\\/uploads\\\/2024\\\/05\\\/Zytho_reversed_horizontal.svg\",\"width\":1582,\"height\":490,\"caption\":\"Zytho\"},\"image\":{\"@id\":\"https:\\\/\\\/www.zytho.ca\\\/fr\\\/#\\\/schema\\\/logo\\\/image\\\/\"}}]}<\/script>\n<!-- \/ Yoast SEO plugin. -->","yoast_head_json":{"title":"Filtres en toile m\u00e9tallique \u00e0 corps court - Dixon - Pour brasseries professionnelles | Zytho","description":"Am\u00e9liorez la filtration de votre brasserie avec les filtres en toile m\u00e9tallique \u00e0 corps court de Dixon. Profitez d'un d\u00e9bit de fluide optimis\u00e9, de diff\u00e9rents indices microniques et d'une maille con\u00e7ue avec pr\u00e9cision pour des performances constantes.","robots":{"index":"index","follow":"follow","max-snippet":"max-snippet:-1","max-image-preview":"max-image-preview:large","max-video-preview":"max-video-preview:-1"},"canonical":"https:\/\/www.zytho.ca\/fr\/produit\/filtres-en-toile-metallique-a-corps-court-dixon\/","og_locale":"fr_FR","og_type":"article","og_title":"Filtres en toile m\u00e9tallique \u00e0 corps court - Dixon - Pour brasseries professionnelles | Zytho","og_description":"Am\u00e9liorez la filtration de votre brasserie avec les filtres en toile m\u00e9tallique \u00e0 corps court de Dixon. Profitez d'un d\u00e9bit de fluide optimis\u00e9, de diff\u00e9rents indices microniques et d'une maille con\u00e7ue avec pr\u00e9cision pour des performances constantes.","og_url":"https:\/\/www.zytho.ca\/fr\/produit\/filtres-en-toile-metallique-a-corps-court-dixon\/","og_site_name":"Zytho","og_image":[{"width":560,"height":560,"url":"https:\/\/www.zytho.ca\/wp-content\/uploads\/2025\/10\/Short-Body-Wire-Cloth-Mesh-Filters-Dixon.jpg","type":"image\/jpeg"}],"twitter_card":"summary_large_image","schema":{"@context":"https:\/\/schema.org","@graph":[{"@type":"WebPage","@id":"https:\/\/www.zytho.ca\/fr\/produit\/filtres-en-toile-metallique-a-corps-court-dixon\/","url":"https:\/\/www.zytho.ca\/fr\/produit\/filtres-en-toile-metallique-a-corps-court-dixon\/","name":"Filtres en toile m\u00e9tallique \u00e0 corps court - Dixon - Pour brasseries professionnelles | Zytho","isPartOf":{"@id":"https:\/\/www.zytho.ca\/fr\/#website"},"primaryImageOfPage":{"@id":"https:\/\/www.zytho.ca\/fr\/produit\/filtres-en-toile-metallique-a-corps-court-dixon\/#primaryimage"},"image":{"@id":"https:\/\/www.zytho.ca\/fr\/produit\/filtres-en-toile-metallique-a-corps-court-dixon\/#primaryimage"},"thumbnailUrl":"https:\/\/www.zytho.ca\/wp-content\/uploads\/2025\/10\/Short-Body-Wire-Cloth-Mesh-Filters-Dixon.jpg","datePublished":"2025-10-27T15:46:58+00:00","description":"Am\u00e9liorez la filtration de votre brasserie avec les filtres en toile m\u00e9tallique \u00e0 corps court de Dixon. Profitez d'un d\u00e9bit de fluide optimis\u00e9, de diff\u00e9rents indices microniques et d'une maille con\u00e7ue avec pr\u00e9cision pour des performances constantes.","breadcrumb":{"@id":"https:\/\/www.zytho.ca\/fr\/produit\/filtres-en-toile-metallique-a-corps-court-dixon\/#breadcrumb"},"inLanguage":"fr-FR","potentialAction":[{"@type":"ReadAction","target":["https:\/\/www.zytho.ca\/fr\/produit\/filtres-en-toile-metallique-a-corps-court-dixon\/"]}]},{"@type":"ImageObject","inLanguage":"fr-FR","@id":"https:\/\/www.zytho.ca\/fr\/produit\/filtres-en-toile-metallique-a-corps-court-dixon\/#primaryimage","url":"https:\/\/www.zytho.ca\/wp-content\/uploads\/2025\/10\/Short-Body-Wire-Cloth-Mesh-Filters-Dixon.jpg","contentUrl":"https:\/\/www.zytho.ca\/wp-content\/uploads\/2025\/10\/Short-Body-Wire-Cloth-Mesh-Filters-Dixon.jpg","width":560,"height":560},{"@type":"BreadcrumbList","@id":"https:\/\/www.zytho.ca\/fr\/produit\/filtres-en-toile-metallique-a-corps-court-dixon\/#breadcrumb","itemListElement":[{"@type":"ListItem","position":1,"name":"Accueil","item":"https:\/\/www.zytho.ca\/fr\/"},{"@type":"ListItem","position":2,"name":"Shop","item":"https:\/\/www.zytho.ca\/fr\/shop\/"},{"@type":"ListItem","position":3,"name":"Filtres en toile m\u00e9tallique \u00e0 corps court &#8211; Dixon"}]},{"@type":"WebSite","@id":"https:\/\/www.zytho.ca\/fr\/#website","url":"https:\/\/www.zytho.ca\/fr\/","name":"Zytho","description":"","publisher":{"@id":"https:\/\/www.zytho.ca\/fr\/#organization"},"potentialAction":[{"@type":"SearchAction","target":{"@type":"EntryPoint","urlTemplate":"https:\/\/www.zytho.ca\/fr\/?s={search_term_string}"},"query-input":{"@type":"PropertyValueSpecification","valueRequired":true,"valueName":"search_term_string"}}],"inLanguage":"fr-FR"},{"@type":"Organization","@id":"https:\/\/www.zytho.ca\/fr\/#organization","name":"Zytho","url":"https:\/\/www.zytho.ca\/fr\/","logo":{"@type":"ImageObject","inLanguage":"fr-FR","@id":"https:\/\/www.zytho.ca\/fr\/#\/schema\/logo\/image\/","url":"https:\/\/www.zytho.ca\/wp-content\/uploads\/2024\/05\/Zytho_reversed_horizontal.svg","contentUrl":"https:\/\/www.zytho.ca\/wp-content\/uploads\/2024\/05\/Zytho_reversed_horizontal.svg","width":1582,"height":490,"caption":"Zytho"},"image":{"@id":"https:\/\/www.zytho.ca\/fr\/#\/schema\/logo\/image\/"}}]}},"_links":{"self":[{"href":"https:\/\/www.zytho.ca\/fr\/wp-json\/wp\/v2\/product\/12425","targetHints":{"allow":["GET"]}}],"collection":[{"href":"https:\/\/www.zytho.ca\/fr\/wp-json\/wp\/v2\/product"}],"about":[{"href":"https:\/\/www.zytho.ca\/fr\/wp-json\/wp\/v2\/types\/product"}],"wp:featuredmedia":[{"embeddable":true,"href":"https:\/\/www.zytho.ca\/fr\/wp-json\/wp\/v2\/media\/12427"}],"wp:attachment":[{"href":"https:\/\/www.zytho.ca\/fr\/wp-json\/wp\/v2\/media?parent=12425"}],"wp:term":[{"taxonomy":"product_brand","embeddable":true,"href":"https:\/\/www.zytho.ca\/fr\/wp-json\/wp\/v2\/product_brand?post=12425"},{"taxonomy":"product_cat","embeddable":true,"href":"https:\/\/www.zytho.ca\/fr\/wp-json\/wp\/v2\/product_cat?post=12425"},{"taxonomy":"product_tag","embeddable":true,"href":"https:\/\/www.zytho.ca\/fr\/wp-json\/wp\/v2\/product_tag?post=12425"}],"curies":[{"name":"wp","href":"https:\/\/api.w.org\/{rel}","templated":true}]}}