{"id":12385,"date":"2025-10-27T15:46:58","date_gmt":"2025-10-27T15:46:58","guid":{"rendered":"https:\/\/zytho.ca\/product\/b28amp-tri-clamp-lateral-wye-dixon\/"},"modified":"2025-10-27T15:46:58","modified_gmt":"2025-10-27T15:46:58","slug":"b28amp-tri-clamp-lateral-wye-dixon","status":"publish","type":"product","link":"https:\/\/www.zytho.ca\/fr\/produit\/b28amp-tri-clamp-lateral-wye-dixon\/","title":{"rendered":"B28AMP Tri-Clamp Lateral Wye &#8211; Dixon"},"content":{"rendered":"<h6><strong>Avantages :<\/strong><\/h6>\n<ul>\n<li>Assure un drainage complet dans les installations de tubes horizontaux.<\/li>\n<li>Conforme aux certifications ASME A270 et 3A pour les applications sanitaires.<\/li>\n<li>Id\u00e9al pour les secteurs de l&#8217;alimentation, des boissons, de la biotechnologie et de la pharmacie.<\/li>\n<\/ul>\n<p>Les colliers triples sont un choix courant pour les raccordements sanitaires en Am\u00e9rique du Nord. Ces raccordements comportent un joint plac\u00e9 entre deux bagues ou brides tri-clamp, fix\u00e9es par un collier m\u00e9canique. Fabriqu\u00e9s en acier inoxydable, ils sont sp\u00e9cifiquement con\u00e7us pour les syst\u00e8mes de tuyauterie des industries r\u00e9glement\u00e9es.  <\/p>\n<h6><strong>D\u00e9tails du produit :<\/strong><\/h6>\n<ul>\n<li>3-A Normes sanitaires pour les raccords sanitaires, num\u00e9ro 63-03 (autorisation num\u00e9ro 621).<\/li>\n<\/ul>\n<h6><strong>Page de catalogue :<\/strong><\/h6>\n<ul>\n<li><a href=\"https:\/\/www.dixonvalve.com\/sites\/default\/files\/product\/pages\/us\/DPL418%20-%20576.pdf\">DPL418 &#8211; 576<\/a><\/li>\n<\/ul>\n<h6><strong>Certifications :<\/strong><\/h6>\n<ul>\n<li><a href=\"https:\/\/www.dixonvalve.com\/sites\/default\/files\/product\/certifications\/621%2063-03.pdf\">Certificat 3A<\/a><\/li>\n<\/ul>\n<h6><strong>Sp\u00e9cifications dimensionnelles :<\/strong><\/h6>\n<ul>\n<li><a href=\"https:\/\/www.dixonvalve.com\/sites\/default\/files\/product\/files\/dimensional-specs\/B28AMP-R100.pdf\">Sp\u00e9cifications dimensionnelles<\/a><\/li>\n<\/ul>\n","protected":false},"excerpt":{"rendered":"<h4>Principaux avantages pour les brasseurs professionnels :<\/h4>\n<ul>\n<li>Assure un drainage complet dans les syst\u00e8mes de brassage horizontaux, am\u00e9liorant ainsi la propret\u00e9 et l&#8217;efficacit\u00e9.<\/li>\n<li>Conforme aux normes sanitaires ASME A270 et 3A, garantissant la s\u00e9curit\u00e9 et la qualit\u00e9 des processus de brassage.<\/li>\n<li>Id\u00e9al pour l&#8217;industrie brassicole, il offre des connexions fiables et hygi\u00e9niques gr\u00e2ce \u00e0 sa construction en acier inoxydable.<\/li>\n<\/ul>\n","protected":false},"featured_media":12386,"template":"","meta":{"_acf_changed":false,"inline_featured_image":false},"product_brand":[740],"product_cat":[736,741,753],"product_tag":[763,754,762,755,756,760,759,758,757,761],"class_list":{"0":"post-12385","1":"product","2":"type-product","3":"status-publish","4":"has-post-thumbnail","6":"product_brand-dixon","7":"product_cat-distribution","8":"product_cat-materiel","9":"product_cat-raccords-tri-clamp","10":"product_tag-acier-inoxydable","11":"product_tag-brasserie","12":"product_tag-cave","13":"product_tag-distillerie","14":"product_tag-inoxydable","15":"product_tag-raccord-tri-clamp","16":"product_tag-raccords-tri-clamp","17":"product_tag-tri-clamp","18":"product_tag-tri-clamp-en-acier-inoxydable","19":"product_tag-triclamp","21":"first","22":"instock","23":"taxable","24":"shipping-taxable","25":"purchasable","26":"product-type-variable"},"acf":[],"yoast_head":"<!-- This site is optimized with the Yoast SEO plugin v27.6 - https:\/\/yoast.com\/product\/yoast-seo-wordpress\/ -->\n<title>B28AMP Tri-Clamp Lateral Wye - Dixon - Pour brasseries professionnelles | Zytho<\/title>\n<meta name=\"description\" content=\"D\u00e9couvrez la vanne lat\u00e9rale Tri-Clamp B28AMP de Dixon, assurant un drainage optimal et une conformit\u00e9 sanitaire pour les brasseries. Id\u00e9al pour les secteurs de l&#039;alimentation, des boissons, de la biotechnologie et de la pharmacie.\" \/>\n<meta name=\"robots\" content=\"index, follow, max-snippet:-1, max-image-preview:large, max-video-preview:-1\" \/>\n<link rel=\"canonical\" href=\"https:\/\/www.zytho.ca\/fr\/produit\/b28amp-tri-clamp-lateral-wye-dixon\/\" \/>\n<meta property=\"og:locale\" content=\"fr_FR\" \/>\n<meta property=\"og:type\" content=\"article\" \/>\n<meta property=\"og:title\" content=\"B28AMP Tri-Clamp Lateral Wye - Dixon - Pour brasseries professionnelles | Zytho\" \/>\n<meta property=\"og:description\" content=\"D\u00e9couvrez la vanne lat\u00e9rale Tri-Clamp B28AMP de Dixon, assurant un drainage optimal et une conformit\u00e9 sanitaire pour les brasseries. Id\u00e9al pour les secteurs de l&#039;alimentation, des boissons, de la biotechnologie et de la pharmacie.\" \/>\n<meta property=\"og:url\" content=\"https:\/\/www.zytho.ca\/fr\/produit\/b28amp-tri-clamp-lateral-wye-dixon\/\" \/>\n<meta property=\"og:site_name\" content=\"Zytho\" \/>\n<meta property=\"og:image\" content=\"https:\/\/www.zytho.ca\/wp-content\/uploads\/2025\/10\/28AMP-Tri-Clamp-Lateral-Y-Wye-Gorman-Smith.jpg\" \/>\n\t<meta property=\"og:image:width\" content=\"776\" \/>\n\t<meta property=\"og:image:height\" content=\"776\" \/>\n\t<meta property=\"og:image:type\" content=\"image\/jpeg\" \/>\n<meta name=\"twitter:card\" content=\"summary_large_image\" \/>\n<meta name=\"twitter:label1\" content=\"Dur\u00e9e de lecture estim\u00e9e\" \/>\n\t<meta name=\"twitter:data1\" content=\"1 minute\" \/>\n<script type=\"application\/ld+json\" class=\"yoast-schema-graph\">{\"@context\":\"https:\\\/\\\/schema.org\",\"@graph\":[{\"@type\":\"WebPage\",\"@id\":\"https:\\\/\\\/www.zytho.ca\\\/fr\\\/produit\\\/b28amp-tri-clamp-lateral-wye-dixon\\\/\",\"url\":\"https:\\\/\\\/www.zytho.ca\\\/fr\\\/produit\\\/b28amp-tri-clamp-lateral-wye-dixon\\\/\",\"name\":\"B28AMP Tri-Clamp Lateral Wye - Dixon - Pour brasseries professionnelles | Zytho\",\"isPartOf\":{\"@id\":\"https:\\\/\\\/www.zytho.ca\\\/fr\\\/#website\"},\"primaryImageOfPage\":{\"@id\":\"https:\\\/\\\/www.zytho.ca\\\/fr\\\/produit\\\/b28amp-tri-clamp-lateral-wye-dixon\\\/#primaryimage\"},\"image\":{\"@id\":\"https:\\\/\\\/www.zytho.ca\\\/fr\\\/produit\\\/b28amp-tri-clamp-lateral-wye-dixon\\\/#primaryimage\"},\"thumbnailUrl\":\"https:\\\/\\\/www.zytho.ca\\\/wp-content\\\/uploads\\\/2025\\\/10\\\/28AMP-Tri-Clamp-Lateral-Y-Wye-Gorman-Smith.jpg\",\"datePublished\":\"2025-10-27T15:46:58+00:00\",\"description\":\"D\u00e9couvrez la vanne lat\u00e9rale Tri-Clamp B28AMP de Dixon, assurant un drainage optimal et une conformit\u00e9 sanitaire pour les brasseries. Id\u00e9al pour les secteurs de l'alimentation, des boissons, de la biotechnologie et de la pharmacie.\",\"breadcrumb\":{\"@id\":\"https:\\\/\\\/www.zytho.ca\\\/fr\\\/produit\\\/b28amp-tri-clamp-lateral-wye-dixon\\\/#breadcrumb\"},\"inLanguage\":\"fr-FR\",\"potentialAction\":[{\"@type\":\"ReadAction\",\"target\":[\"https:\\\/\\\/www.zytho.ca\\\/fr\\\/produit\\\/b28amp-tri-clamp-lateral-wye-dixon\\\/\"]}]},{\"@type\":\"ImageObject\",\"inLanguage\":\"fr-FR\",\"@id\":\"https:\\\/\\\/www.zytho.ca\\\/fr\\\/produit\\\/b28amp-tri-clamp-lateral-wye-dixon\\\/#primaryimage\",\"url\":\"https:\\\/\\\/www.zytho.ca\\\/wp-content\\\/uploads\\\/2025\\\/10\\\/28AMP-Tri-Clamp-Lateral-Y-Wye-Gorman-Smith.jpg\",\"contentUrl\":\"https:\\\/\\\/www.zytho.ca\\\/wp-content\\\/uploads\\\/2025\\\/10\\\/28AMP-Tri-Clamp-Lateral-Y-Wye-Gorman-Smith.jpg\",\"width\":776,\"height\":776},{\"@type\":\"BreadcrumbList\",\"@id\":\"https:\\\/\\\/www.zytho.ca\\\/fr\\\/produit\\\/b28amp-tri-clamp-lateral-wye-dixon\\\/#breadcrumb\",\"itemListElement\":[{\"@type\":\"ListItem\",\"position\":1,\"name\":\"Accueil\",\"item\":\"https:\\\/\\\/www.zytho.ca\\\/fr\\\/\"},{\"@type\":\"ListItem\",\"position\":2,\"name\":\"Shop\",\"item\":\"https:\\\/\\\/www.zytho.ca\\\/fr\\\/shop\\\/\"},{\"@type\":\"ListItem\",\"position\":3,\"name\":\"B28AMP Tri-Clamp Lateral Wye &#8211; Dixon\"}]},{\"@type\":\"WebSite\",\"@id\":\"https:\\\/\\\/www.zytho.ca\\\/fr\\\/#website\",\"url\":\"https:\\\/\\\/www.zytho.ca\\\/fr\\\/\",\"name\":\"Zytho\",\"description\":\"\",\"publisher\":{\"@id\":\"https:\\\/\\\/www.zytho.ca\\\/fr\\\/#organization\"},\"potentialAction\":[{\"@type\":\"SearchAction\",\"target\":{\"@type\":\"EntryPoint\",\"urlTemplate\":\"https:\\\/\\\/www.zytho.ca\\\/fr\\\/?s={search_term_string}\"},\"query-input\":{\"@type\":\"PropertyValueSpecification\",\"valueRequired\":true,\"valueName\":\"search_term_string\"}}],\"inLanguage\":\"fr-FR\"},{\"@type\":\"Organization\",\"@id\":\"https:\\\/\\\/www.zytho.ca\\\/fr\\\/#organization\",\"name\":\"Zytho\",\"url\":\"https:\\\/\\\/www.zytho.ca\\\/fr\\\/\",\"logo\":{\"@type\":\"ImageObject\",\"inLanguage\":\"fr-FR\",\"@id\":\"https:\\\/\\\/www.zytho.ca\\\/fr\\\/#\\\/schema\\\/logo\\\/image\\\/\",\"url\":\"https:\\\/\\\/www.zytho.ca\\\/wp-content\\\/uploads\\\/2024\\\/05\\\/Zytho_reversed_horizontal.svg\",\"contentUrl\":\"https:\\\/\\\/www.zytho.ca\\\/wp-content\\\/uploads\\\/2024\\\/05\\\/Zytho_reversed_horizontal.svg\",\"width\":1582,\"height\":490,\"caption\":\"Zytho\"},\"image\":{\"@id\":\"https:\\\/\\\/www.zytho.ca\\\/fr\\\/#\\\/schema\\\/logo\\\/image\\\/\"}}]}<\/script>\n<!-- \/ Yoast SEO plugin. -->","yoast_head_json":{"title":"B28AMP Tri-Clamp Lateral Wye - Dixon - Pour brasseries professionnelles | Zytho","description":"D\u00e9couvrez la vanne lat\u00e9rale Tri-Clamp B28AMP de Dixon, assurant un drainage optimal et une conformit\u00e9 sanitaire pour les brasseries. Id\u00e9al pour les secteurs de l'alimentation, des boissons, de la biotechnologie et de la pharmacie.","robots":{"index":"index","follow":"follow","max-snippet":"max-snippet:-1","max-image-preview":"max-image-preview:large","max-video-preview":"max-video-preview:-1"},"canonical":"https:\/\/www.zytho.ca\/fr\/produit\/b28amp-tri-clamp-lateral-wye-dixon\/","og_locale":"fr_FR","og_type":"article","og_title":"B28AMP Tri-Clamp Lateral Wye - Dixon - Pour brasseries professionnelles | Zytho","og_description":"D\u00e9couvrez la vanne lat\u00e9rale Tri-Clamp B28AMP de Dixon, assurant un drainage optimal et une conformit\u00e9 sanitaire pour les brasseries. Id\u00e9al pour les secteurs de l'alimentation, des boissons, de la biotechnologie et de la pharmacie.","og_url":"https:\/\/www.zytho.ca\/fr\/produit\/b28amp-tri-clamp-lateral-wye-dixon\/","og_site_name":"Zytho","og_image":[{"width":776,"height":776,"url":"https:\/\/www.zytho.ca\/wp-content\/uploads\/2025\/10\/28AMP-Tri-Clamp-Lateral-Y-Wye-Gorman-Smith.jpg","type":"image\/jpeg"}],"twitter_card":"summary_large_image","twitter_misc":{"Dur\u00e9e de lecture estim\u00e9e":"1 minute"},"schema":{"@context":"https:\/\/schema.org","@graph":[{"@type":"WebPage","@id":"https:\/\/www.zytho.ca\/fr\/produit\/b28amp-tri-clamp-lateral-wye-dixon\/","url":"https:\/\/www.zytho.ca\/fr\/produit\/b28amp-tri-clamp-lateral-wye-dixon\/","name":"B28AMP Tri-Clamp Lateral Wye - Dixon - Pour brasseries professionnelles | Zytho","isPartOf":{"@id":"https:\/\/www.zytho.ca\/fr\/#website"},"primaryImageOfPage":{"@id":"https:\/\/www.zytho.ca\/fr\/produit\/b28amp-tri-clamp-lateral-wye-dixon\/#primaryimage"},"image":{"@id":"https:\/\/www.zytho.ca\/fr\/produit\/b28amp-tri-clamp-lateral-wye-dixon\/#primaryimage"},"thumbnailUrl":"https:\/\/www.zytho.ca\/wp-content\/uploads\/2025\/10\/28AMP-Tri-Clamp-Lateral-Y-Wye-Gorman-Smith.jpg","datePublished":"2025-10-27T15:46:58+00:00","description":"D\u00e9couvrez la vanne lat\u00e9rale Tri-Clamp B28AMP de Dixon, assurant un drainage optimal et une conformit\u00e9 sanitaire pour les brasseries. Id\u00e9al pour les secteurs de l'alimentation, des boissons, de la biotechnologie et de la pharmacie.","breadcrumb":{"@id":"https:\/\/www.zytho.ca\/fr\/produit\/b28amp-tri-clamp-lateral-wye-dixon\/#breadcrumb"},"inLanguage":"fr-FR","potentialAction":[{"@type":"ReadAction","target":["https:\/\/www.zytho.ca\/fr\/produit\/b28amp-tri-clamp-lateral-wye-dixon\/"]}]},{"@type":"ImageObject","inLanguage":"fr-FR","@id":"https:\/\/www.zytho.ca\/fr\/produit\/b28amp-tri-clamp-lateral-wye-dixon\/#primaryimage","url":"https:\/\/www.zytho.ca\/wp-content\/uploads\/2025\/10\/28AMP-Tri-Clamp-Lateral-Y-Wye-Gorman-Smith.jpg","contentUrl":"https:\/\/www.zytho.ca\/wp-content\/uploads\/2025\/10\/28AMP-Tri-Clamp-Lateral-Y-Wye-Gorman-Smith.jpg","width":776,"height":776},{"@type":"BreadcrumbList","@id":"https:\/\/www.zytho.ca\/fr\/produit\/b28amp-tri-clamp-lateral-wye-dixon\/#breadcrumb","itemListElement":[{"@type":"ListItem","position":1,"name":"Accueil","item":"https:\/\/www.zytho.ca\/fr\/"},{"@type":"ListItem","position":2,"name":"Shop","item":"https:\/\/www.zytho.ca\/fr\/shop\/"},{"@type":"ListItem","position":3,"name":"B28AMP Tri-Clamp Lateral Wye &#8211; Dixon"}]},{"@type":"WebSite","@id":"https:\/\/www.zytho.ca\/fr\/#website","url":"https:\/\/www.zytho.ca\/fr\/","name":"Zytho","description":"","publisher":{"@id":"https:\/\/www.zytho.ca\/fr\/#organization"},"potentialAction":[{"@type":"SearchAction","target":{"@type":"EntryPoint","urlTemplate":"https:\/\/www.zytho.ca\/fr\/?s={search_term_string}"},"query-input":{"@type":"PropertyValueSpecification","valueRequired":true,"valueName":"search_term_string"}}],"inLanguage":"fr-FR"},{"@type":"Organization","@id":"https:\/\/www.zytho.ca\/fr\/#organization","name":"Zytho","url":"https:\/\/www.zytho.ca\/fr\/","logo":{"@type":"ImageObject","inLanguage":"fr-FR","@id":"https:\/\/www.zytho.ca\/fr\/#\/schema\/logo\/image\/","url":"https:\/\/www.zytho.ca\/wp-content\/uploads\/2024\/05\/Zytho_reversed_horizontal.svg","contentUrl":"https:\/\/www.zytho.ca\/wp-content\/uploads\/2024\/05\/Zytho_reversed_horizontal.svg","width":1582,"height":490,"caption":"Zytho"},"image":{"@id":"https:\/\/www.zytho.ca\/fr\/#\/schema\/logo\/image\/"}}]}},"_links":{"self":[{"href":"https:\/\/www.zytho.ca\/fr\/wp-json\/wp\/v2\/product\/12385","targetHints":{"allow":["GET"]}}],"collection":[{"href":"https:\/\/www.zytho.ca\/fr\/wp-json\/wp\/v2\/product"}],"about":[{"href":"https:\/\/www.zytho.ca\/fr\/wp-json\/wp\/v2\/types\/product"}],"wp:featuredmedia":[{"embeddable":true,"href":"https:\/\/www.zytho.ca\/fr\/wp-json\/wp\/v2\/media\/12386"}],"wp:attachment":[{"href":"https:\/\/www.zytho.ca\/fr\/wp-json\/wp\/v2\/media?parent=12385"}],"wp:term":[{"taxonomy":"product_brand","embeddable":true,"href":"https:\/\/www.zytho.ca\/fr\/wp-json\/wp\/v2\/product_brand?post=12385"},{"taxonomy":"product_cat","embeddable":true,"href":"https:\/\/www.zytho.ca\/fr\/wp-json\/wp\/v2\/product_cat?post=12385"},{"taxonomy":"product_tag","embeddable":true,"href":"https:\/\/www.zytho.ca\/fr\/wp-json\/wp\/v2\/product_tag?post=12385"}],"curies":[{"name":"wp","href":"https:\/\/api.w.org\/{rel}","templated":true}]}}