{"id":12353,"date":"2025-10-27T15:46:58","date_gmt":"2025-10-27T15:46:58","guid":{"rendered":"https:\/\/zytho.ca\/product\/boule-de-pulverisation-stationnaire-dixon\/"},"modified":"2025-10-27T15:46:58","modified_gmt":"2025-10-27T15:46:58","slug":"boule-de-pulverisation-stationnaire-dixon","status":"publish","type":"product","link":"https:\/\/www.zytho.ca\/fr\/produit\/boule-de-pulverisation-stationnaire-dixon\/","title":{"rendered":"Boule de pulv\u00e9risation stationnaire &#8211; Dixon"},"content":{"rendered":"<h6><strong>Avantages :<\/strong><\/h6>\n<ul>\n<li>Con\u00e7ue pour durer gr\u00e2ce \u00e0 une construction robuste en acier inoxydable, elle garantit une dur\u00e9e de vie op\u00e9rationnelle prolong\u00e9e.<\/li>\n<li>Optimis\u00e9 pour une installation fixe sur des tubes ou des tuyaux, am\u00e9liorant l&#8217;efficacit\u00e9 du nettoyage<\/li>\n<\/ul>\n<h6><strong>Applications :<\/strong><\/h6>\n<ul>\n<li>Principalement utilis\u00e9 dans le secteur de l&#8217;alimentation et des boissons pour l&#8217;assainissement des r\u00e9servoirs de stockage.<\/li>\n<\/ul>\n<h6><strong>D\u00e9tails du produit :<\/strong><\/h6>\n<ul>\n<li>\u00c9quip\u00e9 d&#8217;ouvertures de pulv\u00e9risation de 2 mm pour un nettoyage pr\u00e9cis<\/li>\n<li>Dimensions de la broche : 0,226&#8243; de diam\u00e8tre, 1,47&#8243; de longueur<\/li>\n<\/ul>\n<h6><strong>Page de catalogue :<\/strong><\/h6>\n<ul>\n<li><a href=\"https:\/\/www.dixonvalve.com\/sites\/default\/files\/product\/pages\/us\/DPL418%20-%20616.pdf\">DPL418 &#8211; 616<\/a><\/li>\n<\/ul>\n<h6><strong>Sp\u00e9cifications dimensionnelles :<\/strong><\/h6>\n<ul>\n<li><a href=\"https:\/\/dixonvalve.com\/sites\/default\/files\/dixon_dim_spec\/STC-360-R100.PDF\">Sp\u00e9cifications dimensionnelles<\/a><\/li>\n<\/ul>\n","protected":false},"excerpt":{"rendered":"<h4>Principaux avantages de la boule de pulv\u00e9risation stationnaire &#8211; Dixon pour les brasseurs professionnels<\/h4>\n<ul>\n<li>La construction en acier inoxydable durable garantit des performances durables, id\u00e9ales pour les environnements rigoureux des brasseries.<\/li>\n<li>L&#8217;installation fixe sur les tuyaux am\u00e9liore l&#8217;efficacit\u00e9 du nettoyage, ce qui est crucial pour le maintien de l&#8217;hygi\u00e8ne dans les op\u00e9rations de brassage.<\/li>\n<li>Les ouvertures de pulv\u00e9risation de 2 mm permettent un nettoyage pr\u00e9cis, essentiel pour l&#8217;assainissement complet des cuves de brassage.<\/li>\n<\/ul>\n","protected":false},"featured_media":12355,"template":"","meta":{"_acf_changed":false,"inline_featured_image":false},"product_brand":[740],"product_cat":[736,799,741],"product_tag":[],"class_list":{"0":"post-12353","1":"product","2":"type-product","3":"status-publish","4":"has-post-thumbnail","6":"product_brand-dixon","7":"product_cat-distribution","8":"product_cat-lavage-et-nettoyage-en-place","9":"product_cat-materiel","11":"first","12":"instock","13":"taxable","14":"shipping-taxable","15":"purchasable","16":"product-type-variable"},"acf":[],"yoast_head":"<!-- This site is optimized with the Yoast SEO plugin v27.6 - https:\/\/yoast.com\/product\/yoast-seo-wordpress\/ -->\n<title>Boule de pulv\u00e9risation stationnaire - Dixon - Pour brasseries professionnelles | Zytho<\/title>\n<meta name=\"description\" content=\"D\u00e9couvrez le Dixon Stationary Spray Ball, fabriqu\u00e9 en acier inoxydable pour une plus grande durabilit\u00e9. Id\u00e9ale pour l&#039;assainissement des cuves de brasserie, elle assure un nettoyage efficace et pr\u00e9cis.\" \/>\n<meta name=\"robots\" content=\"index, follow, max-snippet:-1, max-image-preview:large, max-video-preview:-1\" \/>\n<link rel=\"canonical\" href=\"https:\/\/www.zytho.ca\/fr\/produit\/boule-de-pulverisation-stationnaire-dixon\/\" \/>\n<meta property=\"og:locale\" content=\"fr_FR\" \/>\n<meta property=\"og:type\" content=\"article\" \/>\n<meta property=\"og:title\" content=\"Boule de pulv\u00e9risation stationnaire - Dixon - Pour brasseries professionnelles | Zytho\" \/>\n<meta property=\"og:description\" content=\"D\u00e9couvrez le Dixon Stationary Spray Ball, fabriqu\u00e9 en acier inoxydable pour une plus grande durabilit\u00e9. Id\u00e9ale pour l&#039;assainissement des cuves de brasserie, elle assure un nettoyage efficace et pr\u00e9cis.\" \/>\n<meta property=\"og:url\" content=\"https:\/\/www.zytho.ca\/fr\/produit\/boule-de-pulverisation-stationnaire-dixon\/\" \/>\n<meta property=\"og:site_name\" content=\"Zytho\" \/>\n<meta property=\"og:image\" content=\"https:\/\/www.zytho.ca\/wp-content\/uploads\/2025\/10\/Stationary-Spray-Ball-Dixon.jpg\" \/>\n\t<meta property=\"og:image:width\" content=\"368\" \/>\n\t<meta property=\"og:image:height\" content=\"368\" \/>\n\t<meta property=\"og:image:type\" content=\"image\/jpeg\" \/>\n<meta name=\"twitter:card\" content=\"summary_large_image\" \/>\n<script type=\"application\/ld+json\" class=\"yoast-schema-graph\">{\"@context\":\"https:\\\/\\\/schema.org\",\"@graph\":[{\"@type\":\"WebPage\",\"@id\":\"https:\\\/\\\/www.zytho.ca\\\/fr\\\/produit\\\/boule-de-pulverisation-stationnaire-dixon\\\/\",\"url\":\"https:\\\/\\\/www.zytho.ca\\\/fr\\\/produit\\\/boule-de-pulverisation-stationnaire-dixon\\\/\",\"name\":\"Boule de pulv\u00e9risation stationnaire - Dixon - Pour brasseries professionnelles | Zytho\",\"isPartOf\":{\"@id\":\"https:\\\/\\\/www.zytho.ca\\\/fr\\\/#website\"},\"primaryImageOfPage\":{\"@id\":\"https:\\\/\\\/www.zytho.ca\\\/fr\\\/produit\\\/boule-de-pulverisation-stationnaire-dixon\\\/#primaryimage\"},\"image\":{\"@id\":\"https:\\\/\\\/www.zytho.ca\\\/fr\\\/produit\\\/boule-de-pulverisation-stationnaire-dixon\\\/#primaryimage\"},\"thumbnailUrl\":\"https:\\\/\\\/www.zytho.ca\\\/wp-content\\\/uploads\\\/2025\\\/10\\\/Stationary-Spray-Ball-Dixon.jpg\",\"datePublished\":\"2025-10-27T15:46:58+00:00\",\"description\":\"D\u00e9couvrez le Dixon Stationary Spray Ball, fabriqu\u00e9 en acier inoxydable pour une plus grande durabilit\u00e9. Id\u00e9ale pour l'assainissement des cuves de brasserie, elle assure un nettoyage efficace et pr\u00e9cis.\",\"breadcrumb\":{\"@id\":\"https:\\\/\\\/www.zytho.ca\\\/fr\\\/produit\\\/boule-de-pulverisation-stationnaire-dixon\\\/#breadcrumb\"},\"inLanguage\":\"fr-FR\",\"potentialAction\":[{\"@type\":\"ReadAction\",\"target\":[\"https:\\\/\\\/www.zytho.ca\\\/fr\\\/produit\\\/boule-de-pulverisation-stationnaire-dixon\\\/\"]}]},{\"@type\":\"ImageObject\",\"inLanguage\":\"fr-FR\",\"@id\":\"https:\\\/\\\/www.zytho.ca\\\/fr\\\/produit\\\/boule-de-pulverisation-stationnaire-dixon\\\/#primaryimage\",\"url\":\"https:\\\/\\\/www.zytho.ca\\\/wp-content\\\/uploads\\\/2025\\\/10\\\/Stationary-Spray-Ball-Dixon.jpg\",\"contentUrl\":\"https:\\\/\\\/www.zytho.ca\\\/wp-content\\\/uploads\\\/2025\\\/10\\\/Stationary-Spray-Ball-Dixon.jpg\",\"width\":368,\"height\":368},{\"@type\":\"BreadcrumbList\",\"@id\":\"https:\\\/\\\/www.zytho.ca\\\/fr\\\/produit\\\/boule-de-pulverisation-stationnaire-dixon\\\/#breadcrumb\",\"itemListElement\":[{\"@type\":\"ListItem\",\"position\":1,\"name\":\"Accueil\",\"item\":\"https:\\\/\\\/www.zytho.ca\\\/fr\\\/\"},{\"@type\":\"ListItem\",\"position\":2,\"name\":\"Shop\",\"item\":\"https:\\\/\\\/www.zytho.ca\\\/fr\\\/shop\\\/\"},{\"@type\":\"ListItem\",\"position\":3,\"name\":\"Boule de pulv\u00e9risation stationnaire &#8211; Dixon\"}]},{\"@type\":\"WebSite\",\"@id\":\"https:\\\/\\\/www.zytho.ca\\\/fr\\\/#website\",\"url\":\"https:\\\/\\\/www.zytho.ca\\\/fr\\\/\",\"name\":\"Zytho\",\"description\":\"\",\"publisher\":{\"@id\":\"https:\\\/\\\/www.zytho.ca\\\/fr\\\/#organization\"},\"potentialAction\":[{\"@type\":\"SearchAction\",\"target\":{\"@type\":\"EntryPoint\",\"urlTemplate\":\"https:\\\/\\\/www.zytho.ca\\\/fr\\\/?s={search_term_string}\"},\"query-input\":{\"@type\":\"PropertyValueSpecification\",\"valueRequired\":true,\"valueName\":\"search_term_string\"}}],\"inLanguage\":\"fr-FR\"},{\"@type\":\"Organization\",\"@id\":\"https:\\\/\\\/www.zytho.ca\\\/fr\\\/#organization\",\"name\":\"Zytho\",\"url\":\"https:\\\/\\\/www.zytho.ca\\\/fr\\\/\",\"logo\":{\"@type\":\"ImageObject\",\"inLanguage\":\"fr-FR\",\"@id\":\"https:\\\/\\\/www.zytho.ca\\\/fr\\\/#\\\/schema\\\/logo\\\/image\\\/\",\"url\":\"https:\\\/\\\/www.zytho.ca\\\/wp-content\\\/uploads\\\/2024\\\/05\\\/Zytho_reversed_horizontal.svg\",\"contentUrl\":\"https:\\\/\\\/www.zytho.ca\\\/wp-content\\\/uploads\\\/2024\\\/05\\\/Zytho_reversed_horizontal.svg\",\"width\":1582,\"height\":490,\"caption\":\"Zytho\"},\"image\":{\"@id\":\"https:\\\/\\\/www.zytho.ca\\\/fr\\\/#\\\/schema\\\/logo\\\/image\\\/\"}}]}<\/script>\n<!-- \/ Yoast SEO plugin. -->","yoast_head_json":{"title":"Boule de pulv\u00e9risation stationnaire - Dixon - Pour brasseries professionnelles | Zytho","description":"D\u00e9couvrez le Dixon Stationary Spray Ball, fabriqu\u00e9 en acier inoxydable pour une plus grande durabilit\u00e9. Id\u00e9ale pour l'assainissement des cuves de brasserie, elle assure un nettoyage efficace et pr\u00e9cis.","robots":{"index":"index","follow":"follow","max-snippet":"max-snippet:-1","max-image-preview":"max-image-preview:large","max-video-preview":"max-video-preview:-1"},"canonical":"https:\/\/www.zytho.ca\/fr\/produit\/boule-de-pulverisation-stationnaire-dixon\/","og_locale":"fr_FR","og_type":"article","og_title":"Boule de pulv\u00e9risation stationnaire - Dixon - Pour brasseries professionnelles | Zytho","og_description":"D\u00e9couvrez le Dixon Stationary Spray Ball, fabriqu\u00e9 en acier inoxydable pour une plus grande durabilit\u00e9. Id\u00e9ale pour l'assainissement des cuves de brasserie, elle assure un nettoyage efficace et pr\u00e9cis.","og_url":"https:\/\/www.zytho.ca\/fr\/produit\/boule-de-pulverisation-stationnaire-dixon\/","og_site_name":"Zytho","og_image":[{"width":368,"height":368,"url":"https:\/\/www.zytho.ca\/wp-content\/uploads\/2025\/10\/Stationary-Spray-Ball-Dixon.jpg","type":"image\/jpeg"}],"twitter_card":"summary_large_image","schema":{"@context":"https:\/\/schema.org","@graph":[{"@type":"WebPage","@id":"https:\/\/www.zytho.ca\/fr\/produit\/boule-de-pulverisation-stationnaire-dixon\/","url":"https:\/\/www.zytho.ca\/fr\/produit\/boule-de-pulverisation-stationnaire-dixon\/","name":"Boule de pulv\u00e9risation stationnaire - Dixon - Pour brasseries professionnelles | Zytho","isPartOf":{"@id":"https:\/\/www.zytho.ca\/fr\/#website"},"primaryImageOfPage":{"@id":"https:\/\/www.zytho.ca\/fr\/produit\/boule-de-pulverisation-stationnaire-dixon\/#primaryimage"},"image":{"@id":"https:\/\/www.zytho.ca\/fr\/produit\/boule-de-pulverisation-stationnaire-dixon\/#primaryimage"},"thumbnailUrl":"https:\/\/www.zytho.ca\/wp-content\/uploads\/2025\/10\/Stationary-Spray-Ball-Dixon.jpg","datePublished":"2025-10-27T15:46:58+00:00","description":"D\u00e9couvrez le Dixon Stationary Spray Ball, fabriqu\u00e9 en acier inoxydable pour une plus grande durabilit\u00e9. Id\u00e9ale pour l'assainissement des cuves de brasserie, elle assure un nettoyage efficace et pr\u00e9cis.","breadcrumb":{"@id":"https:\/\/www.zytho.ca\/fr\/produit\/boule-de-pulverisation-stationnaire-dixon\/#breadcrumb"},"inLanguage":"fr-FR","potentialAction":[{"@type":"ReadAction","target":["https:\/\/www.zytho.ca\/fr\/produit\/boule-de-pulverisation-stationnaire-dixon\/"]}]},{"@type":"ImageObject","inLanguage":"fr-FR","@id":"https:\/\/www.zytho.ca\/fr\/produit\/boule-de-pulverisation-stationnaire-dixon\/#primaryimage","url":"https:\/\/www.zytho.ca\/wp-content\/uploads\/2025\/10\/Stationary-Spray-Ball-Dixon.jpg","contentUrl":"https:\/\/www.zytho.ca\/wp-content\/uploads\/2025\/10\/Stationary-Spray-Ball-Dixon.jpg","width":368,"height":368},{"@type":"BreadcrumbList","@id":"https:\/\/www.zytho.ca\/fr\/produit\/boule-de-pulverisation-stationnaire-dixon\/#breadcrumb","itemListElement":[{"@type":"ListItem","position":1,"name":"Accueil","item":"https:\/\/www.zytho.ca\/fr\/"},{"@type":"ListItem","position":2,"name":"Shop","item":"https:\/\/www.zytho.ca\/fr\/shop\/"},{"@type":"ListItem","position":3,"name":"Boule de pulv\u00e9risation stationnaire &#8211; Dixon"}]},{"@type":"WebSite","@id":"https:\/\/www.zytho.ca\/fr\/#website","url":"https:\/\/www.zytho.ca\/fr\/","name":"Zytho","description":"","publisher":{"@id":"https:\/\/www.zytho.ca\/fr\/#organization"},"potentialAction":[{"@type":"SearchAction","target":{"@type":"EntryPoint","urlTemplate":"https:\/\/www.zytho.ca\/fr\/?s={search_term_string}"},"query-input":{"@type":"PropertyValueSpecification","valueRequired":true,"valueName":"search_term_string"}}],"inLanguage":"fr-FR"},{"@type":"Organization","@id":"https:\/\/www.zytho.ca\/fr\/#organization","name":"Zytho","url":"https:\/\/www.zytho.ca\/fr\/","logo":{"@type":"ImageObject","inLanguage":"fr-FR","@id":"https:\/\/www.zytho.ca\/fr\/#\/schema\/logo\/image\/","url":"https:\/\/www.zytho.ca\/wp-content\/uploads\/2024\/05\/Zytho_reversed_horizontal.svg","contentUrl":"https:\/\/www.zytho.ca\/wp-content\/uploads\/2024\/05\/Zytho_reversed_horizontal.svg","width":1582,"height":490,"caption":"Zytho"},"image":{"@id":"https:\/\/www.zytho.ca\/fr\/#\/schema\/logo\/image\/"}}]}},"_links":{"self":[{"href":"https:\/\/www.zytho.ca\/fr\/wp-json\/wp\/v2\/product\/12353","targetHints":{"allow":["GET"]}}],"collection":[{"href":"https:\/\/www.zytho.ca\/fr\/wp-json\/wp\/v2\/product"}],"about":[{"href":"https:\/\/www.zytho.ca\/fr\/wp-json\/wp\/v2\/types\/product"}],"wp:featuredmedia":[{"embeddable":true,"href":"https:\/\/www.zytho.ca\/fr\/wp-json\/wp\/v2\/media\/12355"}],"wp:attachment":[{"href":"https:\/\/www.zytho.ca\/fr\/wp-json\/wp\/v2\/media?parent=12353"}],"wp:term":[{"taxonomy":"product_brand","embeddable":true,"href":"https:\/\/www.zytho.ca\/fr\/wp-json\/wp\/v2\/product_brand?post=12353"},{"taxonomy":"product_cat","embeddable":true,"href":"https:\/\/www.zytho.ca\/fr\/wp-json\/wp\/v2\/product_cat?post=12353"},{"taxonomy":"product_tag","embeddable":true,"href":"https:\/\/www.zytho.ca\/fr\/wp-json\/wp\/v2\/product_tag?post=12353"}],"curies":[{"name":"wp","href":"https:\/\/api.w.org\/{rel}","templated":true}]}}