{"id":12331,"date":"2025-10-27T15:47:16","date_gmt":"2025-10-27T15:47:16","guid":{"rendered":"https:\/\/zytho.ca\/product\/b2s-coudes-a-souder-non-polis-a-90-avec-tangentes-dixon\/"},"modified":"2025-11-07T12:42:18","modified_gmt":"2025-11-07T12:42:18","slug":"b2s-coudes-a-souder-non-polis-a-90-avec-tangentes-dixon","status":"publish","type":"product","link":"https:\/\/www.zytho.ca\/fr\/produit\/b2s-coudes-a-souder-non-polis-a-90-avec-tangentes-dixon\/","title":{"rendered":"B2S Coudes \u00e0 souder non polis \u00e0 90\u00b0 avec tangentes &#8211; Dixon"},"content":{"rendered":"<h6><strong>Avantages :<\/strong><\/h6>\n<ul>\n<li>Garantit des performances et une fiabilit\u00e9 optimales dans les environnements exigeants.<\/li>\n<li>Con\u00e7us pour la pr\u00e9cision et la durabilit\u00e9, ils r\u00e9pondent aux normes de l&#8217;industrie.<\/li>\n<li>Con\u00e7u pour faciliter l&#8217;int\u00e9gration avec les syst\u00e8mes existants.<\/li>\n<li>R\u00e9duit les besoins de maintenance gr\u00e2ce \u00e0 une s\u00e9lection avanc\u00e9e des mat\u00e9riaux.<\/li>\n<\/ul>\n<h6><strong>D\u00e9tails du produit :<\/strong><\/h6>\n<ul>\n<li>Fabriqu\u00e9 avec des mat\u00e9riaux de haute qualit\u00e9 pour une plus grande long\u00e9vit\u00e9.<\/li>\n<li>Compatible avec une large gamme d&#8217;applications industrielles.<\/li>\n<li>Disponible en plusieurs configurations pour r\u00e9pondre \u00e0 des besoins op\u00e9rationnels sp\u00e9cifiques.<\/li>\n<li>Fabriqu\u00e9 en conformit\u00e9 avec des exigences r\u00e9glementaires strictes.<\/li>\n<\/ul>\n<h6><strong>Page de catalogue :<\/strong><\/h6>\n<ul>\n<li><a href=\"https:\/\/www.dixonvalve.com\/sites\/default\/files\/product\/pages\/us\/DPL418%20-%20610.pdf\">DPL418 &#8211; 610<\/a><\/li>\n<\/ul>\n","protected":false},"excerpt":{"rendered":"<h4>Am\u00e9liorez vos op\u00e9rations de brassage avec les coudes \u00e0 souder \u00e0 90\u00b0 non polis B2S de Dixon, con\u00e7us pour la pr\u00e9cision et la durabilit\u00e9.<\/h4>\n<ul>\n<li>Garantit des performances fiables, m\u00eame dans des environnements de brassage exigeants.<\/li>\n<li>Facilite l&#8217;int\u00e9gration transparente avec les syst\u00e8mes de brassage existants.<\/li>\n<li>R\u00e9duit l&#8217;entretien gr\u00e2ce \u00e0 des mat\u00e9riaux avanc\u00e9s et durables.<\/li>\n<\/ul>\n","protected":false},"featured_media":12333,"template":"","meta":{"_acf_changed":false,"inline_featured_image":false},"product_brand":[740],"product_cat":[736,741,765],"product_tag":[],"class_list":{"0":"post-12331","1":"product","2":"type-product","3":"status-publish","4":"has-post-thumbnail","6":"product_brand-dixon","7":"product_cat-distribution","8":"product_cat-materiel","9":"product_cat-raccords-sanitaires","11":"first","12":"instock","13":"taxable","14":"shipping-taxable","15":"purchasable","16":"product-type-variable"},"acf":[],"yoast_head":"<!-- This site is optimized with the Yoast SEO plugin v27.6 - https:\/\/yoast.com\/product\/yoast-seo-wordpress\/ -->\n<title>B2S Coudes \u00e0 souder 90\u00b0 non polis avec tangentes - Dixon - Pour brasseries pro | Zytho<\/title>\n<meta name=\"description\" content=\"D\u00e9couvrez les coudes \u00e0 souder \u00e0 90\u00b0 B2S non polis de Dixon, con\u00e7us pour la pr\u00e9cision et la durabilit\u00e9. Ils sont parfaits pour les brasseries qui recherchent une int\u00e9gration parfaite et une maintenance r\u00e9duite.\" \/>\n<meta name=\"robots\" content=\"index, follow, max-snippet:-1, max-image-preview:large, max-video-preview:-1\" \/>\n<link rel=\"canonical\" href=\"https:\/\/www.zytho.ca\/fr\/produit\/b2s-coudes-a-souder-non-polis-a-90-avec-tangentes-dixon\/\" \/>\n<meta property=\"og:locale\" content=\"fr_FR\" \/>\n<meta property=\"og:type\" content=\"article\" \/>\n<meta property=\"og:title\" content=\"B2S Coudes \u00e0 souder 90\u00b0 non polis avec tangentes - Dixon - Pour brasseries pro | Zytho\" \/>\n<meta property=\"og:description\" content=\"D\u00e9couvrez les coudes \u00e0 souder \u00e0 90\u00b0 B2S non polis de Dixon, con\u00e7us pour la pr\u00e9cision et la durabilit\u00e9. Ils sont parfaits pour les brasseries qui recherchent une int\u00e9gration parfaite et une maintenance r\u00e9duite.\" \/>\n<meta property=\"og:url\" content=\"https:\/\/www.zytho.ca\/fr\/produit\/b2s-coudes-a-souder-non-polis-a-90-avec-tangentes-dixon\/\" \/>\n<meta property=\"og:site_name\" content=\"Zytho\" \/>\n<meta property=\"article:modified_time\" content=\"2025-11-07T12:42:18+00:00\" \/>\n<meta property=\"og:image\" content=\"https:\/\/www.zytho.ca\/wp-content\/uploads\/2025\/10\/B2S-Unpolished-90deg-Weld-Elbows-with-Tangents-Dixon.jpg\" \/>\n\t<meta property=\"og:image:width\" content=\"555\" \/>\n\t<meta property=\"og:image:height\" content=\"555\" \/>\n\t<meta property=\"og:image:type\" content=\"image\/jpeg\" \/>\n<meta name=\"twitter:card\" content=\"summary_large_image\" \/>\n<meta name=\"twitter:label1\" content=\"Dur\u00e9e de lecture estim\u00e9e\" \/>\n\t<meta name=\"twitter:data1\" content=\"1 minute\" \/>\n<script type=\"application\/ld+json\" class=\"yoast-schema-graph\">{\"@context\":\"https:\\\/\\\/schema.org\",\"@graph\":[{\"@type\":\"WebPage\",\"@id\":\"https:\\\/\\\/www.zytho.ca\\\/fr\\\/produit\\\/b2s-coudes-a-souder-non-polis-a-90-avec-tangentes-dixon\\\/\",\"url\":\"https:\\\/\\\/www.zytho.ca\\\/fr\\\/produit\\\/b2s-coudes-a-souder-non-polis-a-90-avec-tangentes-dixon\\\/\",\"name\":\"B2S Coudes \u00e0 souder 90\u00b0 non polis avec tangentes - Dixon - Pour brasseries pro | Zytho\",\"isPartOf\":{\"@id\":\"https:\\\/\\\/www.zytho.ca\\\/fr\\\/#website\"},\"primaryImageOfPage\":{\"@id\":\"https:\\\/\\\/www.zytho.ca\\\/fr\\\/produit\\\/b2s-coudes-a-souder-non-polis-a-90-avec-tangentes-dixon\\\/#primaryimage\"},\"image\":{\"@id\":\"https:\\\/\\\/www.zytho.ca\\\/fr\\\/produit\\\/b2s-coudes-a-souder-non-polis-a-90-avec-tangentes-dixon\\\/#primaryimage\"},\"thumbnailUrl\":\"https:\\\/\\\/www.zytho.ca\\\/wp-content\\\/uploads\\\/2025\\\/10\\\/B2S-Unpolished-90deg-Weld-Elbows-with-Tangents-Dixon.jpg\",\"datePublished\":\"2025-10-27T15:47:16+00:00\",\"dateModified\":\"2025-11-07T12:42:18+00:00\",\"description\":\"D\u00e9couvrez les coudes \u00e0 souder \u00e0 90\u00b0 B2S non polis de Dixon, con\u00e7us pour la pr\u00e9cision et la durabilit\u00e9. Ils sont parfaits pour les brasseries qui recherchent une int\u00e9gration parfaite et une maintenance r\u00e9duite.\",\"breadcrumb\":{\"@id\":\"https:\\\/\\\/www.zytho.ca\\\/fr\\\/produit\\\/b2s-coudes-a-souder-non-polis-a-90-avec-tangentes-dixon\\\/#breadcrumb\"},\"inLanguage\":\"fr-FR\",\"potentialAction\":[{\"@type\":\"ReadAction\",\"target\":[\"https:\\\/\\\/www.zytho.ca\\\/fr\\\/produit\\\/b2s-coudes-a-souder-non-polis-a-90-avec-tangentes-dixon\\\/\"]}]},{\"@type\":\"ImageObject\",\"inLanguage\":\"fr-FR\",\"@id\":\"https:\\\/\\\/www.zytho.ca\\\/fr\\\/produit\\\/b2s-coudes-a-souder-non-polis-a-90-avec-tangentes-dixon\\\/#primaryimage\",\"url\":\"https:\\\/\\\/www.zytho.ca\\\/wp-content\\\/uploads\\\/2025\\\/10\\\/B2S-Unpolished-90deg-Weld-Elbows-with-Tangents-Dixon.jpg\",\"contentUrl\":\"https:\\\/\\\/www.zytho.ca\\\/wp-content\\\/uploads\\\/2025\\\/10\\\/B2S-Unpolished-90deg-Weld-Elbows-with-Tangents-Dixon.jpg\",\"width\":555,\"height\":555},{\"@type\":\"BreadcrumbList\",\"@id\":\"https:\\\/\\\/www.zytho.ca\\\/fr\\\/produit\\\/b2s-coudes-a-souder-non-polis-a-90-avec-tangentes-dixon\\\/#breadcrumb\",\"itemListElement\":[{\"@type\":\"ListItem\",\"position\":1,\"name\":\"Accueil\",\"item\":\"https:\\\/\\\/www.zytho.ca\\\/fr\\\/\"},{\"@type\":\"ListItem\",\"position\":2,\"name\":\"Shop\",\"item\":\"https:\\\/\\\/www.zytho.ca\\\/fr\\\/shop\\\/\"},{\"@type\":\"ListItem\",\"position\":3,\"name\":\"B2S Coudes \u00e0 souder non polis \u00e0 90\u00b0 avec tangentes &#8211; Dixon\"}]},{\"@type\":\"WebSite\",\"@id\":\"https:\\\/\\\/www.zytho.ca\\\/fr\\\/#website\",\"url\":\"https:\\\/\\\/www.zytho.ca\\\/fr\\\/\",\"name\":\"Zytho\",\"description\":\"\",\"publisher\":{\"@id\":\"https:\\\/\\\/www.zytho.ca\\\/fr\\\/#organization\"},\"potentialAction\":[{\"@type\":\"SearchAction\",\"target\":{\"@type\":\"EntryPoint\",\"urlTemplate\":\"https:\\\/\\\/www.zytho.ca\\\/fr\\\/?s={search_term_string}\"},\"query-input\":{\"@type\":\"PropertyValueSpecification\",\"valueRequired\":true,\"valueName\":\"search_term_string\"}}],\"inLanguage\":\"fr-FR\"},{\"@type\":\"Organization\",\"@id\":\"https:\\\/\\\/www.zytho.ca\\\/fr\\\/#organization\",\"name\":\"Zytho\",\"url\":\"https:\\\/\\\/www.zytho.ca\\\/fr\\\/\",\"logo\":{\"@type\":\"ImageObject\",\"inLanguage\":\"fr-FR\",\"@id\":\"https:\\\/\\\/www.zytho.ca\\\/fr\\\/#\\\/schema\\\/logo\\\/image\\\/\",\"url\":\"https:\\\/\\\/www.zytho.ca\\\/wp-content\\\/uploads\\\/2024\\\/05\\\/Zytho_reversed_horizontal.svg\",\"contentUrl\":\"https:\\\/\\\/www.zytho.ca\\\/wp-content\\\/uploads\\\/2024\\\/05\\\/Zytho_reversed_horizontal.svg\",\"width\":1582,\"height\":490,\"caption\":\"Zytho\"},\"image\":{\"@id\":\"https:\\\/\\\/www.zytho.ca\\\/fr\\\/#\\\/schema\\\/logo\\\/image\\\/\"}}]}<\/script>\n<!-- \/ Yoast SEO plugin. -->","yoast_head_json":{"title":"B2S Coudes \u00e0 souder 90\u00b0 non polis avec tangentes - Dixon - Pour brasseries pro | Zytho","description":"D\u00e9couvrez les coudes \u00e0 souder \u00e0 90\u00b0 B2S non polis de Dixon, con\u00e7us pour la pr\u00e9cision et la durabilit\u00e9. Ils sont parfaits pour les brasseries qui recherchent une int\u00e9gration parfaite et une maintenance r\u00e9duite.","robots":{"index":"index","follow":"follow","max-snippet":"max-snippet:-1","max-image-preview":"max-image-preview:large","max-video-preview":"max-video-preview:-1"},"canonical":"https:\/\/www.zytho.ca\/fr\/produit\/b2s-coudes-a-souder-non-polis-a-90-avec-tangentes-dixon\/","og_locale":"fr_FR","og_type":"article","og_title":"B2S Coudes \u00e0 souder 90\u00b0 non polis avec tangentes - Dixon - Pour brasseries pro | Zytho","og_description":"D\u00e9couvrez les coudes \u00e0 souder \u00e0 90\u00b0 B2S non polis de Dixon, con\u00e7us pour la pr\u00e9cision et la durabilit\u00e9. Ils sont parfaits pour les brasseries qui recherchent une int\u00e9gration parfaite et une maintenance r\u00e9duite.","og_url":"https:\/\/www.zytho.ca\/fr\/produit\/b2s-coudes-a-souder-non-polis-a-90-avec-tangentes-dixon\/","og_site_name":"Zytho","article_modified_time":"2025-11-07T12:42:18+00:00","og_image":[{"width":555,"height":555,"url":"https:\/\/www.zytho.ca\/wp-content\/uploads\/2025\/10\/B2S-Unpolished-90deg-Weld-Elbows-with-Tangents-Dixon.jpg","type":"image\/jpeg"}],"twitter_card":"summary_large_image","twitter_misc":{"Dur\u00e9e de lecture estim\u00e9e":"1 minute"},"schema":{"@context":"https:\/\/schema.org","@graph":[{"@type":"WebPage","@id":"https:\/\/www.zytho.ca\/fr\/produit\/b2s-coudes-a-souder-non-polis-a-90-avec-tangentes-dixon\/","url":"https:\/\/www.zytho.ca\/fr\/produit\/b2s-coudes-a-souder-non-polis-a-90-avec-tangentes-dixon\/","name":"B2S Coudes \u00e0 souder 90\u00b0 non polis avec tangentes - Dixon - Pour brasseries pro | Zytho","isPartOf":{"@id":"https:\/\/www.zytho.ca\/fr\/#website"},"primaryImageOfPage":{"@id":"https:\/\/www.zytho.ca\/fr\/produit\/b2s-coudes-a-souder-non-polis-a-90-avec-tangentes-dixon\/#primaryimage"},"image":{"@id":"https:\/\/www.zytho.ca\/fr\/produit\/b2s-coudes-a-souder-non-polis-a-90-avec-tangentes-dixon\/#primaryimage"},"thumbnailUrl":"https:\/\/www.zytho.ca\/wp-content\/uploads\/2025\/10\/B2S-Unpolished-90deg-Weld-Elbows-with-Tangents-Dixon.jpg","datePublished":"2025-10-27T15:47:16+00:00","dateModified":"2025-11-07T12:42:18+00:00","description":"D\u00e9couvrez les coudes \u00e0 souder \u00e0 90\u00b0 B2S non polis de Dixon, con\u00e7us pour la pr\u00e9cision et la durabilit\u00e9. Ils sont parfaits pour les brasseries qui recherchent une int\u00e9gration parfaite et une maintenance r\u00e9duite.","breadcrumb":{"@id":"https:\/\/www.zytho.ca\/fr\/produit\/b2s-coudes-a-souder-non-polis-a-90-avec-tangentes-dixon\/#breadcrumb"},"inLanguage":"fr-FR","potentialAction":[{"@type":"ReadAction","target":["https:\/\/www.zytho.ca\/fr\/produit\/b2s-coudes-a-souder-non-polis-a-90-avec-tangentes-dixon\/"]}]},{"@type":"ImageObject","inLanguage":"fr-FR","@id":"https:\/\/www.zytho.ca\/fr\/produit\/b2s-coudes-a-souder-non-polis-a-90-avec-tangentes-dixon\/#primaryimage","url":"https:\/\/www.zytho.ca\/wp-content\/uploads\/2025\/10\/B2S-Unpolished-90deg-Weld-Elbows-with-Tangents-Dixon.jpg","contentUrl":"https:\/\/www.zytho.ca\/wp-content\/uploads\/2025\/10\/B2S-Unpolished-90deg-Weld-Elbows-with-Tangents-Dixon.jpg","width":555,"height":555},{"@type":"BreadcrumbList","@id":"https:\/\/www.zytho.ca\/fr\/produit\/b2s-coudes-a-souder-non-polis-a-90-avec-tangentes-dixon\/#breadcrumb","itemListElement":[{"@type":"ListItem","position":1,"name":"Accueil","item":"https:\/\/www.zytho.ca\/fr\/"},{"@type":"ListItem","position":2,"name":"Shop","item":"https:\/\/www.zytho.ca\/fr\/shop\/"},{"@type":"ListItem","position":3,"name":"B2S Coudes \u00e0 souder non polis \u00e0 90\u00b0 avec tangentes &#8211; Dixon"}]},{"@type":"WebSite","@id":"https:\/\/www.zytho.ca\/fr\/#website","url":"https:\/\/www.zytho.ca\/fr\/","name":"Zytho","description":"","publisher":{"@id":"https:\/\/www.zytho.ca\/fr\/#organization"},"potentialAction":[{"@type":"SearchAction","target":{"@type":"EntryPoint","urlTemplate":"https:\/\/www.zytho.ca\/fr\/?s={search_term_string}"},"query-input":{"@type":"PropertyValueSpecification","valueRequired":true,"valueName":"search_term_string"}}],"inLanguage":"fr-FR"},{"@type":"Organization","@id":"https:\/\/www.zytho.ca\/fr\/#organization","name":"Zytho","url":"https:\/\/www.zytho.ca\/fr\/","logo":{"@type":"ImageObject","inLanguage":"fr-FR","@id":"https:\/\/www.zytho.ca\/fr\/#\/schema\/logo\/image\/","url":"https:\/\/www.zytho.ca\/wp-content\/uploads\/2024\/05\/Zytho_reversed_horizontal.svg","contentUrl":"https:\/\/www.zytho.ca\/wp-content\/uploads\/2024\/05\/Zytho_reversed_horizontal.svg","width":1582,"height":490,"caption":"Zytho"},"image":{"@id":"https:\/\/www.zytho.ca\/fr\/#\/schema\/logo\/image\/"}}]}},"_links":{"self":[{"href":"https:\/\/www.zytho.ca\/fr\/wp-json\/wp\/v2\/product\/12331","targetHints":{"allow":["GET"]}}],"collection":[{"href":"https:\/\/www.zytho.ca\/fr\/wp-json\/wp\/v2\/product"}],"about":[{"href":"https:\/\/www.zytho.ca\/fr\/wp-json\/wp\/v2\/types\/product"}],"wp:featuredmedia":[{"embeddable":true,"href":"https:\/\/www.zytho.ca\/fr\/wp-json\/wp\/v2\/media\/12333"}],"wp:attachment":[{"href":"https:\/\/www.zytho.ca\/fr\/wp-json\/wp\/v2\/media?parent=12331"}],"wp:term":[{"taxonomy":"product_brand","embeddable":true,"href":"https:\/\/www.zytho.ca\/fr\/wp-json\/wp\/v2\/product_brand?post=12331"},{"taxonomy":"product_cat","embeddable":true,"href":"https:\/\/www.zytho.ca\/fr\/wp-json\/wp\/v2\/product_cat?post=12331"},{"taxonomy":"product_tag","embeddable":true,"href":"https:\/\/www.zytho.ca\/fr\/wp-json\/wp\/v2\/product_tag?post=12331"}],"curies":[{"name":"wp","href":"https:\/\/api.w.org\/{rel}","templated":true}]}}