{"id":12261,"date":"2025-10-27T15:47:21","date_gmt":"2025-10-27T15:47:21","guid":{"rendered":"https:\/\/zytho.ca\/product\/b2s-coudes-a-souder-90-polis-avec-tangents-dixon\/"},"modified":"2025-10-27T15:47:21","modified_gmt":"2025-10-27T15:47:21","slug":"b2s-coudes-a-souder-90-polis-avec-tangents-dixon","status":"publish","type":"product","link":"https:\/\/www.zytho.ca\/fr\/produit\/b2s-coudes-a-souder-90-polis-avec-tangents-dixon\/","title":{"rendered":"B2S Coudes \u00e0 souder 90\u00b0 Polis avec Tangents &#8211; Dixon"},"content":{"rendered":"<h6><strong>Avantages :<\/strong><\/h6>\n<ul>\n<li>Respect des normes sanitaires 3-A pour les raccords sanitaires, garantissant la conformit\u00e9 avec le num\u00e9ro 63-03 (autorisation num\u00e9ro 621).<\/li>\n<li>Finition sanitaire certifi\u00e9e 3A pour les surfaces int\u00e9rieures et ext\u00e9rieures, favorisant une hygi\u00e8ne optimale.<\/li>\n<\/ul>\n<h6><strong>D\u00e9tails du produit :<\/strong><\/h6>\n<ul>\n<li><a href=\"https:\/\/www.dixonvalve.com\/sites\/default\/files\/product\/certifications\/621%2063-04-2020.pdf\">Certificat 3A\n<p><\/a><\/li>\n<li><a href=\"https:\/\/www.dixonvalve.com\/sites\/default\/files\/product\/pages\/us\/DPL418%20-%20604.pdf\">DPL418 &#8211; 604<\/a><\/li>\n<\/ul>\n","protected":false},"excerpt":{"rendered":"<h4>Principaux avantages des coudes \u00e0 souder 90\u00b0 polis de B2S avec tangentes pour les brasseurs professionnels<\/h4>\n<ul>\n<li>Assure la conformit\u00e9 avec les normes sanitaires 3-A, garantissant le plus haut niveau d&#8217;hygi\u00e8ne pour les op\u00e9rations de brassage.<\/li>\n<li>Les surfaces int\u00e9rieures et ext\u00e9rieures pr\u00e9sentent une finition sanitaire certifi\u00e9e 3A, ce qui favorise une propret\u00e9 sup\u00e9rieure et l&#8217;int\u00e9grit\u00e9 du produit.<\/li>\n<li>Soutenus par des certifications officielles, ils assurent la tranquillit\u00e9 d&#8217;esprit et la fiabilit\u00e9 de vos processus de brassage.<\/li>\n<\/ul>\n","protected":false},"featured_media":12279,"template":"","meta":{"_acf_changed":false,"inline_featured_image":false},"product_brand":[740],"product_cat":[736,741,765],"product_tag":[],"class_list":{"0":"post-12261","1":"product","2":"type-product","3":"status-publish","4":"has-post-thumbnail","6":"product_brand-dixon","7":"product_cat-distribution","8":"product_cat-materiel","9":"product_cat-raccords-sanitaires","11":"first","12":"instock","13":"taxable","14":"shipping-taxable","15":"purchasable","16":"product-type-variable"},"acf":[],"yoast_head":"<!-- This site is optimized with the Yoast SEO plugin v27.6 - https:\/\/yoast.com\/product\/yoast-seo-wordpress\/ -->\n<title>B2S Polished 90\u00b0 Weld Elows with Tangents - Dixon - For Pro Breweries | Zytho<\/title>\n<meta name=\"description\" content=\"D\u00e9couvrez les coudes \u00e0 souder 90\u00b0 polis B2S avec tangentes de Dixon, con\u00e7us pour les brasseurs. La finition sanitaire certifi\u00e9e 3A garantit une hygi\u00e8ne optimale et le respect des normes industrielles.\" \/>\n<meta name=\"robots\" content=\"index, follow, max-snippet:-1, max-image-preview:large, max-video-preview:-1\" \/>\n<link rel=\"canonical\" href=\"https:\/\/www.zytho.ca\/fr\/produit\/b2s-coudes-a-souder-90-polis-avec-tangents-dixon\/\" \/>\n<meta property=\"og:locale\" content=\"fr_FR\" \/>\n<meta property=\"og:type\" content=\"article\" \/>\n<meta property=\"og:title\" content=\"B2S Polished 90\u00b0 Weld Elows with Tangents - Dixon - For Pro Breweries | Zytho\" \/>\n<meta property=\"og:description\" content=\"D\u00e9couvrez les coudes \u00e0 souder 90\u00b0 polis B2S avec tangentes de Dixon, con\u00e7us pour les brasseurs. La finition sanitaire certifi\u00e9e 3A garantit une hygi\u00e8ne optimale et le respect des normes industrielles.\" \/>\n<meta property=\"og:url\" content=\"https:\/\/www.zytho.ca\/fr\/produit\/b2s-coudes-a-souder-90-polis-avec-tangents-dixon\/\" \/>\n<meta property=\"og:site_name\" content=\"Zytho\" \/>\n<meta property=\"og:image\" content=\"https:\/\/www.zytho.ca\/wp-content\/uploads\/2025\/10\/B2S-Polished-90deg-Weld-Elbows-with-Tangents-Dixon.jpg\" \/>\n\t<meta property=\"og:image:width\" content=\"576\" \/>\n\t<meta property=\"og:image:height\" content=\"577\" \/>\n\t<meta property=\"og:image:type\" content=\"image\/jpeg\" \/>\n<meta name=\"twitter:card\" content=\"summary_large_image\" \/>\n<script type=\"application\/ld+json\" class=\"yoast-schema-graph\">{\"@context\":\"https:\\\/\\\/schema.org\",\"@graph\":[{\"@type\":\"WebPage\",\"@id\":\"https:\\\/\\\/www.zytho.ca\\\/fr\\\/produit\\\/b2s-coudes-a-souder-90-polis-avec-tangents-dixon\\\/\",\"url\":\"https:\\\/\\\/www.zytho.ca\\\/fr\\\/produit\\\/b2s-coudes-a-souder-90-polis-avec-tangents-dixon\\\/\",\"name\":\"B2S Polished 90\u00b0 Weld Elows with Tangents - Dixon - For Pro Breweries | Zytho\",\"isPartOf\":{\"@id\":\"https:\\\/\\\/www.zytho.ca\\\/fr\\\/#website\"},\"primaryImageOfPage\":{\"@id\":\"https:\\\/\\\/www.zytho.ca\\\/fr\\\/produit\\\/b2s-coudes-a-souder-90-polis-avec-tangents-dixon\\\/#primaryimage\"},\"image\":{\"@id\":\"https:\\\/\\\/www.zytho.ca\\\/fr\\\/produit\\\/b2s-coudes-a-souder-90-polis-avec-tangents-dixon\\\/#primaryimage\"},\"thumbnailUrl\":\"https:\\\/\\\/www.zytho.ca\\\/wp-content\\\/uploads\\\/2025\\\/10\\\/B2S-Polished-90deg-Weld-Elbows-with-Tangents-Dixon.jpg\",\"datePublished\":\"2025-10-27T15:47:21+00:00\",\"description\":\"D\u00e9couvrez les coudes \u00e0 souder 90\u00b0 polis B2S avec tangentes de Dixon, con\u00e7us pour les brasseurs. La finition sanitaire certifi\u00e9e 3A garantit une hygi\u00e8ne optimale et le respect des normes industrielles.\",\"breadcrumb\":{\"@id\":\"https:\\\/\\\/www.zytho.ca\\\/fr\\\/produit\\\/b2s-coudes-a-souder-90-polis-avec-tangents-dixon\\\/#breadcrumb\"},\"inLanguage\":\"fr-FR\",\"potentialAction\":[{\"@type\":\"ReadAction\",\"target\":[\"https:\\\/\\\/www.zytho.ca\\\/fr\\\/produit\\\/b2s-coudes-a-souder-90-polis-avec-tangents-dixon\\\/\"]}]},{\"@type\":\"ImageObject\",\"inLanguage\":\"fr-FR\",\"@id\":\"https:\\\/\\\/www.zytho.ca\\\/fr\\\/produit\\\/b2s-coudes-a-souder-90-polis-avec-tangents-dixon\\\/#primaryimage\",\"url\":\"https:\\\/\\\/www.zytho.ca\\\/wp-content\\\/uploads\\\/2025\\\/10\\\/B2S-Polished-90deg-Weld-Elbows-with-Tangents-Dixon.jpg\",\"contentUrl\":\"https:\\\/\\\/www.zytho.ca\\\/wp-content\\\/uploads\\\/2025\\\/10\\\/B2S-Polished-90deg-Weld-Elbows-with-Tangents-Dixon.jpg\",\"width\":576,\"height\":577},{\"@type\":\"BreadcrumbList\",\"@id\":\"https:\\\/\\\/www.zytho.ca\\\/fr\\\/produit\\\/b2s-coudes-a-souder-90-polis-avec-tangents-dixon\\\/#breadcrumb\",\"itemListElement\":[{\"@type\":\"ListItem\",\"position\":1,\"name\":\"Accueil\",\"item\":\"https:\\\/\\\/www.zytho.ca\\\/fr\\\/\"},{\"@type\":\"ListItem\",\"position\":2,\"name\":\"Shop\",\"item\":\"https:\\\/\\\/www.zytho.ca\\\/fr\\\/shop\\\/\"},{\"@type\":\"ListItem\",\"position\":3,\"name\":\"B2S Coudes \u00e0 souder 90\u00b0 Polis avec Tangents &#8211; Dixon\"}]},{\"@type\":\"WebSite\",\"@id\":\"https:\\\/\\\/www.zytho.ca\\\/fr\\\/#website\",\"url\":\"https:\\\/\\\/www.zytho.ca\\\/fr\\\/\",\"name\":\"Zytho\",\"description\":\"\",\"publisher\":{\"@id\":\"https:\\\/\\\/www.zytho.ca\\\/fr\\\/#organization\"},\"potentialAction\":[{\"@type\":\"SearchAction\",\"target\":{\"@type\":\"EntryPoint\",\"urlTemplate\":\"https:\\\/\\\/www.zytho.ca\\\/fr\\\/?s={search_term_string}\"},\"query-input\":{\"@type\":\"PropertyValueSpecification\",\"valueRequired\":true,\"valueName\":\"search_term_string\"}}],\"inLanguage\":\"fr-FR\"},{\"@type\":\"Organization\",\"@id\":\"https:\\\/\\\/www.zytho.ca\\\/fr\\\/#organization\",\"name\":\"Zytho\",\"url\":\"https:\\\/\\\/www.zytho.ca\\\/fr\\\/\",\"logo\":{\"@type\":\"ImageObject\",\"inLanguage\":\"fr-FR\",\"@id\":\"https:\\\/\\\/www.zytho.ca\\\/fr\\\/#\\\/schema\\\/logo\\\/image\\\/\",\"url\":\"https:\\\/\\\/www.zytho.ca\\\/wp-content\\\/uploads\\\/2024\\\/05\\\/Zytho_reversed_horizontal.svg\",\"contentUrl\":\"https:\\\/\\\/www.zytho.ca\\\/wp-content\\\/uploads\\\/2024\\\/05\\\/Zytho_reversed_horizontal.svg\",\"width\":1582,\"height\":490,\"caption\":\"Zytho\"},\"image\":{\"@id\":\"https:\\\/\\\/www.zytho.ca\\\/fr\\\/#\\\/schema\\\/logo\\\/image\\\/\"}}]}<\/script>\n<!-- \/ Yoast SEO plugin. -->","yoast_head_json":{"title":"B2S Polished 90\u00b0 Weld Elows with Tangents - Dixon - For Pro Breweries | Zytho","description":"D\u00e9couvrez les coudes \u00e0 souder 90\u00b0 polis B2S avec tangentes de Dixon, con\u00e7us pour les brasseurs. La finition sanitaire certifi\u00e9e 3A garantit une hygi\u00e8ne optimale et le respect des normes industrielles.","robots":{"index":"index","follow":"follow","max-snippet":"max-snippet:-1","max-image-preview":"max-image-preview:large","max-video-preview":"max-video-preview:-1"},"canonical":"https:\/\/www.zytho.ca\/fr\/produit\/b2s-coudes-a-souder-90-polis-avec-tangents-dixon\/","og_locale":"fr_FR","og_type":"article","og_title":"B2S Polished 90\u00b0 Weld Elows with Tangents - Dixon - For Pro Breweries | Zytho","og_description":"D\u00e9couvrez les coudes \u00e0 souder 90\u00b0 polis B2S avec tangentes de Dixon, con\u00e7us pour les brasseurs. La finition sanitaire certifi\u00e9e 3A garantit une hygi\u00e8ne optimale et le respect des normes industrielles.","og_url":"https:\/\/www.zytho.ca\/fr\/produit\/b2s-coudes-a-souder-90-polis-avec-tangents-dixon\/","og_site_name":"Zytho","og_image":[{"width":576,"height":577,"url":"https:\/\/www.zytho.ca\/wp-content\/uploads\/2025\/10\/B2S-Polished-90deg-Weld-Elbows-with-Tangents-Dixon.jpg","type":"image\/jpeg"}],"twitter_card":"summary_large_image","schema":{"@context":"https:\/\/schema.org","@graph":[{"@type":"WebPage","@id":"https:\/\/www.zytho.ca\/fr\/produit\/b2s-coudes-a-souder-90-polis-avec-tangents-dixon\/","url":"https:\/\/www.zytho.ca\/fr\/produit\/b2s-coudes-a-souder-90-polis-avec-tangents-dixon\/","name":"B2S Polished 90\u00b0 Weld Elows with Tangents - Dixon - For Pro Breweries | Zytho","isPartOf":{"@id":"https:\/\/www.zytho.ca\/fr\/#website"},"primaryImageOfPage":{"@id":"https:\/\/www.zytho.ca\/fr\/produit\/b2s-coudes-a-souder-90-polis-avec-tangents-dixon\/#primaryimage"},"image":{"@id":"https:\/\/www.zytho.ca\/fr\/produit\/b2s-coudes-a-souder-90-polis-avec-tangents-dixon\/#primaryimage"},"thumbnailUrl":"https:\/\/www.zytho.ca\/wp-content\/uploads\/2025\/10\/B2S-Polished-90deg-Weld-Elbows-with-Tangents-Dixon.jpg","datePublished":"2025-10-27T15:47:21+00:00","description":"D\u00e9couvrez les coudes \u00e0 souder 90\u00b0 polis B2S avec tangentes de Dixon, con\u00e7us pour les brasseurs. La finition sanitaire certifi\u00e9e 3A garantit une hygi\u00e8ne optimale et le respect des normes industrielles.","breadcrumb":{"@id":"https:\/\/www.zytho.ca\/fr\/produit\/b2s-coudes-a-souder-90-polis-avec-tangents-dixon\/#breadcrumb"},"inLanguage":"fr-FR","potentialAction":[{"@type":"ReadAction","target":["https:\/\/www.zytho.ca\/fr\/produit\/b2s-coudes-a-souder-90-polis-avec-tangents-dixon\/"]}]},{"@type":"ImageObject","inLanguage":"fr-FR","@id":"https:\/\/www.zytho.ca\/fr\/produit\/b2s-coudes-a-souder-90-polis-avec-tangents-dixon\/#primaryimage","url":"https:\/\/www.zytho.ca\/wp-content\/uploads\/2025\/10\/B2S-Polished-90deg-Weld-Elbows-with-Tangents-Dixon.jpg","contentUrl":"https:\/\/www.zytho.ca\/wp-content\/uploads\/2025\/10\/B2S-Polished-90deg-Weld-Elbows-with-Tangents-Dixon.jpg","width":576,"height":577},{"@type":"BreadcrumbList","@id":"https:\/\/www.zytho.ca\/fr\/produit\/b2s-coudes-a-souder-90-polis-avec-tangents-dixon\/#breadcrumb","itemListElement":[{"@type":"ListItem","position":1,"name":"Accueil","item":"https:\/\/www.zytho.ca\/fr\/"},{"@type":"ListItem","position":2,"name":"Shop","item":"https:\/\/www.zytho.ca\/fr\/shop\/"},{"@type":"ListItem","position":3,"name":"B2S Coudes \u00e0 souder 90\u00b0 Polis avec Tangents &#8211; Dixon"}]},{"@type":"WebSite","@id":"https:\/\/www.zytho.ca\/fr\/#website","url":"https:\/\/www.zytho.ca\/fr\/","name":"Zytho","description":"","publisher":{"@id":"https:\/\/www.zytho.ca\/fr\/#organization"},"potentialAction":[{"@type":"SearchAction","target":{"@type":"EntryPoint","urlTemplate":"https:\/\/www.zytho.ca\/fr\/?s={search_term_string}"},"query-input":{"@type":"PropertyValueSpecification","valueRequired":true,"valueName":"search_term_string"}}],"inLanguage":"fr-FR"},{"@type":"Organization","@id":"https:\/\/www.zytho.ca\/fr\/#organization","name":"Zytho","url":"https:\/\/www.zytho.ca\/fr\/","logo":{"@type":"ImageObject","inLanguage":"fr-FR","@id":"https:\/\/www.zytho.ca\/fr\/#\/schema\/logo\/image\/","url":"https:\/\/www.zytho.ca\/wp-content\/uploads\/2024\/05\/Zytho_reversed_horizontal.svg","contentUrl":"https:\/\/www.zytho.ca\/wp-content\/uploads\/2024\/05\/Zytho_reversed_horizontal.svg","width":1582,"height":490,"caption":"Zytho"},"image":{"@id":"https:\/\/www.zytho.ca\/fr\/#\/schema\/logo\/image\/"}}]}},"_links":{"self":[{"href":"https:\/\/www.zytho.ca\/fr\/wp-json\/wp\/v2\/product\/12261","targetHints":{"allow":["GET"]}}],"collection":[{"href":"https:\/\/www.zytho.ca\/fr\/wp-json\/wp\/v2\/product"}],"about":[{"href":"https:\/\/www.zytho.ca\/fr\/wp-json\/wp\/v2\/types\/product"}],"wp:featuredmedia":[{"embeddable":true,"href":"https:\/\/www.zytho.ca\/fr\/wp-json\/wp\/v2\/media\/12279"}],"wp:attachment":[{"href":"https:\/\/www.zytho.ca\/fr\/wp-json\/wp\/v2\/media?parent=12261"}],"wp:term":[{"taxonomy":"product_brand","embeddable":true,"href":"https:\/\/www.zytho.ca\/fr\/wp-json\/wp\/v2\/product_brand?post=12261"},{"taxonomy":"product_cat","embeddable":true,"href":"https:\/\/www.zytho.ca\/fr\/wp-json\/wp\/v2\/product_cat?post=12261"},{"taxonomy":"product_tag","embeddable":true,"href":"https:\/\/www.zytho.ca\/fr\/wp-json\/wp\/v2\/product_tag?post=12261"}],"curies":[{"name":"wp","href":"https:\/\/api.w.org\/{rel}","templated":true}]}}