{"id":12259,"date":"2025-10-27T15:47:33","date_gmt":"2025-10-27T15:47:33","guid":{"rendered":"https:\/\/zytho.ca\/product\/tl14am7-orbital-automatic-weld-tri-clamp-ferrule-dixon\/"},"modified":"2025-11-10T11:02:35","modified_gmt":"2025-11-10T11:02:35","slug":"tl14am7-orbital-automatic-weld-tri-clamp-ferrule-dixon","status":"publish","type":"product","link":"https:\/\/www.zytho.ca\/fr\/produit\/tl14am7-orbital-automatic-weld-tri-clamp-ferrule-dixon\/","title":{"rendered":"TL14AM7 Orbital &#8220;Automatic&#8221; Weld Tri-Clamp Ferrule &#8211; Dixon"},"content":{"rendered":"<p>Les Tri-clamps sont con\u00e7us pour fournir une connexion sanitaire fiable, largement utilis\u00e9e \u00e0 travers l&#8217;Am\u00e9rique du Nord. Ils pr\u00e9sentent les caract\u00e9ristiques suivantes <\/p>\n<p><span data-mce-fragment=\"1\">un joint positionn\u00e9 entre deux bagues ou brides tri-clamp, fix\u00e9 par un collier m\u00e9canique. Fabriqu\u00e9s en acier inoxydable, ces composants font partie int\u00e9grante des syst\u00e8mes de tuyauterie. <\/span><\/p>\n<p>dans des secteurs tels que l&#8217;alimentation, les boissons, la biotechnologie et les produits pharmaceutiques. Con\u00e7ues pour \u00eatre compatibles avec les soudeuses orbitales, ces bagues permettent d&#8217;obtenir une qualit\u00e9 de soudure sup\u00e9rieure. La conformit\u00e9 aux certifications ASME A270 et 3A est assur\u00e9e.  <\/p>\n<h6><strong>Avantages :<\/strong><\/h6>\n<ul class=\"dash-list\">\n<li>Le mat\u00e9riau et les dimensions de l&#8217;acier inoxydable 316L r\u00e9pondent \u00e0 toutes les sp\u00e9cifications de la soudure orbitale avec du soufre contr\u00f4l\u00e9.<\/li>\n<li>Tous les raccords sont fabriqu\u00e9s conform\u00e9ment \u00e0 la derni\u00e8re \u00e9dition de la norme ASME BPE International Standard, Bio-processing Equipment.<\/li>\n<li>3-A Normes sanitaires pour les raccords sanitaires, num\u00e9ro 63-03 (autorisation num\u00e9ro 621).<\/li>\n<li class=\"last\">PL Finition \u0192 ?? SF1 (OD=32Ra &#8211; ID=20Ra) <\/li>\n<\/ul>\n<h6><strong>Applications :<\/strong><\/h6>\n<ul class=\"dash-list\">\n<li class=\"first last\">Les raccords Bio-Pharma de haute puret\u00e9 sont couramment utilis\u00e9s sur les march\u00e9s des produits pharmaceutiques, des proc\u00e9d\u00e9s biologiques, des semi-conducteurs, des cosm\u00e9tiques, de l&#8217;agroalimentaire et des boissons.<\/li>\n<\/ul>\n<h6><strong>D\u00e9tails du produit :<\/strong><\/h6>\n<ul class=\"dash-list\">\n<li class=\"first\">Marquage des produits selon ASME BPE 2012 DT-10.1<\/li>\n<li>Les marquages du produit comprennent : num\u00e9ro de commande, 316L, num\u00e9ro de pi\u00e8ce, num\u00e9ro(s) de chaleur, code de finition de surface, ASME BPE.<\/li>\n<li>Selon les sp\u00e9cifications, la taille du raccord peut limiter l&#8217;espace disponible pour les marquages. Dans ce cas, tous les marquages ne sont pas inclus. <\/li>\n<li>Le num\u00e9ro de pi\u00e8ce d\u00e9crit la configuration et la taille de la pi\u00e8ce.<\/li>\n<li class=\"last\">Les certifications MTR (Material Test Report) sont incluses dans le sachet refermable de chaque raccord. Les MTR sont tra\u00e7ables gr\u00e2ce au num\u00e9ro de travail figurant sur chaque raccord. Tous les raccords sont munis d&#8217;un capuchon afin d&#8217;\u00e9viter tout dommage et toute contamination. Pour faciliter l&#8217;identification, chaque finition a un capuchon de couleur diff\u00e9rente ; la finition PL a des capuchons bleus et la finition PM a des capuchons blancs.   <\/li>\n<\/ul>\n<h6 class=\"icon-label icon-pdf-label\"><strong>Page de catalogue :<\/strong><\/h6>\n<ul class=\"inline-list\">\n<li class=\"first\"><a href=\"https:\/\/www.dixonvalve.com\/sites\/default\/files\/product\/pages\/us\/DPL418%20-%20567.pdf\">DPL418 &#8211; 567<\/a><\/li>\n<li class=\"last\"><a href=\"https:\/\/www.dixonvalve.com\/sites\/default\/files\/product\/pages\/us\/DPL418%20-%20630.pdf\">DPL418 &#8211; 630<\/a><\/li>\n<\/ul>\n<h6 class=\"icon-label icon-pdf-label\"><strong>Certifications :<\/strong><\/h6>\n<ul class=\"inline-list\">\n<li class=\"first last\"><a href=\"https:\/\/www.dixonvalve.com\/sites\/default\/files\/product\/certifications\/621%2063-03.pdf\">Certificat 3A<\/a><\/li>\n<\/ul>\n<h6 class=\"icon-label icon-pdf-label\"><strong>Sp\u00e9cifications dimensionnelles :<\/strong><\/h6>\n<ul class=\"inline-list\">\n<li class=\"first last\"><a href=\"https:\/\/www.dixonvalve.com\/sites\/default\/files\/product\/files\/dimensional-specs\/TL14AM7-050PL.PDF\">Sp\u00e9cifications dimensionnelles<\/a><\/li>\n<\/ul>\n","protected":false},"excerpt":{"rendered":"<h4>Principaux avantages de l&#8217;embout Tri-Clamp \u00e0 soudure &#8220;automatique&#8221; TL14AM7 Orbital pour les brasseurs professionnels :<\/h4>\n<ul>\n<li>Garantit des connexions sanitaires et fiables gr\u00e2ce \u00e0 sa construction en acier inoxydable 316L, id\u00e9ale pour maintenir la puret\u00e9 dans les processus de brassage.<\/li>\n<li>Conforme aux normes sanitaires ASME BPE et 3-A, garantissant des raccords de haute qualit\u00e9 et conformes aux normes industrielles pour les applications de brassage.<\/li>\n<li>Finition PL (SF1) pour un lissage optimal de la surface, r\u00e9duisant le risque de contamination et am\u00e9liorant l&#8217;int\u00e9grit\u00e9 du produit.<\/li>\n<\/ul>\n","protected":false},"featured_media":12260,"template":"","meta":{"_acf_changed":false,"inline_featured_image":false},"product_brand":[740],"product_cat":[736,741,753],"product_tag":[763,754,762,755,756,760,759,758,757,761],"class_list":{"0":"post-12259","1":"product","2":"type-product","3":"status-publish","4":"has-post-thumbnail","6":"product_brand-dixon","7":"product_cat-distribution","8":"product_cat-materiel","9":"product_cat-raccords-tri-clamp","10":"product_tag-acier-inoxydable","11":"product_tag-brasserie","12":"product_tag-cave","13":"product_tag-distillerie","14":"product_tag-inoxydable","15":"product_tag-raccord-tri-clamp","16":"product_tag-raccords-tri-clamp","17":"product_tag-tri-clamp","18":"product_tag-tri-clamp-en-acier-inoxydable","19":"product_tag-triclamp","21":"first","22":"instock","23":"taxable","24":"shipping-taxable","25":"purchasable","26":"product-type-variable"},"acf":[],"yoast_head":"<!-- This site is optimized with the Yoast SEO plugin v27.6 - https:\/\/yoast.com\/product\/yoast-seo-wordpress\/ -->\n<title>TL14AM7 Orbital &quot;Automatic&quot; Weld Tri-Clamp Ferrule - Dixon - For Pro Breweries | Zytho<\/title>\n<meta name=\"description\" content=\"D\u00e9couvrez l&#039;embout Tri-Clamp \u00e0 soudure &quot;automatique&quot; TL14AM7 de Dixon, con\u00e7u pour des connexions sanitaires sans soudure dans les brasseries. Garantissez une qualit\u00e9 de soudure optimale gr\u00e2ce \u00e0 l&#039;acier inoxydable 316L.\" \/>\n<meta name=\"robots\" content=\"index, follow, max-snippet:-1, max-image-preview:large, max-video-preview:-1\" \/>\n<link rel=\"canonical\" href=\"https:\/\/www.zytho.ca\/fr\/produit\/tl14am7-orbital-automatic-weld-tri-clamp-ferrule-dixon\/\" \/>\n<meta property=\"og:locale\" content=\"fr_FR\" \/>\n<meta property=\"og:type\" content=\"article\" \/>\n<meta property=\"og:title\" content=\"TL14AM7 Orbital &quot;Automatic&quot; Weld Tri-Clamp Ferrule - Dixon - For Pro Breweries | Zytho\" \/>\n<meta property=\"og:description\" content=\"D\u00e9couvrez l&#039;embout Tri-Clamp \u00e0 soudure &quot;automatique&quot; TL14AM7 de Dixon, con\u00e7u pour des connexions sanitaires sans soudure dans les brasseries. Garantissez une qualit\u00e9 de soudure optimale gr\u00e2ce \u00e0 l&#039;acier inoxydable 316L.\" \/>\n<meta property=\"og:url\" content=\"https:\/\/www.zytho.ca\/fr\/produit\/tl14am7-orbital-automatic-weld-tri-clamp-ferrule-dixon\/\" \/>\n<meta property=\"og:site_name\" content=\"Zytho\" \/>\n<meta property=\"article:modified_time\" content=\"2025-11-10T11:02:35+00:00\" \/>\n<meta property=\"og:image\" content=\"https:\/\/www.zytho.ca\/wp-content\/uploads\/2025\/10\/TL14AM7-Orbital-Automatic-Weld-Tri-Clamp-Ferrule-Dixon.jpg\" \/>\n\t<meta property=\"og:image:width\" content=\"440\" \/>\n\t<meta property=\"og:image:height\" content=\"440\" \/>\n\t<meta property=\"og:image:type\" content=\"image\/jpeg\" \/>\n<meta name=\"twitter:card\" content=\"summary_large_image\" \/>\n<meta name=\"twitter:label1\" content=\"Dur\u00e9e de lecture estim\u00e9e\" \/>\n\t<meta name=\"twitter:data1\" content=\"2 minutes\" \/>\n<script type=\"application\/ld+json\" class=\"yoast-schema-graph\">{\"@context\":\"https:\\\/\\\/schema.org\",\"@graph\":[{\"@type\":\"WebPage\",\"@id\":\"https:\\\/\\\/www.zytho.ca\\\/fr\\\/produit\\\/tl14am7-orbital-automatic-weld-tri-clamp-ferrule-dixon\\\/\",\"url\":\"https:\\\/\\\/www.zytho.ca\\\/fr\\\/produit\\\/tl14am7-orbital-automatic-weld-tri-clamp-ferrule-dixon\\\/\",\"name\":\"TL14AM7 Orbital \\\"Automatic\\\" Weld Tri-Clamp Ferrule - Dixon - For Pro Breweries | Zytho\",\"isPartOf\":{\"@id\":\"https:\\\/\\\/www.zytho.ca\\\/fr\\\/#website\"},\"primaryImageOfPage\":{\"@id\":\"https:\\\/\\\/www.zytho.ca\\\/fr\\\/produit\\\/tl14am7-orbital-automatic-weld-tri-clamp-ferrule-dixon\\\/#primaryimage\"},\"image\":{\"@id\":\"https:\\\/\\\/www.zytho.ca\\\/fr\\\/produit\\\/tl14am7-orbital-automatic-weld-tri-clamp-ferrule-dixon\\\/#primaryimage\"},\"thumbnailUrl\":\"https:\\\/\\\/www.zytho.ca\\\/wp-content\\\/uploads\\\/2025\\\/10\\\/TL14AM7-Orbital-Automatic-Weld-Tri-Clamp-Ferrule-Dixon.jpg\",\"datePublished\":\"2025-10-27T15:47:33+00:00\",\"dateModified\":\"2025-11-10T11:02:35+00:00\",\"description\":\"D\u00e9couvrez l'embout Tri-Clamp \u00e0 soudure \\\"automatique\\\" TL14AM7 de Dixon, con\u00e7u pour des connexions sanitaires sans soudure dans les brasseries. Garantissez une qualit\u00e9 de soudure optimale gr\u00e2ce \u00e0 l'acier inoxydable 316L.\",\"breadcrumb\":{\"@id\":\"https:\\\/\\\/www.zytho.ca\\\/fr\\\/produit\\\/tl14am7-orbital-automatic-weld-tri-clamp-ferrule-dixon\\\/#breadcrumb\"},\"inLanguage\":\"fr-FR\",\"potentialAction\":[{\"@type\":\"ReadAction\",\"target\":[\"https:\\\/\\\/www.zytho.ca\\\/fr\\\/produit\\\/tl14am7-orbital-automatic-weld-tri-clamp-ferrule-dixon\\\/\"]}]},{\"@type\":\"ImageObject\",\"inLanguage\":\"fr-FR\",\"@id\":\"https:\\\/\\\/www.zytho.ca\\\/fr\\\/produit\\\/tl14am7-orbital-automatic-weld-tri-clamp-ferrule-dixon\\\/#primaryimage\",\"url\":\"https:\\\/\\\/www.zytho.ca\\\/wp-content\\\/uploads\\\/2025\\\/10\\\/TL14AM7-Orbital-Automatic-Weld-Tri-Clamp-Ferrule-Dixon.jpg\",\"contentUrl\":\"https:\\\/\\\/www.zytho.ca\\\/wp-content\\\/uploads\\\/2025\\\/10\\\/TL14AM7-Orbital-Automatic-Weld-Tri-Clamp-Ferrule-Dixon.jpg\",\"width\":440,\"height\":440},{\"@type\":\"BreadcrumbList\",\"@id\":\"https:\\\/\\\/www.zytho.ca\\\/fr\\\/produit\\\/tl14am7-orbital-automatic-weld-tri-clamp-ferrule-dixon\\\/#breadcrumb\",\"itemListElement\":[{\"@type\":\"ListItem\",\"position\":1,\"name\":\"Accueil\",\"item\":\"https:\\\/\\\/www.zytho.ca\\\/fr\\\/\"},{\"@type\":\"ListItem\",\"position\":2,\"name\":\"Shop\",\"item\":\"https:\\\/\\\/www.zytho.ca\\\/fr\\\/shop\\\/\"},{\"@type\":\"ListItem\",\"position\":3,\"name\":\"TL14AM7 Orbital &#8220;Automatic&#8221; Weld Tri-Clamp Ferrule &#8211; Dixon\"}]},{\"@type\":\"WebSite\",\"@id\":\"https:\\\/\\\/www.zytho.ca\\\/fr\\\/#website\",\"url\":\"https:\\\/\\\/www.zytho.ca\\\/fr\\\/\",\"name\":\"Zytho\",\"description\":\"\",\"publisher\":{\"@id\":\"https:\\\/\\\/www.zytho.ca\\\/fr\\\/#organization\"},\"potentialAction\":[{\"@type\":\"SearchAction\",\"target\":{\"@type\":\"EntryPoint\",\"urlTemplate\":\"https:\\\/\\\/www.zytho.ca\\\/fr\\\/?s={search_term_string}\"},\"query-input\":{\"@type\":\"PropertyValueSpecification\",\"valueRequired\":true,\"valueName\":\"search_term_string\"}}],\"inLanguage\":\"fr-FR\"},{\"@type\":\"Organization\",\"@id\":\"https:\\\/\\\/www.zytho.ca\\\/fr\\\/#organization\",\"name\":\"Zytho\",\"url\":\"https:\\\/\\\/www.zytho.ca\\\/fr\\\/\",\"logo\":{\"@type\":\"ImageObject\",\"inLanguage\":\"fr-FR\",\"@id\":\"https:\\\/\\\/www.zytho.ca\\\/fr\\\/#\\\/schema\\\/logo\\\/image\\\/\",\"url\":\"https:\\\/\\\/www.zytho.ca\\\/wp-content\\\/uploads\\\/2024\\\/05\\\/Zytho_reversed_horizontal.svg\",\"contentUrl\":\"https:\\\/\\\/www.zytho.ca\\\/wp-content\\\/uploads\\\/2024\\\/05\\\/Zytho_reversed_horizontal.svg\",\"width\":1582,\"height\":490,\"caption\":\"Zytho\"},\"image\":{\"@id\":\"https:\\\/\\\/www.zytho.ca\\\/fr\\\/#\\\/schema\\\/logo\\\/image\\\/\"}}]}<\/script>\n<!-- \/ Yoast SEO plugin. -->","yoast_head_json":{"title":"TL14AM7 Orbital \"Automatic\" Weld Tri-Clamp Ferrule - Dixon - For Pro Breweries | Zytho","description":"D\u00e9couvrez l'embout Tri-Clamp \u00e0 soudure \"automatique\" TL14AM7 de Dixon, con\u00e7u pour des connexions sanitaires sans soudure dans les brasseries. Garantissez une qualit\u00e9 de soudure optimale gr\u00e2ce \u00e0 l'acier inoxydable 316L.","robots":{"index":"index","follow":"follow","max-snippet":"max-snippet:-1","max-image-preview":"max-image-preview:large","max-video-preview":"max-video-preview:-1"},"canonical":"https:\/\/www.zytho.ca\/fr\/produit\/tl14am7-orbital-automatic-weld-tri-clamp-ferrule-dixon\/","og_locale":"fr_FR","og_type":"article","og_title":"TL14AM7 Orbital \"Automatic\" Weld Tri-Clamp Ferrule - Dixon - For Pro Breweries | Zytho","og_description":"D\u00e9couvrez l'embout Tri-Clamp \u00e0 soudure \"automatique\" TL14AM7 de Dixon, con\u00e7u pour des connexions sanitaires sans soudure dans les brasseries. Garantissez une qualit\u00e9 de soudure optimale gr\u00e2ce \u00e0 l'acier inoxydable 316L.","og_url":"https:\/\/www.zytho.ca\/fr\/produit\/tl14am7-orbital-automatic-weld-tri-clamp-ferrule-dixon\/","og_site_name":"Zytho","article_modified_time":"2025-11-10T11:02:35+00:00","og_image":[{"width":440,"height":440,"url":"https:\/\/www.zytho.ca\/wp-content\/uploads\/2025\/10\/TL14AM7-Orbital-Automatic-Weld-Tri-Clamp-Ferrule-Dixon.jpg","type":"image\/jpeg"}],"twitter_card":"summary_large_image","twitter_misc":{"Dur\u00e9e de lecture estim\u00e9e":"2 minutes"},"schema":{"@context":"https:\/\/schema.org","@graph":[{"@type":"WebPage","@id":"https:\/\/www.zytho.ca\/fr\/produit\/tl14am7-orbital-automatic-weld-tri-clamp-ferrule-dixon\/","url":"https:\/\/www.zytho.ca\/fr\/produit\/tl14am7-orbital-automatic-weld-tri-clamp-ferrule-dixon\/","name":"TL14AM7 Orbital \"Automatic\" Weld Tri-Clamp Ferrule - Dixon - For Pro Breweries | Zytho","isPartOf":{"@id":"https:\/\/www.zytho.ca\/fr\/#website"},"primaryImageOfPage":{"@id":"https:\/\/www.zytho.ca\/fr\/produit\/tl14am7-orbital-automatic-weld-tri-clamp-ferrule-dixon\/#primaryimage"},"image":{"@id":"https:\/\/www.zytho.ca\/fr\/produit\/tl14am7-orbital-automatic-weld-tri-clamp-ferrule-dixon\/#primaryimage"},"thumbnailUrl":"https:\/\/www.zytho.ca\/wp-content\/uploads\/2025\/10\/TL14AM7-Orbital-Automatic-Weld-Tri-Clamp-Ferrule-Dixon.jpg","datePublished":"2025-10-27T15:47:33+00:00","dateModified":"2025-11-10T11:02:35+00:00","description":"D\u00e9couvrez l'embout Tri-Clamp \u00e0 soudure \"automatique\" TL14AM7 de Dixon, con\u00e7u pour des connexions sanitaires sans soudure dans les brasseries. Garantissez une qualit\u00e9 de soudure optimale gr\u00e2ce \u00e0 l'acier inoxydable 316L.","breadcrumb":{"@id":"https:\/\/www.zytho.ca\/fr\/produit\/tl14am7-orbital-automatic-weld-tri-clamp-ferrule-dixon\/#breadcrumb"},"inLanguage":"fr-FR","potentialAction":[{"@type":"ReadAction","target":["https:\/\/www.zytho.ca\/fr\/produit\/tl14am7-orbital-automatic-weld-tri-clamp-ferrule-dixon\/"]}]},{"@type":"ImageObject","inLanguage":"fr-FR","@id":"https:\/\/www.zytho.ca\/fr\/produit\/tl14am7-orbital-automatic-weld-tri-clamp-ferrule-dixon\/#primaryimage","url":"https:\/\/www.zytho.ca\/wp-content\/uploads\/2025\/10\/TL14AM7-Orbital-Automatic-Weld-Tri-Clamp-Ferrule-Dixon.jpg","contentUrl":"https:\/\/www.zytho.ca\/wp-content\/uploads\/2025\/10\/TL14AM7-Orbital-Automatic-Weld-Tri-Clamp-Ferrule-Dixon.jpg","width":440,"height":440},{"@type":"BreadcrumbList","@id":"https:\/\/www.zytho.ca\/fr\/produit\/tl14am7-orbital-automatic-weld-tri-clamp-ferrule-dixon\/#breadcrumb","itemListElement":[{"@type":"ListItem","position":1,"name":"Accueil","item":"https:\/\/www.zytho.ca\/fr\/"},{"@type":"ListItem","position":2,"name":"Shop","item":"https:\/\/www.zytho.ca\/fr\/shop\/"},{"@type":"ListItem","position":3,"name":"TL14AM7 Orbital &#8220;Automatic&#8221; Weld Tri-Clamp Ferrule &#8211; Dixon"}]},{"@type":"WebSite","@id":"https:\/\/www.zytho.ca\/fr\/#website","url":"https:\/\/www.zytho.ca\/fr\/","name":"Zytho","description":"","publisher":{"@id":"https:\/\/www.zytho.ca\/fr\/#organization"},"potentialAction":[{"@type":"SearchAction","target":{"@type":"EntryPoint","urlTemplate":"https:\/\/www.zytho.ca\/fr\/?s={search_term_string}"},"query-input":{"@type":"PropertyValueSpecification","valueRequired":true,"valueName":"search_term_string"}}],"inLanguage":"fr-FR"},{"@type":"Organization","@id":"https:\/\/www.zytho.ca\/fr\/#organization","name":"Zytho","url":"https:\/\/www.zytho.ca\/fr\/","logo":{"@type":"ImageObject","inLanguage":"fr-FR","@id":"https:\/\/www.zytho.ca\/fr\/#\/schema\/logo\/image\/","url":"https:\/\/www.zytho.ca\/wp-content\/uploads\/2024\/05\/Zytho_reversed_horizontal.svg","contentUrl":"https:\/\/www.zytho.ca\/wp-content\/uploads\/2024\/05\/Zytho_reversed_horizontal.svg","width":1582,"height":490,"caption":"Zytho"},"image":{"@id":"https:\/\/www.zytho.ca\/fr\/#\/schema\/logo\/image\/"}}]}},"_links":{"self":[{"href":"https:\/\/www.zytho.ca\/fr\/wp-json\/wp\/v2\/product\/12259","targetHints":{"allow":["GET"]}}],"collection":[{"href":"https:\/\/www.zytho.ca\/fr\/wp-json\/wp\/v2\/product"}],"about":[{"href":"https:\/\/www.zytho.ca\/fr\/wp-json\/wp\/v2\/types\/product"}],"wp:featuredmedia":[{"embeddable":true,"href":"https:\/\/www.zytho.ca\/fr\/wp-json\/wp\/v2\/media\/12260"}],"wp:attachment":[{"href":"https:\/\/www.zytho.ca\/fr\/wp-json\/wp\/v2\/media?parent=12259"}],"wp:term":[{"taxonomy":"product_brand","embeddable":true,"href":"https:\/\/www.zytho.ca\/fr\/wp-json\/wp\/v2\/product_brand?post=12259"},{"taxonomy":"product_cat","embeddable":true,"href":"https:\/\/www.zytho.ca\/fr\/wp-json\/wp\/v2\/product_cat?post=12259"},{"taxonomy":"product_tag","embeddable":true,"href":"https:\/\/www.zytho.ca\/fr\/wp-json\/wp\/v2\/product_tag?post=12259"}],"curies":[{"name":"wp","href":"https:\/\/api.w.org\/{rel}","templated":true}]}}