{"id":12233,"date":"2025-10-27T15:47:33","date_gmt":"2025-10-27T15:47:33","guid":{"rendered":"https:\/\/zytho.ca\/product\/13mo-clamp-sanitaire-a-boulon-en-t-dixon\/"},"modified":"2025-10-27T15:47:33","modified_gmt":"2025-10-27T15:47:33","slug":"13mo-clamp-sanitaire-a-boulon-en-t-dixon","status":"publish","type":"product","link":"https:\/\/www.zytho.ca\/fr\/produit\/13mo-clamp-sanitaire-a-boulon-en-t-dixon\/","title":{"rendered":"13MO Clamp sanitaire \u00e0 boulon en T &#8211; Dixon"},"content":{"rendered":"<h6><strong>Avantages :<\/strong><\/h6>\n<div class=\"item-list row\">\n<div class=\"large-12 columns\">\n<ul class=\"dash-list\">\n<li class=\"first last\">Assure une fixation optimale avec des \u00e9crous calibr\u00e9s \u00e0 20 in. lb. <\/li>\n<\/ul>\n<h6 class=\"icon-label icon-pdf-label\"><strong>Page de catalogue :<\/strong><\/h6>\n<div class=\"item-list row\">\n<div class=\"large-12 columns\">\n<ul class=\"inline-list\">\n<li class=\"first last\"><a href=\"https:\/\/www.dixonvalve.com\/sites\/default\/files\/product\/pages\/us\/DPL418%20-%20565.pdf\">DPL418 &#8211; 565<\/a><\/li>\n<\/ul>\n<\/div>\n<\/div>\n<\/div>\n<\/div>\n","protected":false},"excerpt":{"rendered":"<h4>Principaux avantages du collier de serrage sanitaire en T 13MO pour les brasseurs professionnels :<\/h4>\n<ul>\n<li>Garantit des connexions s\u00fbres et fiables gr\u00e2ce \u00e0 des \u00e9crous calibr\u00e9s avec pr\u00e9cision \u00e0 20 in. lb. <\/li>\n<li>Con\u00e7u pour des performances optimales dans des environnements de brassage exigeants.<\/li>\n<li>Vous permet d&#8217;avoir l&#8217;esprit tranquille gr\u00e2ce \u00e0 des solutions de fixation coh\u00e9rentes et durables.<\/li>\n<\/ul>\n","protected":false},"featured_media":12241,"template":"","meta":{"_acf_changed":false,"inline_featured_image":false},"product_brand":[740],"product_cat":[736,741,765],"product_tag":[],"class_list":{"0":"post-12233","1":"product","2":"type-product","3":"status-publish","4":"has-post-thumbnail","6":"product_brand-dixon","7":"product_cat-distribution","8":"product_cat-materiel","9":"product_cat-raccords-sanitaires","11":"first","12":"instock","13":"taxable","14":"shipping-taxable","15":"purchasable","16":"product-type-variable"},"acf":[],"yoast_head":"<!-- This site is optimized with the Yoast SEO plugin v27.6 - https:\/\/yoast.com\/product\/yoast-seo-wordpress\/ -->\n<title>13MO Sanitary T-Bolt Clamp - Dixon- For Pro Breweries | Zytho<\/title>\n<meta name=\"description\" content=\"S\u00e9curisez vos op\u00e9rations de brassage avec la pince sanitaire \u00e0 boulon en T 13MO de Dixon, dot\u00e9e d&#039;\u00e9crous calibr\u00e9s \u00e0 20 po-lb pour une fixation optimale. Id\u00e9al pour les brasseurs professionnels.\" \/>\n<meta name=\"robots\" content=\"index, follow, max-snippet:-1, max-image-preview:large, max-video-preview:-1\" \/>\n<link rel=\"canonical\" href=\"https:\/\/www.zytho.ca\/fr\/produit\/13mo-clamp-sanitaire-a-boulon-en-t-dixon\/\" \/>\n<meta property=\"og:locale\" content=\"fr_FR\" \/>\n<meta property=\"og:type\" content=\"article\" \/>\n<meta property=\"og:title\" content=\"13MO Sanitary T-Bolt Clamp - Dixon- For Pro Breweries | Zytho\" \/>\n<meta property=\"og:description\" content=\"S\u00e9curisez vos op\u00e9rations de brassage avec la pince sanitaire \u00e0 boulon en T 13MO de Dixon, dot\u00e9e d&#039;\u00e9crous calibr\u00e9s \u00e0 20 po-lb pour une fixation optimale. Id\u00e9al pour les brasseurs professionnels.\" \/>\n<meta property=\"og:url\" content=\"https:\/\/www.zytho.ca\/fr\/produit\/13mo-clamp-sanitaire-a-boulon-en-t-dixon\/\" \/>\n<meta property=\"og:site_name\" content=\"Zytho\" \/>\n<meta property=\"og:image\" content=\"https:\/\/www.zytho.ca\/wp-content\/uploads\/2025\/10\/13MO-Sanitary-T-Bolt-Clamp-Dixon.jpg\" \/>\n\t<meta property=\"og:image:width\" content=\"668\" \/>\n\t<meta property=\"og:image:height\" content=\"668\" \/>\n\t<meta property=\"og:image:type\" content=\"image\/jpeg\" \/>\n<meta name=\"twitter:card\" content=\"summary_large_image\" \/>\n<script type=\"application\/ld+json\" class=\"yoast-schema-graph\">{\"@context\":\"https:\\\/\\\/schema.org\",\"@graph\":[{\"@type\":\"WebPage\",\"@id\":\"https:\\\/\\\/www.zytho.ca\\\/fr\\\/produit\\\/13mo-clamp-sanitaire-a-boulon-en-t-dixon\\\/\",\"url\":\"https:\\\/\\\/www.zytho.ca\\\/fr\\\/produit\\\/13mo-clamp-sanitaire-a-boulon-en-t-dixon\\\/\",\"name\":\"13MO Sanitary T-Bolt Clamp - Dixon- For Pro Breweries | Zytho\",\"isPartOf\":{\"@id\":\"https:\\\/\\\/www.zytho.ca\\\/fr\\\/#website\"},\"primaryImageOfPage\":{\"@id\":\"https:\\\/\\\/www.zytho.ca\\\/fr\\\/produit\\\/13mo-clamp-sanitaire-a-boulon-en-t-dixon\\\/#primaryimage\"},\"image\":{\"@id\":\"https:\\\/\\\/www.zytho.ca\\\/fr\\\/produit\\\/13mo-clamp-sanitaire-a-boulon-en-t-dixon\\\/#primaryimage\"},\"thumbnailUrl\":\"https:\\\/\\\/www.zytho.ca\\\/wp-content\\\/uploads\\\/2025\\\/10\\\/13MO-Sanitary-T-Bolt-Clamp-Dixon.jpg\",\"datePublished\":\"2025-10-27T15:47:33+00:00\",\"description\":\"S\u00e9curisez vos op\u00e9rations de brassage avec la pince sanitaire \u00e0 boulon en T 13MO de Dixon, dot\u00e9e d'\u00e9crous calibr\u00e9s \u00e0 20 po-lb pour une fixation optimale. Id\u00e9al pour les brasseurs professionnels.\",\"breadcrumb\":{\"@id\":\"https:\\\/\\\/www.zytho.ca\\\/fr\\\/produit\\\/13mo-clamp-sanitaire-a-boulon-en-t-dixon\\\/#breadcrumb\"},\"inLanguage\":\"fr-FR\",\"potentialAction\":[{\"@type\":\"ReadAction\",\"target\":[\"https:\\\/\\\/www.zytho.ca\\\/fr\\\/produit\\\/13mo-clamp-sanitaire-a-boulon-en-t-dixon\\\/\"]}]},{\"@type\":\"ImageObject\",\"inLanguage\":\"fr-FR\",\"@id\":\"https:\\\/\\\/www.zytho.ca\\\/fr\\\/produit\\\/13mo-clamp-sanitaire-a-boulon-en-t-dixon\\\/#primaryimage\",\"url\":\"https:\\\/\\\/www.zytho.ca\\\/wp-content\\\/uploads\\\/2025\\\/10\\\/13MO-Sanitary-T-Bolt-Clamp-Dixon.jpg\",\"contentUrl\":\"https:\\\/\\\/www.zytho.ca\\\/wp-content\\\/uploads\\\/2025\\\/10\\\/13MO-Sanitary-T-Bolt-Clamp-Dixon.jpg\",\"width\":668,\"height\":668},{\"@type\":\"BreadcrumbList\",\"@id\":\"https:\\\/\\\/www.zytho.ca\\\/fr\\\/produit\\\/13mo-clamp-sanitaire-a-boulon-en-t-dixon\\\/#breadcrumb\",\"itemListElement\":[{\"@type\":\"ListItem\",\"position\":1,\"name\":\"Accueil\",\"item\":\"https:\\\/\\\/www.zytho.ca\\\/fr\\\/\"},{\"@type\":\"ListItem\",\"position\":2,\"name\":\"Shop\",\"item\":\"https:\\\/\\\/www.zytho.ca\\\/fr\\\/shop\\\/\"},{\"@type\":\"ListItem\",\"position\":3,\"name\":\"13MO Clamp sanitaire \u00e0 boulon en T &#8211; Dixon\"}]},{\"@type\":\"WebSite\",\"@id\":\"https:\\\/\\\/www.zytho.ca\\\/fr\\\/#website\",\"url\":\"https:\\\/\\\/www.zytho.ca\\\/fr\\\/\",\"name\":\"Zytho\",\"description\":\"\",\"publisher\":{\"@id\":\"https:\\\/\\\/www.zytho.ca\\\/fr\\\/#organization\"},\"potentialAction\":[{\"@type\":\"SearchAction\",\"target\":{\"@type\":\"EntryPoint\",\"urlTemplate\":\"https:\\\/\\\/www.zytho.ca\\\/fr\\\/?s={search_term_string}\"},\"query-input\":{\"@type\":\"PropertyValueSpecification\",\"valueRequired\":true,\"valueName\":\"search_term_string\"}}],\"inLanguage\":\"fr-FR\"},{\"@type\":\"Organization\",\"@id\":\"https:\\\/\\\/www.zytho.ca\\\/fr\\\/#organization\",\"name\":\"Zytho\",\"url\":\"https:\\\/\\\/www.zytho.ca\\\/fr\\\/\",\"logo\":{\"@type\":\"ImageObject\",\"inLanguage\":\"fr-FR\",\"@id\":\"https:\\\/\\\/www.zytho.ca\\\/fr\\\/#\\\/schema\\\/logo\\\/image\\\/\",\"url\":\"https:\\\/\\\/www.zytho.ca\\\/wp-content\\\/uploads\\\/2024\\\/05\\\/Zytho_reversed_horizontal.svg\",\"contentUrl\":\"https:\\\/\\\/www.zytho.ca\\\/wp-content\\\/uploads\\\/2024\\\/05\\\/Zytho_reversed_horizontal.svg\",\"width\":1582,\"height\":490,\"caption\":\"Zytho\"},\"image\":{\"@id\":\"https:\\\/\\\/www.zytho.ca\\\/fr\\\/#\\\/schema\\\/logo\\\/image\\\/\"}}]}<\/script>\n<!-- \/ Yoast SEO plugin. -->","yoast_head_json":{"title":"13MO Sanitary T-Bolt Clamp - Dixon- For Pro Breweries | Zytho","description":"S\u00e9curisez vos op\u00e9rations de brassage avec la pince sanitaire \u00e0 boulon en T 13MO de Dixon, dot\u00e9e d'\u00e9crous calibr\u00e9s \u00e0 20 po-lb pour une fixation optimale. Id\u00e9al pour les brasseurs professionnels.","robots":{"index":"index","follow":"follow","max-snippet":"max-snippet:-1","max-image-preview":"max-image-preview:large","max-video-preview":"max-video-preview:-1"},"canonical":"https:\/\/www.zytho.ca\/fr\/produit\/13mo-clamp-sanitaire-a-boulon-en-t-dixon\/","og_locale":"fr_FR","og_type":"article","og_title":"13MO Sanitary T-Bolt Clamp - Dixon- For Pro Breweries | Zytho","og_description":"S\u00e9curisez vos op\u00e9rations de brassage avec la pince sanitaire \u00e0 boulon en T 13MO de Dixon, dot\u00e9e d'\u00e9crous calibr\u00e9s \u00e0 20 po-lb pour une fixation optimale. Id\u00e9al pour les brasseurs professionnels.","og_url":"https:\/\/www.zytho.ca\/fr\/produit\/13mo-clamp-sanitaire-a-boulon-en-t-dixon\/","og_site_name":"Zytho","og_image":[{"width":668,"height":668,"url":"https:\/\/www.zytho.ca\/wp-content\/uploads\/2025\/10\/13MO-Sanitary-T-Bolt-Clamp-Dixon.jpg","type":"image\/jpeg"}],"twitter_card":"summary_large_image","schema":{"@context":"https:\/\/schema.org","@graph":[{"@type":"WebPage","@id":"https:\/\/www.zytho.ca\/fr\/produit\/13mo-clamp-sanitaire-a-boulon-en-t-dixon\/","url":"https:\/\/www.zytho.ca\/fr\/produit\/13mo-clamp-sanitaire-a-boulon-en-t-dixon\/","name":"13MO Sanitary T-Bolt Clamp - Dixon- For Pro Breweries | Zytho","isPartOf":{"@id":"https:\/\/www.zytho.ca\/fr\/#website"},"primaryImageOfPage":{"@id":"https:\/\/www.zytho.ca\/fr\/produit\/13mo-clamp-sanitaire-a-boulon-en-t-dixon\/#primaryimage"},"image":{"@id":"https:\/\/www.zytho.ca\/fr\/produit\/13mo-clamp-sanitaire-a-boulon-en-t-dixon\/#primaryimage"},"thumbnailUrl":"https:\/\/www.zytho.ca\/wp-content\/uploads\/2025\/10\/13MO-Sanitary-T-Bolt-Clamp-Dixon.jpg","datePublished":"2025-10-27T15:47:33+00:00","description":"S\u00e9curisez vos op\u00e9rations de brassage avec la pince sanitaire \u00e0 boulon en T 13MO de Dixon, dot\u00e9e d'\u00e9crous calibr\u00e9s \u00e0 20 po-lb pour une fixation optimale. Id\u00e9al pour les brasseurs professionnels.","breadcrumb":{"@id":"https:\/\/www.zytho.ca\/fr\/produit\/13mo-clamp-sanitaire-a-boulon-en-t-dixon\/#breadcrumb"},"inLanguage":"fr-FR","potentialAction":[{"@type":"ReadAction","target":["https:\/\/www.zytho.ca\/fr\/produit\/13mo-clamp-sanitaire-a-boulon-en-t-dixon\/"]}]},{"@type":"ImageObject","inLanguage":"fr-FR","@id":"https:\/\/www.zytho.ca\/fr\/produit\/13mo-clamp-sanitaire-a-boulon-en-t-dixon\/#primaryimage","url":"https:\/\/www.zytho.ca\/wp-content\/uploads\/2025\/10\/13MO-Sanitary-T-Bolt-Clamp-Dixon.jpg","contentUrl":"https:\/\/www.zytho.ca\/wp-content\/uploads\/2025\/10\/13MO-Sanitary-T-Bolt-Clamp-Dixon.jpg","width":668,"height":668},{"@type":"BreadcrumbList","@id":"https:\/\/www.zytho.ca\/fr\/produit\/13mo-clamp-sanitaire-a-boulon-en-t-dixon\/#breadcrumb","itemListElement":[{"@type":"ListItem","position":1,"name":"Accueil","item":"https:\/\/www.zytho.ca\/fr\/"},{"@type":"ListItem","position":2,"name":"Shop","item":"https:\/\/www.zytho.ca\/fr\/shop\/"},{"@type":"ListItem","position":3,"name":"13MO Clamp sanitaire \u00e0 boulon en T &#8211; Dixon"}]},{"@type":"WebSite","@id":"https:\/\/www.zytho.ca\/fr\/#website","url":"https:\/\/www.zytho.ca\/fr\/","name":"Zytho","description":"","publisher":{"@id":"https:\/\/www.zytho.ca\/fr\/#organization"},"potentialAction":[{"@type":"SearchAction","target":{"@type":"EntryPoint","urlTemplate":"https:\/\/www.zytho.ca\/fr\/?s={search_term_string}"},"query-input":{"@type":"PropertyValueSpecification","valueRequired":true,"valueName":"search_term_string"}}],"inLanguage":"fr-FR"},{"@type":"Organization","@id":"https:\/\/www.zytho.ca\/fr\/#organization","name":"Zytho","url":"https:\/\/www.zytho.ca\/fr\/","logo":{"@type":"ImageObject","inLanguage":"fr-FR","@id":"https:\/\/www.zytho.ca\/fr\/#\/schema\/logo\/image\/","url":"https:\/\/www.zytho.ca\/wp-content\/uploads\/2024\/05\/Zytho_reversed_horizontal.svg","contentUrl":"https:\/\/www.zytho.ca\/wp-content\/uploads\/2024\/05\/Zytho_reversed_horizontal.svg","width":1582,"height":490,"caption":"Zytho"},"image":{"@id":"https:\/\/www.zytho.ca\/fr\/#\/schema\/logo\/image\/"}}]}},"_links":{"self":[{"href":"https:\/\/www.zytho.ca\/fr\/wp-json\/wp\/v2\/product\/12233","targetHints":{"allow":["GET"]}}],"collection":[{"href":"https:\/\/www.zytho.ca\/fr\/wp-json\/wp\/v2\/product"}],"about":[{"href":"https:\/\/www.zytho.ca\/fr\/wp-json\/wp\/v2\/types\/product"}],"wp:featuredmedia":[{"embeddable":true,"href":"https:\/\/www.zytho.ca\/fr\/wp-json\/wp\/v2\/media\/12241"}],"wp:attachment":[{"href":"https:\/\/www.zytho.ca\/fr\/wp-json\/wp\/v2\/media?parent=12233"}],"wp:term":[{"taxonomy":"product_brand","embeddable":true,"href":"https:\/\/www.zytho.ca\/fr\/wp-json\/wp\/v2\/product_brand?post=12233"},{"taxonomy":"product_cat","embeddable":true,"href":"https:\/\/www.zytho.ca\/fr\/wp-json\/wp\/v2\/product_cat?post=12233"},{"taxonomy":"product_tag","embeddable":true,"href":"https:\/\/www.zytho.ca\/fr\/wp-json\/wp\/v2\/product_tag?post=12233"}],"curies":[{"name":"wp","href":"https:\/\/api.w.org\/{rel}","templated":true}]}}