{"id":12200,"date":"2025-10-27T15:47:39","date_gmt":"2025-10-27T15:47:39","guid":{"rendered":"https:\/\/zytho.ca\/product\/raccord-npt-dixon\/"},"modified":"2026-03-17T13:24:19","modified_gmt":"2026-03-17T13:24:19","slug":"raccord-npt-dixon","status":"publish","type":"product","link":"https:\/\/www.zytho.ca\/fr\/produit\/raccord-npt-dixon\/","title":{"rendered":"Raccord NPT &#8211; Dixon"},"content":{"rendered":"<p>Con\u00e7us pour des performances sup\u00e9rieures, ces raccords de tuyauterie filet\u00e9s NPT classe 150# sont fabriqu\u00e9s en acier inoxydable 316, connu pour sa teneur \u00e9lev\u00e9e en nickel qui offre une r\u00e9sistance exceptionnelle \u00e0 la corrosion. Contrairement aux raccords, les unions facilitent la d\u00e9connexion future des tuyaux, ce qui les rend id\u00e9ales pour les op\u00e9rations de maintenance. Con\u00e7us pour \u00eatre utilis\u00e9s avec des tuyaux en acier inoxydable Schedule 40 ou 80, ces raccords conviennent aux applications concernant l&#8217;air, l&#8217;eau et le gaz naturel.  <\/p>\n<h6><strong>Avantages<\/strong><\/h6>\n<ul>\n<li>Facilite la d\u00e9connexion \u00e0 des fins d&#8217;entretien<\/li>\n<li>R\u00e9sistance accrue \u00e0 la corrosion gr\u00e2ce \u00e0 une teneur en nickel plus \u00e9lev\u00e9e<\/li>\n<li>Compatible avec les tuyaux en acier inoxydable Schedule 40 ou 80<\/li>\n<\/ul>\n<h6><strong>D\u00e9tails du produit<\/strong><\/h6>\n<ul>\n<li>Mat\u00e9riau : Acier inoxydable 150# 316<\/li>\n<li><a href=\"https:\/\/www.dixonvalve.com\/sites\/default\/files\/product\/pages\/us\/DPL418%20-%20657.pdf\">Page de catalogue : DPL418 &#8211; 657<\/a><\/li>\n<\/ul>\n","protected":false},"excerpt":{"rendered":"<h4>Principaux avantages pour les brasseurs professionnels<\/h4>\n<ul>\n<li>Facilite la d\u00e9connexion sans effort pour l&#8217;entretien, garantissant un temps d&#8217;arr\u00eat minimal.<\/li>\n<li>Offre une r\u00e9sistance exceptionnelle \u00e0 la corrosion, cruciale pour le maintien de l&#8217;int\u00e9grit\u00e9 des syst\u00e8mes de brassage.<\/li>\n<li>S&#8217;int\u00e8gre parfaitement aux tuyaux en acier inoxydable Schedule 40 ou 80, convenant aux applications dans les domaines de l&#8217;air, de l&#8217;eau et du gaz naturel.<\/li>\n<\/ul>\n","protected":false},"featured_media":12201,"template":"","meta":{"_acf_changed":false,"inline_featured_image":false},"product_brand":[740],"product_cat":[736,741,749],"product_tag":[763,754,762,755,779,800],"class_list":{"0":"post-12200","1":"product","2":"type-product","3":"status-publish","4":"has-post-thumbnail","6":"product_brand-dixon","7":"product_cat-distribution","8":"product_cat-materiel","9":"product_cat-quincaillerie-industrielle","10":"product_tag-acier-inoxydable","11":"product_tag-brasserie","12":"product_tag-cave","13":"product_tag-distillerie","14":"product_tag-materiel-npt","15":"product_tag-soda","17":"first","18":"instock","19":"taxable","20":"shipping-taxable","21":"purchasable","22":"product-type-variable"},"acf":[],"yoast_head":"<!-- This site is optimized with the Yoast SEO plugin v27.6 - https:\/\/yoast.com\/product\/yoast-seo-wordpress\/ -->\n<title>Raccord NPT - Dixon<\/title>\n<meta name=\"description\" content=\"D\u00e9couvrez les raccords NPT de Dixon : Raccords en acier inoxydable 316 con\u00e7us pour les brasseries. Profitez d&#039;un entretien facile et d&#039;une r\u00e9sistance sup\u00e9rieure \u00e0 la corrosion. Id\u00e9al pour l&#039;air, l&#039;eau et le gaz.\" \/>\n<meta name=\"robots\" content=\"index, follow, max-snippet:-1, max-image-preview:large, max-video-preview:-1\" \/>\n<link rel=\"canonical\" href=\"https:\/\/www.zytho.ca\/fr\/produit\/raccord-npt-dixon\/\" \/>\n<meta property=\"og:locale\" content=\"fr_FR\" \/>\n<meta property=\"og:type\" content=\"article\" \/>\n<meta property=\"og:title\" content=\"Raccord NPT - Dixon\" \/>\n<meta property=\"og:description\" content=\"D\u00e9couvrez les raccords NPT de Dixon : Raccords en acier inoxydable 316 con\u00e7us pour les brasseries. Profitez d&#039;un entretien facile et d&#039;une r\u00e9sistance sup\u00e9rieure \u00e0 la corrosion. Id\u00e9al pour l&#039;air, l&#039;eau et le gaz.\" \/>\n<meta property=\"og:url\" content=\"https:\/\/www.zytho.ca\/fr\/produit\/raccord-npt-dixon\/\" \/>\n<meta property=\"og:site_name\" content=\"Zytho\" \/>\n<meta property=\"article:modified_time\" content=\"2026-03-17T13:24:19+00:00\" \/>\n<meta property=\"og:image\" content=\"https:\/\/www.zytho.ca\/wp-content\/uploads\/2025\/10\/NPT-Union-Dixon.jpg\" \/>\n\t<meta property=\"og:image:width\" content=\"232\" \/>\n\t<meta property=\"og:image:height\" content=\"232\" \/>\n\t<meta property=\"og:image:type\" content=\"image\/jpeg\" \/>\n<meta name=\"twitter:card\" content=\"summary_large_image\" \/>\n<meta name=\"twitter:label1\" content=\"Dur\u00e9e de lecture estim\u00e9e\" \/>\n\t<meta name=\"twitter:data1\" content=\"1 minute\" \/>\n<script type=\"application\/ld+json\" class=\"yoast-schema-graph\">{\"@context\":\"https:\\\/\\\/schema.org\",\"@graph\":[{\"@type\":\"WebPage\",\"@id\":\"https:\\\/\\\/www.zytho.ca\\\/fr\\\/produit\\\/raccord-npt-dixon\\\/\",\"url\":\"https:\\\/\\\/www.zytho.ca\\\/fr\\\/produit\\\/raccord-npt-dixon\\\/\",\"name\":\"Raccord NPT - Dixon\",\"isPartOf\":{\"@id\":\"https:\\\/\\\/www.zytho.ca\\\/fr\\\/#website\"},\"primaryImageOfPage\":{\"@id\":\"https:\\\/\\\/www.zytho.ca\\\/fr\\\/produit\\\/raccord-npt-dixon\\\/#primaryimage\"},\"image\":{\"@id\":\"https:\\\/\\\/www.zytho.ca\\\/fr\\\/produit\\\/raccord-npt-dixon\\\/#primaryimage\"},\"thumbnailUrl\":\"https:\\\/\\\/www.zytho.ca\\\/wp-content\\\/uploads\\\/2025\\\/10\\\/NPT-Union-Dixon.jpg\",\"datePublished\":\"2025-10-27T15:47:39+00:00\",\"dateModified\":\"2026-03-17T13:24:19+00:00\",\"description\":\"D\u00e9couvrez les raccords NPT de Dixon : Raccords en acier inoxydable 316 con\u00e7us pour les brasseries. Profitez d'un entretien facile et d'une r\u00e9sistance sup\u00e9rieure \u00e0 la corrosion. Id\u00e9al pour l'air, l'eau et le gaz.\",\"breadcrumb\":{\"@id\":\"https:\\\/\\\/www.zytho.ca\\\/fr\\\/produit\\\/raccord-npt-dixon\\\/#breadcrumb\"},\"inLanguage\":\"fr-FR\",\"potentialAction\":[{\"@type\":\"ReadAction\",\"target\":[\"https:\\\/\\\/www.zytho.ca\\\/fr\\\/produit\\\/raccord-npt-dixon\\\/\"]}]},{\"@type\":\"ImageObject\",\"inLanguage\":\"fr-FR\",\"@id\":\"https:\\\/\\\/www.zytho.ca\\\/fr\\\/produit\\\/raccord-npt-dixon\\\/#primaryimage\",\"url\":\"https:\\\/\\\/www.zytho.ca\\\/wp-content\\\/uploads\\\/2025\\\/10\\\/NPT-Union-Dixon.jpg\",\"contentUrl\":\"https:\\\/\\\/www.zytho.ca\\\/wp-content\\\/uploads\\\/2025\\\/10\\\/NPT-Union-Dixon.jpg\",\"width\":232,\"height\":232},{\"@type\":\"BreadcrumbList\",\"@id\":\"https:\\\/\\\/www.zytho.ca\\\/fr\\\/produit\\\/raccord-npt-dixon\\\/#breadcrumb\",\"itemListElement\":[{\"@type\":\"ListItem\",\"position\":1,\"name\":\"Accueil\",\"item\":\"https:\\\/\\\/www.zytho.ca\\\/fr\\\/\"},{\"@type\":\"ListItem\",\"position\":2,\"name\":\"Shop\",\"item\":\"https:\\\/\\\/www.zytho.ca\\\/fr\\\/shop\\\/\"},{\"@type\":\"ListItem\",\"position\":3,\"name\":\"Raccord NPT &#8211; Dixon\"}]},{\"@type\":\"WebSite\",\"@id\":\"https:\\\/\\\/www.zytho.ca\\\/fr\\\/#website\",\"url\":\"https:\\\/\\\/www.zytho.ca\\\/fr\\\/\",\"name\":\"Zytho\",\"description\":\"\",\"publisher\":{\"@id\":\"https:\\\/\\\/www.zytho.ca\\\/fr\\\/#organization\"},\"potentialAction\":[{\"@type\":\"SearchAction\",\"target\":{\"@type\":\"EntryPoint\",\"urlTemplate\":\"https:\\\/\\\/www.zytho.ca\\\/fr\\\/?s={search_term_string}\"},\"query-input\":{\"@type\":\"PropertyValueSpecification\",\"valueRequired\":true,\"valueName\":\"search_term_string\"}}],\"inLanguage\":\"fr-FR\"},{\"@type\":\"Organization\",\"@id\":\"https:\\\/\\\/www.zytho.ca\\\/fr\\\/#organization\",\"name\":\"Zytho\",\"url\":\"https:\\\/\\\/www.zytho.ca\\\/fr\\\/\",\"logo\":{\"@type\":\"ImageObject\",\"inLanguage\":\"fr-FR\",\"@id\":\"https:\\\/\\\/www.zytho.ca\\\/fr\\\/#\\\/schema\\\/logo\\\/image\\\/\",\"url\":\"https:\\\/\\\/www.zytho.ca\\\/wp-content\\\/uploads\\\/2024\\\/05\\\/Zytho_reversed_horizontal.svg\",\"contentUrl\":\"https:\\\/\\\/www.zytho.ca\\\/wp-content\\\/uploads\\\/2024\\\/05\\\/Zytho_reversed_horizontal.svg\",\"width\":1582,\"height\":490,\"caption\":\"Zytho\"},\"image\":{\"@id\":\"https:\\\/\\\/www.zytho.ca\\\/fr\\\/#\\\/schema\\\/logo\\\/image\\\/\"}}]}<\/script>\n<!-- \/ Yoast SEO plugin. -->","yoast_head_json":{"title":"Raccord NPT - Dixon","description":"D\u00e9couvrez les raccords NPT de Dixon : Raccords en acier inoxydable 316 con\u00e7us pour les brasseries. Profitez d'un entretien facile et d'une r\u00e9sistance sup\u00e9rieure \u00e0 la corrosion. Id\u00e9al pour l'air, l'eau et le gaz.","robots":{"index":"index","follow":"follow","max-snippet":"max-snippet:-1","max-image-preview":"max-image-preview:large","max-video-preview":"max-video-preview:-1"},"canonical":"https:\/\/www.zytho.ca\/fr\/produit\/raccord-npt-dixon\/","og_locale":"fr_FR","og_type":"article","og_title":"Raccord NPT - Dixon","og_description":"D\u00e9couvrez les raccords NPT de Dixon : Raccords en acier inoxydable 316 con\u00e7us pour les brasseries. Profitez d'un entretien facile et d'une r\u00e9sistance sup\u00e9rieure \u00e0 la corrosion. Id\u00e9al pour l'air, l'eau et le gaz.","og_url":"https:\/\/www.zytho.ca\/fr\/produit\/raccord-npt-dixon\/","og_site_name":"Zytho","article_modified_time":"2026-03-17T13:24:19+00:00","og_image":[{"width":232,"height":232,"url":"https:\/\/www.zytho.ca\/wp-content\/uploads\/2025\/10\/NPT-Union-Dixon.jpg","type":"image\/jpeg"}],"twitter_card":"summary_large_image","twitter_misc":{"Dur\u00e9e de lecture estim\u00e9e":"1 minute"},"schema":{"@context":"https:\/\/schema.org","@graph":[{"@type":"WebPage","@id":"https:\/\/www.zytho.ca\/fr\/produit\/raccord-npt-dixon\/","url":"https:\/\/www.zytho.ca\/fr\/produit\/raccord-npt-dixon\/","name":"Raccord NPT - Dixon","isPartOf":{"@id":"https:\/\/www.zytho.ca\/fr\/#website"},"primaryImageOfPage":{"@id":"https:\/\/www.zytho.ca\/fr\/produit\/raccord-npt-dixon\/#primaryimage"},"image":{"@id":"https:\/\/www.zytho.ca\/fr\/produit\/raccord-npt-dixon\/#primaryimage"},"thumbnailUrl":"https:\/\/www.zytho.ca\/wp-content\/uploads\/2025\/10\/NPT-Union-Dixon.jpg","datePublished":"2025-10-27T15:47:39+00:00","dateModified":"2026-03-17T13:24:19+00:00","description":"D\u00e9couvrez les raccords NPT de Dixon : Raccords en acier inoxydable 316 con\u00e7us pour les brasseries. Profitez d'un entretien facile et d'une r\u00e9sistance sup\u00e9rieure \u00e0 la corrosion. Id\u00e9al pour l'air, l'eau et le gaz.","breadcrumb":{"@id":"https:\/\/www.zytho.ca\/fr\/produit\/raccord-npt-dixon\/#breadcrumb"},"inLanguage":"fr-FR","potentialAction":[{"@type":"ReadAction","target":["https:\/\/www.zytho.ca\/fr\/produit\/raccord-npt-dixon\/"]}]},{"@type":"ImageObject","inLanguage":"fr-FR","@id":"https:\/\/www.zytho.ca\/fr\/produit\/raccord-npt-dixon\/#primaryimage","url":"https:\/\/www.zytho.ca\/wp-content\/uploads\/2025\/10\/NPT-Union-Dixon.jpg","contentUrl":"https:\/\/www.zytho.ca\/wp-content\/uploads\/2025\/10\/NPT-Union-Dixon.jpg","width":232,"height":232},{"@type":"BreadcrumbList","@id":"https:\/\/www.zytho.ca\/fr\/produit\/raccord-npt-dixon\/#breadcrumb","itemListElement":[{"@type":"ListItem","position":1,"name":"Accueil","item":"https:\/\/www.zytho.ca\/fr\/"},{"@type":"ListItem","position":2,"name":"Shop","item":"https:\/\/www.zytho.ca\/fr\/shop\/"},{"@type":"ListItem","position":3,"name":"Raccord NPT &#8211; Dixon"}]},{"@type":"WebSite","@id":"https:\/\/www.zytho.ca\/fr\/#website","url":"https:\/\/www.zytho.ca\/fr\/","name":"Zytho","description":"","publisher":{"@id":"https:\/\/www.zytho.ca\/fr\/#organization"},"potentialAction":[{"@type":"SearchAction","target":{"@type":"EntryPoint","urlTemplate":"https:\/\/www.zytho.ca\/fr\/?s={search_term_string}"},"query-input":{"@type":"PropertyValueSpecification","valueRequired":true,"valueName":"search_term_string"}}],"inLanguage":"fr-FR"},{"@type":"Organization","@id":"https:\/\/www.zytho.ca\/fr\/#organization","name":"Zytho","url":"https:\/\/www.zytho.ca\/fr\/","logo":{"@type":"ImageObject","inLanguage":"fr-FR","@id":"https:\/\/www.zytho.ca\/fr\/#\/schema\/logo\/image\/","url":"https:\/\/www.zytho.ca\/wp-content\/uploads\/2024\/05\/Zytho_reversed_horizontal.svg","contentUrl":"https:\/\/www.zytho.ca\/wp-content\/uploads\/2024\/05\/Zytho_reversed_horizontal.svg","width":1582,"height":490,"caption":"Zytho"},"image":{"@id":"https:\/\/www.zytho.ca\/fr\/#\/schema\/logo\/image\/"}}]}},"_links":{"self":[{"href":"https:\/\/www.zytho.ca\/fr\/wp-json\/wp\/v2\/product\/12200","targetHints":{"allow":["GET"]}}],"collection":[{"href":"https:\/\/www.zytho.ca\/fr\/wp-json\/wp\/v2\/product"}],"about":[{"href":"https:\/\/www.zytho.ca\/fr\/wp-json\/wp\/v2\/types\/product"}],"wp:featuredmedia":[{"embeddable":true,"href":"https:\/\/www.zytho.ca\/fr\/wp-json\/wp\/v2\/media\/12201"}],"wp:attachment":[{"href":"https:\/\/www.zytho.ca\/fr\/wp-json\/wp\/v2\/media?parent=12200"}],"wp:term":[{"taxonomy":"product_brand","embeddable":true,"href":"https:\/\/www.zytho.ca\/fr\/wp-json\/wp\/v2\/product_brand?post=12200"},{"taxonomy":"product_cat","embeddable":true,"href":"https:\/\/www.zytho.ca\/fr\/wp-json\/wp\/v2\/product_cat?post=12200"},{"taxonomy":"product_tag","embeddable":true,"href":"https:\/\/www.zytho.ca\/fr\/wp-json\/wp\/v2\/product_tag?post=12200"}],"curies":[{"name":"wp","href":"https:\/\/api.w.org\/{rel}","templated":true}]}}