{"id":12175,"date":"2025-10-27T15:47:59","date_gmt":"2025-10-27T15:47:59","guid":{"rendered":"https:\/\/zytho.ca\/product\/crochet-hexagonal-avec-douille-pour-tube-dixon\/"},"modified":"2026-03-17T13:24:19","modified_gmt":"2026-03-17T13:24:19","slug":"crochet-hexagonal-avec-douille-pour-tube-dixon","status":"publish","type":"product","link":"https:\/\/www.zytho.ca\/fr\/produit\/crochet-hexagonal-avec-douille-pour-tube-dixon\/","title":{"rendered":"Crochet hexagonal avec douille pour tube &#8211; Dixon"},"content":{"rendered":"<p>Les cintres hexagonaux offrent une polyvalence exceptionnelle pour soutenir les syst\u00e8mes de tuyaux et de tubes. Ils peuvent \u00eatre adapt\u00e9s \u00e0 diff\u00e9rentes m\u00e9thodes d&#8217;installation, ce qui permet de les suspendre \u00e0 un tuyau ou de les monter directement sur une surface, en fonction des besoins sp\u00e9cifiques. Les mat\u00e9riaux de construction sont personnalisables pour s&#8217;adapter aux fluides \u00e0 temp\u00e9ratures extr\u00eames, qu&#8217;ils soient chauds ou froids. Ces suspensions compl\u00e8tes sont livr\u00e9es avec des manchons et conviennent aux installations de tubes sanitaires nouvelles ou existantes.   <\/p>\n<h6><strong>Avantages<\/strong><\/h6>\n<ul>\n<li>Options d&#8217;installation adaptables \u00e0 diverses applications<\/li>\n<li>Mat\u00e9riaux personnalisables pour traiter les fluides \u00e0 temp\u00e9rature extr\u00eame<\/li>\n<li>Complet avec des manchons pour une int\u00e9gration parfaite avec les tubes sanitaires<\/li>\n<\/ul>\n<h6><strong>Installation<\/strong><\/h6>\n<ul>\n<li>Assurer un soutien \u00e0 chaque changement de direction<\/li>\n<li>Pr\u00e9voyez un support de chaque c\u00f4t\u00e9 de chaque vanne, aussi pr\u00e8s que possible du raccordement.<\/li>\n<li>Soutenez les sections droites tous les 10 pieds.<\/li>\n<\/ul>\n<h6><strong>D\u00e9tails du produit<\/strong><\/h6>\n<ul>\n<li>Manchon en polysulfone Temp\u00e9rature maximale : 325 \u00b0F \/ 163 \u00b0C<\/li>\n<li>Manchon ABS Temp\u00e9rature maximale : 230 \u00b0F \/ 110 \u00b0C<\/li>\n<\/ul>\n<h6><strong>Notes de s\u00e9curit\u00e9<\/strong><\/h6>\n<ul>\n<li>Veillez \u00e0 ce que l&#8217;installation soit correcte : soutenez les sections droites tous les 10 pieds, fournissez un support de chaque c\u00f4t\u00e9 de chaque vanne, aussi pr\u00e8s que possible du raccordement, et soutenez chaque changement de direction.<\/li>\n<\/ul>\n<h6><strong>Page de catalogue<\/strong><\/h6>\n<ul>\n<li><a href=\"https:\/\/www.dixonvalve.com\/sites\/default\/files\/product\/pages\/us\/DPL418%20-%20623.pdf\">DPL418 &#8211; 623<\/a><\/li>\n<\/ul>\n","protected":false},"excerpt":{"rendered":"<h4>Principaux avantages du cintre hexagonal avec douille pour tubes &#8211; Dixon<\/h4>\n<ul>\n<li>Offre des options d&#8217;installation polyvalentes pour s&#8217;adapter \u00e0 diverses configurations de brassage.<\/li>\n<li>Les mat\u00e9riaux personnalisables garantissent une manipulation s\u00fbre des fluides \u00e0 des temp\u00e9ratures extr\u00eames.<\/li>\n<li>Comprend des manchons pour faciliter l&#8217;int\u00e9gration dans les syst\u00e8mes de tubes sanitaires existants.<\/li>\n<\/ul>\n","protected":false},"featured_media":12177,"template":"","meta":{"_acf_changed":false,"inline_featured_image":false},"product_brand":[740],"product_cat":[736,741,749],"product_tag":[763,754,762,755,800],"class_list":{"0":"post-12175","1":"product","2":"type-product","3":"status-publish","4":"has-post-thumbnail","6":"product_brand-dixon","7":"product_cat-distribution","8":"product_cat-materiel","9":"product_cat-quincaillerie-industrielle","10":"product_tag-acier-inoxydable","11":"product_tag-brasserie","12":"product_tag-cave","13":"product_tag-distillerie","14":"product_tag-soda","16":"first","17":"instock","18":"taxable","19":"shipping-taxable","20":"purchasable","21":"product-type-variable"},"acf":[],"yoast_head":"<!-- This site is optimized with the Yoast SEO plugin v27.6 - https:\/\/yoast.com\/product\/yoast-seo-wordpress\/ -->\n<title>Crochet hexagonal avec douille pour tuyau - Dixon - Pour brasseries professionnelles | Zytho<\/title>\n<meta name=\"description\" content=\"D\u00e9couvrez le crochet hexagonal polyvalent avec manchon pour tubes de Dixon, con\u00e7u pour les brasseries. Une installation adaptable, des mat\u00e9riaux personnalisables et une int\u00e9gration parfaite pour tous vos besoins en tuyauterie.\" \/>\n<meta name=\"robots\" content=\"index, follow, max-snippet:-1, max-image-preview:large, max-video-preview:-1\" \/>\n<link rel=\"canonical\" href=\"https:\/\/www.zytho.ca\/fr\/produit\/crochet-hexagonal-avec-douille-pour-tube-dixon\/\" \/>\n<meta property=\"og:locale\" content=\"fr_FR\" \/>\n<meta property=\"og:type\" content=\"article\" \/>\n<meta property=\"og:title\" content=\"Crochet hexagonal avec douille pour tuyau - Dixon - Pour brasseries professionnelles | Zytho\" \/>\n<meta property=\"og:description\" content=\"D\u00e9couvrez le crochet hexagonal polyvalent avec manchon pour tubes de Dixon, con\u00e7u pour les brasseries. Une installation adaptable, des mat\u00e9riaux personnalisables et une int\u00e9gration parfaite pour tous vos besoins en tuyauterie.\" \/>\n<meta property=\"og:url\" content=\"https:\/\/www.zytho.ca\/fr\/produit\/crochet-hexagonal-avec-douille-pour-tube-dixon\/\" \/>\n<meta property=\"og:site_name\" content=\"Zytho\" \/>\n<meta property=\"article:modified_time\" content=\"2026-03-17T13:24:19+00:00\" \/>\n<meta property=\"og:image\" content=\"https:\/\/www.zytho.ca\/wp-content\/uploads\/2025\/10\/Hex-Hanger-with-Sleeve-for-Tubing-Dixon.jpg\" \/>\n\t<meta property=\"og:image:width\" content=\"392\" \/>\n\t<meta property=\"og:image:height\" content=\"392\" \/>\n\t<meta property=\"og:image:type\" content=\"image\/jpeg\" \/>\n<meta name=\"twitter:card\" content=\"summary_large_image\" \/>\n<meta name=\"twitter:label1\" content=\"Dur\u00e9e de lecture estim\u00e9e\" \/>\n\t<meta name=\"twitter:data1\" content=\"1 minute\" \/>\n<script type=\"application\/ld+json\" class=\"yoast-schema-graph\">{\"@context\":\"https:\\\/\\\/schema.org\",\"@graph\":[{\"@type\":\"WebPage\",\"@id\":\"https:\\\/\\\/www.zytho.ca\\\/fr\\\/produit\\\/crochet-hexagonal-avec-douille-pour-tube-dixon\\\/\",\"url\":\"https:\\\/\\\/www.zytho.ca\\\/fr\\\/produit\\\/crochet-hexagonal-avec-douille-pour-tube-dixon\\\/\",\"name\":\"Crochet hexagonal avec douille pour tuyau - Dixon - Pour brasseries professionnelles | Zytho\",\"isPartOf\":{\"@id\":\"https:\\\/\\\/www.zytho.ca\\\/fr\\\/#website\"},\"primaryImageOfPage\":{\"@id\":\"https:\\\/\\\/www.zytho.ca\\\/fr\\\/produit\\\/crochet-hexagonal-avec-douille-pour-tube-dixon\\\/#primaryimage\"},\"image\":{\"@id\":\"https:\\\/\\\/www.zytho.ca\\\/fr\\\/produit\\\/crochet-hexagonal-avec-douille-pour-tube-dixon\\\/#primaryimage\"},\"thumbnailUrl\":\"https:\\\/\\\/www.zytho.ca\\\/wp-content\\\/uploads\\\/2025\\\/10\\\/Hex-Hanger-with-Sleeve-for-Tubing-Dixon.jpg\",\"datePublished\":\"2025-10-27T15:47:59+00:00\",\"dateModified\":\"2026-03-17T13:24:19+00:00\",\"description\":\"D\u00e9couvrez le crochet hexagonal polyvalent avec manchon pour tubes de Dixon, con\u00e7u pour les brasseries. Une installation adaptable, des mat\u00e9riaux personnalisables et une int\u00e9gration parfaite pour tous vos besoins en tuyauterie.\",\"breadcrumb\":{\"@id\":\"https:\\\/\\\/www.zytho.ca\\\/fr\\\/produit\\\/crochet-hexagonal-avec-douille-pour-tube-dixon\\\/#breadcrumb\"},\"inLanguage\":\"fr-FR\",\"potentialAction\":[{\"@type\":\"ReadAction\",\"target\":[\"https:\\\/\\\/www.zytho.ca\\\/fr\\\/produit\\\/crochet-hexagonal-avec-douille-pour-tube-dixon\\\/\"]}]},{\"@type\":\"ImageObject\",\"inLanguage\":\"fr-FR\",\"@id\":\"https:\\\/\\\/www.zytho.ca\\\/fr\\\/produit\\\/crochet-hexagonal-avec-douille-pour-tube-dixon\\\/#primaryimage\",\"url\":\"https:\\\/\\\/www.zytho.ca\\\/wp-content\\\/uploads\\\/2025\\\/10\\\/Hex-Hanger-with-Sleeve-for-Tubing-Dixon.jpg\",\"contentUrl\":\"https:\\\/\\\/www.zytho.ca\\\/wp-content\\\/uploads\\\/2025\\\/10\\\/Hex-Hanger-with-Sleeve-for-Tubing-Dixon.jpg\",\"width\":392,\"height\":392},{\"@type\":\"BreadcrumbList\",\"@id\":\"https:\\\/\\\/www.zytho.ca\\\/fr\\\/produit\\\/crochet-hexagonal-avec-douille-pour-tube-dixon\\\/#breadcrumb\",\"itemListElement\":[{\"@type\":\"ListItem\",\"position\":1,\"name\":\"Accueil\",\"item\":\"https:\\\/\\\/www.zytho.ca\\\/fr\\\/\"},{\"@type\":\"ListItem\",\"position\":2,\"name\":\"Shop\",\"item\":\"https:\\\/\\\/www.zytho.ca\\\/fr\\\/shop\\\/\"},{\"@type\":\"ListItem\",\"position\":3,\"name\":\"Crochet hexagonal avec douille pour tube &#8211; Dixon\"}]},{\"@type\":\"WebSite\",\"@id\":\"https:\\\/\\\/www.zytho.ca\\\/fr\\\/#website\",\"url\":\"https:\\\/\\\/www.zytho.ca\\\/fr\\\/\",\"name\":\"Zytho\",\"description\":\"\",\"publisher\":{\"@id\":\"https:\\\/\\\/www.zytho.ca\\\/fr\\\/#organization\"},\"potentialAction\":[{\"@type\":\"SearchAction\",\"target\":{\"@type\":\"EntryPoint\",\"urlTemplate\":\"https:\\\/\\\/www.zytho.ca\\\/fr\\\/?s={search_term_string}\"},\"query-input\":{\"@type\":\"PropertyValueSpecification\",\"valueRequired\":true,\"valueName\":\"search_term_string\"}}],\"inLanguage\":\"fr-FR\"},{\"@type\":\"Organization\",\"@id\":\"https:\\\/\\\/www.zytho.ca\\\/fr\\\/#organization\",\"name\":\"Zytho\",\"url\":\"https:\\\/\\\/www.zytho.ca\\\/fr\\\/\",\"logo\":{\"@type\":\"ImageObject\",\"inLanguage\":\"fr-FR\",\"@id\":\"https:\\\/\\\/www.zytho.ca\\\/fr\\\/#\\\/schema\\\/logo\\\/image\\\/\",\"url\":\"https:\\\/\\\/www.zytho.ca\\\/wp-content\\\/uploads\\\/2024\\\/05\\\/Zytho_reversed_horizontal.svg\",\"contentUrl\":\"https:\\\/\\\/www.zytho.ca\\\/wp-content\\\/uploads\\\/2024\\\/05\\\/Zytho_reversed_horizontal.svg\",\"width\":1582,\"height\":490,\"caption\":\"Zytho\"},\"image\":{\"@id\":\"https:\\\/\\\/www.zytho.ca\\\/fr\\\/#\\\/schema\\\/logo\\\/image\\\/\"}}]}<\/script>\n<!-- \/ Yoast SEO plugin. -->","yoast_head_json":{"title":"Crochet hexagonal avec douille pour tuyau - Dixon - Pour brasseries professionnelles | Zytho","description":"D\u00e9couvrez le crochet hexagonal polyvalent avec manchon pour tubes de Dixon, con\u00e7u pour les brasseries. Une installation adaptable, des mat\u00e9riaux personnalisables et une int\u00e9gration parfaite pour tous vos besoins en tuyauterie.","robots":{"index":"index","follow":"follow","max-snippet":"max-snippet:-1","max-image-preview":"max-image-preview:large","max-video-preview":"max-video-preview:-1"},"canonical":"https:\/\/www.zytho.ca\/fr\/produit\/crochet-hexagonal-avec-douille-pour-tube-dixon\/","og_locale":"fr_FR","og_type":"article","og_title":"Crochet hexagonal avec douille pour tuyau - Dixon - Pour brasseries professionnelles | Zytho","og_description":"D\u00e9couvrez le crochet hexagonal polyvalent avec manchon pour tubes de Dixon, con\u00e7u pour les brasseries. Une installation adaptable, des mat\u00e9riaux personnalisables et une int\u00e9gration parfaite pour tous vos besoins en tuyauterie.","og_url":"https:\/\/www.zytho.ca\/fr\/produit\/crochet-hexagonal-avec-douille-pour-tube-dixon\/","og_site_name":"Zytho","article_modified_time":"2026-03-17T13:24:19+00:00","og_image":[{"width":392,"height":392,"url":"https:\/\/www.zytho.ca\/wp-content\/uploads\/2025\/10\/Hex-Hanger-with-Sleeve-for-Tubing-Dixon.jpg","type":"image\/jpeg"}],"twitter_card":"summary_large_image","twitter_misc":{"Dur\u00e9e de lecture estim\u00e9e":"1 minute"},"schema":{"@context":"https:\/\/schema.org","@graph":[{"@type":"WebPage","@id":"https:\/\/www.zytho.ca\/fr\/produit\/crochet-hexagonal-avec-douille-pour-tube-dixon\/","url":"https:\/\/www.zytho.ca\/fr\/produit\/crochet-hexagonal-avec-douille-pour-tube-dixon\/","name":"Crochet hexagonal avec douille pour tuyau - Dixon - Pour brasseries professionnelles | Zytho","isPartOf":{"@id":"https:\/\/www.zytho.ca\/fr\/#website"},"primaryImageOfPage":{"@id":"https:\/\/www.zytho.ca\/fr\/produit\/crochet-hexagonal-avec-douille-pour-tube-dixon\/#primaryimage"},"image":{"@id":"https:\/\/www.zytho.ca\/fr\/produit\/crochet-hexagonal-avec-douille-pour-tube-dixon\/#primaryimage"},"thumbnailUrl":"https:\/\/www.zytho.ca\/wp-content\/uploads\/2025\/10\/Hex-Hanger-with-Sleeve-for-Tubing-Dixon.jpg","datePublished":"2025-10-27T15:47:59+00:00","dateModified":"2026-03-17T13:24:19+00:00","description":"D\u00e9couvrez le crochet hexagonal polyvalent avec manchon pour tubes de Dixon, con\u00e7u pour les brasseries. Une installation adaptable, des mat\u00e9riaux personnalisables et une int\u00e9gration parfaite pour tous vos besoins en tuyauterie.","breadcrumb":{"@id":"https:\/\/www.zytho.ca\/fr\/produit\/crochet-hexagonal-avec-douille-pour-tube-dixon\/#breadcrumb"},"inLanguage":"fr-FR","potentialAction":[{"@type":"ReadAction","target":["https:\/\/www.zytho.ca\/fr\/produit\/crochet-hexagonal-avec-douille-pour-tube-dixon\/"]}]},{"@type":"ImageObject","inLanguage":"fr-FR","@id":"https:\/\/www.zytho.ca\/fr\/produit\/crochet-hexagonal-avec-douille-pour-tube-dixon\/#primaryimage","url":"https:\/\/www.zytho.ca\/wp-content\/uploads\/2025\/10\/Hex-Hanger-with-Sleeve-for-Tubing-Dixon.jpg","contentUrl":"https:\/\/www.zytho.ca\/wp-content\/uploads\/2025\/10\/Hex-Hanger-with-Sleeve-for-Tubing-Dixon.jpg","width":392,"height":392},{"@type":"BreadcrumbList","@id":"https:\/\/www.zytho.ca\/fr\/produit\/crochet-hexagonal-avec-douille-pour-tube-dixon\/#breadcrumb","itemListElement":[{"@type":"ListItem","position":1,"name":"Accueil","item":"https:\/\/www.zytho.ca\/fr\/"},{"@type":"ListItem","position":2,"name":"Shop","item":"https:\/\/www.zytho.ca\/fr\/shop\/"},{"@type":"ListItem","position":3,"name":"Crochet hexagonal avec douille pour tube &#8211; Dixon"}]},{"@type":"WebSite","@id":"https:\/\/www.zytho.ca\/fr\/#website","url":"https:\/\/www.zytho.ca\/fr\/","name":"Zytho","description":"","publisher":{"@id":"https:\/\/www.zytho.ca\/fr\/#organization"},"potentialAction":[{"@type":"SearchAction","target":{"@type":"EntryPoint","urlTemplate":"https:\/\/www.zytho.ca\/fr\/?s={search_term_string}"},"query-input":{"@type":"PropertyValueSpecification","valueRequired":true,"valueName":"search_term_string"}}],"inLanguage":"fr-FR"},{"@type":"Organization","@id":"https:\/\/www.zytho.ca\/fr\/#organization","name":"Zytho","url":"https:\/\/www.zytho.ca\/fr\/","logo":{"@type":"ImageObject","inLanguage":"fr-FR","@id":"https:\/\/www.zytho.ca\/fr\/#\/schema\/logo\/image\/","url":"https:\/\/www.zytho.ca\/wp-content\/uploads\/2024\/05\/Zytho_reversed_horizontal.svg","contentUrl":"https:\/\/www.zytho.ca\/wp-content\/uploads\/2024\/05\/Zytho_reversed_horizontal.svg","width":1582,"height":490,"caption":"Zytho"},"image":{"@id":"https:\/\/www.zytho.ca\/fr\/#\/schema\/logo\/image\/"}}]}},"_links":{"self":[{"href":"https:\/\/www.zytho.ca\/fr\/wp-json\/wp\/v2\/product\/12175","targetHints":{"allow":["GET"]}}],"collection":[{"href":"https:\/\/www.zytho.ca\/fr\/wp-json\/wp\/v2\/product"}],"about":[{"href":"https:\/\/www.zytho.ca\/fr\/wp-json\/wp\/v2\/types\/product"}],"wp:featuredmedia":[{"embeddable":true,"href":"https:\/\/www.zytho.ca\/fr\/wp-json\/wp\/v2\/media\/12177"}],"wp:attachment":[{"href":"https:\/\/www.zytho.ca\/fr\/wp-json\/wp\/v2\/media?parent=12175"}],"wp:term":[{"taxonomy":"product_brand","embeddable":true,"href":"https:\/\/www.zytho.ca\/fr\/wp-json\/wp\/v2\/product_brand?post=12175"},{"taxonomy":"product_cat","embeddable":true,"href":"https:\/\/www.zytho.ca\/fr\/wp-json\/wp\/v2\/product_cat?post=12175"},{"taxonomy":"product_tag","embeddable":true,"href":"https:\/\/www.zytho.ca\/fr\/wp-json\/wp\/v2\/product_tag?post=12175"}],"curies":[{"name":"wp","href":"https:\/\/api.w.org\/{rel}","templated":true}]}}