{"id":12127,"date":"2025-10-27T15:47:43","date_gmt":"2025-10-27T15:47:43","guid":{"rendered":"https:\/\/zytho.ca\/product\/gss-manometre-sec-en-acier-inoxydable-dixon\/"},"modified":"2025-10-30T12:58:23","modified_gmt":"2025-10-30T12:58:23","slug":"gss-manometre-sec-en-acier-inoxydable-dixon","status":"publish","type":"product","link":"https:\/\/www.zytho.ca\/fr\/produit\/gss-manometre-sec-en-acier-inoxydable-dixon\/","title":{"rendered":"GSS Manom\u00e8tre sec en acier inoxydable &#8211; Dixon"},"content":{"rendered":"<h6><strong>Avantages :<\/strong><\/h6>\n<ul>\n<li>Garantit des performances durables et une r\u00e9sistance \u00e0 la corrosion gr\u00e2ce \u00e0 sa conception de jauge scell\u00e9e en permanence.<\/li>\n<\/ul>\n<h6><strong>D\u00e9tails du produit :<\/strong><\/h6>\n<ul>\n<li>Pr\u00e9cision de \u00b11,6 % pour une face de 4 pouces<\/li>\n<li>Pr\u00e9cision de \u00b12-1-2% pour une face de 2,5 pouces<\/li>\n<\/ul>\n<h6><strong>Construction :<\/strong><\/h6>\n<ul>\n<li>Bo\u00eetier et bague de sertissage durables en acier inoxydable de la s\u00e9rie 304<\/li>\n<li>Fen\u00eatre robuste en polycarbonate<\/li>\n<li>Tube de bourdon et douille en acier inoxydable 316<\/li>\n<li>Connecteur en acier inoxydable 1\/4&#8243; NPT pour montage inf\u00e9rieur<\/li>\n<\/ul>\n<h6><strong>Brochure\/Litt\u00e9rature :<\/strong><\/h6>\n<ul>\n<li><a href=\"https:\/\/www.dixonvalve.com\/sites\/default\/files\/product\/files\/brochures-literature\/Inside%20Air%20Applications_2015.pdf\">Applications pour l&#8217;air int\u00e9rieur<\/a><\/li>\n<li><a href=\"https:\/\/www.dixonvalve.com\/sites\/default\/files\/product\/brochure-literature\/1342185577Gauges_2012_web_18.pdf\">Jauges et thermom\u00e8tres<\/a><\/li>\n<\/ul>\n<h6><strong>Page de catalogue :<\/strong><\/h6>\n<ul>\n<li><a href=\"https:\/\/www.dixonvalve.com\/sites\/default\/files\/product\/pages\/us\/DPL418%20-%20436.pdf\">DPL418 &#8211; 436<\/a><\/li>\n<\/ul>\n","protected":false},"excerpt":{"rendered":"<h4>Principaux avantages du manom\u00e8tre sec en acier inoxydable GSS pour les brasseurs professionnels :<\/h4>\n<ul>\n<li>Sa conception \u00e9tanche permanente garantit des performances durables et une r\u00e9sistance \u00e0 la corrosion.<\/li>\n<li>Offre des relev\u00e9s de pression pr\u00e9cis avec une pr\u00e9cision de \u00b11,6 % sur la face de 4 pouces et de \u00b12-1-2 % sur la face de 2,5 pouces.<\/li>\n<li>Construit avec des composants durables en acier inoxydable 304 et 316, id\u00e9al pour les environnements de brassage exigeants.<\/li>\n<\/ul>\n","protected":false},"featured_media":12135,"template":"","meta":{"_acf_changed":false,"inline_featured_image":false},"product_brand":[740],"product_cat":[736,866,867,741],"product_tag":[],"class_list":{"0":"post-12127","1":"product","2":"type-product","3":"status-publish","4":"has-post-thumbnail","6":"product_brand-dixon","7":"product_cat-distribution","8":"product_cat-instrumentation","9":"product_cat-linstrumentation","10":"product_cat-materiel","12":"first","13":"instock","14":"taxable","15":"shipping-taxable","16":"purchasable","17":"product-type-variable"},"acf":[],"yoast_head":"<!-- This site is optimized with the Yoast SEO plugin v27.6 - https:\/\/yoast.com\/product\/yoast-seo-wordpress\/ -->\n<title>GSS Manom\u00e8tre sec en acier inoxydable - Dixon - Pour brasseries professionnelles | Zytho<\/title>\n<meta name=\"description\" content=\"Am\u00e9liorez la pr\u00e9cision de votre brasserie avec le manom\u00e8tre sec en acier inoxydable GSS de Dixon. R\u00e9sistant \u00e0 la corrosion, pr\u00e9cis et durable pour des op\u00e9rations de brassage fiables.\" \/>\n<meta name=\"robots\" content=\"index, follow, max-snippet:-1, max-image-preview:large, max-video-preview:-1\" \/>\n<link rel=\"canonical\" href=\"https:\/\/www.zytho.ca\/fr\/produit\/gss-manometre-sec-en-acier-inoxydable-dixon\/\" \/>\n<meta property=\"og:locale\" content=\"fr_FR\" \/>\n<meta property=\"og:type\" content=\"article\" \/>\n<meta property=\"og:title\" content=\"GSS Manom\u00e8tre sec en acier inoxydable - Dixon - Pour brasseries professionnelles | Zytho\" \/>\n<meta property=\"og:description\" content=\"Am\u00e9liorez la pr\u00e9cision de votre brasserie avec le manom\u00e8tre sec en acier inoxydable GSS de Dixon. R\u00e9sistant \u00e0 la corrosion, pr\u00e9cis et durable pour des op\u00e9rations de brassage fiables.\" \/>\n<meta property=\"og:url\" content=\"https:\/\/www.zytho.ca\/fr\/produit\/gss-manometre-sec-en-acier-inoxydable-dixon\/\" \/>\n<meta property=\"og:site_name\" content=\"Zytho\" \/>\n<meta property=\"article:modified_time\" content=\"2025-10-30T12:58:23+00:00\" \/>\n<meta property=\"og:image\" content=\"https:\/\/www.zytho.ca\/wp-content\/uploads\/2025\/10\/GSS-Stainless-Steel-Dry-Pressure-Gauge-Dixon.jpg\" \/>\n\t<meta property=\"og:image:width\" content=\"248\" \/>\n\t<meta property=\"og:image:height\" content=\"248\" \/>\n\t<meta property=\"og:image:type\" content=\"image\/jpeg\" \/>\n<meta name=\"twitter:card\" content=\"summary_large_image\" \/>\n<script type=\"application\/ld+json\" class=\"yoast-schema-graph\">{\"@context\":\"https:\\\/\\\/schema.org\",\"@graph\":[{\"@type\":\"WebPage\",\"@id\":\"https:\\\/\\\/www.zytho.ca\\\/fr\\\/produit\\\/gss-manometre-sec-en-acier-inoxydable-dixon\\\/\",\"url\":\"https:\\\/\\\/www.zytho.ca\\\/fr\\\/produit\\\/gss-manometre-sec-en-acier-inoxydable-dixon\\\/\",\"name\":\"GSS Manom\u00e8tre sec en acier inoxydable - Dixon - Pour brasseries professionnelles | Zytho\",\"isPartOf\":{\"@id\":\"https:\\\/\\\/www.zytho.ca\\\/fr\\\/#website\"},\"primaryImageOfPage\":{\"@id\":\"https:\\\/\\\/www.zytho.ca\\\/fr\\\/produit\\\/gss-manometre-sec-en-acier-inoxydable-dixon\\\/#primaryimage\"},\"image\":{\"@id\":\"https:\\\/\\\/www.zytho.ca\\\/fr\\\/produit\\\/gss-manometre-sec-en-acier-inoxydable-dixon\\\/#primaryimage\"},\"thumbnailUrl\":\"https:\\\/\\\/www.zytho.ca\\\/wp-content\\\/uploads\\\/2025\\\/10\\\/GSS-Stainless-Steel-Dry-Pressure-Gauge-Dixon.jpg\",\"datePublished\":\"2025-10-27T15:47:43+00:00\",\"dateModified\":\"2025-10-30T12:58:23+00:00\",\"description\":\"Am\u00e9liorez la pr\u00e9cision de votre brasserie avec le manom\u00e8tre sec en acier inoxydable GSS de Dixon. R\u00e9sistant \u00e0 la corrosion, pr\u00e9cis et durable pour des op\u00e9rations de brassage fiables.\",\"breadcrumb\":{\"@id\":\"https:\\\/\\\/www.zytho.ca\\\/fr\\\/produit\\\/gss-manometre-sec-en-acier-inoxydable-dixon\\\/#breadcrumb\"},\"inLanguage\":\"fr-FR\",\"potentialAction\":[{\"@type\":\"ReadAction\",\"target\":[\"https:\\\/\\\/www.zytho.ca\\\/fr\\\/produit\\\/gss-manometre-sec-en-acier-inoxydable-dixon\\\/\"]}]},{\"@type\":\"ImageObject\",\"inLanguage\":\"fr-FR\",\"@id\":\"https:\\\/\\\/www.zytho.ca\\\/fr\\\/produit\\\/gss-manometre-sec-en-acier-inoxydable-dixon\\\/#primaryimage\",\"url\":\"https:\\\/\\\/www.zytho.ca\\\/wp-content\\\/uploads\\\/2025\\\/10\\\/GSS-Stainless-Steel-Dry-Pressure-Gauge-Dixon.jpg\",\"contentUrl\":\"https:\\\/\\\/www.zytho.ca\\\/wp-content\\\/uploads\\\/2025\\\/10\\\/GSS-Stainless-Steel-Dry-Pressure-Gauge-Dixon.jpg\",\"width\":248,\"height\":248},{\"@type\":\"BreadcrumbList\",\"@id\":\"https:\\\/\\\/www.zytho.ca\\\/fr\\\/produit\\\/gss-manometre-sec-en-acier-inoxydable-dixon\\\/#breadcrumb\",\"itemListElement\":[{\"@type\":\"ListItem\",\"position\":1,\"name\":\"Accueil\",\"item\":\"https:\\\/\\\/www.zytho.ca\\\/fr\\\/\"},{\"@type\":\"ListItem\",\"position\":2,\"name\":\"Shop\",\"item\":\"https:\\\/\\\/www.zytho.ca\\\/fr\\\/shop\\\/\"},{\"@type\":\"ListItem\",\"position\":3,\"name\":\"GSS Manom\u00e8tre sec en acier inoxydable &#8211; Dixon\"}]},{\"@type\":\"WebSite\",\"@id\":\"https:\\\/\\\/www.zytho.ca\\\/fr\\\/#website\",\"url\":\"https:\\\/\\\/www.zytho.ca\\\/fr\\\/\",\"name\":\"Zytho\",\"description\":\"\",\"publisher\":{\"@id\":\"https:\\\/\\\/www.zytho.ca\\\/fr\\\/#organization\"},\"potentialAction\":[{\"@type\":\"SearchAction\",\"target\":{\"@type\":\"EntryPoint\",\"urlTemplate\":\"https:\\\/\\\/www.zytho.ca\\\/fr\\\/?s={search_term_string}\"},\"query-input\":{\"@type\":\"PropertyValueSpecification\",\"valueRequired\":true,\"valueName\":\"search_term_string\"}}],\"inLanguage\":\"fr-FR\"},{\"@type\":\"Organization\",\"@id\":\"https:\\\/\\\/www.zytho.ca\\\/fr\\\/#organization\",\"name\":\"Zytho\",\"url\":\"https:\\\/\\\/www.zytho.ca\\\/fr\\\/\",\"logo\":{\"@type\":\"ImageObject\",\"inLanguage\":\"fr-FR\",\"@id\":\"https:\\\/\\\/www.zytho.ca\\\/fr\\\/#\\\/schema\\\/logo\\\/image\\\/\",\"url\":\"https:\\\/\\\/www.zytho.ca\\\/wp-content\\\/uploads\\\/2024\\\/05\\\/Zytho_reversed_horizontal.svg\",\"contentUrl\":\"https:\\\/\\\/www.zytho.ca\\\/wp-content\\\/uploads\\\/2024\\\/05\\\/Zytho_reversed_horizontal.svg\",\"width\":1582,\"height\":490,\"caption\":\"Zytho\"},\"image\":{\"@id\":\"https:\\\/\\\/www.zytho.ca\\\/fr\\\/#\\\/schema\\\/logo\\\/image\\\/\"}}]}<\/script>\n<!-- \/ Yoast SEO plugin. -->","yoast_head_json":{"title":"GSS Manom\u00e8tre sec en acier inoxydable - Dixon - Pour brasseries professionnelles | Zytho","description":"Am\u00e9liorez la pr\u00e9cision de votre brasserie avec le manom\u00e8tre sec en acier inoxydable GSS de Dixon. R\u00e9sistant \u00e0 la corrosion, pr\u00e9cis et durable pour des op\u00e9rations de brassage fiables.","robots":{"index":"index","follow":"follow","max-snippet":"max-snippet:-1","max-image-preview":"max-image-preview:large","max-video-preview":"max-video-preview:-1"},"canonical":"https:\/\/www.zytho.ca\/fr\/produit\/gss-manometre-sec-en-acier-inoxydable-dixon\/","og_locale":"fr_FR","og_type":"article","og_title":"GSS Manom\u00e8tre sec en acier inoxydable - Dixon - Pour brasseries professionnelles | Zytho","og_description":"Am\u00e9liorez la pr\u00e9cision de votre brasserie avec le manom\u00e8tre sec en acier inoxydable GSS de Dixon. R\u00e9sistant \u00e0 la corrosion, pr\u00e9cis et durable pour des op\u00e9rations de brassage fiables.","og_url":"https:\/\/www.zytho.ca\/fr\/produit\/gss-manometre-sec-en-acier-inoxydable-dixon\/","og_site_name":"Zytho","article_modified_time":"2025-10-30T12:58:23+00:00","og_image":[{"width":248,"height":248,"url":"https:\/\/www.zytho.ca\/wp-content\/uploads\/2025\/10\/GSS-Stainless-Steel-Dry-Pressure-Gauge-Dixon.jpg","type":"image\/jpeg"}],"twitter_card":"summary_large_image","schema":{"@context":"https:\/\/schema.org","@graph":[{"@type":"WebPage","@id":"https:\/\/www.zytho.ca\/fr\/produit\/gss-manometre-sec-en-acier-inoxydable-dixon\/","url":"https:\/\/www.zytho.ca\/fr\/produit\/gss-manometre-sec-en-acier-inoxydable-dixon\/","name":"GSS Manom\u00e8tre sec en acier inoxydable - Dixon - Pour brasseries professionnelles | Zytho","isPartOf":{"@id":"https:\/\/www.zytho.ca\/fr\/#website"},"primaryImageOfPage":{"@id":"https:\/\/www.zytho.ca\/fr\/produit\/gss-manometre-sec-en-acier-inoxydable-dixon\/#primaryimage"},"image":{"@id":"https:\/\/www.zytho.ca\/fr\/produit\/gss-manometre-sec-en-acier-inoxydable-dixon\/#primaryimage"},"thumbnailUrl":"https:\/\/www.zytho.ca\/wp-content\/uploads\/2025\/10\/GSS-Stainless-Steel-Dry-Pressure-Gauge-Dixon.jpg","datePublished":"2025-10-27T15:47:43+00:00","dateModified":"2025-10-30T12:58:23+00:00","description":"Am\u00e9liorez la pr\u00e9cision de votre brasserie avec le manom\u00e8tre sec en acier inoxydable GSS de Dixon. R\u00e9sistant \u00e0 la corrosion, pr\u00e9cis et durable pour des op\u00e9rations de brassage fiables.","breadcrumb":{"@id":"https:\/\/www.zytho.ca\/fr\/produit\/gss-manometre-sec-en-acier-inoxydable-dixon\/#breadcrumb"},"inLanguage":"fr-FR","potentialAction":[{"@type":"ReadAction","target":["https:\/\/www.zytho.ca\/fr\/produit\/gss-manometre-sec-en-acier-inoxydable-dixon\/"]}]},{"@type":"ImageObject","inLanguage":"fr-FR","@id":"https:\/\/www.zytho.ca\/fr\/produit\/gss-manometre-sec-en-acier-inoxydable-dixon\/#primaryimage","url":"https:\/\/www.zytho.ca\/wp-content\/uploads\/2025\/10\/GSS-Stainless-Steel-Dry-Pressure-Gauge-Dixon.jpg","contentUrl":"https:\/\/www.zytho.ca\/wp-content\/uploads\/2025\/10\/GSS-Stainless-Steel-Dry-Pressure-Gauge-Dixon.jpg","width":248,"height":248},{"@type":"BreadcrumbList","@id":"https:\/\/www.zytho.ca\/fr\/produit\/gss-manometre-sec-en-acier-inoxydable-dixon\/#breadcrumb","itemListElement":[{"@type":"ListItem","position":1,"name":"Accueil","item":"https:\/\/www.zytho.ca\/fr\/"},{"@type":"ListItem","position":2,"name":"Shop","item":"https:\/\/www.zytho.ca\/fr\/shop\/"},{"@type":"ListItem","position":3,"name":"GSS Manom\u00e8tre sec en acier inoxydable &#8211; Dixon"}]},{"@type":"WebSite","@id":"https:\/\/www.zytho.ca\/fr\/#website","url":"https:\/\/www.zytho.ca\/fr\/","name":"Zytho","description":"","publisher":{"@id":"https:\/\/www.zytho.ca\/fr\/#organization"},"potentialAction":[{"@type":"SearchAction","target":{"@type":"EntryPoint","urlTemplate":"https:\/\/www.zytho.ca\/fr\/?s={search_term_string}"},"query-input":{"@type":"PropertyValueSpecification","valueRequired":true,"valueName":"search_term_string"}}],"inLanguage":"fr-FR"},{"@type":"Organization","@id":"https:\/\/www.zytho.ca\/fr\/#organization","name":"Zytho","url":"https:\/\/www.zytho.ca\/fr\/","logo":{"@type":"ImageObject","inLanguage":"fr-FR","@id":"https:\/\/www.zytho.ca\/fr\/#\/schema\/logo\/image\/","url":"https:\/\/www.zytho.ca\/wp-content\/uploads\/2024\/05\/Zytho_reversed_horizontal.svg","contentUrl":"https:\/\/www.zytho.ca\/wp-content\/uploads\/2024\/05\/Zytho_reversed_horizontal.svg","width":1582,"height":490,"caption":"Zytho"},"image":{"@id":"https:\/\/www.zytho.ca\/fr\/#\/schema\/logo\/image\/"}}]}},"_links":{"self":[{"href":"https:\/\/www.zytho.ca\/fr\/wp-json\/wp\/v2\/product\/12127","targetHints":{"allow":["GET"]}}],"collection":[{"href":"https:\/\/www.zytho.ca\/fr\/wp-json\/wp\/v2\/product"}],"about":[{"href":"https:\/\/www.zytho.ca\/fr\/wp-json\/wp\/v2\/types\/product"}],"wp:featuredmedia":[{"embeddable":true,"href":"https:\/\/www.zytho.ca\/fr\/wp-json\/wp\/v2\/media\/12135"}],"wp:attachment":[{"href":"https:\/\/www.zytho.ca\/fr\/wp-json\/wp\/v2\/media?parent=12127"}],"wp:term":[{"taxonomy":"product_brand","embeddable":true,"href":"https:\/\/www.zytho.ca\/fr\/wp-json\/wp\/v2\/product_brand?post=12127"},{"taxonomy":"product_cat","embeddable":true,"href":"https:\/\/www.zytho.ca\/fr\/wp-json\/wp\/v2\/product_cat?post=12127"},{"taxonomy":"product_tag","embeddable":true,"href":"https:\/\/www.zytho.ca\/fr\/wp-json\/wp\/v2\/product_tag?post=12127"}],"curies":[{"name":"wp","href":"https:\/\/api.w.org\/{rel}","templated":true}]}}